{"id":14888,"date":"2025-03-04T16:29:06","date_gmt":"2025-03-04T16:29:06","guid":{"rendered":"https:\/\/turismobotanico.es\/?page_id=14888"},"modified":"2025-03-31T11:31:21","modified_gmt":"2025-03-31T11:31:21","slug":"politica-de-privacidad-y-aviso-legal","status":"publish","type":"page","link":"https:\/\/turismobotanico.es\/en\/politica-de-privacidad-y-aviso-legal\/","title":{"rendered":"Pol\u00edtica de privacidad y Aviso legal"},"content":{"rendered":"<style>.elementor-14888 .elementor-element.elementor-element-12c59b1{--display:flex;--min-height:134px;--flex-direction:column;--container-widget-width:calc( ( 1 - var( --container-widget-flex-grow ) ) * 100% );--container-widget-height:initial;--container-widget-flex-grow:0;--container-widget-align-self:initial;--flex-wrap-mobile:wrap;--justify-content:center;--align-items:center;}.elementor-14888 .elementor-element.elementor-element-12c59b1:not(.elementor-motion-effects-element-type-background), .elementor-14888 .elementor-element.elementor-element-12c59b1 > .elementor-motion-effects-container > .elementor-motion-effects-layer{background-color:#5E697F;}.elementor-14888 .elementor-element.elementor-element-8fc063c .elementor-heading-title{font-size:34px;color:#FFFFFF;}.elementor-14888 .elementor-element.elementor-element-c7e65fe{--display:flex;--flex-direction:column;--container-widget-width:100%;--container-widget-height:initial;--container-widget-flex-grow:0;--container-widget-align-self:initial;--flex-wrap-mobile:wrap;--padding-top:50px;--padding-bottom:50px;--padding-left:50px;--padding-right:50px;}.elementor-14888 .elementor-element.elementor-element-acff4d6{font-family:\"Oxygen\", Sans-serif;font-size:14px;}<\/style>\t\t<div data-elementor-type=\"wp-page\" data-elementor-id=\"14888\" class=\"elementor elementor-14888\" data-elementor-post-type=\"page\">\n\t\t\t\t<div class=\"elementor-element elementor-element-12c59b1 e-flex e-con-boxed e-con e-parent\" data-id=\"12c59b1\" data-element_type=\"container\" data-e-type=\"container\" data-settings=\"{&quot;background_background&quot;:&quot;classic&quot;}\">\n\t\t\t\t\t<div class=\"e-con-inner\">\n\t\t\t\t<div class=\"elementor-element elementor-element-8fc063c elementor-widget elementor-widget-heading\" data-id=\"8fc063c\" data-element_type=\"widget\" data-e-type=\"widget\" data-widget_type=\"heading.default\">\n\t\t\t\t<div class=\"elementor-widget-container\">\n\t\t\t\t\t<h2 class=\"elementor-heading-title elementor-size-default\">Pol\u00edtica de privacidad y Aviso legal<\/h2>\t\t\t\t<\/div>\n\t\t\t\t<\/div>\n\t\t\t\t\t<\/div>\n\t\t\t\t<\/div>\n\t\t<div class=\"elementor-element elementor-element-c7e65fe e-flex e-con-boxed e-con e-parent\" data-id=\"c7e65fe\" data-element_type=\"container\" data-e-type=\"container\">\n\t\t\t\t\t<div class=\"e-con-inner\">\n\t\t\t\t<div class=\"elementor-element elementor-element-acff4d6 elementor-widget elementor-widget-text-editor\" data-id=\"acff4d6\" data-element_type=\"widget\" data-e-type=\"widget\" data-widget_type=\"text-editor.default\">\n\t\t\t\t<div class=\"elementor-widget-container\">\n\t\t\t\t\t\t\t\t\t<p><b>AVISO LEGAL\u00a0<\/b><\/p><p align=\"JUSTIFY\">En cumplimiento de el nuevo Reglamento General de Protecci\u00f3n de Datos (Reglamento UE 2016\/679), le informamos que esta Web es propiedad de Turismo Bot\u00e1nico Sociedad Cooperativa, representante legal de la marca Turismo Bot\u00e1nico (en adelante\u00a0<b>Turismo Bot\u00e1nico<\/b>), con domicilio en Avenida de Santiago, 70; CP 30007 Murcia, Espa\u00f1a \u2013 CIF: F05548318. La marca TBEscapadas es una marca registrada y agencia de viajes minorista con el c\u00f3digo de identificaci\u00f3n C.I.MU.413m.<\/p><p><b>\u00bfQui\u00e9n es el responsable del tratamiento de sus datos personales?<\/b><br \/>El responsable del tratamiento de los datos ser\u00e1 V\u00edctor Manuel Zapata P\u00e9rez, con N.I.F 48493142B y domicilio sito en Calle Jose Mar\u00eda Pem\u00e1n N\u00ba7 3\u00ba IZQ, 30007 Murcia. (en adelante \u00abTurismo Bot\u00e1nico\u201d).<\/p><p><b>\u00bfCon qu\u00e9 finalidades se tratan sus datos personales?<\/b><br \/>En Turismo Bot\u00e1nico podemos tratar los datos personales recabados para las siguientes finalidades:<br \/>1. Contacto: gestionar los datos de los usuarios que contactan con Turismo Bot\u00e1nico a trav\u00e9s de los formularios de contacto y de reserva de actividades que Turismo Bot\u00e1nico pone a disposici\u00f3n del usuario. Asimismo, sus datos ser\u00e1n tratados con el fin de gestionar las consultas que usted nos haga llegar a trav\u00e9s de los canales habilitados a tal efecto en nuestra p\u00e1gina web.<br \/>2. Trabaja con nosotros: gestionar la recepci\u00f3n de su Curr\u00edculum Vitae, su candidatura, as\u00ed como los datos personales que en su caso se generen como consecuencia de la participaci\u00f3n en procesos de selecci\u00f3n, con la finalidad de analizar su perfil profesional y de posibilitarle la participaci\u00f3n en los procesos de selecci\u00f3n de personal organizados por Turismo Bot\u00e1nico a la vista de los puestos vacantes o de nueva creaci\u00f3n que se originen peri\u00f3dicamente, as\u00ed como tramitar su eventual incorporaci\u00f3n en plantilla de la Entidad.<br \/>3. Registro en el \u00e1rea de usuarios \u201cturismobotanico.es\u201d: gestionar su registro en la \u201cCuenta turismobotanico.es\u201d as\u00ed como los datos posteriores que se pudieran generar a trav\u00e9s del citado canal, con la finalidad de llevar a cabo una administraci\u00f3n general, mantenimiento, cumplimiento, desarrollo, control y gesti\u00f3n de las gestiones que usted realice a trav\u00e9s de su Cuenta turismobotanico.es, as\u00ed como de la gesti\u00f3n de su relaci\u00f3n con la Entidad.<br \/>4. Registro en actividades y concursos organizados por Turismo Bot\u00e1nico: Gestionar su registro y participaci\u00f3n en las diferentes actividades o concursos que Turismo Bot\u00e1nico organiza tanto para sus usuarios registrados como para cualquier persona que est\u00e9 interesada en participar.<br \/>5. Publicidad de productos y servicios propios: Turismo Bot\u00e1nico podr\u00e1 hacerle llegar, tanto a trav\u00e9s de correo postal, correo electr\u00f3nico, SMS y otros medios de comunicaci\u00f3n electr\u00f3nica, publicidad tanto de car\u00e1cter general como adaptada a sus caracter\u00edsticas de la propia Entidad, relacionada con nuestros propios productos.<br \/>6. Otros canales: podremos tambi\u00e9n recoger sus datos a trav\u00e9s de otros canales tales como tel\u00e9fono, correo electr\u00f3nico o redes sociales, en cuyo caso le informaremos sobre las finalidades para los que trataremos sus datos, y en su caso, recogeremos convenientemente su consentimiento en cada uno de dichos canales.<\/p><p><b>\u00bfQu\u00e9 datos tratamos y de qu\u00e9 fuente se obtienen?<\/b><br \/>Los datos tratados provienen de:<br \/>\u2022 Datos facilitados por usted, a trav\u00e9s de la cumplimentaci\u00f3n de los formularios a tal efecto habilitados.<br \/>\u2022 Datos derivados de la prestaci\u00f3n del servicio: de forma indirecta, al derivar de la propia prestaci\u00f3n del servicio y del mantenimiento de esta actividad. Dentro de esta categor\u00eda se incluyen los datos de navegaci\u00f3n a trav\u00e9s de la p\u00e1gina web.<br \/>\u2022 Datos obtenidos de estudios de marketing en los que usted haya aceptado participar y haya dado el consentimiento para ser utilizados.<\/p><p>En funci\u00f3n del servicio, los datos tratados abarcan la siguiente tipolog\u00eda:<br \/>\u2022 Datos identificativos (p.ej., nombre, apellidos, documento de identidad, direcci\u00f3n postal correo electr\u00f3nico, n\u00famero de tel\u00e9fono).<br \/>\u2022 Datos de las compras efectuadas por usted.<br \/>\u2022 Datos de informaci\u00f3n comercial (p.ej. intereses en determinados productos).<\/p><p><b>\u00bfCu\u00e1l es la legitimaci\u00f3n legal para el tratamiento de sus datos?<\/b><br \/>El tratamiento de sus datos relativos a \u201cContacto\u201d, \u201cRegistro en el \u00e1rea turismobotanico.es\u201d y \u201cpetici\u00f3n para la recepci\u00f3n de informaci\u00f3n (f\u00edsicamente en las actividades)\u201d as\u00ed como cualquier otro canal de comunicaci\u00f3n a su disposici\u00f3n, est\u00e1n basados en el mantenimiento de su solicitud y en su caso, para la prestaci\u00f3n de los servicios contratados. El tratamiento de sus datos relativos a \u201cTrabaja con nosotros\u201d, est\u00e1 basado en la remisi\u00f3n voluntaria de su Curr\u00edculum Vitae y su conservaci\u00f3n, en virtud del inter\u00e9s leg\u00edtimo.\u00a0<u>El env\u00edo de publicidad de productos propios<\/u>, podr\u00e1 estar basado en el inter\u00e9s leg\u00edtimo de Turismo Bot\u00e1nico, cuando las actividades\/productos ofertados est\u00e9n estrechamente relacionados con las actividades\/productos que usted ha adquirido en turismobotanico.es En el resto de supuestos, as\u00ed como cuando la publicidad sea de terceros, as\u00ed como en la realizaci\u00f3n de perfilado de sus compras para el env\u00edo de ofertas personalizadas, el tratamiento estar\u00e1 basado en el consentimiento que debidamente se le solicite.<\/p><p><b>\u00bfA qui\u00e9n se comunican tus datos?<\/b><br \/>Los datos personales tratados por Turismo Bot\u00e1nico para alcanzar las finalidades detalladas anteriormente no ser\u00e1n comunicados a terceros ajenos a la empresa.<\/p><p><b>\u00bfPor cu\u00e1nto tiempo conservaremos sus datos?<\/b><br \/>Los datos personales ser\u00e1n conservados el tiempo necesario para la prestaci\u00f3n del servicio o mientras no retire su consentimiento. Posteriormente, los datos ser\u00e1n suprimidos conforme a lo dispuesto en la normativa de protecci\u00f3n de datos lo que implica su bloqueo, estando disponibles tan solo a solicitud de Jueces y tribunales, el Ministerio Fiscal o las Administraciones P\u00fablicas competentes durante el plazo de prescripci\u00f3n de las acciones que pudieran derivar y, transcurrido \u00e9ste, su completa eliminaci\u00f3n.<\/p><p><b>\u00bfCu\u00e1les son sus derechos?<\/b>\u00a0Cualquier interesado tiene derecho a obtener confirmaci\u00f3n sobre si en Turismo Bot\u00e1nico estamos tratando datos personales que les conciernen, o no. Del mismo modo, tal y como queda previsto en el Reglamento General de Protecci\u00f3n de Datos, usted tiene los siguientes derechos:<br \/>\u2022 Acceder a sus datos: tiene derecho a acceder a sus datos para conocer qu\u00e9 datos personales estamos tratando que le conciernen.<br \/>\u2022 Solicitar la rectificaci\u00f3n o supresi\u00f3n de sus datos: en determinadas circunstancias, usted tiene derecho a rectificar aquellos datos personales que considere inexactos y que le conciernan, y que sean objeto de tratamiento por parte de Turismo Bot\u00e1nico o incluso, a solicitar su supresi\u00f3n cuando, entre otros motivos, los datos ya no fueran necesarios para los fines que fueron recogidos.<br \/>\u2022 Solicitar la limitaci\u00f3n del tratamiento de sus datos: en determinadas circunstancias, usted tendr\u00e1 derecho a solicitarnos la limitaci\u00f3n del tratamiento de sus datos, en cuyo caso le informamos que \u00fanicamente los conservaremos para el ejercicio o defensa de reclamaciones tal y como queda previsto en el Reglamento General de Protecci\u00f3n de Datos.<br \/>\u2022 A la portabilidad de sus datos: en determinadas circunstancias, usted tendr\u00e1 derecho a recibir los datos personales que le incumban, y que nos haya facilitado, en un formato estructurado de uso com\u00fan y lectura mec\u00e1nica, y a transmitirlos a otro responsable del tratamiento.<br \/>\u2022 Oponerse al tratamiento de sus datos: en determinadas circunstancias y por motivos relacionados con su situaci\u00f3n particular, usted tendr\u00e1 derecho a oponerse al tratamiento de sus datos en cuyo caso, dejar\u00edamos de tratarlos salvo que, por motivos leg\u00edtimos imperiosos, o el ejercicio o la defensa de posibles reclamaciones.<\/p><p>Asimismo, tiene derecho, en cualquier momento, a oponerse al env\u00edo de publicidad por medios electr\u00f3nicos que le enviemos, tanto propia como de terceros, y retirar cualquiera de sus consentimientos, sin que ello afecte a la licitud del tratamiento basado en el consentimiento previo a su retirada. Podr\u00e1 ejercer los derechos anteriormente descritos, mediante correo electr\u00f3nico enviado a contacto@turismobotanico.es indicando en el asunto \u201cProtecci\u00f3n de Datos. Finalmente, le indicamos que puede presentar una reclamaci\u00f3n ante la Agencia Espa\u00f1ola de Protecci\u00f3n de Datos, especialmente cuando no haya obtenido satisfacci\u00f3n en el ejercicio de sus derechos. Puede ponerse en contacto a trav\u00e9s de su p\u00e1gina web:\u00a0<a href=\"https:\/\/www.agpd.es\/\">www.agpd.es<\/a>.<\/p>\t\t\t\t\t\t\t\t<\/div>\n\t\t\t\t<\/div>\n\t\t\t\t\t<\/div>\n\t\t\t\t<\/div>\n\t\t\t\t<\/div>","protected":false},"excerpt":{"rendered":"<p>Pol\u00edtica de privacidad y Aviso legal AVISO LEGAL\u00a0 En cumplimiento de el nuevo Reglamento General de Protecci\u00f3n de Datos (Reglamento UE 2016\/679), le informamos que esta Web es propiedad de [&hellip;]<\/p>\n","protected":false},"author":1,"featured_media":14508,"parent":0,"menu_order":0,"comment_status":"closed","ping_status":"closed","template":"elementor_header_footer","meta":{"footnotes":""},"class_list":["post-14888","page","type-page","status-publish","has-post-thumbnail","hentry"],"yoast_head":"<!-- This site is optimized with the Yoast SEO plugin v27.4 - https:\/\/yoast.com\/product\/yoast-seo-wordpress\/ -->\n<title>Pol\u00edtica de privacidad y Aviso legal - Turismo Bot\u00e1nico<\/title>\n<meta name=\"robots\" content=\"index, follow, max-snippet:-1, max-image-preview:large, max-video-preview:-1\" \/>\n<link rel=\"canonical\" href=\"https:\/\/turismobotanico.es\/en\/politica-de-privacidad-y-aviso-legal\/\" \/>\n<meta property=\"og:locale\" content=\"en_US\" \/>\n<meta property=\"og:type\" content=\"article\" \/>\n<meta property=\"og:title\" content=\"Pol\u00edtica de privacidad y Aviso legal - Turismo Bot\u00e1nico\" \/>\n<meta property=\"og:description\" content=\"Pol\u00edtica de privacidad y Aviso legal AVISO LEGAL\u00a0 En cumplimiento de el nuevo Reglamento General de Protecci\u00f3n de Datos (Reglamento UE 2016\/679), le informamos que esta Web es propiedad de [&hellip;]\" \/>\n<meta property=\"og:url\" content=\"https:\/\/turismobotanico.es\/en\/politica-de-privacidad-y-aviso-legal\/\" \/>\n<meta property=\"og:site_name\" content=\"Turismo Bot\u00e1nico\" \/>\n<meta property=\"article:modified_time\" content=\"2025-03-31T11:31:21+00:00\" \/>\n<meta property=\"og:image\" content=\"https:\/\/turismobotanico.es\/wp-content\/uploads\/2022\/04\/Albacete2.jpg\" \/>\n\t<meta property=\"og:image:width\" content=\"1920\" \/>\n\t<meta property=\"og:image:height\" content=\"1280\" \/>\n\t<meta property=\"og:image:type\" content=\"image\/jpeg\" \/>\n<meta name=\"twitter:card\" content=\"summary_large_image\" \/>\n<meta name=\"twitter:label1\" content=\"Est. reading time\" \/>\n\t<meta name=\"twitter:data1\" content=\"7 minutes\" \/>\n<script type=\"application\/ld+json\" class=\"yoast-schema-graph\">{\"@context\":\"https:\\\/\\\/schema.org\",\"@graph\":[{\"@type\":\"WebPage\",\"@id\":\"https:\\\/\\\/turismobotanico.es\\\/politica-de-privacidad-y-aviso-legal\\\/\",\"url\":\"https:\\\/\\\/turismobotanico.es\\\/politica-de-privacidad-y-aviso-legal\\\/\",\"name\":\"Pol\u00edtica de privacidad y Aviso legal - Turismo Bot\u00e1nico\",\"isPartOf\":{\"@id\":\"https:\\\/\\\/turismobotanico.es\\\/#website\"},\"primaryImageOfPage\":{\"@id\":\"https:\\\/\\\/turismobotanico.es\\\/politica-de-privacidad-y-aviso-legal\\\/#primaryimage\"},\"image\":{\"@id\":\"https:\\\/\\\/turismobotanico.es\\\/politica-de-privacidad-y-aviso-legal\\\/#primaryimage\"},\"thumbnailUrl\":\"https:\\\/\\\/turismobotanico.es\\\/wp-content\\\/uploads\\\/2022\\\/04\\\/Albacete2.jpg\",\"datePublished\":\"2025-03-04T16:29:06+00:00\",\"dateModified\":\"2025-03-31T11:31:21+00:00\",\"breadcrumb\":{\"@id\":\"https:\\\/\\\/turismobotanico.es\\\/politica-de-privacidad-y-aviso-legal\\\/#breadcrumb\"},\"inLanguage\":\"en-US\",\"potentialAction\":[{\"@type\":\"ReadAction\",\"target\":[\"https:\\\/\\\/turismobotanico.es\\\/politica-de-privacidad-y-aviso-legal\\\/\"]}]},{\"@type\":\"ImageObject\",\"inLanguage\":\"en-US\",\"@id\":\"https:\\\/\\\/turismobotanico.es\\\/politica-de-privacidad-y-aviso-legal\\\/#primaryimage\",\"url\":\"https:\\\/\\\/turismobotanico.es\\\/wp-content\\\/uploads\\\/2022\\\/04\\\/Albacete2.jpg\",\"contentUrl\":\"https:\\\/\\\/turismobotanico.es\\\/wp-content\\\/uploads\\\/2022\\\/04\\\/Albacete2.jpg\",\"width\":1920,\"height\":1280,\"caption\":\"Alcaraz\"},{\"@type\":\"BreadcrumbList\",\"@id\":\"https:\\\/\\\/turismobotanico.es\\\/politica-de-privacidad-y-aviso-legal\\\/#breadcrumb\",\"itemListElement\":[{\"@type\":\"ListItem\",\"position\":1,\"name\":\"Portada\",\"item\":\"https:\\\/\\\/turismobotanico.es\\\/\"},{\"@type\":\"ListItem\",\"position\":2,\"name\":\"Pol\u00edtica de privacidad y Aviso legal\"}]},{\"@type\":\"WebSite\",\"@id\":\"https:\\\/\\\/turismobotanico.es\\\/#website\",\"url\":\"https:\\\/\\\/turismobotanico.es\\\/\",\"name\":\"Turismo Bot\u00e1nico\",\"description\":\"Turismo de naturaleza\",\"potentialAction\":[{\"@type\":\"SearchAction\",\"target\":{\"@type\":\"EntryPoint\",\"urlTemplate\":\"https:\\\/\\\/turismobotanico.es\\\/?s={search_term_string}\"},\"query-input\":{\"@type\":\"PropertyValueSpecification\",\"valueRequired\":true,\"valueName\":\"search_term_string\"}}],\"inLanguage\":\"en-US\"}]}<\/script>\n<!-- \/ Yoast SEO plugin. -->","yoast_head_json":{"title":"Pol\u00edtica de privacidad y Aviso legal - Turismo Bot\u00e1nico","robots":{"index":"index","follow":"follow","max-snippet":"max-snippet:-1","max-image-preview":"max-image-preview:large","max-video-preview":"max-video-preview:-1"},"canonical":"https:\/\/turismobotanico.es\/en\/politica-de-privacidad-y-aviso-legal\/","og_locale":"en_US","og_type":"article","og_title":"Pol\u00edtica de privacidad y Aviso legal - Turismo Bot\u00e1nico","og_description":"Pol\u00edtica de privacidad y Aviso legal AVISO LEGAL\u00a0 En cumplimiento de el nuevo Reglamento General de Protecci\u00f3n de Datos (Reglamento UE 2016\/679), le informamos que esta Web es propiedad de [&hellip;]","og_url":"https:\/\/turismobotanico.es\/en\/politica-de-privacidad-y-aviso-legal\/","og_site_name":"Turismo Bot\u00e1nico","article_modified_time":"2025-03-31T11:31:21+00:00","og_image":[{"width":1920,"height":1280,"url":"https:\/\/turismobotanico.es\/wp-content\/uploads\/2022\/04\/Albacete2.jpg","type":"image\/jpeg"}],"twitter_card":"summary_large_image","twitter_misc":{"Est. reading time":"7 minutes"},"schema":{"@context":"https:\/\/schema.org","@graph":[{"@type":"WebPage","@id":"https:\/\/turismobotanico.es\/politica-de-privacidad-y-aviso-legal\/","url":"https:\/\/turismobotanico.es\/politica-de-privacidad-y-aviso-legal\/","name":"Pol\u00edtica de privacidad y Aviso legal - Turismo Bot\u00e1nico","isPartOf":{"@id":"https:\/\/turismobotanico.es\/#website"},"primaryImageOfPage":{"@id":"https:\/\/turismobotanico.es\/politica-de-privacidad-y-aviso-legal\/#primaryimage"},"image":{"@id":"https:\/\/turismobotanico.es\/politica-de-privacidad-y-aviso-legal\/#primaryimage"},"thumbnailUrl":"https:\/\/turismobotanico.es\/wp-content\/uploads\/2022\/04\/Albacete2.jpg","datePublished":"2025-03-04T16:29:06+00:00","dateModified":"2025-03-31T11:31:21+00:00","breadcrumb":{"@id":"https:\/\/turismobotanico.es\/politica-de-privacidad-y-aviso-legal\/#breadcrumb"},"inLanguage":"en-US","potentialAction":[{"@type":"ReadAction","target":["https:\/\/turismobotanico.es\/politica-de-privacidad-y-aviso-legal\/"]}]},{"@type":"ImageObject","inLanguage":"en-US","@id":"https:\/\/turismobotanico.es\/politica-de-privacidad-y-aviso-legal\/#primaryimage","url":"https:\/\/turismobotanico.es\/wp-content\/uploads\/2022\/04\/Albacete2.jpg","contentUrl":"https:\/\/turismobotanico.es\/wp-content\/uploads\/2022\/04\/Albacete2.jpg","width":1920,"height":1280,"caption":"Alcaraz"},{"@type":"BreadcrumbList","@id":"https:\/\/turismobotanico.es\/politica-de-privacidad-y-aviso-legal\/#breadcrumb","itemListElement":[{"@type":"ListItem","position":1,"name":"Portada","item":"https:\/\/turismobotanico.es\/"},{"@type":"ListItem","position":2,"name":"Pol\u00edtica de privacidad y Aviso legal"}]},{"@type":"WebSite","@id":"https:\/\/turismobotanico.es\/#website","url":"https:\/\/turismobotanico.es\/","name":"Turismo Bot\u00e1nico","description":"Turismo de naturaleza","potentialAction":[{"@type":"SearchAction","target":{"@type":"EntryPoint","urlTemplate":"https:\/\/turismobotanico.es\/?s={search_term_string}"},"query-input":{"@type":"PropertyValueSpecification","valueRequired":true,"valueName":"search_term_string"}}],"inLanguage":"en-US"}]}},"_links":{"self":[{"href":"https:\/\/turismobotanico.es\/en\/wp-json\/wp\/v2\/pages\/14888","targetHints":{"allow":["GET"]}}],"collection":[{"href":"https:\/\/turismobotanico.es\/en\/wp-json\/wp\/v2\/pages"}],"about":[{"href":"https:\/\/turismobotanico.es\/en\/wp-json\/wp\/v2\/types\/page"}],"author":[{"embeddable":true,"href":"https:\/\/turismobotanico.es\/en\/wp-json\/wp\/v2\/users\/1"}],"replies":[{"embeddable":true,"href":"https:\/\/turismobotanico.es\/en\/wp-json\/wp\/v2\/comments?post=14888"}],"version-history":[{"count":23,"href":"https:\/\/turismobotanico.es\/en\/wp-json\/wp\/v2\/pages\/14888\/revisions"}],"predecessor-version":[{"id":15431,"href":"https:\/\/turismobotanico.es\/en\/wp-json\/wp\/v2\/pages\/14888\/revisions\/15431"}],"wp:featuredmedia":[{"embeddable":true,"href":"https:\/\/turismobotanico.es\/en\/wp-json\/wp\/v2\/media\/14508"}],"wp:attachment":[{"href":"https:\/\/turismobotanico.es\/en\/wp-json\/wp\/v2\/media?parent=14888"}],"curies":[{"name":"wp","href":"https:\/\/api.w.org\/{rel}","templated":true}]}}