{"id":14922,"date":"2025-03-04T16:39:37","date_gmt":"2025-03-04T16:39:37","guid":{"rendered":"https:\/\/turismobotanico.es\/?page_id=14922"},"modified":"2025-03-31T11:21:45","modified_gmt":"2025-03-31T11:21:45","slug":"trabaja-con-nosotros","status":"publish","type":"page","link":"https:\/\/turismobotanico.es\/en\/trabaja-con-nosotros\/","title":{"rendered":"Trabaja con nosotros"},"content":{"rendered":"<style>.elementor-14922 .elementor-element.elementor-element-ff6ba8d{--display:flex;--min-height:134px;--flex-direction:column;--container-widget-width:100%;--container-widget-height:initial;--container-widget-flex-grow:0;--container-widget-align-self:initial;--flex-wrap-mobile:wrap;--justify-content:center;--margin-top:0px;--margin-bottom:0px;--margin-left:0px;--margin-right:0px;}.elementor-14922 .elementor-element.elementor-element-ff6ba8d:not(.elementor-motion-effects-element-type-background), .elementor-14922 .elementor-element.elementor-element-ff6ba8d > .elementor-motion-effects-container > .elementor-motion-effects-layer{background-color:#5E697F;}.elementor-14922 .elementor-element.elementor-element-01b26d6{text-align:center;}.elementor-14922 .elementor-element.elementor-element-01b26d6 .elementor-heading-title{font-size:34px;color:#FFFFFF;}.elementor-14922 .elementor-element.elementor-element-c7e65fe{--display:flex;--flex-direction:column;--container-widget-width:100%;--container-widget-height:initial;--container-widget-flex-grow:0;--container-widget-align-self:initial;--flex-wrap-mobile:wrap;--padding-top:50px;--padding-bottom:50px;--padding-left:50px;--padding-right:50px;}<\/style>\t\t<div data-elementor-type=\"wp-page\" data-elementor-id=\"14922\" class=\"elementor elementor-14922\" data-elementor-post-type=\"page\">\n\t\t\t\t<div class=\"elementor-element elementor-element-ff6ba8d e-flex e-con-boxed e-con e-parent\" data-id=\"ff6ba8d\" data-element_type=\"container\" data-e-type=\"container\" data-settings=\"{&quot;background_background&quot;:&quot;classic&quot;}\">\n\t\t\t\t\t<div class=\"e-con-inner\">\n\t\t\t\t<div class=\"elementor-element elementor-element-01b26d6 elementor-widget elementor-widget-heading\" data-id=\"01b26d6\" data-element_type=\"widget\" data-e-type=\"widget\" data-widget_type=\"heading.default\">\n\t\t\t\t<div class=\"elementor-widget-container\">\n\t\t\t\t\t<h2 class=\"elementor-heading-title elementor-size-default\">Trabaja con nosotros<\/h2>\t\t\t\t<\/div>\n\t\t\t\t<\/div>\n\t\t\t\t\t<\/div>\n\t\t\t\t<\/div>\n\t\t<div class=\"elementor-element elementor-element-c7e65fe e-flex e-con-boxed e-con e-parent\" data-id=\"c7e65fe\" data-element_type=\"container\" data-e-type=\"container\">\n\t\t\t\t\t<div class=\"e-con-inner\">\n\t\t\t\t<div class=\"elementor-element elementor-element-acff4d6 elementor-widget elementor-widget-text-editor\" data-id=\"acff4d6\" data-element_type=\"widget\" data-e-type=\"widget\" data-widget_type=\"text-editor.default\">\n\t\t\t\t<div class=\"elementor-widget-container\">\n\t\t\t\t\t\t\t\t\t<p>Con sede en la ciudad de Murcia,\u00a0<b>Turismo Bot\u00e1nico\u00a0<\/b>nace en 2016 como un emprendimiento ambiental que busca ser una plataforma de posibilidades para viajar por el maravilloso mundo de las plantas. A lo largo de Espa\u00f1a, contamos con un equipo interdisciplinario de apasionados por la bot\u00e1nica, que estamos encantados de darle voz al mundo vegetal generando experiencias inolvidables en la naturaleza.<\/p><p><b>Turismo Bot\u00e1nico\u00a0<\/b>inici\u00f3 como una p\u00e1gina web que contaba \u00fanicamente con la informaci\u00f3n de los m\u00e1s de 100 jardines y colecciones bot\u00e1nicas de Espa\u00f1a. De manera, que fuera una gu\u00eda \u00fatil para todos aquellos interesados en recorrer el pa\u00eds y visitar aquellos rincones llenos de exuberantes historias y maravillas vegetales.<\/p><p>En la actualidad,\u00a0<b>Turismo Bot\u00e1nico\u00a0<\/b>sigue brindando una gu\u00eda para conocer la oferta de jardines y colecciones bot\u00e1nicas de Espa\u00f1a, pero adem\u00e1s cuenta con una importante oferta de rutas de la naturaleza orientadas por apasionados educadores locales en diferentes parajes naturales del pa\u00eds.<\/p><p>A futuro,\u00a0<b>Turismo Bot\u00e1nico\u00a0<\/b>impulsar\u00e1 nuevas formas de disfrutar, aprender y viajar por el mundo de las plantas. De manera que se consolide como una de las mejores experiencias de turismo en la naturaleza, convirti\u00e9ndose en todo un referente del turismo bot\u00e1nico.<\/p><p>\u00a1Estamos comprometidos con generar una relaci\u00f3n con la naturaleza ambientalmente sostenible que haga compatible el disfrute de la misma con la conservaci\u00f3n de nuestro patrimonio natural y cultural!<\/p><p>\u00a1Buscamos ser una red de aliados interesados en trasmitir de forma innovadora nuestro amor por las plantas a trav\u00e9s de la historia, el arte, la l\u00fadica y la ciencia!<\/p><p>\u00bfTe interesa? \u00bfTe sientes identificado? Estamos deseosos de conocerte. Cont\u00e1ctanos enviando tu CV turismobotanico@gmail.com<\/p>\t\t\t\t\t\t\t\t<\/div>\n\t\t\t\t<\/div>\n\t\t\t\t\t<\/div>\n\t\t\t\t<\/div>\n\t\t\t\t<\/div>","protected":false},"excerpt":{"rendered":"<p>Trabaja con nosotros Con sede en la ciudad de Murcia,\u00a0Turismo Bot\u00e1nico\u00a0nace en 2016 como un emprendimiento ambiental que busca ser una plataforma de posibilidades para viajar por el maravilloso mundo [&hellip;]<\/p>\n","protected":false},"author":1,"featured_media":14508,"parent":0,"menu_order":0,"comment_status":"closed","ping_status":"closed","template":"elementor_header_footer","meta":{"footnotes":""},"class_list":["post-14922","page","type-page","status-publish","has-post-thumbnail","hentry"],"yoast_head":"<!-- This site is optimized with the Yoast SEO plugin v27.4 - https:\/\/yoast.com\/product\/yoast-seo-wordpress\/ -->\n<title>Trabaja con nosotros - Turismo Bot\u00e1nico<\/title>\n<meta name=\"robots\" content=\"index, follow, max-snippet:-1, max-image-preview:large, max-video-preview:-1\" \/>\n<link rel=\"canonical\" href=\"https:\/\/turismobotanico.es\/en\/trabaja-con-nosotros\/\" \/>\n<meta property=\"og:locale\" content=\"en_US\" \/>\n<meta property=\"og:type\" content=\"article\" \/>\n<meta property=\"og:title\" content=\"Trabaja con nosotros - Turismo Bot\u00e1nico\" \/>\n<meta property=\"og:description\" content=\"Trabaja con nosotros Con sede en la ciudad de Murcia,\u00a0Turismo Bot\u00e1nico\u00a0nace en 2016 como un emprendimiento ambiental que busca ser una plataforma de posibilidades para viajar por el maravilloso mundo [&hellip;]\" \/>\n<meta property=\"og:url\" content=\"https:\/\/turismobotanico.es\/en\/trabaja-con-nosotros\/\" \/>\n<meta property=\"og:site_name\" content=\"Turismo Bot\u00e1nico\" \/>\n<meta property=\"article:modified_time\" content=\"2025-03-31T11:21:45+00:00\" \/>\n<meta property=\"og:image\" content=\"https:\/\/turismobotanico.es\/wp-content\/uploads\/2022\/04\/Albacete2.jpg\" \/>\n\t<meta property=\"og:image:width\" content=\"1920\" \/>\n\t<meta property=\"og:image:height\" content=\"1280\" \/>\n\t<meta property=\"og:image:type\" content=\"image\/jpeg\" \/>\n<meta name=\"twitter:card\" content=\"summary_large_image\" \/>\n<meta name=\"twitter:label1\" content=\"Est. reading time\" \/>\n\t<meta name=\"twitter:data1\" content=\"1 minute\" \/>\n<script type=\"application\/ld+json\" class=\"yoast-schema-graph\">{\"@context\":\"https:\\\/\\\/schema.org\",\"@graph\":[{\"@type\":\"WebPage\",\"@id\":\"https:\\\/\\\/turismobotanico.es\\\/trabaja-con-nosotros\\\/\",\"url\":\"https:\\\/\\\/turismobotanico.es\\\/trabaja-con-nosotros\\\/\",\"name\":\"Trabaja con nosotros - Turismo Bot\u00e1nico\",\"isPartOf\":{\"@id\":\"https:\\\/\\\/turismobotanico.es\\\/#website\"},\"primaryImageOfPage\":{\"@id\":\"https:\\\/\\\/turismobotanico.es\\\/trabaja-con-nosotros\\\/#primaryimage\"},\"image\":{\"@id\":\"https:\\\/\\\/turismobotanico.es\\\/trabaja-con-nosotros\\\/#primaryimage\"},\"thumbnailUrl\":\"https:\\\/\\\/turismobotanico.es\\\/wp-content\\\/uploads\\\/2022\\\/04\\\/Albacete2.jpg\",\"datePublished\":\"2025-03-04T16:39:37+00:00\",\"dateModified\":\"2025-03-31T11:21:45+00:00\",\"breadcrumb\":{\"@id\":\"https:\\\/\\\/turismobotanico.es\\\/trabaja-con-nosotros\\\/#breadcrumb\"},\"inLanguage\":\"en-US\",\"potentialAction\":[{\"@type\":\"ReadAction\",\"target\":[\"https:\\\/\\\/turismobotanico.es\\\/trabaja-con-nosotros\\\/\"]}]},{\"@type\":\"ImageObject\",\"inLanguage\":\"en-US\",\"@id\":\"https:\\\/\\\/turismobotanico.es\\\/trabaja-con-nosotros\\\/#primaryimage\",\"url\":\"https:\\\/\\\/turismobotanico.es\\\/wp-content\\\/uploads\\\/2022\\\/04\\\/Albacete2.jpg\",\"contentUrl\":\"https:\\\/\\\/turismobotanico.es\\\/wp-content\\\/uploads\\\/2022\\\/04\\\/Albacete2.jpg\",\"width\":1920,\"height\":1280,\"caption\":\"Alcaraz\"},{\"@type\":\"BreadcrumbList\",\"@id\":\"https:\\\/\\\/turismobotanico.es\\\/trabaja-con-nosotros\\\/#breadcrumb\",\"itemListElement\":[{\"@type\":\"ListItem\",\"position\":1,\"name\":\"Portada\",\"item\":\"https:\\\/\\\/turismobotanico.es\\\/\"},{\"@type\":\"ListItem\",\"position\":2,\"name\":\"Trabaja con nosotros\"}]},{\"@type\":\"WebSite\",\"@id\":\"https:\\\/\\\/turismobotanico.es\\\/#website\",\"url\":\"https:\\\/\\\/turismobotanico.es\\\/\",\"name\":\"Turismo Bot\u00e1nico\",\"description\":\"Turismo de naturaleza\",\"potentialAction\":[{\"@type\":\"SearchAction\",\"target\":{\"@type\":\"EntryPoint\",\"urlTemplate\":\"https:\\\/\\\/turismobotanico.es\\\/?s={search_term_string}\"},\"query-input\":{\"@type\":\"PropertyValueSpecification\",\"valueRequired\":true,\"valueName\":\"search_term_string\"}}],\"inLanguage\":\"en-US\"}]}<\/script>\n<!-- \/ Yoast SEO plugin. -->","yoast_head_json":{"title":"Trabaja con nosotros - Turismo Bot\u00e1nico","robots":{"index":"index","follow":"follow","max-snippet":"max-snippet:-1","max-image-preview":"max-image-preview:large","max-video-preview":"max-video-preview:-1"},"canonical":"https:\/\/turismobotanico.es\/en\/trabaja-con-nosotros\/","og_locale":"en_US","og_type":"article","og_title":"Trabaja con nosotros - Turismo Bot\u00e1nico","og_description":"Trabaja con nosotros Con sede en la ciudad de Murcia,\u00a0Turismo Bot\u00e1nico\u00a0nace en 2016 como un emprendimiento ambiental que busca ser una plataforma de posibilidades para viajar por el maravilloso mundo [&hellip;]","og_url":"https:\/\/turismobotanico.es\/en\/trabaja-con-nosotros\/","og_site_name":"Turismo Bot\u00e1nico","article_modified_time":"2025-03-31T11:21:45+00:00","og_image":[{"width":1920,"height":1280,"url":"https:\/\/turismobotanico.es\/wp-content\/uploads\/2022\/04\/Albacete2.jpg","type":"image\/jpeg"}],"twitter_card":"summary_large_image","twitter_misc":{"Est. reading time":"1 minute"},"schema":{"@context":"https:\/\/schema.org","@graph":[{"@type":"WebPage","@id":"https:\/\/turismobotanico.es\/trabaja-con-nosotros\/","url":"https:\/\/turismobotanico.es\/trabaja-con-nosotros\/","name":"Trabaja con nosotros - Turismo Bot\u00e1nico","isPartOf":{"@id":"https:\/\/turismobotanico.es\/#website"},"primaryImageOfPage":{"@id":"https:\/\/turismobotanico.es\/trabaja-con-nosotros\/#primaryimage"},"image":{"@id":"https:\/\/turismobotanico.es\/trabaja-con-nosotros\/#primaryimage"},"thumbnailUrl":"https:\/\/turismobotanico.es\/wp-content\/uploads\/2022\/04\/Albacete2.jpg","datePublished":"2025-03-04T16:39:37+00:00","dateModified":"2025-03-31T11:21:45+00:00","breadcrumb":{"@id":"https:\/\/turismobotanico.es\/trabaja-con-nosotros\/#breadcrumb"},"inLanguage":"en-US","potentialAction":[{"@type":"ReadAction","target":["https:\/\/turismobotanico.es\/trabaja-con-nosotros\/"]}]},{"@type":"ImageObject","inLanguage":"en-US","@id":"https:\/\/turismobotanico.es\/trabaja-con-nosotros\/#primaryimage","url":"https:\/\/turismobotanico.es\/wp-content\/uploads\/2022\/04\/Albacete2.jpg","contentUrl":"https:\/\/turismobotanico.es\/wp-content\/uploads\/2022\/04\/Albacete2.jpg","width":1920,"height":1280,"caption":"Alcaraz"},{"@type":"BreadcrumbList","@id":"https:\/\/turismobotanico.es\/trabaja-con-nosotros\/#breadcrumb","itemListElement":[{"@type":"ListItem","position":1,"name":"Portada","item":"https:\/\/turismobotanico.es\/"},{"@type":"ListItem","position":2,"name":"Trabaja con nosotros"}]},{"@type":"WebSite","@id":"https:\/\/turismobotanico.es\/#website","url":"https:\/\/turismobotanico.es\/","name":"Turismo Bot\u00e1nico","description":"Turismo de naturaleza","potentialAction":[{"@type":"SearchAction","target":{"@type":"EntryPoint","urlTemplate":"https:\/\/turismobotanico.es\/?s={search_term_string}"},"query-input":{"@type":"PropertyValueSpecification","valueRequired":true,"valueName":"search_term_string"}}],"inLanguage":"en-US"}]}},"_links":{"self":[{"href":"https:\/\/turismobotanico.es\/en\/wp-json\/wp\/v2\/pages\/14922","targetHints":{"allow":["GET"]}}],"collection":[{"href":"https:\/\/turismobotanico.es\/en\/wp-json\/wp\/v2\/pages"}],"about":[{"href":"https:\/\/turismobotanico.es\/en\/wp-json\/wp\/v2\/types\/page"}],"author":[{"embeddable":true,"href":"https:\/\/turismobotanico.es\/en\/wp-json\/wp\/v2\/users\/1"}],"replies":[{"embeddable":true,"href":"https:\/\/turismobotanico.es\/en\/wp-json\/wp\/v2\/comments?post=14922"}],"version-history":[{"count":25,"href":"https:\/\/turismobotanico.es\/en\/wp-json\/wp\/v2\/pages\/14922\/revisions"}],"predecessor-version":[{"id":15421,"href":"https:\/\/turismobotanico.es\/en\/wp-json\/wp\/v2\/pages\/14922\/revisions\/15421"}],"wp:featuredmedia":[{"embeddable":true,"href":"https:\/\/turismobotanico.es\/en\/wp-json\/wp\/v2\/media\/14508"}],"wp:attachment":[{"href":"https:\/\/turismobotanico.es\/en\/wp-json\/wp\/v2\/media?parent=14922"}],"curies":[{"name":"wp","href":"https:\/\/api.w.org\/{rel}","templated":true}]}}