{"id":15142,"date":"2025-03-05T09:38:22","date_gmt":"2025-03-05T09:38:22","guid":{"rendered":"https:\/\/turismobotanico.es\/?page_id=15142"},"modified":"2025-04-01T09:25:19","modified_gmt":"2025-04-01T09:25:19","slug":"blog","status":"publish","type":"page","link":"https:\/\/turismobotanico.es\/en\/blog\/","title":{"rendered":"Blog"},"content":{"rendered":"<style>.elementor-15142 .elementor-element.elementor-element-ed9dfa2{--display:flex;--min-height:134px;--flex-direction:column;--container-widget-width:100%;--container-widget-height:initial;--container-widget-flex-grow:0;--container-widget-align-self:initial;--flex-wrap-mobile:wrap;--justify-content:center;}.elementor-15142 .elementor-element.elementor-element-ed9dfa2:not(.elementor-motion-effects-element-type-background), .elementor-15142 .elementor-element.elementor-element-ed9dfa2 > .elementor-motion-effects-container > .elementor-motion-effects-layer{background-color:#5E697F;}.elementor-15142 .elementor-element.elementor-element-52e75b4{text-align:center;}.elementor-15142 .elementor-element.elementor-element-52e75b4 .elementor-heading-title{font-size:34px;color:#FFFFFF;}.elementor-15142 .elementor-element.elementor-element-4d248e8c{--display:flex;--flex-direction:column;--container-widget-width:100%;--container-widget-height:initial;--container-widget-flex-grow:0;--container-widget-align-self:initial;--flex-wrap-mobile:wrap;--margin-top:50px;--margin-bottom:80px;--margin-left:0px;--margin-right:0px;}.elementor-15142 .elementor-element.elementor-element-ae2c6a8 > .elementor-widget-container{margin:0px 0px 0px 0px;}<\/style>\t\t<div data-elementor-type=\"wp-page\" data-elementor-id=\"15142\" class=\"elementor elementor-15142\" data-elementor-post-type=\"page\">\n\t\t\t\t<div class=\"elementor-element elementor-element-ed9dfa2 e-flex e-con-boxed e-con e-parent\" data-id=\"ed9dfa2\" data-element_type=\"container\" data-e-type=\"container\" data-settings=\"{&quot;background_background&quot;:&quot;classic&quot;}\">\n\t\t\t\t\t<div class=\"e-con-inner\">\n\t\t\t\t<div class=\"elementor-element elementor-element-52e75b4 elementor-widget elementor-widget-heading\" data-id=\"52e75b4\" data-element_type=\"widget\" data-e-type=\"widget\" data-widget_type=\"heading.default\">\n\t\t\t\t<div class=\"elementor-widget-container\">\n\t\t\t\t\t<h1 class=\"elementor-heading-title elementor-size-default\">Blog<\/h1>\t\t\t\t<\/div>\n\t\t\t\t<\/div>\n\t\t\t\t\t<\/div>\n\t\t\t\t<\/div>\n\t\t<div class=\"elementor-element elementor-element-4d248e8c e-flex e-con-boxed e-con e-parent\" data-id=\"4d248e8c\" data-element_type=\"container\" data-e-type=\"container\">\n\t\t\t\t\t<div class=\"e-con-inner\">\n\t\t\t\t<div class=\"elementor-element elementor-element-ae2c6a8 elementor-widget elementor-widget-st_blog_list\" data-id=\"ae2c6a8\" data-element_type=\"widget\" data-e-type=\"widget\" data-settings=\"{&quot;item_row&quot;:&quot;4&quot;,&quot;order&quot;:&quot;ASC&quot;}\" data-widget_type=\"st_blog_list.default\">\n\t\t\t\t<div class=\"elementor-widget-container\">\n\t\t\t\t\t<div class=\"st-list-service st-sliders grid style_2\"  >\r\n            <div class=\"service-list-wrapper st-blog-list-el\">\r\n            <div class=\"row\">\r\n                <div class=\"col-12 col-sm-12 col-md-6 col-lg-3\"><div class=\"services-item grid item-elementor\" itemscope>\r\n\t<div class=\"item service-border st-border-radius\">\r\n\t\t<div class=\"featured-image\">\r\n\t\t\t<a href=\"https:\/\/turismobotanico.es\/en\/explorando-el-mundo-de-bonos-y-casino-online-con-leovegas\/\">\r\n\t\t\t\t<img decoding=\"async\" src=\"https:\/\/placehold.co\/600x400\"  class=\"img-fluid st-hover-grow\"  alt=\"Explorando el Mundo de Bonos y Casino Online con Leovegas\"\/>\t\t\t<\/a>\r\n\t\t<\/div>\r\n\t\t<div class=\"content-item\">\r\n\t\t\t\t\t\t\t\t\t<div class=\"cate category-color\">\r\n\t\t\t\t\t\t<ul>\r\n\t\t\t\t\t\t\t<li ><a href=\"https:\/\/turismobotanico.es\/en\/category\/naturaleza\/\" style=\"color:rgba(0,0,0,1)\"><span style=\"color:rgba(0,0,0,1)\"><\/span>Naturaleza<\/a><\/li>\t\t\t\t\t\t<\/ul>\r\n\t\t\t\t\t<\/div>\r\n\t\t\t\t\t\t\t\t<h3 class=\"title\" itemprop=\"name\">\r\n\t\t\t\t<a href=\"https:\/\/turismobotanico.es\/en\/explorando-el-mundo-de-bonos-y-casino-online-con-leovegas\/\"\r\n\t\t\t\t\tclass=\"c-main\">Explorando el Mundo de Bonos y Casino Online con Leovegas<\/a>\r\n\t\t\t<\/h3>\r\n\r\n\t\t\t<div class=\"excerpt-wrapper d-flex align-items-end justify-content-between\">\r\n\t\t\t\tEl Leovegas casino es un destino fascinante para los entusiastas de las apuestas en l\u00ednea. Con una amplia gama de juegos, desde tragamonedas hasta juegos de mesa, y ofertas tentadoras [&hellip;]\t\t\t<\/div>\r\n\t\t<\/div>\r\n\t<\/div>\r\n<\/div>\r\n\r\n<\/div><div class=\"col-12 col-sm-12 col-md-6 col-lg-3\"><div class=\"services-item grid item-elementor\" itemscope>\r\n\t<div class=\"item service-border st-border-radius\">\r\n\t\t<div class=\"featured-image\">\r\n\t\t\t<a href=\"https:\/\/turismobotanico.es\/en\/dcouvrez-azur-casino-azur-casino-en-ligne-bonus-et-connexion\/\">\r\n\t\t\t\t<img decoding=\"async\" src=\"https:\/\/placehold.co\/600x400\"  class=\"img-fluid st-hover-grow\"  alt=\"D&eacute;couvrez Azur Casino: Azur Casino en Ligne, Bonus et Connexion\"\/>\t\t\t<\/a>\r\n\t\t<\/div>\r\n\t\t<div class=\"content-item\">\r\n\t\t\t\t\t\t\t\t\t<div class=\"cate category-color\">\r\n\t\t\t\t\t\t<ul>\r\n\t\t\t\t\t\t\t<li ><a href=\"https:\/\/turismobotanico.es\/en\/category\/naturaleza\/\" style=\"color:rgba(0,0,0,1)\"><span style=\"color:rgba(0,0,0,1)\"><\/span>Naturaleza<\/a><\/li>\t\t\t\t\t\t<\/ul>\r\n\t\t\t\t\t<\/div>\r\n\t\t\t\t\t\t\t\t<h3 class=\"title\" itemprop=\"name\">\r\n\t\t\t\t<a href=\"https:\/\/turismobotanico.es\/en\/dcouvrez-azur-casino-azur-casino-en-ligne-bonus-et-connexion\/\"\r\n\t\t\t\t\tclass=\"c-main\">D&eacute;couvrez Azur Casino: Azur Casino en Ligne, Bonus et Connexion<\/a>\r\n\t\t\t<\/h3>\r\n\r\n\t\t\t<div class=\"excerpt-wrapper d-flex align-items-end justify-content-between\">\r\n\t\t\t\tBienvenue sur Azur Casino, une plateforme renomm\u00e9e dans le monde des casinos en ligne. Dans cet article, nous allons explorer ce qui rend Azur Casino si attractif pour les joueurs [&hellip;]\t\t\t<\/div>\r\n\t\t<\/div>\r\n\t<\/div>\r\n<\/div>\r\n\r\n<\/div><div class=\"col-12 col-sm-12 col-md-6 col-lg-3\"><div class=\"services-item grid item-elementor\" itemscope>\r\n\t<div class=\"item service-border st-border-radius\">\r\n\t\t<div class=\"featured-image\">\r\n\t\t\t<a href=\"https:\/\/turismobotanico.es\/en\/guide-ultime-sur-cresus-casino-explorez-cresus-online-casino-et-profitez-des-offres-cresus-casino-bonus\/\">\r\n\t\t\t\t<img decoding=\"async\" src=\"https:\/\/placehold.co\/600x400\"  class=\"img-fluid st-hover-grow\"  alt=\"Guide Ultime sur Cresus Casino : Explorez Cresus Online Casino et Profitez des Offres Cresus Casino Bonus!\"\/>\t\t\t<\/a>\r\n\t\t<\/div>\r\n\t\t<div class=\"content-item\">\r\n\t\t\t\t\t\t\t\t\t<div class=\"cate category-color\">\r\n\t\t\t\t\t\t<ul>\r\n\t\t\t\t\t\t\t<li ><a href=\"https:\/\/turismobotanico.es\/en\/category\/naturaleza\/\" style=\"color:rgba(0,0,0,1)\"><span style=\"color:rgba(0,0,0,1)\"><\/span>Naturaleza<\/a><\/li>\t\t\t\t\t\t<\/ul>\r\n\t\t\t\t\t<\/div>\r\n\t\t\t\t\t\t\t\t<h3 class=\"title\" itemprop=\"name\">\r\n\t\t\t\t<a href=\"https:\/\/turismobotanico.es\/en\/guide-ultime-sur-cresus-casino-explorez-cresus-online-casino-et-profitez-des-offres-cresus-casino-bonus\/\"\r\n\t\t\t\t\tclass=\"c-main\">Guide Ultime sur Cresus Casino : Explorez Cresus Online Casino et Profitez des Offres Cresus Casino Bonus!<\/a>\r\n\t\t\t<\/h3>\r\n\r\n\t\t\t<div class=\"excerpt-wrapper d-flex align-items-end justify-content-between\">\r\n\t\t\t\tCresus Casino, l&#8217;une des plateformes de jeu en ligne les plus r\u00e9put\u00e9es, a conquis le c\u0153ur de nombreux joueurs. Avec des offres exclusives et une interface utilisateur intuitive, Cresus Online [&hellip;]\t\t\t<\/div>\r\n\t\t<\/div>\r\n\t<\/div>\r\n<\/div>\r\n\r\n<\/div><div class=\"col-12 col-sm-12 col-md-6 col-lg-3\"><div class=\"services-item grid item-elementor\" itemscope>\r\n\t<div class=\"item service-border st-border-radius\">\r\n\t\t<div class=\"featured-image\">\r\n\t\t\t<a href=\"https:\/\/turismobotanico.es\/en\/esplora-le-recensioni-di-librabet-librabet-casino-app-login-casin-scommesse-e-bonus\/\">\r\n\t\t\t\t<img decoding=\"async\" src=\"https:\/\/placehold.co\/600x400\"  class=\"img-fluid st-hover-grow\"  alt=\"Esplora le Recensioni di LibraBet: Librabet Casino, App, Login, Casin&ograve;, Scommesse e Bonus\"\/>\t\t\t<\/a>\r\n\t\t<\/div>\r\n\t\t<div class=\"content-item\">\r\n\t\t\t\t\t\t\t\t\t<div class=\"cate category-color\">\r\n\t\t\t\t\t\t<ul>\r\n\t\t\t\t\t\t\t<li ><a href=\"https:\/\/turismobotanico.es\/en\/category\/naturaleza\/\" style=\"color:rgba(0,0,0,1)\"><span style=\"color:rgba(0,0,0,1)\"><\/span>Naturaleza<\/a><\/li>\t\t\t\t\t\t<\/ul>\r\n\t\t\t\t\t<\/div>\r\n\t\t\t\t\t\t\t\t<h3 class=\"title\" itemprop=\"name\">\r\n\t\t\t\t<a href=\"https:\/\/turismobotanico.es\/en\/esplora-le-recensioni-di-librabet-librabet-casino-app-login-casin-scommesse-e-bonus\/\"\r\n\t\t\t\t\tclass=\"c-main\">Esplora le Recensioni di LibraBet: Librabet Casino, App, Login, Casin&ograve;, Scommesse e Bonus<\/a>\r\n\t\t\t<\/h3>\r\n\r\n\t\t\t<div class=\"excerpt-wrapper d-flex align-items-end justify-content-between\">\r\n\t\t\t\tBenvenuti nell&#8217;entusiasmante mondo di LibraBet, una piattaforma online che sta guadagnando rapidamente popolarit\u00e0 tra gli appassionati di casin\u00f2 online e scommesse sportive. Con un&#8217;offerta completa, che include un&#8217;applicazione mobile intuitiva, [&hellip;]\t\t\t<\/div>\r\n\t\t<\/div>\r\n\t<\/div>\r\n<\/div>\r\n\r\n<\/div><div class=\"col-12 col-sm-12 col-md-6 col-lg-3\"><div class=\"services-item grid item-elementor\" itemscope>\r\n\t<div class=\"item service-border st-border-radius\">\r\n\t\t<div class=\"featured-image\">\r\n\t\t\t<a href=\"https:\/\/turismobotanico.es\/en\/energy-casinoenergy-kasynoenergycasinoenergycasino-pl-praktyczny-poradnik-zarzadzania-bankrollem\/\">\r\n\t\t\t\t<img decoding=\"async\" src=\"https:\/\/placehold.co\/600x400\"  class=\"img-fluid st-hover-grow\"  alt=\"Energy Casino,Energy kasyno,Energycasino,Energycasino pl &mdash; praktyczny poradnik zarz\u0105dzania bankrollem\"\/>\t\t\t<\/a>\r\n\t\t<\/div>\r\n\t\t<div class=\"content-item\">\r\n\t\t\t\t\t\t\t\t\t<div class=\"cate category-color\">\r\n\t\t\t\t\t\t<ul>\r\n\t\t\t\t\t\t\t<li ><a href=\"https:\/\/turismobotanico.es\/en\/category\/naturaleza\/\" style=\"color:rgba(0,0,0,1)\"><span style=\"color:rgba(0,0,0,1)\"><\/span>Naturaleza<\/a><\/li>\t\t\t\t\t\t<\/ul>\r\n\t\t\t\t\t<\/div>\r\n\t\t\t\t\t\t\t\t<h3 class=\"title\" itemprop=\"name\">\r\n\t\t\t\t<a href=\"https:\/\/turismobotanico.es\/en\/energy-casinoenergy-kasynoenergycasinoenergycasino-pl-praktyczny-poradnik-zarzadzania-bankrollem\/\"\r\n\t\t\t\t\tclass=\"c-main\">Energy Casino,Energy kasyno,Energycasino,Energycasino pl &mdash; praktyczny poradnik zarz\u0105dzania bankrollem<\/a>\r\n\t\t\t<\/h3>\r\n\r\n\t\t\t<div class=\"excerpt-wrapper d-flex align-items-end justify-content-between\">\r\n\t\t\t\tKr\u00f3tko i konkretnie: co zrobi\u0107 przed pierwszym depozytem Zanim zarejestrujesz konto i klikniesz \u201ewp\u0142ata\u201d, zaplanuj bud\u017cet na gr\u0119. Ustal miesi\u0119czny limit przeznaczony wy\u0142\u0105cznie na rozrywk\u0119 i podziel go na sesje [&hellip;]\t\t\t<\/div>\r\n\t\t<\/div>\r\n\t<\/div>\r\n<\/div>\r\n\r\n<\/div><div class=\"col-12 col-sm-12 col-md-6 col-lg-3\"><div class=\"services-item grid item-elementor\" itemscope>\r\n\t<div class=\"item service-border st-border-radius\">\r\n\t\t<div class=\"featured-image\">\r\n\t\t\t<a href=\"https:\/\/turismobotanico.es\/en\/scopri-elabet-il-meglio-di-elabet-casino-app-bonus-e-scommesse\/\">\r\n\t\t\t\t<img decoding=\"async\" src=\"https:\/\/placehold.co\/600x400\"  class=\"img-fluid st-hover-grow\"  alt=\"Scopri Elabet: Il Meglio di Elabet Casino, App, Bonus e Scommesse\"\/>\t\t\t<\/a>\r\n\t\t<\/div>\r\n\t\t<div class=\"content-item\">\r\n\t\t\t\t\t\t\t\t\t<div class=\"cate category-color\">\r\n\t\t\t\t\t\t<ul>\r\n\t\t\t\t\t\t\t<li ><a href=\"https:\/\/turismobotanico.es\/en\/category\/naturaleza\/\" style=\"color:rgba(0,0,0,1)\"><span style=\"color:rgba(0,0,0,1)\"><\/span>Naturaleza<\/a><\/li>\t\t\t\t\t\t<\/ul>\r\n\t\t\t\t\t<\/div>\r\n\t\t\t\t\t\t\t\t<h3 class=\"title\" itemprop=\"name\">\r\n\t\t\t\t<a href=\"https:\/\/turismobotanico.es\/en\/scopri-elabet-il-meglio-di-elabet-casino-app-bonus-e-scommesse\/\"\r\n\t\t\t\t\tclass=\"c-main\">Scopri Elabet: Il Meglio di Elabet Casino, App, Bonus e Scommesse<\/a>\r\n\t\t\t<\/h3>\r\n\r\n\t\t\t<div class=\"excerpt-wrapper d-flex align-items-end justify-content-between\">\r\n\t\t\t\tBenvenuti nel Mondo di Elabet Elabet \u00e8 una delle piattaforme pi\u00f9 innovative e coinvolgenti nel panorama dei casin\u00f2 online. Con Elabet Casino, Elabet scommesse e l&#8217;app Elabet, gli utenti possono [&hellip;]\t\t\t<\/div>\r\n\t\t<\/div>\r\n\t<\/div>\r\n<\/div>\r\n\r\n<\/div><div class=\"col-12 col-sm-12 col-md-6 col-lg-3\"><div class=\"services-item grid item-elementor\" itemscope>\r\n\t<div class=\"item service-border st-border-radius\">\r\n\t\t<div class=\"featured-image\">\r\n\t\t\t<a href=\"https:\/\/turismobotanico.es\/en\/experience-the-thrills-at-joe-fortune-your-premier-online-casino-destination\/\">\r\n\t\t\t\t<img decoding=\"async\" src=\"https:\/\/placehold.co\/600x400\"  class=\"img-fluid st-hover-grow\"  alt=\"Experience the Thrills at Joe Fortune &#8211; Your Premier Online Casino Destination\"\/>\t\t\t<\/a>\r\n\t\t<\/div>\r\n\t\t<div class=\"content-item\">\r\n\t\t\t\t\t\t\t\t\t<div class=\"cate category-color\">\r\n\t\t\t\t\t\t<ul>\r\n\t\t\t\t\t\t\t<li ><a href=\"https:\/\/turismobotanico.es\/en\/category\/naturaleza\/\" style=\"color:rgba(0,0,0,1)\"><span style=\"color:rgba(0,0,0,1)\"><\/span>Naturaleza<\/a><\/li>\t\t\t\t\t\t<\/ul>\r\n\t\t\t\t\t<\/div>\r\n\t\t\t\t\t\t\t\t<h3 class=\"title\" itemprop=\"name\">\r\n\t\t\t\t<a href=\"https:\/\/turismobotanico.es\/en\/experience-the-thrills-at-joe-fortune-your-premier-online-casino-destination\/\"\r\n\t\t\t\t\tclass=\"c-main\">Experience the Thrills at Joe Fortune &#8211; Your Premier Online Casino Destination<\/a>\r\n\t\t\t<\/h3>\r\n\r\n\t\t\t<div class=\"excerpt-wrapper d-flex align-items-end justify-content-between\">\r\n\t\t\t\tDiscover the ultimate gaming adventure at Joe Fortune, the leading online casino catering to Australian players. With Joe Fortune Casino, you&#8217;ll experience a world of excitement and top-notch gaming that [&hellip;]\t\t\t<\/div>\r\n\t\t<\/div>\r\n\t<\/div>\r\n<\/div>\r\n\r\n<\/div><div class=\"col-12 col-sm-12 col-md-6 col-lg-3\"><div class=\"services-item grid item-elementor\" itemscope>\r\n\t<div class=\"item service-border st-border-radius\">\r\n\t\t<div class=\"featured-image\">\r\n\t\t\t<a href=\"https:\/\/turismobotanico.es\/en\/enhance-your-betting-experience-with-the-chasebet-app-and-chasebet-login\/\">\r\n\t\t\t\t<img decoding=\"async\" src=\"https:\/\/placehold.co\/600x400\"  class=\"img-fluid st-hover-grow\"  alt=\"Enhance Your Betting Experience with the ChaseBet App and ChaseBet Login\"\/>\t\t\t<\/a>\r\n\t\t<\/div>\r\n\t\t<div class=\"content-item\">\r\n\t\t\t\t\t\t\t\t\t<div class=\"cate category-color\">\r\n\t\t\t\t\t\t<ul>\r\n\t\t\t\t\t\t\t<li ><a href=\"https:\/\/turismobotanico.es\/en\/category\/naturaleza\/\" style=\"color:rgba(0,0,0,1)\"><span style=\"color:rgba(0,0,0,1)\"><\/span>Naturaleza<\/a><\/li>\t\t\t\t\t\t<\/ul>\r\n\t\t\t\t\t<\/div>\r\n\t\t\t\t\t\t\t\t<h3 class=\"title\" itemprop=\"name\">\r\n\t\t\t\t<a href=\"https:\/\/turismobotanico.es\/en\/enhance-your-betting-experience-with-the-chasebet-app-and-chasebet-login\/\"\r\n\t\t\t\t\tclass=\"c-main\">Enhance Your Betting Experience with the ChaseBet App and ChaseBet Login<\/a>\r\n\t\t\t<\/h3>\r\n\r\n\t\t\t<div class=\"excerpt-wrapper d-flex align-items-end justify-content-between\">\r\n\t\t\t\tThe ChaseBet app is revolutionizing the way you engage with betting, offering a seamless and enhanced experience for all users. Whether you&#8217;re a seasoned bettor or a novice, the ChaseBet [&hellip;]\t\t\t<\/div>\r\n\t\t<\/div>\r\n\t<\/div>\r\n<\/div>\r\n\r\n<\/div>            <\/div>\r\n        <\/div>\r\n    <\/div>\r\n\t\t\t\t<\/div>\n\t\t\t\t<\/div>\n\t\t\t\t\t<\/div>\n\t\t\t\t<\/div>\n\t\t\t\t<\/div>\n\t\t","protected":false},"excerpt":{"rendered":"<p>Blog HOTEL A Seaside Reset in Laguna Beach Travel From the iconic to the unexpected, the city of San Francisco never ceases to surprise. Kick-start your effortlessly delivered Northern California [&hellip;]<\/p>\n","protected":false},"author":1,"featured_media":0,"parent":0,"menu_order":0,"comment_status":"closed","ping_status":"closed","template":"elementor_header_footer","meta":{"footnotes":""},"class_list":["post-15142","page","type-page","status-publish","has-post-thumbnail","hentry"],"yoast_head":"<!-- This site is optimized with the Yoast SEO plugin v27.4 - https:\/\/yoast.com\/product\/yoast-seo-wordpress\/ -->\n<title>Blog - Turismo Bot\u00e1nico<\/title>\n<meta name=\"robots\" content=\"index, follow, max-snippet:-1, max-image-preview:large, max-video-preview:-1\" \/>\n<link rel=\"canonical\" href=\"https:\/\/turismobotanico.es\/en\/blog\/\" \/>\n<meta property=\"og:locale\" content=\"en_US\" \/>\n<meta property=\"og:type\" content=\"article\" \/>\n<meta property=\"og:title\" content=\"Blog - Turismo Bot\u00e1nico\" \/>\n<meta property=\"og:description\" content=\"Blog HOTEL A Seaside Reset in Laguna Beach Travel From the iconic to the unexpected, the city of San Francisco never ceases to surprise. Kick-start your effortlessly delivered Northern California [&hellip;]\" \/>\n<meta property=\"og:url\" content=\"https:\/\/turismobotanico.es\/en\/blog\/\" \/>\n<meta property=\"og:site_name\" content=\"Turismo Bot\u00e1nico\" \/>\n<meta property=\"article:modified_time\" content=\"2025-04-01T09:25:19+00:00\" \/>\n<meta property=\"og:image\" content=\"https:\/\/turismobotanico.es\/wp-content\/uploads\/2022\/05\/Rooftop-View-1-450x300-1-450x300.jpg\" \/>\n<meta name=\"twitter:card\" content=\"summary_large_image\" \/>\n<meta name=\"twitter:label1\" content=\"Est. reading time\" \/>\n\t<meta name=\"twitter:data1\" content=\"2 minutes\" \/>\n<script type=\"application\/ld+json\" class=\"yoast-schema-graph\">{\"@context\":\"https:\\\/\\\/schema.org\",\"@graph\":[{\"@type\":\"WebPage\",\"@id\":\"https:\\\/\\\/turismobotanico.es\\\/blog\\\/\",\"url\":\"https:\\\/\\\/turismobotanico.es\\\/blog\\\/\",\"name\":\"Blog - Turismo Bot\u00e1nico\",\"isPartOf\":{\"@id\":\"https:\\\/\\\/turismobotanico.es\\\/#website\"},\"primaryImageOfPage\":{\"@id\":\"https:\\\/\\\/turismobotanico.es\\\/blog\\\/#primaryimage\"},\"image\":{\"@id\":\"https:\\\/\\\/turismobotanico.es\\\/blog\\\/#primaryimage\"},\"thumbnailUrl\":\"https:\\\/\\\/turismobotanico.es\\\/wp-content\\\/uploads\\\/2022\\\/05\\\/Rooftop-View-1-450x300-1-450x300.jpg\",\"datePublished\":\"2025-03-05T09:38:22+00:00\",\"dateModified\":\"2025-04-01T09:25:19+00:00\",\"breadcrumb\":{\"@id\":\"https:\\\/\\\/turismobotanico.es\\\/blog\\\/#breadcrumb\"},\"inLanguage\":\"en-US\",\"potentialAction\":[{\"@type\":\"ReadAction\",\"target\":[\"https:\\\/\\\/turismobotanico.es\\\/blog\\\/\"]}]},{\"@type\":\"ImageObject\",\"inLanguage\":\"en-US\",\"@id\":\"https:\\\/\\\/turismobotanico.es\\\/blog\\\/#primaryimage\",\"url\":\"https:\\\/\\\/turismobotanico.es\\\/wp-content\\\/uploads\\\/2022\\\/05\\\/Rooftop-View-1-450x300-1-450x300.jpg\",\"contentUrl\":\"https:\\\/\\\/turismobotanico.es\\\/wp-content\\\/uploads\\\/2022\\\/05\\\/Rooftop-View-1-450x300-1-450x300.jpg\"},{\"@type\":\"BreadcrumbList\",\"@id\":\"https:\\\/\\\/turismobotanico.es\\\/blog\\\/#breadcrumb\",\"itemListElement\":[{\"@type\":\"ListItem\",\"position\":1,\"name\":\"Portada\",\"item\":\"https:\\\/\\\/turismobotanico.es\\\/\"},{\"@type\":\"ListItem\",\"position\":2,\"name\":\"Blog\"}]},{\"@type\":\"WebSite\",\"@id\":\"https:\\\/\\\/turismobotanico.es\\\/#website\",\"url\":\"https:\\\/\\\/turismobotanico.es\\\/\",\"name\":\"Turismo Bot\u00e1nico\",\"description\":\"Turismo de naturaleza\",\"potentialAction\":[{\"@type\":\"SearchAction\",\"target\":{\"@type\":\"EntryPoint\",\"urlTemplate\":\"https:\\\/\\\/turismobotanico.es\\\/?s={search_term_string}\"},\"query-input\":{\"@type\":\"PropertyValueSpecification\",\"valueRequired\":true,\"valueName\":\"search_term_string\"}}],\"inLanguage\":\"en-US\"}]}<\/script>\n<!-- \/ Yoast SEO plugin. -->","yoast_head_json":{"title":"Blog - Turismo Bot\u00e1nico","robots":{"index":"index","follow":"follow","max-snippet":"max-snippet:-1","max-image-preview":"max-image-preview:large","max-video-preview":"max-video-preview:-1"},"canonical":"https:\/\/turismobotanico.es\/en\/blog\/","og_locale":"en_US","og_type":"article","og_title":"Blog - Turismo Bot\u00e1nico","og_description":"Blog HOTEL A Seaside Reset in Laguna Beach Travel From the iconic to the unexpected, the city of San Francisco never ceases to surprise. Kick-start your effortlessly delivered Northern California [&hellip;]","og_url":"https:\/\/turismobotanico.es\/en\/blog\/","og_site_name":"Turismo Bot\u00e1nico","article_modified_time":"2025-04-01T09:25:19+00:00","og_image":[{"url":"https:\/\/turismobotanico.es\/wp-content\/uploads\/2022\/05\/Rooftop-View-1-450x300-1-450x300.jpg","type":"","width":"","height":""}],"twitter_card":"summary_large_image","twitter_misc":{"Est. reading time":"2 minutes"},"schema":{"@context":"https:\/\/schema.org","@graph":[{"@type":"WebPage","@id":"https:\/\/turismobotanico.es\/blog\/","url":"https:\/\/turismobotanico.es\/blog\/","name":"Blog - Turismo Bot\u00e1nico","isPartOf":{"@id":"https:\/\/turismobotanico.es\/#website"},"primaryImageOfPage":{"@id":"https:\/\/turismobotanico.es\/blog\/#primaryimage"},"image":{"@id":"https:\/\/turismobotanico.es\/blog\/#primaryimage"},"thumbnailUrl":"https:\/\/turismobotanico.es\/wp-content\/uploads\/2022\/05\/Rooftop-View-1-450x300-1-450x300.jpg","datePublished":"2025-03-05T09:38:22+00:00","dateModified":"2025-04-01T09:25:19+00:00","breadcrumb":{"@id":"https:\/\/turismobotanico.es\/blog\/#breadcrumb"},"inLanguage":"en-US","potentialAction":[{"@type":"ReadAction","target":["https:\/\/turismobotanico.es\/blog\/"]}]},{"@type":"ImageObject","inLanguage":"en-US","@id":"https:\/\/turismobotanico.es\/blog\/#primaryimage","url":"https:\/\/turismobotanico.es\/wp-content\/uploads\/2022\/05\/Rooftop-View-1-450x300-1-450x300.jpg","contentUrl":"https:\/\/turismobotanico.es\/wp-content\/uploads\/2022\/05\/Rooftop-View-1-450x300-1-450x300.jpg"},{"@type":"BreadcrumbList","@id":"https:\/\/turismobotanico.es\/blog\/#breadcrumb","itemListElement":[{"@type":"ListItem","position":1,"name":"Portada","item":"https:\/\/turismobotanico.es\/"},{"@type":"ListItem","position":2,"name":"Blog"}]},{"@type":"WebSite","@id":"https:\/\/turismobotanico.es\/#website","url":"https:\/\/turismobotanico.es\/","name":"Turismo Bot\u00e1nico","description":"Turismo de naturaleza","potentialAction":[{"@type":"SearchAction","target":{"@type":"EntryPoint","urlTemplate":"https:\/\/turismobotanico.es\/?s={search_term_string}"},"query-input":{"@type":"PropertyValueSpecification","valueRequired":true,"valueName":"search_term_string"}}],"inLanguage":"en-US"}]}},"_links":{"self":[{"href":"https:\/\/turismobotanico.es\/en\/wp-json\/wp\/v2\/pages\/15142","targetHints":{"allow":["GET"]}}],"collection":[{"href":"https:\/\/turismobotanico.es\/en\/wp-json\/wp\/v2\/pages"}],"about":[{"href":"https:\/\/turismobotanico.es\/en\/wp-json\/wp\/v2\/types\/page"}],"author":[{"embeddable":true,"href":"https:\/\/turismobotanico.es\/en\/wp-json\/wp\/v2\/users\/1"}],"replies":[{"embeddable":true,"href":"https:\/\/turismobotanico.es\/en\/wp-json\/wp\/v2\/comments?post=15142"}],"version-history":[{"count":29,"href":"https:\/\/turismobotanico.es\/en\/wp-json\/wp\/v2\/pages\/15142\/revisions"}],"predecessor-version":[{"id":15592,"href":"https:\/\/turismobotanico.es\/en\/wp-json\/wp\/v2\/pages\/15142\/revisions\/15592"}],"wp:attachment":[{"href":"https:\/\/turismobotanico.es\/en\/wp-json\/wp\/v2\/media?parent=15142"}],"curies":[{"name":"wp","href":"https:\/\/api.w.org\/{rel}","templated":true}]}}