{"id":16099,"date":"2025-07-21T11:11:38","date_gmt":"2025-07-21T11:11:38","guid":{"rendered":"https:\/\/turismobotanico.es\/?post_type=product&#038;p=16099"},"modified":"2025-07-21T11:13:31","modified_gmt":"2025-07-21T11:13:31","slug":"la-rioja-en-otono-octubre-pago-1-reserva","status":"publish","type":"product","link":"https:\/\/turismobotanico.es\/en\/la-rioja-en-otono-octubre-pago-1-reserva\/","title":{"rendered":"La Rioja en Oto\u00f1o | Del 8 al 12 de Octubre de 2025 Pago 1 (Reserva)"},"content":{"rendered":"<p><a href=\"https:\/\/turismobotanico.es\/wp-content\/uploads\/2025\/07\/La-Rioja-25-7.pdf\">VER EL PROGRAMA COMPLETO (RECOMENDADO).<\/a><\/p>\n<p data-start=\"102\" data-end=\"262\"><strong data-start=\"102\" data-end=\"148\">Una decadencia ef\u00edmera, pero esplendorosa.<\/strong><\/p>\n<p data-start=\"102\" data-end=\"262\">El oto\u00f1o adormece con delicadeza las altas comarcas del norte, dejando sentir su paso a trav\u00e9s de los sentidos.<\/p>\n<p data-start=\"264\" data-end=\"476\">En Ezcaray, el oto\u00f1o se ve, se huele, se toca, se escucha y se saborea. Un estallido de emociones envuelto en colores fulgurantes, aromas a\u00f1ejos y sabores nost\u00e1lgicos que nos devuelven a la infancia en el pueblo.<\/p>\n<p data-start=\"478\" data-end=\"775\">Todo comienza con las primeras lluvias, que alivian la sequedad del verano. Septiembre se despide entre soles t\u00edmidos, y da paso a la niebla, a los bosques que mutan, al reverdecer del pasto, al bramido del ciervo, al reino de setas y hongos, al frescor de la noche impregnada de humo de chimenea\u2026<\/p>\n<p>PRECIO POR PERSONA CON TRANSPORTE, SEGUROS, VISITAS GUIADAS, ACTIVIDADES, ENTRADAS A LAS ATRACCIONES TUR\u00cdSTICAS, ALOJAMIENTO CON DESAYUNO, 2 CENAS y 1 COMIDA (5 d\u00edas, 4 noches): 780\u20ac<\/p>\n<p>El alojamiento es\u00a0en habitaci\u00f3n doble.\u00a0Si vas solo, tendr\u00e1s que pagar el suplemento de\u00a0<strong>habitaci\u00f3n individual: 120\u20ac<\/strong>. A\u00f1\u00e1delo al carrito, desde la parte de abajo de la p\u00e1gina, en el siguiente paso de la reserva.<\/p>\n<p><a href=\"https:\/\/www.bujaldon-sl.com\/uploads\/product\/docs\/asistencia-cancelacion-prime-condiciones-generales.pdf\">PUEDE CONSULTAR LAS CONDICIONES DE ESTE SEGURO DE CANCELACI\u00d3N CLICANDO AQU\u00cd<\/a><\/p>\n<p><a href=\"https:\/\/turismobotanico.es\/en\/politica-de-cancelaciones\/\">PUEDES CONSULTAR AQU\u00cd NUESTRA POL\u00cdTICA DE CANCELACIONES<\/a><\/p>","protected":false},"excerpt":{"rendered":"<p><em>Del 8 al 12 de octubre de 2025<\/em><br \/>\n<b><i>Oto\u00f1o en La Rioja<\/i><\/b><\/p>\n<p>En el precio de este viaje va incluido:<\/p>\n<ul>\n<li>Transporte<\/li>\n<li>Alojamiento en habitaci\u00f3n doble\u00a0<strong>con desayuno<\/strong><\/li>\n<li><strong>2 Cenas <\/strong>incluidas<strong>\u00a0y 1 comida<\/strong><\/li>\n<li><strong>Entrada a todas las atracciones y actividades incluidas en el programa<\/strong><\/li>\n<li>Visita a la <strong>bodega castillo de Sonsierra<\/strong>. <strong>Ruta<\/strong> entre sus <strong>vi\u00f1edos, degustaci\u00f3n de vino y aceite local<\/strong><\/li>\n<li>Gu\u00eda local que nos acompa\u00f1ar\u00e1 en las rutas \u00abEzcaray Silvestre\u00bb<\/li>\n<li>Gu\u00eda local para la visita guiada en el pueblo de Ezcaray<\/li>\n<li>Seguros de Viaje, Accidentes, de Cancelaci\u00f3n (leer los casos cubiertos) y Responsabilidad Civil<\/li>\n<\/ul>\n<p>Si prefieres pagar en varios plazos, pincha abajo para hacer tu primer pago de 200\u20ac.<\/p>","protected":false},"featured_media":16095,"comment_status":"open","ping_status":"closed","template":"","meta":[],"product_brand":[],"product_cat":[115],"product_tag":[],"class_list":{"0":"post-16099","1":"product","2":"type-product","3":"status-publish","4":"has-post-thumbnail","6":"product_cat-sin-categoria","8":"first","9":"instock","10":"virtual","11":"purchasable","12":"product-type-simple"},"yoast_head":"<!-- This site is optimized with the Yoast SEO plugin v27.2 - https:\/\/yoast.com\/product\/yoast-seo-wordpress\/ -->\n<title>La Rioja en Oto\u00f1o | Del 8 al 12 de Octubre de 2025 Pago 1 (Reserva) - Turismo Bot\u00e1nico<\/title>\n<meta name=\"robots\" content=\"index, follow, max-snippet:-1, max-image-preview:large, max-video-preview:-1\" \/>\n<link rel=\"canonical\" href=\"https:\/\/turismobotanico.es\/en\/la-rioja-en-otono-octubre-pago-1-reserva\/\" \/>\n<meta property=\"og:locale\" content=\"en_US\" \/>\n<meta property=\"og:type\" content=\"article\" \/>\n<meta property=\"og:title\" content=\"La Rioja en Oto\u00f1o | Del 8 al 12 de Octubre de 2025 Pago 1 (Reserva) - Turismo Bot\u00e1nico\" \/>\n<meta property=\"og:description\" content=\"Del 8 al 12 de octubre de 2025 Oto\u00f1o en La Rioja  En el precio de este viaje va incluido:   Transporte  Alojamiento en habitaci\u00f3n doble\u00a0con desayuno  2 Cenas incluidas\u00a0y 1 comida  Entrada a todas las atracciones y actividades incluidas en el programa  Visita a la bodega castillo de Sonsierra. Ruta entre sus vi\u00f1edos, degustaci\u00f3n de vino y aceite local  Gu\u00eda local que nos acompa\u00f1ar\u00e1 en las rutas &quot;Ezcaray Silvestre&quot;  Gu\u00eda local para la visita guiada en el pueblo de Ezcaray  Seguros de Viaje, Accidentes, de Cancelaci\u00f3n (leer los casos cubiertos) y Responsabilidad Civil  Si prefieres pagar en varios plazos, pincha abajo para hacer tu primer pago de 200\u20ac.\" \/>\n<meta property=\"og:url\" content=\"https:\/\/turismobotanico.es\/en\/la-rioja-en-otono-octubre-pago-1-reserva\/\" \/>\n<meta property=\"og:site_name\" content=\"Turismo Bot\u00e1nico\" \/>\n<meta property=\"article:modified_time\" content=\"2025-07-21T11:13:31+00:00\" \/>\n<meta property=\"og:image\" content=\"https:\/\/turismobotanico.es\/wp-content\/uploads\/2025\/07\/portada.jpg\" \/>\n\t<meta property=\"og:image:width\" content=\"800\" \/>\n\t<meta property=\"og:image:height\" content=\"600\" \/>\n\t<meta property=\"og:image:type\" content=\"image\/jpeg\" \/>\n<meta name=\"twitter:card\" content=\"summary_large_image\" \/>\n<meta name=\"twitter:label1\" content=\"Est. reading time\" \/>\n\t<meta name=\"twitter:data1\" content=\"2 minutes\" \/>\n<script type=\"application\/ld+json\" class=\"yoast-schema-graph\">{\"@context\":\"https:\/\/schema.org\",\"@graph\":[{\"@type\":\"WebPage\",\"@id\":\"https:\/\/turismobotanico.es\/la-rioja-en-otono-octubre-pago-1-reserva\/\",\"url\":\"https:\/\/turismobotanico.es\/la-rioja-en-otono-octubre-pago-1-reserva\/\",\"name\":\"La Rioja en Oto\u00f1o | Del 8 al 12 de Octubre de 2025 Pago 1 (Reserva) - Turismo Bot\u00e1nico\",\"isPartOf\":{\"@id\":\"https:\/\/turismobotanico.es\/#website\"},\"primaryImageOfPage\":{\"@id\":\"https:\/\/turismobotanico.es\/la-rioja-en-otono-octubre-pago-1-reserva\/#primaryimage\"},\"image\":{\"@id\":\"https:\/\/turismobotanico.es\/la-rioja-en-otono-octubre-pago-1-reserva\/#primaryimage\"},\"thumbnailUrl\":\"https:\/\/turismobotanico.es\/wp-content\/uploads\/2025\/07\/portada.jpg\",\"datePublished\":\"2025-07-21T11:11:38+00:00\",\"dateModified\":\"2025-07-21T11:13:31+00:00\",\"breadcrumb\":{\"@id\":\"https:\/\/turismobotanico.es\/la-rioja-en-otono-octubre-pago-1-reserva\/#breadcrumb\"},\"inLanguage\":\"en-US\",\"potentialAction\":[{\"@type\":\"ReadAction\",\"target\":[\"https:\/\/turismobotanico.es\/la-rioja-en-otono-octubre-pago-1-reserva\/\"]}]},{\"@type\":\"ImageObject\",\"inLanguage\":\"en-US\",\"@id\":\"https:\/\/turismobotanico.es\/la-rioja-en-otono-octubre-pago-1-reserva\/#primaryimage\",\"url\":\"https:\/\/turismobotanico.es\/wp-content\/uploads\/2025\/07\/portada.jpg\",\"contentUrl\":\"https:\/\/turismobotanico.es\/wp-content\/uploads\/2025\/07\/portada.jpg\",\"width\":800,\"height\":600},{\"@type\":\"BreadcrumbList\",\"@id\":\"https:\/\/turismobotanico.es\/la-rioja-en-otono-octubre-pago-1-reserva\/#breadcrumb\",\"itemListElement\":[{\"@type\":\"ListItem\",\"position\":1,\"name\":\"Portada\",\"item\":\"https:\/\/turismobotanico.es\/\"},{\"@type\":\"ListItem\",\"position\":2,\"name\":\"Tienda\",\"item\":\"https:\/\/turismobotanico.es\/tienda\/\"},{\"@type\":\"ListItem\",\"position\":3,\"name\":\"La Rioja en Oto\u00f1o | Del 8 al 12 de Octubre de 2025 Pago 1 (Reserva)\"}]},{\"@type\":\"WebSite\",\"@id\":\"https:\/\/turismobotanico.es\/#website\",\"url\":\"https:\/\/turismobotanico.es\/\",\"name\":\"Turismo Bot\u00e1nico\",\"description\":\"Turismo de naturaleza\",\"potentialAction\":[{\"@type\":\"SearchAction\",\"target\":{\"@type\":\"EntryPoint\",\"urlTemplate\":\"https:\/\/turismobotanico.es\/?s={search_term_string}\"},\"query-input\":{\"@type\":\"PropertyValueSpecification\",\"valueRequired\":true,\"valueName\":\"search_term_string\"}}],\"inLanguage\":\"en-US\"}]}<\/script>\n<!-- \/ Yoast SEO plugin. -->","yoast_head_json":{"title":"La Rioja en Oto\u00f1o | Del 8 al 12 de Octubre de 2025 Pago 1 (Reserva) - Turismo Bot\u00e1nico","robots":{"index":"index","follow":"follow","max-snippet":"max-snippet:-1","max-image-preview":"max-image-preview:large","max-video-preview":"max-video-preview:-1"},"canonical":"https:\/\/turismobotanico.es\/en\/la-rioja-en-otono-octubre-pago-1-reserva\/","og_locale":"en_US","og_type":"article","og_title":"La Rioja en Oto\u00f1o | Del 8 al 12 de Octubre de 2025 Pago 1 (Reserva) - Turismo Bot\u00e1nico","og_description":"Del 8 al 12 de octubre de 2025 Oto\u00f1o en La Rioja  En el precio de este viaje va incluido:   Transporte  Alojamiento en habitaci\u00f3n doble\u00a0con desayuno  2 Cenas incluidas\u00a0y 1 comida  Entrada a todas las atracciones y actividades incluidas en el programa  Visita a la bodega castillo de Sonsierra. Ruta entre sus vi\u00f1edos, degustaci\u00f3n de vino y aceite local  Gu\u00eda local que nos acompa\u00f1ar\u00e1 en las rutas \"Ezcaray Silvestre\"  Gu\u00eda local para la visita guiada en el pueblo de Ezcaray  Seguros de Viaje, Accidentes, de Cancelaci\u00f3n (leer los casos cubiertos) y Responsabilidad Civil  Si prefieres pagar en varios plazos, pincha abajo para hacer tu primer pago de 200\u20ac.","og_url":"https:\/\/turismobotanico.es\/en\/la-rioja-en-otono-octubre-pago-1-reserva\/","og_site_name":"Turismo Bot\u00e1nico","article_modified_time":"2025-07-21T11:13:31+00:00","og_image":[{"width":800,"height":600,"url":"https:\/\/turismobotanico.es\/wp-content\/uploads\/2025\/07\/portada.jpg","type":"image\/jpeg"}],"twitter_card":"summary_large_image","twitter_misc":{"Est. reading time":"2 minutes"},"schema":{"@context":"https:\/\/schema.org","@graph":[{"@type":"WebPage","@id":"https:\/\/turismobotanico.es\/la-rioja-en-otono-octubre-pago-1-reserva\/","url":"https:\/\/turismobotanico.es\/la-rioja-en-otono-octubre-pago-1-reserva\/","name":"La Rioja en Oto\u00f1o | Del 8 al 12 de Octubre de 2025 Pago 1 (Reserva) - Turismo Bot\u00e1nico","isPartOf":{"@id":"https:\/\/turismobotanico.es\/#website"},"primaryImageOfPage":{"@id":"https:\/\/turismobotanico.es\/la-rioja-en-otono-octubre-pago-1-reserva\/#primaryimage"},"image":{"@id":"https:\/\/turismobotanico.es\/la-rioja-en-otono-octubre-pago-1-reserva\/#primaryimage"},"thumbnailUrl":"https:\/\/turismobotanico.es\/wp-content\/uploads\/2025\/07\/portada.jpg","datePublished":"2025-07-21T11:11:38+00:00","dateModified":"2025-07-21T11:13:31+00:00","breadcrumb":{"@id":"https:\/\/turismobotanico.es\/la-rioja-en-otono-octubre-pago-1-reserva\/#breadcrumb"},"inLanguage":"en-US","potentialAction":[{"@type":"ReadAction","target":["https:\/\/turismobotanico.es\/la-rioja-en-otono-octubre-pago-1-reserva\/"]}]},{"@type":"ImageObject","inLanguage":"en-US","@id":"https:\/\/turismobotanico.es\/la-rioja-en-otono-octubre-pago-1-reserva\/#primaryimage","url":"https:\/\/turismobotanico.es\/wp-content\/uploads\/2025\/07\/portada.jpg","contentUrl":"https:\/\/turismobotanico.es\/wp-content\/uploads\/2025\/07\/portada.jpg","width":800,"height":600},{"@type":"BreadcrumbList","@id":"https:\/\/turismobotanico.es\/la-rioja-en-otono-octubre-pago-1-reserva\/#breadcrumb","itemListElement":[{"@type":"ListItem","position":1,"name":"Portada","item":"https:\/\/turismobotanico.es\/"},{"@type":"ListItem","position":2,"name":"Tienda","item":"https:\/\/turismobotanico.es\/tienda\/"},{"@type":"ListItem","position":3,"name":"La Rioja en Oto\u00f1o | Del 8 al 12 de Octubre de 2025 Pago 1 (Reserva)"}]},{"@type":"WebSite","@id":"https:\/\/turismobotanico.es\/#website","url":"https:\/\/turismobotanico.es\/","name":"Turismo Bot\u00e1nico","description":"Turismo de naturaleza","potentialAction":[{"@type":"SearchAction","target":{"@type":"EntryPoint","urlTemplate":"https:\/\/turismobotanico.es\/?s={search_term_string}"},"query-input":{"@type":"PropertyValueSpecification","valueRequired":true,"valueName":"search_term_string"}}],"inLanguage":"en-US"}]}},"_links":{"self":[{"href":"https:\/\/turismobotanico.es\/en\/wp-json\/wp\/v2\/product\/16099","targetHints":{"allow":["GET"]}}],"collection":[{"href":"https:\/\/turismobotanico.es\/en\/wp-json\/wp\/v2\/product"}],"about":[{"href":"https:\/\/turismobotanico.es\/en\/wp-json\/wp\/v2\/types\/product"}],"replies":[{"embeddable":true,"href":"https:\/\/turismobotanico.es\/en\/wp-json\/wp\/v2\/comments?post=16099"}],"version-history":[{"count":1,"href":"https:\/\/turismobotanico.es\/en\/wp-json\/wp\/v2\/product\/16099\/revisions"}],"predecessor-version":[{"id":16100,"href":"https:\/\/turismobotanico.es\/en\/wp-json\/wp\/v2\/product\/16099\/revisions\/16100"}],"wp:featuredmedia":[{"embeddable":true,"href":"https:\/\/turismobotanico.es\/en\/wp-json\/wp\/v2\/media\/16095"}],"wp:attachment":[{"href":"https:\/\/turismobotanico.es\/en\/wp-json\/wp\/v2\/media?parent=16099"}],"wp:term":[{"taxonomy":"product_brand","embeddable":true,"href":"https:\/\/turismobotanico.es\/en\/wp-json\/wp\/v2\/product_brand?post=16099"},{"taxonomy":"product_cat","embeddable":true,"href":"https:\/\/turismobotanico.es\/en\/wp-json\/wp\/v2\/product_cat?post=16099"},{"taxonomy":"product_tag","embeddable":true,"href":"https:\/\/turismobotanico.es\/en\/wp-json\/wp\/v2\/product_tag?post=16099"}],"curies":[{"name":"wp","href":"https:\/\/api.w.org\/{rel}","templated":true}]}}