{"id":16163,"date":"2025-07-29T11:37:08","date_gmt":"2025-07-29T11:37:08","guid":{"rendered":"https:\/\/turismobotanico.es\/?post_type=product&#038;p=16163"},"modified":"2025-07-29T11:38:14","modified_gmt":"2025-07-29T11:38:14","slug":"pantelleria-pago3","status":"publish","type":"product","link":"https:\/\/turismobotanico.es\/en\/pantelleria-pago3\/","title":{"rendered":"Pantelleria: La Isla Parque Nacional | Del 1 al 6 de Enero 2026 Pago 3"},"content":{"rendered":"<p><a href=\"https:\/\/turismobotanico.es\/wp-content\/uploads\/2025\/07\/Pantelleria_2026.pdf\">VER EL PROGRAMA COMPLETO (RECOMENDADO).<\/a><\/p>\n<p><strong>AL SUR DEL SUR DE ITALIA<\/strong><\/p>\n<p data-start=\"233\" data-end=\"363\">Panteller\u00eda, donde la naturaleza y la historia se den la mano sin aglomeraciones, te est\u00e1 esperando.<\/p>\n<p data-start=\"365\" data-end=\"702\">En medio del Mediterr\u00e1neo, al sur de Sicilia, se alza esta peque\u00f1a isla volc\u00e1nica que pocos conocen y que casi entera es parque nacional. Aqu\u00ed el tiempo transcurre despacio: entre antiguos senderos que cruzaban los burros de la isla, acantilados que caen al mar y vestigios de culturas ancestrales que a\u00fan parecen susurrar su historia.<\/p>\n<p data-start=\"704\" data-end=\"832\">Del <strong data-start=\"708\" data-end=\"735\">1 al 6 de enero de 2026<\/strong> te proponemos vivirla con nosotros, en un grupo reducido, recorriendo sus tres grandes mundos:<\/p>\n<ul data-start=\"834\" data-end=\"1316\">\n<li data-start=\"834\" data-end=\"991\">\n<p data-start=\"836\" data-end=\"991\"><strong data-start=\"836\" data-end=\"867\">La Panteller\u00eda arqueol\u00f3gica<\/strong>, con yacimientos como Mursia, la necr\u00f3polis de Zighidi o la acr\u00f3polis de San Marco, que nos trasladar\u00e1n a \u00e9pocas lejanas.<\/p>\n<\/li>\n<li data-start=\"992\" data-end=\"1188\">\n<p data-start=\"994\" data-end=\"1188\"><strong data-start=\"994\" data-end=\"1032\">La Panteller\u00eda volc\u00e1nica y salvaje<\/strong>, donde el campo de Favare a\u00fan humea, la Montagna Grande domina el horizonte y cada sendero nos descubre paisajes que parecen reci\u00e9n nacidos de la tierra.<\/p>\n<\/li>\n<li data-start=\"1189\" data-end=\"1316\">\n<p data-start=\"1191\" data-end=\"1316\"><strong data-start=\"1191\" data-end=\"1227\">La Panteller\u00eda agr\u00edcola y humana<\/strong>, con sus vi\u00f1edos heroicos, muros de piedra seca y aldeas llenas de sabor mediterr\u00e1neo.<\/p>\n<\/li>\n<\/ul>\n<p data-start=\"2102\" data-end=\"2213\">Panteller\u00eda no es un lugar m\u00e1s. \u00bfTe vienes a conocer la Italia que casi nadie conoce?<\/p>\n<p>PRECIO POR PERSONA CON TRANSPORTE, BILLETES DE AVI\u00d3N, SEGURO DE ACCIDENTES, DE VIAJE, DE CANCELACI\u00d3N Y DE RESPONSABILIDAD CIVIL, VISITAS GUIADAS, ENTRADAS A LAS ATRACCIONES TUR\u00cdSTICAS, ALOJAMIENTO CON DESAYUNO Y LA COMIDA DEL 3 DE ENERO INCLUIDA (6 d\u00edas, 5 noches): 1550\u20ac<\/p>\n<p>El alojamiento es\u00a0en habitaci\u00f3n doble.\u00a0Si vas solo, tendr\u00e1s que pagar el suplemento de\u00a0<strong>habitaci\u00f3n individual: 300\u20ac<\/strong>. A\u00f1\u00e1delo al carrito, desde la parte de abajo de la p\u00e1gina, en el siguiente paso de la reserva.<\/p>\n<p><a href=\"https:\/\/www.bujaldon-sl.com\/uploads\/product\/docs\/asistencia-cancelacion-prime-condiciones-generales.pdf\">PUEDE CONSULTAR LAS CONDICIONES DE ESTE SEGURO DE CANCELACI\u00d3N CLICANDO AQU\u00cd<\/a><\/p>\n<p><a href=\"https:\/\/turismobotanico.es\/en\/politica-de-cancelaciones\/\">PUEDES CONSULTAR AQU\u00cd NUESTRA POL\u00cdTICA DE CANCELACIONES<\/a><\/p>","protected":false},"excerpt":{"rendered":"<p data-section-id=\"1nilgb0\" data-start=\"1318\" data-end=\"1341\">Empezaremos el a\u00f1o en <strong>Palermo<\/strong>, donde el aire mediterr\u00e1neo abre la puerta a una traves\u00eda inolvidable.<\/p>\n<p data-section-id=\"1nilgb0\" data-start=\"1318\" data-end=\"1341\">Volaremos hacia <strong>Panteller\u00eda<\/strong>, <strong>isla salvaje<\/strong> donde el mar se funde con la roca volc\u00e1nica y los senderos llevan hasta el <strong>faro de Spadillo<\/strong>.<\/p>\n<p data-section-id=\"1nilgb0\" data-start=\"1318\" data-end=\"1341\">Entre ruinas ancestrales y sabores sicilianos, veremos la <strong>acr\u00f3polis de San Marco<\/strong>.<\/p>\n<p data-section-id=\"1nilgb0\" data-start=\"1318\" data-end=\"1341\">Pasearemos por los <strong>campos de Favare y la <\/strong>.<\/p>\n<p data-section-id=\"1nilgb0\" data-start=\"1318\" data-end=\"1341\">Veremos la imponente <strong>Balata dei Turchi<\/strong>, con sus <strong>acantilados<\/strong> cayendo al mar.<\/p>\n<p data-start=\"1908\" data-end=\"2100\">Lo tenemos ya todo preparado para que no te preocupes de nada: vuelos, traslados, hoteles, gu\u00edas expertos y la tranquilidad de viajar en un grupo peque\u00f1o que permite disfrutar cada rinc\u00f3n sin prisas.<\/p>\n<p>&nbsp;<\/p>\n<p><em>Del 1 al 6 de Enero de 2025<\/em><\/p>\n<p><em><strong>Pantelleria. La Isla Parque Nacional. Al sur del sur de Italia.<\/strong><\/em><\/p>\n<p>En el precio de este viaje va incluido:<\/p>\n<ul>\n<li>Billetes de avi\u00f3n Valencia\/Palermo y Palermo\/Madrid + vuelos internos con una pieza de equipaje facturado<\/li>\n<li>Transporte en bus al aeropuerto de Valencia y regreso del aeropuerto de Madrid y desplazamientos en destino<\/li>\n<li>Comida del d\u00eda 3 de enero<\/li>\n<li>Gu\u00edas de naturaleza y cultura, altamente cualificados<\/li>\n<li>Entrada a las diferentes atracciones tur\u00edsticas del programa<\/li>\n<li>Seguros de Cancelaci\u00f3n (leer los casos cubiertos), de Viaje, Accidentes y Responsabilidad Civil<\/li>\n<li>5 noches en habitaci\u00f3n doble o de matrimonio* en r\u00e9gimen de alojamiento y desayuno * (Supeditada a disponibilidad)<\/li>\n<\/ul>\n<p>Si prefieres pagar en varios plazos, pincha abajo para hacer tu <strong>primer pago de 350\u20ac<\/strong><\/p>","protected":false},"featured_media":16152,"comment_status":"open","ping_status":"closed","template":"","meta":[],"product_brand":[],"product_cat":[115],"product_tag":[],"class_list":{"0":"post-16163","1":"product","2":"type-product","3":"status-publish","4":"has-post-thumbnail","6":"product_cat-sin-categoria","8":"first","9":"instock","10":"virtual","11":"purchasable","12":"product-type-simple"},"yoast_head":"<!-- This site is optimized with the Yoast SEO plugin v27.2 - https:\/\/yoast.com\/product\/yoast-seo-wordpress\/ -->\n<title>Pantelleria: La Isla Parque Nacional | Del 1 al 6 de Enero 2026 Pago 3 - Turismo Bot\u00e1nico<\/title>\n<meta name=\"robots\" content=\"index, follow, max-snippet:-1, max-image-preview:large, max-video-preview:-1\" \/>\n<link rel=\"canonical\" href=\"https:\/\/turismobotanico.es\/en\/pantelleria-pago3\/\" \/>\n<meta property=\"og:locale\" content=\"en_US\" \/>\n<meta property=\"og:type\" content=\"article\" \/>\n<meta property=\"og:title\" content=\"Pantelleria: La Isla Parque Nacional | Del 1 al 6 de Enero 2026 Pago 3 - Turismo Bot\u00e1nico\" \/>\n<meta property=\"og:description\" content=\"Empezaremos el a\u00f1o en Palermo, donde el aire mediterr\u00e1neo abre la puerta a una traves\u00eda inolvidable. Volaremos hacia Panteller\u00eda, isla salvaje donde el mar se funde con la roca volc\u00e1nica y los senderos llevan hasta el faro de Spadillo. Entre ruinas ancestrales y sabores sicilianos, veremos la acr\u00f3polis de San Marco. Pasearemos por los campos de Favare y la . Veremos la imponente Balata dei Turchi, con sus acantilados cayendo al mar. Lo tenemos ya todo preparado para que no te preocupes de nada: vuelos, traslados, hoteles, gu\u00edas expertos y la tranquilidad de viajar en un grupo peque\u00f1o que permite disfrutar cada rinc\u00f3n sin prisas. &nbsp;  Del 1 al 6 de Enero de 2025  Pantelleria. La Isla Parque Nacional. Al sur del sur de Italia.  En el precio de este viaje va incluido:   Billetes de avi\u00f3n Valencia\/Palermo y Palermo\/Madrid + vuelos internos con una pieza de equipaje facturado  Transporte en bus al aeropuerto de Valencia y regreso del aeropuerto de Madrid y desplazamientos en destino  Comida del d\u00eda 3 de enero  Gu\u00edas de naturaleza y cultura, altamente cualificados  Entrada a las diferentes atracciones tur\u00edsticas del programa  Seguros de Cancelaci\u00f3n (leer los casos cubiertos), de Viaje, Accidentes y Responsabilidad Civil  5 noches en habitaci\u00f3n doble o de matrimonio* en r\u00e9gimen de alojamiento y desayuno * (Supeditada a disponibilidad)  Si prefieres pagar en varios plazos, pincha abajo para hacer tu primer pago de 350\u20ac\" \/>\n<meta property=\"og:url\" content=\"https:\/\/turismobotanico.es\/en\/pantelleria-pago3\/\" \/>\n<meta property=\"og:site_name\" content=\"Turismo Bot\u00e1nico\" \/>\n<meta property=\"article:modified_time\" content=\"2025-07-29T11:38:14+00:00\" \/>\n<meta property=\"og:image\" content=\"https:\/\/turismobotanico.es\/wp-content\/uploads\/2025\/07\/paisaje1-scaled.jpg\" \/>\n\t<meta property=\"og:image:width\" content=\"2560\" \/>\n\t<meta property=\"og:image:height\" content=\"2560\" \/>\n\t<meta property=\"og:image:type\" content=\"image\/jpeg\" \/>\n<meta name=\"twitter:card\" content=\"summary_large_image\" \/>\n<meta name=\"twitter:label1\" content=\"Est. reading time\" \/>\n\t<meta name=\"twitter:data1\" content=\"2 minutes\" \/>\n<script type=\"application\/ld+json\" class=\"yoast-schema-graph\">{\"@context\":\"https:\/\/schema.org\",\"@graph\":[{\"@type\":\"WebPage\",\"@id\":\"https:\/\/turismobotanico.es\/pantelleria-pago3\/\",\"url\":\"https:\/\/turismobotanico.es\/pantelleria-pago3\/\",\"name\":\"Pantelleria: La Isla Parque Nacional | Del 1 al 6 de Enero 2026 Pago 3 - Turismo Bot\u00e1nico\",\"isPartOf\":{\"@id\":\"https:\/\/turismobotanico.es\/#website\"},\"primaryImageOfPage\":{\"@id\":\"https:\/\/turismobotanico.es\/pantelleria-pago3\/#primaryimage\"},\"image\":{\"@id\":\"https:\/\/turismobotanico.es\/pantelleria-pago3\/#primaryimage\"},\"thumbnailUrl\":\"https:\/\/turismobotanico.es\/wp-content\/uploads\/2025\/07\/paisaje1-scaled.jpg\",\"datePublished\":\"2025-07-29T11:37:08+00:00\",\"dateModified\":\"2025-07-29T11:38:14+00:00\",\"breadcrumb\":{\"@id\":\"https:\/\/turismobotanico.es\/pantelleria-pago3\/#breadcrumb\"},\"inLanguage\":\"en-US\",\"potentialAction\":[{\"@type\":\"ReadAction\",\"target\":[\"https:\/\/turismobotanico.es\/pantelleria-pago3\/\"]}]},{\"@type\":\"ImageObject\",\"inLanguage\":\"en-US\",\"@id\":\"https:\/\/turismobotanico.es\/pantelleria-pago3\/#primaryimage\",\"url\":\"https:\/\/turismobotanico.es\/wp-content\/uploads\/2025\/07\/paisaje1-scaled.jpg\",\"contentUrl\":\"https:\/\/turismobotanico.es\/wp-content\/uploads\/2025\/07\/paisaje1-scaled.jpg\",\"width\":2560,\"height\":2560},{\"@type\":\"BreadcrumbList\",\"@id\":\"https:\/\/turismobotanico.es\/pantelleria-pago3\/#breadcrumb\",\"itemListElement\":[{\"@type\":\"ListItem\",\"position\":1,\"name\":\"Portada\",\"item\":\"https:\/\/turismobotanico.es\/\"},{\"@type\":\"ListItem\",\"position\":2,\"name\":\"Tienda\",\"item\":\"https:\/\/turismobotanico.es\/tienda\/\"},{\"@type\":\"ListItem\",\"position\":3,\"name\":\"Pantelleria: La Isla Parque Nacional | Del 1 al 6 de Enero 2026 Pago 3\"}]},{\"@type\":\"WebSite\",\"@id\":\"https:\/\/turismobotanico.es\/#website\",\"url\":\"https:\/\/turismobotanico.es\/\",\"name\":\"Turismo Bot\u00e1nico\",\"description\":\"Turismo de naturaleza\",\"potentialAction\":[{\"@type\":\"SearchAction\",\"target\":{\"@type\":\"EntryPoint\",\"urlTemplate\":\"https:\/\/turismobotanico.es\/?s={search_term_string}\"},\"query-input\":{\"@type\":\"PropertyValueSpecification\",\"valueRequired\":true,\"valueName\":\"search_term_string\"}}],\"inLanguage\":\"en-US\"}]}<\/script>\n<!-- \/ Yoast SEO plugin. -->","yoast_head_json":{"title":"Pantelleria: La Isla Parque Nacional | Del 1 al 6 de Enero 2026 Pago 3 - Turismo Bot\u00e1nico","robots":{"index":"index","follow":"follow","max-snippet":"max-snippet:-1","max-image-preview":"max-image-preview:large","max-video-preview":"max-video-preview:-1"},"canonical":"https:\/\/turismobotanico.es\/en\/pantelleria-pago3\/","og_locale":"en_US","og_type":"article","og_title":"Pantelleria: La Isla Parque Nacional | Del 1 al 6 de Enero 2026 Pago 3 - Turismo Bot\u00e1nico","og_description":"Empezaremos el a\u00f1o en Palermo, donde el aire mediterr\u00e1neo abre la puerta a una traves\u00eda inolvidable. Volaremos hacia Panteller\u00eda, isla salvaje donde el mar se funde con la roca volc\u00e1nica y los senderos llevan hasta el faro de Spadillo. Entre ruinas ancestrales y sabores sicilianos, veremos la acr\u00f3polis de San Marco. Pasearemos por los campos de Favare y la . Veremos la imponente Balata dei Turchi, con sus acantilados cayendo al mar. Lo tenemos ya todo preparado para que no te preocupes de nada: vuelos, traslados, hoteles, gu\u00edas expertos y la tranquilidad de viajar en un grupo peque\u00f1o que permite disfrutar cada rinc\u00f3n sin prisas. &nbsp;  Del 1 al 6 de Enero de 2025  Pantelleria. La Isla Parque Nacional. Al sur del sur de Italia.  En el precio de este viaje va incluido:   Billetes de avi\u00f3n Valencia\/Palermo y Palermo\/Madrid + vuelos internos con una pieza de equipaje facturado  Transporte en bus al aeropuerto de Valencia y regreso del aeropuerto de Madrid y desplazamientos en destino  Comida del d\u00eda 3 de enero  Gu\u00edas de naturaleza y cultura, altamente cualificados  Entrada a las diferentes atracciones tur\u00edsticas del programa  Seguros de Cancelaci\u00f3n (leer los casos cubiertos), de Viaje, Accidentes y Responsabilidad Civil  5 noches en habitaci\u00f3n doble o de matrimonio* en r\u00e9gimen de alojamiento y desayuno * (Supeditada a disponibilidad)  Si prefieres pagar en varios plazos, pincha abajo para hacer tu primer pago de 350\u20ac","og_url":"https:\/\/turismobotanico.es\/en\/pantelleria-pago3\/","og_site_name":"Turismo Bot\u00e1nico","article_modified_time":"2025-07-29T11:38:14+00:00","og_image":[{"width":2560,"height":2560,"url":"https:\/\/turismobotanico.es\/wp-content\/uploads\/2025\/07\/paisaje1-scaled.jpg","type":"image\/jpeg"}],"twitter_card":"summary_large_image","twitter_misc":{"Est. reading time":"2 minutes"},"schema":{"@context":"https:\/\/schema.org","@graph":[{"@type":"WebPage","@id":"https:\/\/turismobotanico.es\/pantelleria-pago3\/","url":"https:\/\/turismobotanico.es\/pantelleria-pago3\/","name":"Pantelleria: La Isla Parque Nacional | Del 1 al 6 de Enero 2026 Pago 3 - Turismo Bot\u00e1nico","isPartOf":{"@id":"https:\/\/turismobotanico.es\/#website"},"primaryImageOfPage":{"@id":"https:\/\/turismobotanico.es\/pantelleria-pago3\/#primaryimage"},"image":{"@id":"https:\/\/turismobotanico.es\/pantelleria-pago3\/#primaryimage"},"thumbnailUrl":"https:\/\/turismobotanico.es\/wp-content\/uploads\/2025\/07\/paisaje1-scaled.jpg","datePublished":"2025-07-29T11:37:08+00:00","dateModified":"2025-07-29T11:38:14+00:00","breadcrumb":{"@id":"https:\/\/turismobotanico.es\/pantelleria-pago3\/#breadcrumb"},"inLanguage":"en-US","potentialAction":[{"@type":"ReadAction","target":["https:\/\/turismobotanico.es\/pantelleria-pago3\/"]}]},{"@type":"ImageObject","inLanguage":"en-US","@id":"https:\/\/turismobotanico.es\/pantelleria-pago3\/#primaryimage","url":"https:\/\/turismobotanico.es\/wp-content\/uploads\/2025\/07\/paisaje1-scaled.jpg","contentUrl":"https:\/\/turismobotanico.es\/wp-content\/uploads\/2025\/07\/paisaje1-scaled.jpg","width":2560,"height":2560},{"@type":"BreadcrumbList","@id":"https:\/\/turismobotanico.es\/pantelleria-pago3\/#breadcrumb","itemListElement":[{"@type":"ListItem","position":1,"name":"Portada","item":"https:\/\/turismobotanico.es\/"},{"@type":"ListItem","position":2,"name":"Tienda","item":"https:\/\/turismobotanico.es\/tienda\/"},{"@type":"ListItem","position":3,"name":"Pantelleria: La Isla Parque Nacional | Del 1 al 6 de Enero 2026 Pago 3"}]},{"@type":"WebSite","@id":"https:\/\/turismobotanico.es\/#website","url":"https:\/\/turismobotanico.es\/","name":"Turismo Bot\u00e1nico","description":"Turismo de naturaleza","potentialAction":[{"@type":"SearchAction","target":{"@type":"EntryPoint","urlTemplate":"https:\/\/turismobotanico.es\/?s={search_term_string}"},"query-input":{"@type":"PropertyValueSpecification","valueRequired":true,"valueName":"search_term_string"}}],"inLanguage":"en-US"}]}},"_links":{"self":[{"href":"https:\/\/turismobotanico.es\/en\/wp-json\/wp\/v2\/product\/16163","targetHints":{"allow":["GET"]}}],"collection":[{"href":"https:\/\/turismobotanico.es\/en\/wp-json\/wp\/v2\/product"}],"about":[{"href":"https:\/\/turismobotanico.es\/en\/wp-json\/wp\/v2\/types\/product"}],"replies":[{"embeddable":true,"href":"https:\/\/turismobotanico.es\/en\/wp-json\/wp\/v2\/comments?post=16163"}],"version-history":[{"count":1,"href":"https:\/\/turismobotanico.es\/en\/wp-json\/wp\/v2\/product\/16163\/revisions"}],"predecessor-version":[{"id":16164,"href":"https:\/\/turismobotanico.es\/en\/wp-json\/wp\/v2\/product\/16163\/revisions\/16164"}],"wp:featuredmedia":[{"embeddable":true,"href":"https:\/\/turismobotanico.es\/en\/wp-json\/wp\/v2\/media\/16152"}],"wp:attachment":[{"href":"https:\/\/turismobotanico.es\/en\/wp-json\/wp\/v2\/media?parent=16163"}],"wp:term":[{"taxonomy":"product_brand","embeddable":true,"href":"https:\/\/turismobotanico.es\/en\/wp-json\/wp\/v2\/product_brand?post=16163"},{"taxonomy":"product_cat","embeddable":true,"href":"https:\/\/turismobotanico.es\/en\/wp-json\/wp\/v2\/product_cat?post=16163"},{"taxonomy":"product_tag","embeddable":true,"href":"https:\/\/turismobotanico.es\/en\/wp-json\/wp\/v2\/product_tag?post=16163"}],"curies":[{"name":"wp","href":"https:\/\/api.w.org\/{rel}","templated":true}]}}