{"id":16185,"date":"2025-08-05T08:00:17","date_gmt":"2025-08-05T08:00:17","guid":{"rendered":"https:\/\/turismobotanico.es\/?post_type=product&#038;p=16185"},"modified":"2025-08-18T08:19:42","modified_gmt":"2025-08-18T08:19:42","slug":"azores-noviembre-2025-pago1","status":"publish","type":"product","link":"https:\/\/turismobotanico.es\/en\/azores-noviembre-2025-pago1\/","title":{"rendered":"Azores Perdidas | Del 8 al 16 de Noviembre 2025 Pago 1 (Reserva)"},"content":{"rendered":"<p><a href=\"https:\/\/turismobotanico.es\/wp-content\/uploads\/2025\/08\/Azores-2025.pdf\">VER EL PROGRAMA COMPLETO (RECOMENDADO).<\/a><\/p>\n<p><strong>AZORES PERDIDAS: LAS ISLAS OCCIDENTALES<\/strong><\/p>\n<p data-start=\"112\" data-end=\"452\"><strong>Cuando ya se cre\u00eda el abismo.<\/strong><\/p>\n<p data-start=\"112\" data-end=\"452\">El archipi\u00e9lago de las Azores: la joya de la Macaronesia, un para\u00edso en medio del Atl\u00e1ntico donde la naturaleza esculpi\u00f3 islas majestuosas. Esta vez os llevamos a las m\u00e1s occidentales. Desembarcaremos en Terceira \u2014que tambi\u00e9n exploraremos a fondo\u2014 para alcanzar despu\u00e9s Flores y Corvo, el verdadero conf\u00edn.<\/p>\n<p data-start=\"454\" data-end=\"725\">En Flores recorreremos miradores que regalan vistas sobre Corvo, la costa oeste \u2014lo m\u00e1s occidental de Europa\u2014 y rincones m\u00edticos como el Po\u00e7o da Ribeira do Ferreiro. Si el clima acompa\u00f1a, nos adentraremos en la remota isla de Corvo para contemplar su imponente caldera.<\/p>\n<p data-start=\"727\" data-end=\"996\">De vuelta en Terceira, nos espera una traves\u00eda \u00fanica: el volc\u00e1n dormido del Algar do Carv\u00e3o, las Furnas de Enxofre, el hist\u00f3rico sendero Passagem das Bestas y la grandiosa Rocha do Chambre. Todo ello sin olvidar su esencia cultural y el verdor infinito que la define.<\/p>\n<p data-start=\"998\" data-end=\"1139\">Una semana para descubrir el extremo occidental de las Azores, lejos del turismo masivo.<\/p>\n<p data-start=\"998\" data-end=\"1139\">\u00bfLas islas solo para nosotros?<\/p>\n<p data-start=\"998\" data-end=\"1139\">Haremos lo posible.<\/p>\n<p>PRECIO POR PERSONA CON TRANSPORTE, BILLETES DE AVI\u00d3N, SEGURO DE ACCIDENTES, DE VIAJE, DE CANCELACI\u00d3N Y DE RESPONSABILIDAD CIVIL, VISITAS GUIADAS, ENTRADAS A LAS ATRACCIONES TUR\u00cdSTICAS, ALOJAMIENTO CON MEDIA PENSI\u00d3N (excepto la primera noche en Lisboa) EN HOTELES DE 3 Y 4 ESTRELLAS (9 d\u00edas, 8 noches): 1890\u20ac<\/p>\n<p>El alojamiento es\u00a0en habitaci\u00f3n doble.\u00a0Si vas solo, tendr\u00e1s que pagar el suplemento de\u00a0<strong>habitaci\u00f3n individual: 250\u20ac<\/strong>. A\u00f1\u00e1delo al carrito, desde la parte de abajo de la p\u00e1gina, en el siguiente paso de la reserva.<\/p>\n<p><a href=\"https:\/\/turismobotanico.es\/en\/product\/suplemento-individual-azores\/\"><img decoding=\"async\" class=\"alignnone wp-image-16286\" src=\"https:\/\/turismobotanico.es\/wp-content\/uploads\/2025\/08\/Captura-de-pantalla-2025-08-07-103918.png\" alt=\"\" width=\"247\" height=\"67\" srcset=\"https:\/\/turismobotanico.es\/wp-content\/uploads\/2025\/08\/Captura-de-pantalla-2025-08-07-103918.png 564w, https:\/\/turismobotanico.es\/wp-content\/uploads\/2025\/08\/Captura-de-pantalla-2025-08-07-103918-768x208.png 768w, https:\/\/turismobotanico.es\/wp-content\/uploads\/2025\/08\/Captura-de-pantalla-2025-08-07-103918-600x162.png 600w\" sizes=\"(max-width: 247px) 100vw, 247px\" \/><\/a><\/p>\n<p><a href=\"https:\/\/misseguros.bujaldon-sl.com\/certificado\/df32d7104b18f4f7fc516f7d34b7595d4c464a5d18805e31254a9ee27d33e62c1\">PUEDE CONSULTAR LAS CONDICIONES DE ESTE SEGURO DE CANCELACI\u00d3N CLICANDO AQU\u00cd<\/a><\/p>\n<p><a href=\"https:\/\/turismobotanico.es\/en\/politica-de-cancelaciones\/\">PUEDES CONSULTAR AQU\u00cd NUESTRA POL\u00cdTICA DE CANCELACIONES<\/a><\/p>","protected":false},"excerpt":{"rendered":"<p><em>Del 8 al 16 de Noviembre 2025<\/em><\/p>\n<p><strong>AZORES PERDIDAS: Las islas occidentales<\/strong><\/p>\n<p>Viaje de naturaleza y cultura por las islas Azores de Flores, Corvo y Terceira.<\/p>\n<p>En el precio de este viaje va incluido:<\/p>\n<ul>\n<li>Billetes de avi\u00f3n Valencia &#8211; Lisboa; Lisboa &#8211; Flores; Flores-Terceira; Terceira-Lisboa; Lisboa &#8211; Alicante con una pieza de equipaje facturado de 20Kg<\/li>\n<li>Transporte en bus al aeropuerto de Valencia, regreso del aeropuerto y desplazamientos en destino<\/li>\n<li>Gu\u00edas de naturaleza y cultura, altamente cualificados<\/li>\n<li>Entrada a las diferentes atracciones tur\u00edsticas del programa<\/li>\n<li>Seguros de Cancelaci\u00f3n (leer los casos cubiertos), de Viaje, Accidentes y Responsabilidad Civil<\/li>\n<li>8 noches en habitaci\u00f3n doble o de matrimonio* en r\u00e9gimen de media pensi\u00f3n (excepto el primer d\u00eda en Lisboa) * (Supeditada a disponibilidad)<\/li>\n<\/ul>","protected":false},"featured_media":16224,"comment_status":"open","ping_status":"closed","template":"","meta":[],"product_brand":[],"product_cat":[115],"product_tag":[],"class_list":{"0":"post-16185","1":"product","2":"type-product","3":"status-publish","4":"has-post-thumbnail","6":"product_cat-sin-categoria","8":"first","9":"instock","10":"virtual","11":"purchasable","12":"product-type-simple"},"yoast_head":"<!-- This site is optimized with the Yoast SEO plugin v27.2 - https:\/\/yoast.com\/product\/yoast-seo-wordpress\/ -->\n<title>Azores Perdidas | Del 8 al 16 de Noviembre 2025 Pago 1 (Reserva) - Turismo Bot\u00e1nico<\/title>\n<meta name=\"robots\" content=\"index, follow, max-snippet:-1, max-image-preview:large, max-video-preview:-1\" \/>\n<link rel=\"canonical\" href=\"https:\/\/turismobotanico.es\/en\/azores-noviembre-2025-pago1\/\" \/>\n<meta property=\"og:locale\" content=\"en_US\" \/>\n<meta property=\"og:type\" content=\"article\" \/>\n<meta property=\"og:title\" content=\"Azores Perdidas | Del 8 al 16 de Noviembre 2025 Pago 1 (Reserva) - Turismo Bot\u00e1nico\" \/>\n<meta property=\"og:description\" content=\"Del 8 al 16 de Noviembre 2025  AZORES PERDIDAS: Las islas occidentales  Viaje de naturaleza y cultura por las islas Azores de Flores, Corvo y Terceira.  En el precio de este viaje va incluido:   Billetes de avi\u00f3n Valencia - Lisboa; Lisboa - Flores; Flores-Terceira; Terceira-Lisboa; Lisboa - Alicante con una pieza de equipaje facturado de 20Kg  Transporte en bus al aeropuerto de Valencia, regreso del aeropuerto y desplazamientos en destino  Gu\u00edas de naturaleza y cultura, altamente cualificados  Entrada a las diferentes atracciones tur\u00edsticas del programa  Seguros de Cancelaci\u00f3n (leer los casos cubiertos), de Viaje, Accidentes y Responsabilidad Civil  8 noches en habitaci\u00f3n doble o de matrimonio* en r\u00e9gimen de media pensi\u00f3n (excepto el primer d\u00eda en Lisboa) * (Supeditada a disponibilidad)\" \/>\n<meta property=\"og:url\" content=\"https:\/\/turismobotanico.es\/en\/azores-noviembre-2025-pago1\/\" \/>\n<meta property=\"og:site_name\" content=\"Turismo Bot\u00e1nico\" \/>\n<meta property=\"article:modified_time\" content=\"2025-08-18T08:19:42+00:00\" \/>\n<meta property=\"og:image\" content=\"https:\/\/turismobotanico.es\/wp-content\/uploads\/2025\/08\/Ribera-do-Ferreiro.jpg\" \/>\n\t<meta property=\"og:image:width\" content=\"2048\" \/>\n\t<meta property=\"og:image:height\" content=\"1652\" \/>\n\t<meta property=\"og:image:type\" content=\"image\/jpeg\" \/>\n<meta name=\"twitter:card\" content=\"summary_large_image\" \/>\n<meta name=\"twitter:label1\" content=\"Est. reading time\" \/>\n\t<meta name=\"twitter:data1\" content=\"2 minutes\" \/>\n<script type=\"application\/ld+json\" class=\"yoast-schema-graph\">{\"@context\":\"https:\/\/schema.org\",\"@graph\":[{\"@type\":\"WebPage\",\"@id\":\"https:\/\/turismobotanico.es\/azores-noviembre-2025-pago1\/\",\"url\":\"https:\/\/turismobotanico.es\/azores-noviembre-2025-pago1\/\",\"name\":\"Azores Perdidas | Del 8 al 16 de Noviembre 2025 Pago 1 (Reserva) - Turismo Bot\u00e1nico\",\"isPartOf\":{\"@id\":\"https:\/\/turismobotanico.es\/#website\"},\"primaryImageOfPage\":{\"@id\":\"https:\/\/turismobotanico.es\/azores-noviembre-2025-pago1\/#primaryimage\"},\"image\":{\"@id\":\"https:\/\/turismobotanico.es\/azores-noviembre-2025-pago1\/#primaryimage\"},\"thumbnailUrl\":\"https:\/\/turismobotanico.es\/wp-content\/uploads\/2025\/08\/Ribera-do-Ferreiro.jpg\",\"datePublished\":\"2025-08-05T08:00:17+00:00\",\"dateModified\":\"2025-08-18T08:19:42+00:00\",\"breadcrumb\":{\"@id\":\"https:\/\/turismobotanico.es\/azores-noviembre-2025-pago1\/#breadcrumb\"},\"inLanguage\":\"en-US\",\"potentialAction\":[{\"@type\":\"ReadAction\",\"target\":[\"https:\/\/turismobotanico.es\/azores-noviembre-2025-pago1\/\"]}]},{\"@type\":\"ImageObject\",\"inLanguage\":\"en-US\",\"@id\":\"https:\/\/turismobotanico.es\/azores-noviembre-2025-pago1\/#primaryimage\",\"url\":\"https:\/\/turismobotanico.es\/wp-content\/uploads\/2025\/08\/Ribera-do-Ferreiro.jpg\",\"contentUrl\":\"https:\/\/turismobotanico.es\/wp-content\/uploads\/2025\/08\/Ribera-do-Ferreiro.jpg\",\"width\":2048,\"height\":1652},{\"@type\":\"BreadcrumbList\",\"@id\":\"https:\/\/turismobotanico.es\/azores-noviembre-2025-pago1\/#breadcrumb\",\"itemListElement\":[{\"@type\":\"ListItem\",\"position\":1,\"name\":\"Portada\",\"item\":\"https:\/\/turismobotanico.es\/\"},{\"@type\":\"ListItem\",\"position\":2,\"name\":\"Tienda\",\"item\":\"https:\/\/turismobotanico.es\/tienda\/\"},{\"@type\":\"ListItem\",\"position\":3,\"name\":\"Azores Perdidas | Del 8 al 16 de Noviembre 2025 Pago 1 (Reserva)\"}]},{\"@type\":\"WebSite\",\"@id\":\"https:\/\/turismobotanico.es\/#website\",\"url\":\"https:\/\/turismobotanico.es\/\",\"name\":\"Turismo Bot\u00e1nico\",\"description\":\"Turismo de naturaleza\",\"potentialAction\":[{\"@type\":\"SearchAction\",\"target\":{\"@type\":\"EntryPoint\",\"urlTemplate\":\"https:\/\/turismobotanico.es\/?s={search_term_string}\"},\"query-input\":{\"@type\":\"PropertyValueSpecification\",\"valueRequired\":true,\"valueName\":\"search_term_string\"}}],\"inLanguage\":\"en-US\"}]}<\/script>\n<!-- \/ Yoast SEO plugin. -->","yoast_head_json":{"title":"Azores Perdidas | Del 8 al 16 de Noviembre 2025 Pago 1 (Reserva) - Turismo Bot\u00e1nico","robots":{"index":"index","follow":"follow","max-snippet":"max-snippet:-1","max-image-preview":"max-image-preview:large","max-video-preview":"max-video-preview:-1"},"canonical":"https:\/\/turismobotanico.es\/en\/azores-noviembre-2025-pago1\/","og_locale":"en_US","og_type":"article","og_title":"Azores Perdidas | Del 8 al 16 de Noviembre 2025 Pago 1 (Reserva) - Turismo Bot\u00e1nico","og_description":"Del 8 al 16 de Noviembre 2025  AZORES PERDIDAS: Las islas occidentales  Viaje de naturaleza y cultura por las islas Azores de Flores, Corvo y Terceira.  En el precio de este viaje va incluido:   Billetes de avi\u00f3n Valencia - Lisboa; Lisboa - Flores; Flores-Terceira; Terceira-Lisboa; Lisboa - Alicante con una pieza de equipaje facturado de 20Kg  Transporte en bus al aeropuerto de Valencia, regreso del aeropuerto y desplazamientos en destino  Gu\u00edas de naturaleza y cultura, altamente cualificados  Entrada a las diferentes atracciones tur\u00edsticas del programa  Seguros de Cancelaci\u00f3n (leer los casos cubiertos), de Viaje, Accidentes y Responsabilidad Civil  8 noches en habitaci\u00f3n doble o de matrimonio* en r\u00e9gimen de media pensi\u00f3n (excepto el primer d\u00eda en Lisboa) * (Supeditada a disponibilidad)","og_url":"https:\/\/turismobotanico.es\/en\/azores-noviembre-2025-pago1\/","og_site_name":"Turismo Bot\u00e1nico","article_modified_time":"2025-08-18T08:19:42+00:00","og_image":[{"width":2048,"height":1652,"url":"https:\/\/turismobotanico.es\/wp-content\/uploads\/2025\/08\/Ribera-do-Ferreiro.jpg","type":"image\/jpeg"}],"twitter_card":"summary_large_image","twitter_misc":{"Est. reading time":"2 minutes"},"schema":{"@context":"https:\/\/schema.org","@graph":[{"@type":"WebPage","@id":"https:\/\/turismobotanico.es\/azores-noviembre-2025-pago1\/","url":"https:\/\/turismobotanico.es\/azores-noviembre-2025-pago1\/","name":"Azores Perdidas | Del 8 al 16 de Noviembre 2025 Pago 1 (Reserva) - Turismo Bot\u00e1nico","isPartOf":{"@id":"https:\/\/turismobotanico.es\/#website"},"primaryImageOfPage":{"@id":"https:\/\/turismobotanico.es\/azores-noviembre-2025-pago1\/#primaryimage"},"image":{"@id":"https:\/\/turismobotanico.es\/azores-noviembre-2025-pago1\/#primaryimage"},"thumbnailUrl":"https:\/\/turismobotanico.es\/wp-content\/uploads\/2025\/08\/Ribera-do-Ferreiro.jpg","datePublished":"2025-08-05T08:00:17+00:00","dateModified":"2025-08-18T08:19:42+00:00","breadcrumb":{"@id":"https:\/\/turismobotanico.es\/azores-noviembre-2025-pago1\/#breadcrumb"},"inLanguage":"en-US","potentialAction":[{"@type":"ReadAction","target":["https:\/\/turismobotanico.es\/azores-noviembre-2025-pago1\/"]}]},{"@type":"ImageObject","inLanguage":"en-US","@id":"https:\/\/turismobotanico.es\/azores-noviembre-2025-pago1\/#primaryimage","url":"https:\/\/turismobotanico.es\/wp-content\/uploads\/2025\/08\/Ribera-do-Ferreiro.jpg","contentUrl":"https:\/\/turismobotanico.es\/wp-content\/uploads\/2025\/08\/Ribera-do-Ferreiro.jpg","width":2048,"height":1652},{"@type":"BreadcrumbList","@id":"https:\/\/turismobotanico.es\/azores-noviembre-2025-pago1\/#breadcrumb","itemListElement":[{"@type":"ListItem","position":1,"name":"Portada","item":"https:\/\/turismobotanico.es\/"},{"@type":"ListItem","position":2,"name":"Tienda","item":"https:\/\/turismobotanico.es\/tienda\/"},{"@type":"ListItem","position":3,"name":"Azores Perdidas | Del 8 al 16 de Noviembre 2025 Pago 1 (Reserva)"}]},{"@type":"WebSite","@id":"https:\/\/turismobotanico.es\/#website","url":"https:\/\/turismobotanico.es\/","name":"Turismo Bot\u00e1nico","description":"Turismo de naturaleza","potentialAction":[{"@type":"SearchAction","target":{"@type":"EntryPoint","urlTemplate":"https:\/\/turismobotanico.es\/?s={search_term_string}"},"query-input":{"@type":"PropertyValueSpecification","valueRequired":true,"valueName":"search_term_string"}}],"inLanguage":"en-US"}]}},"_links":{"self":[{"href":"https:\/\/turismobotanico.es\/en\/wp-json\/wp\/v2\/product\/16185","targetHints":{"allow":["GET"]}}],"collection":[{"href":"https:\/\/turismobotanico.es\/en\/wp-json\/wp\/v2\/product"}],"about":[{"href":"https:\/\/turismobotanico.es\/en\/wp-json\/wp\/v2\/types\/product"}],"replies":[{"embeddable":true,"href":"https:\/\/turismobotanico.es\/en\/wp-json\/wp\/v2\/comments?post=16185"}],"version-history":[{"count":8,"href":"https:\/\/turismobotanico.es\/en\/wp-json\/wp\/v2\/product\/16185\/revisions"}],"predecessor-version":[{"id":16385,"href":"https:\/\/turismobotanico.es\/en\/wp-json\/wp\/v2\/product\/16185\/revisions\/16385"}],"wp:featuredmedia":[{"embeddable":true,"href":"https:\/\/turismobotanico.es\/en\/wp-json\/wp\/v2\/media\/16224"}],"wp:attachment":[{"href":"https:\/\/turismobotanico.es\/en\/wp-json\/wp\/v2\/media?parent=16185"}],"wp:term":[{"taxonomy":"product_brand","embeddable":true,"href":"https:\/\/turismobotanico.es\/en\/wp-json\/wp\/v2\/product_brand?post=16185"},{"taxonomy":"product_cat","embeddable":true,"href":"https:\/\/turismobotanico.es\/en\/wp-json\/wp\/v2\/product_cat?post=16185"},{"taxonomy":"product_tag","embeddable":true,"href":"https:\/\/turismobotanico.es\/en\/wp-json\/wp\/v2\/product_tag?post=16185"}],"curies":[{"name":"wp","href":"https:\/\/api.w.org\/{rel}","templated":true}]}}