{"id":16282,"date":"2025-08-06T11:22:39","date_gmt":"2025-08-06T11:22:39","guid":{"rendered":"https:\/\/turismobotanico.es\/?post_type=product&#038;p=16282"},"modified":"2025-08-06T11:23:33","modified_gmt":"2025-08-06T11:23:33","slug":"merindades-octubre-2025-pago2","status":"publish","type":"product","link":"https:\/\/turismobotanico.es\/en\/merindades-octubre-2025-pago2\/","title":{"rendered":"Merindades: La Castilla Verde | Del 24 al 26 Octubre 2025 Pago 2"},"content":{"rendered":"<p><a href=\"https:\/\/turismobotanico.es\/wp-content\/uploads\/2025\/08\/Merindades-2025.pdf\">VER EL PROGRAMA COMPLETO (RECOMENDADO).<\/a><\/p>\n<p><strong>LA BUC\u00d3LICA CUNA DE UN IMPERIO<\/strong><\/p>\n<p>Castilla evoca al Cid cabalgando entre polvo y hierro, los p\u00e1ramos de Machado y la llanura del Quijote. Pero el origen del se\u00f1or\u00edo que siglos despu\u00e9s alz\u00f3 su bandera en Am\u00e9rica es muy distinto: una tierra verde, de robles y hayas, de r\u00edos que descienden de las monta\u00f1as sembrando cascadas y paisajes que recuerdan al Pa\u00eds Vasco.<\/p>\n<p data-start=\"487\" data-end=\"684\">De todas las merindades medievales, son las de <strong>Burgos<\/strong> las que han conservado el nombre y la esencia: la verdadera cuna del imperio y, hoy, un destino de belleza natural y riqueza cultural \u00fanicas.<\/p>\n<p data-start=\"686\" data-end=\"942\">Aqu\u00ed, la piedra se transforma en arcos y torres rom\u00e1nicas, como <strong>las iglesias del Valle de Mena o el castillo colgado de Fr\u00edas<\/strong>. Y convive con la <strong>naturaleza intacta<\/strong> de los <strong>Parques Naturales de los Montes Obarenes<\/strong> y de los <strong>Ca\u00f1ones del Alto Ebro y el Rudr\u00f3n<\/strong>.<\/p>\n<p data-start=\"944\" data-end=\"1213\">La uni\u00f3n entre historia y paisaje se hace a\u00fan m\u00e1s intensa en lugares donde el hombre tall\u00f3 su fe en la roca: <strong>la Ermita de San Bernab\u00e9 en Ojo Guare\u00f1a<\/strong>, los eremitorios del <strong>Arroyo de las Torcas<\/strong> o los pueblos m\u00e1gicos de <strong>Orbaneja y Tobera<\/strong>, levantados entre saltos de agua.<\/p>\n<p>PRECIO POR PERSONA CON TRANSPORTE (AVE), SEGUROS, VISITAS GUIADAS, ENTRADA AL SANTUARIO OJO GUARE\u00d1A, ALOJAMIENTO CON DESAYUNO Y CENA (3 d\u00edas, 2 noches): 430\u20ac<\/p>\n<p>El alojamiento es\u00a0en habitaci\u00f3n doble.\u00a0Si vas solo, tendr\u00e1s que pagar el suplemento de\u00a0<strong>habitaci\u00f3n individual: 50\u20ac<\/strong>. A\u00f1\u00e1delo al carrito, desde la parte de abajo de la p\u00e1gina, en el siguiente paso de la reserva.<\/p>\n<p>El precio incluye\u00a0<strong>Seguro de Asistencia y Cancelaci\u00f3n<\/strong>, cuyas condiciones sustituyen a las de nuestra pol\u00edtica de cancelaciones gen\u00e9rica.<\/p>\n<p><a href=\"https:\/\/www.bujaldon-sl.com\/productos\/simply\/asistencia-plus-cancelacion-1800\">PUEDE CONSULTAR LAS CONDICIONES DE ESTE SEGURO DE CANCELACI\u00d3N CLICANDO AQU\u00cd<\/a><\/p>\n<p><a href=\"https:\/\/turismobotanico.es\/en\/politica-de-cancelaciones\/\">PUEDES CONSULTAR AQU\u00cd NUESTRA POL\u00cdTICA DE CANCELACIONES<\/a><\/p>","protected":false},"excerpt":{"rendered":"<div class=\"contenido\">\n<h2>Merindades: La Castilla verde<\/h2>\n<p><span style=\"font-size: 12pt;\">Hayedos, cascadas y rom\u00e1nico. Alto Ebro, Valle de Mena y Ojo Guare\u00f1a<\/span><\/p>\n<p><strong>Del 24 al 26 de Octubre de 2025<\/strong><\/p>\n<p>Traslado en tren de alta velocidad: sostenibilidad, comodidad y m\u00e1ximo aprovechamiento del tiempo<\/p>\n<h3>El precio incluye:<\/h3>\n<ul>\n<li>Transporte en tren de alta velocidad desde Murcia, Albacete o Alicante y bus o furg\u00f3n de pasajeros en destino.<\/li>\n<li><strong>2 noches en habitaci\u00f3n doble<\/strong> con desayuno y cena<\/li>\n<li><strong>Gu\u00eda\/s acompa\u00f1ante y de naturaleza<\/strong> desde la salida<\/li>\n<li><strong>Entrada al Santuario del Ojo Guare\u00f1a<\/strong><\/li>\n<li><strong>Seguro de Asistencia y Cancelaci\u00f3n<\/strong><\/li>\n<li><strong>Seguros de accidentes y RC<\/strong><\/li>\n<\/ul>\n<hr \/>\n<p><strong>M\u00c1S INFORMACI\u00d3N EN \u00abDESCRIPCI\u00d3N\u00bb ABAJO \u21d3<\/strong><\/p>\n<\/div>","protected":false},"featured_media":16270,"comment_status":"open","ping_status":"closed","template":"","meta":[],"product_brand":[],"product_cat":[115],"product_tag":[],"class_list":{"0":"post-16282","1":"product","2":"type-product","3":"status-publish","4":"has-post-thumbnail","6":"product_cat-sin-categoria","8":"first","9":"instock","10":"shipping-taxable","11":"purchasable","12":"product-type-simple"},"yoast_head":"<!-- This site is optimized with the Yoast SEO plugin v27.2 - https:\/\/yoast.com\/product\/yoast-seo-wordpress\/ -->\n<title>Merindades: La Castilla Verde | Del 24 al 26 Octubre 2025 Pago 2 - Turismo Bot\u00e1nico<\/title>\n<meta name=\"robots\" content=\"index, follow, max-snippet:-1, max-image-preview:large, max-video-preview:-1\" \/>\n<link rel=\"canonical\" href=\"https:\/\/turismobotanico.es\/en\/merindades-octubre-2025-pago2\/\" \/>\n<meta property=\"og:locale\" content=\"en_US\" \/>\n<meta property=\"og:type\" content=\"article\" \/>\n<meta property=\"og:title\" content=\"Merindades: La Castilla Verde | Del 24 al 26 Octubre 2025 Pago 2 - Turismo Bot\u00e1nico\" \/>\n<meta property=\"og:description\" content=\"Merindades: La Castilla verde Hayedos, cascadas y rom\u00e1nico. Alto Ebro, Valle de Mena y Ojo Guare\u00f1a  Del 24 al 26 de Octubre de 2025  Traslado en tren de alta velocidad: sostenibilidad, comodidad y m\u00e1ximo aprovechamiento del tiempo El precio incluye:   Transporte en tren de alta velocidad desde Murcia, Albacete o Alicante y bus o furg\u00f3n de pasajeros en destino.  2 noches en habitaci\u00f3n doble con desayuno y cena  Gu\u00eda\/s acompa\u00f1ante y de naturaleza desde la salida  Entrada al Santuario del Ojo Guare\u00f1a  Seguro de Asistencia y Cancelaci\u00f3n  Seguros de accidentes y RC     M\u00c1S INFORMACI\u00d3N EN \u00abDESCRIPCI\u00d3N\u00bb ABAJO \u21d3\" \/>\n<meta property=\"og:url\" content=\"https:\/\/turismobotanico.es\/en\/merindades-octubre-2025-pago2\/\" \/>\n<meta property=\"og:site_name\" content=\"Turismo Bot\u00e1nico\" \/>\n<meta property=\"article:modified_time\" content=\"2025-08-06T11:23:33+00:00\" \/>\n<meta property=\"og:image\" content=\"https:\/\/turismobotanico.es\/wp-content\/uploads\/2025\/08\/Cascada-de-penaladros-Angulo-Valle-de-Mena-1jpg.jpg\" \/>\n\t<meta property=\"og:image:width\" content=\"630\" \/>\n\t<meta property=\"og:image:height\" content=\"827\" \/>\n\t<meta property=\"og:image:type\" content=\"image\/jpeg\" \/>\n<meta name=\"twitter:card\" content=\"summary_large_image\" \/>\n<meta name=\"twitter:label1\" content=\"Est. reading time\" \/>\n\t<meta name=\"twitter:data1\" content=\"2 minutes\" \/>\n<script type=\"application\/ld+json\" class=\"yoast-schema-graph\">{\"@context\":\"https:\/\/schema.org\",\"@graph\":[{\"@type\":\"WebPage\",\"@id\":\"https:\/\/turismobotanico.es\/merindades-octubre-2025-pago2\/\",\"url\":\"https:\/\/turismobotanico.es\/merindades-octubre-2025-pago2\/\",\"name\":\"Merindades: La Castilla Verde | Del 24 al 26 Octubre 2025 Pago 2 - Turismo Bot\u00e1nico\",\"isPartOf\":{\"@id\":\"https:\/\/turismobotanico.es\/#website\"},\"primaryImageOfPage\":{\"@id\":\"https:\/\/turismobotanico.es\/merindades-octubre-2025-pago2\/#primaryimage\"},\"image\":{\"@id\":\"https:\/\/turismobotanico.es\/merindades-octubre-2025-pago2\/#primaryimage\"},\"thumbnailUrl\":\"https:\/\/turismobotanico.es\/wp-content\/uploads\/2025\/08\/Cascada-de-penaladros-Angulo-Valle-de-Mena-1jpg.jpg\",\"datePublished\":\"2025-08-06T11:22:39+00:00\",\"dateModified\":\"2025-08-06T11:23:33+00:00\",\"breadcrumb\":{\"@id\":\"https:\/\/turismobotanico.es\/merindades-octubre-2025-pago2\/#breadcrumb\"},\"inLanguage\":\"en-US\",\"potentialAction\":[{\"@type\":\"ReadAction\",\"target\":[\"https:\/\/turismobotanico.es\/merindades-octubre-2025-pago2\/\"]}]},{\"@type\":\"ImageObject\",\"inLanguage\":\"en-US\",\"@id\":\"https:\/\/turismobotanico.es\/merindades-octubre-2025-pago2\/#primaryimage\",\"url\":\"https:\/\/turismobotanico.es\/wp-content\/uploads\/2025\/08\/Cascada-de-penaladros-Angulo-Valle-de-Mena-1jpg.jpg\",\"contentUrl\":\"https:\/\/turismobotanico.es\/wp-content\/uploads\/2025\/08\/Cascada-de-penaladros-Angulo-Valle-de-Mena-1jpg.jpg\",\"width\":630,\"height\":827},{\"@type\":\"BreadcrumbList\",\"@id\":\"https:\/\/turismobotanico.es\/merindades-octubre-2025-pago2\/#breadcrumb\",\"itemListElement\":[{\"@type\":\"ListItem\",\"position\":1,\"name\":\"Portada\",\"item\":\"https:\/\/turismobotanico.es\/\"},{\"@type\":\"ListItem\",\"position\":2,\"name\":\"Tienda\",\"item\":\"https:\/\/turismobotanico.es\/tienda\/\"},{\"@type\":\"ListItem\",\"position\":3,\"name\":\"Merindades: La Castilla Verde | Del 24 al 26 Octubre 2025 Pago 2\"}]},{\"@type\":\"WebSite\",\"@id\":\"https:\/\/turismobotanico.es\/#website\",\"url\":\"https:\/\/turismobotanico.es\/\",\"name\":\"Turismo Bot\u00e1nico\",\"description\":\"Turismo de naturaleza\",\"potentialAction\":[{\"@type\":\"SearchAction\",\"target\":{\"@type\":\"EntryPoint\",\"urlTemplate\":\"https:\/\/turismobotanico.es\/?s={search_term_string}\"},\"query-input\":{\"@type\":\"PropertyValueSpecification\",\"valueRequired\":true,\"valueName\":\"search_term_string\"}}],\"inLanguage\":\"en-US\"}]}<\/script>\n<!-- \/ Yoast SEO plugin. -->","yoast_head_json":{"title":"Merindades: La Castilla Verde | Del 24 al 26 Octubre 2025 Pago 2 - Turismo Bot\u00e1nico","robots":{"index":"index","follow":"follow","max-snippet":"max-snippet:-1","max-image-preview":"max-image-preview:large","max-video-preview":"max-video-preview:-1"},"canonical":"https:\/\/turismobotanico.es\/en\/merindades-octubre-2025-pago2\/","og_locale":"en_US","og_type":"article","og_title":"Merindades: La Castilla Verde | Del 24 al 26 Octubre 2025 Pago 2 - Turismo Bot\u00e1nico","og_description":"Merindades: La Castilla verde Hayedos, cascadas y rom\u00e1nico. Alto Ebro, Valle de Mena y Ojo Guare\u00f1a  Del 24 al 26 de Octubre de 2025  Traslado en tren de alta velocidad: sostenibilidad, comodidad y m\u00e1ximo aprovechamiento del tiempo El precio incluye:   Transporte en tren de alta velocidad desde Murcia, Albacete o Alicante y bus o furg\u00f3n de pasajeros en destino.  2 noches en habitaci\u00f3n doble con desayuno y cena  Gu\u00eda\/s acompa\u00f1ante y de naturaleza desde la salida  Entrada al Santuario del Ojo Guare\u00f1a  Seguro de Asistencia y Cancelaci\u00f3n  Seguros de accidentes y RC     M\u00c1S INFORMACI\u00d3N EN \u00abDESCRIPCI\u00d3N\u00bb ABAJO \u21d3","og_url":"https:\/\/turismobotanico.es\/en\/merindades-octubre-2025-pago2\/","og_site_name":"Turismo Bot\u00e1nico","article_modified_time":"2025-08-06T11:23:33+00:00","og_image":[{"width":630,"height":827,"url":"https:\/\/turismobotanico.es\/wp-content\/uploads\/2025\/08\/Cascada-de-penaladros-Angulo-Valle-de-Mena-1jpg.jpg","type":"image\/jpeg"}],"twitter_card":"summary_large_image","twitter_misc":{"Est. reading time":"2 minutes"},"schema":{"@context":"https:\/\/schema.org","@graph":[{"@type":"WebPage","@id":"https:\/\/turismobotanico.es\/merindades-octubre-2025-pago2\/","url":"https:\/\/turismobotanico.es\/merindades-octubre-2025-pago2\/","name":"Merindades: La Castilla Verde | Del 24 al 26 Octubre 2025 Pago 2 - Turismo Bot\u00e1nico","isPartOf":{"@id":"https:\/\/turismobotanico.es\/#website"},"primaryImageOfPage":{"@id":"https:\/\/turismobotanico.es\/merindades-octubre-2025-pago2\/#primaryimage"},"image":{"@id":"https:\/\/turismobotanico.es\/merindades-octubre-2025-pago2\/#primaryimage"},"thumbnailUrl":"https:\/\/turismobotanico.es\/wp-content\/uploads\/2025\/08\/Cascada-de-penaladros-Angulo-Valle-de-Mena-1jpg.jpg","datePublished":"2025-08-06T11:22:39+00:00","dateModified":"2025-08-06T11:23:33+00:00","breadcrumb":{"@id":"https:\/\/turismobotanico.es\/merindades-octubre-2025-pago2\/#breadcrumb"},"inLanguage":"en-US","potentialAction":[{"@type":"ReadAction","target":["https:\/\/turismobotanico.es\/merindades-octubre-2025-pago2\/"]}]},{"@type":"ImageObject","inLanguage":"en-US","@id":"https:\/\/turismobotanico.es\/merindades-octubre-2025-pago2\/#primaryimage","url":"https:\/\/turismobotanico.es\/wp-content\/uploads\/2025\/08\/Cascada-de-penaladros-Angulo-Valle-de-Mena-1jpg.jpg","contentUrl":"https:\/\/turismobotanico.es\/wp-content\/uploads\/2025\/08\/Cascada-de-penaladros-Angulo-Valle-de-Mena-1jpg.jpg","width":630,"height":827},{"@type":"BreadcrumbList","@id":"https:\/\/turismobotanico.es\/merindades-octubre-2025-pago2\/#breadcrumb","itemListElement":[{"@type":"ListItem","position":1,"name":"Portada","item":"https:\/\/turismobotanico.es\/"},{"@type":"ListItem","position":2,"name":"Tienda","item":"https:\/\/turismobotanico.es\/tienda\/"},{"@type":"ListItem","position":3,"name":"Merindades: La Castilla Verde | Del 24 al 26 Octubre 2025 Pago 2"}]},{"@type":"WebSite","@id":"https:\/\/turismobotanico.es\/#website","url":"https:\/\/turismobotanico.es\/","name":"Turismo Bot\u00e1nico","description":"Turismo de naturaleza","potentialAction":[{"@type":"SearchAction","target":{"@type":"EntryPoint","urlTemplate":"https:\/\/turismobotanico.es\/?s={search_term_string}"},"query-input":{"@type":"PropertyValueSpecification","valueRequired":true,"valueName":"search_term_string"}}],"inLanguage":"en-US"}]}},"_links":{"self":[{"href":"https:\/\/turismobotanico.es\/en\/wp-json\/wp\/v2\/product\/16282","targetHints":{"allow":["GET"]}}],"collection":[{"href":"https:\/\/turismobotanico.es\/en\/wp-json\/wp\/v2\/product"}],"about":[{"href":"https:\/\/turismobotanico.es\/en\/wp-json\/wp\/v2\/types\/product"}],"replies":[{"embeddable":true,"href":"https:\/\/turismobotanico.es\/en\/wp-json\/wp\/v2\/comments?post=16282"}],"version-history":[{"count":1,"href":"https:\/\/turismobotanico.es\/en\/wp-json\/wp\/v2\/product\/16282\/revisions"}],"predecessor-version":[{"id":16283,"href":"https:\/\/turismobotanico.es\/en\/wp-json\/wp\/v2\/product\/16282\/revisions\/16283"}],"wp:featuredmedia":[{"embeddable":true,"href":"https:\/\/turismobotanico.es\/en\/wp-json\/wp\/v2\/media\/16270"}],"wp:attachment":[{"href":"https:\/\/turismobotanico.es\/en\/wp-json\/wp\/v2\/media?parent=16282"}],"wp:term":[{"taxonomy":"product_brand","embeddable":true,"href":"https:\/\/turismobotanico.es\/en\/wp-json\/wp\/v2\/product_brand?post=16282"},{"taxonomy":"product_cat","embeddable":true,"href":"https:\/\/turismobotanico.es\/en\/wp-json\/wp\/v2\/product_cat?post=16282"},{"taxonomy":"product_tag","embeddable":true,"href":"https:\/\/turismobotanico.es\/en\/wp-json\/wp\/v2\/product_tag?post=16282"}],"curies":[{"name":"wp","href":"https:\/\/api.w.org\/{rel}","templated":true}]}}