{"id":16290,"date":"2025-08-07T09:22:15","date_gmt":"2025-08-07T09:22:15","guid":{"rendered":"https:\/\/turismobotanico.es\/?post_type=product&#038;p=16290"},"modified":"2025-08-18T10:55:58","modified_gmt":"2025-08-18T10:55:58","slug":"floracion-dalias-octubre-2025-reserva","status":"publish","type":"product","link":"https:\/\/turismobotanico.es\/en\/floracion-dalias-octubre-2025-reserva\/","title":{"rendered":"La Floraci\u00f3n de las Dalias | Del 1 al 5 de Octubre 2025 Pago 1 (Reserva)"},"content":{"rendered":"<p><a href=\"https:\/\/turismobotanico.es\/wp-content\/uploads\/2025\/08\/Flor-Dalia-Octubre-25.pdf\">VER EL PROGRAMA COMPLETO (RECOMENDADO).<\/a><\/p>\n<p data-start=\"112\" data-end=\"452\"><strong>LA FLORACI\u00d3N DE LAS DALIAS Y FUENTES DEL PREPIRINEO<\/strong><\/p>\n<p data-start=\"115\" data-end=\"167\"><strong data-start=\"115\" data-end=\"167\">Campos de color con el macizo pirenaico de fondo<\/strong><\/p>\n<p data-start=\"169\" data-end=\"404\">El verano queda atr\u00e1s. En los majestuosos Pirineos, alguna tormenta habr\u00e1 refrescado la estaci\u00f3n seca, y el oto\u00f1o empieza a asomar. Si septiembre trae lluvias, las fuentes de monta\u00f1a se convierten en protagonistas, y vamos en su busca.<\/p>\n<p data-start=\"406\" data-end=\"684\">A las puertas de Andorra, nos espera uno de los parques naturales m\u00e1s bellos: el Cad\u00ed-Moixer\u00f3. Subiremos al <strong>Prat de Cad\u00ed<\/strong> para disfrutar de vistas imponentes del macizo, y aprovecharemos para descubrir el <strong>Bullidor de la Llet<\/strong>, una cascada que nos regalar\u00e1 un respiro al atardecer.<\/p>\n<p data-start=\"686\" data-end=\"897\">M\u00e1s al sur, nos adentramos en el prepirineo para explorar el <strong>Clot de la Font Viva<\/strong> y las <strong>Fonts del Cardener<\/strong>. Naturaleza en estado puro, acompa\u00f1ada de joyas culturales como <strong>Guimer\u00e1<\/strong> y el encantador pueblo de <strong>Olius<\/strong>.<\/p>\n<p data-start=\"899\" data-end=\"1049\">Y por supuesto, una visita obligada: una <strong>granja de dalias<\/strong>, que a\u00fan en flor, nos permitir\u00e1 capturar la belleza del verano antes de despedirlo del todo.<\/p>\n<p data-start=\"1051\" data-end=\"1158\" data-is-last-node=\"\" data-is-only-node=\"\">Daremos la bienvenida al oto\u00f1o en una regi\u00f3n poco transitada, llena de naturaleza y cultura.<\/p>\n<p data-start=\"1051\" data-end=\"1158\" data-is-last-node=\"\" data-is-only-node=\"\">\u00bfTe apuntas?<\/p>\n<p>PRECIO POR PERSONA CON TRANSPORTE, BILLETES DE TREN, SEGUROS, VISITAS GUIADAS, ENTRADAS A LAS ATRACCIONES TUR\u00cdSTICAS, ALOJAMIENTO CON DESAYUNO (Y COMIDA EL 2 DE OCTUBRE) EN HOTEL (5 d\u00edas, 4 noches): 890\u20ac POR PERSONA<\/p>\n<p>El alojamiento es\u00a0en habitaci\u00f3n doble.\u00a0Si vas solo, tendr\u00e1s que pagar el suplemento de\u00a0<strong>habitaci\u00f3n individual: 150\u20ac<\/strong>. A\u00f1\u00e1delo al carrito, desde la parte de abajo de la p\u00e1gina, en el siguiente paso de la reserva.<\/p>\n<p><a href=\"https:\/\/turismobotanico.es\/en\/product\/suplemento-individual-dalias\/\"><img decoding=\"async\" class=\"alignnone wp-image-16286\" src=\"https:\/\/turismobotanico.es\/wp-content\/uploads\/2025\/08\/Captura-de-pantalla-2025-08-07-103918.png\" alt=\"\" width=\"247\" height=\"67\" srcset=\"https:\/\/turismobotanico.es\/wp-content\/uploads\/2025\/08\/Captura-de-pantalla-2025-08-07-103918.png 564w, https:\/\/turismobotanico.es\/wp-content\/uploads\/2025\/08\/Captura-de-pantalla-2025-08-07-103918-768x208.png 768w, https:\/\/turismobotanico.es\/wp-content\/uploads\/2025\/08\/Captura-de-pantalla-2025-08-07-103918-600x162.png 600w\" sizes=\"(max-width: 247px) 100vw, 247px\" \/><\/a><\/p>\n<p><a href=\"https:\/\/misseguros.bujaldon-sl.com\/certificado\/26bbcaa9232e699d0ece9d34e514842af366aefbeb23b95b92655591c7fa21dc1\">PUEDE CONSULTAR LAS CONDICIONES DE ESTE SEGURO DE CANCELACI\u00d3N CLICANDO AQU\u00cd<\/a><\/p>\n<p><a href=\"https:\/\/turismobotanico.es\/en\/politica-de-cancelaciones\/\">PUEDES CONSULTAR AQU\u00cd NUESTRA POL\u00cdTICA DE CANCELACIONES<\/a><\/p>","protected":false},"excerpt":{"rendered":"<p><em>Del 1 al 5 de Octubre 2025<\/em><\/p>\n<p><strong>LA FLORACI\u00d3N DE LAS DALIAS Y FUENTES DEL PREPIRINEO<\/strong><\/p>\n<p><strong>Viaje de naturaleza, senderismo y cultura a la comarca prepiren\u00e1ica de la provincia de Lleida<\/strong><\/p>\n<p>En el precio de este viaje va incluido:<\/p>\n<ul>\n<li>Billetes de tren Alicante\/Tarragona i\/v con equipaje de mano<\/li>\n<li>Transporte en bus a la estaci\u00f3n de tren de Alicante y desplazamientos en destino<\/li>\n<li>Gu\u00edas de naturaleza y cultura, altamente cualificados<\/li>\n<li>Entrada a las diferentes atracciones tur\u00edsticas del programa<\/li>\n<li>Seguros de Cancelaci\u00f3n (leer los casos cubiertos), de Viaje, Accidentes y Responsabilidad Civil<\/li>\n<li>4 noches en habitaci\u00f3n doble o de matrimonio* en r\u00e9gimen de alojamiento y desayuno * (Supeditada a disponibilidad)<\/li>\n<li>Comida el d\u00eda 2 de octubre<\/li>\n<\/ul>","protected":false},"featured_media":16301,"comment_status":"open","ping_status":"closed","template":"","meta":[],"product_brand":[],"product_cat":[115],"product_tag":[],"class_list":{"0":"post-16290","1":"product","2":"type-product","3":"status-publish","4":"has-post-thumbnail","6":"product_cat-sin-categoria","8":"first","9":"instock","10":"virtual","11":"purchasable","12":"product-type-simple"},"yoast_head":"<!-- This site is optimized with the Yoast SEO plugin v27.2 - https:\/\/yoast.com\/product\/yoast-seo-wordpress\/ -->\n<title>La Floraci\u00f3n de las Dalias | Del 1 al 5 de Octubre 2025 Pago 1 (Reserva) - Turismo Bot\u00e1nico<\/title>\n<meta name=\"robots\" content=\"index, follow, max-snippet:-1, max-image-preview:large, max-video-preview:-1\" \/>\n<link rel=\"canonical\" href=\"https:\/\/turismobotanico.es\/en\/floracion-dalias-octubre-2025-reserva\/\" \/>\n<meta property=\"og:locale\" content=\"en_US\" \/>\n<meta property=\"og:type\" content=\"article\" \/>\n<meta property=\"og:title\" content=\"La Floraci\u00f3n de las Dalias | Del 1 al 5 de Octubre 2025 Pago 1 (Reserva) - Turismo Bot\u00e1nico\" \/>\n<meta property=\"og:description\" content=\"Del 1 al 5 de Octubre 2025  LA FLORACI\u00d3N DE LAS DALIAS Y FUENTES DEL PREPIRINEO  Viaje de naturaleza, senderismo y cultura a la comarca prepiren\u00e1ica de la provincia de Lleida  En el precio de este viaje va incluido:   Billetes de tren Alicante\/Tarragona i\/v con equipaje de mano  Transporte en bus a la estaci\u00f3n de tren de Alicante y desplazamientos en destino  Gu\u00edas de naturaleza y cultura, altamente cualificados  Entrada a las diferentes atracciones tur\u00edsticas del programa  Seguros de Cancelaci\u00f3n (leer los casos cubiertos), de Viaje, Accidentes y Responsabilidad Civil  4 noches en habitaci\u00f3n doble o de matrimonio* en r\u00e9gimen de alojamiento y desayuno * (Supeditada a disponibilidad)  Comida el d\u00eda 2 de octubre\" \/>\n<meta property=\"og:url\" content=\"https:\/\/turismobotanico.es\/en\/floracion-dalias-octubre-2025-reserva\/\" \/>\n<meta property=\"og:site_name\" content=\"Turismo Bot\u00e1nico\" \/>\n<meta property=\"article:modified_time\" content=\"2025-08-18T10:55:58+00:00\" \/>\n<meta property=\"og:image\" content=\"https:\/\/turismobotanico.es\/wp-content\/uploads\/2025\/08\/Bullidor-de-la-Llet.jpg\" \/>\n\t<meta property=\"og:image:width\" content=\"1920\" \/>\n\t<meta property=\"og:image:height\" content=\"1152\" \/>\n\t<meta property=\"og:image:type\" content=\"image\/jpeg\" \/>\n<meta name=\"twitter:card\" content=\"summary_large_image\" \/>\n<meta name=\"twitter:label1\" content=\"Est. reading time\" \/>\n\t<meta name=\"twitter:data1\" content=\"2 minutes\" \/>\n<script type=\"application\/ld+json\" class=\"yoast-schema-graph\">{\"@context\":\"https:\/\/schema.org\",\"@graph\":[{\"@type\":\"WebPage\",\"@id\":\"https:\/\/turismobotanico.es\/floracion-dalias-octubre-2025-reserva\/\",\"url\":\"https:\/\/turismobotanico.es\/floracion-dalias-octubre-2025-reserva\/\",\"name\":\"La Floraci\u00f3n de las Dalias | Del 1 al 5 de Octubre 2025 Pago 1 (Reserva) - Turismo Bot\u00e1nico\",\"isPartOf\":{\"@id\":\"https:\/\/turismobotanico.es\/#website\"},\"primaryImageOfPage\":{\"@id\":\"https:\/\/turismobotanico.es\/floracion-dalias-octubre-2025-reserva\/#primaryimage\"},\"image\":{\"@id\":\"https:\/\/turismobotanico.es\/floracion-dalias-octubre-2025-reserva\/#primaryimage\"},\"thumbnailUrl\":\"https:\/\/turismobotanico.es\/wp-content\/uploads\/2025\/08\/Bullidor-de-la-Llet.jpg\",\"datePublished\":\"2025-08-07T09:22:15+00:00\",\"dateModified\":\"2025-08-18T10:55:58+00:00\",\"breadcrumb\":{\"@id\":\"https:\/\/turismobotanico.es\/floracion-dalias-octubre-2025-reserva\/#breadcrumb\"},\"inLanguage\":\"en-US\",\"potentialAction\":[{\"@type\":\"ReadAction\",\"target\":[\"https:\/\/turismobotanico.es\/floracion-dalias-octubre-2025-reserva\/\"]}]},{\"@type\":\"ImageObject\",\"inLanguage\":\"en-US\",\"@id\":\"https:\/\/turismobotanico.es\/floracion-dalias-octubre-2025-reserva\/#primaryimage\",\"url\":\"https:\/\/turismobotanico.es\/wp-content\/uploads\/2025\/08\/Bullidor-de-la-Llet.jpg\",\"contentUrl\":\"https:\/\/turismobotanico.es\/wp-content\/uploads\/2025\/08\/Bullidor-de-la-Llet.jpg\",\"width\":1920,\"height\":1152},{\"@type\":\"BreadcrumbList\",\"@id\":\"https:\/\/turismobotanico.es\/floracion-dalias-octubre-2025-reserva\/#breadcrumb\",\"itemListElement\":[{\"@type\":\"ListItem\",\"position\":1,\"name\":\"Portada\",\"item\":\"https:\/\/turismobotanico.es\/\"},{\"@type\":\"ListItem\",\"position\":2,\"name\":\"Tienda\",\"item\":\"https:\/\/turismobotanico.es\/tienda\/\"},{\"@type\":\"ListItem\",\"position\":3,\"name\":\"La Floraci\u00f3n de las Dalias | Del 1 al 5 de Octubre 2025 Pago 1 (Reserva)\"}]},{\"@type\":\"WebSite\",\"@id\":\"https:\/\/turismobotanico.es\/#website\",\"url\":\"https:\/\/turismobotanico.es\/\",\"name\":\"Turismo Bot\u00e1nico\",\"description\":\"Turismo de naturaleza\",\"potentialAction\":[{\"@type\":\"SearchAction\",\"target\":{\"@type\":\"EntryPoint\",\"urlTemplate\":\"https:\/\/turismobotanico.es\/?s={search_term_string}\"},\"query-input\":{\"@type\":\"PropertyValueSpecification\",\"valueRequired\":true,\"valueName\":\"search_term_string\"}}],\"inLanguage\":\"en-US\"}]}<\/script>\n<!-- \/ Yoast SEO plugin. -->","yoast_head_json":{"title":"La Floraci\u00f3n de las Dalias | Del 1 al 5 de Octubre 2025 Pago 1 (Reserva) - Turismo Bot\u00e1nico","robots":{"index":"index","follow":"follow","max-snippet":"max-snippet:-1","max-image-preview":"max-image-preview:large","max-video-preview":"max-video-preview:-1"},"canonical":"https:\/\/turismobotanico.es\/en\/floracion-dalias-octubre-2025-reserva\/","og_locale":"en_US","og_type":"article","og_title":"La Floraci\u00f3n de las Dalias | Del 1 al 5 de Octubre 2025 Pago 1 (Reserva) - Turismo Bot\u00e1nico","og_description":"Del 1 al 5 de Octubre 2025  LA FLORACI\u00d3N DE LAS DALIAS Y FUENTES DEL PREPIRINEO  Viaje de naturaleza, senderismo y cultura a la comarca prepiren\u00e1ica de la provincia de Lleida  En el precio de este viaje va incluido:   Billetes de tren Alicante\/Tarragona i\/v con equipaje de mano  Transporte en bus a la estaci\u00f3n de tren de Alicante y desplazamientos en destino  Gu\u00edas de naturaleza y cultura, altamente cualificados  Entrada a las diferentes atracciones tur\u00edsticas del programa  Seguros de Cancelaci\u00f3n (leer los casos cubiertos), de Viaje, Accidentes y Responsabilidad Civil  4 noches en habitaci\u00f3n doble o de matrimonio* en r\u00e9gimen de alojamiento y desayuno * (Supeditada a disponibilidad)  Comida el d\u00eda 2 de octubre","og_url":"https:\/\/turismobotanico.es\/en\/floracion-dalias-octubre-2025-reserva\/","og_site_name":"Turismo Bot\u00e1nico","article_modified_time":"2025-08-18T10:55:58+00:00","og_image":[{"width":1920,"height":1152,"url":"https:\/\/turismobotanico.es\/wp-content\/uploads\/2025\/08\/Bullidor-de-la-Llet.jpg","type":"image\/jpeg"}],"twitter_card":"summary_large_image","twitter_misc":{"Est. reading time":"2 minutes"},"schema":{"@context":"https:\/\/schema.org","@graph":[{"@type":"WebPage","@id":"https:\/\/turismobotanico.es\/floracion-dalias-octubre-2025-reserva\/","url":"https:\/\/turismobotanico.es\/floracion-dalias-octubre-2025-reserva\/","name":"La Floraci\u00f3n de las Dalias | Del 1 al 5 de Octubre 2025 Pago 1 (Reserva) - Turismo Bot\u00e1nico","isPartOf":{"@id":"https:\/\/turismobotanico.es\/#website"},"primaryImageOfPage":{"@id":"https:\/\/turismobotanico.es\/floracion-dalias-octubre-2025-reserva\/#primaryimage"},"image":{"@id":"https:\/\/turismobotanico.es\/floracion-dalias-octubre-2025-reserva\/#primaryimage"},"thumbnailUrl":"https:\/\/turismobotanico.es\/wp-content\/uploads\/2025\/08\/Bullidor-de-la-Llet.jpg","datePublished":"2025-08-07T09:22:15+00:00","dateModified":"2025-08-18T10:55:58+00:00","breadcrumb":{"@id":"https:\/\/turismobotanico.es\/floracion-dalias-octubre-2025-reserva\/#breadcrumb"},"inLanguage":"en-US","potentialAction":[{"@type":"ReadAction","target":["https:\/\/turismobotanico.es\/floracion-dalias-octubre-2025-reserva\/"]}]},{"@type":"ImageObject","inLanguage":"en-US","@id":"https:\/\/turismobotanico.es\/floracion-dalias-octubre-2025-reserva\/#primaryimage","url":"https:\/\/turismobotanico.es\/wp-content\/uploads\/2025\/08\/Bullidor-de-la-Llet.jpg","contentUrl":"https:\/\/turismobotanico.es\/wp-content\/uploads\/2025\/08\/Bullidor-de-la-Llet.jpg","width":1920,"height":1152},{"@type":"BreadcrumbList","@id":"https:\/\/turismobotanico.es\/floracion-dalias-octubre-2025-reserva\/#breadcrumb","itemListElement":[{"@type":"ListItem","position":1,"name":"Portada","item":"https:\/\/turismobotanico.es\/"},{"@type":"ListItem","position":2,"name":"Tienda","item":"https:\/\/turismobotanico.es\/tienda\/"},{"@type":"ListItem","position":3,"name":"La Floraci\u00f3n de las Dalias | Del 1 al 5 de Octubre 2025 Pago 1 (Reserva)"}]},{"@type":"WebSite","@id":"https:\/\/turismobotanico.es\/#website","url":"https:\/\/turismobotanico.es\/","name":"Turismo Bot\u00e1nico","description":"Turismo de naturaleza","potentialAction":[{"@type":"SearchAction","target":{"@type":"EntryPoint","urlTemplate":"https:\/\/turismobotanico.es\/?s={search_term_string}"},"query-input":{"@type":"PropertyValueSpecification","valueRequired":true,"valueName":"search_term_string"}}],"inLanguage":"en-US"}]}},"_links":{"self":[{"href":"https:\/\/turismobotanico.es\/en\/wp-json\/wp\/v2\/product\/16290","targetHints":{"allow":["GET"]}}],"collection":[{"href":"https:\/\/turismobotanico.es\/en\/wp-json\/wp\/v2\/product"}],"about":[{"href":"https:\/\/turismobotanico.es\/en\/wp-json\/wp\/v2\/types\/product"}],"replies":[{"embeddable":true,"href":"https:\/\/turismobotanico.es\/en\/wp-json\/wp\/v2\/comments?post=16290"}],"version-history":[{"count":7,"href":"https:\/\/turismobotanico.es\/en\/wp-json\/wp\/v2\/product\/16290\/revisions"}],"predecessor-version":[{"id":16394,"href":"https:\/\/turismobotanico.es\/en\/wp-json\/wp\/v2\/product\/16290\/revisions\/16394"}],"wp:featuredmedia":[{"embeddable":true,"href":"https:\/\/turismobotanico.es\/en\/wp-json\/wp\/v2\/media\/16301"}],"wp:attachment":[{"href":"https:\/\/turismobotanico.es\/en\/wp-json\/wp\/v2\/media?parent=16290"}],"wp:term":[{"taxonomy":"product_brand","embeddable":true,"href":"https:\/\/turismobotanico.es\/en\/wp-json\/wp\/v2\/product_brand?post=16290"},{"taxonomy":"product_cat","embeddable":true,"href":"https:\/\/turismobotanico.es\/en\/wp-json\/wp\/v2\/product_cat?post=16290"},{"taxonomy":"product_tag","embeddable":true,"href":"https:\/\/turismobotanico.es\/en\/wp-json\/wp\/v2\/product_tag?post=16290"}],"curies":[{"name":"wp","href":"https:\/\/api.w.org\/{rel}","templated":true}]}}