{"id":17086,"date":"2025-11-03T16:44:43","date_gmt":"2025-11-03T16:44:43","guid":{"rendered":"https:\/\/turismobotanico.es\/?post_type=product&#038;p=17086"},"modified":"2025-11-03T16:57:47","modified_gmt":"2025-11-03T16:57:47","slug":"la-palma-carnaval-de-biodiversidad-del-23-de-febrero-al-1-de-marzo-2026-pago-4","status":"publish","type":"product","link":"https:\/\/turismobotanico.es\/en\/la-palma-carnaval-de-biodiversidad-del-23-de-febrero-al-1-de-marzo-2026-pago-4\/","title":{"rendered":"La Palma: Carnaval de biodiversidad | Del 23 de Febrero al 1 de Marzo 2026 | Pago 4"},"content":{"rendered":"<p><a href=\"https:\/\/turismobotanico.es\/wp-content\/uploads\/2025\/11\/La-Palma_2026.pdf\">VER EL PROGRAMA COMPLETO (RECOMENDADO).<\/a><\/p>\n<p><strong>EL \u00daLTIMO VOLC\u00c1N CANARIO<\/strong><\/p>\n<p>En los \u00faltimos a\u00f1os, la isla de La Palma ha sonado en todo el planeta. Tuvo su <i>boom <\/i>de visitantes hace unos a\u00f1os. Entre curiosos, amantes de la naturaleza y medios, fueron miles y miles de personas las que la visitaron. Una vez que parece que esa emoci\u00f3n tur\u00edstica se ha relajado, es el mejor momento de visitarla. Pues all\u00e1 vamos.<\/p>\n<p>Por supuesto, tendremos que pasear por la zona sur de la isla. La protagonista de todo. Pasearemos por la zona del Tenegu\u00eda (la anterior erupci\u00f3n volc\u00e1nica de hace 50 a\u00f1os) y podremos observar el nuevo volc\u00e1n desde el mirador de Tajuya. La cumbre m\u00e1s alta de la isla es el Roque de los Muchachos. Os proponemos subir hasta all\u00ed. Pero no lo haremos desde abajo, sino en una opci\u00f3n m\u00e1s c\u00f3moda pero no por eso menos bonita. \u00bfPodremos ver el mar de nubes?<\/p>\n<p>Y en esta ocasi\u00f3n, tambi\u00e9n os mostraremos la isla desde el mar. Un paseo mar\u00edtimo en el que posiblemente tengamos la posibilidad de ver cet\u00e1ceos y delfines, adem\u00e1s de descubrir rincones palmeros desde el mar. Y como no, tambi\u00e9n tendremos la opci\u00f3n de pasear por la laurisilva de la isla.<\/p>\n<p>La estrella de la naturaleza palmera es su Parque Nacional. La Caldera de Taburiente ser\u00e1 nuestra por un d\u00eda. Os vamos a ense\u00f1ar todo su valor natural, paisaj\u00edstico y la belleza de muchos de sus rincones. Todo un lujazo de d\u00eda.<\/p>\n<p>Resumiendo, que La Palma es mucho m\u00e1s que un solo volc\u00e1n, es biodiversidad y cultura en erupci\u00f3n.<\/p>\n<p>PRECIO POR PERSONA CON TRANSPORTE, BILLETES DE AVI\u00d3N, SEGURO DE ACCIDENTES, DE VIAJE, DE CANCELACI\u00d3N Y DE RESPONSABILIDAD CIVIL, VISITAS GUIADAS, ENTRADAS A LAS ATRACCIONES TUR\u00cdSTICAS, ALOJAMIENTO CON DESAYUNO Y CENA (7 d\u00edas, 6 noches): 1580\u20ac<\/p>\n<p>El alojamiento es\u00a0en habitaci\u00f3n doble.\u00a0Si vas solo, tendr\u00e1s que pagar el suplemento de\u00a0<strong>habitaci\u00f3n individual: 300\u20ac<\/strong>. A\u00f1\u00e1delo al carrito, desde la parte de abajo de la p\u00e1gina, en el siguiente paso de la reserva.<\/p>\n<p><a href=\"https:\/\/www.bujaldon-sl.com\/productos\/certificado\/prime-2-0-copia\">PUEDE CONSULTAR LAS CONDICIONES DE ESTE SEGURO DE CANCELACI\u00d3N CLICANDO AQU\u00cd<\/a><\/p>\n<p><a href=\"https:\/\/turismobotanico.es\/en\/politica-de-cancelaciones\/\">PUEDES CONSULTAR AQU\u00cd NUESTRA POL\u00cdTICA DE CANCELACIONES<\/a><\/p>","protected":false},"excerpt":{"rendered":"<p><a href=\"https:\/\/turismobotanico.es\/wp-content\/uploads\/2025\/11\/La-Palma_2026.pdf\">VER EL PROGRAMA COMPLETO (RECOMENDADO).<\/a><\/p>\n<p><strong>EL \u00daLTIMO VOLC\u00c1N CANARIO<\/strong><\/p>\n<p>En los \u00faltimos a\u00f1os, la isla de La Palma ha sonado en todo el planeta. Tuvo su <i>boom <\/i>de visitantes hace unos a\u00f1os. Entre curiosos, amantes de la naturaleza y medios, fueron miles y miles de personas las que la visitaron. Una vez que parece que esa emoci\u00f3n tur\u00edstica se ha relajado, es el mejor momento de visitarla. Pues all\u00e1 vamos.<\/p>\n<p>Por supuesto, tendremos que pasear por la zona sur de la isla. La protagonista de todo. Pasearemos por la zona del Tenegu\u00eda (la anterior erupci\u00f3n volc\u00e1nica de hace 50 a\u00f1os) y podremos observar el nuevo volc\u00e1n desde el mirador de Tajuya. La cumbre m\u00e1s alta de la isla es el Roque de los Muchachos. Os proponemos subir hasta all\u00ed. Pero no lo haremos desde abajo, sino en una opci\u00f3n m\u00e1s c\u00f3moda pero no por eso menos bonita. \u00bfPodremos ver el mar de nubes?<\/p>\n<p>Y en esta ocasi\u00f3n, tambi\u00e9n os mostraremos la isla desde el mar. Un paseo mar\u00edtimo en el que posiblemente tengamos la posibilidad de ver cet\u00e1ceos y delfines, adem\u00e1s de descubrir rincones palmeros desde el mar. Y como no, tambi\u00e9n tendremos la opci\u00f3n de pasear por la laurisilva de la isla.<\/p>\n<p>La estrella de la naturaleza palmera es su Parque Nacional. La Caldera de Taburiente ser\u00e1 nuestra por un d\u00eda. Os vamos a ense\u00f1ar todo su valor natural, paisaj\u00edstico y la belleza de muchos de sus rincones. Todo un lujazo de d\u00eda.<\/p>\n<p>Resumiendo, que La Palma es mucho m\u00e1s que un solo volc\u00e1n, es biodiversidad y cultura en erupci\u00f3n.<\/p>\n<p>PRECIO POR PERSONA CON TRANSPORTE, BILLETES DE AVI\u00d3N, SEGURO DE ACCIDENTES, DE VIAJE, DE CANCELACI\u00d3N Y DE RESPONSABILIDAD CIVIL, VISITAS GUIADAS, ENTRADAS A LAS ATRACCIONES TUR\u00cdSTICAS, ALOJAMIENTO CON DESAYUNO Y CENA (7 d\u00edas, 6 noches): 1580\u20ac<\/p>\n<p>El alojamiento es\u00a0en habitaci\u00f3n doble.\u00a0Si vas solo, tendr\u00e1s que pagar el suplemento de\u00a0<strong>habitaci\u00f3n individual: 300\u20ac<\/strong>. A\u00f1\u00e1delo al carrito, desde la parte de abajo de la p\u00e1gina, en el siguiente paso de la reserva.<\/p>\n<p><a href=\"https:\/\/www.bujaldon-sl.com\/productos\/certificado\/prime-2-0-copia\">PUEDE CONSULTAR LAS CONDICIONES DE ESTE SEGURO DE CANCELACI\u00d3N CLICANDO AQU\u00cd<\/a><\/p>\n<p><a href=\"https:\/\/turismobotanico.es\/en\/politica-de-cancelaciones\/\">PUEDES CONSULTAR AQU\u00cd NUESTRA POL\u00cdTICA DE CANCELACIONES<\/a><\/p>","protected":false},"featured_media":17073,"comment_status":"open","ping_status":"closed","template":"","meta":[],"product_brand":[],"product_cat":[115],"product_tag":[],"class_list":{"0":"post-17086","1":"product","2":"type-product","3":"status-publish","4":"has-post-thumbnail","6":"product_cat-sin-categoria","8":"first","9":"instock","10":"virtual","11":"purchasable","12":"product-type-simple"},"yoast_head":"<!-- This site is optimized with the Yoast SEO plugin v27.4 - https:\/\/yoast.com\/product\/yoast-seo-wordpress\/ -->\n<title>La Palma: Carnaval de biodiversidad | Del 23 de Febrero al 1 de Marzo 2026 | Pago 4 - Turismo Bot\u00e1nico<\/title>\n<meta name=\"description\" content=\"Con la resaca del carnaval, La Palma nos espera esplendorosa con sus volcanes, laurisilvas e infinidad de rincones naturales \u00fanico. \u00bfTe vienes?\" \/>\n<meta name=\"robots\" content=\"index, follow, max-snippet:-1, max-image-preview:large, max-video-preview:-1\" \/>\n<link rel=\"canonical\" href=\"https:\/\/turismobotanico.es\/en\/la-palma-carnaval-de-biodiversidad-del-23-de-febrero-al-1-de-marzo-2026-pago-4\/\" \/>\n<meta property=\"og:locale\" content=\"en_US\" \/>\n<meta property=\"og:type\" content=\"article\" \/>\n<meta property=\"og:title\" content=\"La Palma: Carnaval de biodiversidad | Del 23 de Febrero al 1 de Marzo 2026 | Pago 4 - Turismo Bot\u00e1nico\" \/>\n<meta property=\"og:description\" content=\"Con la resaca del carnaval, La Palma nos espera esplendorosa con sus volcanes, laurisilvas e infinidad de rincones naturales \u00fanico. \u00bfTe vienes?\" \/>\n<meta property=\"og:url\" content=\"https:\/\/turismobotanico.es\/en\/la-palma-carnaval-de-biodiversidad-del-23-de-febrero-al-1-de-marzo-2026-pago-4\/\" \/>\n<meta property=\"og:site_name\" content=\"Turismo Bot\u00e1nico\" \/>\n<meta property=\"article:modified_time\" content=\"2025-11-03T16:57:47+00:00\" \/>\n<meta property=\"og:image\" content=\"https:\/\/turismobotanico.es\/wp-content\/uploads\/2025\/11\/Cubo-de-la-Galga-La-Palma.jpg\" \/>\n\t<meta property=\"og:image:width\" content=\"1200\" \/>\n\t<meta property=\"og:image:height\" content=\"800\" \/>\n\t<meta property=\"og:image:type\" content=\"image\/jpeg\" \/>\n<meta name=\"twitter:card\" content=\"summary_large_image\" \/>\n<meta name=\"twitter:label1\" content=\"Est. reading time\" \/>\n\t<meta name=\"twitter:data1\" content=\"2 minutes\" \/>\n<script type=\"application\/ld+json\" class=\"yoast-schema-graph\">{\"@context\":\"https:\\\/\\\/schema.org\",\"@graph\":[{\"@type\":\"WebPage\",\"@id\":\"https:\\\/\\\/turismobotanico.es\\\/en\\\/la-palma-carnaval-de-biodiversidad-del-23-de-febrero-al-1-de-marzo-2026-pago-4\\\/\",\"url\":\"https:\\\/\\\/turismobotanico.es\\\/en\\\/la-palma-carnaval-de-biodiversidad-del-23-de-febrero-al-1-de-marzo-2026-pago-4\\\/\",\"name\":\"La Palma: Carnaval de biodiversidad | Del 23 de Febrero al 1 de Marzo 2026 | Pago 4 - Turismo Bot\u00e1nico\",\"isPartOf\":{\"@id\":\"https:\\\/\\\/turismobotanico.es\\\/#website\"},\"primaryImageOfPage\":{\"@id\":\"https:\\\/\\\/turismobotanico.es\\\/en\\\/la-palma-carnaval-de-biodiversidad-del-23-de-febrero-al-1-de-marzo-2026-pago-4\\\/#primaryimage\"},\"image\":{\"@id\":\"https:\\\/\\\/turismobotanico.es\\\/en\\\/la-palma-carnaval-de-biodiversidad-del-23-de-febrero-al-1-de-marzo-2026-pago-4\\\/#primaryimage\"},\"thumbnailUrl\":\"https:\\\/\\\/turismobotanico.es\\\/wp-content\\\/uploads\\\/2025\\\/11\\\/Cubo-de-la-Galga-La-Palma.jpg\",\"datePublished\":\"2025-11-03T16:44:43+00:00\",\"dateModified\":\"2025-11-03T16:57:47+00:00\",\"description\":\"Con la resaca del carnaval, La Palma nos espera esplendorosa con sus volcanes, laurisilvas e infinidad de rincones naturales \u00fanico. \u00bfTe vienes?\",\"breadcrumb\":{\"@id\":\"https:\\\/\\\/turismobotanico.es\\\/en\\\/la-palma-carnaval-de-biodiversidad-del-23-de-febrero-al-1-de-marzo-2026-pago-4\\\/#breadcrumb\"},\"inLanguage\":\"en-US\",\"potentialAction\":[{\"@type\":\"ReadAction\",\"target\":[\"https:\\\/\\\/turismobotanico.es\\\/en\\\/la-palma-carnaval-de-biodiversidad-del-23-de-febrero-al-1-de-marzo-2026-pago-4\\\/\"]}]},{\"@type\":\"ImageObject\",\"inLanguage\":\"en-US\",\"@id\":\"https:\\\/\\\/turismobotanico.es\\\/en\\\/la-palma-carnaval-de-biodiversidad-del-23-de-febrero-al-1-de-marzo-2026-pago-4\\\/#primaryimage\",\"url\":\"https:\\\/\\\/turismobotanico.es\\\/wp-content\\\/uploads\\\/2025\\\/11\\\/Cubo-de-la-Galga-La-Palma.jpg\",\"contentUrl\":\"https:\\\/\\\/turismobotanico.es\\\/wp-content\\\/uploads\\\/2025\\\/11\\\/Cubo-de-la-Galga-La-Palma.jpg\",\"width\":1200,\"height\":800},{\"@type\":\"BreadcrumbList\",\"@id\":\"https:\\\/\\\/turismobotanico.es\\\/en\\\/la-palma-carnaval-de-biodiversidad-del-23-de-febrero-al-1-de-marzo-2026-pago-4\\\/#breadcrumb\",\"itemListElement\":[{\"@type\":\"ListItem\",\"position\":1,\"name\":\"Portada\",\"item\":\"https:\\\/\\\/turismobotanico.es\\\/\"},{\"@type\":\"ListItem\",\"position\":2,\"name\":\"Tienda\",\"item\":\"https:\\\/\\\/turismobotanico.es\\\/tienda\\\/\"},{\"@type\":\"ListItem\",\"position\":3,\"name\":\"La Palma: Carnaval de biodiversidad | Del 23 de Febrero al 1 de Marzo 2026 | Pago 4\"}]},{\"@type\":\"WebSite\",\"@id\":\"https:\\\/\\\/turismobotanico.es\\\/#website\",\"url\":\"https:\\\/\\\/turismobotanico.es\\\/\",\"name\":\"Turismo Bot\u00e1nico\",\"description\":\"Turismo de naturaleza\",\"potentialAction\":[{\"@type\":\"SearchAction\",\"target\":{\"@type\":\"EntryPoint\",\"urlTemplate\":\"https:\\\/\\\/turismobotanico.es\\\/?s={search_term_string}\"},\"query-input\":{\"@type\":\"PropertyValueSpecification\",\"valueRequired\":true,\"valueName\":\"search_term_string\"}}],\"inLanguage\":\"en-US\"}]}<\/script>\n<!-- \/ Yoast SEO plugin. -->","yoast_head_json":{"title":"La Palma: Carnaval de biodiversidad | Del 23 de Febrero al 1 de Marzo 2026 | Pago 4 - Turismo Bot\u00e1nico","description":"Con la resaca del carnaval, La Palma nos espera esplendorosa con sus volcanes, laurisilvas e infinidad de rincones naturales \u00fanico. \u00bfTe vienes?","robots":{"index":"index","follow":"follow","max-snippet":"max-snippet:-1","max-image-preview":"max-image-preview:large","max-video-preview":"max-video-preview:-1"},"canonical":"https:\/\/turismobotanico.es\/en\/la-palma-carnaval-de-biodiversidad-del-23-de-febrero-al-1-de-marzo-2026-pago-4\/","og_locale":"en_US","og_type":"article","og_title":"La Palma: Carnaval de biodiversidad | Del 23 de Febrero al 1 de Marzo 2026 | Pago 4 - Turismo Bot\u00e1nico","og_description":"Con la resaca del carnaval, La Palma nos espera esplendorosa con sus volcanes, laurisilvas e infinidad de rincones naturales \u00fanico. \u00bfTe vienes?","og_url":"https:\/\/turismobotanico.es\/en\/la-palma-carnaval-de-biodiversidad-del-23-de-febrero-al-1-de-marzo-2026-pago-4\/","og_site_name":"Turismo Bot\u00e1nico","article_modified_time":"2025-11-03T16:57:47+00:00","og_image":[{"width":1200,"height":800,"url":"https:\/\/turismobotanico.es\/wp-content\/uploads\/2025\/11\/Cubo-de-la-Galga-La-Palma.jpg","type":"image\/jpeg"}],"twitter_card":"summary_large_image","twitter_misc":{"Est. reading time":"2 minutes"},"schema":{"@context":"https:\/\/schema.org","@graph":[{"@type":"WebPage","@id":"https:\/\/turismobotanico.es\/en\/la-palma-carnaval-de-biodiversidad-del-23-de-febrero-al-1-de-marzo-2026-pago-4\/","url":"https:\/\/turismobotanico.es\/en\/la-palma-carnaval-de-biodiversidad-del-23-de-febrero-al-1-de-marzo-2026-pago-4\/","name":"La Palma: Carnaval de biodiversidad | Del 23 de Febrero al 1 de Marzo 2026 | Pago 4 - Turismo Bot\u00e1nico","isPartOf":{"@id":"https:\/\/turismobotanico.es\/#website"},"primaryImageOfPage":{"@id":"https:\/\/turismobotanico.es\/en\/la-palma-carnaval-de-biodiversidad-del-23-de-febrero-al-1-de-marzo-2026-pago-4\/#primaryimage"},"image":{"@id":"https:\/\/turismobotanico.es\/en\/la-palma-carnaval-de-biodiversidad-del-23-de-febrero-al-1-de-marzo-2026-pago-4\/#primaryimage"},"thumbnailUrl":"https:\/\/turismobotanico.es\/wp-content\/uploads\/2025\/11\/Cubo-de-la-Galga-La-Palma.jpg","datePublished":"2025-11-03T16:44:43+00:00","dateModified":"2025-11-03T16:57:47+00:00","description":"Con la resaca del carnaval, La Palma nos espera esplendorosa con sus volcanes, laurisilvas e infinidad de rincones naturales \u00fanico. \u00bfTe vienes?","breadcrumb":{"@id":"https:\/\/turismobotanico.es\/en\/la-palma-carnaval-de-biodiversidad-del-23-de-febrero-al-1-de-marzo-2026-pago-4\/#breadcrumb"},"inLanguage":"en-US","potentialAction":[{"@type":"ReadAction","target":["https:\/\/turismobotanico.es\/en\/la-palma-carnaval-de-biodiversidad-del-23-de-febrero-al-1-de-marzo-2026-pago-4\/"]}]},{"@type":"ImageObject","inLanguage":"en-US","@id":"https:\/\/turismobotanico.es\/en\/la-palma-carnaval-de-biodiversidad-del-23-de-febrero-al-1-de-marzo-2026-pago-4\/#primaryimage","url":"https:\/\/turismobotanico.es\/wp-content\/uploads\/2025\/11\/Cubo-de-la-Galga-La-Palma.jpg","contentUrl":"https:\/\/turismobotanico.es\/wp-content\/uploads\/2025\/11\/Cubo-de-la-Galga-La-Palma.jpg","width":1200,"height":800},{"@type":"BreadcrumbList","@id":"https:\/\/turismobotanico.es\/en\/la-palma-carnaval-de-biodiversidad-del-23-de-febrero-al-1-de-marzo-2026-pago-4\/#breadcrumb","itemListElement":[{"@type":"ListItem","position":1,"name":"Portada","item":"https:\/\/turismobotanico.es\/"},{"@type":"ListItem","position":2,"name":"Tienda","item":"https:\/\/turismobotanico.es\/tienda\/"},{"@type":"ListItem","position":3,"name":"La Palma: Carnaval de biodiversidad | Del 23 de Febrero al 1 de Marzo 2026 | Pago 4"}]},{"@type":"WebSite","@id":"https:\/\/turismobotanico.es\/#website","url":"https:\/\/turismobotanico.es\/","name":"Turismo Bot\u00e1nico","description":"Turismo de naturaleza","potentialAction":[{"@type":"SearchAction","target":{"@type":"EntryPoint","urlTemplate":"https:\/\/turismobotanico.es\/?s={search_term_string}"},"query-input":{"@type":"PropertyValueSpecification","valueRequired":true,"valueName":"search_term_string"}}],"inLanguage":"en-US"}]}},"_links":{"self":[{"href":"https:\/\/turismobotanico.es\/en\/wp-json\/wp\/v2\/product\/17086","targetHints":{"allow":["GET"]}}],"collection":[{"href":"https:\/\/turismobotanico.es\/en\/wp-json\/wp\/v2\/product"}],"about":[{"href":"https:\/\/turismobotanico.es\/en\/wp-json\/wp\/v2\/types\/product"}],"replies":[{"embeddable":true,"href":"https:\/\/turismobotanico.es\/en\/wp-json\/wp\/v2\/comments?post=17086"}],"version-history":[{"count":3,"href":"https:\/\/turismobotanico.es\/en\/wp-json\/wp\/v2\/product\/17086\/revisions"}],"predecessor-version":[{"id":17097,"href":"https:\/\/turismobotanico.es\/en\/wp-json\/wp\/v2\/product\/17086\/revisions\/17097"}],"wp:featuredmedia":[{"embeddable":true,"href":"https:\/\/turismobotanico.es\/en\/wp-json\/wp\/v2\/media\/17073"}],"wp:attachment":[{"href":"https:\/\/turismobotanico.es\/en\/wp-json\/wp\/v2\/media?parent=17086"}],"wp:term":[{"taxonomy":"product_brand","embeddable":true,"href":"https:\/\/turismobotanico.es\/en\/wp-json\/wp\/v2\/product_brand?post=17086"},{"taxonomy":"product_cat","embeddable":true,"href":"https:\/\/turismobotanico.es\/en\/wp-json\/wp\/v2\/product_cat?post=17086"},{"taxonomy":"product_tag","embeddable":true,"href":"https:\/\/turismobotanico.es\/en\/wp-json\/wp\/v2\/product_tag?post=17086"}],"curies":[{"name":"wp","href":"https:\/\/api.w.org\/{rel}","templated":true}]}}