{"id":17117,"date":"2025-11-03T17:23:58","date_gmt":"2025-11-03T17:23:58","guid":{"rendered":"https:\/\/turismobotanico.es\/?post_type=product&#038;p=17117"},"modified":"2026-02-06T11:07:00","modified_gmt":"2026-02-06T11:07:00","slug":"jordania-un-oasis-en-paz-del-27-de-marzo-al-3-de-abril-2026-pago-5","status":"publish","type":"product","link":"https:\/\/turismobotanico.es\/en\/jordania-un-oasis-en-paz-del-27-de-marzo-al-3-de-abril-2026-pago-5\/","title":{"rendered":"Jordania: Un oasis en paz | Del 27 de Marzo al 3 de Abril 2026 | Pago 5"},"content":{"rendered":"<p><a href=\"https:\/\/turismobotanico.es\/wp-content\/uploads\/2025\/11\/Jordania_2026.pdf\">VER EL PROGRAMA COMPLETO (RECOMENDADO).<\/a><\/p>\n<p><strong>DESIERTOS Y VEGETACI\u00d3N EN ORIENTE<\/strong><\/p>\n<p>En un mundo convulso como es el que vivimos hoy en d\u00eda, encontrar un oasis de paz es un lujo que, por desgracia, es cada vez m\u00e1s dif\u00edcil de conseguir. Y si hablamos de Oriente Medio, m\u00e1s todav\u00eda. Sin embargo, en medio de este tumultuoso mundo, Jordania se erige como el lugar en el que podemos disfrutar de esta cultura tan rica y de esta naturaleza tan variada sin peligro ninguno.<\/p>\n<p>Y es que Jordania tiene lugares que forman parte de los imprescindibles, y que os ense\u00f1aremos. Pero tambi\u00e9n hay muchos lugares m\u00e1s que no son tan conocidos y no por ello carecen de inter\u00e9s.<\/p>\n<p>En este listado de lugares, por supuesto que visitaremos la ciudad de Petra (aunque entraremos por su sendero de la puerta de atr\u00e1s para ver otros paisajes, diferentes), y tambi\u00e9n las maravillas arquitect\u00f3nicas de Amman, Jerash y Madaba. A partir de ah\u00ed, la naturaleza se abre paso. Flotaremos en el mar Muerto, navegaremos en el mar Rojo, dormiremos y pasearemos por uno de los desiertos mejor conservados del planeta (Wadi Rum).<\/p>\n<p>Y por supuesto, andaremos por las reservas naturales menos visitadas como son las de Mujib o Dana. Aunque ya hay\u00e1is visitado Jordania, os aseguro que habr\u00e1 lugares totalmente nuevos.<\/p>\n<p>PRECIO POR PERSONA CON TRANSPORTE, BILLETES DE AVI\u00d3N, SEGURO DE ACCIDENTES, DE VIAJE, DE CANCELACI\u00d3N Y DE RESPONSABILIDAD CIVIL, VISITAS GUIADAS, ENTRADAS A LAS ATRACCIONES TUR\u00cdSTICAS, ALOJAMIENTO CON DESAYUNO Y CENAS, Y LA COMIDA TRADICIONAL BEDUINA DEL 31 DE MARZO INCLUIDA (8 d\u00edas, 7 noches): 1980\u20ac<\/p>\n<p>El alojamiento es\u00a0en habitaci\u00f3n doble.\u00a0Si vas solo, tendr\u00e1s que pagar el suplemento de\u00a0<strong>habitaci\u00f3n individual: 300\u20ac<\/strong>. A\u00f1\u00e1delo al carrito, desde la parte de abajo de la p\u00e1gina, en el siguiente paso de la reserva.<\/p>\n<p><a href=\"https:\/\/www.bujaldon-sl.com\/productos\/certificado\/prime-2-0-copia\">PUEDE CONSULTAR LAS CONDICIONES DE ESTE SEGURO DE CANCELACI\u00d3N CLICANDO AQU\u00cd<\/a><\/p>\n<p><a href=\"https:\/\/turismobotanico.es\/en\/politica-de-cancelaciones\/\">PUEDES CONSULTAR AQU\u00cd NUESTRA POL\u00cdTICA DE CANCELACIONES<\/a><\/p>","protected":false},"excerpt":{"rendered":"<p><a href=\"https:\/\/turismobotanico.es\/wp-content\/uploads\/2025\/11\/Jordania_2026.pdf\">VER EL PROGRAMA COMPLETO (RECOMENDADO).<\/a><\/p>\n<p><strong>DESIERTOS Y VEGETACI\u00d3N EN ORIENTE<\/strong><\/p>\n<p>En un mundo convulso como es el que vivimos hoy en d\u00eda, encontrar un oasis de paz es un lujo que, por desgracia, es cada vez m\u00e1s dif\u00edcil de conseguir. Y si hablamos de Oriente Medio, m\u00e1s todav\u00eda. Sin embargo, en medio de este tumultuoso mundo, Jordania se erige como el lugar en el que podemos disfrutar de esta cultura tan rica y de esta naturaleza tan variada sin peligro ninguno.<\/p>\n<p>Y es que Jordania tiene lugares que forman parte de los imprescindibles, y que os ense\u00f1aremos. Pero tambi\u00e9n hay muchos lugares m\u00e1s que no son tan conocidos y no por ello carecen de inter\u00e9s.<\/p>\n<p>En este listado de lugares, por supuesto que visitaremos la ciudad de Petra (aunque entraremos por su sendero de la puerta de atr\u00e1s para ver otros paisajes, diferentes), y tambi\u00e9n las maravillas arquitect\u00f3nicas de Amman, Jerash y Madaba. A partir de ah\u00ed, la naturaleza se abre paso. Flotaremos en el mar Muerto, navegaremos en el mar Rojo, dormiremos y pasearemos por uno de los desiertos mejor conservados del planeta (Wadi Rum).<\/p>\n<p>Y por supuesto, andaremos por las reservas naturales menos visitadas como son las de Mujib o Dana. Aunque ya hay\u00e1is visitado Jordania, os aseguro que habr\u00e1 lugares totalmente nuevos.<\/p>\n<p>PRECIO POR PERSONA CON TRANSPORTE, BILLETES DE AVI\u00d3N, SEGURO DE ACCIDENTES, DE VIAJE, DE CANCELACI\u00d3N Y DE RESPONSABILIDAD CIVIL, VISITAS GUIADAS, ENTRADAS A LAS ATRACCIONES TUR\u00cdSTICAS, ALOJAMIENTO CON DESAYUNO Y CENAS, Y LA COMIDA TRADICIONAL BEDUINA DEL 31 DE MARZO INCLUIDA (8 d\u00edas, 7 noches): 1980\u20ac<\/p>\n<p>El alojamiento es\u00a0en habitaci\u00f3n doble.\u00a0Si vas solo, tendr\u00e1s que pagar el suplemento de\u00a0<strong>habitaci\u00f3n individual: 300\u20ac<\/strong>. A\u00f1\u00e1delo al carrito, desde la parte de abajo de la p\u00e1gina, en el siguiente paso de la reserva.<\/p>\n<p><a href=\"https:\/\/www.bujaldon-sl.com\/productos\/certificado\/prime-2-0-copia\">PUEDE CONSULTAR LAS CONDICIONES DE ESTE SEGURO DE CANCELACI\u00d3N CLICANDO AQU\u00cd<\/a><\/p>\n<p><a href=\"https:\/\/turismobotanico.es\/en\/politica-de-cancelaciones\/\">PUEDES CONSULTAR AQU\u00cd NUESTRA POL\u00cdTICA DE CANCELACIONES<\/a><\/p>","protected":false},"featured_media":17101,"comment_status":"closed","ping_status":"closed","template":"","meta":[],"product_brand":[],"product_cat":[115],"product_tag":[],"class_list":{"0":"post-17117","1":"product","2":"type-product","3":"status-publish","4":"has-post-thumbnail","6":"product_cat-sin-categoria","8":"first","9":"instock","10":"virtual","11":"purchasable","12":"product-type-simple"},"yoast_head":"<!-- This site is optimized with the Yoast SEO plugin v27.4 - https:\/\/yoast.com\/product\/yoast-seo-wordpress\/ -->\n<title>Jordania: Un oasis en paz | Del 27 de Marzo al 3 de Abril 2026 | Pago 5 - Turismo Bot\u00e1nico<\/title>\n<meta name=\"description\" content=\"En un mundo convulso, Jordania se erige como un oasis de paz. Su naturaleza, sus maravillas arqueol\u00f3gicas y sus mares lo demuestran. Los visitaremos.\" \/>\n<meta name=\"robots\" content=\"index, follow, max-snippet:-1, max-image-preview:large, max-video-preview:-1\" \/>\n<link rel=\"canonical\" href=\"https:\/\/turismobotanico.es\/en\/jordania-un-oasis-en-paz-del-27-de-marzo-al-3-de-abril-2026-pago-5\/\" \/>\n<meta property=\"og:locale\" content=\"en_US\" \/>\n<meta property=\"og:type\" content=\"article\" \/>\n<meta property=\"og:title\" content=\"Jordania: Un oasis en paz | Del 27 de Marzo al 3 de Abril 2026 | Pago 5 - Turismo Bot\u00e1nico\" \/>\n<meta property=\"og:description\" content=\"En un mundo convulso, Jordania se erige como un oasis de paz. Su naturaleza, sus maravillas arqueol\u00f3gicas y sus mares lo demuestran. Los visitaremos.\" \/>\n<meta property=\"og:url\" content=\"https:\/\/turismobotanico.es\/en\/jordania-un-oasis-en-paz-del-27-de-marzo-al-3-de-abril-2026-pago-5\/\" \/>\n<meta property=\"og:site_name\" content=\"Turismo Bot\u00e1nico\" \/>\n<meta property=\"article:modified_time\" content=\"2026-02-06T11:07:00+00:00\" \/>\n<meta property=\"og:image\" content=\"https:\/\/turismobotanico.es\/wp-content\/uploads\/2025\/11\/Dana.jpg\" \/>\n\t<meta property=\"og:image:width\" content=\"1080\" \/>\n\t<meta property=\"og:image:height\" content=\"608\" \/>\n\t<meta property=\"og:image:type\" content=\"image\/jpeg\" \/>\n<meta name=\"twitter:card\" content=\"summary_large_image\" \/>\n<meta name=\"twitter:label1\" content=\"Est. reading time\" \/>\n\t<meta name=\"twitter:data1\" content=\"2 minutes\" \/>\n<script type=\"application\/ld+json\" class=\"yoast-schema-graph\">{\"@context\":\"https:\\\/\\\/schema.org\",\"@graph\":[{\"@type\":\"WebPage\",\"@id\":\"https:\\\/\\\/turismobotanico.es\\\/jordania-un-oasis-en-paz-del-27-de-marzo-al-3-de-abril-2026-pago-5\\\/\",\"url\":\"https:\\\/\\\/turismobotanico.es\\\/jordania-un-oasis-en-paz-del-27-de-marzo-al-3-de-abril-2026-pago-5\\\/\",\"name\":\"Jordania: Un oasis en paz | Del 27 de Marzo al 3 de Abril 2026 | Pago 5 - Turismo Bot\u00e1nico\",\"isPartOf\":{\"@id\":\"https:\\\/\\\/turismobotanico.es\\\/#website\"},\"primaryImageOfPage\":{\"@id\":\"https:\\\/\\\/turismobotanico.es\\\/jordania-un-oasis-en-paz-del-27-de-marzo-al-3-de-abril-2026-pago-5\\\/#primaryimage\"},\"image\":{\"@id\":\"https:\\\/\\\/turismobotanico.es\\\/jordania-un-oasis-en-paz-del-27-de-marzo-al-3-de-abril-2026-pago-5\\\/#primaryimage\"},\"thumbnailUrl\":\"https:\\\/\\\/turismobotanico.es\\\/wp-content\\\/uploads\\\/2025\\\/11\\\/Dana.jpg\",\"datePublished\":\"2025-11-03T17:23:58+00:00\",\"dateModified\":\"2026-02-06T11:07:00+00:00\",\"description\":\"En un mundo convulso, Jordania se erige como un oasis de paz. Su naturaleza, sus maravillas arqueol\u00f3gicas y sus mares lo demuestran. Los visitaremos.\",\"breadcrumb\":{\"@id\":\"https:\\\/\\\/turismobotanico.es\\\/jordania-un-oasis-en-paz-del-27-de-marzo-al-3-de-abril-2026-pago-5\\\/#breadcrumb\"},\"inLanguage\":\"en-US\",\"potentialAction\":[{\"@type\":\"ReadAction\",\"target\":[\"https:\\\/\\\/turismobotanico.es\\\/jordania-un-oasis-en-paz-del-27-de-marzo-al-3-de-abril-2026-pago-5\\\/\"]}]},{\"@type\":\"ImageObject\",\"inLanguage\":\"en-US\",\"@id\":\"https:\\\/\\\/turismobotanico.es\\\/jordania-un-oasis-en-paz-del-27-de-marzo-al-3-de-abril-2026-pago-5\\\/#primaryimage\",\"url\":\"https:\\\/\\\/turismobotanico.es\\\/wp-content\\\/uploads\\\/2025\\\/11\\\/Dana.jpg\",\"contentUrl\":\"https:\\\/\\\/turismobotanico.es\\\/wp-content\\\/uploads\\\/2025\\\/11\\\/Dana.jpg\",\"width\":1080,\"height\":608},{\"@type\":\"BreadcrumbList\",\"@id\":\"https:\\\/\\\/turismobotanico.es\\\/jordania-un-oasis-en-paz-del-27-de-marzo-al-3-de-abril-2026-pago-5\\\/#breadcrumb\",\"itemListElement\":[{\"@type\":\"ListItem\",\"position\":1,\"name\":\"Portada\",\"item\":\"https:\\\/\\\/turismobotanico.es\\\/\"},{\"@type\":\"ListItem\",\"position\":2,\"name\":\"Tienda\",\"item\":\"https:\\\/\\\/turismobotanico.es\\\/tienda\\\/\"},{\"@type\":\"ListItem\",\"position\":3,\"name\":\"Jordania: Un oasis en paz | Del 27 de Marzo al 3 de Abril 2026 | Pago 5\"}]},{\"@type\":\"WebSite\",\"@id\":\"https:\\\/\\\/turismobotanico.es\\\/#website\",\"url\":\"https:\\\/\\\/turismobotanico.es\\\/\",\"name\":\"Turismo Bot\u00e1nico\",\"description\":\"Turismo de naturaleza\",\"potentialAction\":[{\"@type\":\"SearchAction\",\"target\":{\"@type\":\"EntryPoint\",\"urlTemplate\":\"https:\\\/\\\/turismobotanico.es\\\/?s={search_term_string}\"},\"query-input\":{\"@type\":\"PropertyValueSpecification\",\"valueRequired\":true,\"valueName\":\"search_term_string\"}}],\"inLanguage\":\"en-US\"}]}<\/script>\n<!-- \/ Yoast SEO plugin. -->","yoast_head_json":{"title":"Jordania: Un oasis en paz | Del 27 de Marzo al 3 de Abril 2026 | Pago 5 - Turismo Bot\u00e1nico","description":"En un mundo convulso, Jordania se erige como un oasis de paz. Su naturaleza, sus maravillas arqueol\u00f3gicas y sus mares lo demuestran. Los visitaremos.","robots":{"index":"index","follow":"follow","max-snippet":"max-snippet:-1","max-image-preview":"max-image-preview:large","max-video-preview":"max-video-preview:-1"},"canonical":"https:\/\/turismobotanico.es\/en\/jordania-un-oasis-en-paz-del-27-de-marzo-al-3-de-abril-2026-pago-5\/","og_locale":"en_US","og_type":"article","og_title":"Jordania: Un oasis en paz | Del 27 de Marzo al 3 de Abril 2026 | Pago 5 - Turismo Bot\u00e1nico","og_description":"En un mundo convulso, Jordania se erige como un oasis de paz. Su naturaleza, sus maravillas arqueol\u00f3gicas y sus mares lo demuestran. Los visitaremos.","og_url":"https:\/\/turismobotanico.es\/en\/jordania-un-oasis-en-paz-del-27-de-marzo-al-3-de-abril-2026-pago-5\/","og_site_name":"Turismo Bot\u00e1nico","article_modified_time":"2026-02-06T11:07:00+00:00","og_image":[{"width":1080,"height":608,"url":"https:\/\/turismobotanico.es\/wp-content\/uploads\/2025\/11\/Dana.jpg","type":"image\/jpeg"}],"twitter_card":"summary_large_image","twitter_misc":{"Est. reading time":"2 minutes"},"schema":{"@context":"https:\/\/schema.org","@graph":[{"@type":"WebPage","@id":"https:\/\/turismobotanico.es\/jordania-un-oasis-en-paz-del-27-de-marzo-al-3-de-abril-2026-pago-5\/","url":"https:\/\/turismobotanico.es\/jordania-un-oasis-en-paz-del-27-de-marzo-al-3-de-abril-2026-pago-5\/","name":"Jordania: Un oasis en paz | Del 27 de Marzo al 3 de Abril 2026 | Pago 5 - Turismo Bot\u00e1nico","isPartOf":{"@id":"https:\/\/turismobotanico.es\/#website"},"primaryImageOfPage":{"@id":"https:\/\/turismobotanico.es\/jordania-un-oasis-en-paz-del-27-de-marzo-al-3-de-abril-2026-pago-5\/#primaryimage"},"image":{"@id":"https:\/\/turismobotanico.es\/jordania-un-oasis-en-paz-del-27-de-marzo-al-3-de-abril-2026-pago-5\/#primaryimage"},"thumbnailUrl":"https:\/\/turismobotanico.es\/wp-content\/uploads\/2025\/11\/Dana.jpg","datePublished":"2025-11-03T17:23:58+00:00","dateModified":"2026-02-06T11:07:00+00:00","description":"En un mundo convulso, Jordania se erige como un oasis de paz. Su naturaleza, sus maravillas arqueol\u00f3gicas y sus mares lo demuestran. Los visitaremos.","breadcrumb":{"@id":"https:\/\/turismobotanico.es\/jordania-un-oasis-en-paz-del-27-de-marzo-al-3-de-abril-2026-pago-5\/#breadcrumb"},"inLanguage":"en-US","potentialAction":[{"@type":"ReadAction","target":["https:\/\/turismobotanico.es\/jordania-un-oasis-en-paz-del-27-de-marzo-al-3-de-abril-2026-pago-5\/"]}]},{"@type":"ImageObject","inLanguage":"en-US","@id":"https:\/\/turismobotanico.es\/jordania-un-oasis-en-paz-del-27-de-marzo-al-3-de-abril-2026-pago-5\/#primaryimage","url":"https:\/\/turismobotanico.es\/wp-content\/uploads\/2025\/11\/Dana.jpg","contentUrl":"https:\/\/turismobotanico.es\/wp-content\/uploads\/2025\/11\/Dana.jpg","width":1080,"height":608},{"@type":"BreadcrumbList","@id":"https:\/\/turismobotanico.es\/jordania-un-oasis-en-paz-del-27-de-marzo-al-3-de-abril-2026-pago-5\/#breadcrumb","itemListElement":[{"@type":"ListItem","position":1,"name":"Portada","item":"https:\/\/turismobotanico.es\/"},{"@type":"ListItem","position":2,"name":"Tienda","item":"https:\/\/turismobotanico.es\/tienda\/"},{"@type":"ListItem","position":3,"name":"Jordania: Un oasis en paz | Del 27 de Marzo al 3 de Abril 2026 | Pago 5"}]},{"@type":"WebSite","@id":"https:\/\/turismobotanico.es\/#website","url":"https:\/\/turismobotanico.es\/","name":"Turismo Bot\u00e1nico","description":"Turismo de naturaleza","potentialAction":[{"@type":"SearchAction","target":{"@type":"EntryPoint","urlTemplate":"https:\/\/turismobotanico.es\/?s={search_term_string}"},"query-input":{"@type":"PropertyValueSpecification","valueRequired":true,"valueName":"search_term_string"}}],"inLanguage":"en-US"}]}},"_links":{"self":[{"href":"https:\/\/turismobotanico.es\/en\/wp-json\/wp\/v2\/product\/17117","targetHints":{"allow":["GET"]}}],"collection":[{"href":"https:\/\/turismobotanico.es\/en\/wp-json\/wp\/v2\/product"}],"about":[{"href":"https:\/\/turismobotanico.es\/en\/wp-json\/wp\/v2\/types\/product"}],"replies":[{"embeddable":true,"href":"https:\/\/turismobotanico.es\/en\/wp-json\/wp\/v2\/comments?post=17117"}],"version-history":[{"count":2,"href":"https:\/\/turismobotanico.es\/en\/wp-json\/wp\/v2\/product\/17117\/revisions"}],"predecessor-version":[{"id":20061,"href":"https:\/\/turismobotanico.es\/en\/wp-json\/wp\/v2\/product\/17117\/revisions\/20061"}],"wp:featuredmedia":[{"embeddable":true,"href":"https:\/\/turismobotanico.es\/en\/wp-json\/wp\/v2\/media\/17101"}],"wp:attachment":[{"href":"https:\/\/turismobotanico.es\/en\/wp-json\/wp\/v2\/media?parent=17117"}],"wp:term":[{"taxonomy":"product_brand","embeddable":true,"href":"https:\/\/turismobotanico.es\/en\/wp-json\/wp\/v2\/product_brand?post=17117"},{"taxonomy":"product_cat","embeddable":true,"href":"https:\/\/turismobotanico.es\/en\/wp-json\/wp\/v2\/product_cat?post=17117"},{"taxonomy":"product_tag","embeddable":true,"href":"https:\/\/turismobotanico.es\/en\/wp-json\/wp\/v2\/product_tag?post=17117"}],"curies":[{"name":"wp","href":"https:\/\/api.w.org\/{rel}","templated":true}]}}