{"id":17280,"date":"2025-11-13T16:16:46","date_gmt":"2025-11-13T16:16:46","guid":{"rendered":"https:\/\/turismobotanico.es\/?post_type=product&#038;p=17280"},"modified":"2026-01-08T06:53:09","modified_gmt":"2026-01-08T06:53:09","slug":"albacete-la-caza-de-la-trufa-degustacion","status":"publish","type":"product","link":"https:\/\/turismobotanico.es\/en\/albacete-la-caza-de-la-trufa-degustacion\/","title":{"rendered":"ALBACETE: La caza de la trufa | Degustaci\u00f3n de productos trufados"},"content":{"rendered":"<p><strong>Degustaci\u00f3n de productos trufados opcional<br \/>\n<\/strong><em>Experiencia campera de recolecci\u00f3n de trufa negra con perros truferos y observaci\u00f3n de sus caracter\u00edsticas al microscopio<\/em><\/p>\n<p><span style=\"color: #800000;\">14 de diciembre de\u00a0 2025<\/span><\/p>\n<p>NECESARIA RESERVA, PLAZAS LIMITADAS.<\/p>\n<p>Puedes reservar por Whatsapp en el 627190409 o en el correo albacete@turismobotanico.es<\/p>\n<p><a href=\"https:\/\/turismobotanico.es\/en\/politica-de-cancelaciones\/\" target=\"_blank\" rel=\"noopener\">PUEDES CONSULTAR AQU\u00cd NUESTRA POL\u00cdTICA COMPLETA DE CANCELACIONES<\/a><\/p>","protected":false},"excerpt":{"rendered":"<p>Degustaci\u00f3n de productos trufados opcional Experiencia campera de recolecci\u00f3n de trufa negra con perros truferos y observaci\u00f3n de sus caracter\u00edsticas al microscopio 14 de diciembre de\u00a0 2025 NECESARIA RESERVA, PLAZAS [&hellip;]<\/p>\n","protected":false},"featured_media":17282,"comment_status":"closed","ping_status":"closed","template":"","meta":[],"product_brand":[],"product_cat":[115],"product_tag":[],"class_list":{"0":"post-17280","1":"product","2":"type-product","3":"status-publish","4":"has-post-thumbnail","6":"product_cat-sin-categoria","8":"first","9":"instock","10":"shipping-taxable","11":"purchasable","12":"product-type-simple"},"yoast_head":"<!-- This site is optimized with the Yoast SEO plugin v27.4 - https:\/\/yoast.com\/product\/yoast-seo-wordpress\/ -->\n<title>ALBACETE: La caza de la trufa | Degustaci\u00f3n de productos trufados - Turismo Bot\u00e1nico<\/title>\n<meta name=\"robots\" content=\"index, follow, max-snippet:-1, max-image-preview:large, max-video-preview:-1\" \/>\n<link rel=\"canonical\" href=\"https:\/\/turismobotanico.es\/en\/albacete-la-caza-de-la-trufa-degustacion\/\" \/>\n<meta property=\"og:locale\" content=\"en_US\" \/>\n<meta property=\"og:type\" content=\"article\" \/>\n<meta property=\"og:title\" content=\"ALBACETE: La caza de la trufa | Degustaci\u00f3n de productos trufados - Turismo Bot\u00e1nico\" \/>\n<meta property=\"og:description\" content=\"Degustaci\u00f3n de productos trufados opcional Experiencia campera de recolecci\u00f3n de trufa negra con perros truferos y observaci\u00f3n de sus caracter\u00edsticas al microscopio 14 de diciembre de\u00a0 2025 NECESARIA RESERVA, PLAZAS [&hellip;]\" \/>\n<meta property=\"og:url\" content=\"https:\/\/turismobotanico.es\/en\/albacete-la-caza-de-la-trufa-degustacion\/\" \/>\n<meta property=\"og:site_name\" content=\"Turismo Bot\u00e1nico\" \/>\n<meta property=\"article:modified_time\" content=\"2026-01-08T06:53:09+00:00\" \/>\n<meta property=\"og:image\" content=\"https:\/\/turismobotanico.es\/wp-content\/uploads\/2025\/11\/productos-trufados.jpg\" \/>\n\t<meta property=\"og:image:width\" content=\"1109\" \/>\n\t<meta property=\"og:image:height\" content=\"1479\" \/>\n\t<meta property=\"og:image:type\" content=\"image\/jpeg\" \/>\n<meta name=\"twitter:card\" content=\"summary_large_image\" \/>\n<meta name=\"twitter:label1\" content=\"Est. reading time\" \/>\n\t<meta name=\"twitter:data1\" content=\"1 minute\" \/>\n<script type=\"application\/ld+json\" class=\"yoast-schema-graph\">{\"@context\":\"https:\\\/\\\/schema.org\",\"@graph\":[{\"@type\":\"WebPage\",\"@id\":\"https:\\\/\\\/turismobotanico.es\\\/en\\\/albacete-la-caza-de-la-trufa-degustacion\\\/\",\"url\":\"https:\\\/\\\/turismobotanico.es\\\/en\\\/albacete-la-caza-de-la-trufa-degustacion\\\/\",\"name\":\"ALBACETE: La caza de la trufa | Degustaci\u00f3n de productos trufados - Turismo Bot\u00e1nico\",\"isPartOf\":{\"@id\":\"https:\\\/\\\/turismobotanico.es\\\/#website\"},\"primaryImageOfPage\":{\"@id\":\"https:\\\/\\\/turismobotanico.es\\\/en\\\/albacete-la-caza-de-la-trufa-degustacion\\\/#primaryimage\"},\"image\":{\"@id\":\"https:\\\/\\\/turismobotanico.es\\\/en\\\/albacete-la-caza-de-la-trufa-degustacion\\\/#primaryimage\"},\"thumbnailUrl\":\"https:\\\/\\\/turismobotanico.es\\\/wp-content\\\/uploads\\\/2025\\\/11\\\/productos-trufados.jpg\",\"datePublished\":\"2025-11-13T16:16:46+00:00\",\"dateModified\":\"2026-01-08T06:53:09+00:00\",\"breadcrumb\":{\"@id\":\"https:\\\/\\\/turismobotanico.es\\\/en\\\/albacete-la-caza-de-la-trufa-degustacion\\\/#breadcrumb\"},\"inLanguage\":\"en-US\",\"potentialAction\":[{\"@type\":\"ReadAction\",\"target\":[\"https:\\\/\\\/turismobotanico.es\\\/en\\\/albacete-la-caza-de-la-trufa-degustacion\\\/\"]}]},{\"@type\":\"ImageObject\",\"inLanguage\":\"en-US\",\"@id\":\"https:\\\/\\\/turismobotanico.es\\\/en\\\/albacete-la-caza-de-la-trufa-degustacion\\\/#primaryimage\",\"url\":\"https:\\\/\\\/turismobotanico.es\\\/wp-content\\\/uploads\\\/2025\\\/11\\\/productos-trufados.jpg\",\"contentUrl\":\"https:\\\/\\\/turismobotanico.es\\\/wp-content\\\/uploads\\\/2025\\\/11\\\/productos-trufados.jpg\",\"width\":1109,\"height\":1479},{\"@type\":\"BreadcrumbList\",\"@id\":\"https:\\\/\\\/turismobotanico.es\\\/en\\\/albacete-la-caza-de-la-trufa-degustacion\\\/#breadcrumb\",\"itemListElement\":[{\"@type\":\"ListItem\",\"position\":1,\"name\":\"Portada\",\"item\":\"https:\\\/\\\/turismobotanico.es\\\/\"},{\"@type\":\"ListItem\",\"position\":2,\"name\":\"Tienda\",\"item\":\"https:\\\/\\\/turismobotanico.es\\\/tienda\\\/\"},{\"@type\":\"ListItem\",\"position\":3,\"name\":\"ALBACETE: La caza de la trufa | Degustaci\u00f3n de productos trufados\"}]},{\"@type\":\"WebSite\",\"@id\":\"https:\\\/\\\/turismobotanico.es\\\/#website\",\"url\":\"https:\\\/\\\/turismobotanico.es\\\/\",\"name\":\"Turismo Bot\u00e1nico\",\"description\":\"Turismo de naturaleza\",\"potentialAction\":[{\"@type\":\"SearchAction\",\"target\":{\"@type\":\"EntryPoint\",\"urlTemplate\":\"https:\\\/\\\/turismobotanico.es\\\/?s={search_term_string}\"},\"query-input\":{\"@type\":\"PropertyValueSpecification\",\"valueRequired\":true,\"valueName\":\"search_term_string\"}}],\"inLanguage\":\"en-US\"}]}<\/script>\n<!-- \/ Yoast SEO plugin. -->","yoast_head_json":{"title":"ALBACETE: La caza de la trufa | Degustaci\u00f3n de productos trufados - Turismo Bot\u00e1nico","robots":{"index":"index","follow":"follow","max-snippet":"max-snippet:-1","max-image-preview":"max-image-preview:large","max-video-preview":"max-video-preview:-1"},"canonical":"https:\/\/turismobotanico.es\/en\/albacete-la-caza-de-la-trufa-degustacion\/","og_locale":"en_US","og_type":"article","og_title":"ALBACETE: La caza de la trufa | Degustaci\u00f3n de productos trufados - Turismo Bot\u00e1nico","og_description":"Degustaci\u00f3n de productos trufados opcional Experiencia campera de recolecci\u00f3n de trufa negra con perros truferos y observaci\u00f3n de sus caracter\u00edsticas al microscopio 14 de diciembre de\u00a0 2025 NECESARIA RESERVA, PLAZAS [&hellip;]","og_url":"https:\/\/turismobotanico.es\/en\/albacete-la-caza-de-la-trufa-degustacion\/","og_site_name":"Turismo Bot\u00e1nico","article_modified_time":"2026-01-08T06:53:09+00:00","og_image":[{"width":1109,"height":1479,"url":"https:\/\/turismobotanico.es\/wp-content\/uploads\/2025\/11\/productos-trufados.jpg","type":"image\/jpeg"}],"twitter_card":"summary_large_image","twitter_misc":{"Est. reading time":"1 minute"},"schema":{"@context":"https:\/\/schema.org","@graph":[{"@type":"WebPage","@id":"https:\/\/turismobotanico.es\/en\/albacete-la-caza-de-la-trufa-degustacion\/","url":"https:\/\/turismobotanico.es\/en\/albacete-la-caza-de-la-trufa-degustacion\/","name":"ALBACETE: La caza de la trufa | Degustaci\u00f3n de productos trufados - Turismo Bot\u00e1nico","isPartOf":{"@id":"https:\/\/turismobotanico.es\/#website"},"primaryImageOfPage":{"@id":"https:\/\/turismobotanico.es\/en\/albacete-la-caza-de-la-trufa-degustacion\/#primaryimage"},"image":{"@id":"https:\/\/turismobotanico.es\/en\/albacete-la-caza-de-la-trufa-degustacion\/#primaryimage"},"thumbnailUrl":"https:\/\/turismobotanico.es\/wp-content\/uploads\/2025\/11\/productos-trufados.jpg","datePublished":"2025-11-13T16:16:46+00:00","dateModified":"2026-01-08T06:53:09+00:00","breadcrumb":{"@id":"https:\/\/turismobotanico.es\/en\/albacete-la-caza-de-la-trufa-degustacion\/#breadcrumb"},"inLanguage":"en-US","potentialAction":[{"@type":"ReadAction","target":["https:\/\/turismobotanico.es\/en\/albacete-la-caza-de-la-trufa-degustacion\/"]}]},{"@type":"ImageObject","inLanguage":"en-US","@id":"https:\/\/turismobotanico.es\/en\/albacete-la-caza-de-la-trufa-degustacion\/#primaryimage","url":"https:\/\/turismobotanico.es\/wp-content\/uploads\/2025\/11\/productos-trufados.jpg","contentUrl":"https:\/\/turismobotanico.es\/wp-content\/uploads\/2025\/11\/productos-trufados.jpg","width":1109,"height":1479},{"@type":"BreadcrumbList","@id":"https:\/\/turismobotanico.es\/en\/albacete-la-caza-de-la-trufa-degustacion\/#breadcrumb","itemListElement":[{"@type":"ListItem","position":1,"name":"Portada","item":"https:\/\/turismobotanico.es\/"},{"@type":"ListItem","position":2,"name":"Tienda","item":"https:\/\/turismobotanico.es\/tienda\/"},{"@type":"ListItem","position":3,"name":"ALBACETE: La caza de la trufa | Degustaci\u00f3n de productos trufados"}]},{"@type":"WebSite","@id":"https:\/\/turismobotanico.es\/#website","url":"https:\/\/turismobotanico.es\/","name":"Turismo Bot\u00e1nico","description":"Turismo de naturaleza","potentialAction":[{"@type":"SearchAction","target":{"@type":"EntryPoint","urlTemplate":"https:\/\/turismobotanico.es\/?s={search_term_string}"},"query-input":{"@type":"PropertyValueSpecification","valueRequired":true,"valueName":"search_term_string"}}],"inLanguage":"en-US"}]}},"_links":{"self":[{"href":"https:\/\/turismobotanico.es\/en\/wp-json\/wp\/v2\/product\/17280","targetHints":{"allow":["GET"]}}],"collection":[{"href":"https:\/\/turismobotanico.es\/en\/wp-json\/wp\/v2\/product"}],"about":[{"href":"https:\/\/turismobotanico.es\/en\/wp-json\/wp\/v2\/types\/product"}],"replies":[{"embeddable":true,"href":"https:\/\/turismobotanico.es\/en\/wp-json\/wp\/v2\/comments?post=17280"}],"version-history":[{"count":1,"href":"https:\/\/turismobotanico.es\/en\/wp-json\/wp\/v2\/product\/17280\/revisions"}],"predecessor-version":[{"id":17283,"href":"https:\/\/turismobotanico.es\/en\/wp-json\/wp\/v2\/product\/17280\/revisions\/17283"}],"wp:featuredmedia":[{"embeddable":true,"href":"https:\/\/turismobotanico.es\/en\/wp-json\/wp\/v2\/media\/17282"}],"wp:attachment":[{"href":"https:\/\/turismobotanico.es\/en\/wp-json\/wp\/v2\/media?parent=17280"}],"wp:term":[{"taxonomy":"product_brand","embeddable":true,"href":"https:\/\/turismobotanico.es\/en\/wp-json\/wp\/v2\/product_brand?post=17280"},{"taxonomy":"product_cat","embeddable":true,"href":"https:\/\/turismobotanico.es\/en\/wp-json\/wp\/v2\/product_cat?post=17280"},{"taxonomy":"product_tag","embeddable":true,"href":"https:\/\/turismobotanico.es\/en\/wp-json\/wp\/v2\/product_tag?post=17280"}],"curies":[{"name":"wp","href":"https:\/\/api.w.org\/{rel}","templated":true}]}}