{"id":17284,"date":"2025-11-13T16:24:29","date_gmt":"2025-11-13T16:24:29","guid":{"rendered":"https:\/\/turismobotanico.es\/?post_type=product&#038;p=17284"},"modified":"2026-01-08T10:06:08","modified_gmt":"2026-01-08T10:06:08","slug":"auroras-boreales-en-la-laponia-finlandesa-del-9-al-14-de-marzo-de-2026","status":"publish","type":"product","link":"https:\/\/turismobotanico.es\/en\/auroras-boreales-en-la-laponia-finlandesa-del-9-al-14-de-marzo-de-2026\/","title":{"rendered":"Auroras Boreales en la Laponia Finlandesa | Del 9 al 14 de Marzo de 2026"},"content":{"rendered":"<p><a href=\"https:\/\/turismobotanico.es\/wp-content\/uploads\/2025\/11\/Auroras-Boreales-Laponia.pdf\">VER EL PROGRAMA COMPLETO (RECOMENDADO).<\/a><\/p>\n<p><b>M\u00c1TKI MEAHCCELUNDUI (Naturaleza salvaje en Sami).<\/b><\/p>\n<p>Laponia se trata de la zona m\u00e1s septentrional de Finlandia, c\u00e9lebre por su naturaleza sub\u00e1rtica, sus miles de lagos, bosques y por sus impresionantes y hermosas auroras boreales. Sus inviernos son reconocidos mundialmente, pero su verano es una estaci\u00f3n igual de m\u00e1gica y espectacular.<\/p>\n<p>Laponia comienza justo debajo del c\u00edrculo polar \u00e1rtico, desde la ciudad de Kemi hacia arriba, se trata de una de las regiones m\u00e1s salvajes de Finlandia y del norte de Europa. La vasta zona de Laponia atraviesa tambi\u00e9n las partes septentrionales de Rusia, Suecia (Laponia sueca) y Noruega (Finnmark).<\/p>\n<p>Durante el invierno (joulukaamos) la temperatura puede incluso descender hasta los -40\u00b0C, pero lo normal son temperaturas alrededor de -20\u00b0C y a veces -30\u00b0C. A partir del mes de enero, los d\u00edas se van alargando poco a poco, pero la temperatura se mantiene (pakkastalvi).<\/p>\n<p>Sin olvidar que el aire es uno de los m\u00e1s limpios del mundo y los paisajes son irrepetibles.<\/p>\n<p>PRECIO POR PERSONA CON TRANSPORTE, BILLETES DE AVI\u00d3N, SEGURO DE ACCIDENTES, DE VIAJE, DE CANCELACI\u00d3N Y DE RESPONSABILIDAD CIVIL, VISITAS GUIADAS, ENTRADAS A LAS ATRACCIONES TUR\u00cdSTICAS, ALOJAMIENTO CON DESAYUNO, UNA CENA Y DOS BARBACOAS AL ESTILO FINLAND\u00c9S (6 d\u00edas, 5 noches): 2480\u20ac<\/p>\n<p>El alojamiento es\u00a0en habitaci\u00f3n doble.\u00a0Si vas solo, tendr\u00e1s que pagar el suplemento de\u00a0<strong>habitaci\u00f3n individual: 150\u20ac<\/strong>. A\u00f1\u00e1delo al carrito, desde la parte de abajo de la p\u00e1gina, en el siguiente paso de la reserva.<\/p>\n<p><a href=\"https:\/\/www.bujaldon-sl.com\/productos\/certificado\/prime-2-0-copia\">PUEDE CONSULTAR LAS CONDICIONES DE ESTE SEGURO DE CANCELACI\u00d3N CLICANDO AQU\u00cd<\/a><\/p>\n<p><a href=\"https:\/\/turismobotanico.es\/en\/politica-de-cancelaciones\/\">PUEDES CONSULTAR AQU\u00cd NUESTRA POL\u00cdTICA DE CANCELACIONES<\/a><\/p>","protected":false},"excerpt":{"rendered":"<p><a href=\"https:\/\/turismobotanico.es\/wp-content\/uploads\/2025\/11\/Auroras-Boreales-Laponia.pdf\">VER EL PROGRAMA COMPLETO (RECOMENDADO).<\/a><\/p>\n<p><b>M\u00c1TKI MEAHCCELUNDUI (Naturaleza salvaje en Sami).<\/b><\/p>\n<p>Laponia se trata de la zona m\u00e1s septentrional de Finlandia, c\u00e9lebre por su naturaleza sub\u00e1rtica, sus miles de lagos, bosques y por sus impresionantes y hermosas auroras boreales. Sus inviernos son reconocidos mundialmente, pero su verano es una estaci\u00f3n igual de m\u00e1gica y espectacular.<\/p>\n<p>Laponia comienza justo debajo del c\u00edrculo polar \u00e1rtico, desde la ciudad de Kemi hacia arriba, se trata de una de las regiones m\u00e1s salvajes de Finlandia y del norte de Europa. La vasta zona de Laponia atraviesa tambi\u00e9n las partes septentrionales de Rusia, Suecia (Laponia sueca) y Noruega (Finnmark).<\/p>\n<p>Durante el invierno (joulukaamos) la temperatura puede incluso descender hasta los -40\u00b0C, pero lo normal son temperaturas alrededor de -20\u00b0C y a veces -30\u00b0C. A partir del mes de enero, los d\u00edas se van alargando poco a poco, pero la temperatura se mantiene (pakkastalvi).<\/p>\n<p>Sin olvidar que el aire es uno de los m\u00e1s limpios del mundo y los paisajes son irrepetibles.<\/p>\n<p>PRECIO POR PERSONA CON TRANSPORTE, BILLETES DE AVI\u00d3N, SEGURO DE ACCIDENTES, DE VIAJE, DE CANCELACI\u00d3N Y DE RESPONSABILIDAD CIVIL, VISITAS GUIADAS, ENTRADAS A LAS ATRACCIONES TUR\u00cdSTICAS, ALOJAMIENTO CON DESAYUNO, UNA CENA Y DOS BARBACOAS AL ESTILO FINLAND\u00c9S (6 d\u00edas, 5 noches): 2480\u20ac<\/p>\n<p>El alojamiento es\u00a0en habitaci\u00f3n doble.\u00a0Si vas solo, tendr\u00e1s que pagar el suplemento de\u00a0<strong>habitaci\u00f3n individual: 150\u20ac<\/strong>. A\u00f1\u00e1delo al carrito, desde la parte de abajo de la p\u00e1gina, en el siguiente paso de la reserva.<\/p>\n<p><a href=\"https:\/\/www.bujaldon-sl.com\/productos\/certificado\/prime-2-0-copia\">PUEDE CONSULTAR LAS CONDICIONES DE ESTE SEGURO DE CANCELACI\u00d3N CLICANDO AQU\u00cd<\/a><\/p>\n<p><a href=\"https:\/\/turismobotanico.es\/en\/politica-de-cancelaciones\/\">PUEDES CONSULTAR AQU\u00cd NUESTRA POL\u00cdTICA DE CANCELACIONES<\/a><\/p>","protected":false},"featured_media":17245,"comment_status":"closed","ping_status":"closed","template":"","meta":[],"product_brand":[],"product_cat":[54,55,45,62,106,56,53,132],"product_tag":[],"class_list":{"0":"post-17284","1":"product","2":"type-product","3":"status-publish","4":"has-post-thumbnail","6":"product_cat-albacete","7":"product_cat-alicante","8":"product_cat-destinos-por-region","9":"product_cat-escapadas-y-viajes-de-naturaleza-en-europa-y-el-mundo","10":"product_cat-europa","11":"product_cat-madrid","12":"product_cat-murcia","13":"product_cat-viajes-de-naturaleza","15":"first","16":"instock","17":"virtual","18":"purchasable","19":"product-type-simple"},"yoast_head":"<!-- This site is optimized with the Yoast SEO plugin v27.4 - https:\/\/yoast.com\/product\/yoast-seo-wordpress\/ -->\n<title>Auroras Boreales en la Laponia Finlandesa | Del 9 al 14 de Marzo de 2026 - Turismo Bot\u00e1nico<\/title>\n<meta name=\"description\" content=\"En esta ocasi\u00f3n, nuestro objetivo estar\u00e1 en el cielo. Nos vamos a la Laponia Finlandesa para ir a buscar las auroras boreales. \u00bfTe vienes?\" \/>\n<meta name=\"robots\" content=\"index, follow, max-snippet:-1, max-image-preview:large, max-video-preview:-1\" \/>\n<link rel=\"canonical\" href=\"https:\/\/turismobotanico.es\/en\/auroras-boreales-en-la-laponia-finlandesa-del-9-al-14-de-marzo-de-2026\/\" \/>\n<meta property=\"og:locale\" content=\"en_US\" \/>\n<meta property=\"og:type\" content=\"article\" \/>\n<meta property=\"og:title\" content=\"Auroras Boreales en la Laponia Finlandesa | Del 9 al 14 de Marzo de 2026 - Turismo Bot\u00e1nico\" \/>\n<meta property=\"og:description\" content=\"En esta ocasi\u00f3n, nuestro objetivo estar\u00e1 en el cielo. Nos vamos a la Laponia Finlandesa para ir a buscar las auroras boreales. \u00bfTe vienes?\" \/>\n<meta property=\"og:url\" content=\"https:\/\/turismobotanico.es\/en\/auroras-boreales-en-la-laponia-finlandesa-del-9-al-14-de-marzo-de-2026\/\" \/>\n<meta property=\"og:site_name\" content=\"Turismo Bot\u00e1nico\" \/>\n<meta property=\"article:modified_time\" content=\"2026-01-08T10:06:08+00:00\" \/>\n<meta property=\"og:image\" content=\"https:\/\/turismobotanico.es\/wp-content\/uploads\/2025\/11\/Laponia1.jpg\" \/>\n\t<meta property=\"og:image:width\" content=\"957\" \/>\n\t<meta property=\"og:image:height\" content=\"636\" \/>\n\t<meta property=\"og:image:type\" content=\"image\/jpeg\" \/>\n<meta name=\"twitter:card\" content=\"summary_large_image\" \/>\n<meta name=\"twitter:label1\" content=\"Est. reading time\" \/>\n\t<meta name=\"twitter:data1\" content=\"2 minutes\" \/>\n<script type=\"application\/ld+json\" class=\"yoast-schema-graph\">{\"@context\":\"https:\\\/\\\/schema.org\",\"@graph\":[{\"@type\":\"WebPage\",\"@id\":\"https:\\\/\\\/turismobotanico.es\\\/auroras-boreales-en-la-laponia-finlandesa-del-9-al-14-de-marzo-de-2026\\\/\",\"url\":\"https:\\\/\\\/turismobotanico.es\\\/auroras-boreales-en-la-laponia-finlandesa-del-9-al-14-de-marzo-de-2026\\\/\",\"name\":\"Auroras Boreales en la Laponia Finlandesa | Del 9 al 14 de Marzo de 2026 - Turismo Bot\u00e1nico\",\"isPartOf\":{\"@id\":\"https:\\\/\\\/turismobotanico.es\\\/#website\"},\"primaryImageOfPage\":{\"@id\":\"https:\\\/\\\/turismobotanico.es\\\/auroras-boreales-en-la-laponia-finlandesa-del-9-al-14-de-marzo-de-2026\\\/#primaryimage\"},\"image\":{\"@id\":\"https:\\\/\\\/turismobotanico.es\\\/auroras-boreales-en-la-laponia-finlandesa-del-9-al-14-de-marzo-de-2026\\\/#primaryimage\"},\"thumbnailUrl\":\"https:\\\/\\\/turismobotanico.es\\\/wp-content\\\/uploads\\\/2025\\\/11\\\/Laponia1.jpg\",\"datePublished\":\"2025-11-13T16:24:29+00:00\",\"dateModified\":\"2026-01-08T10:06:08+00:00\",\"description\":\"En esta ocasi\u00f3n, nuestro objetivo estar\u00e1 en el cielo. Nos vamos a la Laponia Finlandesa para ir a buscar las auroras boreales. \u00bfTe vienes?\",\"breadcrumb\":{\"@id\":\"https:\\\/\\\/turismobotanico.es\\\/auroras-boreales-en-la-laponia-finlandesa-del-9-al-14-de-marzo-de-2026\\\/#breadcrumb\"},\"inLanguage\":\"en-US\",\"potentialAction\":[{\"@type\":\"ReadAction\",\"target\":[\"https:\\\/\\\/turismobotanico.es\\\/auroras-boreales-en-la-laponia-finlandesa-del-9-al-14-de-marzo-de-2026\\\/\"]}]},{\"@type\":\"ImageObject\",\"inLanguage\":\"en-US\",\"@id\":\"https:\\\/\\\/turismobotanico.es\\\/auroras-boreales-en-la-laponia-finlandesa-del-9-al-14-de-marzo-de-2026\\\/#primaryimage\",\"url\":\"https:\\\/\\\/turismobotanico.es\\\/wp-content\\\/uploads\\\/2025\\\/11\\\/Laponia1.jpg\",\"contentUrl\":\"https:\\\/\\\/turismobotanico.es\\\/wp-content\\\/uploads\\\/2025\\\/11\\\/Laponia1.jpg\",\"width\":957,\"height\":636,\"caption\":\"Auroras boreales en Laponia\"},{\"@type\":\"BreadcrumbList\",\"@id\":\"https:\\\/\\\/turismobotanico.es\\\/auroras-boreales-en-la-laponia-finlandesa-del-9-al-14-de-marzo-de-2026\\\/#breadcrumb\",\"itemListElement\":[{\"@type\":\"ListItem\",\"position\":1,\"name\":\"Portada\",\"item\":\"https:\\\/\\\/turismobotanico.es\\\/\"},{\"@type\":\"ListItem\",\"position\":2,\"name\":\"Tienda\",\"item\":\"https:\\\/\\\/turismobotanico.es\\\/tienda\\\/\"},{\"@type\":\"ListItem\",\"position\":3,\"name\":\"Auroras Boreales en la Laponia Finlandesa | Del 9 al 14 de Marzo de 2026\"}]},{\"@type\":\"WebSite\",\"@id\":\"https:\\\/\\\/turismobotanico.es\\\/#website\",\"url\":\"https:\\\/\\\/turismobotanico.es\\\/\",\"name\":\"Turismo Bot\u00e1nico\",\"description\":\"Turismo de naturaleza\",\"potentialAction\":[{\"@type\":\"SearchAction\",\"target\":{\"@type\":\"EntryPoint\",\"urlTemplate\":\"https:\\\/\\\/turismobotanico.es\\\/?s={search_term_string}\"},\"query-input\":{\"@type\":\"PropertyValueSpecification\",\"valueRequired\":true,\"valueName\":\"search_term_string\"}}],\"inLanguage\":\"en-US\"}]}<\/script>\n<!-- \/ Yoast SEO plugin. -->","yoast_head_json":{"title":"Auroras Boreales en la Laponia Finlandesa | Del 9 al 14 de Marzo de 2026 - Turismo Bot\u00e1nico","description":"En esta ocasi\u00f3n, nuestro objetivo estar\u00e1 en el cielo. Nos vamos a la Laponia Finlandesa para ir a buscar las auroras boreales. \u00bfTe vienes?","robots":{"index":"index","follow":"follow","max-snippet":"max-snippet:-1","max-image-preview":"max-image-preview:large","max-video-preview":"max-video-preview:-1"},"canonical":"https:\/\/turismobotanico.es\/en\/auroras-boreales-en-la-laponia-finlandesa-del-9-al-14-de-marzo-de-2026\/","og_locale":"en_US","og_type":"article","og_title":"Auroras Boreales en la Laponia Finlandesa | Del 9 al 14 de Marzo de 2026 - Turismo Bot\u00e1nico","og_description":"En esta ocasi\u00f3n, nuestro objetivo estar\u00e1 en el cielo. Nos vamos a la Laponia Finlandesa para ir a buscar las auroras boreales. \u00bfTe vienes?","og_url":"https:\/\/turismobotanico.es\/en\/auroras-boreales-en-la-laponia-finlandesa-del-9-al-14-de-marzo-de-2026\/","og_site_name":"Turismo Bot\u00e1nico","article_modified_time":"2026-01-08T10:06:08+00:00","og_image":[{"width":957,"height":636,"url":"https:\/\/turismobotanico.es\/wp-content\/uploads\/2025\/11\/Laponia1.jpg","type":"image\/jpeg"}],"twitter_card":"summary_large_image","twitter_misc":{"Est. reading time":"2 minutes"},"schema":{"@context":"https:\/\/schema.org","@graph":[{"@type":"WebPage","@id":"https:\/\/turismobotanico.es\/auroras-boreales-en-la-laponia-finlandesa-del-9-al-14-de-marzo-de-2026\/","url":"https:\/\/turismobotanico.es\/auroras-boreales-en-la-laponia-finlandesa-del-9-al-14-de-marzo-de-2026\/","name":"Auroras Boreales en la Laponia Finlandesa | Del 9 al 14 de Marzo de 2026 - Turismo Bot\u00e1nico","isPartOf":{"@id":"https:\/\/turismobotanico.es\/#website"},"primaryImageOfPage":{"@id":"https:\/\/turismobotanico.es\/auroras-boreales-en-la-laponia-finlandesa-del-9-al-14-de-marzo-de-2026\/#primaryimage"},"image":{"@id":"https:\/\/turismobotanico.es\/auroras-boreales-en-la-laponia-finlandesa-del-9-al-14-de-marzo-de-2026\/#primaryimage"},"thumbnailUrl":"https:\/\/turismobotanico.es\/wp-content\/uploads\/2025\/11\/Laponia1.jpg","datePublished":"2025-11-13T16:24:29+00:00","dateModified":"2026-01-08T10:06:08+00:00","description":"En esta ocasi\u00f3n, nuestro objetivo estar\u00e1 en el cielo. Nos vamos a la Laponia Finlandesa para ir a buscar las auroras boreales. \u00bfTe vienes?","breadcrumb":{"@id":"https:\/\/turismobotanico.es\/auroras-boreales-en-la-laponia-finlandesa-del-9-al-14-de-marzo-de-2026\/#breadcrumb"},"inLanguage":"en-US","potentialAction":[{"@type":"ReadAction","target":["https:\/\/turismobotanico.es\/auroras-boreales-en-la-laponia-finlandesa-del-9-al-14-de-marzo-de-2026\/"]}]},{"@type":"ImageObject","inLanguage":"en-US","@id":"https:\/\/turismobotanico.es\/auroras-boreales-en-la-laponia-finlandesa-del-9-al-14-de-marzo-de-2026\/#primaryimage","url":"https:\/\/turismobotanico.es\/wp-content\/uploads\/2025\/11\/Laponia1.jpg","contentUrl":"https:\/\/turismobotanico.es\/wp-content\/uploads\/2025\/11\/Laponia1.jpg","width":957,"height":636,"caption":"Auroras boreales en Laponia"},{"@type":"BreadcrumbList","@id":"https:\/\/turismobotanico.es\/auroras-boreales-en-la-laponia-finlandesa-del-9-al-14-de-marzo-de-2026\/#breadcrumb","itemListElement":[{"@type":"ListItem","position":1,"name":"Portada","item":"https:\/\/turismobotanico.es\/"},{"@type":"ListItem","position":2,"name":"Tienda","item":"https:\/\/turismobotanico.es\/tienda\/"},{"@type":"ListItem","position":3,"name":"Auroras Boreales en la Laponia Finlandesa | Del 9 al 14 de Marzo de 2026"}]},{"@type":"WebSite","@id":"https:\/\/turismobotanico.es\/#website","url":"https:\/\/turismobotanico.es\/","name":"Turismo Bot\u00e1nico","description":"Turismo de naturaleza","potentialAction":[{"@type":"SearchAction","target":{"@type":"EntryPoint","urlTemplate":"https:\/\/turismobotanico.es\/?s={search_term_string}"},"query-input":{"@type":"PropertyValueSpecification","valueRequired":true,"valueName":"search_term_string"}}],"inLanguage":"en-US"}]}},"_links":{"self":[{"href":"https:\/\/turismobotanico.es\/en\/wp-json\/wp\/v2\/product\/17284","targetHints":{"allow":["GET"]}}],"collection":[{"href":"https:\/\/turismobotanico.es\/en\/wp-json\/wp\/v2\/product"}],"about":[{"href":"https:\/\/turismobotanico.es\/en\/wp-json\/wp\/v2\/types\/product"}],"replies":[{"embeddable":true,"href":"https:\/\/turismobotanico.es\/en\/wp-json\/wp\/v2\/comments?post=17284"}],"version-history":[{"count":1,"href":"https:\/\/turismobotanico.es\/en\/wp-json\/wp\/v2\/product\/17284\/revisions"}],"predecessor-version":[{"id":17285,"href":"https:\/\/turismobotanico.es\/en\/wp-json\/wp\/v2\/product\/17284\/revisions\/17285"}],"wp:featuredmedia":[{"embeddable":true,"href":"https:\/\/turismobotanico.es\/en\/wp-json\/wp\/v2\/media\/17245"}],"wp:attachment":[{"href":"https:\/\/turismobotanico.es\/en\/wp-json\/wp\/v2\/media?parent=17284"}],"wp:term":[{"taxonomy":"product_brand","embeddable":true,"href":"https:\/\/turismobotanico.es\/en\/wp-json\/wp\/v2\/product_brand?post=17284"},{"taxonomy":"product_cat","embeddable":true,"href":"https:\/\/turismobotanico.es\/en\/wp-json\/wp\/v2\/product_cat?post=17284"},{"taxonomy":"product_tag","embeddable":true,"href":"https:\/\/turismobotanico.es\/en\/wp-json\/wp\/v2\/product_tag?post=17284"}],"curies":[{"name":"wp","href":"https:\/\/api.w.org\/{rel}","templated":true}]}}