{"id":17322,"date":"2025-11-17T18:38:27","date_gmt":"2025-11-17T18:38:27","guid":{"rendered":"https:\/\/turismobotanico.es\/?post_type=product&#038;p=17322"},"modified":"2026-02-20T09:48:32","modified_gmt":"2026-02-20T09:48:32","slug":"canon-del-rio-lobos-del-1-al-5-de-abril-de-2026-pago-2","status":"publish","type":"product","link":"https:\/\/turismobotanico.es\/en\/canon-del-rio-lobos-del-1-al-5-de-abril-de-2026-pago-2\/","title":{"rendered":"Ca\u00f1\u00f3n del R\u00edo Lobos | Del 1 al 5 de Abril de 2026 | Pago 2"},"content":{"rendered":"<p><a href=\"https:\/\/turismobotanico.es\/wp-content\/uploads\/2025\/11\/Canon-Rio-Lobos-26-.pdf\">VER EL PROGRAMA COMPLETO (RECOMENDADO).<\/a><\/p>\n<p><b>El grito de la piedra y el vuelo del \u00e1guila.<\/b><\/p>\n<p>El Parque Natural del Ca\u00f1\u00f3n del R\u00edo Lobos constituye un singular espacio biogeogr\u00e1fico estructurado sobre el eje de un profundo ca\u00f1\u00f3n de escarpados farallones.<\/p>\n<p>En su interior, adem\u00e1s de extensos bosques de sabina y pino laricio, se dan cita una gran variedad de especies animales. Entre \u00e9stas destacan un centenar de parejas de buitres leonados. Tambi\u00e9n anidan en sus inaccesibles cortados \u00e1guilas reales y perdiceras, alimoches, halcones y ratoneros. Entre los mam\u00edferos abundan los corzos, jabal\u00edes, ardillas, nutrias, tejones y gatos monteses.<\/p>\n<p>El ca\u00f1\u00f3n del r\u00edo Lobos, declarado Parque Natural en 1985, fue una de las primeras zonas protegidas en Castilla y Le\u00f3n. La protecci\u00f3n abarca los m\u00e1s de 20 kil\u00f3metros del ca\u00f1\u00f3n y toda su zona de influencia. Por la espectacularidad de su relieve est\u00e1 considerado como uno de los paisajes m\u00e1s bellos de Espa\u00f1a. En su interior y en sus alrededores se conserva, as\u00ed mismo, un valioso conjunto de restos art\u00edsticos, pueblos y villas con un recio sabor tradicional: ermita de San Bartolom\u00e9, Ucero, San Leonardo y El Burgo de Osma.<\/p>\n<p>PRECIO POR PERSONA CON TRANSPORTE EN TREN, DESPLAZAMIENTO EN DESTINO, SEGURO DE ACCIDENTES, DE VIAJE, DE CANCELACI\u00d3N Y DE RESPONSABILIDAD CIVIL, VISITAS GUIADAS, ENTRADAS A LAS ATRACCIONES TUR\u00cdSTICAS, ALOJAMIENTO CON DESAYUNO, DOS CENAS Y UNA COMIDA (5 d\u00edas, 4 noches): 780\u20ac<\/p>\n<p>El alojamiento es\u00a0en habitaci\u00f3n doble.\u00a0Si vas solo, tendr\u00e1s que pagar el suplemento de\u00a0<strong>habitaci\u00f3n individual: 200\u20ac<\/strong>. A\u00f1\u00e1delo al carrito, desde la parte de abajo de la p\u00e1gina, en el siguiente paso de la reserva.<\/p>\n<p><a href=\"https:\/\/www.bujaldon-sl.com\/productos\/certificado\/prime-2-0-copia\">PUEDE CONSULTAR LAS CONDICIONES DE ESTE SEGURO DE CANCELACI\u00d3N CLICANDO AQU\u00cd<\/a><\/p>\n<p><a href=\"https:\/\/turismobotanico.es\/en\/politica-de-cancelaciones\/\">PUEDES CONSULTAR AQU\u00cd NUESTRA POL\u00cdTICA DE CANCELACIONES<\/a><\/p>","protected":false},"excerpt":{"rendered":"<p>&nbsp;<\/p>\n<p><a href=\"https:\/\/turismobotanico.es\/wp-content\/uploads\/2025\/11\/Canon-Rio-Lobos-26-.pdf\">VER EL PROGRAMA COMPLETO (RECOMENDADO).<\/a><\/p>\n<p><b>El grito de la piedra y el vuelo del \u00e1guila.<\/b><\/p>\n<p>El Parque Natural del Ca\u00f1\u00f3n del R\u00edo Lobos constituye un singular espacio biogeogr\u00e1fico estructurado sobre el eje de un profundo ca\u00f1\u00f3n de escarpados farallones.<\/p>\n<p>En su interior, adem\u00e1s de extensos bosques de sabina y pino laricio, se dan cita una gran variedad de especies animales. Entre \u00e9stas destacan un centenar de parejas de buitres leonados. Tambi\u00e9n anidan en sus inaccesibles cortados \u00e1guilas reales y perdiceras, alimoches, halcones y ratoneros. Entre los mam\u00edferos abundan los corzos, jabal\u00edes, ardillas, nutrias, tejones y gatos monteses.<\/p>\n<p>El ca\u00f1\u00f3n del r\u00edo Lobos, declarado Parque Natural en 1985, fue una de las primeras zonas protegidas en Castilla y Le\u00f3n. La protecci\u00f3n abarca los m\u00e1s de 20 kil\u00f3metros del ca\u00f1\u00f3n y toda su zona de influencia. Por la espectacularidad de su relieve est\u00e1 considerado como uno de los paisajes m\u00e1s bellos de Espa\u00f1a. En su interior y en sus alrededores se conserva, as\u00ed mismo, un valioso conjunto de restos art\u00edsticos, pueblos y villas con un recio sabor tradicional: ermita de San Bartolom\u00e9, Ucero, San Leonardo y El Burgo de Osma.<\/p>\n<p>PRECIO POR PERSONA CON TRANSPORTE EN TREN, DESPLAZAMIENTO EN DESTINO, SEGURO DE ACCIDENTES, DE VIAJE, DE CANCELACI\u00d3N Y DE RESPONSABILIDAD CIVIL, VISITAS GUIADAS, ENTRADAS A LAS ATRACCIONES TUR\u00cdSTICAS, ALOJAMIENTO CON DESAYUNO, DOS CENAS Y UNA COMIDA (5 d\u00edas, 4 noches): 780\u20ac<\/p>\n<p>El alojamiento es\u00a0en habitaci\u00f3n doble.\u00a0Si vas solo, tendr\u00e1s que pagar el suplemento de\u00a0<strong>habitaci\u00f3n individual: 200\u20ac<\/strong>. A\u00f1\u00e1delo al carrito, desde la parte de abajo de la p\u00e1gina, en el siguiente paso de la reserva.<\/p>\n<p><a href=\"https:\/\/www.bujaldon-sl.com\/productos\/certificado\/prime-2-0-copia\">PUEDE CONSULTAR LAS CONDICIONES DE ESTE SEGURO DE CANCELACI\u00d3N CLICANDO AQU\u00cd<\/a><\/p>\n<p><a href=\"https:\/\/turismobotanico.es\/en\/politica-de-cancelaciones\/\">PUEDES CONSULTAR AQU\u00cd NUESTRA POL\u00cdTICA DE CANCELACIONES<\/a><\/p>","protected":false},"featured_media":17315,"comment_status":"closed","ping_status":"closed","template":"","meta":[],"product_brand":[],"product_cat":[115],"product_tag":[],"class_list":{"0":"post-17322","1":"product","2":"type-product","3":"status-publish","4":"has-post-thumbnail","6":"product_cat-sin-categoria","8":"first","9":"instock","10":"virtual","11":"purchasable","12":"product-type-simple"},"yoast_head":"<!-- This site is optimized with the Yoast SEO plugin v27.3 - https:\/\/yoast.com\/product\/yoast-seo-wordpress\/ -->\n<title>Ca\u00f1\u00f3n del R\u00edo Lobos | Del 1 al 5 de Abril de 2026 | Pago 2 - Turismo Bot\u00e1nico<\/title>\n<meta name=\"description\" content=\"En esta ocasi\u00f3n, nuestro objetivo estar\u00e1 en el cielo. Nos vamos a la Laponia Finlandesa para ir a buscar las auroras boreales. \u00bfTe vienes?\" \/>\n<meta name=\"robots\" content=\"index, follow, max-snippet:-1, max-image-preview:large, max-video-preview:-1\" \/>\n<link rel=\"canonical\" href=\"https:\/\/turismobotanico.es\/en\/canon-del-rio-lobos-del-1-al-5-de-abril-de-2026-pago-2\/\" \/>\n<meta property=\"og:locale\" content=\"en_US\" \/>\n<meta property=\"og:type\" content=\"article\" \/>\n<meta property=\"og:title\" content=\"Ca\u00f1\u00f3n del R\u00edo Lobos | Del 1 al 5 de Abril de 2026 | Pago 2 - Turismo Bot\u00e1nico\" \/>\n<meta property=\"og:description\" content=\"En esta ocasi\u00f3n, nuestro objetivo estar\u00e1 en el cielo. Nos vamos a la Laponia Finlandesa para ir a buscar las auroras boreales. \u00bfTe vienes?\" \/>\n<meta property=\"og:url\" content=\"https:\/\/turismobotanico.es\/en\/canon-del-rio-lobos-del-1-al-5-de-abril-de-2026-pago-2\/\" \/>\n<meta property=\"og:site_name\" content=\"Turismo Bot\u00e1nico\" \/>\n<meta property=\"article:modified_time\" content=\"2026-02-20T09:48:32+00:00\" \/>\n<meta property=\"og:image\" content=\"https:\/\/turismobotanico.es\/wp-content\/uploads\/2025\/11\/RioLobos5.jpg\" \/>\n\t<meta property=\"og:image:width\" content=\"827\" \/>\n\t<meta property=\"og:image:height\" content=\"457\" \/>\n\t<meta property=\"og:image:type\" content=\"image\/jpeg\" \/>\n<meta name=\"twitter:card\" content=\"summary_large_image\" \/>\n<meta name=\"twitter:label1\" content=\"Est. reading time\" \/>\n\t<meta name=\"twitter:data1\" content=\"2 minutes\" \/>\n<script type=\"application\/ld+json\" class=\"yoast-schema-graph\">{\"@context\":\"https:\\\/\\\/schema.org\",\"@graph\":[{\"@type\":\"WebPage\",\"@id\":\"https:\\\/\\\/turismobotanico.es\\\/canon-del-rio-lobos-del-1-al-5-de-abril-de-2026-pago-2\\\/\",\"url\":\"https:\\\/\\\/turismobotanico.es\\\/canon-del-rio-lobos-del-1-al-5-de-abril-de-2026-pago-2\\\/\",\"name\":\"Ca\u00f1\u00f3n del R\u00edo Lobos | Del 1 al 5 de Abril de 2026 | Pago 2 - Turismo Bot\u00e1nico\",\"isPartOf\":{\"@id\":\"https:\\\/\\\/turismobotanico.es\\\/#website\"},\"primaryImageOfPage\":{\"@id\":\"https:\\\/\\\/turismobotanico.es\\\/canon-del-rio-lobos-del-1-al-5-de-abril-de-2026-pago-2\\\/#primaryimage\"},\"image\":{\"@id\":\"https:\\\/\\\/turismobotanico.es\\\/canon-del-rio-lobos-del-1-al-5-de-abril-de-2026-pago-2\\\/#primaryimage\"},\"thumbnailUrl\":\"https:\\\/\\\/turismobotanico.es\\\/wp-content\\\/uploads\\\/2025\\\/11\\\/RioLobos5.jpg\",\"datePublished\":\"2025-11-17T18:38:27+00:00\",\"dateModified\":\"2026-02-20T09:48:32+00:00\",\"description\":\"En esta ocasi\u00f3n, nuestro objetivo estar\u00e1 en el cielo. Nos vamos a la Laponia Finlandesa para ir a buscar las auroras boreales. \u00bfTe vienes?\",\"breadcrumb\":{\"@id\":\"https:\\\/\\\/turismobotanico.es\\\/canon-del-rio-lobos-del-1-al-5-de-abril-de-2026-pago-2\\\/#breadcrumb\"},\"inLanguage\":\"en-US\",\"potentialAction\":[{\"@type\":\"ReadAction\",\"target\":[\"https:\\\/\\\/turismobotanico.es\\\/canon-del-rio-lobos-del-1-al-5-de-abril-de-2026-pago-2\\\/\"]}]},{\"@type\":\"ImageObject\",\"inLanguage\":\"en-US\",\"@id\":\"https:\\\/\\\/turismobotanico.es\\\/canon-del-rio-lobos-del-1-al-5-de-abril-de-2026-pago-2\\\/#primaryimage\",\"url\":\"https:\\\/\\\/turismobotanico.es\\\/wp-content\\\/uploads\\\/2025\\\/11\\\/RioLobos5.jpg\",\"contentUrl\":\"https:\\\/\\\/turismobotanico.es\\\/wp-content\\\/uploads\\\/2025\\\/11\\\/RioLobos5.jpg\",\"width\":827,\"height\":457},{\"@type\":\"BreadcrumbList\",\"@id\":\"https:\\\/\\\/turismobotanico.es\\\/canon-del-rio-lobos-del-1-al-5-de-abril-de-2026-pago-2\\\/#breadcrumb\",\"itemListElement\":[{\"@type\":\"ListItem\",\"position\":1,\"name\":\"Portada\",\"item\":\"https:\\\/\\\/turismobotanico.es\\\/\"},{\"@type\":\"ListItem\",\"position\":2,\"name\":\"Tienda\",\"item\":\"https:\\\/\\\/turismobotanico.es\\\/tienda\\\/\"},{\"@type\":\"ListItem\",\"position\":3,\"name\":\"Ca\u00f1\u00f3n del R\u00edo Lobos | Del 1 al 5 de Abril de 2026 | Pago 2\"}]},{\"@type\":\"WebSite\",\"@id\":\"https:\\\/\\\/turismobotanico.es\\\/#website\",\"url\":\"https:\\\/\\\/turismobotanico.es\\\/\",\"name\":\"Turismo Bot\u00e1nico\",\"description\":\"Turismo de naturaleza\",\"potentialAction\":[{\"@type\":\"SearchAction\",\"target\":{\"@type\":\"EntryPoint\",\"urlTemplate\":\"https:\\\/\\\/turismobotanico.es\\\/?s={search_term_string}\"},\"query-input\":{\"@type\":\"PropertyValueSpecification\",\"valueRequired\":true,\"valueName\":\"search_term_string\"}}],\"inLanguage\":\"en-US\"}]}<\/script>\n<!-- \/ Yoast SEO plugin. -->","yoast_head_json":{"title":"Ca\u00f1\u00f3n del R\u00edo Lobos | Del 1 al 5 de Abril de 2026 | Pago 2 - Turismo Bot\u00e1nico","description":"En esta ocasi\u00f3n, nuestro objetivo estar\u00e1 en el cielo. Nos vamos a la Laponia Finlandesa para ir a buscar las auroras boreales. \u00bfTe vienes?","robots":{"index":"index","follow":"follow","max-snippet":"max-snippet:-1","max-image-preview":"max-image-preview:large","max-video-preview":"max-video-preview:-1"},"canonical":"https:\/\/turismobotanico.es\/en\/canon-del-rio-lobos-del-1-al-5-de-abril-de-2026-pago-2\/","og_locale":"en_US","og_type":"article","og_title":"Ca\u00f1\u00f3n del R\u00edo Lobos | Del 1 al 5 de Abril de 2026 | Pago 2 - Turismo Bot\u00e1nico","og_description":"En esta ocasi\u00f3n, nuestro objetivo estar\u00e1 en el cielo. Nos vamos a la Laponia Finlandesa para ir a buscar las auroras boreales. \u00bfTe vienes?","og_url":"https:\/\/turismobotanico.es\/en\/canon-del-rio-lobos-del-1-al-5-de-abril-de-2026-pago-2\/","og_site_name":"Turismo Bot\u00e1nico","article_modified_time":"2026-02-20T09:48:32+00:00","og_image":[{"width":827,"height":457,"url":"https:\/\/turismobotanico.es\/wp-content\/uploads\/2025\/11\/RioLobos5.jpg","type":"image\/jpeg"}],"twitter_card":"summary_large_image","twitter_misc":{"Est. reading time":"2 minutes"},"schema":{"@context":"https:\/\/schema.org","@graph":[{"@type":"WebPage","@id":"https:\/\/turismobotanico.es\/canon-del-rio-lobos-del-1-al-5-de-abril-de-2026-pago-2\/","url":"https:\/\/turismobotanico.es\/canon-del-rio-lobos-del-1-al-5-de-abril-de-2026-pago-2\/","name":"Ca\u00f1\u00f3n del R\u00edo Lobos | Del 1 al 5 de Abril de 2026 | Pago 2 - Turismo Bot\u00e1nico","isPartOf":{"@id":"https:\/\/turismobotanico.es\/#website"},"primaryImageOfPage":{"@id":"https:\/\/turismobotanico.es\/canon-del-rio-lobos-del-1-al-5-de-abril-de-2026-pago-2\/#primaryimage"},"image":{"@id":"https:\/\/turismobotanico.es\/canon-del-rio-lobos-del-1-al-5-de-abril-de-2026-pago-2\/#primaryimage"},"thumbnailUrl":"https:\/\/turismobotanico.es\/wp-content\/uploads\/2025\/11\/RioLobos5.jpg","datePublished":"2025-11-17T18:38:27+00:00","dateModified":"2026-02-20T09:48:32+00:00","description":"En esta ocasi\u00f3n, nuestro objetivo estar\u00e1 en el cielo. Nos vamos a la Laponia Finlandesa para ir a buscar las auroras boreales. \u00bfTe vienes?","breadcrumb":{"@id":"https:\/\/turismobotanico.es\/canon-del-rio-lobos-del-1-al-5-de-abril-de-2026-pago-2\/#breadcrumb"},"inLanguage":"en-US","potentialAction":[{"@type":"ReadAction","target":["https:\/\/turismobotanico.es\/canon-del-rio-lobos-del-1-al-5-de-abril-de-2026-pago-2\/"]}]},{"@type":"ImageObject","inLanguage":"en-US","@id":"https:\/\/turismobotanico.es\/canon-del-rio-lobos-del-1-al-5-de-abril-de-2026-pago-2\/#primaryimage","url":"https:\/\/turismobotanico.es\/wp-content\/uploads\/2025\/11\/RioLobos5.jpg","contentUrl":"https:\/\/turismobotanico.es\/wp-content\/uploads\/2025\/11\/RioLobos5.jpg","width":827,"height":457},{"@type":"BreadcrumbList","@id":"https:\/\/turismobotanico.es\/canon-del-rio-lobos-del-1-al-5-de-abril-de-2026-pago-2\/#breadcrumb","itemListElement":[{"@type":"ListItem","position":1,"name":"Portada","item":"https:\/\/turismobotanico.es\/"},{"@type":"ListItem","position":2,"name":"Tienda","item":"https:\/\/turismobotanico.es\/tienda\/"},{"@type":"ListItem","position":3,"name":"Ca\u00f1\u00f3n del R\u00edo Lobos | Del 1 al 5 de Abril de 2026 | Pago 2"}]},{"@type":"WebSite","@id":"https:\/\/turismobotanico.es\/#website","url":"https:\/\/turismobotanico.es\/","name":"Turismo Bot\u00e1nico","description":"Turismo de naturaleza","potentialAction":[{"@type":"SearchAction","target":{"@type":"EntryPoint","urlTemplate":"https:\/\/turismobotanico.es\/?s={search_term_string}"},"query-input":{"@type":"PropertyValueSpecification","valueRequired":true,"valueName":"search_term_string"}}],"inLanguage":"en-US"}]}},"_links":{"self":[{"href":"https:\/\/turismobotanico.es\/en\/wp-json\/wp\/v2\/product\/17322","targetHints":{"allow":["GET"]}}],"collection":[{"href":"https:\/\/turismobotanico.es\/en\/wp-json\/wp\/v2\/product"}],"about":[{"href":"https:\/\/turismobotanico.es\/en\/wp-json\/wp\/v2\/types\/product"}],"replies":[{"embeddable":true,"href":"https:\/\/turismobotanico.es\/en\/wp-json\/wp\/v2\/comments?post=17322"}],"version-history":[{"count":3,"href":"https:\/\/turismobotanico.es\/en\/wp-json\/wp\/v2\/product\/17322\/revisions"}],"predecessor-version":[{"id":20275,"href":"https:\/\/turismobotanico.es\/en\/wp-json\/wp\/v2\/product\/17322\/revisions\/20275"}],"wp:featuredmedia":[{"embeddable":true,"href":"https:\/\/turismobotanico.es\/en\/wp-json\/wp\/v2\/media\/17315"}],"wp:attachment":[{"href":"https:\/\/turismobotanico.es\/en\/wp-json\/wp\/v2\/media?parent=17322"}],"wp:term":[{"taxonomy":"product_brand","embeddable":true,"href":"https:\/\/turismobotanico.es\/en\/wp-json\/wp\/v2\/product_brand?post=17322"},{"taxonomy":"product_cat","embeddable":true,"href":"https:\/\/turismobotanico.es\/en\/wp-json\/wp\/v2\/product_cat?post=17322"},{"taxonomy":"product_tag","embeddable":true,"href":"https:\/\/turismobotanico.es\/en\/wp-json\/wp\/v2\/product_tag?post=17322"}],"curies":[{"name":"wp","href":"https:\/\/api.w.org\/{rel}","templated":true}]}}