{"id":17376,"date":"2025-11-24T12:49:34","date_gmt":"2025-11-24T12:49:34","guid":{"rendered":"https:\/\/turismobotanico.es\/?post_type=product&#038;p=17376"},"modified":"2026-01-05T12:09:18","modified_gmt":"2026-01-05T12:09:18","slug":"la-costa-del-sol-y-tropical-del-30-de-enero-a-1-de-febrero-pago-1","status":"publish","type":"product","link":"https:\/\/turismobotanico.es\/en\/la-costa-del-sol-y-tropical-del-30-de-enero-a-1-de-febrero-pago-1\/","title":{"rendered":"La Costa del Sol y Tropical | Del 30 de Enero a 1 de Febrero | Pago 1"},"content":{"rendered":"<p><a href=\"https:\/\/turismobotanico.es\/wp-content\/uploads\/2025\/11\/Nerja_Enero-2026.pdf\">VER EL PROGRAMA COMPLETO (RECOMENDADO).<\/a><\/p>\n<p><b>La costa del sol y la costa tropical.<\/b><\/p>\n<p>Entre las estribaciones costeras de Sierra Nevada, y las formaciones b\u00e9ticas de las sierras de M\u00e1laga, se nos queda un eslab\u00f3n intermedio conformado por una serie de sistemas monta\u00f1osos que dan al Mediterr\u00e1neo. En estas escarpadas costas se asientan diferentes poblaciones entre las que se encuentra Nerja.<\/p>\n<p>Antes de llegar a esta zona de Andaluc\u00eda, haremos una parada en uno de los desiertos menos conocidos, pero que alberga resquicios de poblaciones prehist\u00f3ricas. El desierto de Gorafe nos espera para conocer su complejo megal\u00edtico. Antes de que caiga el sol, llegaremos a Salobre\u00f1a donde podremos disfrutar de sus miradores y las vistas de su castillo. Una parada obligatoria antes de llegar a nuestro destino.<\/p>\n<p>Una de las rutas m\u00e1s espectaculares nos espera en Frigiliana con la acequia Bat\u00e1n y las pasarelas sobre el r\u00edo Higuer\u00f3n. Tambi\u00e9n tendremos tiempo de visitar el pueblo antes de regresar a Nerja para conocer el Balc\u00f3n de Europa y una ruta m\u00e1s cultural con toques de \u201cverano azul\u201d.<\/p>\n<p>Y no nos podemos ir de Nerja sin visitar sus cuevas, BIC desde 2006 y que nos mostrar\u00e1n su pasado y su presente. Una \u00faltima parada en Almu\u00f1ecar antes de regresar.<\/p>\n<p>PRECIO POR PERSONA CON TRANSPORTE EN BUS O FURGONETA, DESPLAZAMIENTO EN DESTINO, SEGURO DE ACCIDENTES, DE VIAJE, DE CANCELACI\u00d3N Y DE RESPONSABILIDAD CIVIL, VISITAS GUIADAS, ENTRADAS A LAS ATRACCIONES TUR\u00cdSTICAS, ALOJAMIENTO CON DESAYUNO (3 d\u00edas, 2 noches): 375\u20ac<\/p>\n<p>El alojamiento es\u00a0en habitaci\u00f3n doble.\u00a0Si vas solo, tendr\u00e1s que pagar el suplemento de\u00a0<strong>habitaci\u00f3n individual: 75\u20ac<\/strong>. A\u00f1\u00e1delo al carrito, desde la parte de abajo de la p\u00e1gina, en el siguiente paso de la reserva.<\/p>\n<p><a href=\"https:\/\/www.bujaldon-sl.com\/productos\/certificado\/prime-2-0-copia\">PUEDE CONSULTAR LAS CONDICIONES DE ESTE SEGURO DE CANCELACI\u00d3N CLICANDO AQU\u00cd<\/a><\/p>\n<p><a href=\"https:\/\/turismobotanico.es\/en\/politica-de-cancelaciones\/\">PUEDES CONSULTAR AQU\u00cd NUESTRA POL\u00cdTICA DE CANCELACIONES<\/a><\/p>","protected":false},"excerpt":{"rendered":"<p><a href=\"https:\/\/turismobotanico.es\/wp-content\/uploads\/2025\/11\/Nerja_Enero-2026.pdf\">VER EL PROGRAMA COMPLETO (RECOMENDADO).<\/a><\/p>\n<p><b>La costa del sol y la costa tropical.<\/b><\/p>\n<p>Entre las estribaciones costeras de Sierra Nevada, y las formaciones b\u00e9ticas de las sierras de M\u00e1laga, se nos queda un eslab\u00f3n intermedio conformado por una serie de sistemas monta\u00f1osos que dan al Mediterr\u00e1neo. En estas escarpadas costas se asientan diferentes poblaciones entre las que se encuentra Nerja.<\/p>\n<p>Antes de llegar a esta zona de Andaluc\u00eda, haremos una parada en uno de los desiertos menos conocidos, pero que alberga resquicios de poblaciones prehist\u00f3ricas. El desierto de Gorafe nos espera para conocer su complejo megal\u00edtico. Antes de que caiga el sol, llegaremos a Salobre\u00f1a donde podremos disfrutar de sus miradores y las vistas de su castillo. Una parada obligatoria antes de llegar a nuestro destino.<\/p>\n<p>Una de las rutas m\u00e1s espectaculares nos espera en Frigiliana con la acequia Bat\u00e1n y las pasarelas sobre el r\u00edo Higuer\u00f3n. Tambi\u00e9n tendremos tiempo de visitar el pueblo antes de regresar a Nerja para conocer el Balc\u00f3n de Europa y una ruta m\u00e1s cultural con toques de \u201cverano azul\u201d.<\/p>\n<p>Y no nos podemos ir de Nerja sin visitar sus cuevas, BIC desde 2006 y que nos mostrar\u00e1n su pasado y su presente. Una \u00faltima parada en Almu\u00f1ecar antes de regresar.<\/p>\n<p>PRECIO POR PERSONA CON TRANSPORTE EN BUS O FURGONETA, DESPLAZAMIENTO EN DESTINO, SEGURO DE ACCIDENTES, DE VIAJE, DE CANCELACI\u00d3N Y DE RESPONSABILIDAD CIVIL, VISITAS GUIADAS, ENTRADAS A LAS ATRACCIONES TUR\u00cdSTICAS, ALOJAMIENTO CON DESAYUNO (3 d\u00edas, 2 noches): 375\u20ac<\/p>\n<p>El alojamiento es\u00a0en habitaci\u00f3n doble.\u00a0Si vas solo, tendr\u00e1s que pagar el suplemento de\u00a0<strong>habitaci\u00f3n individual: 75\u20ac<\/strong>. A\u00f1\u00e1delo al carrito, desde la parte de abajo de la p\u00e1gina, en el siguiente paso de la reserva.<\/p>\n<p><a href=\"https:\/\/www.bujaldon-sl.com\/productos\/certificado\/prime-2-0-copia\">PUEDE CONSULTAR LAS CONDICIONES DE ESTE SEGURO DE CANCELACI\u00d3N CLICANDO AQU\u00cd<\/a><\/p>\n<p><a href=\"https:\/\/turismobotanico.es\/en\/politica-de-cancelaciones\/\">PUEDES CONSULTAR AQU\u00cd NUESTRA POL\u00cdTICA DE CANCELACIONES<\/a><\/p>","protected":false},"featured_media":17367,"comment_status":"open","ping_status":"closed","template":"","meta":[],"product_brand":[],"product_cat":[115],"product_tag":[],"class_list":{"0":"post-17376","1":"product","2":"type-product","3":"status-publish","4":"has-post-thumbnail","6":"product_cat-sin-categoria","8":"first","9":"instock","10":"virtual","11":"purchasable","12":"product-type-simple"},"yoast_head":"<!-- This site is optimized with the Yoast SEO plugin v27.4 - https:\/\/yoast.com\/product\/yoast-seo-wordpress\/ -->\n<title>La Costa del Sol y Tropical | Del 30 de Enero a 1 de Febrero | Pago 1 - Turismo Bot\u00e1nico<\/title>\n<meta name=\"description\" content=\"Andaluc\u00eda es tierra de caminitos y pasarelas. Pero no tanta gente conoce los de la acequia de Lizar, y ya que Nerja est\u00e1 cerca....\" \/>\n<meta name=\"robots\" content=\"index, follow, max-snippet:-1, max-image-preview:large, max-video-preview:-1\" \/>\n<link rel=\"canonical\" href=\"https:\/\/turismobotanico.es\/en\/la-costa-del-sol-y-tropical-del-30-de-enero-a-1-de-febrero-pago-1\/\" \/>\n<meta property=\"og:locale\" content=\"en_US\" \/>\n<meta property=\"og:type\" content=\"article\" \/>\n<meta property=\"og:title\" content=\"La Costa del Sol y Tropical | Del 30 de Enero a 1 de Febrero | Pago 1 - Turismo Bot\u00e1nico\" \/>\n<meta property=\"og:description\" content=\"Andaluc\u00eda es tierra de caminitos y pasarelas. Pero no tanta gente conoce los de la acequia de Lizar, y ya que Nerja est\u00e1 cerca....\" \/>\n<meta property=\"og:url\" content=\"https:\/\/turismobotanico.es\/en\/la-costa-del-sol-y-tropical-del-30-de-enero-a-1-de-febrero-pago-1\/\" \/>\n<meta property=\"og:site_name\" content=\"Turismo Bot\u00e1nico\" \/>\n<meta property=\"article:modified_time\" content=\"2026-01-05T12:09:18+00:00\" \/>\n<meta property=\"og:image\" content=\"https:\/\/turismobotanico.es\/wp-content\/uploads\/2025\/11\/AcequiaLizar2.jpg\" \/>\n\t<meta property=\"og:image:width\" content=\"400\" \/>\n\t<meta property=\"og:image:height\" content=\"300\" \/>\n\t<meta property=\"og:image:type\" content=\"image\/jpeg\" \/>\n<meta name=\"twitter:card\" content=\"summary_large_image\" \/>\n<meta name=\"twitter:label1\" content=\"Est. reading time\" \/>\n\t<meta name=\"twitter:data1\" content=\"2 minutes\" \/>\n<script type=\"application\/ld+json\" class=\"yoast-schema-graph\">{\"@context\":\"https:\\\/\\\/schema.org\",\"@graph\":[{\"@type\":\"WebPage\",\"@id\":\"https:\\\/\\\/turismobotanico.es\\\/la-costa-del-sol-y-tropical-del-30-de-enero-a-1-de-febrero-pago-1\\\/\",\"url\":\"https:\\\/\\\/turismobotanico.es\\\/la-costa-del-sol-y-tropical-del-30-de-enero-a-1-de-febrero-pago-1\\\/\",\"name\":\"La Costa del Sol y Tropical | Del 30 de Enero a 1 de Febrero | Pago 1 - Turismo Bot\u00e1nico\",\"isPartOf\":{\"@id\":\"https:\\\/\\\/turismobotanico.es\\\/#website\"},\"primaryImageOfPage\":{\"@id\":\"https:\\\/\\\/turismobotanico.es\\\/la-costa-del-sol-y-tropical-del-30-de-enero-a-1-de-febrero-pago-1\\\/#primaryimage\"},\"image\":{\"@id\":\"https:\\\/\\\/turismobotanico.es\\\/la-costa-del-sol-y-tropical-del-30-de-enero-a-1-de-febrero-pago-1\\\/#primaryimage\"},\"thumbnailUrl\":\"https:\\\/\\\/turismobotanico.es\\\/wp-content\\\/uploads\\\/2025\\\/11\\\/AcequiaLizar2.jpg\",\"datePublished\":\"2025-11-24T12:49:34+00:00\",\"dateModified\":\"2026-01-05T12:09:18+00:00\",\"description\":\"Andaluc\u00eda es tierra de caminitos y pasarelas. Pero no tanta gente conoce los de la acequia de Lizar, y ya que Nerja est\u00e1 cerca....\",\"breadcrumb\":{\"@id\":\"https:\\\/\\\/turismobotanico.es\\\/la-costa-del-sol-y-tropical-del-30-de-enero-a-1-de-febrero-pago-1\\\/#breadcrumb\"},\"inLanguage\":\"en-US\",\"potentialAction\":[{\"@type\":\"ReadAction\",\"target\":[\"https:\\\/\\\/turismobotanico.es\\\/la-costa-del-sol-y-tropical-del-30-de-enero-a-1-de-febrero-pago-1\\\/\"]}]},{\"@type\":\"ImageObject\",\"inLanguage\":\"en-US\",\"@id\":\"https:\\\/\\\/turismobotanico.es\\\/la-costa-del-sol-y-tropical-del-30-de-enero-a-1-de-febrero-pago-1\\\/#primaryimage\",\"url\":\"https:\\\/\\\/turismobotanico.es\\\/wp-content\\\/uploads\\\/2025\\\/11\\\/AcequiaLizar2.jpg\",\"contentUrl\":\"https:\\\/\\\/turismobotanico.es\\\/wp-content\\\/uploads\\\/2025\\\/11\\\/AcequiaLizar2.jpg\",\"width\":400,\"height\":300},{\"@type\":\"BreadcrumbList\",\"@id\":\"https:\\\/\\\/turismobotanico.es\\\/la-costa-del-sol-y-tropical-del-30-de-enero-a-1-de-febrero-pago-1\\\/#breadcrumb\",\"itemListElement\":[{\"@type\":\"ListItem\",\"position\":1,\"name\":\"Portada\",\"item\":\"https:\\\/\\\/turismobotanico.es\\\/\"},{\"@type\":\"ListItem\",\"position\":2,\"name\":\"Tienda\",\"item\":\"https:\\\/\\\/turismobotanico.es\\\/tienda\\\/\"},{\"@type\":\"ListItem\",\"position\":3,\"name\":\"La Costa del Sol y Tropical | Del 30 de Enero a 1 de Febrero | Pago 1\"}]},{\"@type\":\"WebSite\",\"@id\":\"https:\\\/\\\/turismobotanico.es\\\/#website\",\"url\":\"https:\\\/\\\/turismobotanico.es\\\/\",\"name\":\"Turismo Bot\u00e1nico\",\"description\":\"Turismo de naturaleza\",\"potentialAction\":[{\"@type\":\"SearchAction\",\"target\":{\"@type\":\"EntryPoint\",\"urlTemplate\":\"https:\\\/\\\/turismobotanico.es\\\/?s={search_term_string}\"},\"query-input\":{\"@type\":\"PropertyValueSpecification\",\"valueRequired\":true,\"valueName\":\"search_term_string\"}}],\"inLanguage\":\"en-US\"}]}<\/script>\n<!-- \/ Yoast SEO plugin. -->","yoast_head_json":{"title":"La Costa del Sol y Tropical | Del 30 de Enero a 1 de Febrero | Pago 1 - Turismo Bot\u00e1nico","description":"Andaluc\u00eda es tierra de caminitos y pasarelas. Pero no tanta gente conoce los de la acequia de Lizar, y ya que Nerja est\u00e1 cerca....","robots":{"index":"index","follow":"follow","max-snippet":"max-snippet:-1","max-image-preview":"max-image-preview:large","max-video-preview":"max-video-preview:-1"},"canonical":"https:\/\/turismobotanico.es\/en\/la-costa-del-sol-y-tropical-del-30-de-enero-a-1-de-febrero-pago-1\/","og_locale":"en_US","og_type":"article","og_title":"La Costa del Sol y Tropical | Del 30 de Enero a 1 de Febrero | Pago 1 - Turismo Bot\u00e1nico","og_description":"Andaluc\u00eda es tierra de caminitos y pasarelas. Pero no tanta gente conoce los de la acequia de Lizar, y ya que Nerja est\u00e1 cerca....","og_url":"https:\/\/turismobotanico.es\/en\/la-costa-del-sol-y-tropical-del-30-de-enero-a-1-de-febrero-pago-1\/","og_site_name":"Turismo Bot\u00e1nico","article_modified_time":"2026-01-05T12:09:18+00:00","og_image":[{"width":400,"height":300,"url":"https:\/\/turismobotanico.es\/wp-content\/uploads\/2025\/11\/AcequiaLizar2.jpg","type":"image\/jpeg"}],"twitter_card":"summary_large_image","twitter_misc":{"Est. reading time":"2 minutes"},"schema":{"@context":"https:\/\/schema.org","@graph":[{"@type":"WebPage","@id":"https:\/\/turismobotanico.es\/la-costa-del-sol-y-tropical-del-30-de-enero-a-1-de-febrero-pago-1\/","url":"https:\/\/turismobotanico.es\/la-costa-del-sol-y-tropical-del-30-de-enero-a-1-de-febrero-pago-1\/","name":"La Costa del Sol y Tropical | Del 30 de Enero a 1 de Febrero | Pago 1 - Turismo Bot\u00e1nico","isPartOf":{"@id":"https:\/\/turismobotanico.es\/#website"},"primaryImageOfPage":{"@id":"https:\/\/turismobotanico.es\/la-costa-del-sol-y-tropical-del-30-de-enero-a-1-de-febrero-pago-1\/#primaryimage"},"image":{"@id":"https:\/\/turismobotanico.es\/la-costa-del-sol-y-tropical-del-30-de-enero-a-1-de-febrero-pago-1\/#primaryimage"},"thumbnailUrl":"https:\/\/turismobotanico.es\/wp-content\/uploads\/2025\/11\/AcequiaLizar2.jpg","datePublished":"2025-11-24T12:49:34+00:00","dateModified":"2026-01-05T12:09:18+00:00","description":"Andaluc\u00eda es tierra de caminitos y pasarelas. Pero no tanta gente conoce los de la acequia de Lizar, y ya que Nerja est\u00e1 cerca....","breadcrumb":{"@id":"https:\/\/turismobotanico.es\/la-costa-del-sol-y-tropical-del-30-de-enero-a-1-de-febrero-pago-1\/#breadcrumb"},"inLanguage":"en-US","potentialAction":[{"@type":"ReadAction","target":["https:\/\/turismobotanico.es\/la-costa-del-sol-y-tropical-del-30-de-enero-a-1-de-febrero-pago-1\/"]}]},{"@type":"ImageObject","inLanguage":"en-US","@id":"https:\/\/turismobotanico.es\/la-costa-del-sol-y-tropical-del-30-de-enero-a-1-de-febrero-pago-1\/#primaryimage","url":"https:\/\/turismobotanico.es\/wp-content\/uploads\/2025\/11\/AcequiaLizar2.jpg","contentUrl":"https:\/\/turismobotanico.es\/wp-content\/uploads\/2025\/11\/AcequiaLizar2.jpg","width":400,"height":300},{"@type":"BreadcrumbList","@id":"https:\/\/turismobotanico.es\/la-costa-del-sol-y-tropical-del-30-de-enero-a-1-de-febrero-pago-1\/#breadcrumb","itemListElement":[{"@type":"ListItem","position":1,"name":"Portada","item":"https:\/\/turismobotanico.es\/"},{"@type":"ListItem","position":2,"name":"Tienda","item":"https:\/\/turismobotanico.es\/tienda\/"},{"@type":"ListItem","position":3,"name":"La Costa del Sol y Tropical | Del 30 de Enero a 1 de Febrero | Pago 1"}]},{"@type":"WebSite","@id":"https:\/\/turismobotanico.es\/#website","url":"https:\/\/turismobotanico.es\/","name":"Turismo Bot\u00e1nico","description":"Turismo de naturaleza","potentialAction":[{"@type":"SearchAction","target":{"@type":"EntryPoint","urlTemplate":"https:\/\/turismobotanico.es\/?s={search_term_string}"},"query-input":{"@type":"PropertyValueSpecification","valueRequired":true,"valueName":"search_term_string"}}],"inLanguage":"en-US"}]}},"_links":{"self":[{"href":"https:\/\/turismobotanico.es\/en\/wp-json\/wp\/v2\/product\/17376","targetHints":{"allow":["GET"]}}],"collection":[{"href":"https:\/\/turismobotanico.es\/en\/wp-json\/wp\/v2\/product"}],"about":[{"href":"https:\/\/turismobotanico.es\/en\/wp-json\/wp\/v2\/types\/product"}],"replies":[{"embeddable":true,"href":"https:\/\/turismobotanico.es\/en\/wp-json\/wp\/v2\/comments?post=17376"}],"version-history":[{"count":1,"href":"https:\/\/turismobotanico.es\/en\/wp-json\/wp\/v2\/product\/17376\/revisions"}],"predecessor-version":[{"id":17377,"href":"https:\/\/turismobotanico.es\/en\/wp-json\/wp\/v2\/product\/17376\/revisions\/17377"}],"wp:featuredmedia":[{"embeddable":true,"href":"https:\/\/turismobotanico.es\/en\/wp-json\/wp\/v2\/media\/17367"}],"wp:attachment":[{"href":"https:\/\/turismobotanico.es\/en\/wp-json\/wp\/v2\/media?parent=17376"}],"wp:term":[{"taxonomy":"product_brand","embeddable":true,"href":"https:\/\/turismobotanico.es\/en\/wp-json\/wp\/v2\/product_brand?post=17376"},{"taxonomy":"product_cat","embeddable":true,"href":"https:\/\/turismobotanico.es\/en\/wp-json\/wp\/v2\/product_cat?post=17376"},{"taxonomy":"product_tag","embeddable":true,"href":"https:\/\/turismobotanico.es\/en\/wp-json\/wp\/v2\/product_tag?post=17376"}],"curies":[{"name":"wp","href":"https:\/\/api.w.org\/{rel}","templated":true}]}}