{"id":17388,"date":"2025-11-24T13:09:15","date_gmt":"2025-11-24T13:09:15","guid":{"rendered":"https:\/\/turismobotanico.es\/?post_type=product&#038;p=17388"},"modified":"2026-01-05T11:37:56","modified_gmt":"2026-01-05T11:37:56","slug":"la-belleza-de-las-rocas-del-30-de-enero-a-1-de-febrero-pago-1","status":"publish","type":"product","link":"https:\/\/turismobotanico.es\/en\/la-belleza-de-las-rocas-del-30-de-enero-a-1-de-febrero-pago-1\/","title":{"rendered":"La belleza de las rocas | Del 30 de Enero a 1 de Febrero | Pago 1"},"content":{"rendered":"<p><a href=\"https:\/\/turismobotanico.es\/wp-content\/uploads\/2025\/11\/Antequera_CaminitoRey_Enero2026.pdf\">VER EL PROGRAMA COMPLETO (RECOMENDADO).<\/a><\/p>\n<p><b>El Caminito del Rey y otras historias de rocas<\/b><\/p>\n<p>La provincia de M\u00e1laga es de sobra conocida por una naturaleza muy variable. Desde los climas subtropicales que dominan su costa, hasta el mediterr\u00e1neo continental de muchas zonas de su interior. Es en estas \u00faltimas en las que nos fijaremos. Y es que en el interior de la provincia de M\u00e1laga es donde podemos encontrar las formaciones geol\u00f3gicas de mayor espectacularidad.<\/p>\n<p>El Torcal de Antequera es uno de esos paisajes de pel\u00edcula que uno nunca se cansa de visitar. Rocas que parecen monedas amontonadas y que te hacen preguntarte c\u00f3mo es posible que la naturaleza haya conseguido formar esos paisajes tan peculiares. Pero es que adem\u00e1s son lugares que albergan biodiversidad muy espec\u00edfica.<\/p>\n<p>Y hablar de paisajes esculpidos en la roca, la mayor expresi\u00f3n la podemos encontrar en el Caminito del Rey. Un lugar de sobra conocido pero que posiblemente no tod@s hay\u00e1is visitado. Pues esta es la oportunidad. Y adem\u00e1s de eso, otros lugares de notable naturaleza que nos pillan de camino como el coraz\u00f3n del desierto de Gorafe.<\/p>\n<p>Todo ello durmiendo en el precioso pueblo de Antequera. Todo un lujo.<\/p>\n<p>PRECIO POR PERSONA CON TRANSPORTE EN BUS O FURGONETA, DESPLAZAMIENTO EN DESTINO, SEGURO DE ACCIDENTES, DE VIAJE, DE CANCELACI\u00d3N Y DE RESPONSABILIDAD CIVIL, VISITAS GUIADAS, ENTRADAS A LAS ATRACCIONES TUR\u00cdSTICAS, ALOJAMIENTO CON DESAYUNO (3 d\u00edas, 2 noches): 350\u20ac<\/p>\n<p>El alojamiento es\u00a0en habitaci\u00f3n doble.\u00a0Si vas solo, tendr\u00e1s que pagar el suplemento de\u00a0<strong>habitaci\u00f3n individual: 75\u20ac<\/strong>. A\u00f1\u00e1delo al carrito, desde la parte de abajo de la p\u00e1gina, en el siguiente paso de la reserva.<\/p>\n<p><a href=\"https:\/\/www.bujaldon-sl.com\/productos\/certificado\/prime-2-0-copia\">PUEDE CONSULTAR LAS CONDICIONES DE ESTE SEGURO DE CANCELACI\u00d3N CLICANDO AQU\u00cd<\/a><\/p>\n<p><a href=\"https:\/\/turismobotanico.es\/en\/politica-de-cancelaciones\/\">PUEDES CONSULTAR AQU\u00cd NUESTRA POL\u00cdTICA DE CANCELACIONES<\/a><\/p>","protected":false},"excerpt":{"rendered":"<p><a href=\"https:\/\/turismobotanico.es\/wp-content\/uploads\/2025\/11\/Antequera_CaminitoRey_Enero2026.pdf\">VER EL PROGRAMA COMPLETO (RECOMENDADO).<\/a><\/p>\n<p><b>El Caminito del Rey y otras historias de rocas<\/b><\/p>\n<p>La provincia de M\u00e1laga es de sobra conocida por una naturaleza muy variable. Desde los climas subtropicales que dominan su costa, hasta el mediterr\u00e1neo continental de muchas zonas de su interior. Es en estas \u00faltimas en las que nos fijaremos. Y es que en el interior de la provincia de M\u00e1laga es donde podemos encontrar las formaciones geol\u00f3gicas de mayor espectacularidad.<\/p>\n<p>El Torcal de Antequera es uno de esos paisajes de pel\u00edcula que uno nunca se cansa de visitar. Rocas que parecen monedas amontonadas y que te hacen preguntarte c\u00f3mo es posible que la naturaleza haya conseguido formar esos paisajes tan peculiares. Pero es que adem\u00e1s son lugares que albergan biodiversidad muy espec\u00edfica.<\/p>\n<p>Y hablar de paisajes esculpidos en la roca, la mayor expresi\u00f3n la podemos encontrar en el Caminito del Rey. Un lugar de sobra conocido pero que posiblemente no tod@s hay\u00e1is visitado. Pues esta es la oportunidad. Y adem\u00e1s de eso, otros lugares de notable naturaleza que nos pillan de camino como el coraz\u00f3n del desierto de Gorafe.<\/p>\n<p>Todo ello durmiendo en el precioso pueblo de Antequera. Todo un lujo.<\/p>\n<p>PRECIO POR PERSONA CON TRANSPORTE EN BUS O FURGONETA, DESPLAZAMIENTO EN DESTINO, SEGURO DE ACCIDENTES, DE VIAJE, DE CANCELACI\u00d3N Y DE RESPONSABILIDAD CIVIL, VISITAS GUIADAS, ENTRADAS A LAS ATRACCIONES TUR\u00cdSTICAS, ALOJAMIENTO CON DESAYUNO (3 d\u00edas, 2 noches): 350\u20ac<\/p>\n<p>El alojamiento es\u00a0en habitaci\u00f3n doble.\u00a0Si vas solo, tendr\u00e1s que pagar el suplemento de\u00a0<strong>habitaci\u00f3n individual: 75\u20ac<\/strong>. A\u00f1\u00e1delo al carrito, desde la parte de abajo de la p\u00e1gina, en el siguiente paso de la reserva.<\/p>\n<p><a href=\"https:\/\/www.bujaldon-sl.com\/productos\/certificado\/prime-2-0-copia\">PUEDE CONSULTAR LAS CONDICIONES DE ESTE SEGURO DE CANCELACI\u00d3N CLICANDO AQU\u00cd<\/a><\/p>\n<p><a href=\"https:\/\/turismobotanico.es\/en\/politica-de-cancelaciones\/\">PUEDES CONSULTAR AQU\u00cd NUESTRA POL\u00cdTICA DE CANCELACIONES<\/a><\/p>","protected":false},"featured_media":17380,"comment_status":"open","ping_status":"closed","template":"","meta":[],"product_brand":[],"product_cat":[115],"product_tag":[],"class_list":{"0":"post-17388","1":"product","2":"type-product","3":"status-publish","4":"has-post-thumbnail","6":"product_cat-sin-categoria","8":"first","9":"instock","10":"virtual","11":"purchasable","12":"product-type-simple"},"yoast_head":"<!-- This site is optimized with the Yoast SEO plugin v27.5 - https:\/\/yoast.com\/product\/yoast-seo-wordpress\/ -->\n<title>La belleza de las rocas | Del 30 de Enero a 1 de Febrero | Pago 1 - Turismo Bot\u00e1nico<\/title>\n<meta name=\"description\" content=\"El emblem\u00e1tico y genuino. Nos vamos al Caminito del Rey, pero conociendo adem\u00e1s otros parajes donde las rocas son las protagonistas.\" \/>\n<meta name=\"robots\" content=\"index, follow, max-snippet:-1, max-image-preview:large, max-video-preview:-1\" \/>\n<link rel=\"canonical\" href=\"https:\/\/turismobotanico.es\/en\/la-belleza-de-las-rocas-del-30-de-enero-a-1-de-febrero-pago-1\/\" \/>\n<meta property=\"og:locale\" content=\"en_US\" \/>\n<meta property=\"og:type\" content=\"article\" \/>\n<meta property=\"og:title\" content=\"La belleza de las rocas | Del 30 de Enero a 1 de Febrero | Pago 1 - Turismo Bot\u00e1nico\" \/>\n<meta property=\"og:description\" content=\"El emblem\u00e1tico y genuino. Nos vamos al Caminito del Rey, pero conociendo adem\u00e1s otros parajes donde las rocas son las protagonistas.\" \/>\n<meta property=\"og:url\" content=\"https:\/\/turismobotanico.es\/en\/la-belleza-de-las-rocas-del-30-de-enero-a-1-de-febrero-pago-1\/\" \/>\n<meta property=\"og:site_name\" content=\"Turismo Bot\u00e1nico\" \/>\n<meta property=\"article:modified_time\" content=\"2026-01-05T11:37:56+00:00\" \/>\n<meta property=\"og:image\" content=\"https:\/\/turismobotanico.es\/wp-content\/uploads\/2025\/11\/Caminito2.jpg\" \/>\n\t<meta property=\"og:image:width\" content=\"742\" \/>\n\t<meta property=\"og:image:height\" content=\"462\" \/>\n\t<meta property=\"og:image:type\" content=\"image\/jpeg\" \/>\n<meta name=\"twitter:card\" content=\"summary_large_image\" \/>\n<meta name=\"twitter:label1\" content=\"Est. reading time\" \/>\n\t<meta name=\"twitter:data1\" content=\"2 minutes\" \/>\n<script type=\"application\/ld+json\" class=\"yoast-schema-graph\">{\"@context\":\"https:\\\/\\\/schema.org\",\"@graph\":[{\"@type\":\"WebPage\",\"@id\":\"https:\\\/\\\/turismobotanico.es\\\/la-belleza-de-las-rocas-del-30-de-enero-a-1-de-febrero-pago-1\\\/\",\"url\":\"https:\\\/\\\/turismobotanico.es\\\/la-belleza-de-las-rocas-del-30-de-enero-a-1-de-febrero-pago-1\\\/\",\"name\":\"La belleza de las rocas | Del 30 de Enero a 1 de Febrero | Pago 1 - Turismo Bot\u00e1nico\",\"isPartOf\":{\"@id\":\"https:\\\/\\\/turismobotanico.es\\\/#website\"},\"primaryImageOfPage\":{\"@id\":\"https:\\\/\\\/turismobotanico.es\\\/la-belleza-de-las-rocas-del-30-de-enero-a-1-de-febrero-pago-1\\\/#primaryimage\"},\"image\":{\"@id\":\"https:\\\/\\\/turismobotanico.es\\\/la-belleza-de-las-rocas-del-30-de-enero-a-1-de-febrero-pago-1\\\/#primaryimage\"},\"thumbnailUrl\":\"https:\\\/\\\/turismobotanico.es\\\/wp-content\\\/uploads\\\/2025\\\/11\\\/Caminito2.jpg\",\"datePublished\":\"2025-11-24T13:09:15+00:00\",\"dateModified\":\"2026-01-05T11:37:56+00:00\",\"description\":\"El emblem\u00e1tico y genuino. Nos vamos al Caminito del Rey, pero conociendo adem\u00e1s otros parajes donde las rocas son las protagonistas.\",\"breadcrumb\":{\"@id\":\"https:\\\/\\\/turismobotanico.es\\\/la-belleza-de-las-rocas-del-30-de-enero-a-1-de-febrero-pago-1\\\/#breadcrumb\"},\"inLanguage\":\"en-US\",\"potentialAction\":[{\"@type\":\"ReadAction\",\"target\":[\"https:\\\/\\\/turismobotanico.es\\\/la-belleza-de-las-rocas-del-30-de-enero-a-1-de-febrero-pago-1\\\/\"]}]},{\"@type\":\"ImageObject\",\"inLanguage\":\"en-US\",\"@id\":\"https:\\\/\\\/turismobotanico.es\\\/la-belleza-de-las-rocas-del-30-de-enero-a-1-de-febrero-pago-1\\\/#primaryimage\",\"url\":\"https:\\\/\\\/turismobotanico.es\\\/wp-content\\\/uploads\\\/2025\\\/11\\\/Caminito2.jpg\",\"contentUrl\":\"https:\\\/\\\/turismobotanico.es\\\/wp-content\\\/uploads\\\/2025\\\/11\\\/Caminito2.jpg\",\"width\":742,\"height\":462},{\"@type\":\"BreadcrumbList\",\"@id\":\"https:\\\/\\\/turismobotanico.es\\\/la-belleza-de-las-rocas-del-30-de-enero-a-1-de-febrero-pago-1\\\/#breadcrumb\",\"itemListElement\":[{\"@type\":\"ListItem\",\"position\":1,\"name\":\"Portada\",\"item\":\"https:\\\/\\\/turismobotanico.es\\\/\"},{\"@type\":\"ListItem\",\"position\":2,\"name\":\"Tienda\",\"item\":\"https:\\\/\\\/turismobotanico.es\\\/tienda\\\/\"},{\"@type\":\"ListItem\",\"position\":3,\"name\":\"La belleza de las rocas | Del 30 de Enero a 1 de Febrero | Pago 1\"}]},{\"@type\":\"WebSite\",\"@id\":\"https:\\\/\\\/turismobotanico.es\\\/#website\",\"url\":\"https:\\\/\\\/turismobotanico.es\\\/\",\"name\":\"Turismo Bot\u00e1nico\",\"description\":\"Turismo de naturaleza\",\"potentialAction\":[{\"@type\":\"SearchAction\",\"target\":{\"@type\":\"EntryPoint\",\"urlTemplate\":\"https:\\\/\\\/turismobotanico.es\\\/?s={search_term_string}\"},\"query-input\":{\"@type\":\"PropertyValueSpecification\",\"valueRequired\":true,\"valueName\":\"search_term_string\"}}],\"inLanguage\":\"en-US\"}]}<\/script>\n<!-- \/ Yoast SEO plugin. -->","yoast_head_json":{"title":"La belleza de las rocas | Del 30 de Enero a 1 de Febrero | Pago 1 - Turismo Bot\u00e1nico","description":"El emblem\u00e1tico y genuino. Nos vamos al Caminito del Rey, pero conociendo adem\u00e1s otros parajes donde las rocas son las protagonistas.","robots":{"index":"index","follow":"follow","max-snippet":"max-snippet:-1","max-image-preview":"max-image-preview:large","max-video-preview":"max-video-preview:-1"},"canonical":"https:\/\/turismobotanico.es\/en\/la-belleza-de-las-rocas-del-30-de-enero-a-1-de-febrero-pago-1\/","og_locale":"en_US","og_type":"article","og_title":"La belleza de las rocas | Del 30 de Enero a 1 de Febrero | Pago 1 - Turismo Bot\u00e1nico","og_description":"El emblem\u00e1tico y genuino. Nos vamos al Caminito del Rey, pero conociendo adem\u00e1s otros parajes donde las rocas son las protagonistas.","og_url":"https:\/\/turismobotanico.es\/en\/la-belleza-de-las-rocas-del-30-de-enero-a-1-de-febrero-pago-1\/","og_site_name":"Turismo Bot\u00e1nico","article_modified_time":"2026-01-05T11:37:56+00:00","og_image":[{"width":742,"height":462,"url":"https:\/\/turismobotanico.es\/wp-content\/uploads\/2025\/11\/Caminito2.jpg","type":"image\/jpeg"}],"twitter_card":"summary_large_image","twitter_misc":{"Est. reading time":"2 minutes"},"schema":{"@context":"https:\/\/schema.org","@graph":[{"@type":"WebPage","@id":"https:\/\/turismobotanico.es\/la-belleza-de-las-rocas-del-30-de-enero-a-1-de-febrero-pago-1\/","url":"https:\/\/turismobotanico.es\/la-belleza-de-las-rocas-del-30-de-enero-a-1-de-febrero-pago-1\/","name":"La belleza de las rocas | Del 30 de Enero a 1 de Febrero | Pago 1 - Turismo Bot\u00e1nico","isPartOf":{"@id":"https:\/\/turismobotanico.es\/#website"},"primaryImageOfPage":{"@id":"https:\/\/turismobotanico.es\/la-belleza-de-las-rocas-del-30-de-enero-a-1-de-febrero-pago-1\/#primaryimage"},"image":{"@id":"https:\/\/turismobotanico.es\/la-belleza-de-las-rocas-del-30-de-enero-a-1-de-febrero-pago-1\/#primaryimage"},"thumbnailUrl":"https:\/\/turismobotanico.es\/wp-content\/uploads\/2025\/11\/Caminito2.jpg","datePublished":"2025-11-24T13:09:15+00:00","dateModified":"2026-01-05T11:37:56+00:00","description":"El emblem\u00e1tico y genuino. Nos vamos al Caminito del Rey, pero conociendo adem\u00e1s otros parajes donde las rocas son las protagonistas.","breadcrumb":{"@id":"https:\/\/turismobotanico.es\/la-belleza-de-las-rocas-del-30-de-enero-a-1-de-febrero-pago-1\/#breadcrumb"},"inLanguage":"en-US","potentialAction":[{"@type":"ReadAction","target":["https:\/\/turismobotanico.es\/la-belleza-de-las-rocas-del-30-de-enero-a-1-de-febrero-pago-1\/"]}]},{"@type":"ImageObject","inLanguage":"en-US","@id":"https:\/\/turismobotanico.es\/la-belleza-de-las-rocas-del-30-de-enero-a-1-de-febrero-pago-1\/#primaryimage","url":"https:\/\/turismobotanico.es\/wp-content\/uploads\/2025\/11\/Caminito2.jpg","contentUrl":"https:\/\/turismobotanico.es\/wp-content\/uploads\/2025\/11\/Caminito2.jpg","width":742,"height":462},{"@type":"BreadcrumbList","@id":"https:\/\/turismobotanico.es\/la-belleza-de-las-rocas-del-30-de-enero-a-1-de-febrero-pago-1\/#breadcrumb","itemListElement":[{"@type":"ListItem","position":1,"name":"Portada","item":"https:\/\/turismobotanico.es\/"},{"@type":"ListItem","position":2,"name":"Tienda","item":"https:\/\/turismobotanico.es\/tienda\/"},{"@type":"ListItem","position":3,"name":"La belleza de las rocas | Del 30 de Enero a 1 de Febrero | Pago 1"}]},{"@type":"WebSite","@id":"https:\/\/turismobotanico.es\/#website","url":"https:\/\/turismobotanico.es\/","name":"Turismo Bot\u00e1nico","description":"Turismo de naturaleza","potentialAction":[{"@type":"SearchAction","target":{"@type":"EntryPoint","urlTemplate":"https:\/\/turismobotanico.es\/?s={search_term_string}"},"query-input":{"@type":"PropertyValueSpecification","valueRequired":true,"valueName":"search_term_string"}}],"inLanguage":"en-US"}]}},"_links":{"self":[{"href":"https:\/\/turismobotanico.es\/en\/wp-json\/wp\/v2\/product\/17388","targetHints":{"allow":["GET"]}}],"collection":[{"href":"https:\/\/turismobotanico.es\/en\/wp-json\/wp\/v2\/product"}],"about":[{"href":"https:\/\/turismobotanico.es\/en\/wp-json\/wp\/v2\/types\/product"}],"replies":[{"embeddable":true,"href":"https:\/\/turismobotanico.es\/en\/wp-json\/wp\/v2\/comments?post=17388"}],"version-history":[{"count":2,"href":"https:\/\/turismobotanico.es\/en\/wp-json\/wp\/v2\/product\/17388\/revisions"}],"predecessor-version":[{"id":19533,"href":"https:\/\/turismobotanico.es\/en\/wp-json\/wp\/v2\/product\/17388\/revisions\/19533"}],"wp:featuredmedia":[{"embeddable":true,"href":"https:\/\/turismobotanico.es\/en\/wp-json\/wp\/v2\/media\/17380"}],"wp:attachment":[{"href":"https:\/\/turismobotanico.es\/en\/wp-json\/wp\/v2\/media?parent=17388"}],"wp:term":[{"taxonomy":"product_brand","embeddable":true,"href":"https:\/\/turismobotanico.es\/en\/wp-json\/wp\/v2\/product_brand?post=17388"},{"taxonomy":"product_cat","embeddable":true,"href":"https:\/\/turismobotanico.es\/en\/wp-json\/wp\/v2\/product_cat?post=17388"},{"taxonomy":"product_tag","embeddable":true,"href":"https:\/\/turismobotanico.es\/en\/wp-json\/wp\/v2\/product_tag?post=17388"}],"curies":[{"name":"wp","href":"https:\/\/api.w.org\/{rel}","templated":true}]}}