{"id":17496,"date":"2025-12-01T06:13:37","date_gmt":"2025-12-01T06:13:37","guid":{"rendered":"https:\/\/turismobotanico.es\/?post_type=product&#038;p=17496"},"modified":"2026-02-17T09:12:01","modified_gmt":"2026-02-17T09:12:01","slug":"la-sierra-del-caurel-del-20-al-24-de-mayo-de-2026-pago-2","status":"publish","type":"product","link":"https:\/\/turismobotanico.es\/en\/la-sierra-del-caurel-del-20-al-24-de-mayo-de-2026-pago-2\/","title":{"rendered":"La Sierra del Caurel | Del 20 al 24 de Mayo de 2026 | Pago 2"},"content":{"rendered":"<p><a href=\"https:\/\/turismobotanico.es\/wp-content\/uploads\/2025\/12\/Courel_Murcia_Mayo2026.pdf\">VER EL PROGRAMA COMPLETO (RECOMENDADO).<\/a><\/p>\n<p><b>EL BOSQUE MEJOR CONSERVADO DE EUROPA.<\/b><\/p>\n<p>En el interior de las tierras gallegas se esconden lugares naturales no tan conocidos, pero de importancia a nivel Europeo. Y es que no solamente lo decimos nosotros. Seg\u00fan National Geographic, la Devesa de \u201cA Rogueira\u201d es considerado el bosque europeo mejor conservado, y os lo queremos mostrar.<\/p>\n<p>Adem\u00e1s de la naturaleza, estas tierras albergan otros elementos culturales y naturales que completar\u00e1n nuestra estancia en el Caurel. Pero aspiramos a ver mucho m\u00e1s. Hect\u00e1reas y hect\u00e1reas de naturaleza que os explicaremos y os mostraremos, haciendo hincapi\u00e9 en los peque\u00f1os detalles, de la manera que nos gusta. Esperamos ver muchas orqu\u00eddeas y para ello, iremos a posta a varias de las microrreservas de orqu\u00eddeas que existen en esta bella sierra.<\/p>\n<p>Todo ello sin olvidar la cultura tan particular de este trocito de tierra gallega. Podremos visitar algunos de los pueblos m\u00e1s pintorescos y algunas aldeas como la de Vieiros o la de Seceda. Podremos ver parte de sus tradiciones y formas de vida. Seguro que os sorprender\u00e1 \ud83d\ude42<\/p>\n<p>\u00bfDe verdad te lo vas a perder? Ven con nosotros a descubrir esta preciosa zona del Noroeste de Espa\u00f1a siempre con nuestro toque personal de Turismo Bot\u00e1nico.<\/p>\n<p>PRECIO POR PERSONA CON TRANSPORTE, BILLETES DE TREN, SEGURO DE ACCIDENTES, DE VIAJE, DE CANCELACI\u00d3N Y DE RESPONSABILIDAD CIVIL, VISITAS GUIADAS, ENTRADAS A LAS ATRACCIONES TUR\u00cdSTICAS, ALOJAMIENTO CON DESAYUNO Y CENA (5 d\u00edas, 4 noches): 850\u20ac<\/p>\n<p>El alojamiento es\u00a0en habitaci\u00f3n doble.\u00a0Si vas solo, tendr\u00e1s que pagar el suplemento de\u00a0<strong>habitaci\u00f3n individual: 150\u20ac<\/strong>. A\u00f1\u00e1delo al carrito, desde la parte de abajo de la p\u00e1gina, en el siguiente paso de la reserva.<\/p>\n<p><a href=\"https:\/\/www.bujaldon-sl.com\/productos\/certificado\/prime-2-0-copia\">PUEDE CONSULTAR LAS CONDICIONES DE ESTE SEGURO DE CANCELACI\u00d3N CLICANDO AQU\u00cd<\/a><\/p>\n<p><a href=\"https:\/\/turismobotanico.es\/en\/politica-de-cancelaciones\/\">PUEDES CONSULTAR AQU\u00cd NUESTRA POL\u00cdTICA DE CANCELACIONES<\/a><\/p>","protected":false},"excerpt":{"rendered":"<p>&nbsp;<\/p>\n<p><a href=\"https:\/\/turismobotanico.es\/wp-content\/uploads\/2025\/12\/Courel_Murcia_Mayo2026.pdf\">VER EL PROGRAMA COMPLETO (RECOMENDADO).<\/a><\/p>\n<p><b>EL BOSQUE MEJOR CONSERVADO DE EUROPA.<\/b><\/p>\n<p>En el interior de las tierras gallegas se esconden lugares naturales no tan conocidos, pero de importancia a nivel Europeo. Y es que no solamente lo decimos nosotros. Seg\u00fan National Geographic, la Devesa de \u201cA Rogueira\u201d es considerado el bosque europeo mejor conservado, y os lo queremos mostrar.<\/p>\n<p>Adem\u00e1s de la naturaleza, estas tierras albergan otros elementos culturales y naturales que completar\u00e1n nuestra estancia en el Caurel. Pero aspiramos a ver mucho m\u00e1s. Hect\u00e1reas y hect\u00e1reas de naturaleza que os explicaremos y os mostraremos, haciendo hincapi\u00e9 en los peque\u00f1os detalles, de la manera que nos gusta. Esperamos ver muchas orqu\u00eddeas y para ello, iremos a posta a varias de las microrreservas de orqu\u00eddeas que existen en esta bella sierra.<\/p>\n<p>Todo ello sin olvidar la cultura tan particular de este trocito de tierra gallega. Podremos visitar algunos de los pueblos m\u00e1s pintorescos y algunas aldeas como la de Vieiros o la de Seceda. Podremos ver parte de sus tradiciones y formas de vida. Seguro que os sorprender\u00e1 \ud83d\ude42<\/p>\n<p>\u00bfDe verdad te lo vas a perder? Ven con nosotros a descubrir esta preciosa zona del Noroeste de Espa\u00f1a siempre con nuestro toque personal de Turismo Bot\u00e1nico.<\/p>\n<p>PRECIO POR PERSONA CON TRANSPORTE, BILLETES DE TREN, SEGURO DE ACCIDENTES, DE VIAJE, DE CANCELACI\u00d3N Y DE RESPONSABILIDAD CIVIL, VISITAS GUIADAS, ENTRADAS A LAS ATRACCIONES TUR\u00cdSTICAS, ALOJAMIENTO CON DESAYUNO Y CENA (5 d\u00edas, 4 noches): 850\u20ac<\/p>\n<p>El alojamiento es\u00a0en habitaci\u00f3n doble.\u00a0Si vas solo, tendr\u00e1s que pagar el suplemento de\u00a0<strong>habitaci\u00f3n individual: 150\u20ac<\/strong>. A\u00f1\u00e1delo al carrito, desde la parte de abajo de la p\u00e1gina, en el siguiente paso de la reserva.<\/p>\n<p><a href=\"https:\/\/www.bujaldon-sl.com\/productos\/certificado\/prime-2-0-copia\">PUEDE CONSULTAR LAS CONDICIONES DE ESTE SEGURO DE CANCELACI\u00d3N CLICANDO AQU\u00cd<\/a><\/p>\n<p><a href=\"https:\/\/turismobotanico.es\/en\/politica-de-cancelaciones\/\">PUEDES CONSULTAR AQU\u00cd NUESTRA POL\u00cdTICA DE CANCELACIONES<\/a><\/p>","protected":false},"featured_media":17492,"comment_status":"closed","ping_status":"closed","template":"","meta":[],"product_brand":[],"product_cat":[115],"product_tag":[],"class_list":{"0":"post-17496","1":"product","2":"type-product","3":"status-publish","4":"has-post-thumbnail","6":"product_cat-sin-categoria","8":"first","9":"instock","10":"virtual","11":"purchasable","12":"product-type-simple"},"yoast_head":"<!-- This site is optimized with the Yoast SEO plugin v27.4 - https:\/\/yoast.com\/product\/yoast-seo-wordpress\/ -->\n<title>La Sierra del Caurel | Del 20 al 24 de Mayo de 2026 | Pago 2 - Turismo Bot\u00e1nico<\/title>\n<meta name=\"description\" content=\"Nos vamos a conocer el bosque mejor conservado de Europa. Nos espera la Sierra del Caurel. Un para\u00edso escondido repleto de orqu\u00eddeas.\" \/>\n<meta name=\"robots\" content=\"index, follow, max-snippet:-1, max-image-preview:large, max-video-preview:-1\" \/>\n<link rel=\"canonical\" href=\"https:\/\/turismobotanico.es\/en\/la-sierra-del-caurel-del-20-al-24-de-mayo-de-2026-pago-2\/\" \/>\n<meta property=\"og:locale\" content=\"en_US\" \/>\n<meta property=\"og:type\" content=\"article\" \/>\n<meta property=\"og:title\" content=\"La Sierra del Caurel | Del 20 al 24 de Mayo de 2026 | Pago 2 - Turismo Bot\u00e1nico\" \/>\n<meta property=\"og:description\" content=\"Nos vamos a conocer el bosque mejor conservado de Europa. Nos espera la Sierra del Caurel. Un para\u00edso escondido repleto de orqu\u00eddeas.\" \/>\n<meta property=\"og:url\" content=\"https:\/\/turismobotanico.es\/en\/la-sierra-del-caurel-del-20-al-24-de-mayo-de-2026-pago-2\/\" \/>\n<meta property=\"og:site_name\" content=\"Turismo Bot\u00e1nico\" \/>\n<meta property=\"article:modified_time\" content=\"2026-02-17T09:12:01+00:00\" \/>\n<meta property=\"og:image\" content=\"https:\/\/turismobotanico.es\/wp-content\/uploads\/2025\/12\/Rogueira.jpg\" \/>\n\t<meta property=\"og:image:width\" content=\"645\" \/>\n\t<meta property=\"og:image:height\" content=\"485\" \/>\n\t<meta property=\"og:image:type\" content=\"image\/jpeg\" \/>\n<meta name=\"twitter:card\" content=\"summary_large_image\" \/>\n<meta name=\"twitter:label1\" content=\"Est. reading time\" \/>\n\t<meta name=\"twitter:data1\" content=\"2 minutes\" \/>\n<script type=\"application\/ld+json\" class=\"yoast-schema-graph\">{\"@context\":\"https:\\\/\\\/schema.org\",\"@graph\":[{\"@type\":\"WebPage\",\"@id\":\"https:\\\/\\\/turismobotanico.es\\\/la-sierra-del-caurel-del-20-al-24-de-mayo-de-2026-pago-2\\\/\",\"url\":\"https:\\\/\\\/turismobotanico.es\\\/la-sierra-del-caurel-del-20-al-24-de-mayo-de-2026-pago-2\\\/\",\"name\":\"La Sierra del Caurel | Del 20 al 24 de Mayo de 2026 | Pago 2 - Turismo Bot\u00e1nico\",\"isPartOf\":{\"@id\":\"https:\\\/\\\/turismobotanico.es\\\/#website\"},\"primaryImageOfPage\":{\"@id\":\"https:\\\/\\\/turismobotanico.es\\\/la-sierra-del-caurel-del-20-al-24-de-mayo-de-2026-pago-2\\\/#primaryimage\"},\"image\":{\"@id\":\"https:\\\/\\\/turismobotanico.es\\\/la-sierra-del-caurel-del-20-al-24-de-mayo-de-2026-pago-2\\\/#primaryimage\"},\"thumbnailUrl\":\"https:\\\/\\\/turismobotanico.es\\\/wp-content\\\/uploads\\\/2025\\\/12\\\/Rogueira.jpg\",\"datePublished\":\"2025-12-01T06:13:37+00:00\",\"dateModified\":\"2026-02-17T09:12:01+00:00\",\"description\":\"Nos vamos a conocer el bosque mejor conservado de Europa. Nos espera la Sierra del Caurel. Un para\u00edso escondido repleto de orqu\u00eddeas.\",\"breadcrumb\":{\"@id\":\"https:\\\/\\\/turismobotanico.es\\\/la-sierra-del-caurel-del-20-al-24-de-mayo-de-2026-pago-2\\\/#breadcrumb\"},\"inLanguage\":\"en-US\",\"potentialAction\":[{\"@type\":\"ReadAction\",\"target\":[\"https:\\\/\\\/turismobotanico.es\\\/la-sierra-del-caurel-del-20-al-24-de-mayo-de-2026-pago-2\\\/\"]}]},{\"@type\":\"ImageObject\",\"inLanguage\":\"en-US\",\"@id\":\"https:\\\/\\\/turismobotanico.es\\\/la-sierra-del-caurel-del-20-al-24-de-mayo-de-2026-pago-2\\\/#primaryimage\",\"url\":\"https:\\\/\\\/turismobotanico.es\\\/wp-content\\\/uploads\\\/2025\\\/12\\\/Rogueira.jpg\",\"contentUrl\":\"https:\\\/\\\/turismobotanico.es\\\/wp-content\\\/uploads\\\/2025\\\/12\\\/Rogueira.jpg\",\"width\":645,\"height\":485},{\"@type\":\"BreadcrumbList\",\"@id\":\"https:\\\/\\\/turismobotanico.es\\\/la-sierra-del-caurel-del-20-al-24-de-mayo-de-2026-pago-2\\\/#breadcrumb\",\"itemListElement\":[{\"@type\":\"ListItem\",\"position\":1,\"name\":\"Portada\",\"item\":\"https:\\\/\\\/turismobotanico.es\\\/\"},{\"@type\":\"ListItem\",\"position\":2,\"name\":\"Tienda\",\"item\":\"https:\\\/\\\/turismobotanico.es\\\/tienda\\\/\"},{\"@type\":\"ListItem\",\"position\":3,\"name\":\"La Sierra del Caurel | Del 20 al 24 de Mayo de 2026 | Pago 2\"}]},{\"@type\":\"WebSite\",\"@id\":\"https:\\\/\\\/turismobotanico.es\\\/#website\",\"url\":\"https:\\\/\\\/turismobotanico.es\\\/\",\"name\":\"Turismo Bot\u00e1nico\",\"description\":\"Turismo de naturaleza\",\"potentialAction\":[{\"@type\":\"SearchAction\",\"target\":{\"@type\":\"EntryPoint\",\"urlTemplate\":\"https:\\\/\\\/turismobotanico.es\\\/?s={search_term_string}\"},\"query-input\":{\"@type\":\"PropertyValueSpecification\",\"valueRequired\":true,\"valueName\":\"search_term_string\"}}],\"inLanguage\":\"en-US\"}]}<\/script>\n<!-- \/ Yoast SEO plugin. -->","yoast_head_json":{"title":"La Sierra del Caurel | Del 20 al 24 de Mayo de 2026 | Pago 2 - Turismo Bot\u00e1nico","description":"Nos vamos a conocer el bosque mejor conservado de Europa. Nos espera la Sierra del Caurel. Un para\u00edso escondido repleto de orqu\u00eddeas.","robots":{"index":"index","follow":"follow","max-snippet":"max-snippet:-1","max-image-preview":"max-image-preview:large","max-video-preview":"max-video-preview:-1"},"canonical":"https:\/\/turismobotanico.es\/en\/la-sierra-del-caurel-del-20-al-24-de-mayo-de-2026-pago-2\/","og_locale":"en_US","og_type":"article","og_title":"La Sierra del Caurel | Del 20 al 24 de Mayo de 2026 | Pago 2 - Turismo Bot\u00e1nico","og_description":"Nos vamos a conocer el bosque mejor conservado de Europa. Nos espera la Sierra del Caurel. Un para\u00edso escondido repleto de orqu\u00eddeas.","og_url":"https:\/\/turismobotanico.es\/en\/la-sierra-del-caurel-del-20-al-24-de-mayo-de-2026-pago-2\/","og_site_name":"Turismo Bot\u00e1nico","article_modified_time":"2026-02-17T09:12:01+00:00","og_image":[{"width":645,"height":485,"url":"https:\/\/turismobotanico.es\/wp-content\/uploads\/2025\/12\/Rogueira.jpg","type":"image\/jpeg"}],"twitter_card":"summary_large_image","twitter_misc":{"Est. reading time":"2 minutes"},"schema":{"@context":"https:\/\/schema.org","@graph":[{"@type":"WebPage","@id":"https:\/\/turismobotanico.es\/la-sierra-del-caurel-del-20-al-24-de-mayo-de-2026-pago-2\/","url":"https:\/\/turismobotanico.es\/la-sierra-del-caurel-del-20-al-24-de-mayo-de-2026-pago-2\/","name":"La Sierra del Caurel | Del 20 al 24 de Mayo de 2026 | Pago 2 - Turismo Bot\u00e1nico","isPartOf":{"@id":"https:\/\/turismobotanico.es\/#website"},"primaryImageOfPage":{"@id":"https:\/\/turismobotanico.es\/la-sierra-del-caurel-del-20-al-24-de-mayo-de-2026-pago-2\/#primaryimage"},"image":{"@id":"https:\/\/turismobotanico.es\/la-sierra-del-caurel-del-20-al-24-de-mayo-de-2026-pago-2\/#primaryimage"},"thumbnailUrl":"https:\/\/turismobotanico.es\/wp-content\/uploads\/2025\/12\/Rogueira.jpg","datePublished":"2025-12-01T06:13:37+00:00","dateModified":"2026-02-17T09:12:01+00:00","description":"Nos vamos a conocer el bosque mejor conservado de Europa. Nos espera la Sierra del Caurel. Un para\u00edso escondido repleto de orqu\u00eddeas.","breadcrumb":{"@id":"https:\/\/turismobotanico.es\/la-sierra-del-caurel-del-20-al-24-de-mayo-de-2026-pago-2\/#breadcrumb"},"inLanguage":"en-US","potentialAction":[{"@type":"ReadAction","target":["https:\/\/turismobotanico.es\/la-sierra-del-caurel-del-20-al-24-de-mayo-de-2026-pago-2\/"]}]},{"@type":"ImageObject","inLanguage":"en-US","@id":"https:\/\/turismobotanico.es\/la-sierra-del-caurel-del-20-al-24-de-mayo-de-2026-pago-2\/#primaryimage","url":"https:\/\/turismobotanico.es\/wp-content\/uploads\/2025\/12\/Rogueira.jpg","contentUrl":"https:\/\/turismobotanico.es\/wp-content\/uploads\/2025\/12\/Rogueira.jpg","width":645,"height":485},{"@type":"BreadcrumbList","@id":"https:\/\/turismobotanico.es\/la-sierra-del-caurel-del-20-al-24-de-mayo-de-2026-pago-2\/#breadcrumb","itemListElement":[{"@type":"ListItem","position":1,"name":"Portada","item":"https:\/\/turismobotanico.es\/"},{"@type":"ListItem","position":2,"name":"Tienda","item":"https:\/\/turismobotanico.es\/tienda\/"},{"@type":"ListItem","position":3,"name":"La Sierra del Caurel | Del 20 al 24 de Mayo de 2026 | Pago 2"}]},{"@type":"WebSite","@id":"https:\/\/turismobotanico.es\/#website","url":"https:\/\/turismobotanico.es\/","name":"Turismo Bot\u00e1nico","description":"Turismo de naturaleza","potentialAction":[{"@type":"SearchAction","target":{"@type":"EntryPoint","urlTemplate":"https:\/\/turismobotanico.es\/?s={search_term_string}"},"query-input":{"@type":"PropertyValueSpecification","valueRequired":true,"valueName":"search_term_string"}}],"inLanguage":"en-US"}]}},"_links":{"self":[{"href":"https:\/\/turismobotanico.es\/en\/wp-json\/wp\/v2\/product\/17496","targetHints":{"allow":["GET"]}}],"collection":[{"href":"https:\/\/turismobotanico.es\/en\/wp-json\/wp\/v2\/product"}],"about":[{"href":"https:\/\/turismobotanico.es\/en\/wp-json\/wp\/v2\/types\/product"}],"replies":[{"embeddable":true,"href":"https:\/\/turismobotanico.es\/en\/wp-json\/wp\/v2\/comments?post=17496"}],"version-history":[{"count":3,"href":"https:\/\/turismobotanico.es\/en\/wp-json\/wp\/v2\/product\/17496\/revisions"}],"predecessor-version":[{"id":20555,"href":"https:\/\/turismobotanico.es\/en\/wp-json\/wp\/v2\/product\/17496\/revisions\/20555"}],"wp:featuredmedia":[{"embeddable":true,"href":"https:\/\/turismobotanico.es\/en\/wp-json\/wp\/v2\/media\/17492"}],"wp:attachment":[{"href":"https:\/\/turismobotanico.es\/en\/wp-json\/wp\/v2\/media?parent=17496"}],"wp:term":[{"taxonomy":"product_brand","embeddable":true,"href":"https:\/\/turismobotanico.es\/en\/wp-json\/wp\/v2\/product_brand?post=17496"},{"taxonomy":"product_cat","embeddable":true,"href":"https:\/\/turismobotanico.es\/en\/wp-json\/wp\/v2\/product_cat?post=17496"},{"taxonomy":"product_tag","embeddable":true,"href":"https:\/\/turismobotanico.es\/en\/wp-json\/wp\/v2\/product_tag?post=17496"}],"curies":[{"name":"wp","href":"https:\/\/api.w.org\/{rel}","templated":true}]}}