{"id":17516,"date":"2025-12-01T12:11:15","date_gmt":"2025-12-01T12:11:15","guid":{"rendered":"https:\/\/turismobotanico.es\/?post_type=product&#038;p=17516"},"modified":"2026-04-10T10:50:05","modified_gmt":"2026-04-10T10:50:05","slug":"isla-de-lanzarote-y-la-graciosa-del-07-al-12-de-abril-de-2026","status":"publish","type":"product","link":"https:\/\/turismobotanico.es\/en\/isla-de-lanzarote-y-la-graciosa-del-07-al-12-de-abril-de-2026\/","title":{"rendered":"Isla de Lanzarote y la Graciosa | Del 07 al 12 de Abril de 2026"},"content":{"rendered":"<p><a href=\"https:\/\/turismobotanico.es\/wp-content\/uploads\/2025\/12\/Lanzarote_2026.pdf\">VER EL PROGRAMA COMPLETO (RECOMENDADO).<\/a><\/p>\n<p><b>LA VIEJA ISLA CANARIA<\/b><\/p>\n<p data-start=\"502\" data-end=\"560\">En las Islas Canarias, conforme nos movemos hacia el occidente, nos vamos encontrando con las islas m\u00e1s j\u00f3venes. Por lo tanto, si Lanzarote est\u00e1 en el oriente, nos encontramos con la isla canaria m\u00e1s vieja.<\/p>\n<p data-start=\"502\" data-end=\"560\">Cuna de C\u00e9sar Manrique, Lanzarote es tambi\u00e9n morada de uno de los parques nacionales del territorio espa\u00f1ol. Timanfaya nos espera para ense\u00f1arnos todo su potencial natural y los motivos que han llevado a este espacio al m\u00e1ximo nivel de protecci\u00f3n ambiental nacional.<\/p>\n<p data-start=\"502\" data-end=\"560\">Cuanto menos son curiosos los famosos vi\u00f1edos en tierra volc\u00e1nica de la isla. Pasearemos entre los lugares de producci\u00f3n del afamado vino malvas\u00eda de Lanzarote mientras descubrimos coladas de lava, el volc\u00e1n Guardilama, y otras formaciones de esta naturaleza.<\/p>\n<p data-start=\"502\" data-end=\"560\">Y hace no tantos a\u00f1os que La Graciosa pas\u00f3 a ser la octava isla canaria con cabildo propio, por lo que un d\u00eda lo invertiremos en visitar esta isla no tan visitada. La patearemos e incluso tendremos algo de tiempo para ba\u00f1arnos en sus aguas. Y por \u00faltimo, os ense\u00f1aremos uno de los lugares m\u00e1s impresionantes de la isla. Las pe\u00f1as del Chache. Ya ver\u00e9is. Le ten\u00edamos muchas ganas a Lanzarote, y aqu\u00ed os la mostramos.<\/p>\n<p>PRECIO POR PERSONA CON VUELOS, ALOJAMIENTO CON DESAYUNO Y CENA (6 NOCHES EN HABITACI\u00d3N DOBLE), VISITAS GUIADAS, ENTRADAS A LAS ATRACCIONES TUR\u00cdSTICAS, SEGURO DE ACCIDENTES, DE VIAJE, DE CANCELACI\u00d3N Y DE RESPONSABILIDAD CIVIL: 1450\u20ac<\/p>\n<p>El alojamiento es\u00a0en habitaci\u00f3n doble.\u00a0Si vas solo, tendr\u00e1s que pagar el suplemento de\u00a0<strong>habitaci\u00f3n individual: 300\u20ac<\/strong>. A\u00f1\u00e1delo al carrito, desde la parte de abajo de la p\u00e1gina, en el siguiente paso de la reserva.<\/p>\n<p><a href=\"https:\/\/www.bujaldon-sl.com\/productos\/certificado\/prime-2-0-copia\">PUEDE CONSULTAR LAS CONDICIONES DE ESTE SEGURO DE CANCELACI\u00d3N CLICANDO AQU\u00cd<\/a><\/p>\n<p><a href=\"https:\/\/turismobotanico.es\/en\/politica-de-cancelaciones\/\">PUEDES CONSULTAR AQU\u00cd NUESTRA POL\u00cdTICA DE CANCELACIONES<\/a><\/p>","protected":false},"excerpt":{"rendered":"<p>&nbsp;<\/p>\n<p><a href=\"https:\/\/turismobotanico.es\/wp-content\/uploads\/2025\/12\/Lanzarote_2026.pdf\">VER EL PROGRAMA COMPLETO (RECOMENDADO).<\/a><\/p>\n<p><b>LA VIEJA ISLA CANARIA<\/b><\/p>\n<p data-start=\"502\" data-end=\"560\">En las Islas Canarias, conforme nos movemos hacia el occidente, nos vamos encontrando con las islas m\u00e1s j\u00f3venes. Por lo tanto, si Lanzarote est\u00e1 en el oriente, nos encontramos con la isla canaria m\u00e1s vieja.<\/p>\n<p data-start=\"502\" data-end=\"560\">Cuna de C\u00e9sar Manrique, Lanzarote es tambi\u00e9n morada de uno de los parques nacionales del territorio espa\u00f1ol. Timanfaya nos espera para ense\u00f1arnos todo su potencial natural y los motivos que han llevado a este espacio al m\u00e1ximo nivel de protecci\u00f3n ambiental nacional.<\/p>\n<p data-start=\"502\" data-end=\"560\">Cuanto menos son curiosos los famosos vi\u00f1edos en tierra volc\u00e1nica de la isla. Pasearemos entre los lugares de producci\u00f3n del afamado vino malvas\u00eda de Lanzarote mientras descubrimos coladas de lava, el volc\u00e1n Guardilama, y otras formaciones de esta naturaleza.<\/p>\n<p data-start=\"502\" data-end=\"560\">Y hace no tantos a\u00f1os que La Graciosa pas\u00f3 a ser la octava isla canaria con cabildo propio, por lo que un d\u00eda lo invertiremos en visitar esta isla no tan visitada. La patearemos e incluso tendremos algo de tiempo para ba\u00f1arnos en sus aguas. Y por \u00faltimo, os ense\u00f1aremos uno de los lugares m\u00e1s impresionantes de la isla. Las pe\u00f1as del Chache. Ya ver\u00e9is. Le ten\u00edamos muchas ganas a Lanzarote, y aqu\u00ed os la mostramos.<\/p>\n<p>PRECIO POR PERSONA CON VUELOS, ALOJAMIENTO CON DESAYUNO Y CENA (6 NOCHES EN HABITACI\u00d3N DOBLE), VISITAS GUIADAS, ENTRADAS A LAS ATRACCIONES TUR\u00cdSTICAS, SEGURO DE ACCIDENTES, DE VIAJE, DE CANCELACI\u00d3N Y DE RESPONSABILIDAD CIVIL: 1450\u20ac<\/p>\n<p>El alojamiento es\u00a0en habitaci\u00f3n doble.\u00a0Si vas solo, tendr\u00e1s que pagar el suplemento de\u00a0<strong>habitaci\u00f3n individual: 300\u20ac<\/strong>. A\u00f1\u00e1delo al carrito, desde la parte de abajo de la p\u00e1gina, en el siguiente paso de la reserva.<\/p>\n<p><a href=\"https:\/\/www.bujaldon-sl.com\/productos\/certificado\/prime-2-0-copia\">PUEDE CONSULTAR LAS CONDICIONES DE ESTE SEGURO DE CANCELACI\u00d3N CLICANDO AQU\u00cd<\/a><\/p>\n<p><a href=\"https:\/\/turismobotanico.es\/en\/politica-de-cancelaciones\/\">PUEDES CONSULTAR AQU\u00cd NUESTRA POL\u00cdTICA DE CANCELACIONES<\/a><\/p>","protected":false},"featured_media":17520,"comment_status":"closed","ping_status":"closed","template":"","meta":[],"product_brand":[],"product_cat":[115],"product_tag":[],"class_list":{"0":"post-17516","1":"product","2":"type-product","3":"status-publish","4":"has-post-thumbnail","6":"product_cat-sin-categoria","8":"first","9":"instock","10":"virtual","11":"purchasable","12":"product-type-simple"},"yoast_head":"<!-- This site is optimized with the Yoast SEO plugin v27.5 - https:\/\/yoast.com\/product\/yoast-seo-wordpress\/ -->\n<title>Isla de Lanzarote y la Graciosa | Del 07 al 12 de Abril de 2026 - Turismo Bot\u00e1nico<\/title>\n<meta name=\"description\" content=\"Descubre la Isla del Lanzarote en Canarias: una experiencia inolvidable recorriendo volcanes, vi\u00f1edos y playas paradis\u00edacas. Es tu turno de disfrutar.\" \/>\n<meta name=\"robots\" content=\"index, follow, max-snippet:-1, max-image-preview:large, max-video-preview:-1\" \/>\n<link rel=\"canonical\" href=\"https:\/\/turismobotanico.es\/en\/isla-de-lanzarote-y-la-graciosa-del-07-al-12-de-abril-de-2026\/\" \/>\n<meta property=\"og:locale\" content=\"en_US\" \/>\n<meta property=\"og:type\" content=\"article\" \/>\n<meta property=\"og:title\" content=\"Isla de Lanzarote y la Graciosa | Del 07 al 12 de Abril de 2026 - Turismo Bot\u00e1nico\" \/>\n<meta property=\"og:description\" content=\"Descubre la Isla del Lanzarote en Canarias: una experiencia inolvidable recorriendo volcanes, vi\u00f1edos y playas paradis\u00edacas. Es tu turno de disfrutar.\" \/>\n<meta property=\"og:url\" content=\"https:\/\/turismobotanico.es\/en\/isla-de-lanzarote-y-la-graciosa-del-07-al-12-de-abril-de-2026\/\" \/>\n<meta property=\"og:site_name\" content=\"Turismo Bot\u00e1nico\" \/>\n<meta property=\"article:modified_time\" content=\"2026-04-10T10:50:05+00:00\" \/>\n<meta property=\"og:image\" content=\"https:\/\/turismobotanico.es\/wp-content\/uploads\/2025\/12\/timanfaya-1024x683-1.jpeg\" \/>\n\t<meta property=\"og:image:width\" content=\"1024\" \/>\n\t<meta property=\"og:image:height\" content=\"683\" \/>\n\t<meta property=\"og:image:type\" content=\"image\/jpeg\" \/>\n<meta name=\"twitter:card\" content=\"summary_large_image\" \/>\n<meta name=\"twitter:label1\" content=\"Est. reading time\" \/>\n\t<meta name=\"twitter:data1\" content=\"2 minutes\" \/>\n<script type=\"application\/ld+json\" class=\"yoast-schema-graph\">{\"@context\":\"https:\\\/\\\/schema.org\",\"@graph\":[{\"@type\":\"WebPage\",\"@id\":\"https:\\\/\\\/turismobotanico.es\\\/isla-de-lanzarote-y-la-graciosa-del-07-al-12-de-abril-de-2026\\\/\",\"url\":\"https:\\\/\\\/turismobotanico.es\\\/isla-de-lanzarote-y-la-graciosa-del-07-al-12-de-abril-de-2026\\\/\",\"name\":\"Isla de Lanzarote y la Graciosa | Del 07 al 12 de Abril de 2026 - Turismo Bot\u00e1nico\",\"isPartOf\":{\"@id\":\"https:\\\/\\\/turismobotanico.es\\\/#website\"},\"primaryImageOfPage\":{\"@id\":\"https:\\\/\\\/turismobotanico.es\\\/isla-de-lanzarote-y-la-graciosa-del-07-al-12-de-abril-de-2026\\\/#primaryimage\"},\"image\":{\"@id\":\"https:\\\/\\\/turismobotanico.es\\\/isla-de-lanzarote-y-la-graciosa-del-07-al-12-de-abril-de-2026\\\/#primaryimage\"},\"thumbnailUrl\":\"https:\\\/\\\/turismobotanico.es\\\/wp-content\\\/uploads\\\/2025\\\/12\\\/timanfaya-1024x683-1.jpeg\",\"datePublished\":\"2025-12-01T12:11:15+00:00\",\"dateModified\":\"2026-04-10T10:50:05+00:00\",\"description\":\"Descubre la Isla del Lanzarote en Canarias: una experiencia inolvidable recorriendo volcanes, vi\u00f1edos y playas paradis\u00edacas. Es tu turno de disfrutar.\",\"breadcrumb\":{\"@id\":\"https:\\\/\\\/turismobotanico.es\\\/isla-de-lanzarote-y-la-graciosa-del-07-al-12-de-abril-de-2026\\\/#breadcrumb\"},\"inLanguage\":\"en-US\",\"potentialAction\":[{\"@type\":\"ReadAction\",\"target\":[\"https:\\\/\\\/turismobotanico.es\\\/isla-de-lanzarote-y-la-graciosa-del-07-al-12-de-abril-de-2026\\\/\"]}]},{\"@type\":\"ImageObject\",\"inLanguage\":\"en-US\",\"@id\":\"https:\\\/\\\/turismobotanico.es\\\/isla-de-lanzarote-y-la-graciosa-del-07-al-12-de-abril-de-2026\\\/#primaryimage\",\"url\":\"https:\\\/\\\/turismobotanico.es\\\/wp-content\\\/uploads\\\/2025\\\/12\\\/timanfaya-1024x683-1.jpeg\",\"contentUrl\":\"https:\\\/\\\/turismobotanico.es\\\/wp-content\\\/uploads\\\/2025\\\/12\\\/timanfaya-1024x683-1.jpeg\",\"width\":1024,\"height\":683},{\"@type\":\"BreadcrumbList\",\"@id\":\"https:\\\/\\\/turismobotanico.es\\\/isla-de-lanzarote-y-la-graciosa-del-07-al-12-de-abril-de-2026\\\/#breadcrumb\",\"itemListElement\":[{\"@type\":\"ListItem\",\"position\":1,\"name\":\"Portada\",\"item\":\"https:\\\/\\\/turismobotanico.es\\\/\"},{\"@type\":\"ListItem\",\"position\":2,\"name\":\"Tienda\",\"item\":\"https:\\\/\\\/turismobotanico.es\\\/tienda\\\/\"},{\"@type\":\"ListItem\",\"position\":3,\"name\":\"Isla de Lanzarote y la Graciosa | Del 07 al 12 de Abril de 2026\"}]},{\"@type\":\"WebSite\",\"@id\":\"https:\\\/\\\/turismobotanico.es\\\/#website\",\"url\":\"https:\\\/\\\/turismobotanico.es\\\/\",\"name\":\"Turismo Bot\u00e1nico\",\"description\":\"Turismo de naturaleza\",\"potentialAction\":[{\"@type\":\"SearchAction\",\"target\":{\"@type\":\"EntryPoint\",\"urlTemplate\":\"https:\\\/\\\/turismobotanico.es\\\/?s={search_term_string}\"},\"query-input\":{\"@type\":\"PropertyValueSpecification\",\"valueRequired\":true,\"valueName\":\"search_term_string\"}}],\"inLanguage\":\"en-US\"}]}<\/script>\n<!-- \/ Yoast SEO plugin. -->","yoast_head_json":{"title":"Isla de Lanzarote y la Graciosa | Del 07 al 12 de Abril de 2026 - Turismo Bot\u00e1nico","description":"Descubre la Isla del Lanzarote en Canarias: una experiencia inolvidable recorriendo volcanes, vi\u00f1edos y playas paradis\u00edacas. Es tu turno de disfrutar.","robots":{"index":"index","follow":"follow","max-snippet":"max-snippet:-1","max-image-preview":"max-image-preview:large","max-video-preview":"max-video-preview:-1"},"canonical":"https:\/\/turismobotanico.es\/en\/isla-de-lanzarote-y-la-graciosa-del-07-al-12-de-abril-de-2026\/","og_locale":"en_US","og_type":"article","og_title":"Isla de Lanzarote y la Graciosa | Del 07 al 12 de Abril de 2026 - Turismo Bot\u00e1nico","og_description":"Descubre la Isla del Lanzarote en Canarias: una experiencia inolvidable recorriendo volcanes, vi\u00f1edos y playas paradis\u00edacas. Es tu turno de disfrutar.","og_url":"https:\/\/turismobotanico.es\/en\/isla-de-lanzarote-y-la-graciosa-del-07-al-12-de-abril-de-2026\/","og_site_name":"Turismo Bot\u00e1nico","article_modified_time":"2026-04-10T10:50:05+00:00","og_image":[{"width":1024,"height":683,"url":"https:\/\/turismobotanico.es\/wp-content\/uploads\/2025\/12\/timanfaya-1024x683-1.jpeg","type":"image\/jpeg"}],"twitter_card":"summary_large_image","twitter_misc":{"Est. reading time":"2 minutes"},"schema":{"@context":"https:\/\/schema.org","@graph":[{"@type":"WebPage","@id":"https:\/\/turismobotanico.es\/isla-de-lanzarote-y-la-graciosa-del-07-al-12-de-abril-de-2026\/","url":"https:\/\/turismobotanico.es\/isla-de-lanzarote-y-la-graciosa-del-07-al-12-de-abril-de-2026\/","name":"Isla de Lanzarote y la Graciosa | Del 07 al 12 de Abril de 2026 - Turismo Bot\u00e1nico","isPartOf":{"@id":"https:\/\/turismobotanico.es\/#website"},"primaryImageOfPage":{"@id":"https:\/\/turismobotanico.es\/isla-de-lanzarote-y-la-graciosa-del-07-al-12-de-abril-de-2026\/#primaryimage"},"image":{"@id":"https:\/\/turismobotanico.es\/isla-de-lanzarote-y-la-graciosa-del-07-al-12-de-abril-de-2026\/#primaryimage"},"thumbnailUrl":"https:\/\/turismobotanico.es\/wp-content\/uploads\/2025\/12\/timanfaya-1024x683-1.jpeg","datePublished":"2025-12-01T12:11:15+00:00","dateModified":"2026-04-10T10:50:05+00:00","description":"Descubre la Isla del Lanzarote en Canarias: una experiencia inolvidable recorriendo volcanes, vi\u00f1edos y playas paradis\u00edacas. Es tu turno de disfrutar.","breadcrumb":{"@id":"https:\/\/turismobotanico.es\/isla-de-lanzarote-y-la-graciosa-del-07-al-12-de-abril-de-2026\/#breadcrumb"},"inLanguage":"en-US","potentialAction":[{"@type":"ReadAction","target":["https:\/\/turismobotanico.es\/isla-de-lanzarote-y-la-graciosa-del-07-al-12-de-abril-de-2026\/"]}]},{"@type":"ImageObject","inLanguage":"en-US","@id":"https:\/\/turismobotanico.es\/isla-de-lanzarote-y-la-graciosa-del-07-al-12-de-abril-de-2026\/#primaryimage","url":"https:\/\/turismobotanico.es\/wp-content\/uploads\/2025\/12\/timanfaya-1024x683-1.jpeg","contentUrl":"https:\/\/turismobotanico.es\/wp-content\/uploads\/2025\/12\/timanfaya-1024x683-1.jpeg","width":1024,"height":683},{"@type":"BreadcrumbList","@id":"https:\/\/turismobotanico.es\/isla-de-lanzarote-y-la-graciosa-del-07-al-12-de-abril-de-2026\/#breadcrumb","itemListElement":[{"@type":"ListItem","position":1,"name":"Portada","item":"https:\/\/turismobotanico.es\/"},{"@type":"ListItem","position":2,"name":"Tienda","item":"https:\/\/turismobotanico.es\/tienda\/"},{"@type":"ListItem","position":3,"name":"Isla de Lanzarote y la Graciosa | Del 07 al 12 de Abril de 2026"}]},{"@type":"WebSite","@id":"https:\/\/turismobotanico.es\/#website","url":"https:\/\/turismobotanico.es\/","name":"Turismo Bot\u00e1nico","description":"Turismo de naturaleza","potentialAction":[{"@type":"SearchAction","target":{"@type":"EntryPoint","urlTemplate":"https:\/\/turismobotanico.es\/?s={search_term_string}"},"query-input":{"@type":"PropertyValueSpecification","valueRequired":true,"valueName":"search_term_string"}}],"inLanguage":"en-US"}]}},"_links":{"self":[{"href":"https:\/\/turismobotanico.es\/en\/wp-json\/wp\/v2\/product\/17516","targetHints":{"allow":["GET"]}}],"collection":[{"href":"https:\/\/turismobotanico.es\/en\/wp-json\/wp\/v2\/product"}],"about":[{"href":"https:\/\/turismobotanico.es\/en\/wp-json\/wp\/v2\/types\/product"}],"replies":[{"embeddable":true,"href":"https:\/\/turismobotanico.es\/en\/wp-json\/wp\/v2\/comments?post=17516"}],"version-history":[{"count":3,"href":"https:\/\/turismobotanico.es\/en\/wp-json\/wp\/v2\/product\/17516\/revisions"}],"predecessor-version":[{"id":20599,"href":"https:\/\/turismobotanico.es\/en\/wp-json\/wp\/v2\/product\/17516\/revisions\/20599"}],"wp:featuredmedia":[{"embeddable":true,"href":"https:\/\/turismobotanico.es\/en\/wp-json\/wp\/v2\/media\/17520"}],"wp:attachment":[{"href":"https:\/\/turismobotanico.es\/en\/wp-json\/wp\/v2\/media?parent=17516"}],"wp:term":[{"taxonomy":"product_brand","embeddable":true,"href":"https:\/\/turismobotanico.es\/en\/wp-json\/wp\/v2\/product_brand?post=17516"},{"taxonomy":"product_cat","embeddable":true,"href":"https:\/\/turismobotanico.es\/en\/wp-json\/wp\/v2\/product_cat?post=17516"},{"taxonomy":"product_tag","embeddable":true,"href":"https:\/\/turismobotanico.es\/en\/wp-json\/wp\/v2\/product_tag?post=17516"}],"curies":[{"name":"wp","href":"https:\/\/api.w.org\/{rel}","templated":true}]}}