{"id":17582,"date":"2025-12-02T09:03:57","date_gmt":"2025-12-02T09:03:57","guid":{"rendered":"https:\/\/turismobotanico.es\/?post_type=product&#038;p=17582"},"modified":"2026-03-04T11:46:42","modified_gmt":"2026-03-04T11:46:42","slug":"la-gomera-del-7-al-12-de-abril-de-2026-ultimo-pago","status":"publish","type":"product","link":"https:\/\/turismobotanico.es\/en\/la-gomera-del-7-al-12-de-abril-de-2026-ultimo-pago\/","title":{"rendered":"La Gomera | Del 7 al 12 de Abril de 2026 | \u00daltimo pago"},"content":{"rendered":"<p><a href=\"https:\/\/turismobotanico.es\/wp-content\/uploads\/2025\/12\/La-Gomera_2026-1.pdf\">VER EL PROGRAMA COMPLETO (RECOMENDADO).<\/a><\/p>\n<p><strong>VIAJE DE NATURALEZA Y CULTURA A LA ISLA DE LA GOMERA<\/strong><\/p>\n<p>Para estas fiestas de primavera de 2026 os proponemos un plan diferente. El para\u00edso canario siempre es un lugar agradable para ir, pero el mes de abril es posible que sea el mejor mes para hacerlo. Tenemos un lugar volc\u00e1nico d\u00f3nde tenemos infinidad de<br \/>\necosistemas diferentes.<br \/>\nSin duda, La Gomera es conocida por las laurisilvas, las cu\u00e1les conoceremos y radiografiaremos para conocerlas al detalle. Pero es que esta isla es mucho m\u00e1s. Por ejemplo. La cultura agr\u00edcola de la isla es muy peculiar, y en la zona de Agulo (uno de los pueblos m\u00e1s bonitos de Espa\u00f1a) la podremos ver y disfrutar con sus sistemas de aterrazamientos. Terminaremos en el impresionante mirador rojo de Abrante. Adem\u00e1s, en la Gomera hay un lugar al que no suelen ir los turistas, pero que posiblemente sea el barranco m\u00e1s espectacular de la isla. Tambi\u00e9n os lo vamos a ense\u00f1ar. Se trata del barranco de Guarimiar. No os explicaremos nada m\u00e1s, ten\u00e9is que venir a verlo. Y por supuesto, la joya de la corona. El Parque Nacional de Garajonay llegando a su pico m\u00e1s alto desde el que podremos observar toda la isla incluso las islas vecinas. Hay que ver lo que se ve desde all\u00ed. En resumen, un viaje para conocer esta isla a la que normalmente se viaja para pasar un s\u00f3lo d\u00eda. \u00bfDe verdad os lo vais a perder?.<\/p>\n<p>PRECIO POR PERSONA CON VUELOS, 4 NOCHES DE ALOJAMIENTO (MEDIA PENSI\u00d3N) Y 1 NOCHE CON DESAYUNO, GUIAS DE NATURALEZA, ENTRADAS A TODOS LOS CENTROS DE INTERPRETACI\u00d3N INCLU\u00cdDOS, SEGURO DE ACCIDENTES, DE VIAJE, DE CANCELACI\u00d3N Y DE RESPONSABILIDAD CIVIL: 1450\u20ac<\/p>\n<p>El alojamiento es\u00a0en habitaci\u00f3n doble.\u00a0Si vas solo, tendr\u00e1s que pagar el suplemento de\u00a0<strong>habitaci\u00f3n individual: 200\u20ac<\/strong>. A\u00f1\u00e1delo al carrito, desde la parte de abajo de la p\u00e1gina, en el siguiente paso de la reserva.<\/p>\n<p><a href=\"https:\/\/www.bujaldon-sl.com\/productos\/certificado\/prime-2-0-copia\">PUEDE CONSULTAR LAS CONDICIONES DE ESTE SEGURO DE CANCELACI\u00d3N CLICANDO AQU\u00cd<\/a><\/p>\n<p><a href=\"https:\/\/turismobotanico.es\/en\/politica-de-cancelaciones\/\">PUEDES CONSULTAR AQU\u00cd NUESTRA POL\u00cdTICA DE CANCELACIONES<\/a><\/p>","protected":false},"excerpt":{"rendered":"<p>&nbsp;<\/p>\n<p><a href=\"https:\/\/turismobotanico.es\/wp-content\/uploads\/2025\/12\/La-Gomera_2026-1.pdf\">VER EL PROGRAMA COMPLETO (RECOMENDADO).<\/a><\/p>\n<p><strong>VIAJE DE NATURALEZA Y CULTURA A LA ISLA DE LA GOMERA<\/strong><\/p>\n<p>Para estas fiestas de primavera de 2026 os proponemos un plan diferente. El para\u00edso canario siempre es un lugar agradable para ir, pero el mes de abril es posible que sea el mejor mes para hacerlo. Tenemos un lugar volc\u00e1nico d\u00f3nde tenemos infinidad de<br \/>\necosistemas diferentes.<br \/>\nSin duda, La Gomera es conocida por las laurisilvas, las cu\u00e1les conoceremos y radiografiaremos para conocerlas al detalle. Pero es que esta isla es mucho m\u00e1s. Por ejemplo. La cultura agr\u00edcola de la isla es muy peculiar, y en la zona de Agulo (uno de los pueblos m\u00e1s bonitos de Espa\u00f1a) la podremos ver y disfrutar con sus sistemas de aterrazamientos. Terminaremos en el impresionante mirador rojo de Abrante. Adem\u00e1s, en la Gomera hay un lugar al que no suelen ir los turistas, pero que posiblemente sea el barranco m\u00e1s espectacular de la isla. Tambi\u00e9n os lo vamos a ense\u00f1ar. Se trata del barranco de Guarimiar. No os explicaremos nada m\u00e1s, ten\u00e9is que venir a verlo. Y por supuesto, la joya de la corona. El Parque Nacional de Garajonay llegando a su pico m\u00e1s alto desde el que podremos observar toda la isla incluso las islas vecinas. Hay que ver lo que se ve desde all\u00ed. En resumen, un viaje para conocer esta isla a la que normalmente se viaja para pasar un s\u00f3lo d\u00eda. \u00bfDe verdad os lo vais a perder?.<\/p>\n<p>PRECIO POR PERSONA CON VUELOS, 4 NOCHES DE ALOJAMIENTO (MEDIA PENSI\u00d3N) Y 1 NOCHE CON DESAYUNO, GUIAS DE NATURALEZA, ENTRADAS A TODOS LOS CENTROS DE INTERPRETACI\u00d3N INCLU\u00cdDOS, SEGURO DE ACCIDENTES, DE VIAJE, DE CANCELACI\u00d3N Y DE RESPONSABILIDAD CIVIL: 1450\u20ac<\/p>\n<p>El alojamiento es\u00a0en habitaci\u00f3n doble.\u00a0Si vas solo, tendr\u00e1s que pagar el suplemento de\u00a0<strong>habitaci\u00f3n individual: 200\u20ac<\/strong>. A\u00f1\u00e1delo al carrito, desde la parte de abajo de la p\u00e1gina, en el siguiente paso de la reserva.<\/p>\n<p><a href=\"https:\/\/www.bujaldon-sl.com\/productos\/certificado\/prime-2-0-copia\">PUEDE CONSULTAR LAS CONDICIONES DE ESTE SEGURO DE CANCELACI\u00d3N CLICANDO AQU\u00cd<\/a><\/p>\n<p><a href=\"https:\/\/turismobotanico.es\/en\/politica-de-cancelaciones\/\">PUEDES CONSULTAR AQU\u00cd NUESTRA POL\u00cdTICA DE CANCELACIONES<\/a><\/p>","protected":false},"featured_media":17573,"comment_status":"closed","ping_status":"closed","template":"","meta":[],"product_brand":[],"product_cat":[115],"product_tag":[],"class_list":{"0":"post-17582","1":"product","2":"type-product","3":"status-publish","4":"has-post-thumbnail","6":"product_cat-sin-categoria","8":"first","9":"instock","10":"virtual","11":"purchasable","12":"product-type-simple"},"yoast_head":"<!-- This site is optimized with the Yoast SEO plugin v27.3 - https:\/\/yoast.com\/product\/yoast-seo-wordpress\/ -->\n<title>La Gomera | Del 7 al 12 de Abril de 2026 | \u00daltimo pago - Turismo Bot\u00e1nico<\/title>\n<meta name=\"description\" content=\"Nos vamos a conocer el bosque mejor conservado de Europa. Nos espera la Sierra del Caurel. Un para\u00edso escondido repleto de orqu\u00eddeas.\" \/>\n<meta name=\"robots\" content=\"index, follow, max-snippet:-1, max-image-preview:large, max-video-preview:-1\" \/>\n<link rel=\"canonical\" href=\"https:\/\/turismobotanico.es\/en\/la-gomera-del-7-al-12-de-abril-de-2026-ultimo-pago\/\" \/>\n<meta property=\"og:locale\" content=\"en_US\" \/>\n<meta property=\"og:type\" content=\"article\" \/>\n<meta property=\"og:title\" content=\"La Gomera | Del 7 al 12 de Abril de 2026 | \u00daltimo pago - Turismo Bot\u00e1nico\" \/>\n<meta property=\"og:description\" content=\"Nos vamos a conocer el bosque mejor conservado de Europa. Nos espera la Sierra del Caurel. Un para\u00edso escondido repleto de orqu\u00eddeas.\" \/>\n<meta property=\"og:url\" content=\"https:\/\/turismobotanico.es\/en\/la-gomera-del-7-al-12-de-abril-de-2026-ultimo-pago\/\" \/>\n<meta property=\"og:site_name\" content=\"Turismo Bot\u00e1nico\" \/>\n<meta property=\"article:modified_time\" content=\"2026-03-04T11:46:42+00:00\" \/>\n<meta property=\"og:image\" content=\"https:\/\/turismobotanico.es\/wp-content\/uploads\/2025\/12\/La-Gomera-Canary-Islands-Spain.jpeg\" \/>\n\t<meta property=\"og:image:width\" content=\"736\" \/>\n\t<meta property=\"og:image:height\" content=\"609\" \/>\n\t<meta property=\"og:image:type\" content=\"image\/jpeg\" \/>\n<meta name=\"twitter:card\" content=\"summary_large_image\" \/>\n<meta name=\"twitter:label1\" content=\"Est. reading time\" \/>\n\t<meta name=\"twitter:data1\" content=\"2 minutes\" \/>\n<script type=\"application\/ld+json\" class=\"yoast-schema-graph\">{\"@context\":\"https:\\\/\\\/schema.org\",\"@graph\":[{\"@type\":\"WebPage\",\"@id\":\"https:\\\/\\\/turismobotanico.es\\\/la-gomera-del-7-al-12-de-abril-de-2026-ultimo-pago\\\/\",\"url\":\"https:\\\/\\\/turismobotanico.es\\\/la-gomera-del-7-al-12-de-abril-de-2026-ultimo-pago\\\/\",\"name\":\"La Gomera | Del 7 al 12 de Abril de 2026 | \u00daltimo pago - Turismo Bot\u00e1nico\",\"isPartOf\":{\"@id\":\"https:\\\/\\\/turismobotanico.es\\\/#website\"},\"primaryImageOfPage\":{\"@id\":\"https:\\\/\\\/turismobotanico.es\\\/la-gomera-del-7-al-12-de-abril-de-2026-ultimo-pago\\\/#primaryimage\"},\"image\":{\"@id\":\"https:\\\/\\\/turismobotanico.es\\\/la-gomera-del-7-al-12-de-abril-de-2026-ultimo-pago\\\/#primaryimage\"},\"thumbnailUrl\":\"https:\\\/\\\/turismobotanico.es\\\/wp-content\\\/uploads\\\/2025\\\/12\\\/La-Gomera-Canary-Islands-Spain.jpeg\",\"datePublished\":\"2025-12-02T09:03:57+00:00\",\"dateModified\":\"2026-03-04T11:46:42+00:00\",\"description\":\"Nos vamos a conocer el bosque mejor conservado de Europa. Nos espera la Sierra del Caurel. Un para\u00edso escondido repleto de orqu\u00eddeas.\",\"breadcrumb\":{\"@id\":\"https:\\\/\\\/turismobotanico.es\\\/la-gomera-del-7-al-12-de-abril-de-2026-ultimo-pago\\\/#breadcrumb\"},\"inLanguage\":\"en-US\",\"potentialAction\":[{\"@type\":\"ReadAction\",\"target\":[\"https:\\\/\\\/turismobotanico.es\\\/la-gomera-del-7-al-12-de-abril-de-2026-ultimo-pago\\\/\"]}]},{\"@type\":\"ImageObject\",\"inLanguage\":\"en-US\",\"@id\":\"https:\\\/\\\/turismobotanico.es\\\/la-gomera-del-7-al-12-de-abril-de-2026-ultimo-pago\\\/#primaryimage\",\"url\":\"https:\\\/\\\/turismobotanico.es\\\/wp-content\\\/uploads\\\/2025\\\/12\\\/La-Gomera-Canary-Islands-Spain.jpeg\",\"contentUrl\":\"https:\\\/\\\/turismobotanico.es\\\/wp-content\\\/uploads\\\/2025\\\/12\\\/La-Gomera-Canary-Islands-Spain.jpeg\",\"width\":736,\"height\":609},{\"@type\":\"BreadcrumbList\",\"@id\":\"https:\\\/\\\/turismobotanico.es\\\/la-gomera-del-7-al-12-de-abril-de-2026-ultimo-pago\\\/#breadcrumb\",\"itemListElement\":[{\"@type\":\"ListItem\",\"position\":1,\"name\":\"Portada\",\"item\":\"https:\\\/\\\/turismobotanico.es\\\/\"},{\"@type\":\"ListItem\",\"position\":2,\"name\":\"Tienda\",\"item\":\"https:\\\/\\\/turismobotanico.es\\\/tienda\\\/\"},{\"@type\":\"ListItem\",\"position\":3,\"name\":\"La Gomera | Del 7 al 12 de Abril de 2026 | \u00daltimo pago\"}]},{\"@type\":\"WebSite\",\"@id\":\"https:\\\/\\\/turismobotanico.es\\\/#website\",\"url\":\"https:\\\/\\\/turismobotanico.es\\\/\",\"name\":\"Turismo Bot\u00e1nico\",\"description\":\"Turismo de naturaleza\",\"potentialAction\":[{\"@type\":\"SearchAction\",\"target\":{\"@type\":\"EntryPoint\",\"urlTemplate\":\"https:\\\/\\\/turismobotanico.es\\\/?s={search_term_string}\"},\"query-input\":{\"@type\":\"PropertyValueSpecification\",\"valueRequired\":true,\"valueName\":\"search_term_string\"}}],\"inLanguage\":\"en-US\"}]}<\/script>\n<!-- \/ Yoast SEO plugin. -->","yoast_head_json":{"title":"La Gomera | Del 7 al 12 de Abril de 2026 | \u00daltimo pago - Turismo Bot\u00e1nico","description":"Nos vamos a conocer el bosque mejor conservado de Europa. Nos espera la Sierra del Caurel. Un para\u00edso escondido repleto de orqu\u00eddeas.","robots":{"index":"index","follow":"follow","max-snippet":"max-snippet:-1","max-image-preview":"max-image-preview:large","max-video-preview":"max-video-preview:-1"},"canonical":"https:\/\/turismobotanico.es\/en\/la-gomera-del-7-al-12-de-abril-de-2026-ultimo-pago\/","og_locale":"en_US","og_type":"article","og_title":"La Gomera | Del 7 al 12 de Abril de 2026 | \u00daltimo pago - Turismo Bot\u00e1nico","og_description":"Nos vamos a conocer el bosque mejor conservado de Europa. Nos espera la Sierra del Caurel. Un para\u00edso escondido repleto de orqu\u00eddeas.","og_url":"https:\/\/turismobotanico.es\/en\/la-gomera-del-7-al-12-de-abril-de-2026-ultimo-pago\/","og_site_name":"Turismo Bot\u00e1nico","article_modified_time":"2026-03-04T11:46:42+00:00","og_image":[{"width":736,"height":609,"url":"https:\/\/turismobotanico.es\/wp-content\/uploads\/2025\/12\/La-Gomera-Canary-Islands-Spain.jpeg","type":"image\/jpeg"}],"twitter_card":"summary_large_image","twitter_misc":{"Est. reading time":"2 minutes"},"schema":{"@context":"https:\/\/schema.org","@graph":[{"@type":"WebPage","@id":"https:\/\/turismobotanico.es\/la-gomera-del-7-al-12-de-abril-de-2026-ultimo-pago\/","url":"https:\/\/turismobotanico.es\/la-gomera-del-7-al-12-de-abril-de-2026-ultimo-pago\/","name":"La Gomera | Del 7 al 12 de Abril de 2026 | \u00daltimo pago - Turismo Bot\u00e1nico","isPartOf":{"@id":"https:\/\/turismobotanico.es\/#website"},"primaryImageOfPage":{"@id":"https:\/\/turismobotanico.es\/la-gomera-del-7-al-12-de-abril-de-2026-ultimo-pago\/#primaryimage"},"image":{"@id":"https:\/\/turismobotanico.es\/la-gomera-del-7-al-12-de-abril-de-2026-ultimo-pago\/#primaryimage"},"thumbnailUrl":"https:\/\/turismobotanico.es\/wp-content\/uploads\/2025\/12\/La-Gomera-Canary-Islands-Spain.jpeg","datePublished":"2025-12-02T09:03:57+00:00","dateModified":"2026-03-04T11:46:42+00:00","description":"Nos vamos a conocer el bosque mejor conservado de Europa. Nos espera la Sierra del Caurel. Un para\u00edso escondido repleto de orqu\u00eddeas.","breadcrumb":{"@id":"https:\/\/turismobotanico.es\/la-gomera-del-7-al-12-de-abril-de-2026-ultimo-pago\/#breadcrumb"},"inLanguage":"en-US","potentialAction":[{"@type":"ReadAction","target":["https:\/\/turismobotanico.es\/la-gomera-del-7-al-12-de-abril-de-2026-ultimo-pago\/"]}]},{"@type":"ImageObject","inLanguage":"en-US","@id":"https:\/\/turismobotanico.es\/la-gomera-del-7-al-12-de-abril-de-2026-ultimo-pago\/#primaryimage","url":"https:\/\/turismobotanico.es\/wp-content\/uploads\/2025\/12\/La-Gomera-Canary-Islands-Spain.jpeg","contentUrl":"https:\/\/turismobotanico.es\/wp-content\/uploads\/2025\/12\/La-Gomera-Canary-Islands-Spain.jpeg","width":736,"height":609},{"@type":"BreadcrumbList","@id":"https:\/\/turismobotanico.es\/la-gomera-del-7-al-12-de-abril-de-2026-ultimo-pago\/#breadcrumb","itemListElement":[{"@type":"ListItem","position":1,"name":"Portada","item":"https:\/\/turismobotanico.es\/"},{"@type":"ListItem","position":2,"name":"Tienda","item":"https:\/\/turismobotanico.es\/tienda\/"},{"@type":"ListItem","position":3,"name":"La Gomera | Del 7 al 12 de Abril de 2026 | \u00daltimo pago"}]},{"@type":"WebSite","@id":"https:\/\/turismobotanico.es\/#website","url":"https:\/\/turismobotanico.es\/","name":"Turismo Bot\u00e1nico","description":"Turismo de naturaleza","potentialAction":[{"@type":"SearchAction","target":{"@type":"EntryPoint","urlTemplate":"https:\/\/turismobotanico.es\/?s={search_term_string}"},"query-input":{"@type":"PropertyValueSpecification","valueRequired":true,"valueName":"search_term_string"}}],"inLanguage":"en-US"}]}},"_links":{"self":[{"href":"https:\/\/turismobotanico.es\/en\/wp-json\/wp\/v2\/product\/17582","targetHints":{"allow":["GET"]}}],"collection":[{"href":"https:\/\/turismobotanico.es\/en\/wp-json\/wp\/v2\/product"}],"about":[{"href":"https:\/\/turismobotanico.es\/en\/wp-json\/wp\/v2\/types\/product"}],"replies":[{"embeddable":true,"href":"https:\/\/turismobotanico.es\/en\/wp-json\/wp\/v2\/comments?post=17582"}],"version-history":[{"count":6,"href":"https:\/\/turismobotanico.es\/en\/wp-json\/wp\/v2\/product\/17582\/revisions"}],"predecessor-version":[{"id":20388,"href":"https:\/\/turismobotanico.es\/en\/wp-json\/wp\/v2\/product\/17582\/revisions\/20388"}],"wp:featuredmedia":[{"embeddable":true,"href":"https:\/\/turismobotanico.es\/en\/wp-json\/wp\/v2\/media\/17573"}],"wp:attachment":[{"href":"https:\/\/turismobotanico.es\/en\/wp-json\/wp\/v2\/media?parent=17582"}],"wp:term":[{"taxonomy":"product_brand","embeddable":true,"href":"https:\/\/turismobotanico.es\/en\/wp-json\/wp\/v2\/product_brand?post=17582"},{"taxonomy":"product_cat","embeddable":true,"href":"https:\/\/turismobotanico.es\/en\/wp-json\/wp\/v2\/product_cat?post=17582"},{"taxonomy":"product_tag","embeddable":true,"href":"https:\/\/turismobotanico.es\/en\/wp-json\/wp\/v2\/product_tag?post=17582"}],"curies":[{"name":"wp","href":"https:\/\/api.w.org\/{rel}","templated":true}]}}