{"id":17605,"date":"2025-12-02T10:17:34","date_gmt":"2025-12-02T10:17:34","guid":{"rendered":"https:\/\/turismobotanico.es\/?post_type=product&#038;p=17605"},"modified":"2026-03-10T10:01:51","modified_gmt":"2026-03-10T10:01:51","slug":"isla-del-hierro-del-07-al-12-de-abril-de-2026-pago-4","status":"publish","type":"product","link":"https:\/\/turismobotanico.es\/en\/isla-del-hierro-del-07-al-12-de-abril-de-2026-pago-4\/","title":{"rendered":"Isla del Hierro| Del 07 al 12 de Abril de 2026| Pago 4"},"content":{"rendered":"<p><a href=\"https:\/\/turismobotanico.es\/wp-content\/uploads\/2025\/12\/El-Hierro_2026.pdf\">VER EL PROGRAMA COMPLETO (RECOMENDADO).<\/a><\/p>\n<p><strong>UNA ISLA VOLC\u00c1NICA QUE TODAV\u00cdA NO HA TERMINADO DE FORMARSE<\/strong><\/p>\n<p data-start=\"502\" data-end=\"560\">Las fiestas de primavera de 2026 ser\u00e1n ideales para disfrutar de esta estaci\u00f3n en el para\u00edso de las islas Canarias. <strong>\u00bfOs apetece viajar a una isla volc\u00e1nica?<\/strong>. Y, adem\u00e1s de eso, viajar a una de las islas canarias m\u00e1s remotas. La Isla del Hierro se trata de la isla m\u00e1s occidental, cuyos paisajes son cambiantes y cuya vegetaci\u00f3n y naturaleza nos deleita con una enorme biodiversidad.<\/p>\n<p data-start=\"502\" data-end=\"560\">Tendremos este viaje para descubrirla a fondo. Caminatas por todos sus rincones nos esperan. Paisajes grandiosos nos hablar\u00e1n de la historia geol\u00f3gica de esta isla, y especies vegetales nos descubrir\u00e1n la historia m\u00e1s reciente. Una cultura \u00fanica y una orograf\u00eda caprichosa.<\/p>\n<p data-start=\"502\" data-end=\"560\">Al meter todos estos ingredientes en la coctelera, nos resulta un viaje espectacular con el que os queremos sorprender. An\u00edmate a pasar unas fiestas de primavera diferentes en un lugar especial.<\/p>\n<p data-start=\"502\" data-end=\"560\">Cada uno de los d\u00edas estar\u00e1n dedicados a uno de los elementos importantes de la isla. El agua, los bosques, los volcanes, el golfo y el fin del mundo ser\u00e1n los temas que nutran cada uno de los d\u00edas de nuestra estancia en la maravillosa isla del Hierro.<\/p>\n<p>PRECIO POR PERSONA CON VUELOS, 4 NOCHES DE ALOJAMIENTO (MEDIA PENSI\u00d3N) Y 1 NOCHE CON DESAYUNO, GUIAS DE NATURALEZA, ENTRADAS A TODOS LOS CENTROS DE INTERPRETACI\u00d3N INCLU\u00cdDOS, SEGURO DE ACCIDENTES, DE VIAJE, DE CANCELACI\u00d3N Y DE RESPONSABILIDAD CIVIL: 1450\u20ac<\/p>\n<p>El alojamiento es\u00a0en habitaci\u00f3n doble.\u00a0Si vas solo, tendr\u00e1s que pagar el suplemento de\u00a0<strong>habitaci\u00f3n individual: 200\u20ac<\/strong>. A\u00f1\u00e1delo al carrito, desde la parte de abajo de la p\u00e1gina, en el siguiente paso de la reserva.<\/p>\n<p><a href=\"https:\/\/www.bujaldon-sl.com\/productos\/certificado\/prime-2-0-copia\">PUEDE CONSULTAR LAS CONDICIONES DE ESTE SEGURO DE CANCELACI\u00d3N CLICANDO AQU\u00cd<\/a><\/p>\n<p><a href=\"https:\/\/turismobotanico.es\/en\/politica-de-cancelaciones\/\">PUEDES CONSULTAR AQU\u00cd NUESTRA POL\u00cdTICA DE CANCELACIONES<\/a><\/p>","protected":false},"excerpt":{"rendered":"<p><a href=\"https:\/\/turismobotanico.es\/wp-content\/uploads\/2025\/12\/El-Hierro_2026.pdf\">VER EL PROGRAMA COMPLETO (RECOMENDADO).<\/a><\/p>\n<p><strong>UNA ISLA VOLC\u00c1NICA QUE TODAV\u00cdA NO HA TERMINADO DE FORMARSE<\/strong><\/p>\n<p data-start=\"502\" data-end=\"560\">Las fiestas de primavera de 2026 ser\u00e1n ideales para disfrutar de esta estaci\u00f3n en el para\u00edso de las islas Canarias. <strong>\u00bfOs apetece viajar a una isla volc\u00e1nica?<\/strong>. Y, adem\u00e1s de eso, viajar a una de las islas canarias m\u00e1s remotas. La Isla del Hierro se trata de la isla m\u00e1s occidental, cuyos paisajes son cambiantes y cuya vegetaci\u00f3n y naturaleza nos deleita con una enorme biodiversidad.<\/p>\n<p data-start=\"502\" data-end=\"560\">Tendremos este viaje para descubrirla a fondo. Caminatas por todos sus rincones nos esperan. Paisajes grandiosos nos hablar\u00e1n de la historia geol\u00f3gica de esta isla, y especies vegetales nos descubrir\u00e1n la historia m\u00e1s reciente. Una cultura \u00fanica y una orograf\u00eda caprichosa.<\/p>\n<p data-start=\"502\" data-end=\"560\">Al meter todos estos ingredientes en la coctelera, nos resulta un viaje espectacular con el que os queremos sorprender. An\u00edmate a pasar unas fiestas de primavera diferentes en un lugar especial.<\/p>\n<p data-start=\"502\" data-end=\"560\">Cada uno de los d\u00edas estar\u00e1n dedicados a uno de los elementos importantes de la isla. El agua, los bosques, los volcanes, el golfo y el fin del mundo ser\u00e1n los temas que nutran cada uno de los d\u00edas de nuestra estancia en la maravillosa isla del Hierro.<\/p>\n<p>PRECIO POR PERSONA CON VUELOS, 4 NOCHES DE ALOJAMIENTO (MEDIA PENSI\u00d3N) Y 1 NOCHE CON DESAYUNO, GUIAS DE NATURALEZA, ENTRADAS A TODOS LOS CENTROS DE INTERPRETACI\u00d3N INCLU\u00cdDOS, SEGURO DE ACCIDENTES, DE VIAJE, DE CANCELACI\u00d3N Y DE RESPONSABILIDAD CIVIL: 1450\u20ac<\/p>\n<p>El alojamiento es\u00a0en habitaci\u00f3n doble.\u00a0Si vas solo, tendr\u00e1s que pagar el suplemento de\u00a0<strong>habitaci\u00f3n individual: 200\u20ac<\/strong>. A\u00f1\u00e1delo al carrito, desde la parte de abajo de la p\u00e1gina, en el siguiente paso de la reserva.<\/p>\n<p><a href=\"https:\/\/www.bujaldon-sl.com\/productos\/certificado\/prime-2-0-copia\">PUEDE CONSULTAR LAS CONDICIONES DE ESTE SEGURO DE CANCELACI\u00d3N CLICANDO AQU\u00cd<\/a><\/p>\n<p><a href=\"https:\/\/turismobotanico.es\/en\/politica-de-cancelaciones\/\">PUEDES CONSULTAR AQU\u00cd NUESTRA POL\u00cdTICA DE CANCELACIONES<\/a><\/p>","protected":false},"featured_media":17588,"comment_status":"closed","ping_status":"closed","template":"","meta":[],"product_brand":[],"product_cat":[115],"product_tag":[],"class_list":{"0":"post-17605","1":"product","2":"type-product","3":"status-publish","4":"has-post-thumbnail","6":"product_cat-sin-categoria","8":"first","9":"instock","10":"virtual","11":"purchasable","12":"product-type-simple"},"yoast_head":"<!-- This site is optimized with the Yoast SEO plugin v27.5 - https:\/\/yoast.com\/product\/yoast-seo-wordpress\/ -->\n<title>Isla del Hierro| Del 07 al 12 de Abril de 2026| Pago 4 - Turismo Bot\u00e1nico<\/title>\n<meta name=\"description\" content=\"Descubre la Isla del Hierro en Canarias: una experiencia inolvidable recorriendo volcanes, vi\u00f1edos y playas paradis\u00edacas. Es tu turno de disfrutar.\" \/>\n<meta name=\"robots\" content=\"index, follow, max-snippet:-1, max-image-preview:large, max-video-preview:-1\" \/>\n<link rel=\"canonical\" href=\"https:\/\/turismobotanico.es\/en\/isla-del-hierro-del-07-al-12-de-abril-de-2026-pago-4\/\" \/>\n<meta property=\"og:locale\" content=\"en_US\" \/>\n<meta property=\"og:type\" content=\"article\" \/>\n<meta property=\"og:title\" content=\"Isla del Hierro| Del 07 al 12 de Abril de 2026| Pago 4 - Turismo Bot\u00e1nico\" \/>\n<meta property=\"og:description\" content=\"Descubre la Isla del Hierro en Canarias: una experiencia inolvidable recorriendo volcanes, vi\u00f1edos y playas paradis\u00edacas. Es tu turno de disfrutar.\" \/>\n<meta property=\"og:url\" content=\"https:\/\/turismobotanico.es\/en\/isla-del-hierro-del-07-al-12-de-abril-de-2026-pago-4\/\" \/>\n<meta property=\"og:site_name\" content=\"Turismo Bot\u00e1nico\" \/>\n<meta property=\"article:modified_time\" content=\"2026-03-10T10:01:51+00:00\" \/>\n<meta property=\"og:image\" content=\"https:\/\/turismobotanico.es\/wp-content\/uploads\/2025\/12\/Reportaje-El-Hierro-la-ultima-isla-antes-del-fin-del-mundo-El-Corso-_-Revista-Cultural-Online.jpeg\" \/>\n\t<meta property=\"og:image:width\" content=\"576\" \/>\n\t<meta property=\"og:image:height\" content=\"768\" \/>\n\t<meta property=\"og:image:type\" content=\"image\/jpeg\" \/>\n<meta name=\"twitter:card\" content=\"summary_large_image\" \/>\n<meta name=\"twitter:label1\" content=\"Est. reading time\" \/>\n\t<meta name=\"twitter:data1\" content=\"2 minutes\" \/>\n<script type=\"application\/ld+json\" class=\"yoast-schema-graph\">{\"@context\":\"https:\\\/\\\/schema.org\",\"@graph\":[{\"@type\":\"WebPage\",\"@id\":\"https:\\\/\\\/turismobotanico.es\\\/isla-del-hierro-del-07-al-12-de-abril-de-2026-pago-4\\\/\",\"url\":\"https:\\\/\\\/turismobotanico.es\\\/isla-del-hierro-del-07-al-12-de-abril-de-2026-pago-4\\\/\",\"name\":\"Isla del Hierro| Del 07 al 12 de Abril de 2026| Pago 4 - Turismo Bot\u00e1nico\",\"isPartOf\":{\"@id\":\"https:\\\/\\\/turismobotanico.es\\\/#website\"},\"primaryImageOfPage\":{\"@id\":\"https:\\\/\\\/turismobotanico.es\\\/isla-del-hierro-del-07-al-12-de-abril-de-2026-pago-4\\\/#primaryimage\"},\"image\":{\"@id\":\"https:\\\/\\\/turismobotanico.es\\\/isla-del-hierro-del-07-al-12-de-abril-de-2026-pago-4\\\/#primaryimage\"},\"thumbnailUrl\":\"https:\\\/\\\/turismobotanico.es\\\/wp-content\\\/uploads\\\/2025\\\/12\\\/Reportaje-El-Hierro-la-ultima-isla-antes-del-fin-del-mundo-El-Corso-_-Revista-Cultural-Online.jpeg\",\"datePublished\":\"2025-12-02T10:17:34+00:00\",\"dateModified\":\"2026-03-10T10:01:51+00:00\",\"description\":\"Descubre la Isla del Hierro en Canarias: una experiencia inolvidable recorriendo volcanes, vi\u00f1edos y playas paradis\u00edacas. Es tu turno de disfrutar.\",\"breadcrumb\":{\"@id\":\"https:\\\/\\\/turismobotanico.es\\\/isla-del-hierro-del-07-al-12-de-abril-de-2026-pago-4\\\/#breadcrumb\"},\"inLanguage\":\"en-US\",\"potentialAction\":[{\"@type\":\"ReadAction\",\"target\":[\"https:\\\/\\\/turismobotanico.es\\\/isla-del-hierro-del-07-al-12-de-abril-de-2026-pago-4\\\/\"]}]},{\"@type\":\"ImageObject\",\"inLanguage\":\"en-US\",\"@id\":\"https:\\\/\\\/turismobotanico.es\\\/isla-del-hierro-del-07-al-12-de-abril-de-2026-pago-4\\\/#primaryimage\",\"url\":\"https:\\\/\\\/turismobotanico.es\\\/wp-content\\\/uploads\\\/2025\\\/12\\\/Reportaje-El-Hierro-la-ultima-isla-antes-del-fin-del-mundo-El-Corso-_-Revista-Cultural-Online.jpeg\",\"contentUrl\":\"https:\\\/\\\/turismobotanico.es\\\/wp-content\\\/uploads\\\/2025\\\/12\\\/Reportaje-El-Hierro-la-ultima-isla-antes-del-fin-del-mundo-El-Corso-_-Revista-Cultural-Online.jpeg\",\"width\":576,\"height\":768},{\"@type\":\"BreadcrumbList\",\"@id\":\"https:\\\/\\\/turismobotanico.es\\\/isla-del-hierro-del-07-al-12-de-abril-de-2026-pago-4\\\/#breadcrumb\",\"itemListElement\":[{\"@type\":\"ListItem\",\"position\":1,\"name\":\"Portada\",\"item\":\"https:\\\/\\\/turismobotanico.es\\\/\"},{\"@type\":\"ListItem\",\"position\":2,\"name\":\"Tienda\",\"item\":\"https:\\\/\\\/turismobotanico.es\\\/tienda\\\/\"},{\"@type\":\"ListItem\",\"position\":3,\"name\":\"Isla del Hierro| Del 07 al 12 de Abril de 2026| Pago 4\"}]},{\"@type\":\"WebSite\",\"@id\":\"https:\\\/\\\/turismobotanico.es\\\/#website\",\"url\":\"https:\\\/\\\/turismobotanico.es\\\/\",\"name\":\"Turismo Bot\u00e1nico\",\"description\":\"Turismo de naturaleza\",\"potentialAction\":[{\"@type\":\"SearchAction\",\"target\":{\"@type\":\"EntryPoint\",\"urlTemplate\":\"https:\\\/\\\/turismobotanico.es\\\/?s={search_term_string}\"},\"query-input\":{\"@type\":\"PropertyValueSpecification\",\"valueRequired\":true,\"valueName\":\"search_term_string\"}}],\"inLanguage\":\"en-US\"}]}<\/script>\n<!-- \/ Yoast SEO plugin. -->","yoast_head_json":{"title":"Isla del Hierro| Del 07 al 12 de Abril de 2026| Pago 4 - Turismo Bot\u00e1nico","description":"Descubre la Isla del Hierro en Canarias: una experiencia inolvidable recorriendo volcanes, vi\u00f1edos y playas paradis\u00edacas. Es tu turno de disfrutar.","robots":{"index":"index","follow":"follow","max-snippet":"max-snippet:-1","max-image-preview":"max-image-preview:large","max-video-preview":"max-video-preview:-1"},"canonical":"https:\/\/turismobotanico.es\/en\/isla-del-hierro-del-07-al-12-de-abril-de-2026-pago-4\/","og_locale":"en_US","og_type":"article","og_title":"Isla del Hierro| Del 07 al 12 de Abril de 2026| Pago 4 - Turismo Bot\u00e1nico","og_description":"Descubre la Isla del Hierro en Canarias: una experiencia inolvidable recorriendo volcanes, vi\u00f1edos y playas paradis\u00edacas. Es tu turno de disfrutar.","og_url":"https:\/\/turismobotanico.es\/en\/isla-del-hierro-del-07-al-12-de-abril-de-2026-pago-4\/","og_site_name":"Turismo Bot\u00e1nico","article_modified_time":"2026-03-10T10:01:51+00:00","og_image":[{"width":576,"height":768,"url":"https:\/\/turismobotanico.es\/wp-content\/uploads\/2025\/12\/Reportaje-El-Hierro-la-ultima-isla-antes-del-fin-del-mundo-El-Corso-_-Revista-Cultural-Online.jpeg","type":"image\/jpeg"}],"twitter_card":"summary_large_image","twitter_misc":{"Est. reading time":"2 minutes"},"schema":{"@context":"https:\/\/schema.org","@graph":[{"@type":"WebPage","@id":"https:\/\/turismobotanico.es\/isla-del-hierro-del-07-al-12-de-abril-de-2026-pago-4\/","url":"https:\/\/turismobotanico.es\/isla-del-hierro-del-07-al-12-de-abril-de-2026-pago-4\/","name":"Isla del Hierro| Del 07 al 12 de Abril de 2026| Pago 4 - Turismo Bot\u00e1nico","isPartOf":{"@id":"https:\/\/turismobotanico.es\/#website"},"primaryImageOfPage":{"@id":"https:\/\/turismobotanico.es\/isla-del-hierro-del-07-al-12-de-abril-de-2026-pago-4\/#primaryimage"},"image":{"@id":"https:\/\/turismobotanico.es\/isla-del-hierro-del-07-al-12-de-abril-de-2026-pago-4\/#primaryimage"},"thumbnailUrl":"https:\/\/turismobotanico.es\/wp-content\/uploads\/2025\/12\/Reportaje-El-Hierro-la-ultima-isla-antes-del-fin-del-mundo-El-Corso-_-Revista-Cultural-Online.jpeg","datePublished":"2025-12-02T10:17:34+00:00","dateModified":"2026-03-10T10:01:51+00:00","description":"Descubre la Isla del Hierro en Canarias: una experiencia inolvidable recorriendo volcanes, vi\u00f1edos y playas paradis\u00edacas. Es tu turno de disfrutar.","breadcrumb":{"@id":"https:\/\/turismobotanico.es\/isla-del-hierro-del-07-al-12-de-abril-de-2026-pago-4\/#breadcrumb"},"inLanguage":"en-US","potentialAction":[{"@type":"ReadAction","target":["https:\/\/turismobotanico.es\/isla-del-hierro-del-07-al-12-de-abril-de-2026-pago-4\/"]}]},{"@type":"ImageObject","inLanguage":"en-US","@id":"https:\/\/turismobotanico.es\/isla-del-hierro-del-07-al-12-de-abril-de-2026-pago-4\/#primaryimage","url":"https:\/\/turismobotanico.es\/wp-content\/uploads\/2025\/12\/Reportaje-El-Hierro-la-ultima-isla-antes-del-fin-del-mundo-El-Corso-_-Revista-Cultural-Online.jpeg","contentUrl":"https:\/\/turismobotanico.es\/wp-content\/uploads\/2025\/12\/Reportaje-El-Hierro-la-ultima-isla-antes-del-fin-del-mundo-El-Corso-_-Revista-Cultural-Online.jpeg","width":576,"height":768},{"@type":"BreadcrumbList","@id":"https:\/\/turismobotanico.es\/isla-del-hierro-del-07-al-12-de-abril-de-2026-pago-4\/#breadcrumb","itemListElement":[{"@type":"ListItem","position":1,"name":"Portada","item":"https:\/\/turismobotanico.es\/"},{"@type":"ListItem","position":2,"name":"Tienda","item":"https:\/\/turismobotanico.es\/tienda\/"},{"@type":"ListItem","position":3,"name":"Isla del Hierro| Del 07 al 12 de Abril de 2026| Pago 4"}]},{"@type":"WebSite","@id":"https:\/\/turismobotanico.es\/#website","url":"https:\/\/turismobotanico.es\/","name":"Turismo Bot\u00e1nico","description":"Turismo de naturaleza","potentialAction":[{"@type":"SearchAction","target":{"@type":"EntryPoint","urlTemplate":"https:\/\/turismobotanico.es\/?s={search_term_string}"},"query-input":{"@type":"PropertyValueSpecification","valueRequired":true,"valueName":"search_term_string"}}],"inLanguage":"en-US"}]}},"_links":{"self":[{"href":"https:\/\/turismobotanico.es\/en\/wp-json\/wp\/v2\/product\/17605","targetHints":{"allow":["GET"]}}],"collection":[{"href":"https:\/\/turismobotanico.es\/en\/wp-json\/wp\/v2\/product"}],"about":[{"href":"https:\/\/turismobotanico.es\/en\/wp-json\/wp\/v2\/types\/product"}],"replies":[{"embeddable":true,"href":"https:\/\/turismobotanico.es\/en\/wp-json\/wp\/v2\/comments?post=17605"}],"version-history":[{"count":5,"href":"https:\/\/turismobotanico.es\/en\/wp-json\/wp\/v2\/product\/17605\/revisions"}],"predecessor-version":[{"id":20425,"href":"https:\/\/turismobotanico.es\/en\/wp-json\/wp\/v2\/product\/17605\/revisions\/20425"}],"wp:featuredmedia":[{"embeddable":true,"href":"https:\/\/turismobotanico.es\/en\/wp-json\/wp\/v2\/media\/17588"}],"wp:attachment":[{"href":"https:\/\/turismobotanico.es\/en\/wp-json\/wp\/v2\/media?parent=17605"}],"wp:term":[{"taxonomy":"product_brand","embeddable":true,"href":"https:\/\/turismobotanico.es\/en\/wp-json\/wp\/v2\/product_brand?post=17605"},{"taxonomy":"product_cat","embeddable":true,"href":"https:\/\/turismobotanico.es\/en\/wp-json\/wp\/v2\/product_cat?post=17605"},{"taxonomy":"product_tag","embeddable":true,"href":"https:\/\/turismobotanico.es\/en\/wp-json\/wp\/v2\/product_tag?post=17605"}],"curies":[{"name":"wp","href":"https:\/\/api.w.org\/{rel}","templated":true}]}}