{"id":18049,"date":"2025-12-03T09:43:52","date_gmt":"2025-12-03T09:43:52","guid":{"rendered":"https:\/\/turismobotanico.es\/?post_type=product&#038;p=18049"},"modified":"2025-12-03T09:46:04","modified_gmt":"2025-12-03T09:46:04","slug":"valle-del-loira-del-27-al-31-de-mayo-de-2026-reserva","status":"publish","type":"product","link":"https:\/\/turismobotanico.es\/en\/valle-del-loira-del-27-al-31-de-mayo-de-2026-reserva\/","title":{"rendered":"Valle del Loira | Del 27 al 31 de Mayo de 2026 | Reserva"},"content":{"rendered":"<p><a href=\"https:\/\/turismobotanico.es\/wp-content\/uploads\/2025\/12\/Valle-Loira-Mayo-2026-1.pdf\">VER EL PROGRAMA COMPLETO (RECOMENDADO).<\/a><\/p>\n<p><strong>DESCUBRIENDO LA BELLEZA NATURAL Y CULTURAL DEL VALLE DEL LOIRA<\/strong><\/p>\n<p data-start=\"502\" data-end=\"560\">El valle del Loira es mundialmente conocido por sus castillos. Un rosario de construcciones majestuosas e imperiales que acompa\u00f1an a uno de los r\u00edos m\u00e1s ic\u00f3nicos del pa\u00eds galo. Pero, \u00bfy la parte natural? Os proponemos conocer los ecosistemas y la estrecha relaci\u00f3n humano-naturaleza que se ha originado en esta zona central de Francia.<\/p>\n<p data-start=\"502\" data-end=\"560\">Comenzaremos viendo las laderas que bordean al curso natural d\u00f3nde el mosaico entre bosques, pastos, cultivos y construcciones nos servir\u00e1 como primera muestra de nuestro viaje.<\/p>\n<p data-start=\"502\" data-end=\"560\">En la margen derecha del r\u00edo, y cerca de la bella poblaci\u00f3n de Saumur que ser\u00e1 nuestra base un par de noches, encontramos el bosque de nuestros antepasados. Una de las formaciones arb\u00f3reas m\u00e1s extensas que quedan actualmente en la zona y que pasearemos entre sus<br \/>\n\u00e1rboles, musgos y hojarasca.<\/p>\n<p data-start=\"502\" data-end=\"560\">Tambi\u00e9n son famosas las construcciones trogloditas. Visitaremos un poblado y veremos otros usos que se le han dado hist\u00f3rica y actualmente a estas casas en roca. A ello le sumaremos usos vegetales como la cultura del mimbre, el cultivo de la vid, del champi\u00f1\u00f3n o las huertas del Loira.<\/p>\n<p data-start=\"502\" data-end=\"560\">Y como plato estrella, la peque\u00f1a poblaci\u00f3n de Chedigny se engalana un a\u00f1o m\u00e1s para celebrar su festival de las rosas. Cualquier explicaci\u00f3n que podamos poner ser\u00e1 insuficiente para poder mostraros lo que vamos a ver. \u00bfQu\u00e9 mejor manera que visitarlo?<\/p>\n<p data-start=\"502\" data-end=\"560\">Mucho m\u00e1s que castillos, un r\u00edo repleto de cultura y biodiversidad.<\/p>\n<p>PRECIO POR PERSONA CON VUELOS, ALOJAMIENTO CON DESAYUNO Y CENA (4 NOCHES EN HABITACI\u00d3N DOBLE), VISITAS GUIADAS, ENTRADAS A LAS ATRACCIONES TUR\u00cdSTICAS, SEGURO DE ACCIDENTES, DE VIAJE, DE CANCELACI\u00d3N Y DE RESPONSABILIDAD CIVIL: 1220\u20ac<\/p>\n<p>El alojamiento es\u00a0en habitaci\u00f3n doble.\u00a0Si vas solo, tendr\u00e1s que pagar el suplemento de\u00a0<strong>habitaci\u00f3n individual: 250\u20ac<\/strong>. A\u00f1\u00e1delo al carrito, desde la parte de abajo de la p\u00e1gina, en el siguiente paso de la reserva.<\/p>\n<p><a href=\"https:\/\/www.bujaldon-sl.com\/productos\/certificado\/prime-2-0-copia\">PUEDE CONSULTAR LAS CONDICIONES DE ESTE SEGURO DE CANCELACI\u00d3N CLICANDO AQU\u00cd<\/a><\/p>\n<p><a href=\"https:\/\/turismobotanico.es\/en\/politica-de-cancelaciones\/\">PUEDES CONSULTAR AQU\u00cd NUESTRA POL\u00cdTICA DE CANCELACIONES<\/a><\/p>","protected":false},"excerpt":{"rendered":"<p><a href=\"https:\/\/turismobotanico.es\/wp-content\/uploads\/2025\/12\/Valle-Loira-Mayo-2026-1.pdf\">VER EL PROGRAMA COMPLETO (RECOMENDADO).<\/a><\/p>\n<p><strong>DESCUBRIENDO LA BELLEZA NATURAL Y CULTURAL DEL VALLE DEL LOIRA<\/strong><\/p>\n<p data-start=\"502\" data-end=\"560\">El valle del Loira es mundialmente conocido por sus castillos. Un rosario de construcciones majestuosas e imperiales que acompa\u00f1an a uno de los r\u00edos m\u00e1s ic\u00f3nicos del pa\u00eds galo. Pero, \u00bfy la parte natural? Os proponemos conocer los ecosistemas y la estrecha relaci\u00f3n humano-naturaleza que se ha originado en esta zona central de Francia.<\/p>\n<p data-start=\"502\" data-end=\"560\">Comenzaremos viendo las laderas que bordean al curso natural d\u00f3nde el mosaico entre bosques, pastos, cultivos y construcciones nos servir\u00e1 como primera muestra de nuestro viaje.<\/p>\n<p data-start=\"502\" data-end=\"560\">En la margen derecha del r\u00edo, y cerca de la bella poblaci\u00f3n de Saumur que ser\u00e1 nuestra base un par de noches, encontramos el bosque de nuestros antepasados. Una de las formaciones arb\u00f3reas m\u00e1s extensas que quedan actualmente en la zona y que pasearemos entre sus<br \/>\n\u00e1rboles, musgos y hojarasca.<\/p>\n<p data-start=\"502\" data-end=\"560\">Tambi\u00e9n son famosas las construcciones trogloditas. Visitaremos un poblado y veremos otros usos que se le han dado hist\u00f3rica y actualmente a estas casas en roca. A ello le sumaremos usos vegetales como la cultura del mimbre, el cultivo de la vid, del champi\u00f1\u00f3n o las huertas del Loira.<\/p>\n<p data-start=\"502\" data-end=\"560\">Y como plato estrella, la peque\u00f1a poblaci\u00f3n de Chedigny se engalana un a\u00f1o m\u00e1s para celebrar su festival de las rosas. Cualquier explicaci\u00f3n que podamos poner ser\u00e1 insuficiente para poder mostraros lo que vamos a ver. \u00bfQu\u00e9 mejor manera que visitarlo?<\/p>\n<p data-start=\"502\" data-end=\"560\">Mucho m\u00e1s que castillos, un r\u00edo repleto de cultura y biodiversidad.<\/p>\n<p>PRECIO POR PERSONA CON VUELOS, ALOJAMIENTO CON DESAYUNO Y CENA (4 NOCHES EN HABITACI\u00d3N DOBLE), VISITAS GUIADAS, ENTRADAS A LAS ATRACCIONES TUR\u00cdSTICAS, SEGURO DE ACCIDENTES, DE VIAJE, DE CANCELACI\u00d3N Y DE RESPONSABILIDAD CIVIL: 1220\u20ac<\/p>\n<p>El alojamiento es\u00a0en habitaci\u00f3n doble.\u00a0Si vas solo, tendr\u00e1s que pagar el suplemento de\u00a0<strong>habitaci\u00f3n individual: 250\u20ac<\/strong>. A\u00f1\u00e1delo al carrito, desde la parte de abajo de la p\u00e1gina, en el siguiente paso de la reserva.<\/p>\n<p><a href=\"https:\/\/www.bujaldon-sl.com\/productos\/certificado\/prime-2-0-copia\">PUEDE CONSULTAR LAS CONDICIONES DE ESTE SEGURO DE CANCELACI\u00d3N CLICANDO AQU\u00cd<\/a><\/p>\n<p><a href=\"https:\/\/turismobotanico.es\/en\/politica-de-cancelaciones\/\">PUEDES CONSULTAR AQU\u00cd NUESTRA POL\u00cdTICA DE CANCELACIONES<\/a><\/p>","protected":false},"featured_media":18042,"comment_status":"open","ping_status":"closed","template":"","meta":[],"product_brand":[],"product_cat":[115],"product_tag":[],"class_list":{"0":"post-18049","1":"product","2":"type-product","3":"status-publish","4":"has-post-thumbnail","6":"product_cat-sin-categoria","8":"first","9":"instock","10":"virtual","11":"purchasable","12":"product-type-simple"},"yoast_head":"<!-- This site is optimized with the Yoast SEO plugin v27.5 - https:\/\/yoast.com\/product\/yoast-seo-wordpress\/ -->\n<title>Valle del Loira | Del 27 al 31 de Mayo de 2026 | Reserva - Turismo Bot\u00e1nico<\/title>\n<meta name=\"description\" content=\"Ven a descubrir una de las zonas m\u00e1s incre\u00edbles de Francia: El Valle del Loira. Castillos, pueblos trogloditas, vi\u00f1edos, naturaleza y mucho m\u00e1s por conocer.\" \/>\n<meta name=\"robots\" content=\"index, follow, max-snippet:-1, max-image-preview:large, max-video-preview:-1\" \/>\n<link rel=\"canonical\" href=\"https:\/\/turismobotanico.es\/en\/valle-del-loira-del-27-al-31-de-mayo-de-2026-reserva\/\" \/>\n<meta property=\"og:locale\" content=\"en_US\" \/>\n<meta property=\"og:type\" content=\"article\" \/>\n<meta property=\"og:title\" content=\"Valle del Loira | Del 27 al 31 de Mayo de 2026 | Reserva - Turismo Bot\u00e1nico\" \/>\n<meta property=\"og:description\" content=\"Ven a descubrir una de las zonas m\u00e1s incre\u00edbles de Francia: El Valle del Loira. Castillos, pueblos trogloditas, vi\u00f1edos, naturaleza y mucho m\u00e1s por conocer.\" \/>\n<meta property=\"og:url\" content=\"https:\/\/turismobotanico.es\/en\/valle-del-loira-del-27-al-31-de-mayo-de-2026-reserva\/\" \/>\n<meta property=\"og:site_name\" content=\"Turismo Bot\u00e1nico\" \/>\n<meta property=\"article:modified_time\" content=\"2025-12-03T09:46:04+00:00\" \/>\n<meta property=\"og:image\" content=\"https:\/\/turismobotanico.es\/wp-content\/uploads\/2025\/12\/Chateau-de-Saumur-Maine-et-Loire-Pays-de-la-Loire-Franta.jpeg\" \/>\n\t<meta property=\"og:image:width\" content=\"735\" \/>\n\t<meta property=\"og:image:height\" content=\"490\" \/>\n\t<meta property=\"og:image:type\" content=\"image\/jpeg\" \/>\n<meta name=\"twitter:card\" content=\"summary_large_image\" \/>\n<meta name=\"twitter:label1\" content=\"Est. reading time\" \/>\n\t<meta name=\"twitter:data1\" content=\"2 minutes\" \/>\n<script type=\"application\/ld+json\" class=\"yoast-schema-graph\">{\"@context\":\"https:\\\/\\\/schema.org\",\"@graph\":[{\"@type\":\"WebPage\",\"@id\":\"https:\\\/\\\/turismobotanico.es\\\/valle-del-loira-del-27-al-31-de-mayo-de-2026-reserva\\\/\",\"url\":\"https:\\\/\\\/turismobotanico.es\\\/valle-del-loira-del-27-al-31-de-mayo-de-2026-reserva\\\/\",\"name\":\"Valle del Loira | Del 27 al 31 de Mayo de 2026 | Reserva - Turismo Bot\u00e1nico\",\"isPartOf\":{\"@id\":\"https:\\\/\\\/turismobotanico.es\\\/#website\"},\"primaryImageOfPage\":{\"@id\":\"https:\\\/\\\/turismobotanico.es\\\/valle-del-loira-del-27-al-31-de-mayo-de-2026-reserva\\\/#primaryimage\"},\"image\":{\"@id\":\"https:\\\/\\\/turismobotanico.es\\\/valle-del-loira-del-27-al-31-de-mayo-de-2026-reserva\\\/#primaryimage\"},\"thumbnailUrl\":\"https:\\\/\\\/turismobotanico.es\\\/wp-content\\\/uploads\\\/2025\\\/12\\\/Chateau-de-Saumur-Maine-et-Loire-Pays-de-la-Loire-Franta.jpeg\",\"datePublished\":\"2025-12-03T09:43:52+00:00\",\"dateModified\":\"2025-12-03T09:46:04+00:00\",\"description\":\"Ven a descubrir una de las zonas m\u00e1s incre\u00edbles de Francia: El Valle del Loira. Castillos, pueblos trogloditas, vi\u00f1edos, naturaleza y mucho m\u00e1s por conocer.\",\"breadcrumb\":{\"@id\":\"https:\\\/\\\/turismobotanico.es\\\/valle-del-loira-del-27-al-31-de-mayo-de-2026-reserva\\\/#breadcrumb\"},\"inLanguage\":\"en-US\",\"potentialAction\":[{\"@type\":\"ReadAction\",\"target\":[\"https:\\\/\\\/turismobotanico.es\\\/valle-del-loira-del-27-al-31-de-mayo-de-2026-reserva\\\/\"]}]},{\"@type\":\"ImageObject\",\"inLanguage\":\"en-US\",\"@id\":\"https:\\\/\\\/turismobotanico.es\\\/valle-del-loira-del-27-al-31-de-mayo-de-2026-reserva\\\/#primaryimage\",\"url\":\"https:\\\/\\\/turismobotanico.es\\\/wp-content\\\/uploads\\\/2025\\\/12\\\/Chateau-de-Saumur-Maine-et-Loire-Pays-de-la-Loire-Franta.jpeg\",\"contentUrl\":\"https:\\\/\\\/turismobotanico.es\\\/wp-content\\\/uploads\\\/2025\\\/12\\\/Chateau-de-Saumur-Maine-et-Loire-Pays-de-la-Loire-Franta.jpeg\",\"width\":735,\"height\":490,\"caption\":\"Ch\u00e2teau de Saumur\"},{\"@type\":\"BreadcrumbList\",\"@id\":\"https:\\\/\\\/turismobotanico.es\\\/valle-del-loira-del-27-al-31-de-mayo-de-2026-reserva\\\/#breadcrumb\",\"itemListElement\":[{\"@type\":\"ListItem\",\"position\":1,\"name\":\"Portada\",\"item\":\"https:\\\/\\\/turismobotanico.es\\\/\"},{\"@type\":\"ListItem\",\"position\":2,\"name\":\"Tienda\",\"item\":\"https:\\\/\\\/turismobotanico.es\\\/tienda\\\/\"},{\"@type\":\"ListItem\",\"position\":3,\"name\":\"Valle del Loira | Del 27 al 31 de Mayo de 2026 | Reserva\"}]},{\"@type\":\"WebSite\",\"@id\":\"https:\\\/\\\/turismobotanico.es\\\/#website\",\"url\":\"https:\\\/\\\/turismobotanico.es\\\/\",\"name\":\"Turismo Bot\u00e1nico\",\"description\":\"Turismo de naturaleza\",\"potentialAction\":[{\"@type\":\"SearchAction\",\"target\":{\"@type\":\"EntryPoint\",\"urlTemplate\":\"https:\\\/\\\/turismobotanico.es\\\/?s={search_term_string}\"},\"query-input\":{\"@type\":\"PropertyValueSpecification\",\"valueRequired\":true,\"valueName\":\"search_term_string\"}}],\"inLanguage\":\"en-US\"}]}<\/script>\n<!-- \/ Yoast SEO plugin. -->","yoast_head_json":{"title":"Valle del Loira | Del 27 al 31 de Mayo de 2026 | Reserva - Turismo Bot\u00e1nico","description":"Ven a descubrir una de las zonas m\u00e1s incre\u00edbles de Francia: El Valle del Loira. Castillos, pueblos trogloditas, vi\u00f1edos, naturaleza y mucho m\u00e1s por conocer.","robots":{"index":"index","follow":"follow","max-snippet":"max-snippet:-1","max-image-preview":"max-image-preview:large","max-video-preview":"max-video-preview:-1"},"canonical":"https:\/\/turismobotanico.es\/en\/valle-del-loira-del-27-al-31-de-mayo-de-2026-reserva\/","og_locale":"en_US","og_type":"article","og_title":"Valle del Loira | Del 27 al 31 de Mayo de 2026 | Reserva - Turismo Bot\u00e1nico","og_description":"Ven a descubrir una de las zonas m\u00e1s incre\u00edbles de Francia: El Valle del Loira. Castillos, pueblos trogloditas, vi\u00f1edos, naturaleza y mucho m\u00e1s por conocer.","og_url":"https:\/\/turismobotanico.es\/en\/valle-del-loira-del-27-al-31-de-mayo-de-2026-reserva\/","og_site_name":"Turismo Bot\u00e1nico","article_modified_time":"2025-12-03T09:46:04+00:00","og_image":[{"width":735,"height":490,"url":"https:\/\/turismobotanico.es\/wp-content\/uploads\/2025\/12\/Chateau-de-Saumur-Maine-et-Loire-Pays-de-la-Loire-Franta.jpeg","type":"image\/jpeg"}],"twitter_card":"summary_large_image","twitter_misc":{"Est. reading time":"2 minutes"},"schema":{"@context":"https:\/\/schema.org","@graph":[{"@type":"WebPage","@id":"https:\/\/turismobotanico.es\/valle-del-loira-del-27-al-31-de-mayo-de-2026-reserva\/","url":"https:\/\/turismobotanico.es\/valle-del-loira-del-27-al-31-de-mayo-de-2026-reserva\/","name":"Valle del Loira | Del 27 al 31 de Mayo de 2026 | Reserva - Turismo Bot\u00e1nico","isPartOf":{"@id":"https:\/\/turismobotanico.es\/#website"},"primaryImageOfPage":{"@id":"https:\/\/turismobotanico.es\/valle-del-loira-del-27-al-31-de-mayo-de-2026-reserva\/#primaryimage"},"image":{"@id":"https:\/\/turismobotanico.es\/valle-del-loira-del-27-al-31-de-mayo-de-2026-reserva\/#primaryimage"},"thumbnailUrl":"https:\/\/turismobotanico.es\/wp-content\/uploads\/2025\/12\/Chateau-de-Saumur-Maine-et-Loire-Pays-de-la-Loire-Franta.jpeg","datePublished":"2025-12-03T09:43:52+00:00","dateModified":"2025-12-03T09:46:04+00:00","description":"Ven a descubrir una de las zonas m\u00e1s incre\u00edbles de Francia: El Valle del Loira. Castillos, pueblos trogloditas, vi\u00f1edos, naturaleza y mucho m\u00e1s por conocer.","breadcrumb":{"@id":"https:\/\/turismobotanico.es\/valle-del-loira-del-27-al-31-de-mayo-de-2026-reserva\/#breadcrumb"},"inLanguage":"en-US","potentialAction":[{"@type":"ReadAction","target":["https:\/\/turismobotanico.es\/valle-del-loira-del-27-al-31-de-mayo-de-2026-reserva\/"]}]},{"@type":"ImageObject","inLanguage":"en-US","@id":"https:\/\/turismobotanico.es\/valle-del-loira-del-27-al-31-de-mayo-de-2026-reserva\/#primaryimage","url":"https:\/\/turismobotanico.es\/wp-content\/uploads\/2025\/12\/Chateau-de-Saumur-Maine-et-Loire-Pays-de-la-Loire-Franta.jpeg","contentUrl":"https:\/\/turismobotanico.es\/wp-content\/uploads\/2025\/12\/Chateau-de-Saumur-Maine-et-Loire-Pays-de-la-Loire-Franta.jpeg","width":735,"height":490,"caption":"Ch\u00e2teau de Saumur"},{"@type":"BreadcrumbList","@id":"https:\/\/turismobotanico.es\/valle-del-loira-del-27-al-31-de-mayo-de-2026-reserva\/#breadcrumb","itemListElement":[{"@type":"ListItem","position":1,"name":"Portada","item":"https:\/\/turismobotanico.es\/"},{"@type":"ListItem","position":2,"name":"Tienda","item":"https:\/\/turismobotanico.es\/tienda\/"},{"@type":"ListItem","position":3,"name":"Valle del Loira | Del 27 al 31 de Mayo de 2026 | Reserva"}]},{"@type":"WebSite","@id":"https:\/\/turismobotanico.es\/#website","url":"https:\/\/turismobotanico.es\/","name":"Turismo Bot\u00e1nico","description":"Turismo de naturaleza","potentialAction":[{"@type":"SearchAction","target":{"@type":"EntryPoint","urlTemplate":"https:\/\/turismobotanico.es\/?s={search_term_string}"},"query-input":{"@type":"PropertyValueSpecification","valueRequired":true,"valueName":"search_term_string"}}],"inLanguage":"en-US"}]}},"_links":{"self":[{"href":"https:\/\/turismobotanico.es\/en\/wp-json\/wp\/v2\/product\/18049","targetHints":{"allow":["GET"]}}],"collection":[{"href":"https:\/\/turismobotanico.es\/en\/wp-json\/wp\/v2\/product"}],"about":[{"href":"https:\/\/turismobotanico.es\/en\/wp-json\/wp\/v2\/types\/product"}],"replies":[{"embeddable":true,"href":"https:\/\/turismobotanico.es\/en\/wp-json\/wp\/v2\/comments?post=18049"}],"version-history":[{"count":1,"href":"https:\/\/turismobotanico.es\/en\/wp-json\/wp\/v2\/product\/18049\/revisions"}],"predecessor-version":[{"id":18051,"href":"https:\/\/turismobotanico.es\/en\/wp-json\/wp\/v2\/product\/18049\/revisions\/18051"}],"wp:featuredmedia":[{"embeddable":true,"href":"https:\/\/turismobotanico.es\/en\/wp-json\/wp\/v2\/media\/18042"}],"wp:attachment":[{"href":"https:\/\/turismobotanico.es\/en\/wp-json\/wp\/v2\/media?parent=18049"}],"wp:term":[{"taxonomy":"product_brand","embeddable":true,"href":"https:\/\/turismobotanico.es\/en\/wp-json\/wp\/v2\/product_brand?post=18049"},{"taxonomy":"product_cat","embeddable":true,"href":"https:\/\/turismobotanico.es\/en\/wp-json\/wp\/v2\/product_cat?post=18049"},{"taxonomy":"product_tag","embeddable":true,"href":"https:\/\/turismobotanico.es\/en\/wp-json\/wp\/v2\/product_tag?post=18049"}],"curies":[{"name":"wp","href":"https:\/\/api.w.org\/{rel}","templated":true}]}}