{"id":18079,"date":"2025-12-03T11:18:18","date_gmt":"2025-12-03T11:18:18","guid":{"rendered":"https:\/\/turismobotanico.es\/?post_type=product&#038;p=18079"},"modified":"2026-01-08T10:08:02","modified_gmt":"2026-01-08T10:08:02","slug":"escocia-del-12-al-19-de-l-de-2026","status":"publish","type":"product","link":"https:\/\/turismobotanico.es\/en\/escocia-del-12-al-19-de-l-de-2026\/","title":{"rendered":"Escocia | Del 12 al 19 de Junio de 2026"},"content":{"rendered":"<p><a href=\"https:\/\/turismobotanico.es\/wp-content\/uploads\/2025\/12\/Highlands-Escocia-Junio-2026.pdf\">VER EL PROGRAMA COMPLETO (RECOMENDADO).<\/a><\/p>\n<p><strong>VIAJE DE NATURALEZA, SENDERISMO Y CULTURA A LAS TIERRAS ALTAS DE ESCOCIA<\/strong><\/p>\n<p>Hablar de Escocia y de sus gentes es hablar de la dureza de un clima hostil. De lo escarpado de sus monta\u00f1as. De lo agreste de su territorio. Pues todo eso tambi\u00e9n ha direccionado el devenir de su naturaleza. En concreto, si hablamos de las Highlands o tierras altas, entonces multipliquemos todo lo dicho.<\/p>\n<p>Os queremos mostrar las tierras altas de Escocia cumpliendo con ciertos imprescindibles, pero tambi\u00e9n mostrando esos sitios que no se suelen mostrar. Por ejemplo, el primer d\u00eda y para estirar las piernas, tomaremos contacto con Escocia a trav\u00e9s del bosque del ermita\u00f1o. Verde, agua y m\u00e1s verde para empezar.<\/p>\n<p>Cerca de Inverness, pasearemos por ecosistemas diferentes como el de p\u00e1ramo de Culloden Morr, el mosaico de granja y bosque o el ecosistema de playa atl\u00e1ntica. Por supuesto, visitaremos el lago Ness, pero por el otro lado. Por el que no suele ir la gente, y desde all\u00ed, veremos las Falls of Foyers. Tambi\u00e9n habr\u00e1 tiempo para comprar alg\u00fan recuerdo de Nessie, \u00bflo veremos?<\/p>\n<p>De camino a la isla de Skye, un gran desfiladero nos espera antes de pasear por el jard\u00edn bot\u00e1nico semi-tropical de Inverewe (si s\u00ed, tropical). Ya en Skye, haremos un recorrido en coche con paseos puntuales para intentar ver todos los rincones de esta isla.<\/p>\n<p>Y por \u00faltimo, antes de llegar a Edimburgo, haremos una ruta en el Valle Perdido de Glencoe, paisaje puramente Escoc\u00e9s ante nosotros.<\/p>\n<p><strong>Con falda o sin falda, viajaremos a la Escocia m\u00e1s profunda. \u00bfTe apuntas?<\/strong><\/p>\n<p>PRECIO POR PERSONA CON VUELOS, 7 NOCHES DE ALOJAMIENTO (DESAYUNO INCLUIDO), GUIAS DE NATURALEZA, ENTRADAS A TODOS LOS CENTROS DE INTERPRETACI\u00d3N INCLU\u00cdDOS, SEGURO DE ACCIDENTES, DE VIAJE, DE CANCELACI\u00d3N Y DE RESPONSABILIDAD CIVIL: <strong>2420\u20ac<\/strong><\/p>\n<p>El alojamiento es\u00a0en habitaci\u00f3n doble.\u00a0Si vas solo, tendr\u00e1s que pagar el suplemento de\u00a0<strong>habitaci\u00f3n individual: 400\u20ac<\/strong>. A\u00f1\u00e1delo al carrito, desde la parte de abajo de la p\u00e1gina, en el siguiente paso de la reserva.<\/p>\n<p><a href=\"https:\/\/www.bujaldon-sl.com\/productos\/certificado\/prime-2-0-copia\">PUEDE CONSULTAR LAS CONDICIONES DE ESTE SEGURO DE CANCELACI\u00d3N CLICANDO AQU\u00cd<\/a><\/p>\n<p><a href=\"https:\/\/turismobotanico.es\/en\/politica-de-cancelaciones\/\">PUEDES CONSULTAR AQU\u00cd NUESTRA POL\u00cdTICA DE CANCELACIONES<\/a><\/p>","protected":false},"excerpt":{"rendered":"<p><a href=\"https:\/\/turismobotanico.es\/wp-content\/uploads\/2025\/12\/Highlands-Escocia-Junio-2026.pdf\">VER EL PROGRAMA COMPLETO (RECOMENDADO).<\/a><\/p>\n<p><strong>VIAJE DE NATURALEZA, SENDERISMO Y CULTURA A LAS TIERRAS ALTAS DE ESCOCIA<\/strong><\/p>\n<p>Hablar de Escocia y de sus gentes es hablar de la dureza de un clima hostil. De lo escarpado de sus monta\u00f1as. De lo agreste de su territorio. Pues todo eso tambi\u00e9n ha direccionado el devenir de su naturaleza. En concreto, si hablamos de las Highlands o tierras altas, entonces multipliquemos todo lo dicho.<\/p>\n<p>Os queremos mostrar las tierras altas de Escocia cumpliendo con ciertos imprescindibles, pero tambi\u00e9n mostrando esos sitios que no se suelen mostrar. Por ejemplo, el primer d\u00eda y para estirar las piernas, tomaremos contacto con Escocia a trav\u00e9s del bosque del ermita\u00f1o. Verde,agua y m\u00e1s verde para empezar.<\/p>\n<p>Cerca de Inverness, pasearemos por ecosistemas diferentes como el de p\u00e1ramo de Culloden Morr, el mosaico de granja y bosque o el ecosistema de playa atl\u00e1ntica. Por supuesto, visitaremos el lago Ness, pero por el otro lado. Por el que no suele ir la gente, y desde all\u00ed, veremos las Falls of Foyers. Tambi\u00e9n habr\u00e1 tiempo para comprar alg\u00fan recuerdo de Nessie, \u00bflo veremos?<\/p>\n<p>De camino a la isla de Skye, un gran desfiladero nos espera antes de pasear por el jard\u00edn bot\u00e1nico semi-tropical de Inverewe (si s\u00ed, tropical). Ya en Skye, haremos un recorrido en coche con paseos puntuales para intentar ver todos los rincones de esta isla.<\/p>\n<p>Y por \u00faltimo, antes de llegar a Edimburgo, haremos una ruta en el Valle Perdido de Glencoe, paisaje puramente Escoc\u00e9s ante nosotros.<\/p>\n<p><strong>Con falda o sin falda, viajaremos a la Escocia m\u00e1s profunda. \u00bfTe apuntas?<\/strong><\/p>\n<p>PRECIO POR PERSONA CON VUELOS, 7 NOCHES DE ALOJAMIENTO (DESAYUNO INCLUIDO), GUIAS DE NATURALEZA, ENTRADAS A TODOS LOS CENTROS DE INTERPRETACI\u00d3N INCLU\u00cdDOS, SEGURO DE ACCIDENTES, DE VIAJE, DE CANCELACI\u00d3N Y DE RESPONSABILIDAD CIVIL: <strong>2420\u20ac<\/strong><\/p>\n<p>El alojamiento es\u00a0en habitaci\u00f3n doble.\u00a0Si vas solo, tendr\u00e1s que pagar el suplemento de\u00a0<strong>habitaci\u00f3n individual: 400\u20ac<\/strong>. A\u00f1\u00e1delo al carrito, desde la parte de abajo de la p\u00e1gina, en el siguiente paso de la reserva.<\/p>\n<p><a href=\"https:\/\/www.bujaldon-sl.com\/productos\/certificado\/prime-2-0-copia\">PUEDE CONSULTAR LAS CONDICIONES DE ESTE SEGURO DE CANCELACI\u00d3N CLICANDO AQU\u00cd<\/a><\/p>\n<p><a href=\"https:\/\/turismobotanico.es\/en\/politica-de-cancelaciones\/\">PUEDES CONSULTAR AQU\u00cd NUESTRA POL\u00cdTICA DE CANCELACIONES<\/a><\/p>","protected":false},"featured_media":18091,"comment_status":"closed","ping_status":"closed","template":"","meta":[],"product_brand":[],"product_cat":[54,55,45,62,106,53,132],"product_tag":[],"class_list":{"0":"post-18079","1":"product","2":"type-product","3":"status-publish","4":"has-post-thumbnail","6":"product_cat-albacete","7":"product_cat-alicante","8":"product_cat-destinos-por-region","9":"product_cat-escapadas-y-viajes-de-naturaleza-en-europa-y-el-mundo","10":"product_cat-europa","11":"product_cat-murcia","12":"product_cat-viajes-de-naturaleza","14":"first","15":"instock","16":"virtual","17":"purchasable","18":"product-type-simple"},"yoast_head":"<!-- This site is optimized with the Yoast SEO plugin v27.4 - https:\/\/yoast.com\/product\/yoast-seo-wordpress\/ -->\n<title>Escocia | Del 12 al 19 de Junio de 2026 - Turismo Bot\u00e1nico<\/title>\n<meta name=\"description\" content=\"\u00a1Ven a descubrir a Escocia al detalle! Paisajes impresionantes, el famoso Lago Ness, las Tierras Altas de Escocia, las principales ciudades, lagos y m\u00e1s...\" \/>\n<meta name=\"robots\" content=\"index, follow, max-snippet:-1, max-image-preview:large, max-video-preview:-1\" \/>\n<link rel=\"canonical\" href=\"https:\/\/turismobotanico.es\/en\/escocia-del-12-al-19-de-l-de-2026\/\" \/>\n<meta property=\"og:locale\" content=\"en_US\" \/>\n<meta property=\"og:type\" content=\"article\" \/>\n<meta property=\"og:title\" content=\"Escocia | Del 12 al 19 de Junio de 2026 - Turismo Bot\u00e1nico\" \/>\n<meta property=\"og:description\" content=\"\u00a1Ven a descubrir a Escocia al detalle! Paisajes impresionantes, el famoso Lago Ness, las Tierras Altas de Escocia, las principales ciudades, lagos y m\u00e1s...\" \/>\n<meta property=\"og:url\" content=\"https:\/\/turismobotanico.es\/en\/escocia-del-12-al-19-de-l-de-2026\/\" \/>\n<meta property=\"og:site_name\" content=\"Turismo Bot\u00e1nico\" \/>\n<meta property=\"article:modified_time\" content=\"2026-01-08T10:08:02+00:00\" \/>\n<meta property=\"og:image\" content=\"https:\/\/turismobotanico.es\/wp-content\/uploads\/2025\/12\/Portree.jpeg\" \/>\n\t<meta property=\"og:image:width\" content=\"736\" \/>\n\t<meta property=\"og:image:height\" content=\"981\" \/>\n\t<meta property=\"og:image:type\" content=\"image\/jpeg\" \/>\n<meta name=\"twitter:card\" content=\"summary_large_image\" \/>\n<meta name=\"twitter:label1\" content=\"Est. reading time\" \/>\n\t<meta name=\"twitter:data1\" content=\"2 minutes\" \/>\n<script type=\"application\/ld+json\" class=\"yoast-schema-graph\">{\"@context\":\"https:\\\/\\\/schema.org\",\"@graph\":[{\"@type\":\"WebPage\",\"@id\":\"https:\\\/\\\/turismobotanico.es\\\/escocia-del-12-al-19-de-l-de-2026\\\/\",\"url\":\"https:\\\/\\\/turismobotanico.es\\\/escocia-del-12-al-19-de-l-de-2026\\\/\",\"name\":\"Escocia | Del 12 al 19 de Junio de 2026 - Turismo Bot\u00e1nico\",\"isPartOf\":{\"@id\":\"https:\\\/\\\/turismobotanico.es\\\/#website\"},\"primaryImageOfPage\":{\"@id\":\"https:\\\/\\\/turismobotanico.es\\\/escocia-del-12-al-19-de-l-de-2026\\\/#primaryimage\"},\"image\":{\"@id\":\"https:\\\/\\\/turismobotanico.es\\\/escocia-del-12-al-19-de-l-de-2026\\\/#primaryimage\"},\"thumbnailUrl\":\"https:\\\/\\\/turismobotanico.es\\\/wp-content\\\/uploads\\\/2025\\\/12\\\/Portree.jpeg\",\"datePublished\":\"2025-12-03T11:18:18+00:00\",\"dateModified\":\"2026-01-08T10:08:02+00:00\",\"description\":\"\u00a1Ven a descubrir a Escocia al detalle! Paisajes impresionantes, el famoso Lago Ness, las Tierras Altas de Escocia, las principales ciudades, lagos y m\u00e1s...\",\"breadcrumb\":{\"@id\":\"https:\\\/\\\/turismobotanico.es\\\/escocia-del-12-al-19-de-l-de-2026\\\/#breadcrumb\"},\"inLanguage\":\"en-US\",\"potentialAction\":[{\"@type\":\"ReadAction\",\"target\":[\"https:\\\/\\\/turismobotanico.es\\\/escocia-del-12-al-19-de-l-de-2026\\\/\"]}]},{\"@type\":\"ImageObject\",\"inLanguage\":\"en-US\",\"@id\":\"https:\\\/\\\/turismobotanico.es\\\/escocia-del-12-al-19-de-l-de-2026\\\/#primaryimage\",\"url\":\"https:\\\/\\\/turismobotanico.es\\\/wp-content\\\/uploads\\\/2025\\\/12\\\/Portree.jpeg\",\"contentUrl\":\"https:\\\/\\\/turismobotanico.es\\\/wp-content\\\/uploads\\\/2025\\\/12\\\/Portree.jpeg\",\"width\":736,\"height\":981},{\"@type\":\"BreadcrumbList\",\"@id\":\"https:\\\/\\\/turismobotanico.es\\\/escocia-del-12-al-19-de-l-de-2026\\\/#breadcrumb\",\"itemListElement\":[{\"@type\":\"ListItem\",\"position\":1,\"name\":\"Portada\",\"item\":\"https:\\\/\\\/turismobotanico.es\\\/\"},{\"@type\":\"ListItem\",\"position\":2,\"name\":\"Tienda\",\"item\":\"https:\\\/\\\/turismobotanico.es\\\/tienda\\\/\"},{\"@type\":\"ListItem\",\"position\":3,\"name\":\"Escocia | Del 12 al 19 de Junio de 2026\"}]},{\"@type\":\"WebSite\",\"@id\":\"https:\\\/\\\/turismobotanico.es\\\/#website\",\"url\":\"https:\\\/\\\/turismobotanico.es\\\/\",\"name\":\"Turismo Bot\u00e1nico\",\"description\":\"Turismo de naturaleza\",\"potentialAction\":[{\"@type\":\"SearchAction\",\"target\":{\"@type\":\"EntryPoint\",\"urlTemplate\":\"https:\\\/\\\/turismobotanico.es\\\/?s={search_term_string}\"},\"query-input\":{\"@type\":\"PropertyValueSpecification\",\"valueRequired\":true,\"valueName\":\"search_term_string\"}}],\"inLanguage\":\"en-US\"}]}<\/script>\n<!-- \/ Yoast SEO plugin. -->","yoast_head_json":{"title":"Escocia | Del 12 al 19 de Junio de 2026 - Turismo Bot\u00e1nico","description":"\u00a1Ven a descubrir a Escocia al detalle! Paisajes impresionantes, el famoso Lago Ness, las Tierras Altas de Escocia, las principales ciudades, lagos y m\u00e1s...","robots":{"index":"index","follow":"follow","max-snippet":"max-snippet:-1","max-image-preview":"max-image-preview:large","max-video-preview":"max-video-preview:-1"},"canonical":"https:\/\/turismobotanico.es\/en\/escocia-del-12-al-19-de-l-de-2026\/","og_locale":"en_US","og_type":"article","og_title":"Escocia | Del 12 al 19 de Junio de 2026 - Turismo Bot\u00e1nico","og_description":"\u00a1Ven a descubrir a Escocia al detalle! Paisajes impresionantes, el famoso Lago Ness, las Tierras Altas de Escocia, las principales ciudades, lagos y m\u00e1s...","og_url":"https:\/\/turismobotanico.es\/en\/escocia-del-12-al-19-de-l-de-2026\/","og_site_name":"Turismo Bot\u00e1nico","article_modified_time":"2026-01-08T10:08:02+00:00","og_image":[{"width":736,"height":981,"url":"https:\/\/turismobotanico.es\/wp-content\/uploads\/2025\/12\/Portree.jpeg","type":"image\/jpeg"}],"twitter_card":"summary_large_image","twitter_misc":{"Est. reading time":"2 minutes"},"schema":{"@context":"https:\/\/schema.org","@graph":[{"@type":"WebPage","@id":"https:\/\/turismobotanico.es\/escocia-del-12-al-19-de-l-de-2026\/","url":"https:\/\/turismobotanico.es\/escocia-del-12-al-19-de-l-de-2026\/","name":"Escocia | Del 12 al 19 de Junio de 2026 - Turismo Bot\u00e1nico","isPartOf":{"@id":"https:\/\/turismobotanico.es\/#website"},"primaryImageOfPage":{"@id":"https:\/\/turismobotanico.es\/escocia-del-12-al-19-de-l-de-2026\/#primaryimage"},"image":{"@id":"https:\/\/turismobotanico.es\/escocia-del-12-al-19-de-l-de-2026\/#primaryimage"},"thumbnailUrl":"https:\/\/turismobotanico.es\/wp-content\/uploads\/2025\/12\/Portree.jpeg","datePublished":"2025-12-03T11:18:18+00:00","dateModified":"2026-01-08T10:08:02+00:00","description":"\u00a1Ven a descubrir a Escocia al detalle! Paisajes impresionantes, el famoso Lago Ness, las Tierras Altas de Escocia, las principales ciudades, lagos y m\u00e1s...","breadcrumb":{"@id":"https:\/\/turismobotanico.es\/escocia-del-12-al-19-de-l-de-2026\/#breadcrumb"},"inLanguage":"en-US","potentialAction":[{"@type":"ReadAction","target":["https:\/\/turismobotanico.es\/escocia-del-12-al-19-de-l-de-2026\/"]}]},{"@type":"ImageObject","inLanguage":"en-US","@id":"https:\/\/turismobotanico.es\/escocia-del-12-al-19-de-l-de-2026\/#primaryimage","url":"https:\/\/turismobotanico.es\/wp-content\/uploads\/2025\/12\/Portree.jpeg","contentUrl":"https:\/\/turismobotanico.es\/wp-content\/uploads\/2025\/12\/Portree.jpeg","width":736,"height":981},{"@type":"BreadcrumbList","@id":"https:\/\/turismobotanico.es\/escocia-del-12-al-19-de-l-de-2026\/#breadcrumb","itemListElement":[{"@type":"ListItem","position":1,"name":"Portada","item":"https:\/\/turismobotanico.es\/"},{"@type":"ListItem","position":2,"name":"Tienda","item":"https:\/\/turismobotanico.es\/tienda\/"},{"@type":"ListItem","position":3,"name":"Escocia | Del 12 al 19 de Junio de 2026"}]},{"@type":"WebSite","@id":"https:\/\/turismobotanico.es\/#website","url":"https:\/\/turismobotanico.es\/","name":"Turismo Bot\u00e1nico","description":"Turismo de naturaleza","potentialAction":[{"@type":"SearchAction","target":{"@type":"EntryPoint","urlTemplate":"https:\/\/turismobotanico.es\/?s={search_term_string}"},"query-input":{"@type":"PropertyValueSpecification","valueRequired":true,"valueName":"search_term_string"}}],"inLanguage":"en-US"}]}},"_links":{"self":[{"href":"https:\/\/turismobotanico.es\/en\/wp-json\/wp\/v2\/product\/18079","targetHints":{"allow":["GET"]}}],"collection":[{"href":"https:\/\/turismobotanico.es\/en\/wp-json\/wp\/v2\/product"}],"about":[{"href":"https:\/\/turismobotanico.es\/en\/wp-json\/wp\/v2\/types\/product"}],"replies":[{"embeddable":true,"href":"https:\/\/turismobotanico.es\/en\/wp-json\/wp\/v2\/comments?post=18079"}],"version-history":[{"count":5,"href":"https:\/\/turismobotanico.es\/en\/wp-json\/wp\/v2\/product\/18079\/revisions"}],"predecessor-version":[{"id":18093,"href":"https:\/\/turismobotanico.es\/en\/wp-json\/wp\/v2\/product\/18079\/revisions\/18093"}],"wp:featuredmedia":[{"embeddable":true,"href":"https:\/\/turismobotanico.es\/en\/wp-json\/wp\/v2\/media\/18091"}],"wp:attachment":[{"href":"https:\/\/turismobotanico.es\/en\/wp-json\/wp\/v2\/media?parent=18079"}],"wp:term":[{"taxonomy":"product_brand","embeddable":true,"href":"https:\/\/turismobotanico.es\/en\/wp-json\/wp\/v2\/product_brand?post=18079"},{"taxonomy":"product_cat","embeddable":true,"href":"https:\/\/turismobotanico.es\/en\/wp-json\/wp\/v2\/product_cat?post=18079"},{"taxonomy":"product_tag","embeddable":true,"href":"https:\/\/turismobotanico.es\/en\/wp-json\/wp\/v2\/product_tag?post=18079"}],"curies":[{"name":"wp","href":"https:\/\/api.w.org\/{rel}","templated":true}]}}