{"id":18815,"date":"2025-12-09T11:50:38","date_gmt":"2025-12-09T11:50:38","guid":{"rendered":"https:\/\/turismobotanico.es\/?post_type=product&#038;p=18815"},"modified":"2025-12-09T12:20:19","modified_gmt":"2025-12-09T12:20:19","slug":"pirineo-catalan-del-20-al-24-de-mayo-de-2026-reserva","status":"publish","type":"product","link":"https:\/\/turismobotanico.es\/en\/pirineo-catalan-del-20-al-24-de-mayo-de-2026-reserva\/","title":{"rendered":"Pirineo Catal\u00e1n | Del 20 al 24 de Mayo de 2026 | Reserva"},"content":{"rendered":"<p><a href=\"https:\/\/turismobotanico.es\/wp-content\/uploads\/2025\/12\/Pirineos-2026.pdf\">VER EL PROGRAMA COMPLETO (RECOMENDADO).<\/a><\/p>\n<p><strong> EL CORAZ\u00d3N SALVAJE DE CATALU\u00d1A: AIG\u00dcESTORTES, LAGOS, RISCOS Y SPA<\/strong><\/p>\n<p>\u00a1El Pirineo Catal\u00e1n te Llama! Es momento de sumergirte en el coraz\u00f3n de la alta monta\u00f1a: el Parque Nacional de Aig\u00fcestortes i Estany de Sant Maurici.<\/p>\n<p>Descubre un para\u00edso de impresionantes lagos de monta\u00f1a y d\u00e9jate maravillar por los ic\u00f3nicos riscos de \u00abEls Encantats\u00bb. Disfruta de inolvidables rutas de senderismo a trav\u00e9s de frondosos bosques de pino negro y haya, y sum\u00e9rgete en la paz de la naturaleza. Al final del d\u00eda, rel\u00e1jate con un exclusivo circuito de Spa en nuestro hotel. Naturaleza, picos y bienestar, \u00bfa qu\u00e9 esperas para vivir esta aventura?<\/p>\n<p>PRECIO POR PERSONA <span data-path-to-node=\"4,0\"><span class=\"citation-79\">INCLUYENDO: <\/span><\/span>TRANSPORTE COMPLETO DESDE ALICANTE Y CONEXI\u00d3N CON MURCIA Y ALBACETE, ALOJAMIENTO DURANTE 4 NOCHES EN HOTEL CON 4 DESAYUNOS Y 2 CENAS, GU\u00cdA ACOMPA\u00d1ANTE ALTAMENTE CUALIFICADO, G<span data-path-to-node=\"4,21\"><span class=\"citation-73\">U\u00cdA LOCAL DE NATURALEZA <\/span><span class=\"citation-73\">ALTAMENTE CUALIFICADOS, <\/span><\/span><span data-path-to-node=\"4,25\"><span class=\"citation-72\">ENTRADAS A TODAS LAS ACTIVIDADES DEL PROGRAMA, C<\/span><\/span>IRCUITO SPA EXCLUSIVO EN EL ALOJAMIENTO Y SEGUROS DE CANCELACI\u00d3N, VIAJE, ACCIDENTES Y RESPONSABILIDAD CIVIL:<strong> 750\u20ac<\/strong><\/p>\n<p>El alojamiento es\u00a0en habitaci\u00f3n doble.\u00a0Si vas solo, tendr\u00e1s que pagar el suplemento de\u00a0<strong>habitaci\u00f3n individual: 140\u20ac<\/strong>. A\u00f1\u00e1delo al carrito, desde la parte de abajo de la p\u00e1gina, en el siguiente paso de la reserva.<\/p>\n<p><a href=\"https:\/\/www.bujaldon-sl.com\/productos\/certificado\/prime-2-0-copia\">PUEDE CONSULTAR LAS CONDICIONES DE ESTE SEGURO DE CANCELACI\u00d3N CLICANDO AQU\u00cd<\/a><\/p>\n<p><a href=\"https:\/\/turismobotanico.es\/en\/politica-de-cancelaciones\/\">PUEDES CONSULTAR AQU\u00cd NUESTRA POL\u00cdTICA DE CANCELACIONES<\/a><\/p>","protected":false},"excerpt":{"rendered":"<p><a href=\"https:\/\/turismobotanico.es\/wp-content\/uploads\/2025\/12\/Pirineos-2026.pdf\">VER EL PROGRAMA COMPLETO (RECOMENDADO).<\/a><\/p>\n<p><strong> EL CORAZ\u00d3N SALVAJE DE CATALU\u00d1A: AIG\u00dcESTORTES, LAGOS, RISCOS Y SPA<\/strong><\/p>\n<p>\u00a1El Pirineo Catal\u00e1n te Llama! Es momento de sumergirte en el coraz\u00f3n de la alta monta\u00f1a: el Parque Nacional de Aig\u00fcestortes i Estany de Sant Maurici.<\/p>\n<p>Descubre un para\u00edso de impresionantes lagos de monta\u00f1a y d\u00e9jate maravillar por los ic\u00f3nicos riscos de \u00abEls Encantats\u00bb. Disfruta de inolvidables rutas de senderismo a trav\u00e9s de frondosos bosques de pino negro y haya, y sum\u00e9rgete en la paz de la naturaleza. Al final del d\u00eda, rel\u00e1jate con un exclusivo circuito de Spa en nuestro hotel. Naturaleza, picos y bienestar, \u00bfa qu\u00e9 esperas para vivir esta aventura?<\/p>\n<p>PRECIO POR PERSONA <span data-path-to-node=\"4,0\"><span class=\"citation-79\">INCLUYENDO: <\/span><\/span>TRANSPORTE COMPLETO DESDE ALICANTE Y CONEXI\u00d3N CON MURCIA Y ALBACETE, ALOJAMIENTO DURANTE 4 NOCHES EN HOTEL CON 4 DESAYUNOS Y 2 CENAS, GU\u00cdA ACOMPA\u00d1ANTE ALTAMENTE CUALIFICADO, G<span data-path-to-node=\"4,21\"><span class=\"citation-73\">U\u00cdA LOCAL DE NATURALEZA <\/span><span class=\"citation-73\">ALTAMENTE CUALIFICADOS, <\/span><\/span><span data-path-to-node=\"4,25\"><span class=\"citation-72\">ENTRADAS A TODAS LAS ACTIVIDADES DEL PROGRAMA, C<\/span><\/span>IRCUITO SPA EXCLUSIVO EN EL ALOJAMIENTO Y SEGUROS DE CANCELACI\u00d3N, VIAJE, ACCIDENTES Y RESPONSABILIDAD CIVIL:<strong> 750\u20ac<\/strong><\/p>\n<p>El alojamiento es\u00a0en habitaci\u00f3n doble.\u00a0Si vas solo, tendr\u00e1s que pagar el suplemento de\u00a0<strong>habitaci\u00f3n individual: 140\u20ac<\/strong>. A\u00f1\u00e1delo al carrito, desde la parte de abajo de la p\u00e1gina, en el siguiente paso de la reserva.<\/p>\n<p><a href=\"https:\/\/www.bujaldon-sl.com\/productos\/certificado\/prime-2-0-copia\">PUEDE CONSULTAR LAS CONDICIONES DE ESTE SEGURO DE CANCELACI\u00d3N CLICANDO AQU\u00cd<\/a><\/p>\n<p><a href=\"https:\/\/turismobotanico.es\/en\/politica-de-cancelaciones\/\">PUEDES CONSULTAR AQU\u00cd NUESTRA POL\u00cdTICA DE CANCELACIONES<\/a><\/p>","protected":false},"featured_media":18812,"comment_status":"open","ping_status":"closed","template":"","meta":[],"product_brand":[],"product_cat":[115],"product_tag":[],"class_list":{"0":"post-18815","1":"product","2":"type-product","3":"status-publish","4":"has-post-thumbnail","6":"product_cat-sin-categoria","8":"first","9":"instock","10":"virtual","11":"purchasable","12":"product-type-simple"},"yoast_head":"<!-- This site is optimized with the Yoast SEO plugin v27.4 - https:\/\/yoast.com\/product\/yoast-seo-wordpress\/ -->\n<title>Pirineo Catal\u00e1n | Del 20 al 24 de Mayo de 2026 | Reserva - Turismo Bot\u00e1nico<\/title>\n<meta name=\"description\" content=\"Descubre el coraz\u00f3n del Pirineo Catal\u00e1n: inolvidables rutas de senderismo, frondosos bosques, impresionantes lagos y termina tu d\u00eda relaj\u00e1ndote con un spa.\" \/>\n<meta name=\"robots\" content=\"index, follow, max-snippet:-1, max-image-preview:large, max-video-preview:-1\" \/>\n<link rel=\"canonical\" href=\"https:\/\/turismobotanico.es\/en\/pirineo-catalan-del-20-al-24-de-mayo-de-2026-reserva\/\" \/>\n<meta property=\"og:locale\" content=\"en_US\" \/>\n<meta property=\"og:type\" content=\"article\" \/>\n<meta property=\"og:title\" content=\"Pirineo Catal\u00e1n | Del 20 al 24 de Mayo de 2026 | Reserva - Turismo Bot\u00e1nico\" \/>\n<meta property=\"og:description\" content=\"Descubre el coraz\u00f3n del Pirineo Catal\u00e1n: inolvidables rutas de senderismo, frondosos bosques, impresionantes lagos y termina tu d\u00eda relaj\u00e1ndote con un spa.\" \/>\n<meta property=\"og:url\" content=\"https:\/\/turismobotanico.es\/en\/pirineo-catalan-del-20-al-24-de-mayo-de-2026-reserva\/\" \/>\n<meta property=\"og:site_name\" content=\"Turismo Bot\u00e1nico\" \/>\n<meta property=\"article:modified_time\" content=\"2025-12-09T12:20:19+00:00\" \/>\n<meta property=\"og:image\" content=\"https:\/\/turismobotanico.es\/wp-content\/uploads\/2025\/12\/Estany-de-Sant-Maurici.jpeg\" \/>\n\t<meta property=\"og:image:width\" content=\"736\" \/>\n\t<meta property=\"og:image:height\" content=\"981\" \/>\n\t<meta property=\"og:image:type\" content=\"image\/jpeg\" \/>\n<meta name=\"twitter:card\" content=\"summary_large_image\" \/>\n<meta name=\"twitter:label1\" content=\"Est. reading time\" \/>\n\t<meta name=\"twitter:data1\" content=\"2 minutes\" \/>\n<script type=\"application\/ld+json\" class=\"yoast-schema-graph\">{\"@context\":\"https:\\\/\\\/schema.org\",\"@graph\":[{\"@type\":\"WebPage\",\"@id\":\"https:\\\/\\\/turismobotanico.es\\\/pirineo-catalan-del-20-al-24-de-mayo-de-2026-reserva\\\/\",\"url\":\"https:\\\/\\\/turismobotanico.es\\\/pirineo-catalan-del-20-al-24-de-mayo-de-2026-reserva\\\/\",\"name\":\"Pirineo Catal\u00e1n | Del 20 al 24 de Mayo de 2026 | Reserva - Turismo Bot\u00e1nico\",\"isPartOf\":{\"@id\":\"https:\\\/\\\/turismobotanico.es\\\/#website\"},\"primaryImageOfPage\":{\"@id\":\"https:\\\/\\\/turismobotanico.es\\\/pirineo-catalan-del-20-al-24-de-mayo-de-2026-reserva\\\/#primaryimage\"},\"image\":{\"@id\":\"https:\\\/\\\/turismobotanico.es\\\/pirineo-catalan-del-20-al-24-de-mayo-de-2026-reserva\\\/#primaryimage\"},\"thumbnailUrl\":\"https:\\\/\\\/turismobotanico.es\\\/wp-content\\\/uploads\\\/2025\\\/12\\\/Estany-de-Sant-Maurici.jpeg\",\"datePublished\":\"2025-12-09T11:50:38+00:00\",\"dateModified\":\"2025-12-09T12:20:19+00:00\",\"description\":\"Descubre el coraz\u00f3n del Pirineo Catal\u00e1n: inolvidables rutas de senderismo, frondosos bosques, impresionantes lagos y termina tu d\u00eda relaj\u00e1ndote con un spa.\",\"breadcrumb\":{\"@id\":\"https:\\\/\\\/turismobotanico.es\\\/pirineo-catalan-del-20-al-24-de-mayo-de-2026-reserva\\\/#breadcrumb\"},\"inLanguage\":\"en-US\",\"potentialAction\":[{\"@type\":\"ReadAction\",\"target\":[\"https:\\\/\\\/turismobotanico.es\\\/pirineo-catalan-del-20-al-24-de-mayo-de-2026-reserva\\\/\"]}]},{\"@type\":\"ImageObject\",\"inLanguage\":\"en-US\",\"@id\":\"https:\\\/\\\/turismobotanico.es\\\/pirineo-catalan-del-20-al-24-de-mayo-de-2026-reserva\\\/#primaryimage\",\"url\":\"https:\\\/\\\/turismobotanico.es\\\/wp-content\\\/uploads\\\/2025\\\/12\\\/Estany-de-Sant-Maurici.jpeg\",\"contentUrl\":\"https:\\\/\\\/turismobotanico.es\\\/wp-content\\\/uploads\\\/2025\\\/12\\\/Estany-de-Sant-Maurici.jpeg\",\"width\":736,\"height\":981},{\"@type\":\"BreadcrumbList\",\"@id\":\"https:\\\/\\\/turismobotanico.es\\\/pirineo-catalan-del-20-al-24-de-mayo-de-2026-reserva\\\/#breadcrumb\",\"itemListElement\":[{\"@type\":\"ListItem\",\"position\":1,\"name\":\"Portada\",\"item\":\"https:\\\/\\\/turismobotanico.es\\\/\"},{\"@type\":\"ListItem\",\"position\":2,\"name\":\"Tienda\",\"item\":\"https:\\\/\\\/turismobotanico.es\\\/tienda\\\/\"},{\"@type\":\"ListItem\",\"position\":3,\"name\":\"Pirineo Catal\u00e1n | Del 20 al 24 de Mayo de 2026 | Reserva\"}]},{\"@type\":\"WebSite\",\"@id\":\"https:\\\/\\\/turismobotanico.es\\\/#website\",\"url\":\"https:\\\/\\\/turismobotanico.es\\\/\",\"name\":\"Turismo Bot\u00e1nico\",\"description\":\"Turismo de naturaleza\",\"potentialAction\":[{\"@type\":\"SearchAction\",\"target\":{\"@type\":\"EntryPoint\",\"urlTemplate\":\"https:\\\/\\\/turismobotanico.es\\\/?s={search_term_string}\"},\"query-input\":{\"@type\":\"PropertyValueSpecification\",\"valueRequired\":true,\"valueName\":\"search_term_string\"}}],\"inLanguage\":\"en-US\"}]}<\/script>\n<!-- \/ Yoast SEO plugin. -->","yoast_head_json":{"title":"Pirineo Catal\u00e1n | Del 20 al 24 de Mayo de 2026 | Reserva - Turismo Bot\u00e1nico","description":"Descubre el coraz\u00f3n del Pirineo Catal\u00e1n: inolvidables rutas de senderismo, frondosos bosques, impresionantes lagos y termina tu d\u00eda relaj\u00e1ndote con un spa.","robots":{"index":"index","follow":"follow","max-snippet":"max-snippet:-1","max-image-preview":"max-image-preview:large","max-video-preview":"max-video-preview:-1"},"canonical":"https:\/\/turismobotanico.es\/en\/pirineo-catalan-del-20-al-24-de-mayo-de-2026-reserva\/","og_locale":"en_US","og_type":"article","og_title":"Pirineo Catal\u00e1n | Del 20 al 24 de Mayo de 2026 | Reserva - Turismo Bot\u00e1nico","og_description":"Descubre el coraz\u00f3n del Pirineo Catal\u00e1n: inolvidables rutas de senderismo, frondosos bosques, impresionantes lagos y termina tu d\u00eda relaj\u00e1ndote con un spa.","og_url":"https:\/\/turismobotanico.es\/en\/pirineo-catalan-del-20-al-24-de-mayo-de-2026-reserva\/","og_site_name":"Turismo Bot\u00e1nico","article_modified_time":"2025-12-09T12:20:19+00:00","og_image":[{"width":736,"height":981,"url":"https:\/\/turismobotanico.es\/wp-content\/uploads\/2025\/12\/Estany-de-Sant-Maurici.jpeg","type":"image\/jpeg"}],"twitter_card":"summary_large_image","twitter_misc":{"Est. reading time":"2 minutes"},"schema":{"@context":"https:\/\/schema.org","@graph":[{"@type":"WebPage","@id":"https:\/\/turismobotanico.es\/pirineo-catalan-del-20-al-24-de-mayo-de-2026-reserva\/","url":"https:\/\/turismobotanico.es\/pirineo-catalan-del-20-al-24-de-mayo-de-2026-reserva\/","name":"Pirineo Catal\u00e1n | Del 20 al 24 de Mayo de 2026 | Reserva - Turismo Bot\u00e1nico","isPartOf":{"@id":"https:\/\/turismobotanico.es\/#website"},"primaryImageOfPage":{"@id":"https:\/\/turismobotanico.es\/pirineo-catalan-del-20-al-24-de-mayo-de-2026-reserva\/#primaryimage"},"image":{"@id":"https:\/\/turismobotanico.es\/pirineo-catalan-del-20-al-24-de-mayo-de-2026-reserva\/#primaryimage"},"thumbnailUrl":"https:\/\/turismobotanico.es\/wp-content\/uploads\/2025\/12\/Estany-de-Sant-Maurici.jpeg","datePublished":"2025-12-09T11:50:38+00:00","dateModified":"2025-12-09T12:20:19+00:00","description":"Descubre el coraz\u00f3n del Pirineo Catal\u00e1n: inolvidables rutas de senderismo, frondosos bosques, impresionantes lagos y termina tu d\u00eda relaj\u00e1ndote con un spa.","breadcrumb":{"@id":"https:\/\/turismobotanico.es\/pirineo-catalan-del-20-al-24-de-mayo-de-2026-reserva\/#breadcrumb"},"inLanguage":"en-US","potentialAction":[{"@type":"ReadAction","target":["https:\/\/turismobotanico.es\/pirineo-catalan-del-20-al-24-de-mayo-de-2026-reserva\/"]}]},{"@type":"ImageObject","inLanguage":"en-US","@id":"https:\/\/turismobotanico.es\/pirineo-catalan-del-20-al-24-de-mayo-de-2026-reserva\/#primaryimage","url":"https:\/\/turismobotanico.es\/wp-content\/uploads\/2025\/12\/Estany-de-Sant-Maurici.jpeg","contentUrl":"https:\/\/turismobotanico.es\/wp-content\/uploads\/2025\/12\/Estany-de-Sant-Maurici.jpeg","width":736,"height":981},{"@type":"BreadcrumbList","@id":"https:\/\/turismobotanico.es\/pirineo-catalan-del-20-al-24-de-mayo-de-2026-reserva\/#breadcrumb","itemListElement":[{"@type":"ListItem","position":1,"name":"Portada","item":"https:\/\/turismobotanico.es\/"},{"@type":"ListItem","position":2,"name":"Tienda","item":"https:\/\/turismobotanico.es\/tienda\/"},{"@type":"ListItem","position":3,"name":"Pirineo Catal\u00e1n | Del 20 al 24 de Mayo de 2026 | Reserva"}]},{"@type":"WebSite","@id":"https:\/\/turismobotanico.es\/#website","url":"https:\/\/turismobotanico.es\/","name":"Turismo Bot\u00e1nico","description":"Turismo de naturaleza","potentialAction":[{"@type":"SearchAction","target":{"@type":"EntryPoint","urlTemplate":"https:\/\/turismobotanico.es\/?s={search_term_string}"},"query-input":{"@type":"PropertyValueSpecification","valueRequired":true,"valueName":"search_term_string"}}],"inLanguage":"en-US"}]}},"_links":{"self":[{"href":"https:\/\/turismobotanico.es\/en\/wp-json\/wp\/v2\/product\/18815","targetHints":{"allow":["GET"]}}],"collection":[{"href":"https:\/\/turismobotanico.es\/en\/wp-json\/wp\/v2\/product"}],"about":[{"href":"https:\/\/turismobotanico.es\/en\/wp-json\/wp\/v2\/types\/product"}],"replies":[{"embeddable":true,"href":"https:\/\/turismobotanico.es\/en\/wp-json\/wp\/v2\/comments?post=18815"}],"version-history":[{"count":1,"href":"https:\/\/turismobotanico.es\/en\/wp-json\/wp\/v2\/product\/18815\/revisions"}],"predecessor-version":[{"id":18816,"href":"https:\/\/turismobotanico.es\/en\/wp-json\/wp\/v2\/product\/18815\/revisions\/18816"}],"wp:featuredmedia":[{"embeddable":true,"href":"https:\/\/turismobotanico.es\/en\/wp-json\/wp\/v2\/media\/18812"}],"wp:attachment":[{"href":"https:\/\/turismobotanico.es\/en\/wp-json\/wp\/v2\/media?parent=18815"}],"wp:term":[{"taxonomy":"product_brand","embeddable":true,"href":"https:\/\/turismobotanico.es\/en\/wp-json\/wp\/v2\/product_brand?post=18815"},{"taxonomy":"product_cat","embeddable":true,"href":"https:\/\/turismobotanico.es\/en\/wp-json\/wp\/v2\/product_cat?post=18815"},{"taxonomy":"product_tag","embeddable":true,"href":"https:\/\/turismobotanico.es\/en\/wp-json\/wp\/v2\/product_tag?post=18815"}],"curies":[{"name":"wp","href":"https:\/\/api.w.org\/{rel}","templated":true}]}}