{"id":19474,"date":"2025-12-30T11:41:41","date_gmt":"2025-12-30T11:41:41","guid":{"rendered":"https:\/\/turismobotanico.es\/?post_type=product&#038;p=19474"},"modified":"2026-03-04T10:52:37","modified_gmt":"2026-03-04T10:52:37","slug":"espana-verde-del-2-al-9-de-junio-de-2026-pago-2","status":"publish","type":"product","link":"https:\/\/turismobotanico.es\/en\/espana-verde-del-2-al-9-de-junio-de-2026-pago-2\/","title":{"rendered":"Espa\u00f1a Verde | Del 2 al 9 de junio de 2026 | Pago 2"},"content":{"rendered":"<p><a href=\"https:\/\/turismobotanico.es\/wp-content\/uploads\/2025\/12\/Espana-Verde-Junio-2026-1.pdf\">VER EL PROGRAMA COMPLETO (RECOMENDADO).<\/a><\/p>\n<p><strong>DIVERSIFICAR EL TURISMO DEL NORTE A TRAV\u00c9S DE LA NATURALEZA<\/strong><\/p>\n<p>Si hablamos de comunidades aut\u00f3nomas como el Pa\u00eds Vasco, Cantabria o Asturias y de su naturaleza, a la mente se os pueden venir los Picos de Europa, las marismas de Santo\u00f1a o Gorbeia. Y es muy com\u00fan que cuando se visitan estos lugares, nos encontremos con infinidad de turistas quit\u00e1ndole el encanto al lugar. El objetivo de este programa es ense\u00f1ar otros lugares del norte de Espa\u00f1a que est\u00e1n comenzando a vender con el objetivo de diversificar el turismo. El resultado es un viaje de autor para visitar lugares no tan conocidos y llenos de magia. Suena bien \u00bfno?<\/p>\n<p>En el Pa\u00eds Vasco, os mostraremos el impresionante salto del Nervi\u00f3n, el reci\u00e9n reformado Jard\u00edn Bot\u00e1nico de Santa Catalina, y uno de los parques naturales m\u00e1s alejados de las grandes ciudades, el de Valderejo. Lugares con el agua como protagonista que nos har\u00e1, en algunos casos, hasta tener que descalzarnos.<\/p>\n<p>En Cantabria, visitaremos otras marismas menos conocidas pero llenas de cultura como las de Joyel, tendremos una vista diferente de la ciudad de Santander a trav\u00e9s del estuario del r\u00edo Miera (y la aves que lo habitan), el churr\u00f3n de Borle\u00f1a o un paseo por uno de los robledales cant\u00e1bricos m\u00e1s maduros que a d\u00eda de hoy existen.<\/p>\n<p>Y en Asturias, radiograf\u00edaremos a fondo uno de los parques naturales que apenas ha sonado salvo por la presencia de v\u00eddeos en nuestras redes sociales. El peque\u00f1o Parque Natural de Ponga ser\u00e1 la pieza asturiana a conocer en este programa creado con mimo y fij\u00e1ndonos en los detalles de la naturaleza norte\u00f1a.<\/p>\n<p>Una oportunidad \u00fanica, \u00bfte apuntas?<\/p>\n<p>PRECIO POR PERSONA CON VUELOS, ALOJAMIENTO CON DESAYUNO Y CENA (7 NOCHES EN HABITACI\u00d3N DOBLE CON DESAYUNO INCLUIDO), VISITAS GUIADAS, ENTRADAS A TODAS LAS ACTIVIDADES INCLU\u00cdDAS EN EL PROGRAMA, SEGURO DE ACCIDENTES, DE VIAJE, DE CANCELACI\u00d3N Y DE RESPONSABILIDAD CIVIL: 1390\u20ac<\/p>\n<p>El alojamiento es\u00a0en habitaci\u00f3n doble.\u00a0Si vas solo, tendr\u00e1s que pagar el suplemento de\u00a0<strong>habitaci\u00f3n individual: 300\u20ac<\/strong>. A\u00f1\u00e1delo al carrito, desde la parte de abajo de la p\u00e1gina, en el siguiente paso de la reserva.<\/p>\n<p><a href=\"https:\/\/www.bujaldon-sl.com\/productos\/certificado\/prime-2-0-copia\">PUEDE CONSULTAR LAS CONDICIONES DE ESTE SEGURO DE CANCELACI\u00d3N CLICANDO AQU\u00cd<\/a><\/p>\n<p><a href=\"https:\/\/turismobotanico.es\/en\/politica-de-cancelaciones\/\">PUEDES CONSULTAR AQU\u00cd NUESTRA POL\u00cdTICA DE CANCELACIONES<\/a><\/p>","protected":false},"excerpt":{"rendered":"<p><a href=\"https:\/\/turismobotanico.es\/wp-content\/uploads\/2025\/12\/Espana-Verde-Junio-2026-1.pdf\">VER EL PROGRAMA COMPLETO (RECOMENDADO).<\/a><\/p>\n<p><strong>DIVERSIFICAR EL TURISMO DEL NORTE A TRAV\u00c9S DE LA NATURALEZA<\/strong><\/p>\n<p>Si hablamos de comunidades aut\u00f3nomas como el Pa\u00eds Vasco, Cantabria o Asturias y de su naturaleza, a la mente se os pueden venir los Picos de Europa, las marismas de Santo\u00f1a o Gorbeia. Y es muy com\u00fan que cuando se visitan estos lugares, nos encontremos con infinidad de turistas quit\u00e1ndole el encanto al lugar. El objetivo de este programa es ense\u00f1ar otros lugares del norte de Espa\u00f1a que est\u00e1n comenzando a vender con el objetivo de diversificar el turismo. El resultado es un viaje de autor para visitar lugares no tan conocidos y llenos de magia. Suena bien \u00bfno?<\/p>\n<p>En el Pa\u00eds Vasco, os mostraremos el impresionante salto del Nervi\u00f3n, el reci\u00e9n reformado Jard\u00edn Bot\u00e1nico de Santa Catalina, y uno de los parques naturales m\u00e1s alejados de las grandes ciudades, el de Valderejo. Lugares con el agua como protagonista que nos har\u00e1, en algunos casos, hasta tener que descalzarnos.<\/p>\n<p>En Cantabria, visitaremos otras marismas menos conocidas pero llenas de cultura como las de Joyel, tendremos una vista diferente de la ciudad de Santander a trav\u00e9s del estuario del r\u00edo Miera (y la aves que lo habitan), el churr\u00f3n de Borle\u00f1a o un paseo por uno de los robledales cant\u00e1bricos m\u00e1s maduros que a d\u00eda de hoy existen.<\/p>\n<p>Y en Asturias, radiograf\u00edaremos a fondo uno de los parques naturales que apenas ha sonado salvo por la presencia de v\u00eddeos en nuestras redes sociales. El peque\u00f1o Parque Natural de Ponga ser\u00e1 la pieza asturiana a conocer en este programa creado con mimo y fij\u00e1ndonos en los detalles de la naturaleza norte\u00f1a.<\/p>\n<p>Una oportunidad \u00fanica, \u00bfte apuntas?<\/p>\n<p>PRECIO POR PERSONA CON VUELOS, ALOJAMIENTO CON DESAYUNO Y CENA (7 NOCHES EN HABITACI\u00d3N DOBLE CON DESAYUNO INCLUIDO), VISITAS GUIADAS, ENTRADAS A TODAS LAS ACTIVIDADES INCLU\u00cdDAS EN EL PROGRAMA, SEGURO DE ACCIDENTES, DE VIAJE, DE CANCELACI\u00d3N Y DE RESPONSABILIDAD CIVIL: 1390\u20ac<\/p>\n<p>El alojamiento es\u00a0en habitaci\u00f3n doble.\u00a0Si vas solo, tendr\u00e1s que pagar el suplemento de\u00a0<strong>habitaci\u00f3n individual: 300\u20ac<\/strong>. A\u00f1\u00e1delo al carrito, desde la parte de abajo de la p\u00e1gina, en el siguiente paso de la reserva.<\/p>\n<p><a href=\"https:\/\/www.bujaldon-sl.com\/productos\/certificado\/prime-2-0-copia\">PUEDE CONSULTAR LAS CONDICIONES DE ESTE SEGURO DE CANCELACI\u00d3N CLICANDO AQU\u00cd<\/a><\/p>\n<p><a href=\"https:\/\/turismobotanico.es\/en\/politica-de-cancelaciones\/\">PUEDES CONSULTAR AQU\u00cd NUESTRA POL\u00cdTICA DE CANCELACIONES<\/a><\/p>","protected":false},"featured_media":19469,"comment_status":"closed","ping_status":"closed","template":"","meta":[],"product_brand":[],"product_cat":[115],"product_tag":[],"class_list":{"0":"post-19474","1":"product","2":"type-product","3":"status-publish","4":"has-post-thumbnail","6":"product_cat-sin-categoria","8":"first","9":"instock","10":"virtual","11":"purchasable","12":"product-type-simple"},"yoast_head":"<!-- This site is optimized with the Yoast SEO plugin v27.3 - https:\/\/yoast.com\/product\/yoast-seo-wordpress\/ -->\n<title>Espa\u00f1a Verde | Del 2 al 9 de junio de 2026 | Pago 2 - Turismo Bot\u00e1nico<\/title>\n<meta name=\"description\" content=\"Ven a descubrir una de las zonas m\u00e1s aut\u00e9nticas del norte de Espa\u00f1a: cascadas impresionantes, aldeas ancladas en el tiempo, naturaleza salvaje y mucho m\u00e1s.\" \/>\n<meta name=\"robots\" content=\"index, follow, max-snippet:-1, max-image-preview:large, max-video-preview:-1\" \/>\n<link rel=\"canonical\" href=\"https:\/\/turismobotanico.es\/en\/espana-verde-del-2-al-9-de-junio-de-2026-pago-2\/\" \/>\n<meta property=\"og:locale\" content=\"en_US\" \/>\n<meta property=\"og:type\" content=\"article\" \/>\n<meta property=\"og:title\" content=\"Espa\u00f1a Verde | Del 2 al 9 de junio de 2026 | Pago 2 - Turismo Bot\u00e1nico\" \/>\n<meta property=\"og:description\" content=\"Ven a descubrir una de las zonas m\u00e1s aut\u00e9nticas del norte de Espa\u00f1a: cascadas impresionantes, aldeas ancladas en el tiempo, naturaleza salvaje y mucho m\u00e1s.\" \/>\n<meta property=\"og:url\" content=\"https:\/\/turismobotanico.es\/en\/espana-verde-del-2-al-9-de-junio-de-2026-pago-2\/\" \/>\n<meta property=\"og:site_name\" content=\"Turismo Bot\u00e1nico\" \/>\n<meta property=\"article:modified_time\" content=\"2026-03-04T10:52:37+00:00\" \/>\n<meta property=\"og:image\" content=\"https:\/\/turismobotanico.es\/wp-content\/uploads\/2025\/12\/Esta-es-la-region-mas-infravalorada-de-Espana-segun-\u2018The-Telegraph.jpeg\" \/>\n\t<meta property=\"og:image:width\" content=\"736\" \/>\n\t<meta property=\"og:image:height\" content=\"448\" \/>\n\t<meta property=\"og:image:type\" content=\"image\/jpeg\" \/>\n<meta name=\"twitter:card\" content=\"summary_large_image\" \/>\n<meta name=\"twitter:label1\" content=\"Est. reading time\" \/>\n\t<meta name=\"twitter:data1\" content=\"2 minutes\" \/>\n<script type=\"application\/ld+json\" class=\"yoast-schema-graph\">{\"@context\":\"https:\\\/\\\/schema.org\",\"@graph\":[{\"@type\":\"WebPage\",\"@id\":\"https:\\\/\\\/turismobotanico.es\\\/espana-verde-del-2-al-9-de-junio-de-2026-pago-2\\\/\",\"url\":\"https:\\\/\\\/turismobotanico.es\\\/espana-verde-del-2-al-9-de-junio-de-2026-pago-2\\\/\",\"name\":\"Espa\u00f1a Verde | Del 2 al 9 de junio de 2026 | Pago 2 - Turismo Bot\u00e1nico\",\"isPartOf\":{\"@id\":\"https:\\\/\\\/turismobotanico.es\\\/#website\"},\"primaryImageOfPage\":{\"@id\":\"https:\\\/\\\/turismobotanico.es\\\/espana-verde-del-2-al-9-de-junio-de-2026-pago-2\\\/#primaryimage\"},\"image\":{\"@id\":\"https:\\\/\\\/turismobotanico.es\\\/espana-verde-del-2-al-9-de-junio-de-2026-pago-2\\\/#primaryimage\"},\"thumbnailUrl\":\"https:\\\/\\\/turismobotanico.es\\\/wp-content\\\/uploads\\\/2025\\\/12\\\/Esta-es-la-region-mas-infravalorada-de-Espana-segun-\u2018The-Telegraph.jpeg\",\"datePublished\":\"2025-12-30T11:41:41+00:00\",\"dateModified\":\"2026-03-04T10:52:37+00:00\",\"description\":\"Ven a descubrir una de las zonas m\u00e1s aut\u00e9nticas del norte de Espa\u00f1a: cascadas impresionantes, aldeas ancladas en el tiempo, naturaleza salvaje y mucho m\u00e1s.\",\"breadcrumb\":{\"@id\":\"https:\\\/\\\/turismobotanico.es\\\/espana-verde-del-2-al-9-de-junio-de-2026-pago-2\\\/#breadcrumb\"},\"inLanguage\":\"en-US\",\"potentialAction\":[{\"@type\":\"ReadAction\",\"target\":[\"https:\\\/\\\/turismobotanico.es\\\/espana-verde-del-2-al-9-de-junio-de-2026-pago-2\\\/\"]}]},{\"@type\":\"ImageObject\",\"inLanguage\":\"en-US\",\"@id\":\"https:\\\/\\\/turismobotanico.es\\\/espana-verde-del-2-al-9-de-junio-de-2026-pago-2\\\/#primaryimage\",\"url\":\"https:\\\/\\\/turismobotanico.es\\\/wp-content\\\/uploads\\\/2025\\\/12\\\/Esta-es-la-region-mas-infravalorada-de-Espana-segun-\u2018The-Telegraph.jpeg\",\"contentUrl\":\"https:\\\/\\\/turismobotanico.es\\\/wp-content\\\/uploads\\\/2025\\\/12\\\/Esta-es-la-region-mas-infravalorada-de-Espana-segun-\u2018The-Telegraph.jpeg\",\"width\":736,\"height\":448},{\"@type\":\"BreadcrumbList\",\"@id\":\"https:\\\/\\\/turismobotanico.es\\\/espana-verde-del-2-al-9-de-junio-de-2026-pago-2\\\/#breadcrumb\",\"itemListElement\":[{\"@type\":\"ListItem\",\"position\":1,\"name\":\"Portada\",\"item\":\"https:\\\/\\\/turismobotanico.es\\\/\"},{\"@type\":\"ListItem\",\"position\":2,\"name\":\"Tienda\",\"item\":\"https:\\\/\\\/turismobotanico.es\\\/tienda\\\/\"},{\"@type\":\"ListItem\",\"position\":3,\"name\":\"Espa\u00f1a Verde | Del 2 al 9 de junio de 2026 | Pago 2\"}]},{\"@type\":\"WebSite\",\"@id\":\"https:\\\/\\\/turismobotanico.es\\\/#website\",\"url\":\"https:\\\/\\\/turismobotanico.es\\\/\",\"name\":\"Turismo Bot\u00e1nico\",\"description\":\"Turismo de naturaleza\",\"potentialAction\":[{\"@type\":\"SearchAction\",\"target\":{\"@type\":\"EntryPoint\",\"urlTemplate\":\"https:\\\/\\\/turismobotanico.es\\\/?s={search_term_string}\"},\"query-input\":{\"@type\":\"PropertyValueSpecification\",\"valueRequired\":true,\"valueName\":\"search_term_string\"}}],\"inLanguage\":\"en-US\"}]}<\/script>\n<!-- \/ Yoast SEO plugin. -->","yoast_head_json":{"title":"Espa\u00f1a Verde | Del 2 al 9 de junio de 2026 | Pago 2 - Turismo Bot\u00e1nico","description":"Ven a descubrir una de las zonas m\u00e1s aut\u00e9nticas del norte de Espa\u00f1a: cascadas impresionantes, aldeas ancladas en el tiempo, naturaleza salvaje y mucho m\u00e1s.","robots":{"index":"index","follow":"follow","max-snippet":"max-snippet:-1","max-image-preview":"max-image-preview:large","max-video-preview":"max-video-preview:-1"},"canonical":"https:\/\/turismobotanico.es\/en\/espana-verde-del-2-al-9-de-junio-de-2026-pago-2\/","og_locale":"en_US","og_type":"article","og_title":"Espa\u00f1a Verde | Del 2 al 9 de junio de 2026 | Pago 2 - Turismo Bot\u00e1nico","og_description":"Ven a descubrir una de las zonas m\u00e1s aut\u00e9nticas del norte de Espa\u00f1a: cascadas impresionantes, aldeas ancladas en el tiempo, naturaleza salvaje y mucho m\u00e1s.","og_url":"https:\/\/turismobotanico.es\/en\/espana-verde-del-2-al-9-de-junio-de-2026-pago-2\/","og_site_name":"Turismo Bot\u00e1nico","article_modified_time":"2026-03-04T10:52:37+00:00","og_image":[{"width":736,"height":448,"url":"https:\/\/turismobotanico.es\/wp-content\/uploads\/2025\/12\/Esta-es-la-region-mas-infravalorada-de-Espana-segun-\u2018The-Telegraph.jpeg","type":"image\/jpeg"}],"twitter_card":"summary_large_image","twitter_misc":{"Est. reading time":"2 minutes"},"schema":{"@context":"https:\/\/schema.org","@graph":[{"@type":"WebPage","@id":"https:\/\/turismobotanico.es\/espana-verde-del-2-al-9-de-junio-de-2026-pago-2\/","url":"https:\/\/turismobotanico.es\/espana-verde-del-2-al-9-de-junio-de-2026-pago-2\/","name":"Espa\u00f1a Verde | Del 2 al 9 de junio de 2026 | Pago 2 - Turismo Bot\u00e1nico","isPartOf":{"@id":"https:\/\/turismobotanico.es\/#website"},"primaryImageOfPage":{"@id":"https:\/\/turismobotanico.es\/espana-verde-del-2-al-9-de-junio-de-2026-pago-2\/#primaryimage"},"image":{"@id":"https:\/\/turismobotanico.es\/espana-verde-del-2-al-9-de-junio-de-2026-pago-2\/#primaryimage"},"thumbnailUrl":"https:\/\/turismobotanico.es\/wp-content\/uploads\/2025\/12\/Esta-es-la-region-mas-infravalorada-de-Espana-segun-\u2018The-Telegraph.jpeg","datePublished":"2025-12-30T11:41:41+00:00","dateModified":"2026-03-04T10:52:37+00:00","description":"Ven a descubrir una de las zonas m\u00e1s aut\u00e9nticas del norte de Espa\u00f1a: cascadas impresionantes, aldeas ancladas en el tiempo, naturaleza salvaje y mucho m\u00e1s.","breadcrumb":{"@id":"https:\/\/turismobotanico.es\/espana-verde-del-2-al-9-de-junio-de-2026-pago-2\/#breadcrumb"},"inLanguage":"en-US","potentialAction":[{"@type":"ReadAction","target":["https:\/\/turismobotanico.es\/espana-verde-del-2-al-9-de-junio-de-2026-pago-2\/"]}]},{"@type":"ImageObject","inLanguage":"en-US","@id":"https:\/\/turismobotanico.es\/espana-verde-del-2-al-9-de-junio-de-2026-pago-2\/#primaryimage","url":"https:\/\/turismobotanico.es\/wp-content\/uploads\/2025\/12\/Esta-es-la-region-mas-infravalorada-de-Espana-segun-\u2018The-Telegraph.jpeg","contentUrl":"https:\/\/turismobotanico.es\/wp-content\/uploads\/2025\/12\/Esta-es-la-region-mas-infravalorada-de-Espana-segun-\u2018The-Telegraph.jpeg","width":736,"height":448},{"@type":"BreadcrumbList","@id":"https:\/\/turismobotanico.es\/espana-verde-del-2-al-9-de-junio-de-2026-pago-2\/#breadcrumb","itemListElement":[{"@type":"ListItem","position":1,"name":"Portada","item":"https:\/\/turismobotanico.es\/"},{"@type":"ListItem","position":2,"name":"Tienda","item":"https:\/\/turismobotanico.es\/tienda\/"},{"@type":"ListItem","position":3,"name":"Espa\u00f1a Verde | Del 2 al 9 de junio de 2026 | Pago 2"}]},{"@type":"WebSite","@id":"https:\/\/turismobotanico.es\/#website","url":"https:\/\/turismobotanico.es\/","name":"Turismo Bot\u00e1nico","description":"Turismo de naturaleza","potentialAction":[{"@type":"SearchAction","target":{"@type":"EntryPoint","urlTemplate":"https:\/\/turismobotanico.es\/?s={search_term_string}"},"query-input":{"@type":"PropertyValueSpecification","valueRequired":true,"valueName":"search_term_string"}}],"inLanguage":"en-US"}]}},"_links":{"self":[{"href":"https:\/\/turismobotanico.es\/en\/wp-json\/wp\/v2\/product\/19474","targetHints":{"allow":["GET"]}}],"collection":[{"href":"https:\/\/turismobotanico.es\/en\/wp-json\/wp\/v2\/product"}],"about":[{"href":"https:\/\/turismobotanico.es\/en\/wp-json\/wp\/v2\/types\/product"}],"replies":[{"embeddable":true,"href":"https:\/\/turismobotanico.es\/en\/wp-json\/wp\/v2\/comments?post=19474"}],"version-history":[{"count":3,"href":"https:\/\/turismobotanico.es\/en\/wp-json\/wp\/v2\/product\/19474\/revisions"}],"predecessor-version":[{"id":20378,"href":"https:\/\/turismobotanico.es\/en\/wp-json\/wp\/v2\/product\/19474\/revisions\/20378"}],"wp:featuredmedia":[{"embeddable":true,"href":"https:\/\/turismobotanico.es\/en\/wp-json\/wp\/v2\/media\/19469"}],"wp:attachment":[{"href":"https:\/\/turismobotanico.es\/en\/wp-json\/wp\/v2\/media?parent=19474"}],"wp:term":[{"taxonomy":"product_brand","embeddable":true,"href":"https:\/\/turismobotanico.es\/en\/wp-json\/wp\/v2\/product_brand?post=19474"},{"taxonomy":"product_cat","embeddable":true,"href":"https:\/\/turismobotanico.es\/en\/wp-json\/wp\/v2\/product_cat?post=19474"},{"taxonomy":"product_tag","embeddable":true,"href":"https:\/\/turismobotanico.es\/en\/wp-json\/wp\/v2\/product_tag?post=19474"}],"curies":[{"name":"wp","href":"https:\/\/api.w.org\/{rel}","templated":true}]}}