{"id":19740,"date":"2026-01-15T13:24:14","date_gmt":"2026-01-15T13:24:14","guid":{"rendered":"https:\/\/turismobotanico.es\/?post_type=product&#038;p=19740"},"modified":"2026-01-16T10:55:43","modified_gmt":"2026-01-16T10:55:43","slug":"estiria-austria-20-al-26-de-julio-de-2026","status":"publish","type":"product","link":"https:\/\/turismobotanico.es\/en\/estiria-austria-20-al-26-de-julio-de-2026\/","title":{"rendered":"Estiria | Del 20 al 26 de Julio de 2026"},"content":{"rendered":"<p><a href=\"https:\/\/turismobotanico.es\/wp-content\/uploads\/2025\/12\/Estiria_Julio2026.pdf\">VER EL PROGRAMA COMPLETO (RECOMENDADO).<\/a><\/p>\n<p><strong>Lebensgef\u00fchl: Un estilo de vida <\/strong><\/p>\n<p>Os presentamos la que posiblemente sea la palabra que m\u00e1s representa a los austriacos. No tiene una traducci\u00f3n literal al castellano, pero ellos la acu\u00f1an como \u201csu estilo de vida\u201d. Es un sentimiento que llevan muy dentro y que os queremos transmitir viajando por una<br \/>\nde las zonas de Austria menos conocida. Estiria.<\/p>\n<p>Con base de operaciones en la ciudad de Gratz, de la que conoceremos su historia y por<br \/>\nsupuesto su jard\u00edn bot\u00e1nico, haremos diferentes incursiones para conocer lugares tan bonitos como las cascadas de Kessel o la subida a la colina de Schlossberg. Tambi\u00e9n podremos visitar el museo al aire libre de St\u00fcbling, caminata y cultura en una misma<br \/>\nactividad. Una vez conocida esta zona, nos moveremos al parque natural del Sur de Estiria que ser\u00e1 nuestro segundo lugar de estad\u00eda. En concreto, el bonito pueblo de Gamlitz. Pero de camino, no perderemos la oportunidad de subir al castillo de Riegersburg o de visitar la curiosa manufactura de vinagres de G\u00f6lles. Y por \u00faltimo, la inmersi\u00f3n en la naturaleza de Estiria vendr\u00e1 con las caminatas<br \/>\npropuestas por los alrededores del pueblo de Gamlitz, antes de movernos y conocer la ciudad de Klagenfurt desde donde realizaremos nuestro regreso. Ser\u00e1n 7 d\u00edas para sentirnos austriacos. Una semana para vivir y respirar la naturaleza<br \/>\ndel sur de Austria y, sobre todo, para vivir el LEBENSGEF\u00dcL. \u00bfTe apuntas?<\/p>\n<p><span data-path-to-node=\"4,0\"><b><span class=\"citation-79\">PRECIO POR PERSONA<\/span><\/b><span class=\"citation-79\"> INCLUYENDO: BILLETES DE AVI\u00d3N Y TRANSPORTE COMPLETO DESDE ORIGEN Y EN DESTINO, <\/span><\/span><span data-path-to-node=\"4,4\"><span class=\"citation-78\">ALOJAMIENTO DURANTE 6 <\/span><span class=\"citation-78\">NOCHES<\/span><\/span><span data-path-to-node=\"4,7\"><i><span class=\"citation-77\">\u00a0<\/span><\/i><span class=\"citation-77\">CON DESAYUNO INCLUIDO, <\/span><\/span><span data-path-to-node=\"4,21\"><span class=\"citation-73\">GU\u00cdA LOCAL DE NATURALEZA <\/span><span class=\"citation-73\">ALTAMENTE CUALIFICADOS, <\/span><\/span><span data-path-to-node=\"4,25\"><span class=\"citation-72\">ENTRADAS A TODAS LAS ACTIVIDADES DEL PROGRAMA <\/span><\/span><span data-path-to-node=\"4,28\"><span class=\"citation-71\">Y<\/span><\/span><span data-path-to-node=\"4,32\"><span class=\"citation-70\">\u00a0<\/span><\/span><span data-path-to-node=\"4,35\"><span class=\"citation-69\">TODOS LOS SEGUROS DE CANCELACI\u00d3N, ACCIDENTES Y RESPONSABILIDAD CIVIL: <b><span class=\"citation-79\">1.520\u20ac.<\/span><\/b><\/span><\/span><\/p>\n<p>El alojamiento es\u00a0en habitaci\u00f3n doble.\u00a0Si vas solo, tendr\u00e1s que pagar el suplemento de\u00a0<strong>habitaci\u00f3n individual: 360\u20ac<\/strong>. A\u00f1\u00e1delo al carrito, desde la parte de abajo de la p\u00e1gina, en el siguiente paso de la reserva.<\/p>\n<p><a href=\"https:\/\/www.bujaldon-sl.com\/productos\/certificado\/prime-2-0-copia\">PUEDE CONSULTAR LAS CONDICIONES DE ESTE SEGURO DE CANCELACI\u00d3N CLICANDO AQU\u00cd<\/a><\/p>\n<p><a href=\"https:\/\/turismobotanico.es\/en\/politica-de-cancelaciones\/\">PUEDES CONSULTAR AQU\u00cd NUESTRA POL\u00cdTICA DE CANCELACIONES<\/a><\/p>","protected":false},"excerpt":{"rendered":"<p><a href=\"https:\/\/turismobotanico.es\/wp-content\/uploads\/2025\/12\/Estiria_Julio2026.pdf\">VER EL PROGRAMA COMPLETO (RECOMENDADO).<\/a><\/p>\n<p><strong>Lebensgef\u00fchl: Un estilo de vida <\/strong><\/p>\n<p>Os presentamos la que posiblemente sea la palabra que m\u00e1s representa a los austriacos. No tiene una traducci\u00f3n literal al castellano, pero ellos la acu\u00f1an como \u201csu estilo de vida\u201d. Es un sentimiento que llevan muy dentro y que os queremos transmitir viajando por una<br \/>\nde las zonas de Austria menos conocida. Estiria.<\/p>\n<p>Con base de operaciones en la ciudad de Gratz, de la que conoceremos su historia y por<br \/>\nsupuesto su jard\u00edn bot\u00e1nico, haremos diferentes incursiones para conocer lugares tan bonitos como las cascadas de Kessel o la subida a la colina de Schlossberg. Tambi\u00e9n podremos visitar el museo al aire libre de St\u00fcbling, caminata y cultura en una misma<br \/>\nactividad. Una vez conocida esta zona, nos moveremos al parque natural del Sur de Estiria que ser\u00e1 nuestro segundo lugar de estad\u00eda. En concreto, el bonito pueblo de Gamlitz. Pero de camino, no perderemos la oportunidad de subir al castillo de Riegersburg o de visitar la curiosa manufactura de vinagres de G\u00f6lles. Y por \u00faltimo, la inmersi\u00f3n en la naturaleza de Estiria vendr\u00e1 con las caminatas<br \/>\npropuestas por los alrededores del pueblo de Gamlitz, antes de movernos y conocer la ciudad de Klagenfurt desde donde realizaremos nuestro regreso. Ser\u00e1n 7 d\u00edas para sentirnos austriacos. Una semana para vivir y respirar la naturaleza<br \/>\ndel sur de Austria y, sobre todo, para vivir el LEBENSGEF\u00dcL. \u00bfTe apuntas?<\/p>\n<p><span data-path-to-node=\"4,0\"><b><span class=\"citation-79\">PRECIO POR PERSONA<\/span><\/b><span class=\"citation-79\"> INCLUYENDO: BILLETES DE AVI\u00d3N Y TRANSPORTE COMPLETO DESDE ORIGEN Y EN DESTINO, <\/span><\/span><span data-path-to-node=\"4,4\"><span class=\"citation-78\">ALOJAMIENTO DURANTE 6 <\/span><span class=\"citation-78\">NOCHES<\/span><\/span><span data-path-to-node=\"4,7\"><i><span class=\"citation-77\">\u00a0<\/span><\/i><span class=\"citation-77\">CON DESAYUNO INCLUIDO, <\/span><\/span><span data-path-to-node=\"4,21\"><span class=\"citation-73\">GU\u00cdA LOCAL DE NATURALEZA <\/span><span class=\"citation-73\">ALTAMENTE CUALIFICADOS, <\/span><\/span><span data-path-to-node=\"4,25\"><span class=\"citation-72\">ENTRADAS A TODAS LAS ACTIVIDADES DEL PROGRAMA <\/span><\/span><span data-path-to-node=\"4,28\"><span class=\"citation-71\">Y<\/span><\/span><span data-path-to-node=\"4,32\"><span class=\"citation-70\">\u00a0<\/span><\/span><span data-path-to-node=\"4,35\"><span class=\"citation-69\">TODOS LOS SEGUROS DE CANCELACI\u00d3N, ACCIDENTES Y RESPONSABILIDAD CIVIL: <b><span class=\"citation-79\">1.520\u20ac.<\/span><\/b><\/span><\/span><\/p>\n<p>El alojamiento es\u00a0en habitaci\u00f3n doble.\u00a0Si vas solo, tendr\u00e1s que pagar el suplemento de\u00a0<strong>habitaci\u00f3n individual: 360\u20ac<\/strong>. A\u00f1\u00e1delo al carrito, desde la parte de abajo de la p\u00e1gina, en el siguiente paso de la reserva.<\/p>\n<p><a href=\"https:\/\/www.bujaldon-sl.com\/productos\/certificado\/prime-2-0-copia\">PUEDE CONSULTAR LAS CONDICIONES DE ESTE SEGURO DE CANCELACI\u00d3N CLICANDO AQU\u00cd<\/a><\/p>\n<p><a href=\"https:\/\/turismobotanico.es\/en\/politica-de-cancelaciones\/\">PUEDES CONSULTAR AQU\u00cd NUESTRA POL\u00cdTICA DE CANCELACIONES<\/a><\/p>","protected":false},"featured_media":19754,"comment_status":"closed","ping_status":"closed","template":"","meta":[],"product_brand":[],"product_cat":[54,55,45,62,106,56,53,131,132],"product_tag":[],"class_list":{"0":"post-19740","1":"product","2":"type-product","3":"status-publish","4":"has-post-thumbnail","6":"product_cat-albacete","7":"product_cat-alicante","8":"product_cat-destinos-por-region","9":"product_cat-escapadas-y-viajes-de-naturaleza-en-europa-y-el-mundo","10":"product_cat-europa","11":"product_cat-madrid","12":"product_cat-murcia","13":"product_cat-senderismo","14":"product_cat-viajes-de-naturaleza","16":"first","17":"instock","18":"virtual","19":"purchasable","20":"product-type-simple"},"yoast_head":"<!-- This site is optimized with the Yoast SEO plugin v27.4 - https:\/\/yoast.com\/product\/yoast-seo-wordpress\/ -->\n<title>Estiria | Del 20 al 26 de Julio de 2026 - Turismo Bot\u00e1nico<\/title>\n<meta name=\"description\" content=\"Ven a descubrir una de las maravillosas zonas que esconde Austria: Estiria. M\u00e1s que un lugar, un sentimiento. Te apuntas?\" \/>\n<meta name=\"robots\" content=\"index, follow, max-snippet:-1, max-image-preview:large, max-video-preview:-1\" \/>\n<link rel=\"canonical\" href=\"https:\/\/turismobotanico.es\/en\/estiria-austria-20-al-26-de-julio-de-2026\/\" \/>\n<meta property=\"og:locale\" content=\"en_US\" \/>\n<meta property=\"og:type\" content=\"article\" \/>\n<meta property=\"og:title\" content=\"Estiria | Del 20 al 26 de Julio de 2026 - Turismo Bot\u00e1nico\" \/>\n<meta property=\"og:description\" content=\"Ven a descubrir una de las maravillosas zonas que esconde Austria: Estiria. M\u00e1s que un lugar, un sentimiento. Te apuntas?\" \/>\n<meta property=\"og:url\" content=\"https:\/\/turismobotanico.es\/en\/estiria-austria-20-al-26-de-julio-de-2026\/\" \/>\n<meta property=\"og:site_name\" content=\"Turismo Bot\u00e1nico\" \/>\n<meta property=\"article:modified_time\" content=\"2026-01-16T10:55:43+00:00\" \/>\n<meta property=\"og:image\" content=\"https:\/\/turismobotanico.es\/wp-content\/uploads\/2026\/01\/Kaprun-Hiking-_-Amazing-3-Day-Summer-Trip-in-Austria.jpeg\" \/>\n\t<meta property=\"og:image:width\" content=\"683\" \/>\n\t<meta property=\"og:image:height\" content=\"1024\" \/>\n\t<meta property=\"og:image:type\" content=\"image\/jpeg\" \/>\n<meta name=\"twitter:card\" content=\"summary_large_image\" \/>\n<meta name=\"twitter:label1\" content=\"Est. reading time\" \/>\n\t<meta name=\"twitter:data1\" content=\"2 minutes\" \/>\n<script type=\"application\/ld+json\" class=\"yoast-schema-graph\">{\"@context\":\"https:\\\/\\\/schema.org\",\"@graph\":[{\"@type\":\"WebPage\",\"@id\":\"https:\\\/\\\/turismobotanico.es\\\/estiria-austria-20-al-26-de-julio-de-2026\\\/\",\"url\":\"https:\\\/\\\/turismobotanico.es\\\/estiria-austria-20-al-26-de-julio-de-2026\\\/\",\"name\":\"Estiria | Del 20 al 26 de Julio de 2026 - Turismo Bot\u00e1nico\",\"isPartOf\":{\"@id\":\"https:\\\/\\\/turismobotanico.es\\\/#website\"},\"primaryImageOfPage\":{\"@id\":\"https:\\\/\\\/turismobotanico.es\\\/estiria-austria-20-al-26-de-julio-de-2026\\\/#primaryimage\"},\"image\":{\"@id\":\"https:\\\/\\\/turismobotanico.es\\\/estiria-austria-20-al-26-de-julio-de-2026\\\/#primaryimage\"},\"thumbnailUrl\":\"https:\\\/\\\/turismobotanico.es\\\/wp-content\\\/uploads\\\/2026\\\/01\\\/Kaprun-Hiking-_-Amazing-3-Day-Summer-Trip-in-Austria.jpeg\",\"datePublished\":\"2026-01-15T13:24:14+00:00\",\"dateModified\":\"2026-01-16T10:55:43+00:00\",\"description\":\"Ven a descubrir una de las maravillosas zonas que esconde Austria: Estiria. M\u00e1s que un lugar, un sentimiento. Te apuntas?\",\"breadcrumb\":{\"@id\":\"https:\\\/\\\/turismobotanico.es\\\/estiria-austria-20-al-26-de-julio-de-2026\\\/#breadcrumb\"},\"inLanguage\":\"en-US\",\"potentialAction\":[{\"@type\":\"ReadAction\",\"target\":[\"https:\\\/\\\/turismobotanico.es\\\/estiria-austria-20-al-26-de-julio-de-2026\\\/\"]}]},{\"@type\":\"ImageObject\",\"inLanguage\":\"en-US\",\"@id\":\"https:\\\/\\\/turismobotanico.es\\\/estiria-austria-20-al-26-de-julio-de-2026\\\/#primaryimage\",\"url\":\"https:\\\/\\\/turismobotanico.es\\\/wp-content\\\/uploads\\\/2026\\\/01\\\/Kaprun-Hiking-_-Amazing-3-Day-Summer-Trip-in-Austria.jpeg\",\"contentUrl\":\"https:\\\/\\\/turismobotanico.es\\\/wp-content\\\/uploads\\\/2026\\\/01\\\/Kaprun-Hiking-_-Amazing-3-Day-Summer-Trip-in-Austria.jpeg\",\"width\":683,\"height\":1024},{\"@type\":\"BreadcrumbList\",\"@id\":\"https:\\\/\\\/turismobotanico.es\\\/estiria-austria-20-al-26-de-julio-de-2026\\\/#breadcrumb\",\"itemListElement\":[{\"@type\":\"ListItem\",\"position\":1,\"name\":\"Portada\",\"item\":\"https:\\\/\\\/turismobotanico.es\\\/\"},{\"@type\":\"ListItem\",\"position\":2,\"name\":\"Tienda\",\"item\":\"https:\\\/\\\/turismobotanico.es\\\/tienda\\\/\"},{\"@type\":\"ListItem\",\"position\":3,\"name\":\"Estiria | Del 20 al 26 de Julio de 2026\"}]},{\"@type\":\"WebSite\",\"@id\":\"https:\\\/\\\/turismobotanico.es\\\/#website\",\"url\":\"https:\\\/\\\/turismobotanico.es\\\/\",\"name\":\"Turismo Bot\u00e1nico\",\"description\":\"Turismo de naturaleza\",\"potentialAction\":[{\"@type\":\"SearchAction\",\"target\":{\"@type\":\"EntryPoint\",\"urlTemplate\":\"https:\\\/\\\/turismobotanico.es\\\/?s={search_term_string}\"},\"query-input\":{\"@type\":\"PropertyValueSpecification\",\"valueRequired\":true,\"valueName\":\"search_term_string\"}}],\"inLanguage\":\"en-US\"}]}<\/script>\n<!-- \/ Yoast SEO plugin. -->","yoast_head_json":{"title":"Estiria | Del 20 al 26 de Julio de 2026 - Turismo Bot\u00e1nico","description":"Ven a descubrir una de las maravillosas zonas que esconde Austria: Estiria. M\u00e1s que un lugar, un sentimiento. Te apuntas?","robots":{"index":"index","follow":"follow","max-snippet":"max-snippet:-1","max-image-preview":"max-image-preview:large","max-video-preview":"max-video-preview:-1"},"canonical":"https:\/\/turismobotanico.es\/en\/estiria-austria-20-al-26-de-julio-de-2026\/","og_locale":"en_US","og_type":"article","og_title":"Estiria | Del 20 al 26 de Julio de 2026 - Turismo Bot\u00e1nico","og_description":"Ven a descubrir una de las maravillosas zonas que esconde Austria: Estiria. M\u00e1s que un lugar, un sentimiento. Te apuntas?","og_url":"https:\/\/turismobotanico.es\/en\/estiria-austria-20-al-26-de-julio-de-2026\/","og_site_name":"Turismo Bot\u00e1nico","article_modified_time":"2026-01-16T10:55:43+00:00","og_image":[{"width":683,"height":1024,"url":"https:\/\/turismobotanico.es\/wp-content\/uploads\/2026\/01\/Kaprun-Hiking-_-Amazing-3-Day-Summer-Trip-in-Austria.jpeg","type":"image\/jpeg"}],"twitter_card":"summary_large_image","twitter_misc":{"Est. reading time":"2 minutes"},"schema":{"@context":"https:\/\/schema.org","@graph":[{"@type":"WebPage","@id":"https:\/\/turismobotanico.es\/estiria-austria-20-al-26-de-julio-de-2026\/","url":"https:\/\/turismobotanico.es\/estiria-austria-20-al-26-de-julio-de-2026\/","name":"Estiria | Del 20 al 26 de Julio de 2026 - Turismo Bot\u00e1nico","isPartOf":{"@id":"https:\/\/turismobotanico.es\/#website"},"primaryImageOfPage":{"@id":"https:\/\/turismobotanico.es\/estiria-austria-20-al-26-de-julio-de-2026\/#primaryimage"},"image":{"@id":"https:\/\/turismobotanico.es\/estiria-austria-20-al-26-de-julio-de-2026\/#primaryimage"},"thumbnailUrl":"https:\/\/turismobotanico.es\/wp-content\/uploads\/2026\/01\/Kaprun-Hiking-_-Amazing-3-Day-Summer-Trip-in-Austria.jpeg","datePublished":"2026-01-15T13:24:14+00:00","dateModified":"2026-01-16T10:55:43+00:00","description":"Ven a descubrir una de las maravillosas zonas que esconde Austria: Estiria. M\u00e1s que un lugar, un sentimiento. Te apuntas?","breadcrumb":{"@id":"https:\/\/turismobotanico.es\/estiria-austria-20-al-26-de-julio-de-2026\/#breadcrumb"},"inLanguage":"en-US","potentialAction":[{"@type":"ReadAction","target":["https:\/\/turismobotanico.es\/estiria-austria-20-al-26-de-julio-de-2026\/"]}]},{"@type":"ImageObject","inLanguage":"en-US","@id":"https:\/\/turismobotanico.es\/estiria-austria-20-al-26-de-julio-de-2026\/#primaryimage","url":"https:\/\/turismobotanico.es\/wp-content\/uploads\/2026\/01\/Kaprun-Hiking-_-Amazing-3-Day-Summer-Trip-in-Austria.jpeg","contentUrl":"https:\/\/turismobotanico.es\/wp-content\/uploads\/2026\/01\/Kaprun-Hiking-_-Amazing-3-Day-Summer-Trip-in-Austria.jpeg","width":683,"height":1024},{"@type":"BreadcrumbList","@id":"https:\/\/turismobotanico.es\/estiria-austria-20-al-26-de-julio-de-2026\/#breadcrumb","itemListElement":[{"@type":"ListItem","position":1,"name":"Portada","item":"https:\/\/turismobotanico.es\/"},{"@type":"ListItem","position":2,"name":"Tienda","item":"https:\/\/turismobotanico.es\/tienda\/"},{"@type":"ListItem","position":3,"name":"Estiria | Del 20 al 26 de Julio de 2026"}]},{"@type":"WebSite","@id":"https:\/\/turismobotanico.es\/#website","url":"https:\/\/turismobotanico.es\/","name":"Turismo Bot\u00e1nico","description":"Turismo de naturaleza","potentialAction":[{"@type":"SearchAction","target":{"@type":"EntryPoint","urlTemplate":"https:\/\/turismobotanico.es\/?s={search_term_string}"},"query-input":{"@type":"PropertyValueSpecification","valueRequired":true,"valueName":"search_term_string"}}],"inLanguage":"en-US"}]}},"_links":{"self":[{"href":"https:\/\/turismobotanico.es\/en\/wp-json\/wp\/v2\/product\/19740","targetHints":{"allow":["GET"]}}],"collection":[{"href":"https:\/\/turismobotanico.es\/en\/wp-json\/wp\/v2\/product"}],"about":[{"href":"https:\/\/turismobotanico.es\/en\/wp-json\/wp\/v2\/types\/product"}],"replies":[{"embeddable":true,"href":"https:\/\/turismobotanico.es\/en\/wp-json\/wp\/v2\/comments?post=19740"}],"version-history":[{"count":2,"href":"https:\/\/turismobotanico.es\/en\/wp-json\/wp\/v2\/product\/19740\/revisions"}],"predecessor-version":[{"id":19742,"href":"https:\/\/turismobotanico.es\/en\/wp-json\/wp\/v2\/product\/19740\/revisions\/19742"}],"wp:featuredmedia":[{"embeddable":true,"href":"https:\/\/turismobotanico.es\/en\/wp-json\/wp\/v2\/media\/19754"}],"wp:attachment":[{"href":"https:\/\/turismobotanico.es\/en\/wp-json\/wp\/v2\/media?parent=19740"}],"wp:term":[{"taxonomy":"product_brand","embeddable":true,"href":"https:\/\/turismobotanico.es\/en\/wp-json\/wp\/v2\/product_brand?post=19740"},{"taxonomy":"product_cat","embeddable":true,"href":"https:\/\/turismobotanico.es\/en\/wp-json\/wp\/v2\/product_cat?post=19740"},{"taxonomy":"product_tag","embeddable":true,"href":"https:\/\/turismobotanico.es\/en\/wp-json\/wp\/v2\/product_tag?post=19740"}],"curies":[{"name":"wp","href":"https:\/\/api.w.org\/{rel}","templated":true}]}}