{"id":19808,"date":"2026-01-22T10:32:27","date_gmt":"2026-01-22T10:32:27","guid":{"rendered":"https:\/\/turismobotanico.es\/?post_type=product&#038;p=19808"},"modified":"2026-03-10T10:48:58","modified_gmt":"2026-03-10T10:48:58","slug":"alicante-taller-de-aromaterapia-en-la-sierra-de-aitana","status":"publish","type":"product","link":"https:\/\/turismobotanico.es\/en\/alicante-taller-de-aromaterapia-en-la-sierra-de-aitana\/","title":{"rendered":"ALICANTE: Taller de aromaterapia | En la Sierra de Aitana | 07 de marzo"},"content":{"rendered":"<p><strong>Ruta interpretada con recolecci\u00f3n de plantas arom\u00e1ticas y posterior destilaci\u00f3n llev\u00e1ndote tu muestra de aceite esencial<\/strong><\/p>\n<p>Ruta por la ma\u00f1ana, comida incluida y taller de destilaci\u00f3n por la tarde.<\/p>\n<p><span style=\"color: #800000;\">7 de marzo de 2026<\/span><\/p>\n<p><span style=\"color: #800000;\">Punto de encuentro:<\/span> Sella, a las 10.00 h<\/p>\n<p><span style=\"color: #800000;\">Hasta las 18.00, aproximadamente.<\/span><\/p>\n<p>Sendero de recolecci\u00f3n | Dificultad baja<\/p>\n<p>El precio incluye gu\u00edas\u00a0 y seguros. Se incluye la comida y todos los materiales para el taller.<\/p>\n<p>NECESARIA RESERVA, PLAZAS LIMITADAS.<\/p>\n<p>Puedes reservar por Whatsapp en el 615674846 o en el correo contacto@turismobotanico.es<\/p>\n<p><a href=\"https:\/\/turismobotanico.es\/en\/politica-de-cancelaciones\/\" target=\"_blank\" rel=\"noopener\">PUEDES CONSULTAR AQU\u00cd NUESTRA POL\u00cdTICA COMPLETA DE CANCELACIONES<\/a><\/p>","protected":false},"excerpt":{"rendered":"<p><strong>Ruta interpretada con recolecci\u00f3n de plantas arom\u00e1ticas y posterior destilaci\u00f3n llev\u00e1ndote tu muestra de aceite esencial<\/strong><\/p>\n<p>Ruta por la ma\u00f1ana, comida incluida y taller de destilaci\u00f3n por la tarde.<\/p>\n<p><span style=\"color: #800000;\">07 de marzo de 2026<\/span><\/p>\n<p><span style=\"color: #800000;\">Punto de encuentro:<\/span> Sella, a las 10.00 h<\/p>\n<p><span style=\"color: #800000;\">Hasta las 18.00, aproximadamente.<\/span><\/p>\n<p>Sendero de recolecci\u00f3n | Dificultad baja<\/p>\n<p>El precio incluye gu\u00edas\u00a0 y seguros. Se incluye la comida y todos los materiales para el taller.<\/p>\n<p>NECESARIA RESERVA, PLAZAS LIMITADAS.<\/p>\n<p>Puedes reservar por Whatsapp en el 615674846 o en el correo contacto@turismobotanico.es<\/p>\n<p><a href=\"https:\/\/turismobotanico.es\/en\/politica-de-cancelaciones\/\" target=\"_blank\" rel=\"noopener\">PUEDES CONSULTAR AQU\u00cd NUESTRA POL\u00cdTICA COMPLETA DE CANCELACIONES<\/a><\/p>","protected":false},"featured_media":20324,"comment_status":"closed","ping_status":"closed","template":"","meta":[],"product_brand":[],"product_cat":[115],"product_tag":[],"class_list":{"0":"post-19808","1":"product","2":"type-product","3":"status-publish","4":"has-post-thumbnail","6":"product_cat-sin-categoria","8":"first","9":"instock","10":"shipping-taxable","11":"purchasable","12":"product-type-simple"},"yoast_head":"<!-- This site is optimized with the Yoast SEO plugin v27.3 - https:\/\/yoast.com\/product\/yoast-seo-wordpress\/ -->\n<title>ALICANTE: Taller de aromaterapia | En la Sierra de Aitana | 07 de marzo - Turismo Bot\u00e1nico<\/title>\n<meta name=\"description\" content=\"Ven a hacer aromaterapia en la Sierra de Aitana, incluye ruta de recolecci\u00f3n, comida y taller de destilaci\u00f3n de aceites esenciales. Te apuntas?\" \/>\n<meta name=\"robots\" content=\"index, follow, max-snippet:-1, max-image-preview:large, max-video-preview:-1\" \/>\n<link rel=\"canonical\" href=\"https:\/\/turismobotanico.es\/en\/alicante-taller-de-aromaterapia-en-la-sierra-de-aitana\/\" \/>\n<meta property=\"og:locale\" content=\"en_US\" \/>\n<meta property=\"og:type\" content=\"article\" \/>\n<meta property=\"og:title\" content=\"ALICANTE: Taller de aromaterapia | En la Sierra de Aitana | 07 de marzo - Turismo Bot\u00e1nico\" \/>\n<meta property=\"og:description\" content=\"Ven a hacer aromaterapia en la Sierra de Aitana, incluye ruta de recolecci\u00f3n, comida y taller de destilaci\u00f3n de aceites esenciales. Te apuntas?\" \/>\n<meta property=\"og:url\" content=\"https:\/\/turismobotanico.es\/en\/alicante-taller-de-aromaterapia-en-la-sierra-de-aitana\/\" \/>\n<meta property=\"og:site_name\" content=\"Turismo Bot\u00e1nico\" \/>\n<meta property=\"article:modified_time\" content=\"2026-03-10T10:48:58+00:00\" \/>\n<meta property=\"og:image\" content=\"https:\/\/turismobotanico.es\/wp-content\/uploads\/2026\/01\/WhatsApp-Image-2026-02-23-at-12.23.01.jpeg\" \/>\n\t<meta property=\"og:image:width\" content=\"1080\" \/>\n\t<meta property=\"og:image:height\" content=\"1080\" \/>\n\t<meta property=\"og:image:type\" content=\"image\/jpeg\" \/>\n<meta name=\"twitter:card\" content=\"summary_large_image\" \/>\n<meta name=\"twitter:label1\" content=\"Est. reading time\" \/>\n\t<meta name=\"twitter:data1\" content=\"1 minute\" \/>\n<script type=\"application\/ld+json\" class=\"yoast-schema-graph\">{\"@context\":\"https:\\\/\\\/schema.org\",\"@graph\":[{\"@type\":\"WebPage\",\"@id\":\"https:\\\/\\\/turismobotanico.es\\\/alicante-taller-de-aromaterapia-en-la-sierra-de-aitana\\\/\",\"url\":\"https:\\\/\\\/turismobotanico.es\\\/alicante-taller-de-aromaterapia-en-la-sierra-de-aitana\\\/\",\"name\":\"ALICANTE: Taller de aromaterapia | En la Sierra de Aitana | 07 de marzo - Turismo Bot\u00e1nico\",\"isPartOf\":{\"@id\":\"https:\\\/\\\/turismobotanico.es\\\/#website\"},\"primaryImageOfPage\":{\"@id\":\"https:\\\/\\\/turismobotanico.es\\\/alicante-taller-de-aromaterapia-en-la-sierra-de-aitana\\\/#primaryimage\"},\"image\":{\"@id\":\"https:\\\/\\\/turismobotanico.es\\\/alicante-taller-de-aromaterapia-en-la-sierra-de-aitana\\\/#primaryimage\"},\"thumbnailUrl\":\"https:\\\/\\\/turismobotanico.es\\\/wp-content\\\/uploads\\\/2026\\\/01\\\/WhatsApp-Image-2026-02-23-at-12.23.01.jpeg\",\"datePublished\":\"2026-01-22T10:32:27+00:00\",\"dateModified\":\"2026-03-10T10:48:58+00:00\",\"description\":\"Ven a hacer aromaterapia en la Sierra de Aitana, incluye ruta de recolecci\u00f3n, comida y taller de destilaci\u00f3n de aceites esenciales. Te apuntas?\",\"breadcrumb\":{\"@id\":\"https:\\\/\\\/turismobotanico.es\\\/alicante-taller-de-aromaterapia-en-la-sierra-de-aitana\\\/#breadcrumb\"},\"inLanguage\":\"en-US\",\"potentialAction\":[{\"@type\":\"ReadAction\",\"target\":[\"https:\\\/\\\/turismobotanico.es\\\/alicante-taller-de-aromaterapia-en-la-sierra-de-aitana\\\/\"]}]},{\"@type\":\"ImageObject\",\"inLanguage\":\"en-US\",\"@id\":\"https:\\\/\\\/turismobotanico.es\\\/alicante-taller-de-aromaterapia-en-la-sierra-de-aitana\\\/#primaryimage\",\"url\":\"https:\\\/\\\/turismobotanico.es\\\/wp-content\\\/uploads\\\/2026\\\/01\\\/WhatsApp-Image-2026-02-23-at-12.23.01.jpeg\",\"contentUrl\":\"https:\\\/\\\/turismobotanico.es\\\/wp-content\\\/uploads\\\/2026\\\/01\\\/WhatsApp-Image-2026-02-23-at-12.23.01.jpeg\",\"width\":1080,\"height\":1080},{\"@type\":\"BreadcrumbList\",\"@id\":\"https:\\\/\\\/turismobotanico.es\\\/alicante-taller-de-aromaterapia-en-la-sierra-de-aitana\\\/#breadcrumb\",\"itemListElement\":[{\"@type\":\"ListItem\",\"position\":1,\"name\":\"Portada\",\"item\":\"https:\\\/\\\/turismobotanico.es\\\/\"},{\"@type\":\"ListItem\",\"position\":2,\"name\":\"Tienda\",\"item\":\"https:\\\/\\\/turismobotanico.es\\\/tienda\\\/\"},{\"@type\":\"ListItem\",\"position\":3,\"name\":\"ALICANTE: Taller de aromaterapia | En la Sierra de Aitana | 07 de marzo\"}]},{\"@type\":\"WebSite\",\"@id\":\"https:\\\/\\\/turismobotanico.es\\\/#website\",\"url\":\"https:\\\/\\\/turismobotanico.es\\\/\",\"name\":\"Turismo Bot\u00e1nico\",\"description\":\"Turismo de naturaleza\",\"potentialAction\":[{\"@type\":\"SearchAction\",\"target\":{\"@type\":\"EntryPoint\",\"urlTemplate\":\"https:\\\/\\\/turismobotanico.es\\\/?s={search_term_string}\"},\"query-input\":{\"@type\":\"PropertyValueSpecification\",\"valueRequired\":true,\"valueName\":\"search_term_string\"}}],\"inLanguage\":\"en-US\"}]}<\/script>\n<!-- \/ Yoast SEO plugin. -->","yoast_head_json":{"title":"ALICANTE: Taller de aromaterapia | En la Sierra de Aitana | 07 de marzo - Turismo Bot\u00e1nico","description":"Ven a hacer aromaterapia en la Sierra de Aitana, incluye ruta de recolecci\u00f3n, comida y taller de destilaci\u00f3n de aceites esenciales. Te apuntas?","robots":{"index":"index","follow":"follow","max-snippet":"max-snippet:-1","max-image-preview":"max-image-preview:large","max-video-preview":"max-video-preview:-1"},"canonical":"https:\/\/turismobotanico.es\/en\/alicante-taller-de-aromaterapia-en-la-sierra-de-aitana\/","og_locale":"en_US","og_type":"article","og_title":"ALICANTE: Taller de aromaterapia | En la Sierra de Aitana | 07 de marzo - Turismo Bot\u00e1nico","og_description":"Ven a hacer aromaterapia en la Sierra de Aitana, incluye ruta de recolecci\u00f3n, comida y taller de destilaci\u00f3n de aceites esenciales. Te apuntas?","og_url":"https:\/\/turismobotanico.es\/en\/alicante-taller-de-aromaterapia-en-la-sierra-de-aitana\/","og_site_name":"Turismo Bot\u00e1nico","article_modified_time":"2026-03-10T10:48:58+00:00","og_image":[{"width":1080,"height":1080,"url":"https:\/\/turismobotanico.es\/wp-content\/uploads\/2026\/01\/WhatsApp-Image-2026-02-23-at-12.23.01.jpeg","type":"image\/jpeg"}],"twitter_card":"summary_large_image","twitter_misc":{"Est. reading time":"1 minute"},"schema":{"@context":"https:\/\/schema.org","@graph":[{"@type":"WebPage","@id":"https:\/\/turismobotanico.es\/alicante-taller-de-aromaterapia-en-la-sierra-de-aitana\/","url":"https:\/\/turismobotanico.es\/alicante-taller-de-aromaterapia-en-la-sierra-de-aitana\/","name":"ALICANTE: Taller de aromaterapia | En la Sierra de Aitana | 07 de marzo - Turismo Bot\u00e1nico","isPartOf":{"@id":"https:\/\/turismobotanico.es\/#website"},"primaryImageOfPage":{"@id":"https:\/\/turismobotanico.es\/alicante-taller-de-aromaterapia-en-la-sierra-de-aitana\/#primaryimage"},"image":{"@id":"https:\/\/turismobotanico.es\/alicante-taller-de-aromaterapia-en-la-sierra-de-aitana\/#primaryimage"},"thumbnailUrl":"https:\/\/turismobotanico.es\/wp-content\/uploads\/2026\/01\/WhatsApp-Image-2026-02-23-at-12.23.01.jpeg","datePublished":"2026-01-22T10:32:27+00:00","dateModified":"2026-03-10T10:48:58+00:00","description":"Ven a hacer aromaterapia en la Sierra de Aitana, incluye ruta de recolecci\u00f3n, comida y taller de destilaci\u00f3n de aceites esenciales. Te apuntas?","breadcrumb":{"@id":"https:\/\/turismobotanico.es\/alicante-taller-de-aromaterapia-en-la-sierra-de-aitana\/#breadcrumb"},"inLanguage":"en-US","potentialAction":[{"@type":"ReadAction","target":["https:\/\/turismobotanico.es\/alicante-taller-de-aromaterapia-en-la-sierra-de-aitana\/"]}]},{"@type":"ImageObject","inLanguage":"en-US","@id":"https:\/\/turismobotanico.es\/alicante-taller-de-aromaterapia-en-la-sierra-de-aitana\/#primaryimage","url":"https:\/\/turismobotanico.es\/wp-content\/uploads\/2026\/01\/WhatsApp-Image-2026-02-23-at-12.23.01.jpeg","contentUrl":"https:\/\/turismobotanico.es\/wp-content\/uploads\/2026\/01\/WhatsApp-Image-2026-02-23-at-12.23.01.jpeg","width":1080,"height":1080},{"@type":"BreadcrumbList","@id":"https:\/\/turismobotanico.es\/alicante-taller-de-aromaterapia-en-la-sierra-de-aitana\/#breadcrumb","itemListElement":[{"@type":"ListItem","position":1,"name":"Portada","item":"https:\/\/turismobotanico.es\/"},{"@type":"ListItem","position":2,"name":"Tienda","item":"https:\/\/turismobotanico.es\/tienda\/"},{"@type":"ListItem","position":3,"name":"ALICANTE: Taller de aromaterapia | En la Sierra de Aitana | 07 de marzo"}]},{"@type":"WebSite","@id":"https:\/\/turismobotanico.es\/#website","url":"https:\/\/turismobotanico.es\/","name":"Turismo Bot\u00e1nico","description":"Turismo de naturaleza","potentialAction":[{"@type":"SearchAction","target":{"@type":"EntryPoint","urlTemplate":"https:\/\/turismobotanico.es\/?s={search_term_string}"},"query-input":{"@type":"PropertyValueSpecification","valueRequired":true,"valueName":"search_term_string"}}],"inLanguage":"en-US"}]}},"_links":{"self":[{"href":"https:\/\/turismobotanico.es\/en\/wp-json\/wp\/v2\/product\/19808","targetHints":{"allow":["GET"]}}],"collection":[{"href":"https:\/\/turismobotanico.es\/en\/wp-json\/wp\/v2\/product"}],"about":[{"href":"https:\/\/turismobotanico.es\/en\/wp-json\/wp\/v2\/types\/product"}],"replies":[{"embeddable":true,"href":"https:\/\/turismobotanico.es\/en\/wp-json\/wp\/v2\/comments?post=19808"}],"version-history":[{"count":3,"href":"https:\/\/turismobotanico.es\/en\/wp-json\/wp\/v2\/product\/19808\/revisions"}],"predecessor-version":[{"id":20326,"href":"https:\/\/turismobotanico.es\/en\/wp-json\/wp\/v2\/product\/19808\/revisions\/20326"}],"wp:featuredmedia":[{"embeddable":true,"href":"https:\/\/turismobotanico.es\/en\/wp-json\/wp\/v2\/media\/20324"}],"wp:attachment":[{"href":"https:\/\/turismobotanico.es\/en\/wp-json\/wp\/v2\/media?parent=19808"}],"wp:term":[{"taxonomy":"product_brand","embeddable":true,"href":"https:\/\/turismobotanico.es\/en\/wp-json\/wp\/v2\/product_brand?post=19808"},{"taxonomy":"product_cat","embeddable":true,"href":"https:\/\/turismobotanico.es\/en\/wp-json\/wp\/v2\/product_cat?post=19808"},{"taxonomy":"product_tag","embeddable":true,"href":"https:\/\/turismobotanico.es\/en\/wp-json\/wp\/v2\/product_tag?post=19808"}],"curies":[{"name":"wp","href":"https:\/\/api.w.org\/{rel}","templated":true}]}}