{"id":19921,"date":"2026-01-27T11:27:24","date_gmt":"2026-01-27T11:27:24","guid":{"rendered":"https:\/\/turismobotanico.es\/?post_type=product&#038;p=19921"},"modified":"2026-01-28T08:47:47","modified_gmt":"2026-01-28T08:47:47","slug":"lagos-ingleses-y-muro-de-adriano","status":"publish","type":"product","link":"https:\/\/turismobotanico.es\/en\/lagos-ingleses-y-muro-de-adriano\/","title":{"rendered":"Lagos Ingleses y Muro de Adriano: la frontera del Imperio | 20-25 agosto 2026"},"content":{"rendered":"<p><a href=\"https:\/\/turismobotanico.es\/wp-content\/uploads\/2026\/01\/Lagos-Ingleses-agosto-2026-1.pdf\">VER EL PROGRAMA COMPLETO (RECOMENDADO).<\/a><\/p>\n<p><strong>El jard\u00edn salvaje de Inglaterra<\/strong><\/p>\n<p>Mientras el centro de la Gran Breta\u00f1a y Londres se llenaban de f\u00e1bricas, s\u00f3rdidos barrios obreros y ferrocarriles que iban y ven\u00edan, unos pocos rincones del pa\u00eds miraban pasar los trenes desde la buc\u00f3lica campi\u00f1a. Por eso <strong>el Distrito de los Lagos<\/strong> se convirti\u00f3 en uno de los primeros destinos de naturaleza del mundo, el verdadero jard\u00edn salvaje ingl\u00e9s. Esta regi\u00f3n es uno de los secretos mejor guardados del pa\u00eds, uno de sus tres principales Parques Nacionales y todav\u00eda casi vedada a los viajeros extranjeros, pero bien conocida por los ingleses. Grandes lagos de origen glacial, flanqueados por montes imponentes cubiertos de brezo, helecho, robles y pinos. Cascadas, cuevas, prados, pueblos bonitos, lugares de inspiraci\u00f3n para escritores y pintores. Adem\u00e1s, os invitamos a una experiencia sensorial y comuni\u00f3n con la naturaleza: la travesia, descalzos, de la<strong> Bah\u00eda de Morecambe<\/strong>, como guinda a un pastel que incluye los vastos paisajes de la campi\u00f1a inglesa por los <strong>Parques Nacionales de Yorkshire y Northtumberland.<\/strong><\/p>\n<p><span data-path-to-node=\"4,0\"><b><span class=\"citation-79\">PRECIO POR PERSONA<\/span><\/b><span class=\"citation-79\"> INCLUYENDO: BILLETES DE AVI\u00d3N CON MALETA DE 10 KG Y TRANSPORTE COMPLETO DESDE ORIGEN Y EN DESTINO, <\/span><\/span><span data-path-to-node=\"4,4\"><span class=\"citation-78\">ALOJAMIENTO DURANTE 5 <\/span><span class=\"citation-78\">NOCHES<\/span> C<\/span><span data-path-to-node=\"4,7\"><span class=\"citation-77\">ON DESAYUNO, CENA DE BIENVENIDA, <\/span><\/span><span data-path-to-node=\"4,21\"><span class=\"citation-73\">GU\u00cdA LOCAL DE NATURALEZA Y CULTURA<\/span><span class=\"citation-73\">, VISITAS Y <\/span><\/span><span data-path-to-node=\"4,25\"><span class=\"citation-72\">ENTRADAS A TODAS LAS ACTIVIDADES ESPECIFICADAS EN EL PROGRAMA <\/span><\/span><span data-path-to-node=\"4,28\"><span class=\"citation-71\">Y<\/span><\/span> <span data-path-to-node=\"4,35\"><span class=\"citation-69\">SEGUROS DE CANCELACI\u00d3N, ACCIDENTES Y RESPONSABILIDAD CIVIL: <b><span class=\"citation-79\">1 825\u20ac.<\/span><\/b><\/span><\/span><\/p>\n<p>El alojamiento es\u00a0en habitaci\u00f3n doble.\u00a0Si vas solo, tendr\u00e1s que pagar el suplemento de\u00a0<strong>habitaci\u00f3n individual: 350\u20ac<\/strong>. A\u00f1\u00e1delo al carrito, desde la parte de abajo de la p\u00e1gina, en el siguiente paso de la reserva.<\/p>\n<p><a href=\"https:\/\/www.bujaldon-sl.com\/productos\/certificado\/prime-2-0\">PUEDE CONSULTAR LAS CONDICIONES DE ESTE SEGURO DE CANCELACI\u00d3N CLICANDO AQU\u00cd<\/a><\/p>\n<p><a href=\"https:\/\/turismobotanico.es\/en\/politica-de-cancelaciones\/\">PUEDES CONSULTAR AQU\u00cd NUESTRA POL\u00cdTICA DE CANCELACIONES<\/a><\/p>","protected":false},"excerpt":{"rendered":"<p>VER EL PROGRAMA COMPLETO (RECOMENDADO). El jard\u00edn salvaje de Inglaterra Mientras el centro de la Gran Breta\u00f1a y Londres se llenaban de f\u00e1bricas, s\u00f3rdidos barrios obreros y ferrocarriles que iban [&hellip;]<\/p>\n","protected":false},"featured_media":19927,"comment_status":"closed","ping_status":"closed","template":"","meta":[],"product_brand":[],"product_cat":[54,55,133,45,62,134,106,56,53,132],"product_tag":[],"class_list":{"0":"post-19921","1":"product","2":"type-product","3":"status-publish","4":"has-post-thumbnail","6":"product_cat-albacete","7":"product_cat-alicante","8":"product_cat-cultura-natural-2","9":"product_cat-destinos-por-region","10":"product_cat-escapadas-y-viajes-de-naturaleza-en-europa-y-el-mundo","11":"product_cat-escapadas-y-viajes-de-naturaleza-por-el-mundo-y-europa","12":"product_cat-europa","13":"product_cat-madrid","14":"product_cat-murcia","15":"product_cat-viajes-de-naturaleza","17":"first","18":"instock","19":"virtual","20":"purchasable","21":"product-type-simple"},"yoast_head":"<!-- This site is optimized with the Yoast SEO plugin v27.5 - https:\/\/yoast.com\/product\/yoast-seo-wordpress\/ -->\n<title>Lagos Ingleses y Muro de Adriano: la frontera del Imperio | 20-25 agosto 2026 - Turismo Bot\u00e1nico<\/title>\n<meta name=\"description\" content=\"Una regi\u00f3n en Inglaterra, llena de lagos y quebradas similar a la vecina Escocia y estuvo separada de esta en tiempos romanos por el Muro de Adriano.\" \/>\n<meta name=\"robots\" content=\"index, follow, max-snippet:-1, max-image-preview:large, max-video-preview:-1\" \/>\n<link rel=\"canonical\" href=\"https:\/\/turismobotanico.es\/en\/lagos-ingleses-y-muro-de-adriano\/\" \/>\n<meta property=\"og:locale\" content=\"en_US\" \/>\n<meta property=\"og:type\" content=\"article\" \/>\n<meta property=\"og:title\" content=\"Lagos Ingleses y Muro de Adriano: la frontera del Imperio | 20-25 agosto 2026 - Turismo Bot\u00e1nico\" \/>\n<meta property=\"og:description\" content=\"Una regi\u00f3n en Inglaterra, llena de lagos y quebradas similar a la vecina Escocia y estuvo separada de esta en tiempos romanos por el Muro de Adriano.\" \/>\n<meta property=\"og:url\" content=\"https:\/\/turismobotanico.es\/en\/lagos-ingleses-y-muro-de-adriano\/\" \/>\n<meta property=\"og:site_name\" content=\"Turismo Bot\u00e1nico\" \/>\n<meta property=\"article:modified_time\" content=\"2026-01-28T08:47:47+00:00\" \/>\n<meta property=\"og:image\" content=\"https:\/\/turismobotanico.es\/wp-content\/uploads\/2026\/01\/Bahia-Morecambe.jpg\" \/>\n\t<meta property=\"og:image:width\" content=\"2048\" \/>\n\t<meta property=\"og:image:height\" content=\"1152\" \/>\n\t<meta property=\"og:image:type\" content=\"image\/jpeg\" \/>\n<meta name=\"twitter:card\" content=\"summary_large_image\" \/>\n<meta name=\"twitter:label1\" content=\"Est. reading time\" \/>\n\t<meta name=\"twitter:data1\" content=\"2 minutes\" \/>\n<script type=\"application\/ld+json\" class=\"yoast-schema-graph\">{\"@context\":\"https:\\\/\\\/schema.org\",\"@graph\":[{\"@type\":\"WebPage\",\"@id\":\"https:\\\/\\\/turismobotanico.es\\\/lagos-ingleses-y-muro-de-adriano\\\/\",\"url\":\"https:\\\/\\\/turismobotanico.es\\\/lagos-ingleses-y-muro-de-adriano\\\/\",\"name\":\"Lagos Ingleses y Muro de Adriano: la frontera del Imperio | 20-25 agosto 2026 - Turismo Bot\u00e1nico\",\"isPartOf\":{\"@id\":\"https:\\\/\\\/turismobotanico.es\\\/#website\"},\"primaryImageOfPage\":{\"@id\":\"https:\\\/\\\/turismobotanico.es\\\/lagos-ingleses-y-muro-de-adriano\\\/#primaryimage\"},\"image\":{\"@id\":\"https:\\\/\\\/turismobotanico.es\\\/lagos-ingleses-y-muro-de-adriano\\\/#primaryimage\"},\"thumbnailUrl\":\"https:\\\/\\\/turismobotanico.es\\\/wp-content\\\/uploads\\\/2026\\\/01\\\/Bahia-Morecambe.jpg\",\"datePublished\":\"2026-01-27T11:27:24+00:00\",\"dateModified\":\"2026-01-28T08:47:47+00:00\",\"description\":\"Una regi\u00f3n en Inglaterra, llena de lagos y quebradas similar a la vecina Escocia y estuvo separada de esta en tiempos romanos por el Muro de Adriano.\",\"breadcrumb\":{\"@id\":\"https:\\\/\\\/turismobotanico.es\\\/lagos-ingleses-y-muro-de-adriano\\\/#breadcrumb\"},\"inLanguage\":\"en-US\",\"potentialAction\":[{\"@type\":\"ReadAction\",\"target\":[\"https:\\\/\\\/turismobotanico.es\\\/lagos-ingleses-y-muro-de-adriano\\\/\"]}]},{\"@type\":\"ImageObject\",\"inLanguage\":\"en-US\",\"@id\":\"https:\\\/\\\/turismobotanico.es\\\/lagos-ingleses-y-muro-de-adriano\\\/#primaryimage\",\"url\":\"https:\\\/\\\/turismobotanico.es\\\/wp-content\\\/uploads\\\/2026\\\/01\\\/Bahia-Morecambe.jpg\",\"contentUrl\":\"https:\\\/\\\/turismobotanico.es\\\/wp-content\\\/uploads\\\/2026\\\/01\\\/Bahia-Morecambe.jpg\",\"width\":2048,\"height\":1152,\"caption\":\"Bah\u00eda Morecambe\"},{\"@type\":\"BreadcrumbList\",\"@id\":\"https:\\\/\\\/turismobotanico.es\\\/lagos-ingleses-y-muro-de-adriano\\\/#breadcrumb\",\"itemListElement\":[{\"@type\":\"ListItem\",\"position\":1,\"name\":\"Portada\",\"item\":\"https:\\\/\\\/turismobotanico.es\\\/\"},{\"@type\":\"ListItem\",\"position\":2,\"name\":\"Tienda\",\"item\":\"https:\\\/\\\/turismobotanico.es\\\/tienda\\\/\"},{\"@type\":\"ListItem\",\"position\":3,\"name\":\"Lagos Ingleses y Muro de Adriano: la frontera del Imperio | 20-25 agosto 2026\"}]},{\"@type\":\"WebSite\",\"@id\":\"https:\\\/\\\/turismobotanico.es\\\/#website\",\"url\":\"https:\\\/\\\/turismobotanico.es\\\/\",\"name\":\"Turismo Bot\u00e1nico\",\"description\":\"Turismo de naturaleza\",\"potentialAction\":[{\"@type\":\"SearchAction\",\"target\":{\"@type\":\"EntryPoint\",\"urlTemplate\":\"https:\\\/\\\/turismobotanico.es\\\/?s={search_term_string}\"},\"query-input\":{\"@type\":\"PropertyValueSpecification\",\"valueRequired\":true,\"valueName\":\"search_term_string\"}}],\"inLanguage\":\"en-US\"}]}<\/script>\n<!-- \/ Yoast SEO plugin. -->","yoast_head_json":{"title":"Lagos Ingleses y Muro de Adriano: la frontera del Imperio | 20-25 agosto 2026 - Turismo Bot\u00e1nico","description":"Una regi\u00f3n en Inglaterra, llena de lagos y quebradas similar a la vecina Escocia y estuvo separada de esta en tiempos romanos por el Muro de Adriano.","robots":{"index":"index","follow":"follow","max-snippet":"max-snippet:-1","max-image-preview":"max-image-preview:large","max-video-preview":"max-video-preview:-1"},"canonical":"https:\/\/turismobotanico.es\/en\/lagos-ingleses-y-muro-de-adriano\/","og_locale":"en_US","og_type":"article","og_title":"Lagos Ingleses y Muro de Adriano: la frontera del Imperio | 20-25 agosto 2026 - Turismo Bot\u00e1nico","og_description":"Una regi\u00f3n en Inglaterra, llena de lagos y quebradas similar a la vecina Escocia y estuvo separada de esta en tiempos romanos por el Muro de Adriano.","og_url":"https:\/\/turismobotanico.es\/en\/lagos-ingleses-y-muro-de-adriano\/","og_site_name":"Turismo Bot\u00e1nico","article_modified_time":"2026-01-28T08:47:47+00:00","og_image":[{"width":2048,"height":1152,"url":"https:\/\/turismobotanico.es\/wp-content\/uploads\/2026\/01\/Bahia-Morecambe.jpg","type":"image\/jpeg"}],"twitter_card":"summary_large_image","twitter_misc":{"Est. reading time":"2 minutes"},"schema":{"@context":"https:\/\/schema.org","@graph":[{"@type":"WebPage","@id":"https:\/\/turismobotanico.es\/lagos-ingleses-y-muro-de-adriano\/","url":"https:\/\/turismobotanico.es\/lagos-ingleses-y-muro-de-adriano\/","name":"Lagos Ingleses y Muro de Adriano: la frontera del Imperio | 20-25 agosto 2026 - Turismo Bot\u00e1nico","isPartOf":{"@id":"https:\/\/turismobotanico.es\/#website"},"primaryImageOfPage":{"@id":"https:\/\/turismobotanico.es\/lagos-ingleses-y-muro-de-adriano\/#primaryimage"},"image":{"@id":"https:\/\/turismobotanico.es\/lagos-ingleses-y-muro-de-adriano\/#primaryimage"},"thumbnailUrl":"https:\/\/turismobotanico.es\/wp-content\/uploads\/2026\/01\/Bahia-Morecambe.jpg","datePublished":"2026-01-27T11:27:24+00:00","dateModified":"2026-01-28T08:47:47+00:00","description":"Una regi\u00f3n en Inglaterra, llena de lagos y quebradas similar a la vecina Escocia y estuvo separada de esta en tiempos romanos por el Muro de Adriano.","breadcrumb":{"@id":"https:\/\/turismobotanico.es\/lagos-ingleses-y-muro-de-adriano\/#breadcrumb"},"inLanguage":"en-US","potentialAction":[{"@type":"ReadAction","target":["https:\/\/turismobotanico.es\/lagos-ingleses-y-muro-de-adriano\/"]}]},{"@type":"ImageObject","inLanguage":"en-US","@id":"https:\/\/turismobotanico.es\/lagos-ingleses-y-muro-de-adriano\/#primaryimage","url":"https:\/\/turismobotanico.es\/wp-content\/uploads\/2026\/01\/Bahia-Morecambe.jpg","contentUrl":"https:\/\/turismobotanico.es\/wp-content\/uploads\/2026\/01\/Bahia-Morecambe.jpg","width":2048,"height":1152,"caption":"Bah\u00eda Morecambe"},{"@type":"BreadcrumbList","@id":"https:\/\/turismobotanico.es\/lagos-ingleses-y-muro-de-adriano\/#breadcrumb","itemListElement":[{"@type":"ListItem","position":1,"name":"Portada","item":"https:\/\/turismobotanico.es\/"},{"@type":"ListItem","position":2,"name":"Tienda","item":"https:\/\/turismobotanico.es\/tienda\/"},{"@type":"ListItem","position":3,"name":"Lagos Ingleses y Muro de Adriano: la frontera del Imperio | 20-25 agosto 2026"}]},{"@type":"WebSite","@id":"https:\/\/turismobotanico.es\/#website","url":"https:\/\/turismobotanico.es\/","name":"Turismo Bot\u00e1nico","description":"Turismo de naturaleza","potentialAction":[{"@type":"SearchAction","target":{"@type":"EntryPoint","urlTemplate":"https:\/\/turismobotanico.es\/?s={search_term_string}"},"query-input":{"@type":"PropertyValueSpecification","valueRequired":true,"valueName":"search_term_string"}}],"inLanguage":"en-US"}]}},"_links":{"self":[{"href":"https:\/\/turismobotanico.es\/en\/wp-json\/wp\/v2\/product\/19921","targetHints":{"allow":["GET"]}}],"collection":[{"href":"https:\/\/turismobotanico.es\/en\/wp-json\/wp\/v2\/product"}],"about":[{"href":"https:\/\/turismobotanico.es\/en\/wp-json\/wp\/v2\/types\/product"}],"replies":[{"embeddable":true,"href":"https:\/\/turismobotanico.es\/en\/wp-json\/wp\/v2\/comments?post=19921"}],"version-history":[{"count":3,"href":"https:\/\/turismobotanico.es\/en\/wp-json\/wp\/v2\/product\/19921\/revisions"}],"predecessor-version":[{"id":20008,"href":"https:\/\/turismobotanico.es\/en\/wp-json\/wp\/v2\/product\/19921\/revisions\/20008"}],"wp:featuredmedia":[{"embeddable":true,"href":"https:\/\/turismobotanico.es\/en\/wp-json\/wp\/v2\/media\/19927"}],"wp:attachment":[{"href":"https:\/\/turismobotanico.es\/en\/wp-json\/wp\/v2\/media?parent=19921"}],"wp:term":[{"taxonomy":"product_brand","embeddable":true,"href":"https:\/\/turismobotanico.es\/en\/wp-json\/wp\/v2\/product_brand?post=19921"},{"taxonomy":"product_cat","embeddable":true,"href":"https:\/\/turismobotanico.es\/en\/wp-json\/wp\/v2\/product_cat?post=19921"},{"taxonomy":"product_tag","embeddable":true,"href":"https:\/\/turismobotanico.es\/en\/wp-json\/wp\/v2\/product_tag?post=19921"}],"curies":[{"name":"wp","href":"https:\/\/api.w.org\/{rel}","templated":true}]}}