{"id":20000,"date":"2026-02-02T10:58:14","date_gmt":"2026-02-02T10:58:14","guid":{"rendered":"https:\/\/turismobotanico.es\/?post_type=product&#038;p=20000"},"modified":"2026-02-23T12:03:42","modified_gmt":"2026-02-23T12:03:42","slug":"bulgaria-up-el-corazon-de-los-balcanes-14-al-20-de-junio-de-2026-pago-2","status":"publish","type":"product","link":"https:\/\/turismobotanico.es\/en\/bulgaria-up-el-corazon-de-los-balcanes-14-al-20-de-junio-de-2026-pago-2\/","title":{"rendered":"Bulgaria UP: El Coraz\u00f3n de los Balcanes | 14 al 20 de junio de 2026 | Pago 2"},"content":{"rendered":"<p><a href=\"https:\/\/turismobotanico.es\/wp-content\/uploads\/2026\/01\/Bulgaria-2026-UP-1.pdf\">VER EL PROGRAMA COMPLETO (RECOMENDADO)<\/a><\/p>\n<p><strong>DESCUBRIENDO BULGARIA<\/strong><\/p>\n<p>Bulgaria tiene mucho que ofrecer a los amantes de la natu\u00adraleza. La encantadora mezcla de naturaleza e historia garantiza aventuras inolvidables. Dentro del territorio nacional existen tres parques nacionales, once parques naturales y diecisiete reservas de la biosfera. Casi el 35 % de su superficie se compone de bosques. Los ind\u00f3mitos paisajes de Bulgaria aceleran el pulso con sus siete cordilleras, lagos glaciares y bosques habitados por lobos, osos, chacales, \u00e1guilas reales y linces ofrecen una pr\u00edstina idea del pasado de Europa<\/p>\n<p>Es una naci\u00f3n balc\u00e1nica con un terreno diverso que rodea la costa del mar Negro, un interior monta\u00f1oso y r\u00edos, entre ellos el Danubio. Es un crisol cultural con influencias griegas, eslavas, otomanas y persas, y posee una rica tradici\u00f3n de danzas, m\u00fasica, trajes y artesan\u00eda. A los pies del monte Vitosha, que tiene forma de c\u00fapula, se encuentra la ciudad capital, Sof\u00eda, que data del siglo V a. C. donde empezaremos la aventura.<\/p>\n<p>Bulgaria rebosa de fortalezas y ruinas hist\u00f3ricas. Algunas cuevas acogen vesti\u00adgios de asentamientos neol\u00edticos, mientras que los tracios dejaron grandes tesoros de oro y tumbas. Los romanos construyeron impresionantes ciudades, mientras que los mismos zares se paseaban por las mura\u00adllas de la fortaleza de Tsarevets en la anti\u00adgua capital de Veliko T\u00e2rnovo. Pero lo mejor es que todo este pasado a\u00fan est\u00e1 muy presente, y el arte tracio y la victoria de Bulgaria sobre los otomanos todav\u00eda son fuente de inspiraci\u00f3n.<\/p>\n<p><span data-path-to-node=\"4,0\"><b><span class=\"citation-79\">PRECIO POR PERSONA<\/span><\/b><span class=\"citation-79\"> INCLUYENDO: BILLETES DE AVI\u00d3N Y TRANSPORTE COMPLETO DESDE ORIGEN Y EN DESTINO, <\/span><\/span><span data-path-to-node=\"4,4\"><span class=\"citation-78\">6 <\/span><span class=\"citation-78\">NOCHES<\/span> DE ALOJAMIENTO C<\/span><span data-path-to-node=\"4,7\"><span class=\"citation-77\">ON DESAYUNO INCLU\u00cdDO, 2 CENAS Y COMIDAS MENCIONADAS EN EL PROGRAMA, <\/span><\/span><span data-path-to-node=\"4,21\"><span class=\"citation-73\">GU\u00cdA LOCAL OFICIAL EN ESPA\u00d1OL DE NATURALEZA Y CULTURA<\/span><span class=\"citation-73\">, VISITAS Y <\/span><\/span><span data-path-to-node=\"4,25\"><span class=\"citation-72\">ENTRADAS A TODAS LAS ACTIVIDADES ESPECIFICADAS EN EL PROGRAMA <\/span><\/span><span data-path-to-node=\"4,28\"><span class=\"citation-71\">Y<\/span><\/span> <span data-path-to-node=\"4,35\"><span class=\"citation-69\">SEGUROS DE CANCELACI\u00d3N, ACCIDENTES Y RESPONSABILIDAD CIVIL: <b><span class=\"citation-79\">1 430\u20ac.<\/span><\/b><\/span><\/span><\/p>\n<p>El alojamiento es\u00a0en habitaci\u00f3n doble.\u00a0Si vas solo, tendr\u00e1s que pagar el suplemento de\u00a0<strong>habitaci\u00f3n individual: 200\u20ac<\/strong>. A\u00f1\u00e1delo al carrito, desde la parte de abajo de la p\u00e1gina, en el siguiente paso de la reserva.<\/p>\n<p><a href=\"https:\/\/www.bujaldon-sl.com\/productos\/certificado\/go-advance-2-0\">PUEDE CONSULTAR LAS CONDICIONES DE ESTE SEGURO DE CANCELACI\u00d3N CLICANDO AQU\u00cd<\/a><\/p>\n<p><a href=\"https:\/\/turismobotanico.es\/en\/politica-de-cancelaciones\/\">PUEDES CONSULTAR AQU\u00cd NUESTRA POL\u00cdTICA DE CANCELACIONES<\/a><\/p>\n<p>&nbsp;<\/p>\n<hr \/>\n<p>&nbsp;<\/p>","protected":false},"excerpt":{"rendered":"<p><a href=\"https:\/\/turismobotanico.es\/wp-content\/uploads\/2026\/01\/Bulgaria-2026-UP-1.pdf\">VER EL PROGRAMA COMPLETO (RECOMENDADO)<\/a><\/p>\n<p><strong>DESCUBRIENDO BULGARIA<\/strong><\/p>\n<p>Bulgaria tiene mucho que ofrecer a los amantes de la natu\u00adraleza. La encantadora mezcla de naturaleza e historia garantiza aventuras inolvidables. Dentro del territorio nacional existen tres parques nacionales, once parques naturales y diecisiete reservas de la biosfera. Casi el 35 % de su superficie se compone de bosques. Los ind\u00f3mitos paisajes de Bulgaria aceleran el pulso con sus siete cordilleras, lagos glaciares y bosques habitados por lobos, osos, chacales, \u00e1guilas reales y linces ofrecen una pr\u00edstina idea del pasado de Europa<\/p>\n<p>Es una naci\u00f3n balc\u00e1nica con un terreno diverso que rodea la costa del mar Negro, un interior monta\u00f1oso y r\u00edos, entre ellos el Danubio. Es un crisol cultural con influencias griegas, eslavas, otomanas y persas, y posee una rica tradici\u00f3n de danzas, m\u00fasica, trajes y artesan\u00eda. A los pies del monte Vitosha, que tiene forma de c\u00fapula, se encuentra la ciudad capital, Sof\u00eda, que data del siglo V a. C. donde empezaremos la aventura.<\/p>\n<p>Bulgaria rebosa de fortalezas y ruinas hist\u00f3ricas. Algunas cuevas acogen vesti\u00adgios de asentamientos neol\u00edticos, mientras que los tracios dejaron grandes tesoros de oro y tumbas. Los romanos construyeron impresionantes ciudades, mientras que los mismos zares se paseaban por las mura\u00adllas de la fortaleza de Tsarevets en la anti\u00adgua capital de Veliko T\u00e2rnovo. Pero lo mejor es que todo este pasado a\u00fan est\u00e1 muy presente, y el arte tracio y la victoria de Bulgaria sobre los otomanos todav\u00eda son fuente de inspiraci\u00f3n.<\/p>\n<p><span data-path-to-node=\"4,0\"><b><span class=\"citation-79\">PRECIO POR PERSONA<\/span><\/b><span class=\"citation-79\"> INCLUYENDO: BILLETES DE AVI\u00d3N Y TRANSPORTE COMPLETO DESDE ORIGEN Y EN DESTINO, <\/span><\/span><span data-path-to-node=\"4,4\"><span class=\"citation-78\">6 <\/span><span class=\"citation-78\">NOCHES<\/span> DE ALOJAMIENTO C<\/span><span data-path-to-node=\"4,7\"><span class=\"citation-77\">ON DESAYUNO INCLU\u00cdDO, 2 CENAS Y COMIDAS MENCIONADAS EN EL PROGRAMA, <\/span><\/span><span data-path-to-node=\"4,21\"><span class=\"citation-73\">GU\u00cdA LOCAL OFICIAL EN ESPA\u00d1OL DE NATURALEZA Y CULTURA<\/span><span class=\"citation-73\">, VISITAS Y <\/span><\/span><span data-path-to-node=\"4,25\"><span class=\"citation-72\">ENTRADAS A TODAS LAS ACTIVIDADES ESPECIFICADAS EN EL PROGRAMA <\/span><\/span><span data-path-to-node=\"4,28\"><span class=\"citation-71\">Y<\/span><\/span> <span data-path-to-node=\"4,35\"><span class=\"citation-69\">SEGUROS DE CANCELACI\u00d3N, ACCIDENTES Y RESPONSABILIDAD CIVIL: <b><span class=\"citation-79\">1 430\u20ac.<\/span><\/b><\/span><\/span><\/p>\n<p>El alojamiento es\u00a0en habitaci\u00f3n doble.\u00a0Si vas solo, tendr\u00e1s que pagar el suplemento de\u00a0<strong>habitaci\u00f3n individual: 200\u20ac<\/strong>. A\u00f1\u00e1delo al carrito, desde la parte de abajo de la p\u00e1gina, en el siguiente paso de la reserva.<\/p>\n<p><a href=\"https:\/\/www.bujaldon-sl.com\/productos\/certificado\/go-advance-2-0\">PUEDE CONSULTAR LAS CONDICIONES DE ESTE SEGURO DE CANCELACI\u00d3N CLICANDO AQU\u00cd<\/a><\/p>\n<p><a href=\"https:\/\/turismobotanico.es\/en\/politica-de-cancelaciones\/\">PUEDES CONSULTAR AQU\u00cd NUESTRA POL\u00cdTICA DE CANCELACIONES<\/a><\/p>","protected":false},"featured_media":19995,"comment_status":"closed","ping_status":"closed","template":"","meta":[],"product_brand":[],"product_cat":[115],"product_tag":[],"class_list":{"0":"post-20000","1":"product","2":"type-product","3":"status-publish","4":"has-post-thumbnail","6":"product_cat-sin-categoria","8":"first","9":"instock","10":"shipping-taxable","11":"purchasable","12":"product-type-simple"},"yoast_head":"<!-- This site is optimized with the Yoast SEO plugin v27.4 - https:\/\/yoast.com\/product\/yoast-seo-wordpress\/ -->\n<title>Bulgaria UP: El Coraz\u00f3n de los Balcanes | 14 al 20 de junio de 2026 | Pago 2 - Turismo Bot\u00e1nico<\/title>\n<meta name=\"description\" content=\"Descubre la naturaleza de los Balcanes en Descubre un pa\u00eds lleno de bosques, r\u00edos y lagos a las costas del Mar Negro. En un entorno con un rico patrimonio y legado\" \/>\n<meta name=\"robots\" content=\"index, follow, max-snippet:-1, max-image-preview:large, max-video-preview:-1\" \/>\n<link rel=\"canonical\" href=\"https:\/\/turismobotanico.es\/en\/bulgaria-up-el-corazon-de-los-balcanes-14-al-20-de-junio-de-2026-pago-2\/\" \/>\n<meta property=\"og:locale\" content=\"en_US\" \/>\n<meta property=\"og:type\" content=\"article\" \/>\n<meta property=\"og:title\" content=\"Bulgaria UP: El Coraz\u00f3n de los Balcanes | 14 al 20 de junio de 2026 | Pago 2 - Turismo Bot\u00e1nico\" \/>\n<meta property=\"og:description\" content=\"Descubre la naturaleza de los Balcanes en Descubre un pa\u00eds lleno de bosques, r\u00edos y lagos a las costas del Mar Negro. En un entorno con un rico patrimonio y legado\" \/>\n<meta property=\"og:url\" content=\"https:\/\/turismobotanico.es\/en\/bulgaria-up-el-corazon-de-los-balcanes-14-al-20-de-junio-de-2026-pago-2\/\" \/>\n<meta property=\"og:site_name\" content=\"Turismo Bot\u00e1nico\" \/>\n<meta property=\"article:modified_time\" content=\"2026-02-23T12:03:42+00:00\" \/>\n<meta property=\"og:image\" content=\"https:\/\/turismobotanico.es\/wp-content\/uploads\/2026\/02\/WhatsApp-Image-2026-02-02-at-11.44.34.jpeg\" \/>\n\t<meta property=\"og:image:width\" content=\"780\" \/>\n\t<meta property=\"og:image:height\" content=\"700\" \/>\n\t<meta property=\"og:image:type\" content=\"image\/jpeg\" \/>\n<meta name=\"twitter:card\" content=\"summary_large_image\" \/>\n<meta name=\"twitter:label1\" content=\"Est. reading time\" \/>\n\t<meta name=\"twitter:data1\" content=\"2 minutes\" \/>\n<script type=\"application\/ld+json\" class=\"yoast-schema-graph\">{\"@context\":\"https:\\\/\\\/schema.org\",\"@graph\":[{\"@type\":\"WebPage\",\"@id\":\"https:\\\/\\\/turismobotanico.es\\\/bulgaria-up-el-corazon-de-los-balcanes-14-al-20-de-junio-de-2026-pago-2\\\/\",\"url\":\"https:\\\/\\\/turismobotanico.es\\\/bulgaria-up-el-corazon-de-los-balcanes-14-al-20-de-junio-de-2026-pago-2\\\/\",\"name\":\"Bulgaria UP: El Coraz\u00f3n de los Balcanes | 14 al 20 de junio de 2026 | Pago 2 - Turismo Bot\u00e1nico\",\"isPartOf\":{\"@id\":\"https:\\\/\\\/turismobotanico.es\\\/#website\"},\"primaryImageOfPage\":{\"@id\":\"https:\\\/\\\/turismobotanico.es\\\/bulgaria-up-el-corazon-de-los-balcanes-14-al-20-de-junio-de-2026-pago-2\\\/#primaryimage\"},\"image\":{\"@id\":\"https:\\\/\\\/turismobotanico.es\\\/bulgaria-up-el-corazon-de-los-balcanes-14-al-20-de-junio-de-2026-pago-2\\\/#primaryimage\"},\"thumbnailUrl\":\"https:\\\/\\\/turismobotanico.es\\\/wp-content\\\/uploads\\\/2026\\\/02\\\/WhatsApp-Image-2026-02-02-at-11.44.34.jpeg\",\"datePublished\":\"2026-02-02T10:58:14+00:00\",\"dateModified\":\"2026-02-23T12:03:42+00:00\",\"description\":\"Descubre la naturaleza de los Balcanes en Descubre un pa\u00eds lleno de bosques, r\u00edos y lagos a las costas del Mar Negro. En un entorno con un rico patrimonio y legado\",\"breadcrumb\":{\"@id\":\"https:\\\/\\\/turismobotanico.es\\\/bulgaria-up-el-corazon-de-los-balcanes-14-al-20-de-junio-de-2026-pago-2\\\/#breadcrumb\"},\"inLanguage\":\"en-US\",\"potentialAction\":[{\"@type\":\"ReadAction\",\"target\":[\"https:\\\/\\\/turismobotanico.es\\\/bulgaria-up-el-corazon-de-los-balcanes-14-al-20-de-junio-de-2026-pago-2\\\/\"]}]},{\"@type\":\"ImageObject\",\"inLanguage\":\"en-US\",\"@id\":\"https:\\\/\\\/turismobotanico.es\\\/bulgaria-up-el-corazon-de-los-balcanes-14-al-20-de-junio-de-2026-pago-2\\\/#primaryimage\",\"url\":\"https:\\\/\\\/turismobotanico.es\\\/wp-content\\\/uploads\\\/2026\\\/02\\\/WhatsApp-Image-2026-02-02-at-11.44.34.jpeg\",\"contentUrl\":\"https:\\\/\\\/turismobotanico.es\\\/wp-content\\\/uploads\\\/2026\\\/02\\\/WhatsApp-Image-2026-02-02-at-11.44.34.jpeg\",\"width\":780,\"height\":700},{\"@type\":\"BreadcrumbList\",\"@id\":\"https:\\\/\\\/turismobotanico.es\\\/bulgaria-up-el-corazon-de-los-balcanes-14-al-20-de-junio-de-2026-pago-2\\\/#breadcrumb\",\"itemListElement\":[{\"@type\":\"ListItem\",\"position\":1,\"name\":\"Portada\",\"item\":\"https:\\\/\\\/turismobotanico.es\\\/\"},{\"@type\":\"ListItem\",\"position\":2,\"name\":\"Tienda\",\"item\":\"https:\\\/\\\/turismobotanico.es\\\/tienda\\\/\"},{\"@type\":\"ListItem\",\"position\":3,\"name\":\"Bulgaria UP: El Coraz\u00f3n de los Balcanes | 14 al 20 de junio de 2026 | Pago 2\"}]},{\"@type\":\"WebSite\",\"@id\":\"https:\\\/\\\/turismobotanico.es\\\/#website\",\"url\":\"https:\\\/\\\/turismobotanico.es\\\/\",\"name\":\"Turismo Bot\u00e1nico\",\"description\":\"Turismo de naturaleza\",\"potentialAction\":[{\"@type\":\"SearchAction\",\"target\":{\"@type\":\"EntryPoint\",\"urlTemplate\":\"https:\\\/\\\/turismobotanico.es\\\/?s={search_term_string}\"},\"query-input\":{\"@type\":\"PropertyValueSpecification\",\"valueRequired\":true,\"valueName\":\"search_term_string\"}}],\"inLanguage\":\"en-US\"}]}<\/script>\n<!-- \/ Yoast SEO plugin. -->","yoast_head_json":{"title":"Bulgaria UP: El Coraz\u00f3n de los Balcanes | 14 al 20 de junio de 2026 | Pago 2 - Turismo Bot\u00e1nico","description":"Descubre la naturaleza de los Balcanes en Descubre un pa\u00eds lleno de bosques, r\u00edos y lagos a las costas del Mar Negro. En un entorno con un rico patrimonio y legado","robots":{"index":"index","follow":"follow","max-snippet":"max-snippet:-1","max-image-preview":"max-image-preview:large","max-video-preview":"max-video-preview:-1"},"canonical":"https:\/\/turismobotanico.es\/en\/bulgaria-up-el-corazon-de-los-balcanes-14-al-20-de-junio-de-2026-pago-2\/","og_locale":"en_US","og_type":"article","og_title":"Bulgaria UP: El Coraz\u00f3n de los Balcanes | 14 al 20 de junio de 2026 | Pago 2 - Turismo Bot\u00e1nico","og_description":"Descubre la naturaleza de los Balcanes en Descubre un pa\u00eds lleno de bosques, r\u00edos y lagos a las costas del Mar Negro. En un entorno con un rico patrimonio y legado","og_url":"https:\/\/turismobotanico.es\/en\/bulgaria-up-el-corazon-de-los-balcanes-14-al-20-de-junio-de-2026-pago-2\/","og_site_name":"Turismo Bot\u00e1nico","article_modified_time":"2026-02-23T12:03:42+00:00","og_image":[{"width":780,"height":700,"url":"https:\/\/turismobotanico.es\/wp-content\/uploads\/2026\/02\/WhatsApp-Image-2026-02-02-at-11.44.34.jpeg","type":"image\/jpeg"}],"twitter_card":"summary_large_image","twitter_misc":{"Est. reading time":"2 minutes"},"schema":{"@context":"https:\/\/schema.org","@graph":[{"@type":"WebPage","@id":"https:\/\/turismobotanico.es\/bulgaria-up-el-corazon-de-los-balcanes-14-al-20-de-junio-de-2026-pago-2\/","url":"https:\/\/turismobotanico.es\/bulgaria-up-el-corazon-de-los-balcanes-14-al-20-de-junio-de-2026-pago-2\/","name":"Bulgaria UP: El Coraz\u00f3n de los Balcanes | 14 al 20 de junio de 2026 | Pago 2 - Turismo Bot\u00e1nico","isPartOf":{"@id":"https:\/\/turismobotanico.es\/#website"},"primaryImageOfPage":{"@id":"https:\/\/turismobotanico.es\/bulgaria-up-el-corazon-de-los-balcanes-14-al-20-de-junio-de-2026-pago-2\/#primaryimage"},"image":{"@id":"https:\/\/turismobotanico.es\/bulgaria-up-el-corazon-de-los-balcanes-14-al-20-de-junio-de-2026-pago-2\/#primaryimage"},"thumbnailUrl":"https:\/\/turismobotanico.es\/wp-content\/uploads\/2026\/02\/WhatsApp-Image-2026-02-02-at-11.44.34.jpeg","datePublished":"2026-02-02T10:58:14+00:00","dateModified":"2026-02-23T12:03:42+00:00","description":"Descubre la naturaleza de los Balcanes en Descubre un pa\u00eds lleno de bosques, r\u00edos y lagos a las costas del Mar Negro. En un entorno con un rico patrimonio y legado","breadcrumb":{"@id":"https:\/\/turismobotanico.es\/bulgaria-up-el-corazon-de-los-balcanes-14-al-20-de-junio-de-2026-pago-2\/#breadcrumb"},"inLanguage":"en-US","potentialAction":[{"@type":"ReadAction","target":["https:\/\/turismobotanico.es\/bulgaria-up-el-corazon-de-los-balcanes-14-al-20-de-junio-de-2026-pago-2\/"]}]},{"@type":"ImageObject","inLanguage":"en-US","@id":"https:\/\/turismobotanico.es\/bulgaria-up-el-corazon-de-los-balcanes-14-al-20-de-junio-de-2026-pago-2\/#primaryimage","url":"https:\/\/turismobotanico.es\/wp-content\/uploads\/2026\/02\/WhatsApp-Image-2026-02-02-at-11.44.34.jpeg","contentUrl":"https:\/\/turismobotanico.es\/wp-content\/uploads\/2026\/02\/WhatsApp-Image-2026-02-02-at-11.44.34.jpeg","width":780,"height":700},{"@type":"BreadcrumbList","@id":"https:\/\/turismobotanico.es\/bulgaria-up-el-corazon-de-los-balcanes-14-al-20-de-junio-de-2026-pago-2\/#breadcrumb","itemListElement":[{"@type":"ListItem","position":1,"name":"Portada","item":"https:\/\/turismobotanico.es\/"},{"@type":"ListItem","position":2,"name":"Tienda","item":"https:\/\/turismobotanico.es\/tienda\/"},{"@type":"ListItem","position":3,"name":"Bulgaria UP: El Coraz\u00f3n de los Balcanes | 14 al 20 de junio de 2026 | Pago 2"}]},{"@type":"WebSite","@id":"https:\/\/turismobotanico.es\/#website","url":"https:\/\/turismobotanico.es\/","name":"Turismo Bot\u00e1nico","description":"Turismo de naturaleza","potentialAction":[{"@type":"SearchAction","target":{"@type":"EntryPoint","urlTemplate":"https:\/\/turismobotanico.es\/?s={search_term_string}"},"query-input":{"@type":"PropertyValueSpecification","valueRequired":true,"valueName":"search_term_string"}}],"inLanguage":"en-US"}]}},"_links":{"self":[{"href":"https:\/\/turismobotanico.es\/en\/wp-json\/wp\/v2\/product\/20000","targetHints":{"allow":["GET"]}}],"collection":[{"href":"https:\/\/turismobotanico.es\/en\/wp-json\/wp\/v2\/product"}],"about":[{"href":"https:\/\/turismobotanico.es\/en\/wp-json\/wp\/v2\/types\/product"}],"replies":[{"embeddable":true,"href":"https:\/\/turismobotanico.es\/en\/wp-json\/wp\/v2\/comments?post=20000"}],"version-history":[{"count":2,"href":"https:\/\/turismobotanico.es\/en\/wp-json\/wp\/v2\/product\/20000\/revisions"}],"predecessor-version":[{"id":20009,"href":"https:\/\/turismobotanico.es\/en\/wp-json\/wp\/v2\/product\/20000\/revisions\/20009"}],"wp:featuredmedia":[{"embeddable":true,"href":"https:\/\/turismobotanico.es\/en\/wp-json\/wp\/v2\/media\/19995"}],"wp:attachment":[{"href":"https:\/\/turismobotanico.es\/en\/wp-json\/wp\/v2\/media?parent=20000"}],"wp:term":[{"taxonomy":"product_brand","embeddable":true,"href":"https:\/\/turismobotanico.es\/en\/wp-json\/wp\/v2\/product_brand?post=20000"},{"taxonomy":"product_cat","embeddable":true,"href":"https:\/\/turismobotanico.es\/en\/wp-json\/wp\/v2\/product_cat?post=20000"},{"taxonomy":"product_tag","embeddable":true,"href":"https:\/\/turismobotanico.es\/en\/wp-json\/wp\/v2\/product_tag?post=20000"}],"curies":[{"name":"wp","href":"https:\/\/api.w.org\/{rel}","templated":true}]}}