{"id":20088,"date":"2026-02-09T11:32:05","date_gmt":"2026-02-09T11:32:05","guid":{"rendered":"https:\/\/turismobotanico.es\/?post_type=product&#038;p=20088"},"modified":"2026-02-09T11:45:32","modified_gmt":"2026-02-09T11:45:32","slug":"valles-pasiegos-un-viaje-entre-dos-rios-del-29-de-junio-al-5-de-julio-de-2026-reserva","status":"publish","type":"product","link":"https:\/\/turismobotanico.es\/en\/valles-pasiegos-un-viaje-entre-dos-rios-del-29-de-junio-al-5-de-julio-de-2026-reserva\/","title":{"rendered":"Valles Pasiegos: Un viaje entre dos r\u00edos | Del 29 de junio al 5 de julio de 2026 | Reserva"},"content":{"rendered":"<p><a href=\"https:\/\/turismobotanico.es\/wp-content\/uploads\/2026\/02\/Valles-Pasiegos-2026.pdf\">VER EL PROGRAMA COMPLETO (RECOMENDADO).<\/a><\/p>\n<p>OTRA MIRADA AL CANT\u00c1BRICO: EL SILENCIO DE LOS VALLES PASIEGOS<\/p>\n<p>Si hablamos de Cantabria y de su naturaleza, a la mente se os pueden venir las playas de Santander, las cuevas de Altamira o Potes. Y es muy com\u00fan que cuando se visitan estos lugares, nos encontremos con infinidad de turistas quit\u00e1ndole el encanto al lugar. El objetivo de este programa es ense\u00f1ar otros rincones del norte de Espa\u00f1a que se mantienen fieles a su esencia con el objetivo de diversificar el turismo. El resultado es un viaje de autor para visitar lugares donde el verde es casi irreal y la paz es la verdadera protagonista. Suena bien \u00bfno?<\/p>\n<p>En los Valles Pasiegos, os mostraremos la autenticidad de la Senda de las Caba\u00f1as Pasiegas, un paisaje circular de una belleza que te deja mudo. Caminaremos hasta el nacimiento del r\u00edo Pisue\u00f1a, el eje que vertebra la vida de estos pueblos , y nos perderemos en el Valle de Miera, el m\u00e1s angosto y salvaje de todos los valles c\u00e1ntabros. Lugares donde el agua y la bruma nos obligan a bajar el ritmo para conectar con la tierra.<\/p>\n<p>En la costa, visitaremos el Geoparque Costa Quebrada, un museo geol\u00f3gico al aire libre esculpido por el mar durante millones de a\u00f1os. Tendremos una vista diferente de la ciudad de Santander a trav\u00e9s de una navegaci\u00f3n por su bah\u00eda y el estuario del Miera , y disfrutaremos de la calma en el sistema dunar de Liencres, uno de los m\u00e1s importantes del norte peninsular.<\/p>\n<p>Y para terminar de radiografiar la cultura local, entraremos en el coraz\u00f3n de la tradici\u00f3n con una visita al Museo de Sobaos en Selaya y conoceremos la Lleldir\u00eda, una fermenter\u00eda artesanal donde cataremos los mejores quesos y productos con denominaci\u00f3n de origen de los Valles. Un programa que fue creado fij\u00e1ndonos en los detalles de la Cantabria m\u00e1s profunda.<\/p>\n<p>Una oportunidad \u00fanica, \u00bfte apuntas?<\/p>\n<p>PRECIO POR PERSONA CON TRASLADOS DESDE MURCIA, ALBACETE Y ALICANTE, ALOJAMIENTO CON DESAYUNO (6 NOCHES EN HOTEL), COMIDAS ENLISTADAS EN EL PROGRAMA, VISITAS GUIADAS, ENTRADAS A TODAS LAS ACTIVIDADES INCLUIDAS EN EL PROGRAMA, SEGURO DE ACCIDENTES, DE VIAJE, DE CANCELACI\u00d3N Y DE RESPONSABILIDAD CIVIL: 1050\u20ac*<\/p>\n<p>El alojamiento es en habitaci\u00f3n doble. Si vas solo, tendr\u00e1s que pagar el suplemento de habitaci\u00f3n individual: 120\u20ac. A\u00f1\u00e1delo al carrito, desde la parte de abajo de la p\u00e1gina, en el siguiente paso de la reserva.<\/p>\n<p><a href=\"https:\/\/www.bujaldon-sl.com\/productos\/certificado\/prime-2-0-copia\">PUEDE CONSULTAR LAS CONDICIONES DE ESTE SEGURO DE CANCELACI\u00d3N CLICANDO AQU\u00cd<\/a><\/p>\n<p><a href=\"https:\/\/turismobotanico.es\/en\/politica-de-cancelaciones\/\">PUEDES CONSULTAR AQU\u00cd NUESTRA POL\u00cdTICA DE CANCELACIONES<\/a><\/p>","protected":false},"excerpt":{"rendered":"<p><a href=\"https:\/\/turismobotanico.es\/wp-content\/uploads\/2026\/02\/Valles-Pasiegos-2026.pdf\">VER EL PROGRAMA COMPLETO (RECOMENDADO).<\/a><\/p>\n<p>OTRA MIRADA AL CANT\u00c1BRICO: EL SILENCIO DE LOS VALLES PASIEGOS<\/p>\n<p>Si hablamos de Cantabria y de su naturaleza, a la mente se os pueden venir las playas de Santander, las cuevas de Altamira o Potes. Y es muy com\u00fan que cuando se visitan estos lugares, nos encontremos con infinidad de turistas quit\u00e1ndole el encanto al lugar. El objetivo de este programa es ense\u00f1ar otros rincones del norte de Espa\u00f1a que se mantienen fieles a su esencia con el objetivo de diversificar el turismo. El resultado es un viaje de autor para visitar lugares donde el verde es casi irreal y la paz es la verdadera protagonista. Suena bien \u00bfno?<\/p>\n<p>En los Valles Pasiegos, os mostraremos la autenticidad de la Senda de las Caba\u00f1as Pasiegas, un paisaje circular de una belleza que te deja mudo. Caminaremos hasta el nacimiento del r\u00edo Pisue\u00f1a, el eje que vertebra la vida de estos pueblos , y nos perderemos en el Valle de Miera, el m\u00e1s angosto y salvaje de todos los valles c\u00e1ntabros. Lugares donde el agua y la bruma nos obligan a bajar el ritmo para conectar con la tierra.<\/p>\n<p>En la costa, visitaremos el Geoparque Costa Quebrada, un museo geol\u00f3gico al aire libre esculpido por el mar durante millones de a\u00f1os. Tendremos una vista diferente de la ciudad de Santander a trav\u00e9s de una navegaci\u00f3n por su bah\u00eda y el estuario del Miera , y disfrutaremos de la calma en el sistema dunar de Liencres, uno de los m\u00e1s importantes del norte peninsular.<\/p>\n<p>Y para terminar de radiografiar la cultura local, entraremos en el coraz\u00f3n de la tradici\u00f3n con una visita al Museo de Sobaos en Selaya y conoceremos la Lleldir\u00eda, una fermenter\u00eda artesanal donde cataremos los mejores quesos y productos con denominaci\u00f3n de origen de los Valles. Un programa que fue creado fij\u00e1ndonos en los detalles de la Cantabria m\u00e1s profunda.<\/p>\n<p>Una oportunidad \u00fanica, \u00bfte apuntas?<\/p>\n<p>PRECIO POR PERSONA CON TRASLADOS DESDE MURCIA, ALBACETE Y ALICANTE, ALOJAMIENTO CON DESAYUNO (6 NOCHES EN HOTEL), COMIDAS ENLISTADAS EN EL PROGRAMA, VISITAS GUIADAS, ENTRADAS A TODAS LAS ACTIVIDADES INCLUIDAS EN EL PROGRAMA, SEGURO DE ACCIDENTES, DE VIAJE, DE CANCELACI\u00d3N Y DE RESPONSABILIDAD CIVIL: 1050\u20ac*<\/p>\n<p>El alojamiento es en habitaci\u00f3n doble. Si vas solo, tendr\u00e1s que pagar el suplemento de habitaci\u00f3n individual: 120\u20ac. A\u00f1\u00e1delo al carrito, desde la parte de abajo de la p\u00e1gina, en el siguiente paso de la reserva.<\/p>\n<p><a href=\"https:\/\/www.bujaldon-sl.com\/productos\/certificado\/prime-2-0-copia\">PUEDE CONSULTAR LAS CONDICIONES DE ESTE SEGURO DE CANCELACI\u00d3N CLICANDO AQU\u00cd<\/a><\/p>\n<p><a href=\"https:\/\/turismobotanico.es\/en\/politica-de-cancelaciones\/\">PUEDES CONSULTAR AQU\u00cd NUESTRA POL\u00cdTICA DE CANCELACIONES<\/a><\/p>","protected":false},"featured_media":20085,"comment_status":"closed","ping_status":"closed","template":"","meta":[],"product_brand":[],"product_cat":[115],"product_tag":[],"class_list":{"0":"post-20088","1":"product","2":"type-product","3":"status-publish","4":"has-post-thumbnail","6":"product_cat-sin-categoria","8":"first","9":"instock","10":"virtual","11":"purchasable","12":"product-type-simple"},"yoast_head":"<!-- This site is optimized with the Yoast SEO plugin v27.3 - https:\/\/yoast.com\/product\/yoast-seo-wordpress\/ -->\n<title>Valles Pasiegos: Un viaje entre dos r\u00edos | Del 29 de junio al 5 de julio de 2026 | Reserva - Turismo Bot\u00e1nico<\/title>\n<meta name=\"description\" content=\"Una oportunidad \u00fanica para descubrir una de las zonas m\u00e1s aut\u00e9nticas del norte de Espa\u00f1a: Los Valles Pasiegos. Te apuntas?\" \/>\n<meta name=\"robots\" content=\"index, follow, max-snippet:-1, max-image-preview:large, max-video-preview:-1\" \/>\n<link rel=\"canonical\" href=\"https:\/\/turismobotanico.es\/en\/valles-pasiegos-un-viaje-entre-dos-rios-del-29-de-junio-al-5-de-julio-de-2026-reserva\/\" \/>\n<meta property=\"og:locale\" content=\"en_US\" \/>\n<meta property=\"og:type\" content=\"article\" \/>\n<meta property=\"og:title\" content=\"Valles Pasiegos: Un viaje entre dos r\u00edos | Del 29 de junio al 5 de julio de 2026 | Reserva - Turismo Bot\u00e1nico\" \/>\n<meta property=\"og:description\" content=\"Una oportunidad \u00fanica para descubrir una de las zonas m\u00e1s aut\u00e9nticas del norte de Espa\u00f1a: Los Valles Pasiegos. Te apuntas?\" \/>\n<meta property=\"og:url\" content=\"https:\/\/turismobotanico.es\/en\/valles-pasiegos-un-viaje-entre-dos-rios-del-29-de-junio-al-5-de-julio-de-2026-reserva\/\" \/>\n<meta property=\"og:site_name\" content=\"Turismo Bot\u00e1nico\" \/>\n<meta property=\"article:modified_time\" content=\"2026-02-09T11:45:32+00:00\" \/>\n<meta property=\"og:image\" content=\"https:\/\/turismobotanico.es\/wp-content\/uploads\/2026\/02\/Costa-Quebrada-ya-es-geoparque-mundial-2.jpg\" \/>\n\t<meta property=\"og:image:width\" content=\"550\" \/>\n\t<meta property=\"og:image:height\" content=\"807\" \/>\n\t<meta property=\"og:image:type\" content=\"image\/jpeg\" \/>\n<meta name=\"twitter:card\" content=\"summary_large_image\" \/>\n<meta name=\"twitter:label1\" content=\"Est. reading time\" \/>\n\t<meta name=\"twitter:data1\" content=\"3 minutes\" \/>\n<script type=\"application\/ld+json\" class=\"yoast-schema-graph\">{\"@context\":\"https:\\\/\\\/schema.org\",\"@graph\":[{\"@type\":\"WebPage\",\"@id\":\"https:\\\/\\\/turismobotanico.es\\\/valles-pasiegos-un-viaje-entre-dos-rios-del-29-de-junio-al-5-de-julio-de-2026-reserva\\\/\",\"url\":\"https:\\\/\\\/turismobotanico.es\\\/valles-pasiegos-un-viaje-entre-dos-rios-del-29-de-junio-al-5-de-julio-de-2026-reserva\\\/\",\"name\":\"Valles Pasiegos: Un viaje entre dos r\u00edos | Del 29 de junio al 5 de julio de 2026 | Reserva - Turismo Bot\u00e1nico\",\"isPartOf\":{\"@id\":\"https:\\\/\\\/turismobotanico.es\\\/#website\"},\"primaryImageOfPage\":{\"@id\":\"https:\\\/\\\/turismobotanico.es\\\/valles-pasiegos-un-viaje-entre-dos-rios-del-29-de-junio-al-5-de-julio-de-2026-reserva\\\/#primaryimage\"},\"image\":{\"@id\":\"https:\\\/\\\/turismobotanico.es\\\/valles-pasiegos-un-viaje-entre-dos-rios-del-29-de-junio-al-5-de-julio-de-2026-reserva\\\/#primaryimage\"},\"thumbnailUrl\":\"https:\\\/\\\/turismobotanico.es\\\/wp-content\\\/uploads\\\/2026\\\/02\\\/Costa-Quebrada-ya-es-geoparque-mundial-2.jpg\",\"datePublished\":\"2026-02-09T11:32:05+00:00\",\"dateModified\":\"2026-02-09T11:45:32+00:00\",\"description\":\"Una oportunidad \u00fanica para descubrir una de las zonas m\u00e1s aut\u00e9nticas del norte de Espa\u00f1a: Los Valles Pasiegos. Te apuntas?\",\"breadcrumb\":{\"@id\":\"https:\\\/\\\/turismobotanico.es\\\/valles-pasiegos-un-viaje-entre-dos-rios-del-29-de-junio-al-5-de-julio-de-2026-reserva\\\/#breadcrumb\"},\"inLanguage\":\"en-US\",\"potentialAction\":[{\"@type\":\"ReadAction\",\"target\":[\"https:\\\/\\\/turismobotanico.es\\\/valles-pasiegos-un-viaje-entre-dos-rios-del-29-de-junio-al-5-de-julio-de-2026-reserva\\\/\"]}]},{\"@type\":\"ImageObject\",\"inLanguage\":\"en-US\",\"@id\":\"https:\\\/\\\/turismobotanico.es\\\/valles-pasiegos-un-viaje-entre-dos-rios-del-29-de-junio-al-5-de-julio-de-2026-reserva\\\/#primaryimage\",\"url\":\"https:\\\/\\\/turismobotanico.es\\\/wp-content\\\/uploads\\\/2026\\\/02\\\/Costa-Quebrada-ya-es-geoparque-mundial-2.jpg\",\"contentUrl\":\"https:\\\/\\\/turismobotanico.es\\\/wp-content\\\/uploads\\\/2026\\\/02\\\/Costa-Quebrada-ya-es-geoparque-mundial-2.jpg\",\"width\":550,\"height\":807},{\"@type\":\"BreadcrumbList\",\"@id\":\"https:\\\/\\\/turismobotanico.es\\\/valles-pasiegos-un-viaje-entre-dos-rios-del-29-de-junio-al-5-de-julio-de-2026-reserva\\\/#breadcrumb\",\"itemListElement\":[{\"@type\":\"ListItem\",\"position\":1,\"name\":\"Portada\",\"item\":\"https:\\\/\\\/turismobotanico.es\\\/\"},{\"@type\":\"ListItem\",\"position\":2,\"name\":\"Tienda\",\"item\":\"https:\\\/\\\/turismobotanico.es\\\/tienda\\\/\"},{\"@type\":\"ListItem\",\"position\":3,\"name\":\"Valles Pasiegos: Un viaje entre dos r\u00edos | Del 29 de junio al 5 de julio de 2026 | Reserva\"}]},{\"@type\":\"WebSite\",\"@id\":\"https:\\\/\\\/turismobotanico.es\\\/#website\",\"url\":\"https:\\\/\\\/turismobotanico.es\\\/\",\"name\":\"Turismo Bot\u00e1nico\",\"description\":\"Turismo de naturaleza\",\"potentialAction\":[{\"@type\":\"SearchAction\",\"target\":{\"@type\":\"EntryPoint\",\"urlTemplate\":\"https:\\\/\\\/turismobotanico.es\\\/?s={search_term_string}\"},\"query-input\":{\"@type\":\"PropertyValueSpecification\",\"valueRequired\":true,\"valueName\":\"search_term_string\"}}],\"inLanguage\":\"en-US\"}]}<\/script>\n<!-- \/ Yoast SEO plugin. -->","yoast_head_json":{"title":"Valles Pasiegos: Un viaje entre dos r\u00edos | Del 29 de junio al 5 de julio de 2026 | Reserva - Turismo Bot\u00e1nico","description":"Una oportunidad \u00fanica para descubrir una de las zonas m\u00e1s aut\u00e9nticas del norte de Espa\u00f1a: Los Valles Pasiegos. Te apuntas?","robots":{"index":"index","follow":"follow","max-snippet":"max-snippet:-1","max-image-preview":"max-image-preview:large","max-video-preview":"max-video-preview:-1"},"canonical":"https:\/\/turismobotanico.es\/en\/valles-pasiegos-un-viaje-entre-dos-rios-del-29-de-junio-al-5-de-julio-de-2026-reserva\/","og_locale":"en_US","og_type":"article","og_title":"Valles Pasiegos: Un viaje entre dos r\u00edos | Del 29 de junio al 5 de julio de 2026 | Reserva - Turismo Bot\u00e1nico","og_description":"Una oportunidad \u00fanica para descubrir una de las zonas m\u00e1s aut\u00e9nticas del norte de Espa\u00f1a: Los Valles Pasiegos. Te apuntas?","og_url":"https:\/\/turismobotanico.es\/en\/valles-pasiegos-un-viaje-entre-dos-rios-del-29-de-junio-al-5-de-julio-de-2026-reserva\/","og_site_name":"Turismo Bot\u00e1nico","article_modified_time":"2026-02-09T11:45:32+00:00","og_image":[{"width":550,"height":807,"url":"https:\/\/turismobotanico.es\/wp-content\/uploads\/2026\/02\/Costa-Quebrada-ya-es-geoparque-mundial-2.jpg","type":"image\/jpeg"}],"twitter_card":"summary_large_image","twitter_misc":{"Est. reading time":"3 minutes"},"schema":{"@context":"https:\/\/schema.org","@graph":[{"@type":"WebPage","@id":"https:\/\/turismobotanico.es\/valles-pasiegos-un-viaje-entre-dos-rios-del-29-de-junio-al-5-de-julio-de-2026-reserva\/","url":"https:\/\/turismobotanico.es\/valles-pasiegos-un-viaje-entre-dos-rios-del-29-de-junio-al-5-de-julio-de-2026-reserva\/","name":"Valles Pasiegos: Un viaje entre dos r\u00edos | Del 29 de junio al 5 de julio de 2026 | Reserva - Turismo Bot\u00e1nico","isPartOf":{"@id":"https:\/\/turismobotanico.es\/#website"},"primaryImageOfPage":{"@id":"https:\/\/turismobotanico.es\/valles-pasiegos-un-viaje-entre-dos-rios-del-29-de-junio-al-5-de-julio-de-2026-reserva\/#primaryimage"},"image":{"@id":"https:\/\/turismobotanico.es\/valles-pasiegos-un-viaje-entre-dos-rios-del-29-de-junio-al-5-de-julio-de-2026-reserva\/#primaryimage"},"thumbnailUrl":"https:\/\/turismobotanico.es\/wp-content\/uploads\/2026\/02\/Costa-Quebrada-ya-es-geoparque-mundial-2.jpg","datePublished":"2026-02-09T11:32:05+00:00","dateModified":"2026-02-09T11:45:32+00:00","description":"Una oportunidad \u00fanica para descubrir una de las zonas m\u00e1s aut\u00e9nticas del norte de Espa\u00f1a: Los Valles Pasiegos. Te apuntas?","breadcrumb":{"@id":"https:\/\/turismobotanico.es\/valles-pasiegos-un-viaje-entre-dos-rios-del-29-de-junio-al-5-de-julio-de-2026-reserva\/#breadcrumb"},"inLanguage":"en-US","potentialAction":[{"@type":"ReadAction","target":["https:\/\/turismobotanico.es\/valles-pasiegos-un-viaje-entre-dos-rios-del-29-de-junio-al-5-de-julio-de-2026-reserva\/"]}]},{"@type":"ImageObject","inLanguage":"en-US","@id":"https:\/\/turismobotanico.es\/valles-pasiegos-un-viaje-entre-dos-rios-del-29-de-junio-al-5-de-julio-de-2026-reserva\/#primaryimage","url":"https:\/\/turismobotanico.es\/wp-content\/uploads\/2026\/02\/Costa-Quebrada-ya-es-geoparque-mundial-2.jpg","contentUrl":"https:\/\/turismobotanico.es\/wp-content\/uploads\/2026\/02\/Costa-Quebrada-ya-es-geoparque-mundial-2.jpg","width":550,"height":807},{"@type":"BreadcrumbList","@id":"https:\/\/turismobotanico.es\/valles-pasiegos-un-viaje-entre-dos-rios-del-29-de-junio-al-5-de-julio-de-2026-reserva\/#breadcrumb","itemListElement":[{"@type":"ListItem","position":1,"name":"Portada","item":"https:\/\/turismobotanico.es\/"},{"@type":"ListItem","position":2,"name":"Tienda","item":"https:\/\/turismobotanico.es\/tienda\/"},{"@type":"ListItem","position":3,"name":"Valles Pasiegos: Un viaje entre dos r\u00edos | Del 29 de junio al 5 de julio de 2026 | Reserva"}]},{"@type":"WebSite","@id":"https:\/\/turismobotanico.es\/#website","url":"https:\/\/turismobotanico.es\/","name":"Turismo Bot\u00e1nico","description":"Turismo de naturaleza","potentialAction":[{"@type":"SearchAction","target":{"@type":"EntryPoint","urlTemplate":"https:\/\/turismobotanico.es\/?s={search_term_string}"},"query-input":{"@type":"PropertyValueSpecification","valueRequired":true,"valueName":"search_term_string"}}],"inLanguage":"en-US"}]}},"_links":{"self":[{"href":"https:\/\/turismobotanico.es\/en\/wp-json\/wp\/v2\/product\/20088","targetHints":{"allow":["GET"]}}],"collection":[{"href":"https:\/\/turismobotanico.es\/en\/wp-json\/wp\/v2\/product"}],"about":[{"href":"https:\/\/turismobotanico.es\/en\/wp-json\/wp\/v2\/types\/product"}],"replies":[{"embeddable":true,"href":"https:\/\/turismobotanico.es\/en\/wp-json\/wp\/v2\/comments?post=20088"}],"version-history":[{"count":1,"href":"https:\/\/turismobotanico.es\/en\/wp-json\/wp\/v2\/product\/20088\/revisions"}],"predecessor-version":[{"id":20089,"href":"https:\/\/turismobotanico.es\/en\/wp-json\/wp\/v2\/product\/20088\/revisions\/20089"}],"wp:featuredmedia":[{"embeddable":true,"href":"https:\/\/turismobotanico.es\/en\/wp-json\/wp\/v2\/media\/20085"}],"wp:attachment":[{"href":"https:\/\/turismobotanico.es\/en\/wp-json\/wp\/v2\/media?parent=20088"}],"wp:term":[{"taxonomy":"product_brand","embeddable":true,"href":"https:\/\/turismobotanico.es\/en\/wp-json\/wp\/v2\/product_brand?post=20088"},{"taxonomy":"product_cat","embeddable":true,"href":"https:\/\/turismobotanico.es\/en\/wp-json\/wp\/v2\/product_cat?post=20088"},{"taxonomy":"product_tag","embeddable":true,"href":"https:\/\/turismobotanico.es\/en\/wp-json\/wp\/v2\/product_tag?post=20088"}],"curies":[{"name":"wp","href":"https:\/\/api.w.org\/{rel}","templated":true}]}}