{"id":20103,"date":"2026-02-09T12:34:26","date_gmt":"2026-02-09T12:34:26","guid":{"rendered":"https:\/\/turismobotanico.es\/?post_type=product&#038;p=20103"},"modified":"2026-02-09T12:36:21","modified_gmt":"2026-02-09T12:36:21","slug":"valle-de-baztan-naturaleza-desbordante-del-4-al-9-de-agosto-de-2026-reserva","status":"publish","type":"product","link":"https:\/\/turismobotanico.es\/en\/valle-de-baztan-naturaleza-desbordante-del-4-al-9-de-agosto-de-2026-reserva\/","title":{"rendered":"Valle de Bazt\u00e1n: Naturaleza Desbordante | Del 4 al 9 de Agosto de 2026 | Reserva"},"content":{"rendered":"<p><a href=\"https:\/\/turismobotanico.es\/wp-content\/uploads\/2026\/02\/Valle-de-Baztan-2026.pdf\">VER EL PROGRAMA COMPLETO (RECOMENDADO).<\/a><\/p>\n<p style=\"text-align: left;\"><strong>TRADICI\u00d3N, MISTERIO Y FANTAS\u00cdA\u00a0<\/strong><\/p>\n<p>No importa en qu\u00e9 \u00e9poca del a\u00f1o nos encontremos, <strong>la visita al Valle de Bazt\u00e1n siempre es acertada para descubrir Navarra m\u00e1s all\u00e1 de su capital<\/strong>. Sin embargo, es especialmente en primavera y verano cuando la naturaleza se presenta en su m\u00e1ximo esplendor gracias al verde del valle, a las flores que cuelgan de los balcones y al caudal de los r\u00edos en pleno apogeo. Y es que la naturaleza lo domina todo en esta comarca, no s\u00f3lo el paisaje, tambi\u00e9n el folclore, el modo de vida, la gastronom\u00eda y las festividades.<br \/>\nEl Valle de Bazt\u00e1n pertenece al Pirineo Navarro y hace frontera con Francia, es por esto por lo que tendremos la oportunidad durante este viaje de visitar el Pa\u00eds Vasco Franc\u00e9s, as\u00ed como de hacer un trocito del Camino de Santiago Bazant\u00e9s, una rama alternativa del Camino de Santiago a la entrada tradicional desde Francia. Descubriremos la cara buc\u00f3lica de este lugar, pero no sin antes adentrarnos en la cara misteriosa y fant\u00e1stica en nuestra visita a las Cuevas de Zugarramurdi.<br \/>\nAs\u00ed, continuaremos nuestro viaje<strong> recorri\u00e9ndonos los pueblos de El Bazt\u00e1n; como el pueblo de Elizondo<\/strong>, el cual ser\u00e1 nuestra base de operaciones para conocer esta comarca, donde tendremos la oportunidad de aunar naturaleza y arte en los Jardines del Se\u00f1or\u00edo de Bertiz y de degustar una receta milenaria en el molino harinero de Amaiur.<br \/>\nLas condiciones clim\u00e1ticas que tienen lugar en el Valle de Bazt\u00e1n dan como resultado una vegetaci\u00f3n de un verde que \u201cduele\u201d a la vista. \u00bfNo te lo crees? Ven con nosotros a descubrir este para\u00edso natural.<\/p>\n<p>PRECIO POR PERSONA CON TRASLADOS DESDE MURCIA, ALBACETE Y ALICANTE, ALOJAMIENTO CON DESAYUNO (5 NOCHES EN HOTEL), COMIDAS ENLISTADAS EN EL PROGRAMA, VISITAS GUIADAS, ENTRADAS A TODAS LAS ACTIVIDADES INCLUIDAS EN EL PROGRAMA, SEGURO DE ACCIDENTES, DE VIAJE, DE CANCELACI\u00d3N Y DE RESPONSABILIDAD CIVIL: 895\u20ac*<\/p>\n<p>El alojamiento es en habitaci\u00f3n doble. Si vas solo, tendr\u00e1s que pagar el suplemento de habitaci\u00f3n individual: 150\u20ac. A\u00f1\u00e1delo al carrito, desde la parte de abajo de la p\u00e1gina, en el siguiente paso de la reserva.<\/p>\n<p><a href=\"https:\/\/www.bujaldon-sl.com\/productos\/certificado\/prime-2-0-copia\">PUEDE CONSULTAR LAS CONDICIONES DE ESTE SEGURO DE CANCELACI\u00d3N CLICANDO AQU\u00cd<\/a><\/p>\n<p><a href=\"https:\/\/turismobotanico.es\/en\/politica-de-cancelaciones\/\">PUEDES CONSULTAR AQU\u00cd NUESTRA POL\u00cdTICA DE CANCELACIONES<\/a><\/p>","protected":false},"excerpt":{"rendered":"<p>&nbsp;<\/p>\n<p><a href=\"https:\/\/turismobotanico.es\/wp-content\/uploads\/2026\/02\/Valle-de-Baztan-2026.pdf\">VER EL PROGRAMA COMPLETO (RECOMENDADO).<\/a><\/p>\n<p style=\"text-align: left;\"><strong>TRADICI\u00d3N, MISTERIO Y FANTAS\u00cdA\u00a0<\/strong><\/p>\n<p>No importa en qu\u00e9 \u00e9poca del a\u00f1o nos encontremos, <strong>la visita al Valle de Bazt\u00e1n siempre es acertada para descubrir Navarra m\u00e1s all\u00e1 de su capital<\/strong>. Sin embargo, es especialmente en primavera y verano cuando la naturaleza se presenta en su m\u00e1ximo esplendor gracias al verde del valle, a las flores que cuelgan de los balcones y al caudal de los r\u00edos en pleno apogeo. Y es que la naturaleza lo domina todo en esta comarca, no s\u00f3lo el paisaje, tambi\u00e9n el folclore, el modo de vida, la gastronom\u00eda y las festividades.<br \/>\nEl Valle de Bazt\u00e1n pertenece al Pirineo Navarro y hace frontera con Francia, es por esto por lo que tendremos la oportunidad durante este viaje de visitar el Pa\u00eds Vasco Franc\u00e9s, as\u00ed como de hacer un trocito del Camino de Santiago Bazant\u00e9s, una rama alternativa del Camino de Santiago a la entrada tradicional desde Francia. Descubriremos la cara buc\u00f3lica de este lugar, pero no sin antes adentrarnos en la cara misteriosa y fant\u00e1stica en nuestra visita a las Cuevas de Zugarramurdi.<br \/>\nAs\u00ed, continuaremos nuestro viaje<strong> recorri\u00e9ndonos los pueblos de El Bazt\u00e1n; como el pueblo de Elizondo<\/strong>, el cual ser\u00e1 nuestra base de operaciones para conocer esta comarca, donde tendremos la oportunidad de aunar naturaleza y arte en los Jardines del Se\u00f1or\u00edo de Bertiz y de degustar una receta milenaria en el molino harinero de Amaiur.<br \/>\nLas condiciones clim\u00e1ticas que tienen lugar en el Valle de Bazt\u00e1n dan como resultado una vegetaci\u00f3n de un verde que \u201cduele\u201d a la vista. \u00bfNo te lo crees? Ven con nosotros a descubrir este para\u00edso natural.<\/p>\n<p>PRECIO POR PERSONA CON TRASLADOS DESDE MURCIA, ALBACETE Y ALICANTE, ALOJAMIENTO CON DESAYUNO (5 NOCHES EN HOTEL), COMIDAS ENLISTADAS EN EL PROGRAMA, VISITAS GUIADAS, ENTRADAS A TODAS LAS ACTIVIDADES INCLUIDAS EN EL PROGRAMA, SEGURO DE ACCIDENTES, DE VIAJE, DE CANCELACI\u00d3N Y DE RESPONSABILIDAD CIVIL: 895\u20ac*<\/p>\n<p>El alojamiento es en habitaci\u00f3n doble. Si vas solo, tendr\u00e1s que pagar el suplemento de habitaci\u00f3n individual: 150\u20ac. A\u00f1\u00e1delo al carrito, desde la parte de abajo de la p\u00e1gina, en el siguiente paso de la reserva.<\/p>\n<p><a href=\"https:\/\/www.bujaldon-sl.com\/productos\/certificado\/prime-2-0-copia\">PUEDE CONSULTAR LAS CONDICIONES DE ESTE SEGURO DE CANCELACI\u00d3N CLICANDO AQU\u00cd<\/a><\/p>\n<p><a href=\"https:\/\/turismobotanico.es\/en\/politica-de-cancelaciones\/\">PUEDES CONSULTAR AQU\u00cd NUESTRA POL\u00cdTICA DE CANCELACIONES<\/a><\/p>","protected":false},"featured_media":20101,"comment_status":"closed","ping_status":"closed","template":"","meta":[],"product_brand":[],"product_cat":[115],"product_tag":[],"class_list":{"0":"post-20103","1":"product","2":"type-product","3":"status-publish","4":"has-post-thumbnail","6":"product_cat-sin-categoria","8":"first","9":"instock","10":"virtual","11":"purchasable","12":"product-type-simple"},"yoast_head":"<!-- This site is optimized with the Yoast SEO plugin v27.4 - https:\/\/yoast.com\/product\/yoast-seo-wordpress\/ -->\n<title>Valle de Bazt\u00e1n: Naturaleza Desbordante | Del 4 al 9 de Agosto de 2026 | Reserva - Turismo Bot\u00e1nico<\/title>\n<meta name=\"description\" content=\"Ven con nosotros a descubrir este para\u00edso natural con una de las vegetaciones m\u00e1s verdes de la regi\u00f3n. Te la vas a perder?\" \/>\n<meta name=\"robots\" content=\"index, follow, max-snippet:-1, max-image-preview:large, max-video-preview:-1\" \/>\n<link rel=\"canonical\" href=\"https:\/\/turismobotanico.es\/en\/valle-de-baztan-naturaleza-desbordante-del-4-al-9-de-agosto-de-2026-reserva\/\" \/>\n<meta property=\"og:locale\" content=\"en_US\" \/>\n<meta property=\"og:type\" content=\"article\" \/>\n<meta property=\"og:title\" content=\"Valle de Bazt\u00e1n: Naturaleza Desbordante | Del 4 al 9 de Agosto de 2026 | Reserva - Turismo Bot\u00e1nico\" \/>\n<meta property=\"og:description\" content=\"Ven con nosotros a descubrir este para\u00edso natural con una de las vegetaciones m\u00e1s verdes de la regi\u00f3n. Te la vas a perder?\" \/>\n<meta property=\"og:url\" content=\"https:\/\/turismobotanico.es\/en\/valle-de-baztan-naturaleza-desbordante-del-4-al-9-de-agosto-de-2026-reserva\/\" \/>\n<meta property=\"og:site_name\" content=\"Turismo Bot\u00e1nico\" \/>\n<meta property=\"article:modified_time\" content=\"2026-02-09T12:36:21+00:00\" \/>\n<meta property=\"og:image\" content=\"https:\/\/turismobotanico.es\/wp-content\/uploads\/2026\/02\/WhatsApp-Image-2026-02-09-at-13.29.11.jpeg\" \/>\n\t<meta property=\"og:image:width\" content=\"747\" \/>\n\t<meta property=\"og:image:height\" content=\"659\" \/>\n\t<meta property=\"og:image:type\" content=\"image\/jpeg\" \/>\n<meta name=\"twitter:card\" content=\"summary_large_image\" \/>\n<meta name=\"twitter:label1\" content=\"Est. reading time\" \/>\n\t<meta name=\"twitter:data1\" content=\"2 minutes\" \/>\n<script type=\"application\/ld+json\" class=\"yoast-schema-graph\">{\"@context\":\"https:\\\/\\\/schema.org\",\"@graph\":[{\"@type\":\"WebPage\",\"@id\":\"https:\\\/\\\/turismobotanico.es\\\/valle-de-baztan-naturaleza-desbordante-del-4-al-9-de-agosto-de-2026-reserva\\\/\",\"url\":\"https:\\\/\\\/turismobotanico.es\\\/valle-de-baztan-naturaleza-desbordante-del-4-al-9-de-agosto-de-2026-reserva\\\/\",\"name\":\"Valle de Bazt\u00e1n: Naturaleza Desbordante | Del 4 al 9 de Agosto de 2026 | Reserva - Turismo Bot\u00e1nico\",\"isPartOf\":{\"@id\":\"https:\\\/\\\/turismobotanico.es\\\/#website\"},\"primaryImageOfPage\":{\"@id\":\"https:\\\/\\\/turismobotanico.es\\\/valle-de-baztan-naturaleza-desbordante-del-4-al-9-de-agosto-de-2026-reserva\\\/#primaryimage\"},\"image\":{\"@id\":\"https:\\\/\\\/turismobotanico.es\\\/valle-de-baztan-naturaleza-desbordante-del-4-al-9-de-agosto-de-2026-reserva\\\/#primaryimage\"},\"thumbnailUrl\":\"https:\\\/\\\/turismobotanico.es\\\/wp-content\\\/uploads\\\/2026\\\/02\\\/WhatsApp-Image-2026-02-09-at-13.29.11.jpeg\",\"datePublished\":\"2026-02-09T12:34:26+00:00\",\"dateModified\":\"2026-02-09T12:36:21+00:00\",\"description\":\"Ven con nosotros a descubrir este para\u00edso natural con una de las vegetaciones m\u00e1s verdes de la regi\u00f3n. Te la vas a perder?\",\"breadcrumb\":{\"@id\":\"https:\\\/\\\/turismobotanico.es\\\/valle-de-baztan-naturaleza-desbordante-del-4-al-9-de-agosto-de-2026-reserva\\\/#breadcrumb\"},\"inLanguage\":\"en-US\",\"potentialAction\":[{\"@type\":\"ReadAction\",\"target\":[\"https:\\\/\\\/turismobotanico.es\\\/valle-de-baztan-naturaleza-desbordante-del-4-al-9-de-agosto-de-2026-reserva\\\/\"]}]},{\"@type\":\"ImageObject\",\"inLanguage\":\"en-US\",\"@id\":\"https:\\\/\\\/turismobotanico.es\\\/valle-de-baztan-naturaleza-desbordante-del-4-al-9-de-agosto-de-2026-reserva\\\/#primaryimage\",\"url\":\"https:\\\/\\\/turismobotanico.es\\\/wp-content\\\/uploads\\\/2026\\\/02\\\/WhatsApp-Image-2026-02-09-at-13.29.11.jpeg\",\"contentUrl\":\"https:\\\/\\\/turismobotanico.es\\\/wp-content\\\/uploads\\\/2026\\\/02\\\/WhatsApp-Image-2026-02-09-at-13.29.11.jpeg\",\"width\":747,\"height\":659},{\"@type\":\"BreadcrumbList\",\"@id\":\"https:\\\/\\\/turismobotanico.es\\\/valle-de-baztan-naturaleza-desbordante-del-4-al-9-de-agosto-de-2026-reserva\\\/#breadcrumb\",\"itemListElement\":[{\"@type\":\"ListItem\",\"position\":1,\"name\":\"Portada\",\"item\":\"https:\\\/\\\/turismobotanico.es\\\/\"},{\"@type\":\"ListItem\",\"position\":2,\"name\":\"Tienda\",\"item\":\"https:\\\/\\\/turismobotanico.es\\\/tienda\\\/\"},{\"@type\":\"ListItem\",\"position\":3,\"name\":\"Valle de Bazt\u00e1n: Naturaleza Desbordante | Del 4 al 9 de Agosto de 2026 | Reserva\"}]},{\"@type\":\"WebSite\",\"@id\":\"https:\\\/\\\/turismobotanico.es\\\/#website\",\"url\":\"https:\\\/\\\/turismobotanico.es\\\/\",\"name\":\"Turismo Bot\u00e1nico\",\"description\":\"Turismo de naturaleza\",\"potentialAction\":[{\"@type\":\"SearchAction\",\"target\":{\"@type\":\"EntryPoint\",\"urlTemplate\":\"https:\\\/\\\/turismobotanico.es\\\/?s={search_term_string}\"},\"query-input\":{\"@type\":\"PropertyValueSpecification\",\"valueRequired\":true,\"valueName\":\"search_term_string\"}}],\"inLanguage\":\"en-US\"}]}<\/script>\n<!-- \/ Yoast SEO plugin. -->","yoast_head_json":{"title":"Valle de Bazt\u00e1n: Naturaleza Desbordante | Del 4 al 9 de Agosto de 2026 | Reserva - Turismo Bot\u00e1nico","description":"Ven con nosotros a descubrir este para\u00edso natural con una de las vegetaciones m\u00e1s verdes de la regi\u00f3n. Te la vas a perder?","robots":{"index":"index","follow":"follow","max-snippet":"max-snippet:-1","max-image-preview":"max-image-preview:large","max-video-preview":"max-video-preview:-1"},"canonical":"https:\/\/turismobotanico.es\/en\/valle-de-baztan-naturaleza-desbordante-del-4-al-9-de-agosto-de-2026-reserva\/","og_locale":"en_US","og_type":"article","og_title":"Valle de Bazt\u00e1n: Naturaleza Desbordante | Del 4 al 9 de Agosto de 2026 | Reserva - Turismo Bot\u00e1nico","og_description":"Ven con nosotros a descubrir este para\u00edso natural con una de las vegetaciones m\u00e1s verdes de la regi\u00f3n. Te la vas a perder?","og_url":"https:\/\/turismobotanico.es\/en\/valle-de-baztan-naturaleza-desbordante-del-4-al-9-de-agosto-de-2026-reserva\/","og_site_name":"Turismo Bot\u00e1nico","article_modified_time":"2026-02-09T12:36:21+00:00","og_image":[{"width":747,"height":659,"url":"https:\/\/turismobotanico.es\/wp-content\/uploads\/2026\/02\/WhatsApp-Image-2026-02-09-at-13.29.11.jpeg","type":"image\/jpeg"}],"twitter_card":"summary_large_image","twitter_misc":{"Est. reading time":"2 minutes"},"schema":{"@context":"https:\/\/schema.org","@graph":[{"@type":"WebPage","@id":"https:\/\/turismobotanico.es\/valle-de-baztan-naturaleza-desbordante-del-4-al-9-de-agosto-de-2026-reserva\/","url":"https:\/\/turismobotanico.es\/valle-de-baztan-naturaleza-desbordante-del-4-al-9-de-agosto-de-2026-reserva\/","name":"Valle de Bazt\u00e1n: Naturaleza Desbordante | Del 4 al 9 de Agosto de 2026 | Reserva - Turismo Bot\u00e1nico","isPartOf":{"@id":"https:\/\/turismobotanico.es\/#website"},"primaryImageOfPage":{"@id":"https:\/\/turismobotanico.es\/valle-de-baztan-naturaleza-desbordante-del-4-al-9-de-agosto-de-2026-reserva\/#primaryimage"},"image":{"@id":"https:\/\/turismobotanico.es\/valle-de-baztan-naturaleza-desbordante-del-4-al-9-de-agosto-de-2026-reserva\/#primaryimage"},"thumbnailUrl":"https:\/\/turismobotanico.es\/wp-content\/uploads\/2026\/02\/WhatsApp-Image-2026-02-09-at-13.29.11.jpeg","datePublished":"2026-02-09T12:34:26+00:00","dateModified":"2026-02-09T12:36:21+00:00","description":"Ven con nosotros a descubrir este para\u00edso natural con una de las vegetaciones m\u00e1s verdes de la regi\u00f3n. Te la vas a perder?","breadcrumb":{"@id":"https:\/\/turismobotanico.es\/valle-de-baztan-naturaleza-desbordante-del-4-al-9-de-agosto-de-2026-reserva\/#breadcrumb"},"inLanguage":"en-US","potentialAction":[{"@type":"ReadAction","target":["https:\/\/turismobotanico.es\/valle-de-baztan-naturaleza-desbordante-del-4-al-9-de-agosto-de-2026-reserva\/"]}]},{"@type":"ImageObject","inLanguage":"en-US","@id":"https:\/\/turismobotanico.es\/valle-de-baztan-naturaleza-desbordante-del-4-al-9-de-agosto-de-2026-reserva\/#primaryimage","url":"https:\/\/turismobotanico.es\/wp-content\/uploads\/2026\/02\/WhatsApp-Image-2026-02-09-at-13.29.11.jpeg","contentUrl":"https:\/\/turismobotanico.es\/wp-content\/uploads\/2026\/02\/WhatsApp-Image-2026-02-09-at-13.29.11.jpeg","width":747,"height":659},{"@type":"BreadcrumbList","@id":"https:\/\/turismobotanico.es\/valle-de-baztan-naturaleza-desbordante-del-4-al-9-de-agosto-de-2026-reserva\/#breadcrumb","itemListElement":[{"@type":"ListItem","position":1,"name":"Portada","item":"https:\/\/turismobotanico.es\/"},{"@type":"ListItem","position":2,"name":"Tienda","item":"https:\/\/turismobotanico.es\/tienda\/"},{"@type":"ListItem","position":3,"name":"Valle de Bazt\u00e1n: Naturaleza Desbordante | Del 4 al 9 de Agosto de 2026 | Reserva"}]},{"@type":"WebSite","@id":"https:\/\/turismobotanico.es\/#website","url":"https:\/\/turismobotanico.es\/","name":"Turismo Bot\u00e1nico","description":"Turismo de naturaleza","potentialAction":[{"@type":"SearchAction","target":{"@type":"EntryPoint","urlTemplate":"https:\/\/turismobotanico.es\/?s={search_term_string}"},"query-input":{"@type":"PropertyValueSpecification","valueRequired":true,"valueName":"search_term_string"}}],"inLanguage":"en-US"}]}},"_links":{"self":[{"href":"https:\/\/turismobotanico.es\/en\/wp-json\/wp\/v2\/product\/20103","targetHints":{"allow":["GET"]}}],"collection":[{"href":"https:\/\/turismobotanico.es\/en\/wp-json\/wp\/v2\/product"}],"about":[{"href":"https:\/\/turismobotanico.es\/en\/wp-json\/wp\/v2\/types\/product"}],"replies":[{"embeddable":true,"href":"https:\/\/turismobotanico.es\/en\/wp-json\/wp\/v2\/comments?post=20103"}],"version-history":[{"count":1,"href":"https:\/\/turismobotanico.es\/en\/wp-json\/wp\/v2\/product\/20103\/revisions"}],"predecessor-version":[{"id":20104,"href":"https:\/\/turismobotanico.es\/en\/wp-json\/wp\/v2\/product\/20103\/revisions\/20104"}],"wp:featuredmedia":[{"embeddable":true,"href":"https:\/\/turismobotanico.es\/en\/wp-json\/wp\/v2\/media\/20101"}],"wp:attachment":[{"href":"https:\/\/turismobotanico.es\/en\/wp-json\/wp\/v2\/media?parent=20103"}],"wp:term":[{"taxonomy":"product_brand","embeddable":true,"href":"https:\/\/turismobotanico.es\/en\/wp-json\/wp\/v2\/product_brand?post=20103"},{"taxonomy":"product_cat","embeddable":true,"href":"https:\/\/turismobotanico.es\/en\/wp-json\/wp\/v2\/product_cat?post=20103"},{"taxonomy":"product_tag","embeddable":true,"href":"https:\/\/turismobotanico.es\/en\/wp-json\/wp\/v2\/product_tag?post=20103"}],"curies":[{"name":"wp","href":"https:\/\/api.w.org\/{rel}","templated":true}]}}