{"id":20130,"date":"2026-02-10T12:29:33","date_gmt":"2026-02-10T12:29:33","guid":{"rendered":"https:\/\/turismobotanico.es\/?post_type=product&#038;p=20130"},"modified":"2026-02-10T12:31:02","modified_gmt":"2026-02-10T12:31:02","slug":"montanejos-del-1-al-3-de-mayo-de-2026","status":"publish","type":"product","link":"https:\/\/turismobotanico.es\/en\/montanejos-del-1-al-3-de-mayo-de-2026\/","title":{"rendered":"Montanejos y la Sierra de Espad\u00e1n | Del 1 al 3 de mayo de 2026 | Reserva"},"content":{"rendered":"<p><a href=\"https:\/\/turismobotanico.es\/wp-content\/uploads\/2026\/02\/Montanejos-2026-3.pdf\">VER EL PROGRAMA COMPLETO (RECOMENDADO).<\/a><\/p>\n<p><strong>Secretos del Sur de Castell\u00f3n: Entre Alcornocales y Aguas Termales<\/strong><\/p>\n<p>Hay lugares donde la naturaleza parece haber sido esculpida para el deleite de los sentidos, y el sur de Castell\u00f3n es, sin duda, uno de ellos. Este no es un viaje de turismo convencional; es una invitaci\u00f3n a perderse entre los alcornocales centenarios de la Sierra de Espad\u00e1n y a descubrir el misterio de las cuevas acu\u00e1ticas m\u00e1s fascinantes de la Pen\u00ednsula.<\/p>\n<p>Nuestra aventura comienza en el coraz\u00f3n de Eslida, atravesando bosques de alcornoques que parecen sacados de una leyenda y rastreando tesoros hist\u00f3ricos como antiguas trincheras y molinos. La magia contin\u00faa bajo tierra en las Cuevas de San Jos\u00e9, donde navegaremos en barca por el r\u00edo subterr\u00e1neo m\u00e1s largo de Europa, un espejo de paz oculto bajo la monta\u00f1a.<\/p>\n<p>El punto \u00e1lgido nos espera en Montanejos, un para\u00edso termal donde el r\u00edo Mijares mantiene sus aguas a 25\u00b0C durante todo el a\u00f1o. Aqu\u00ed, el ba\u00f1o en la Fuente de los Ba\u00f1os no es solo un placer, es un ritual medicinal en un entorno de barrancos y paredes verticales de v\u00e9rtigo. Como broche de oro, caminaremos por la orilla del r\u00edo Palancia hasta alcanzar la majestuosa Cascada de la Novia en Navajas, un rinc\u00f3n de frescura y leyendas.<\/p>\n<p>Todo ello disfrutando de la calidez de un grupo reducido (m\u00e1ximo 24 personas), porque sabemos que para mimar los espacios que visitamos, la exclusividad es imprescindible.<\/p>\n<p>PRECIO POR PERSONA CON TRANSPORTE EN BUS O FURGONETA DESDE ORIGEN, DESPLAZAMIENTOS EN DESTINO, ALOJAMIENTO EN MEDIA PENSI\u00d3N (3 d\u00edas, 2 noches), GU\u00cdAS ACOMPA\u00d1ANTES, RUTA EN BARCA, ENTRADA AL BALNEARIO, SEGURO DE ACCIDENTES, DE VIAJE, DE CANCELACI\u00d3N Y DE RESPONSABILIDAD CIVIL: 470\u20ac<\/p>\n<p>El alojamiento es\u00a0en habitaci\u00f3n doble.\u00a0Si vas solo, tendr\u00e1s que pagar el suplemento de\u00a0<strong>habitaci\u00f3n individual: 90\u20ac<\/strong>. A\u00f1\u00e1delo al carrito, desde la parte de abajo de la p\u00e1gina, en el siguiente paso de la reserva.<\/p>\n<p><a href=\"https:\/\/www.bujaldon-sl.com\/productos\/certificado\/prime-2-0-copia\">PUEDE CONSULTAR LAS CONDICIONES DE ESTE SEGURO DE CANCELACI\u00d3N CLICANDO AQU\u00cd<\/a><\/p>\n<p><a href=\"https:\/\/turismobotanico.es\/en\/politica-de-cancelaciones\/\">PUEDES CONSULTAR AQU\u00cd NUESTRA POL\u00cdTICA DE CANCELACIONES<\/a><\/p>","protected":false},"excerpt":{"rendered":"<p><a href=\"https:\/\/turismobotanico.es\/wp-content\/uploads\/2026\/02\/Montanejos-2026.pdf\">VER EL PROGRAMA COMPLETO (RECOMENDADO).<\/a><\/p>\n<p><strong>Secretos del Sur de Castell\u00f3n: Entre Alcornocales y Aguas Termales<\/strong><\/p>\n<p>Hay lugares donde la naturaleza parece haber sido esculpida para el deleite de los sentidos, y el sur de Castell\u00f3n es, sin duda, uno de ellos. Este no es un viaje de turismo convencional; es una invitaci\u00f3n a perderse entre los alcornocales centenarios de la Sierra de Espad\u00e1n y a descubrir el misterio de las cuevas acu\u00e1ticas m\u00e1s fascinantes de la Pen\u00ednsula.<\/p>\n<p>Nuestra aventura comienza en el coraz\u00f3n de Eslida, atravesando bosques de alcornoques que parecen sacados de una leyenda y rastreando tesoros hist\u00f3ricos como antiguas trincheras y molinos. La magia contin\u00faa bajo tierra en las Cuevas de San Jos\u00e9, donde navegaremos en barca por el r\u00edo subterr\u00e1neo m\u00e1s largo de Europa, un espejo de paz oculto bajo la monta\u00f1a.<\/p>\n<p>El punto \u00e1lgido nos espera en Montanejos, un para\u00edso termal donde el r\u00edo Mijares mantiene sus aguas a 25\u00b0C durante todo el a\u00f1o. Aqu\u00ed, el ba\u00f1o en la Fuente de los Ba\u00f1os no es solo un placer, es un ritual medicinal en un entorno de barrancos y paredes verticales de v\u00e9rtigo. Como broche de oro, caminaremos por la orilla del r\u00edo Palancia hasta alcanzar la majestuosa Cascada de la Novia en Navajas, un rinc\u00f3n de frescura y leyendas.<\/p>\n<p>Todo ello disfrutando de la calidez de un grupo reducido (m\u00e1ximo 24 personas), porque sabemos que para mimar los espacios que visitamos, la exclusividad es imprescindible.<\/p>\n<p>PRECIO POR PERSONA CON TRANSPORTE EN BUS O FURGONETA DESDE ORIGEN, DESPLAZAMIENTOS EN DESTINO, ALOJAMIENTO EN MEDIA PENSI\u00d3N (3 d\u00edas, 2 noches), GU\u00cdAS ACOMPA\u00d1ANTES, RUTA EN BARCA, ENTRADA AL BALNEARIO, SEGURO DE ACCIDENTES, DE VIAJE, DE CANCELACI\u00d3N Y DE RESPONSABILIDAD CIVIL: 470\u20ac<\/p>\n<p>El alojamiento es\u00a0en habitaci\u00f3n doble.\u00a0Si vas solo, tendr\u00e1s que pagar el suplemento de\u00a0<strong>habitaci\u00f3n individual: 90\u20ac<\/strong>. A\u00f1\u00e1delo al carrito, desde la parte de abajo de la p\u00e1gina, en el siguiente paso de la reserva.<\/p>\n<p><a href=\"https:\/\/www.bujaldon-sl.com\/productos\/certificado\/prime-2-0-copia\">PUEDE CONSULTAR LAS CONDICIONES DE ESTE SEGURO DE CANCELACI\u00d3N CLICANDO AQU\u00cd<\/a><\/p>\n<p><a href=\"https:\/\/turismobotanico.es\/en\/politica-de-cancelaciones\/\">PUEDES CONSULTAR AQU\u00cd NUESTRA POL\u00cdTICA DE CANCELACIONES<\/a><\/p>","protected":false},"featured_media":20127,"comment_status":"closed","ping_status":"closed","template":"","meta":[],"product_brand":[],"product_cat":[115],"product_tag":[],"class_list":{"0":"post-20130","1":"product","2":"type-product","3":"status-publish","4":"has-post-thumbnail","6":"product_cat-sin-categoria","8":"first","9":"instock","10":"virtual","11":"purchasable","12":"product-type-simple"},"yoast_head":"<!-- This site is optimized with the Yoast SEO plugin v27.4 - https:\/\/yoast.com\/product\/yoast-seo-wordpress\/ -->\n<title>Montanejos y la Sierra de Espad\u00e1n | Del 1 al 3 de mayo de 2026 | Reserva - Turismo Bot\u00e1nico<\/title>\n<meta name=\"robots\" content=\"index, follow, max-snippet:-1, max-image-preview:large, max-video-preview:-1\" \/>\n<link rel=\"canonical\" href=\"https:\/\/turismobotanico.es\/en\/montanejos-del-1-al-3-de-mayo-de-2026\/\" \/>\n<meta property=\"og:locale\" content=\"en_US\" \/>\n<meta property=\"og:type\" content=\"article\" \/>\n<meta property=\"og:title\" content=\"Montanejos y la Sierra de Espad\u00e1n | Del 1 al 3 de mayo de 2026 | Reserva - Turismo Bot\u00e1nico\" \/>\n<meta property=\"og:description\" content=\"VER EL PROGRAMA COMPLETO (RECOMENDADO).  Secretos del Sur de Castell\u00f3n: Entre Alcornocales y Aguas Termales  Hay lugares donde la naturaleza parece haber sido esculpida para el deleite de los sentidos, y el sur de Castell\u00f3n es, sin duda, uno de ellos. Este no es un viaje de turismo convencional; es una invitaci\u00f3n a perderse entre los alcornocales centenarios de la Sierra de Espad\u00e1n y a descubrir el misterio de las cuevas acu\u00e1ticas m\u00e1s fascinantes de la Pen\u00ednsula.  Nuestra aventura comienza en el coraz\u00f3n de Eslida, atravesando bosques de alcornoques que parecen sacados de una leyenda y rastreando tesoros hist\u00f3ricos como antiguas trincheras y molinos. La magia contin\u00faa bajo tierra en las Cuevas de San Jos\u00e9, donde navegaremos en barca por el r\u00edo subterr\u00e1neo m\u00e1s largo de Europa, un espejo de paz oculto bajo la monta\u00f1a.  El punto \u00e1lgido nos espera en Montanejos, un para\u00edso termal donde el r\u00edo Mijares mantiene sus aguas a 25\u00b0C durante todo el a\u00f1o. Aqu\u00ed, el ba\u00f1o en la Fuente de los Ba\u00f1os no es solo un placer, es un ritual medicinal en un entorno de barrancos y paredes verticales de v\u00e9rtigo. Como broche de oro, caminaremos por la orilla del r\u00edo Palancia hasta alcanzar la majestuosa Cascada de la Novia en Navajas, un rinc\u00f3n de frescura y leyendas.  Todo ello disfrutando de la calidez de un grupo reducido (m\u00e1ximo 24 personas), porque sabemos que para mimar los espacios que visitamos, la exclusividad es imprescindible.  PRECIO POR PERSONA CON TRANSPORTE EN BUS O FURGONETA DESDE ORIGEN, DESPLAZAMIENTOS EN DESTINO, ALOJAMIENTO EN MEDIA PENSI\u00d3N (3 d\u00edas, 2 noches), GU\u00cdAS ACOMPA\u00d1ANTES, RUTA EN BARCA, ENTRADA AL BALNEARIO, SEGURO DE ACCIDENTES, DE VIAJE, DE CANCELACI\u00d3N Y DE RESPONSABILIDAD CIVIL: 470\u20ac  El alojamiento es\u00a0en habitaci\u00f3n doble.\u00a0Si vas solo, tendr\u00e1s que pagar el suplemento de\u00a0habitaci\u00f3n individual: 90\u20ac. A\u00f1\u00e1delo al carrito, desde la parte de abajo de la p\u00e1gina, en el siguiente paso de la reserva.  PUEDE CONSULTAR LAS CONDICIONES DE ESTE SEGURO DE CANCELACI\u00d3N CLICANDO AQU\u00cd  PUEDES CONSULTAR AQU\u00cd NUESTRA POL\u00cdTICA DE CANCELACIONES\" \/>\n<meta property=\"og:url\" content=\"https:\/\/turismobotanico.es\/en\/montanejos-del-1-al-3-de-mayo-de-2026\/\" \/>\n<meta property=\"og:site_name\" content=\"Turismo Bot\u00e1nico\" \/>\n<meta property=\"article:modified_time\" content=\"2026-02-10T12:31:02+00:00\" \/>\n<meta property=\"og:image\" content=\"https:\/\/turismobotanico.es\/wp-content\/uploads\/2026\/02\/Fuente-de-los-banos-Montanejos-1.jpeg\" \/>\n\t<meta property=\"og:image:width\" content=\"736\" \/>\n\t<meta property=\"og:image:height\" content=\"981\" \/>\n\t<meta property=\"og:image:type\" content=\"image\/jpeg\" \/>\n<meta name=\"twitter:card\" content=\"summary_large_image\" \/>\n<meta name=\"twitter:label1\" content=\"Est. reading time\" \/>\n\t<meta name=\"twitter:data1\" content=\"2 minutes\" \/>\n<script type=\"application\/ld+json\" class=\"yoast-schema-graph\">{\"@context\":\"https:\\\/\\\/schema.org\",\"@graph\":[{\"@type\":\"WebPage\",\"@id\":\"https:\\\/\\\/turismobotanico.es\\\/montanejos-del-1-al-3-de-mayo-de-2026\\\/\",\"url\":\"https:\\\/\\\/turismobotanico.es\\\/montanejos-del-1-al-3-de-mayo-de-2026\\\/\",\"name\":\"Montanejos y la Sierra de Espad\u00e1n | Del 1 al 3 de mayo de 2026 | Reserva - Turismo Bot\u00e1nico\",\"isPartOf\":{\"@id\":\"https:\\\/\\\/turismobotanico.es\\\/#website\"},\"primaryImageOfPage\":{\"@id\":\"https:\\\/\\\/turismobotanico.es\\\/montanejos-del-1-al-3-de-mayo-de-2026\\\/#primaryimage\"},\"image\":{\"@id\":\"https:\\\/\\\/turismobotanico.es\\\/montanejos-del-1-al-3-de-mayo-de-2026\\\/#primaryimage\"},\"thumbnailUrl\":\"https:\\\/\\\/turismobotanico.es\\\/wp-content\\\/uploads\\\/2026\\\/02\\\/Fuente-de-los-banos-Montanejos-1.jpeg\",\"datePublished\":\"2026-02-10T12:29:33+00:00\",\"dateModified\":\"2026-02-10T12:31:02+00:00\",\"breadcrumb\":{\"@id\":\"https:\\\/\\\/turismobotanico.es\\\/montanejos-del-1-al-3-de-mayo-de-2026\\\/#breadcrumb\"},\"inLanguage\":\"en-US\",\"potentialAction\":[{\"@type\":\"ReadAction\",\"target\":[\"https:\\\/\\\/turismobotanico.es\\\/montanejos-del-1-al-3-de-mayo-de-2026\\\/\"]}]},{\"@type\":\"ImageObject\",\"inLanguage\":\"en-US\",\"@id\":\"https:\\\/\\\/turismobotanico.es\\\/montanejos-del-1-al-3-de-mayo-de-2026\\\/#primaryimage\",\"url\":\"https:\\\/\\\/turismobotanico.es\\\/wp-content\\\/uploads\\\/2026\\\/02\\\/Fuente-de-los-banos-Montanejos-1.jpeg\",\"contentUrl\":\"https:\\\/\\\/turismobotanico.es\\\/wp-content\\\/uploads\\\/2026\\\/02\\\/Fuente-de-los-banos-Montanejos-1.jpeg\",\"width\":736,\"height\":981},{\"@type\":\"BreadcrumbList\",\"@id\":\"https:\\\/\\\/turismobotanico.es\\\/montanejos-del-1-al-3-de-mayo-de-2026\\\/#breadcrumb\",\"itemListElement\":[{\"@type\":\"ListItem\",\"position\":1,\"name\":\"Portada\",\"item\":\"https:\\\/\\\/turismobotanico.es\\\/\"},{\"@type\":\"ListItem\",\"position\":2,\"name\":\"Tienda\",\"item\":\"https:\\\/\\\/turismobotanico.es\\\/tienda\\\/\"},{\"@type\":\"ListItem\",\"position\":3,\"name\":\"Montanejos y la Sierra de Espad\u00e1n | Del 1 al 3 de mayo de 2026 | Reserva\"}]},{\"@type\":\"WebSite\",\"@id\":\"https:\\\/\\\/turismobotanico.es\\\/#website\",\"url\":\"https:\\\/\\\/turismobotanico.es\\\/\",\"name\":\"Turismo Bot\u00e1nico\",\"description\":\"Turismo de naturaleza\",\"potentialAction\":[{\"@type\":\"SearchAction\",\"target\":{\"@type\":\"EntryPoint\",\"urlTemplate\":\"https:\\\/\\\/turismobotanico.es\\\/?s={search_term_string}\"},\"query-input\":{\"@type\":\"PropertyValueSpecification\",\"valueRequired\":true,\"valueName\":\"search_term_string\"}}],\"inLanguage\":\"en-US\"}]}<\/script>\n<!-- \/ Yoast SEO plugin. -->","yoast_head_json":{"title":"Montanejos y la Sierra de Espad\u00e1n | Del 1 al 3 de mayo de 2026 | Reserva - Turismo Bot\u00e1nico","robots":{"index":"index","follow":"follow","max-snippet":"max-snippet:-1","max-image-preview":"max-image-preview:large","max-video-preview":"max-video-preview:-1"},"canonical":"https:\/\/turismobotanico.es\/en\/montanejos-del-1-al-3-de-mayo-de-2026\/","og_locale":"en_US","og_type":"article","og_title":"Montanejos y la Sierra de Espad\u00e1n | Del 1 al 3 de mayo de 2026 | Reserva - Turismo Bot\u00e1nico","og_description":"VER EL PROGRAMA COMPLETO (RECOMENDADO).  Secretos del Sur de Castell\u00f3n: Entre Alcornocales y Aguas Termales  Hay lugares donde la naturaleza parece haber sido esculpida para el deleite de los sentidos, y el sur de Castell\u00f3n es, sin duda, uno de ellos. Este no es un viaje de turismo convencional; es una invitaci\u00f3n a perderse entre los alcornocales centenarios de la Sierra de Espad\u00e1n y a descubrir el misterio de las cuevas acu\u00e1ticas m\u00e1s fascinantes de la Pen\u00ednsula.  Nuestra aventura comienza en el coraz\u00f3n de Eslida, atravesando bosques de alcornoques que parecen sacados de una leyenda y rastreando tesoros hist\u00f3ricos como antiguas trincheras y molinos. La magia contin\u00faa bajo tierra en las Cuevas de San Jos\u00e9, donde navegaremos en barca por el r\u00edo subterr\u00e1neo m\u00e1s largo de Europa, un espejo de paz oculto bajo la monta\u00f1a.  El punto \u00e1lgido nos espera en Montanejos, un para\u00edso termal donde el r\u00edo Mijares mantiene sus aguas a 25\u00b0C durante todo el a\u00f1o. Aqu\u00ed, el ba\u00f1o en la Fuente de los Ba\u00f1os no es solo un placer, es un ritual medicinal en un entorno de barrancos y paredes verticales de v\u00e9rtigo. Como broche de oro, caminaremos por la orilla del r\u00edo Palancia hasta alcanzar la majestuosa Cascada de la Novia en Navajas, un rinc\u00f3n de frescura y leyendas.  Todo ello disfrutando de la calidez de un grupo reducido (m\u00e1ximo 24 personas), porque sabemos que para mimar los espacios que visitamos, la exclusividad es imprescindible.  PRECIO POR PERSONA CON TRANSPORTE EN BUS O FURGONETA DESDE ORIGEN, DESPLAZAMIENTOS EN DESTINO, ALOJAMIENTO EN MEDIA PENSI\u00d3N (3 d\u00edas, 2 noches), GU\u00cdAS ACOMPA\u00d1ANTES, RUTA EN BARCA, ENTRADA AL BALNEARIO, SEGURO DE ACCIDENTES, DE VIAJE, DE CANCELACI\u00d3N Y DE RESPONSABILIDAD CIVIL: 470\u20ac  El alojamiento es\u00a0en habitaci\u00f3n doble.\u00a0Si vas solo, tendr\u00e1s que pagar el suplemento de\u00a0habitaci\u00f3n individual: 90\u20ac. A\u00f1\u00e1delo al carrito, desde la parte de abajo de la p\u00e1gina, en el siguiente paso de la reserva.  PUEDE CONSULTAR LAS CONDICIONES DE ESTE SEGURO DE CANCELACI\u00d3N CLICANDO AQU\u00cd  PUEDES CONSULTAR AQU\u00cd NUESTRA POL\u00cdTICA DE CANCELACIONES","og_url":"https:\/\/turismobotanico.es\/en\/montanejos-del-1-al-3-de-mayo-de-2026\/","og_site_name":"Turismo Bot\u00e1nico","article_modified_time":"2026-02-10T12:31:02+00:00","og_image":[{"width":736,"height":981,"url":"https:\/\/turismobotanico.es\/wp-content\/uploads\/2026\/02\/Fuente-de-los-banos-Montanejos-1.jpeg","type":"image\/jpeg"}],"twitter_card":"summary_large_image","twitter_misc":{"Est. reading time":"2 minutes"},"schema":{"@context":"https:\/\/schema.org","@graph":[{"@type":"WebPage","@id":"https:\/\/turismobotanico.es\/montanejos-del-1-al-3-de-mayo-de-2026\/","url":"https:\/\/turismobotanico.es\/montanejos-del-1-al-3-de-mayo-de-2026\/","name":"Montanejos y la Sierra de Espad\u00e1n | Del 1 al 3 de mayo de 2026 | Reserva - Turismo Bot\u00e1nico","isPartOf":{"@id":"https:\/\/turismobotanico.es\/#website"},"primaryImageOfPage":{"@id":"https:\/\/turismobotanico.es\/montanejos-del-1-al-3-de-mayo-de-2026\/#primaryimage"},"image":{"@id":"https:\/\/turismobotanico.es\/montanejos-del-1-al-3-de-mayo-de-2026\/#primaryimage"},"thumbnailUrl":"https:\/\/turismobotanico.es\/wp-content\/uploads\/2026\/02\/Fuente-de-los-banos-Montanejos-1.jpeg","datePublished":"2026-02-10T12:29:33+00:00","dateModified":"2026-02-10T12:31:02+00:00","breadcrumb":{"@id":"https:\/\/turismobotanico.es\/montanejos-del-1-al-3-de-mayo-de-2026\/#breadcrumb"},"inLanguage":"en-US","potentialAction":[{"@type":"ReadAction","target":["https:\/\/turismobotanico.es\/montanejos-del-1-al-3-de-mayo-de-2026\/"]}]},{"@type":"ImageObject","inLanguage":"en-US","@id":"https:\/\/turismobotanico.es\/montanejos-del-1-al-3-de-mayo-de-2026\/#primaryimage","url":"https:\/\/turismobotanico.es\/wp-content\/uploads\/2026\/02\/Fuente-de-los-banos-Montanejos-1.jpeg","contentUrl":"https:\/\/turismobotanico.es\/wp-content\/uploads\/2026\/02\/Fuente-de-los-banos-Montanejos-1.jpeg","width":736,"height":981},{"@type":"BreadcrumbList","@id":"https:\/\/turismobotanico.es\/montanejos-del-1-al-3-de-mayo-de-2026\/#breadcrumb","itemListElement":[{"@type":"ListItem","position":1,"name":"Portada","item":"https:\/\/turismobotanico.es\/"},{"@type":"ListItem","position":2,"name":"Tienda","item":"https:\/\/turismobotanico.es\/tienda\/"},{"@type":"ListItem","position":3,"name":"Montanejos y la Sierra de Espad\u00e1n | Del 1 al 3 de mayo de 2026 | Reserva"}]},{"@type":"WebSite","@id":"https:\/\/turismobotanico.es\/#website","url":"https:\/\/turismobotanico.es\/","name":"Turismo Bot\u00e1nico","description":"Turismo de naturaleza","potentialAction":[{"@type":"SearchAction","target":{"@type":"EntryPoint","urlTemplate":"https:\/\/turismobotanico.es\/?s={search_term_string}"},"query-input":{"@type":"PropertyValueSpecification","valueRequired":true,"valueName":"search_term_string"}}],"inLanguage":"en-US"}]}},"_links":{"self":[{"href":"https:\/\/turismobotanico.es\/en\/wp-json\/wp\/v2\/product\/20130","targetHints":{"allow":["GET"]}}],"collection":[{"href":"https:\/\/turismobotanico.es\/en\/wp-json\/wp\/v2\/product"}],"about":[{"href":"https:\/\/turismobotanico.es\/en\/wp-json\/wp\/v2\/types\/product"}],"replies":[{"embeddable":true,"href":"https:\/\/turismobotanico.es\/en\/wp-json\/wp\/v2\/comments?post=20130"}],"version-history":[{"count":1,"href":"https:\/\/turismobotanico.es\/en\/wp-json\/wp\/v2\/product\/20130\/revisions"}],"predecessor-version":[{"id":20131,"href":"https:\/\/turismobotanico.es\/en\/wp-json\/wp\/v2\/product\/20130\/revisions\/20131"}],"wp:featuredmedia":[{"embeddable":true,"href":"https:\/\/turismobotanico.es\/en\/wp-json\/wp\/v2\/media\/20127"}],"wp:attachment":[{"href":"https:\/\/turismobotanico.es\/en\/wp-json\/wp\/v2\/media?parent=20130"}],"wp:term":[{"taxonomy":"product_brand","embeddable":true,"href":"https:\/\/turismobotanico.es\/en\/wp-json\/wp\/v2\/product_brand?post=20130"},{"taxonomy":"product_cat","embeddable":true,"href":"https:\/\/turismobotanico.es\/en\/wp-json\/wp\/v2\/product_cat?post=20130"},{"taxonomy":"product_tag","embeddable":true,"href":"https:\/\/turismobotanico.es\/en\/wp-json\/wp\/v2\/product_tag?post=20130"}],"curies":[{"name":"wp","href":"https:\/\/api.w.org\/{rel}","templated":true}]}}