{"id":20203,"date":"2026-02-17T09:37:53","date_gmt":"2026-02-17T09:37:53","guid":{"rendered":"https:\/\/turismobotanico.es\/?post_type=product&#038;p=20203"},"modified":"2026-02-17T09:38:46","modified_gmt":"2026-02-17T09:38:46","slug":"alicante-orxeta-ruta-familiar-calcotada-21-de-febrero-familias","status":"publish","type":"product","link":"https:\/\/turismobotanico.es\/en\/alicante-orxeta-ruta-familiar-calcotada-21-de-febrero-familias\/","title":{"rendered":"ALICANTE: Orxeta | Ruta Familiar &#038; Cal\u00e7otada | 21 de febrero | Familias"},"content":{"rendered":"<style>.elementor-20203 .elementor-element.elementor-element-385d4d1d{--display:flex;}.elementor-20203 .elementor-element.elementor-element-000f6ad iframe{height:366px;}.elementor-20203 .elementor-element.elementor-element-000f6ad > .elementor-widget-container{margin:50px 0px 50px 0px;}<\/style>\t\t<div data-elementor-type=\"product-post\" data-elementor-id=\"20203\" class=\"elementor elementor-20203\" data-elementor-post-type=\"product\">\n\t\t\t\t<div class=\"elementor-element elementor-element-385d4d1d e-flex e-con-boxed e-con e-parent\" data-id=\"385d4d1d\" data-element_type=\"container\" data-e-type=\"container\">\n\t\t\t\t\t<div class=\"e-con-inner\">\n\t\t\t\t<div class=\"elementor-element elementor-element-57ea52f8 elementor-widget elementor-widget-text-editor\" data-id=\"57ea52f8\" data-element_type=\"widget\" data-e-type=\"widget\" data-widget_type=\"text-editor.default\">\n\t\t\t\t<div class=\"elementor-widget-container\">\n\t\t\t\t\t\t\t\t\t<div class=\"flex-shrink-0 flex flex-col relative items-end\">\r\n<div>\r\n<div class=\"pt-0\">\r\n<div class=\"gizmo-bot-avatar flex h-8 w-8 items-center justify-center overflow-hidden rounded-full\">\r\n<div class=\"relative p-1 rounded-sm flex items-center justify-center bg-token-main-surface-primary text-token-text-primary h-8 w-8\">Os proponemos una ruta en familia para divertirnos y conectar con la naturaleza\u00a0\ud83c\udf3f<\/div>\r\n<\/div>\r\n<\/div>\r\n<\/div>\r\n<\/div>\r\n<div class=\"group\/conversation-turn relative flex w-full min-w-0 flex-col agent-turn\">\r\n<div class=\"flex-col gap-1 md:gap-3\">\r\n<div class=\"flex max-w-full flex-col flex-grow\">\r\n<div class=\"min-h-8 text-message flex w-full flex-col items-end gap-2 whitespace-normal break-words text-start [.text-message+&amp;]:mt-5\" dir=\"auto\" data-message-author-role=\"assistant\" data-message-id=\"03a5fdae-8ced-4726-95ae-ed6a004bc237\" data-message-model-slug=\"gpt-4o\">\r\n<div class=\"flex w-full flex-col gap-1 empty:hidden first:pt-[3px]\">\r\n<div class=\"markdown prose w-full break-words dark:prose-invert light\">\r\n\r\nUn paseo de 4 km con un desnivel suave de 100 m, ideal para que grandes y peque\u00f1os disfrutemos juntos.\r\n\r\nNos divertimos con\u00a0<strong>juegos y actividades<\/strong>\u00a0para todos conociendo las maravillas de nuestro entorno.\r\n\r\nEdad recomendada + 8 a\u00f1os.\r\n\r\n<\/div>\r\n<\/div>\r\n<\/div>\r\n<\/div>\r\n<\/div>\r\n<\/div>\t\t\t\t\t\t\t\t<\/div>\n\t\t\t\t<\/div>\n\t\t\t\t<div class=\"elementor-element elementor-element-000f6ad elementor-widget elementor-widget-google_maps\" data-id=\"000f6ad\" data-element_type=\"widget\" data-e-type=\"widget\" data-widget_type=\"google_maps.default\">\n\t\t\t\t<div class=\"elementor-widget-container\">\n\t\t\t\t\t\t\t<div class=\"elementor-custom-embed\">\n\t\t\t<iframe loading=\"lazy\"\n\t\t\t\t\tsrc=\"https:\/\/maps.google.com\/maps?q=Orxeta&#038;t=m&#038;z=10&#038;output=embed&#038;iwloc=near\"\n\t\t\t\t\ttitle=\"Orxeta\"\n\t\t\t\t\taria-label=\"Orxeta\"\n\t\t\t><\/iframe>\n\t\t<\/div>\n\t\t\t\t\t\t<\/div>\n\t\t\t\t<\/div>\n\t\t\t\t\t<\/div>\n\t\t\t\t<\/div>\n\t\t\t\t<\/div>\n\t\t","protected":false},"excerpt":{"rendered":"<p>Orxeta es un pintoresco municipio ubicado en la provincia de Alicante, en la Comunidad Valenciana, que destaca por su entorno natural y su rica historia. Rodeado de monta\u00f1as y valles, Orxeta es un lugar ideal para los amantes del senderismo y la naturaleza, ofreciendo un paisaje impresionante de monta\u00f1as, barrancos y vegetaci\u00f3n mediterr\u00e1nea. Su casco urbano conserva la esencia de los pueblos tradicionales de la comarca, con calles estrechas y casas blancas. Adem\u00e1s, Orxeta cuenta con un patrimonio cultural notable, que incluye monumentos como la iglesia de la Mare de D\u00e9u del Roser y restos de antiguas construcciones como castillos y molinos.<\/p>\n<p>&nbsp;<\/p>\n<p><strong>Ruta guiada de senderismo interpretativo<\/strong><br \/>\n21 de Febrero de 2026<\/p>\n<p>5 KM | DIFICULTAD F\u00c1CIL<\/p>\n<p><b>Ruta\u00a0<\/b>de 10:00 a 12:00h<\/p>\n<p>Precio:<\/p>\n<p>Individual: 10\u20ac por persona.<\/p>\n<p>Familias: 15\u20ac<\/p>\n<p>Incluye ruta guiada, gu\u00edas cualificados, seguro de accidentes y responsabilidad civil<\/p>\n<p>NECESARIA RESERVA al 650 279 467<\/p>\n<p>PLAZAS LIMITADAS<\/p>\n<hr \/>\n<p>M\u00c1S INFORMACI\u00d3N EN LA DESCRIPCI\u00d3N \u21d3<\/p>","protected":false},"featured_media":20179,"comment_status":"closed","ping_status":"closed","template":"","meta":[],"product_brand":[],"product_cat":[115],"product_tag":[],"class_list":{"0":"post-20203","1":"product","2":"type-product","3":"status-publish","4":"has-post-thumbnail","6":"product_cat-sin-categoria","8":"first","9":"instock","10":"virtual","11":"purchasable","12":"product-type-simple"},"yoast_head":"<!-- This site is optimized with the Yoast SEO plugin v27.4 - https:\/\/yoast.com\/product\/yoast-seo-wordpress\/ -->\n<title>ALICANTE: Orxeta | Ruta Familiar &amp; Cal\u00e7otada | 21 de febrero | Familias - Turismo Bot\u00e1nico<\/title>\n<meta name=\"description\" content=\"Si eres amante del senderismo y la naturaleza, este lugar es ideal para ti. Paisajes impresionantes de monta\u00f1as, barrancos y vegetaci\u00f3n mediterr\u00e1nea.\" \/>\n<meta name=\"robots\" content=\"index, follow, max-snippet:-1, max-image-preview:large, max-video-preview:-1\" \/>\n<link rel=\"canonical\" href=\"https:\/\/turismobotanico.es\/en\/alicante-orxeta-ruta-familiar-calcotada-21-de-febrero-familias\/\" \/>\n<meta property=\"og:locale\" content=\"en_US\" \/>\n<meta property=\"og:type\" content=\"article\" \/>\n<meta property=\"og:title\" content=\"ALICANTE: Orxeta | Ruta Familiar &amp; Cal\u00e7otada | 21 de febrero | Familias - Turismo Bot\u00e1nico\" \/>\n<meta property=\"og:description\" content=\"Si eres amante del senderismo y la naturaleza, este lugar es ideal para ti. Paisajes impresionantes de monta\u00f1as, barrancos y vegetaci\u00f3n mediterr\u00e1nea.\" \/>\n<meta property=\"og:url\" content=\"https:\/\/turismobotanico.es\/en\/alicante-orxeta-ruta-familiar-calcotada-21-de-febrero-familias\/\" \/>\n<meta property=\"og:site_name\" content=\"Turismo Bot\u00e1nico\" \/>\n<meta property=\"article:modified_time\" content=\"2026-02-17T09:38:46+00:00\" \/>\n<meta property=\"og:image\" content=\"https:\/\/turismobotanico.es\/wp-content\/uploads\/2025\/03\/WhatsApp-Image-2026-02-12-at-10.54.23.jpeg\" \/>\n\t<meta property=\"og:image:width\" content=\"1080\" \/>\n\t<meta property=\"og:image:height\" content=\"1080\" \/>\n\t<meta property=\"og:image:type\" content=\"image\/jpeg\" \/>\n<meta name=\"twitter:card\" content=\"summary_large_image\" \/>\n<meta name=\"twitter:label1\" content=\"Est. reading time\" \/>\n\t<meta name=\"twitter:data1\" content=\"1 minute\" \/>\n<script type=\"application\/ld+json\" class=\"yoast-schema-graph\">{\"@context\":\"https:\\\/\\\/schema.org\",\"@graph\":[{\"@type\":\"WebPage\",\"@id\":\"https:\\\/\\\/turismobotanico.es\\\/alicante-orxeta-ruta-familiar-calcotada-21-de-febrero-familias\\\/\",\"url\":\"https:\\\/\\\/turismobotanico.es\\\/alicante-orxeta-ruta-familiar-calcotada-21-de-febrero-familias\\\/\",\"name\":\"ALICANTE: Orxeta | Ruta Familiar & Cal\u00e7otada | 21 de febrero | Familias - Turismo Bot\u00e1nico\",\"isPartOf\":{\"@id\":\"https:\\\/\\\/turismobotanico.es\\\/#website\"},\"primaryImageOfPage\":{\"@id\":\"https:\\\/\\\/turismobotanico.es\\\/alicante-orxeta-ruta-familiar-calcotada-21-de-febrero-familias\\\/#primaryimage\"},\"image\":{\"@id\":\"https:\\\/\\\/turismobotanico.es\\\/alicante-orxeta-ruta-familiar-calcotada-21-de-febrero-familias\\\/#primaryimage\"},\"thumbnailUrl\":\"https:\\\/\\\/turismobotanico.es\\\/wp-content\\\/uploads\\\/2025\\\/03\\\/WhatsApp-Image-2026-02-12-at-10.54.23.jpeg\",\"datePublished\":\"2026-02-17T09:37:53+00:00\",\"dateModified\":\"2026-02-17T09:38:46+00:00\",\"description\":\"Si eres amante del senderismo y la naturaleza, este lugar es ideal para ti. Paisajes impresionantes de monta\u00f1as, barrancos y vegetaci\u00f3n mediterr\u00e1nea.\",\"breadcrumb\":{\"@id\":\"https:\\\/\\\/turismobotanico.es\\\/alicante-orxeta-ruta-familiar-calcotada-21-de-febrero-familias\\\/#breadcrumb\"},\"inLanguage\":\"en-US\",\"potentialAction\":[{\"@type\":\"ReadAction\",\"target\":[\"https:\\\/\\\/turismobotanico.es\\\/alicante-orxeta-ruta-familiar-calcotada-21-de-febrero-familias\\\/\"]}]},{\"@type\":\"ImageObject\",\"inLanguage\":\"en-US\",\"@id\":\"https:\\\/\\\/turismobotanico.es\\\/alicante-orxeta-ruta-familiar-calcotada-21-de-febrero-familias\\\/#primaryimage\",\"url\":\"https:\\\/\\\/turismobotanico.es\\\/wp-content\\\/uploads\\\/2025\\\/03\\\/WhatsApp-Image-2026-02-12-at-10.54.23.jpeg\",\"contentUrl\":\"https:\\\/\\\/turismobotanico.es\\\/wp-content\\\/uploads\\\/2025\\\/03\\\/WhatsApp-Image-2026-02-12-at-10.54.23.jpeg\",\"width\":1080,\"height\":1080},{\"@type\":\"BreadcrumbList\",\"@id\":\"https:\\\/\\\/turismobotanico.es\\\/alicante-orxeta-ruta-familiar-calcotada-21-de-febrero-familias\\\/#breadcrumb\",\"itemListElement\":[{\"@type\":\"ListItem\",\"position\":1,\"name\":\"Portada\",\"item\":\"https:\\\/\\\/turismobotanico.es\\\/\"},{\"@type\":\"ListItem\",\"position\":2,\"name\":\"Tienda\",\"item\":\"https:\\\/\\\/turismobotanico.es\\\/tienda\\\/\"},{\"@type\":\"ListItem\",\"position\":3,\"name\":\"ALICANTE: Orxeta | Ruta Familiar &#038; Cal\u00e7otada | 21 de febrero | Familias\"}]},{\"@type\":\"WebSite\",\"@id\":\"https:\\\/\\\/turismobotanico.es\\\/#website\",\"url\":\"https:\\\/\\\/turismobotanico.es\\\/\",\"name\":\"Turismo Bot\u00e1nico\",\"description\":\"Turismo de naturaleza\",\"potentialAction\":[{\"@type\":\"SearchAction\",\"target\":{\"@type\":\"EntryPoint\",\"urlTemplate\":\"https:\\\/\\\/turismobotanico.es\\\/?s={search_term_string}\"},\"query-input\":{\"@type\":\"PropertyValueSpecification\",\"valueRequired\":true,\"valueName\":\"search_term_string\"}}],\"inLanguage\":\"en-US\"}]}<\/script>\n<!-- \/ Yoast SEO plugin. -->","yoast_head_json":{"title":"ALICANTE: Orxeta | Ruta Familiar & Cal\u00e7otada | 21 de febrero | Familias - Turismo Bot\u00e1nico","description":"Si eres amante del senderismo y la naturaleza, este lugar es ideal para ti. Paisajes impresionantes de monta\u00f1as, barrancos y vegetaci\u00f3n mediterr\u00e1nea.","robots":{"index":"index","follow":"follow","max-snippet":"max-snippet:-1","max-image-preview":"max-image-preview:large","max-video-preview":"max-video-preview:-1"},"canonical":"https:\/\/turismobotanico.es\/en\/alicante-orxeta-ruta-familiar-calcotada-21-de-febrero-familias\/","og_locale":"en_US","og_type":"article","og_title":"ALICANTE: Orxeta | Ruta Familiar & Cal\u00e7otada | 21 de febrero | Familias - Turismo Bot\u00e1nico","og_description":"Si eres amante del senderismo y la naturaleza, este lugar es ideal para ti. Paisajes impresionantes de monta\u00f1as, barrancos y vegetaci\u00f3n mediterr\u00e1nea.","og_url":"https:\/\/turismobotanico.es\/en\/alicante-orxeta-ruta-familiar-calcotada-21-de-febrero-familias\/","og_site_name":"Turismo Bot\u00e1nico","article_modified_time":"2026-02-17T09:38:46+00:00","og_image":[{"width":1080,"height":1080,"url":"https:\/\/turismobotanico.es\/wp-content\/uploads\/2025\/03\/WhatsApp-Image-2026-02-12-at-10.54.23.jpeg","type":"image\/jpeg"}],"twitter_card":"summary_large_image","twitter_misc":{"Est. reading time":"1 minute"},"schema":{"@context":"https:\/\/schema.org","@graph":[{"@type":"WebPage","@id":"https:\/\/turismobotanico.es\/alicante-orxeta-ruta-familiar-calcotada-21-de-febrero-familias\/","url":"https:\/\/turismobotanico.es\/alicante-orxeta-ruta-familiar-calcotada-21-de-febrero-familias\/","name":"ALICANTE: Orxeta | Ruta Familiar & Cal\u00e7otada | 21 de febrero | Familias - Turismo Bot\u00e1nico","isPartOf":{"@id":"https:\/\/turismobotanico.es\/#website"},"primaryImageOfPage":{"@id":"https:\/\/turismobotanico.es\/alicante-orxeta-ruta-familiar-calcotada-21-de-febrero-familias\/#primaryimage"},"image":{"@id":"https:\/\/turismobotanico.es\/alicante-orxeta-ruta-familiar-calcotada-21-de-febrero-familias\/#primaryimage"},"thumbnailUrl":"https:\/\/turismobotanico.es\/wp-content\/uploads\/2025\/03\/WhatsApp-Image-2026-02-12-at-10.54.23.jpeg","datePublished":"2026-02-17T09:37:53+00:00","dateModified":"2026-02-17T09:38:46+00:00","description":"Si eres amante del senderismo y la naturaleza, este lugar es ideal para ti. Paisajes impresionantes de monta\u00f1as, barrancos y vegetaci\u00f3n mediterr\u00e1nea.","breadcrumb":{"@id":"https:\/\/turismobotanico.es\/alicante-orxeta-ruta-familiar-calcotada-21-de-febrero-familias\/#breadcrumb"},"inLanguage":"en-US","potentialAction":[{"@type":"ReadAction","target":["https:\/\/turismobotanico.es\/alicante-orxeta-ruta-familiar-calcotada-21-de-febrero-familias\/"]}]},{"@type":"ImageObject","inLanguage":"en-US","@id":"https:\/\/turismobotanico.es\/alicante-orxeta-ruta-familiar-calcotada-21-de-febrero-familias\/#primaryimage","url":"https:\/\/turismobotanico.es\/wp-content\/uploads\/2025\/03\/WhatsApp-Image-2026-02-12-at-10.54.23.jpeg","contentUrl":"https:\/\/turismobotanico.es\/wp-content\/uploads\/2025\/03\/WhatsApp-Image-2026-02-12-at-10.54.23.jpeg","width":1080,"height":1080},{"@type":"BreadcrumbList","@id":"https:\/\/turismobotanico.es\/alicante-orxeta-ruta-familiar-calcotada-21-de-febrero-familias\/#breadcrumb","itemListElement":[{"@type":"ListItem","position":1,"name":"Portada","item":"https:\/\/turismobotanico.es\/"},{"@type":"ListItem","position":2,"name":"Tienda","item":"https:\/\/turismobotanico.es\/tienda\/"},{"@type":"ListItem","position":3,"name":"ALICANTE: Orxeta | Ruta Familiar &#038; Cal\u00e7otada | 21 de febrero | Familias"}]},{"@type":"WebSite","@id":"https:\/\/turismobotanico.es\/#website","url":"https:\/\/turismobotanico.es\/","name":"Turismo Bot\u00e1nico","description":"Turismo de naturaleza","potentialAction":[{"@type":"SearchAction","target":{"@type":"EntryPoint","urlTemplate":"https:\/\/turismobotanico.es\/?s={search_term_string}"},"query-input":{"@type":"PropertyValueSpecification","valueRequired":true,"valueName":"search_term_string"}}],"inLanguage":"en-US"}]}},"_links":{"self":[{"href":"https:\/\/turismobotanico.es\/en\/wp-json\/wp\/v2\/product\/20203","targetHints":{"allow":["GET"]}}],"collection":[{"href":"https:\/\/turismobotanico.es\/en\/wp-json\/wp\/v2\/product"}],"about":[{"href":"https:\/\/turismobotanico.es\/en\/wp-json\/wp\/v2\/types\/product"}],"replies":[{"embeddable":true,"href":"https:\/\/turismobotanico.es\/en\/wp-json\/wp\/v2\/comments?post=20203"}],"version-history":[{"count":1,"href":"https:\/\/turismobotanico.es\/en\/wp-json\/wp\/v2\/product\/20203\/revisions"}],"predecessor-version":[{"id":20204,"href":"https:\/\/turismobotanico.es\/en\/wp-json\/wp\/v2\/product\/20203\/revisions\/20204"}],"wp:featuredmedia":[{"embeddable":true,"href":"https:\/\/turismobotanico.es\/en\/wp-json\/wp\/v2\/media\/20179"}],"wp:attachment":[{"href":"https:\/\/turismobotanico.es\/en\/wp-json\/wp\/v2\/media?parent=20203"}],"wp:term":[{"taxonomy":"product_brand","embeddable":true,"href":"https:\/\/turismobotanico.es\/en\/wp-json\/wp\/v2\/product_brand?post=20203"},{"taxonomy":"product_cat","embeddable":true,"href":"https:\/\/turismobotanico.es\/en\/wp-json\/wp\/v2\/product_cat?post=20203"},{"taxonomy":"product_tag","embeddable":true,"href":"https:\/\/turismobotanico.es\/en\/wp-json\/wp\/v2\/product_tag?post=20203"}],"curies":[{"name":"wp","href":"https:\/\/api.w.org\/{rel}","templated":true}]}}