{"id":20230,"date":"2026-02-18T11:57:52","date_gmt":"2026-02-18T11:57:52","guid":{"rendered":"https:\/\/turismobotanico.es\/?post_type=product&#038;p=20230"},"modified":"2026-02-18T12:08:25","modified_gmt":"2026-02-18T12:08:25","slug":"contrapunto-flamenco-sevilla-jerez-y-cadiz-del-29-de-abril-al-3-de-mayo-de-2026-pago-3","status":"publish","type":"product","link":"https:\/\/turismobotanico.es\/en\/contrapunto-flamenco-sevilla-jerez-y-cadiz-del-29-de-abril-al-3-de-mayo-de-2026-pago-3\/","title":{"rendered":"Contrapunto flamenco: Sevilla, Jerez y C\u00e1diz | Del 29 de abril al 3 de mayo de 2026 | Pago 3"},"content":{"rendered":"<p><a href=\"https:\/\/turismobotanico.es\/wp-content\/uploads\/2026\/02\/Contrapunto-flamenco.pdf\">VER EL PROGRAMA COMPLETO (RECOMENDADO).<\/a><\/p>\n<p>EL DUENDE DE LOS SENTIDOS<\/p>\n<p>Aunque pueda parecer cosa de brujer\u00eda, hay una emoci\u00f3n especial en el hecho de estar f\u00edsicamente en el lugar donde sucedieron las cosas. La explicaci\u00f3n puede ser muy metaf\u00edsica o muy materialista, pero eso es igual. En una tierra como Andaluc\u00eda, donde lo sensorial todo lo abraza -la luz, los colores, los olores, el agua fluvial o marina, el vino\u2026-, con un carisma identificable por cualquiera, la magia es la misma cuando se trata de hablar de emociones.<\/p>\n<p>En esta escapada de pura \u201cCultura Natural\u201d vamos a intentar no solo hablar con rigor y sencillez de los or\u00edgenes del arte flamenco, de la mano del cantaor Alejandro Villaaescusa, sino tambi\u00e9n de llevaros a un viaje por los sentidos que os permita zambulliros en la gen\u00e9tica del alma andaluza que dio lugar a esta m\u00fasica: nos embriagaremos con el azahar sevillano por el Barrio de Santa Cruz, por la gastronom\u00eda de tabernas y tabancos con los efluvios del vino de Jerez y con la espuma que salpicar\u00e1 nuestra traves\u00eda en barco por la Bah\u00eda de C\u00e1diz.<\/p>\n<p>Entre tanto, conoceremos el contexto hist\u00f3rico, art\u00edstico y monumental que acompa\u00f1\u00f3 a las clases populares y el pueblo gitano hacia la g\u00e9nesis de una m\u00fasica tan particular, con parada en la Feria del Puerto de Santa Mar\u00eda.<\/p>\n<p>PRECIO POR PERSONA CON TRASLADOS DESDE MURCIA, ALBACETE Y ALICANTE, ALOJAMIENTO CON DESAYUNO (4 NOCHES EN HOTEL), COMIDAS ENLISTADAS EN EL PROGRAMA, VISITA GUIADA A BODEGA CON CATA Y COMIDA, CATAMAR\u00c1N DE LA BAH\u00cdA DE C\u00c1DIZ, ENTRADAS A TODAS LAS ACTIVIDADES INCLUIDAS EN EL PROGRAMA, SEGURO DE ACCIDENTES, DE VIAJE, DE CANCELACI\u00d3N Y DE RESPONSABILIDAD CIVIL: 1250\u20ac*<\/p>\n<p>El alojamiento es en habitaci\u00f3n doble. Si vas solo, tendr\u00e1s que pagar el suplemento de habitaci\u00f3n individual: 110\u20ac. A\u00f1\u00e1delo al carrito, desde la parte de abajo de la p\u00e1gina, en el siguiente paso de la reserva.<\/p>\n<p><a href=\"https:\/\/www.bujaldon-sl.com\/productos\/certificado\/prime-2-0-copia\">PUEDE CONSULTAR LAS CONDICIONES DE ESTE SEGURO DE CANCELACI\u00d3N CLICANDO AQU\u00cd<\/a><\/p>\n<p><a href=\"https:\/\/turismobotanico.es\/en\/politica-de-cancelaciones\/\">PUEDES CONSULTAR AQU\u00cd NUESTRA POL\u00cdTICA DE CANCELACIONES<\/a><\/p>","protected":false},"excerpt":{"rendered":"<p><a href=\"https:\/\/turismobotanico.es\/wp-content\/uploads\/2026\/02\/Contrapunto-flamenco.pdf\">VER EL PROGRAMA COMPLETO (RECOMENDADO).<\/a><\/p>\n<p>EL DUENDE DE LOS SENTIDOS<\/p>\n<p>Aunque pueda parecer cosa de brujer\u00eda, hay una emoci\u00f3n especial en el hecho de estar f\u00edsicamente en el lugar donde sucedieron las cosas. La explicaci\u00f3n puede ser muy metaf\u00edsica o muy materialista, pero eso es igual. En una tierra como Andaluc\u00eda, donde lo sensorial todo lo abraza -la luz, los colores, los olores, el agua fluvial o marina, el vino\u2026-, con un carisma identificable por cualquiera, la magia es la misma cuando se trata de hablar de emociones.<\/p>\n<p>En esta escapada de pura \u201cCultura Natural\u201d vamos a intentar no solo hablar con rigor y sencillez de los or\u00edgenes del arte flamenco, de la mano del cantaor Alejandro Villaaescusa, sino tambi\u00e9n de llevaros a un viaje por los sentidos que os permita zambulliros en la gen\u00e9tica del alma andaluza que dio lugar a esta m\u00fasica: nos embriagaremos con el azahar sevillano por el Barrio de Santa Cruz, por la gastronom\u00eda de tabernas y tabancos con los efluvios del vino de Jerez y con la espuma que salpicar\u00e1 nuestra traves\u00eda en barco por la Bah\u00eda de C\u00e1diz.<\/p>\n<p>Entre tanto, conoceremos el contexto hist\u00f3rico, art\u00edstico y monumental que acompa\u00f1\u00f3 a las clases populares y el pueblo gitano hacia la g\u00e9nesis de una m\u00fasica tan particular, con parada en la Feria del Puerto de Santa Mar\u00eda.<\/p>\n<p>PRECIO POR PERSONA CON TRASLADOS DESDE MURCIA, ALBACETE Y ALICANTE, ALOJAMIENTO CON DESAYUNO (4 NOCHES EN HOTEL), COMIDAS ENLISTADAS EN EL PROGRAMA, VISITA GUIADA A BODEGA CON CATA Y COMIDA, CATAMAR\u00c1N DE LA BAH\u00cdA DE C\u00c1DIZ, ENTRADAS A TODAS LAS ACTIVIDADES INCLUIDAS EN EL PROGRAMA, SEGURO DE ACCIDENTES, DE VIAJE, DE CANCELACI\u00d3N Y DE RESPONSABILIDAD CIVIL: 1250\u20ac*<\/p>\n<p>El alojamiento es en habitaci\u00f3n doble. Si vas solo, tendr\u00e1s que pagar el suplemento de habitaci\u00f3n individual: 110\u20ac. A\u00f1\u00e1delo al carrito, desde la parte de abajo de la p\u00e1gina, en el siguiente paso de la reserva.<\/p>\n<p><a href=\"https:\/\/www.bujaldon-sl.com\/productos\/certificado\/prime-2-0-copia\">PUEDE CONSULTAR LAS CONDICIONES DE ESTE SEGURO DE CANCELACI\u00d3N CLICANDO AQU\u00cd<\/a><\/p>\n<p><a href=\"https:\/\/turismobotanico.es\/en\/politica-de-cancelaciones\/\">PUEDES CONSULTAR AQU\u00cd NUESTRA POL\u00cdTICA DE CANCELACIONES<\/a><\/p>","protected":false},"featured_media":20217,"comment_status":"closed","ping_status":"closed","template":"","meta":[],"product_brand":[],"product_cat":[115],"product_tag":[],"class_list":{"0":"post-20230","1":"product","2":"type-product","3":"status-publish","4":"has-post-thumbnail","6":"product_cat-sin-categoria","8":"first","9":"instock","10":"virtual","11":"purchasable","12":"product-type-simple"},"yoast_head":"<!-- This site is optimized with the Yoast SEO plugin v27.3 - https:\/\/yoast.com\/product\/yoast-seo-wordpress\/ -->\n<title>Contrapunto flamenco: Sevilla, Jerez y C\u00e1diz | Del 29 de abril al 3 de mayo de 2026 | Pago 3 - Turismo Bot\u00e1nico<\/title>\n<meta name=\"description\" content=\"Andaluc\u00eda, donde lo sensorial todo lo abraza -la luz, los colores, los olores, el vino, con un carisma identificable por cualquiera. \u00a1No te la pierdas!\" \/>\n<meta name=\"robots\" content=\"index, follow, max-snippet:-1, max-image-preview:large, max-video-preview:-1\" \/>\n<link rel=\"canonical\" href=\"https:\/\/turismobotanico.es\/en\/contrapunto-flamenco-sevilla-jerez-y-cadiz-del-29-de-abril-al-3-de-mayo-de-2026-pago-3\/\" \/>\n<meta property=\"og:locale\" content=\"en_US\" \/>\n<meta property=\"og:type\" content=\"article\" \/>\n<meta property=\"og:title\" content=\"Contrapunto flamenco: Sevilla, Jerez y C\u00e1diz | Del 29 de abril al 3 de mayo de 2026 | Pago 3 - Turismo Bot\u00e1nico\" \/>\n<meta property=\"og:description\" content=\"Andaluc\u00eda, donde lo sensorial todo lo abraza -la luz, los colores, los olores, el vino, con un carisma identificable por cualquiera. \u00a1No te la pierdas!\" \/>\n<meta property=\"og:url\" content=\"https:\/\/turismobotanico.es\/en\/contrapunto-flamenco-sevilla-jerez-y-cadiz-del-29-de-abril-al-3-de-mayo-de-2026-pago-3\/\" \/>\n<meta property=\"og:site_name\" content=\"Turismo Bot\u00e1nico\" \/>\n<meta property=\"article:modified_time\" content=\"2026-02-18T12:08:25+00:00\" \/>\n<meta property=\"og:image\" content=\"https:\/\/turismobotanico.es\/wp-content\/uploads\/2026\/02\/Portada.jpeg\" \/>\n\t<meta property=\"og:image:width\" content=\"797\" \/>\n\t<meta property=\"og:image:height\" content=\"514\" \/>\n\t<meta property=\"og:image:type\" content=\"image\/jpeg\" \/>\n<meta name=\"twitter:card\" content=\"summary_large_image\" \/>\n<meta name=\"twitter:label1\" content=\"Est. reading time\" \/>\n\t<meta name=\"twitter:data1\" content=\"2 minutes\" \/>\n<script type=\"application\/ld+json\" class=\"yoast-schema-graph\">{\"@context\":\"https:\\\/\\\/schema.org\",\"@graph\":[{\"@type\":\"WebPage\",\"@id\":\"https:\\\/\\\/turismobotanico.es\\\/contrapunto-flamenco-sevilla-jerez-y-cadiz-del-29-de-abril-al-3-de-mayo-de-2026-pago-3\\\/\",\"url\":\"https:\\\/\\\/turismobotanico.es\\\/contrapunto-flamenco-sevilla-jerez-y-cadiz-del-29-de-abril-al-3-de-mayo-de-2026-pago-3\\\/\",\"name\":\"Contrapunto flamenco: Sevilla, Jerez y C\u00e1diz | Del 29 de abril al 3 de mayo de 2026 | Pago 3 - Turismo Bot\u00e1nico\",\"isPartOf\":{\"@id\":\"https:\\\/\\\/turismobotanico.es\\\/#website\"},\"primaryImageOfPage\":{\"@id\":\"https:\\\/\\\/turismobotanico.es\\\/contrapunto-flamenco-sevilla-jerez-y-cadiz-del-29-de-abril-al-3-de-mayo-de-2026-pago-3\\\/#primaryimage\"},\"image\":{\"@id\":\"https:\\\/\\\/turismobotanico.es\\\/contrapunto-flamenco-sevilla-jerez-y-cadiz-del-29-de-abril-al-3-de-mayo-de-2026-pago-3\\\/#primaryimage\"},\"thumbnailUrl\":\"https:\\\/\\\/turismobotanico.es\\\/wp-content\\\/uploads\\\/2026\\\/02\\\/Portada.jpeg\",\"datePublished\":\"2026-02-18T11:57:52+00:00\",\"dateModified\":\"2026-02-18T12:08:25+00:00\",\"description\":\"Andaluc\u00eda, donde lo sensorial todo lo abraza -la luz, los colores, los olores, el vino, con un carisma identificable por cualquiera. \u00a1No te la pierdas!\",\"breadcrumb\":{\"@id\":\"https:\\\/\\\/turismobotanico.es\\\/contrapunto-flamenco-sevilla-jerez-y-cadiz-del-29-de-abril-al-3-de-mayo-de-2026-pago-3\\\/#breadcrumb\"},\"inLanguage\":\"en-US\",\"potentialAction\":[{\"@type\":\"ReadAction\",\"target\":[\"https:\\\/\\\/turismobotanico.es\\\/contrapunto-flamenco-sevilla-jerez-y-cadiz-del-29-de-abril-al-3-de-mayo-de-2026-pago-3\\\/\"]}]},{\"@type\":\"ImageObject\",\"inLanguage\":\"en-US\",\"@id\":\"https:\\\/\\\/turismobotanico.es\\\/contrapunto-flamenco-sevilla-jerez-y-cadiz-del-29-de-abril-al-3-de-mayo-de-2026-pago-3\\\/#primaryimage\",\"url\":\"https:\\\/\\\/turismobotanico.es\\\/wp-content\\\/uploads\\\/2026\\\/02\\\/Portada.jpeg\",\"contentUrl\":\"https:\\\/\\\/turismobotanico.es\\\/wp-content\\\/uploads\\\/2026\\\/02\\\/Portada.jpeg\",\"width\":797,\"height\":514},{\"@type\":\"BreadcrumbList\",\"@id\":\"https:\\\/\\\/turismobotanico.es\\\/contrapunto-flamenco-sevilla-jerez-y-cadiz-del-29-de-abril-al-3-de-mayo-de-2026-pago-3\\\/#breadcrumb\",\"itemListElement\":[{\"@type\":\"ListItem\",\"position\":1,\"name\":\"Portada\",\"item\":\"https:\\\/\\\/turismobotanico.es\\\/\"},{\"@type\":\"ListItem\",\"position\":2,\"name\":\"Tienda\",\"item\":\"https:\\\/\\\/turismobotanico.es\\\/tienda\\\/\"},{\"@type\":\"ListItem\",\"position\":3,\"name\":\"Contrapunto flamenco: Sevilla, Jerez y C\u00e1diz | Del 29 de abril al 3 de mayo de 2026 | Pago 3\"}]},{\"@type\":\"WebSite\",\"@id\":\"https:\\\/\\\/turismobotanico.es\\\/#website\",\"url\":\"https:\\\/\\\/turismobotanico.es\\\/\",\"name\":\"Turismo Bot\u00e1nico\",\"description\":\"Turismo de naturaleza\",\"potentialAction\":[{\"@type\":\"SearchAction\",\"target\":{\"@type\":\"EntryPoint\",\"urlTemplate\":\"https:\\\/\\\/turismobotanico.es\\\/?s={search_term_string}\"},\"query-input\":{\"@type\":\"PropertyValueSpecification\",\"valueRequired\":true,\"valueName\":\"search_term_string\"}}],\"inLanguage\":\"en-US\"}]}<\/script>\n<!-- \/ Yoast SEO plugin. -->","yoast_head_json":{"title":"Contrapunto flamenco: Sevilla, Jerez y C\u00e1diz | Del 29 de abril al 3 de mayo de 2026 | Pago 3 - Turismo Bot\u00e1nico","description":"Andaluc\u00eda, donde lo sensorial todo lo abraza -la luz, los colores, los olores, el vino, con un carisma identificable por cualquiera. \u00a1No te la pierdas!","robots":{"index":"index","follow":"follow","max-snippet":"max-snippet:-1","max-image-preview":"max-image-preview:large","max-video-preview":"max-video-preview:-1"},"canonical":"https:\/\/turismobotanico.es\/en\/contrapunto-flamenco-sevilla-jerez-y-cadiz-del-29-de-abril-al-3-de-mayo-de-2026-pago-3\/","og_locale":"en_US","og_type":"article","og_title":"Contrapunto flamenco: Sevilla, Jerez y C\u00e1diz | Del 29 de abril al 3 de mayo de 2026 | Pago 3 - Turismo Bot\u00e1nico","og_description":"Andaluc\u00eda, donde lo sensorial todo lo abraza -la luz, los colores, los olores, el vino, con un carisma identificable por cualquiera. \u00a1No te la pierdas!","og_url":"https:\/\/turismobotanico.es\/en\/contrapunto-flamenco-sevilla-jerez-y-cadiz-del-29-de-abril-al-3-de-mayo-de-2026-pago-3\/","og_site_name":"Turismo Bot\u00e1nico","article_modified_time":"2026-02-18T12:08:25+00:00","og_image":[{"width":797,"height":514,"url":"https:\/\/turismobotanico.es\/wp-content\/uploads\/2026\/02\/Portada.jpeg","type":"image\/jpeg"}],"twitter_card":"summary_large_image","twitter_misc":{"Est. reading time":"2 minutes"},"schema":{"@context":"https:\/\/schema.org","@graph":[{"@type":"WebPage","@id":"https:\/\/turismobotanico.es\/contrapunto-flamenco-sevilla-jerez-y-cadiz-del-29-de-abril-al-3-de-mayo-de-2026-pago-3\/","url":"https:\/\/turismobotanico.es\/contrapunto-flamenco-sevilla-jerez-y-cadiz-del-29-de-abril-al-3-de-mayo-de-2026-pago-3\/","name":"Contrapunto flamenco: Sevilla, Jerez y C\u00e1diz | Del 29 de abril al 3 de mayo de 2026 | Pago 3 - Turismo Bot\u00e1nico","isPartOf":{"@id":"https:\/\/turismobotanico.es\/#website"},"primaryImageOfPage":{"@id":"https:\/\/turismobotanico.es\/contrapunto-flamenco-sevilla-jerez-y-cadiz-del-29-de-abril-al-3-de-mayo-de-2026-pago-3\/#primaryimage"},"image":{"@id":"https:\/\/turismobotanico.es\/contrapunto-flamenco-sevilla-jerez-y-cadiz-del-29-de-abril-al-3-de-mayo-de-2026-pago-3\/#primaryimage"},"thumbnailUrl":"https:\/\/turismobotanico.es\/wp-content\/uploads\/2026\/02\/Portada.jpeg","datePublished":"2026-02-18T11:57:52+00:00","dateModified":"2026-02-18T12:08:25+00:00","description":"Andaluc\u00eda, donde lo sensorial todo lo abraza -la luz, los colores, los olores, el vino, con un carisma identificable por cualquiera. \u00a1No te la pierdas!","breadcrumb":{"@id":"https:\/\/turismobotanico.es\/contrapunto-flamenco-sevilla-jerez-y-cadiz-del-29-de-abril-al-3-de-mayo-de-2026-pago-3\/#breadcrumb"},"inLanguage":"en-US","potentialAction":[{"@type":"ReadAction","target":["https:\/\/turismobotanico.es\/contrapunto-flamenco-sevilla-jerez-y-cadiz-del-29-de-abril-al-3-de-mayo-de-2026-pago-3\/"]}]},{"@type":"ImageObject","inLanguage":"en-US","@id":"https:\/\/turismobotanico.es\/contrapunto-flamenco-sevilla-jerez-y-cadiz-del-29-de-abril-al-3-de-mayo-de-2026-pago-3\/#primaryimage","url":"https:\/\/turismobotanico.es\/wp-content\/uploads\/2026\/02\/Portada.jpeg","contentUrl":"https:\/\/turismobotanico.es\/wp-content\/uploads\/2026\/02\/Portada.jpeg","width":797,"height":514},{"@type":"BreadcrumbList","@id":"https:\/\/turismobotanico.es\/contrapunto-flamenco-sevilla-jerez-y-cadiz-del-29-de-abril-al-3-de-mayo-de-2026-pago-3\/#breadcrumb","itemListElement":[{"@type":"ListItem","position":1,"name":"Portada","item":"https:\/\/turismobotanico.es\/"},{"@type":"ListItem","position":2,"name":"Tienda","item":"https:\/\/turismobotanico.es\/tienda\/"},{"@type":"ListItem","position":3,"name":"Contrapunto flamenco: Sevilla, Jerez y C\u00e1diz | Del 29 de abril al 3 de mayo de 2026 | Pago 3"}]},{"@type":"WebSite","@id":"https:\/\/turismobotanico.es\/#website","url":"https:\/\/turismobotanico.es\/","name":"Turismo Bot\u00e1nico","description":"Turismo de naturaleza","potentialAction":[{"@type":"SearchAction","target":{"@type":"EntryPoint","urlTemplate":"https:\/\/turismobotanico.es\/?s={search_term_string}"},"query-input":{"@type":"PropertyValueSpecification","valueRequired":true,"valueName":"search_term_string"}}],"inLanguage":"en-US"}]}},"_links":{"self":[{"href":"https:\/\/turismobotanico.es\/en\/wp-json\/wp\/v2\/product\/20230","targetHints":{"allow":["GET"]}}],"collection":[{"href":"https:\/\/turismobotanico.es\/en\/wp-json\/wp\/v2\/product"}],"about":[{"href":"https:\/\/turismobotanico.es\/en\/wp-json\/wp\/v2\/types\/product"}],"replies":[{"embeddable":true,"href":"https:\/\/turismobotanico.es\/en\/wp-json\/wp\/v2\/comments?post=20230"}],"version-history":[{"count":1,"href":"https:\/\/turismobotanico.es\/en\/wp-json\/wp\/v2\/product\/20230\/revisions"}],"predecessor-version":[{"id":20231,"href":"https:\/\/turismobotanico.es\/en\/wp-json\/wp\/v2\/product\/20230\/revisions\/20231"}],"wp:featuredmedia":[{"embeddable":true,"href":"https:\/\/turismobotanico.es\/en\/wp-json\/wp\/v2\/media\/20217"}],"wp:attachment":[{"href":"https:\/\/turismobotanico.es\/en\/wp-json\/wp\/v2\/media?parent=20230"}],"wp:term":[{"taxonomy":"product_brand","embeddable":true,"href":"https:\/\/turismobotanico.es\/en\/wp-json\/wp\/v2\/product_brand?post=20230"},{"taxonomy":"product_cat","embeddable":true,"href":"https:\/\/turismobotanico.es\/en\/wp-json\/wp\/v2\/product_cat?post=20230"},{"taxonomy":"product_tag","embeddable":true,"href":"https:\/\/turismobotanico.es\/en\/wp-json\/wp\/v2\/product_tag?post=20230"}],"curies":[{"name":"wp","href":"https:\/\/api.w.org\/{rel}","templated":true}]}}