{"id":20266,"date":"2026-02-20T08:10:51","date_gmt":"2026-02-20T08:10:51","guid":{"rendered":"https:\/\/turismobotanico.es\/?post_type=product&#038;p=20266"},"modified":"2026-02-20T08:27:38","modified_gmt":"2026-02-20T08:27:38","slug":"deshielo-en-gredos-up-abril-2026","status":"publish","type":"product","link":"https:\/\/turismobotanico.es\/en\/deshielo-en-gredos-up-abril-2026\/","title":{"rendered":"Deshielo en Gredos | Universidad Popular de Albacete | 24 al 26 de abril 2026"},"content":{"rendered":"<p><a href=\"https:\/\/turismobotanico.es\/wp-content\/uploads\/2026\/02\/Gredos-para-UP-Albacete.pdf\">VER EL PROGRAMA COMPLETO (RECOMENDADO)<\/a><\/p>\n<p><strong>Viaje del Aula de Naturaleza por el Parque Regional de Gredos <\/strong><\/p>\n<p><strong><span style=\"color: #993300;\">Pueblos pintorescos, cumbres y valles en la mitad de la meseta<\/span><\/strong><\/p>\n<p>PRECIO POR PERSONA CON TRASLADO DESDE ALBACETE Y EN DESTINO, 2 NOCHES DE ALOJAMIENTO EN HABITACI\u00d3N DOBLE CON DESYUNO Y CENA, GU\u00cdA ACOMPA\u00d1ANTE POR EL PARQUE REGIONAL DE GREDOS, 2 COMIDAS EN RESTAURANTES LOCALES, SEGUROS DE ACCIDENTES Y RC:<strong> 315\u20ac<\/strong><\/p>\n<p>El alojamiento es\u00a0en habitaci\u00f3n doble.\u00a0Si vas solo, tendr\u00e1s que pagar el suplemento de\u00a0<strong>habitaci\u00f3n individual: 60\u20ac<\/strong>. A\u00f1\u00e1delo al carrito, desde la parte de abajo de la p\u00e1gina, en el siguiente paso de la reserva.<\/p>\n<p>El precio incluye\u00a0<strong>Seguro de Asistencia y Cancelaci\u00f3n<\/strong>, cuyas condiciones sustituyen a las de nuestra pol\u00edtica de cancelaciones gen\u00e9rica.<\/p>\n<p><a href=\"https:\/\/www.bujaldon-sl.com\/productos\/garantias\/prime-2-0-copia\">PUEDE CONSULTAR LAS CONDICIONES DE ESTE SEGURO DE CANCELACI\u00d3N CLICANDO AQU\u00cd<\/a><\/p>\n<p><a href=\"https:\/\/turismobotanico.es\/en\/politica-de-cancelaciones\/\">PUEDES CONSULTAR AQU\u00cd NUESTRA POL\u00cdTICA DE CANCELACIONES<\/a><\/p>\n<p>&nbsp;<\/p>\n<hr \/>\n<p>&nbsp;<\/p>","protected":false},"excerpt":{"rendered":"<p>VER EL PROGRAMA COMPLETO (RECOMENDADO) Viaje del Aula de Naturaleza por el Parque Regional de Gredos Pueblos pintorescos, cumbres y valles en la mitad de la meseta PRECIO POR PERSONA [&hellip;]<\/p>\n","protected":false},"featured_media":20270,"comment_status":"closed","ping_status":"closed","template":"","meta":[],"product_brand":[],"product_cat":[115],"product_tag":[],"class_list":{"0":"post-20266","1":"product","2":"type-product","3":"status-publish","4":"has-post-thumbnail","6":"product_cat-sin-categoria","8":"first","9":"instock","10":"shipping-taxable","11":"purchasable","12":"product-type-simple"},"yoast_head":"<!-- This site is optimized with the Yoast SEO plugin v27.3 - https:\/\/yoast.com\/product\/yoast-seo-wordpress\/ -->\n<title>Deshielo en Gredos | Universidad Popular de Albacete | 24 al 26 de abril 2026 - Turismo Bot\u00e1nico<\/title>\n<meta name=\"description\" content=\"\u00a1Ven a recorrer las cumbres de Gredos con la Universidad Popular de Albacete!\" \/>\n<meta name=\"robots\" content=\"index, follow, max-snippet:-1, max-image-preview:large, max-video-preview:-1\" \/>\n<link rel=\"canonical\" href=\"https:\/\/turismobotanico.es\/en\/deshielo-en-gredos-up-abril-2026\/\" \/>\n<meta property=\"og:locale\" content=\"en_US\" \/>\n<meta property=\"og:type\" content=\"article\" \/>\n<meta property=\"og:title\" content=\"Deshielo en Gredos | Universidad Popular de Albacete | 24 al 26 de abril 2026 - Turismo Bot\u00e1nico\" \/>\n<meta property=\"og:description\" content=\"\u00a1Ven a recorrer las cumbres de Gredos con la Universidad Popular de Albacete!\" \/>\n<meta property=\"og:url\" content=\"https:\/\/turismobotanico.es\/en\/deshielo-en-gredos-up-abril-2026\/\" \/>\n<meta property=\"og:site_name\" content=\"Turismo Bot\u00e1nico\" \/>\n<meta property=\"article:modified_time\" content=\"2026-02-20T08:27:38+00:00\" \/>\n<meta property=\"og:image\" content=\"https:\/\/turismobotanico.es\/wp-content\/uploads\/2026\/02\/Gredos-UP.jpeg\" \/>\n\t<meta property=\"og:image:width\" content=\"773\" \/>\n\t<meta property=\"og:image:height\" content=\"631\" \/>\n\t<meta property=\"og:image:type\" content=\"image\/jpeg\" \/>\n<meta name=\"twitter:card\" content=\"summary_large_image\" \/>\n<meta name=\"twitter:label1\" content=\"Est. reading time\" \/>\n\t<meta name=\"twitter:data1\" content=\"1 minute\" \/>\n<script type=\"application\/ld+json\" class=\"yoast-schema-graph\">{\"@context\":\"https:\\\/\\\/schema.org\",\"@graph\":[{\"@type\":\"WebPage\",\"@id\":\"https:\\\/\\\/turismobotanico.es\\\/deshielo-en-gredos-up-abril-2026\\\/\",\"url\":\"https:\\\/\\\/turismobotanico.es\\\/deshielo-en-gredos-up-abril-2026\\\/\",\"name\":\"Deshielo en Gredos | Universidad Popular de Albacete | 24 al 26 de abril 2026 - Turismo Bot\u00e1nico\",\"isPartOf\":{\"@id\":\"https:\\\/\\\/turismobotanico.es\\\/#website\"},\"primaryImageOfPage\":{\"@id\":\"https:\\\/\\\/turismobotanico.es\\\/deshielo-en-gredos-up-abril-2026\\\/#primaryimage\"},\"image\":{\"@id\":\"https:\\\/\\\/turismobotanico.es\\\/deshielo-en-gredos-up-abril-2026\\\/#primaryimage\"},\"thumbnailUrl\":\"https:\\\/\\\/turismobotanico.es\\\/wp-content\\\/uploads\\\/2026\\\/02\\\/Gredos-UP.jpeg\",\"datePublished\":\"2026-02-20T08:10:51+00:00\",\"dateModified\":\"2026-02-20T08:27:38+00:00\",\"description\":\"\u00a1Ven a recorrer las cumbres de Gredos con la Universidad Popular de Albacete!\",\"breadcrumb\":{\"@id\":\"https:\\\/\\\/turismobotanico.es\\\/deshielo-en-gredos-up-abril-2026\\\/#breadcrumb\"},\"inLanguage\":\"en-US\",\"potentialAction\":[{\"@type\":\"ReadAction\",\"target\":[\"https:\\\/\\\/turismobotanico.es\\\/deshielo-en-gredos-up-abril-2026\\\/\"]}]},{\"@type\":\"ImageObject\",\"inLanguage\":\"en-US\",\"@id\":\"https:\\\/\\\/turismobotanico.es\\\/deshielo-en-gredos-up-abril-2026\\\/#primaryimage\",\"url\":\"https:\\\/\\\/turismobotanico.es\\\/wp-content\\\/uploads\\\/2026\\\/02\\\/Gredos-UP.jpeg\",\"contentUrl\":\"https:\\\/\\\/turismobotanico.es\\\/wp-content\\\/uploads\\\/2026\\\/02\\\/Gredos-UP.jpeg\",\"width\":773,\"height\":631},{\"@type\":\"BreadcrumbList\",\"@id\":\"https:\\\/\\\/turismobotanico.es\\\/deshielo-en-gredos-up-abril-2026\\\/#breadcrumb\",\"itemListElement\":[{\"@type\":\"ListItem\",\"position\":1,\"name\":\"Portada\",\"item\":\"https:\\\/\\\/turismobotanico.es\\\/\"},{\"@type\":\"ListItem\",\"position\":2,\"name\":\"Tienda\",\"item\":\"https:\\\/\\\/turismobotanico.es\\\/tienda\\\/\"},{\"@type\":\"ListItem\",\"position\":3,\"name\":\"Deshielo en Gredos | Universidad Popular de Albacete | 24 al 26 de abril 2026\"}]},{\"@type\":\"WebSite\",\"@id\":\"https:\\\/\\\/turismobotanico.es\\\/#website\",\"url\":\"https:\\\/\\\/turismobotanico.es\\\/\",\"name\":\"Turismo Bot\u00e1nico\",\"description\":\"Turismo de naturaleza\",\"potentialAction\":[{\"@type\":\"SearchAction\",\"target\":{\"@type\":\"EntryPoint\",\"urlTemplate\":\"https:\\\/\\\/turismobotanico.es\\\/?s={search_term_string}\"},\"query-input\":{\"@type\":\"PropertyValueSpecification\",\"valueRequired\":true,\"valueName\":\"search_term_string\"}}],\"inLanguage\":\"en-US\"}]}<\/script>\n<!-- \/ Yoast SEO plugin. -->","yoast_head_json":{"title":"Deshielo en Gredos | Universidad Popular de Albacete | 24 al 26 de abril 2026 - Turismo Bot\u00e1nico","description":"\u00a1Ven a recorrer las cumbres de Gredos con la Universidad Popular de Albacete!","robots":{"index":"index","follow":"follow","max-snippet":"max-snippet:-1","max-image-preview":"max-image-preview:large","max-video-preview":"max-video-preview:-1"},"canonical":"https:\/\/turismobotanico.es\/en\/deshielo-en-gredos-up-abril-2026\/","og_locale":"en_US","og_type":"article","og_title":"Deshielo en Gredos | Universidad Popular de Albacete | 24 al 26 de abril 2026 - Turismo Bot\u00e1nico","og_description":"\u00a1Ven a recorrer las cumbres de Gredos con la Universidad Popular de Albacete!","og_url":"https:\/\/turismobotanico.es\/en\/deshielo-en-gredos-up-abril-2026\/","og_site_name":"Turismo Bot\u00e1nico","article_modified_time":"2026-02-20T08:27:38+00:00","og_image":[{"width":773,"height":631,"url":"https:\/\/turismobotanico.es\/wp-content\/uploads\/2026\/02\/Gredos-UP.jpeg","type":"image\/jpeg"}],"twitter_card":"summary_large_image","twitter_misc":{"Est. reading time":"1 minute"},"schema":{"@context":"https:\/\/schema.org","@graph":[{"@type":"WebPage","@id":"https:\/\/turismobotanico.es\/deshielo-en-gredos-up-abril-2026\/","url":"https:\/\/turismobotanico.es\/deshielo-en-gredos-up-abril-2026\/","name":"Deshielo en Gredos | Universidad Popular de Albacete | 24 al 26 de abril 2026 - Turismo Bot\u00e1nico","isPartOf":{"@id":"https:\/\/turismobotanico.es\/#website"},"primaryImageOfPage":{"@id":"https:\/\/turismobotanico.es\/deshielo-en-gredos-up-abril-2026\/#primaryimage"},"image":{"@id":"https:\/\/turismobotanico.es\/deshielo-en-gredos-up-abril-2026\/#primaryimage"},"thumbnailUrl":"https:\/\/turismobotanico.es\/wp-content\/uploads\/2026\/02\/Gredos-UP.jpeg","datePublished":"2026-02-20T08:10:51+00:00","dateModified":"2026-02-20T08:27:38+00:00","description":"\u00a1Ven a recorrer las cumbres de Gredos con la Universidad Popular de Albacete!","breadcrumb":{"@id":"https:\/\/turismobotanico.es\/deshielo-en-gredos-up-abril-2026\/#breadcrumb"},"inLanguage":"en-US","potentialAction":[{"@type":"ReadAction","target":["https:\/\/turismobotanico.es\/deshielo-en-gredos-up-abril-2026\/"]}]},{"@type":"ImageObject","inLanguage":"en-US","@id":"https:\/\/turismobotanico.es\/deshielo-en-gredos-up-abril-2026\/#primaryimage","url":"https:\/\/turismobotanico.es\/wp-content\/uploads\/2026\/02\/Gredos-UP.jpeg","contentUrl":"https:\/\/turismobotanico.es\/wp-content\/uploads\/2026\/02\/Gredos-UP.jpeg","width":773,"height":631},{"@type":"BreadcrumbList","@id":"https:\/\/turismobotanico.es\/deshielo-en-gredos-up-abril-2026\/#breadcrumb","itemListElement":[{"@type":"ListItem","position":1,"name":"Portada","item":"https:\/\/turismobotanico.es\/"},{"@type":"ListItem","position":2,"name":"Tienda","item":"https:\/\/turismobotanico.es\/tienda\/"},{"@type":"ListItem","position":3,"name":"Deshielo en Gredos | Universidad Popular de Albacete | 24 al 26 de abril 2026"}]},{"@type":"WebSite","@id":"https:\/\/turismobotanico.es\/#website","url":"https:\/\/turismobotanico.es\/","name":"Turismo Bot\u00e1nico","description":"Turismo de naturaleza","potentialAction":[{"@type":"SearchAction","target":{"@type":"EntryPoint","urlTemplate":"https:\/\/turismobotanico.es\/?s={search_term_string}"},"query-input":{"@type":"PropertyValueSpecification","valueRequired":true,"valueName":"search_term_string"}}],"inLanguage":"en-US"}]}},"_links":{"self":[{"href":"https:\/\/turismobotanico.es\/en\/wp-json\/wp\/v2\/product\/20266","targetHints":{"allow":["GET"]}}],"collection":[{"href":"https:\/\/turismobotanico.es\/en\/wp-json\/wp\/v2\/product"}],"about":[{"href":"https:\/\/turismobotanico.es\/en\/wp-json\/wp\/v2\/types\/product"}],"replies":[{"embeddable":true,"href":"https:\/\/turismobotanico.es\/en\/wp-json\/wp\/v2\/comments?post=20266"}],"version-history":[{"count":3,"href":"https:\/\/turismobotanico.es\/en\/wp-json\/wp\/v2\/product\/20266\/revisions"}],"predecessor-version":[{"id":20272,"href":"https:\/\/turismobotanico.es\/en\/wp-json\/wp\/v2\/product\/20266\/revisions\/20272"}],"wp:featuredmedia":[{"embeddable":true,"href":"https:\/\/turismobotanico.es\/en\/wp-json\/wp\/v2\/media\/20270"}],"wp:attachment":[{"href":"https:\/\/turismobotanico.es\/en\/wp-json\/wp\/v2\/media?parent=20266"}],"wp:term":[{"taxonomy":"product_brand","embeddable":true,"href":"https:\/\/turismobotanico.es\/en\/wp-json\/wp\/v2\/product_brand?post=20266"},{"taxonomy":"product_cat","embeddable":true,"href":"https:\/\/turismobotanico.es\/en\/wp-json\/wp\/v2\/product_cat?post=20266"},{"taxonomy":"product_tag","embeddable":true,"href":"https:\/\/turismobotanico.es\/en\/wp-json\/wp\/v2\/product_tag?post=20266"}],"curies":[{"name":"wp","href":"https:\/\/api.w.org\/{rel}","templated":true}]}}