{"id":20294,"date":"2026-02-23T11:53:44","date_gmt":"2026-02-23T11:53:44","guid":{"rendered":"https:\/\/turismobotanico.es\/?post_type=product&#038;p=20294"},"modified":"2026-02-23T12:49:00","modified_gmt":"2026-02-23T12:49:00","slug":"viaje-madrid-sierra-guadarrama-abril","status":"publish","type":"product","link":"https:\/\/turismobotanico.es\/en\/viaje-madrid-sierra-guadarrama-abril\/","title":{"rendered":"Madrid: Parque Nacional Sierra de Guadarrama | Del 16 al 19 de abril"},"content":{"rendered":"<p><a href=\"https:\/\/turismobotanico.es\/wp-content\/uploads\/2026\/02\/Guadarrama.pdf\">VER EL PROGRAMA COMPLETO (RECOMENDADO).<\/a><\/p>\n<p><b>EL ALMA DE LA SIERRA<\/b><\/p>\n<p data-path-to-node=\"1\"><span data-path-to-node=\"1,0\">Nos apasiona descubrir esos rincones del territorio nacional donde la naturaleza dicta las normas y el paisaje se vuelve el protagonista absoluto. <\/span><span data-path-to-node=\"1,2\"><span class=\"citation-298\">Y eso, con una fuerza arrolladora, sucede en la <\/span><b data-path-to-node=\"1,2\" data-index-in-node=\"48\"><span class=\"citation-298\">Sierra de Guadarrama<\/span><\/b><\/span><span data-path-to-node=\"1,4\">. <\/span><span data-path-to-node=\"1,6\"><span class=\"citation-297\">Cada primavera, el despertar de sus bosques y el deshielo de sus cumbres sirven como la excusa perfecta para organizar una expedici\u00f3n bot\u00e1nica<\/span><\/span><span data-path-to-node=\"1,8\">. <\/span><span data-path-to-node=\"1,10\"><span class=\"citation-296\">Pues all\u00e1 que vamos<\/span><\/span><span data-path-to-node=\"1,12\">.<\/span><\/p>\n<p data-path-to-node=\"2\"><span data-path-to-node=\"2,1\"><span class=\"citation-295\">Teniendo el hist\u00f3rico pueblo de <\/span><b data-path-to-node=\"2,1\" data-index-in-node=\"32\"><span class=\"citation-295\">Cercedilla<\/span><\/b><span class=\"citation-295\"> como refugio, lo utilizaremos como nuestra base de operaciones<\/span><\/span><span data-path-to-node=\"2,3\">. <\/span><span data-path-to-node=\"2,5\"><span class=\"citation-294\">Desde all\u00ed, aprovecharemos para caminar sus dehesas, perdi\u00e9ndonos entre miradores que inspiraron a poetas y contemplando tejos imponentes y acebos frondosos que parecen guardar secretos milenarios<\/span><\/span><span data-path-to-node=\"2,7\">. <\/span><span data-path-to-node=\"2,9\"><span class=\"citation-293\">Guadarrama se despliega ante nosotros en un abanico de texturas: primero, nos centraremos en su <\/span><b data-path-to-node=\"2,9\" data-index-in-node=\"96\"><span class=\"citation-293\">vertiente gran\u00edtica<\/span><\/b><span class=\"citation-293\"> en <\/span><b data-path-to-node=\"2,9\" data-index-in-node=\"119\"><span class=\"citation-293\">La Pedriza<\/span><\/b><\/span><span data-path-to-node=\"2,11\">. <\/span><span data-path-to-node=\"2,13\"><span class=\"citation-292\">Caminaremos entre riscos de formas caprichosas y pe\u00f1as que forman un relieve \u00fanico en la pen\u00ednsula, nacido hace cientos de millones de a\u00f1os<\/span><\/span><span data-path-to-node=\"2,15\">.<\/span><\/p>\n<p id=\"p-rc_e9bbe29080227b9c-121\" data-path-to-node=\"3\"><span data-path-to-node=\"3,1\"><span class=\"citation-291\">Pero tambi\u00e9n nos moveremos por la vertiente del agua y la umbr\u00eda<\/span><\/span><span data-path-to-node=\"3,3\">. <\/span><span data-path-to-node=\"3,5\"><span class=\"citation-290\">La que se esconde en el <\/span><b data-path-to-node=\"3,5\" data-index-in-node=\"24\"><span class=\"citation-290\">Valle del Lozoya<\/span><\/b><span class=\"citation-290\">, donde los pinos silvestres ofrecen una sombra perpetua y el <\/span><b data-path-to-node=\"3,5\" data-index-in-node=\"102\"><span class=\"citation-290\">Arroyo de la Angostura<\/span><\/b><span class=\"citation-290\"> nos acompa\u00f1a con su murmullo constante<\/span><\/span><span data-path-to-node=\"3,7\">. <\/span><span data-path-to-node=\"3,9\"><span class=\"citation-289\">Tendremos rutas con desniveles que exigen un poco m\u00e1s de destreza, como el descenso por el <\/span><b data-path-to-node=\"3,9\" data-index-in-node=\"91\"><span class=\"citation-289\">Puerto de Navacerrada<\/span><\/b><span class=\"citation-289\">, pero siempre con la recompensa de alcanzar nacimientos de r\u00edos espectaculares y valles que son aut\u00e9nticas joyas regionales<\/span><\/span><span data-path-to-node=\"3,11\">. <\/span><span data-path-to-node=\"3,13\"><span class=\"citation-288\">Un fin de semana de inmersi\u00f3n serrana con el pinar y la roca como reyes del programa y de nuestra aventura<\/span><\/span><\/p>\n<p>PRECIO POR PERSONA CON TRANSPORTE EN BUS O FURGONETA DESDE MURCIA\/ALBACETE\/ ALICANTE, DESPLAZAMIENTO EN DESTINO, 3 NOCHES DE ALOJAMIENTO CON DESAYUNO INCLU\u00cdDO, 1 CENA, GU\u00cdA DE NATURALEZA, ENTRADAS A LAS ACTIVIDADES DEL PROGRAMA, SEGURO DE ACCIDENTES, DE VIAJE, DE CANCELACI\u00d3N Y DE RESPONSABILIDAD CIVIL, : 550\u20ac<\/p>\n<p>El alojamiento es\u00a0en habitaci\u00f3n doble.\u00a0Si vas solo, tendr\u00e1s que pagar el suplemento de\u00a0<strong>habitaci\u00f3n individual: 120\u20ac<\/strong>. A\u00f1\u00e1delo al carrito, desde la parte de abajo de la p\u00e1gina, en el siguiente paso de la reserva.<\/p>\n<p><a href=\"https:\/\/www.bujaldon-sl.com\/productos\/certificado\/prime-2-0-copia\">PUEDE CONSULTAR LAS CONDICIONES DE ESTE SEGURO DE CANCELACI\u00d3N CLICANDO AQU\u00cd<\/a><\/p>\n<p><a href=\"https:\/\/turismobotanico.es\/en\/politica-de-cancelaciones\/\">PUEDES CONSULTAR AQU\u00cd NUESTRA POL\u00cdTICA DE CANCELACIONES<\/a><\/p>","protected":false},"excerpt":{"rendered":"<p><a href=\"https:\/\/turismobotanico.es\/wp-content\/uploads\/2026\/02\/Guadarrama.pdf\">VER EL PROGRAMA COMPLETO (RECOMENDADO).<\/a><\/p>\n<p><b>EL ALMA DE LA SIERRA<\/b><\/p>\n<p data-path-to-node=\"1\"><span data-path-to-node=\"1,0\">Nos apasiona descubrir esos rincones del territorio nacional donde la naturaleza dicta las normas y el paisaje se vuelve el protagonista absoluto. <\/span><span data-path-to-node=\"1,2\"><span class=\"citation-298\">Y eso, con una fuerza arrolladora, sucede en la <\/span><b data-path-to-node=\"1,2\" data-index-in-node=\"48\"><span class=\"citation-298\">Sierra de Guadarrama<\/span><\/b><\/span><span data-path-to-node=\"1,4\">. <\/span><span data-path-to-node=\"1,6\"><span class=\"citation-297\">Cada primavera, el despertar de sus bosques y el deshielo de sus cumbres sirven como la excusa perfecta para organizar una expedici\u00f3n bot\u00e1nica<\/span><\/span><span data-path-to-node=\"1,8\">. <\/span><span data-path-to-node=\"1,10\"><span class=\"citation-296\">Pues all\u00e1 que vamos<\/span><\/span><span data-path-to-node=\"1,12\">.<\/span><\/p>\n<p data-path-to-node=\"2\"><span data-path-to-node=\"2,1\"><span class=\"citation-295\">Teniendo el hist\u00f3rico pueblo de <\/span><b data-path-to-node=\"2,1\" data-index-in-node=\"32\"><span class=\"citation-295\">Cercedilla<\/span><\/b><span class=\"citation-295\"> como refugio, lo utilizaremos como nuestra base de operaciones<\/span><\/span><span data-path-to-node=\"2,3\">. <\/span><span data-path-to-node=\"2,5\"><span class=\"citation-294\">Desde all\u00ed, aprovecharemos para caminar sus dehesas, perdi\u00e9ndonos entre miradores que inspiraron a poetas y contemplando tejos imponentes y acebos frondosos que parecen guardar secretos milenarios<\/span><\/span><span data-path-to-node=\"2,7\">. <\/span><span data-path-to-node=\"2,9\"><span class=\"citation-293\">Guadarrama se despliega ante nosotros en un abanico de texturas: primero, nos centraremos en su <\/span><b data-path-to-node=\"2,9\" data-index-in-node=\"96\"><span class=\"citation-293\">vertiente gran\u00edtica<\/span><\/b><span class=\"citation-293\"> en <\/span><b data-path-to-node=\"2,9\" data-index-in-node=\"119\"><span class=\"citation-293\">La Pedriza<\/span><\/b><\/span><span data-path-to-node=\"2,11\">. <\/span><span data-path-to-node=\"2,13\"><span class=\"citation-292\">Caminaremos entre riscos de formas caprichosas y pe\u00f1as que forman un relieve \u00fanico en la pen\u00ednsula, nacido hace cientos de millones de a\u00f1os<\/span><\/span><span data-path-to-node=\"2,15\">.<\/span><\/p>\n<p id=\"p-rc_e9bbe29080227b9c-121\" data-path-to-node=\"3\"><span data-path-to-node=\"3,1\"><span class=\"citation-291\">Pero tambi\u00e9n nos moveremos por la vertiente del agua y la umbr\u00eda<\/span><\/span><span data-path-to-node=\"3,3\">. <\/span><span data-path-to-node=\"3,5\"><span class=\"citation-290\">La que se esconde en el <\/span><b data-path-to-node=\"3,5\" data-index-in-node=\"24\"><span class=\"citation-290\">Valle del Lozoya<\/span><\/b><span class=\"citation-290\">, donde los pinos silvestres ofrecen una sombra perpetua y el <\/span><b data-path-to-node=\"3,5\" data-index-in-node=\"102\"><span class=\"citation-290\">Arroyo de la Angostura<\/span><\/b><span class=\"citation-290\"> nos acompa\u00f1a con su murmullo constante<\/span><\/span><span data-path-to-node=\"3,7\">. <\/span><span data-path-to-node=\"3,9\"><span class=\"citation-289\">Tendremos rutas con desniveles que exigen un poco m\u00e1s de destreza, como el descenso por el <\/span><b data-path-to-node=\"3,9\" data-index-in-node=\"91\"><span class=\"citation-289\">Puerto de Navacerrada<\/span><\/b><span class=\"citation-289\">, pero siempre con la recompensa de alcanzar nacimientos de r\u00edos espectaculares y valles que son aut\u00e9nticas joyas regionales<\/span><\/span><span data-path-to-node=\"3,11\">. <\/span><span data-path-to-node=\"3,13\"><span class=\"citation-288\">Un fin de semana de inmersi\u00f3n serrana con el pinar y la roca como reyes del programa y de nuestra aventura<\/span><\/span><\/p>\n<p>PRECIO POR PERSONA CON TRANSPORTE EN BUS O FURGONETA DESDE MURCIA\/ALBACETE\/ ALICANTE, DESPLAZAMIENTO EN DESTINO, 3 NOCHES DE ALOJAMIENTO CON DESAYUNO INCLU\u00cdDO, 1 CENA, GU\u00cdA DE NATURALEZA, ENTRADAS A LAS ACTIVIDADES DEL PROGRAMA, SEGURO DE ACCIDENTES, DE VIAJE, DE CANCELACI\u00d3N Y DE RESPONSABILIDAD CIVIL, : 550\u20ac<\/p>\n<p>El alojamiento es\u00a0en habitaci\u00f3n doble.\u00a0Si vas solo, tendr\u00e1s que pagar el suplemento de\u00a0<strong>habitaci\u00f3n individual: 120\u20ac<\/strong>. A\u00f1\u00e1delo al carrito, desde la parte de abajo de la p\u00e1gina, en el siguiente paso de la reserva.<\/p>\n<p><a href=\"https:\/\/www.bujaldon-sl.com\/productos\/certificado\/prime-2-0-copia\">PUEDE CONSULTAR LAS CONDICIONES DE ESTE SEGURO DE CANCELACI\u00d3N CLICANDO AQU\u00cd<\/a><\/p>\n<p><a href=\"https:\/\/turismobotanico.es\/en\/politica-de-cancelaciones\/\">PUEDES CONSULTAR AQU\u00cd NUESTRA POL\u00cdTICA DE CANCELACIONES<\/a><\/p>","protected":false},"featured_media":20298,"comment_status":"closed","ping_status":"closed","template":"","meta":[],"product_brand":[],"product_cat":[54,55,45,61,105,53,131,132],"product_tag":[],"class_list":{"0":"post-20294","1":"product","2":"type-product","3":"status-publish","4":"has-post-thumbnail","6":"product_cat-albacete","7":"product_cat-alicante","8":"product_cat-destinos-por-region","9":"product_cat-escapadas-y-viajes-de-naturaleza-en-espana","10":"product_cat-espana","11":"product_cat-murcia","12":"product_cat-senderismo","13":"product_cat-viajes-de-naturaleza","15":"first","16":"instock","17":"virtual","18":"purchasable","19":"product-type-simple"},"yoast_head":"<!-- This site is optimized with the Yoast SEO plugin v27.4 - https:\/\/yoast.com\/product\/yoast-seo-wordpress\/ -->\n<title>Madrid: Parque Nacional Sierra de Guadarrama | Del 16 al 19 de abril - Turismo Bot\u00e1nico<\/title>\n<meta name=\"description\" content=\"Esc\u00e1pate a la Sierra de Guadarrama y descubre el laberinto gran\u00edtico de La Pedriza y los senderos que inspiraron a grandes poetas. Te lo vas a perder?\" \/>\n<meta name=\"robots\" content=\"index, follow, max-snippet:-1, max-image-preview:large, max-video-preview:-1\" \/>\n<link rel=\"canonical\" href=\"https:\/\/turismobotanico.es\/en\/viaje-madrid-sierra-guadarrama-abril\/\" \/>\n<meta property=\"og:locale\" content=\"en_US\" \/>\n<meta property=\"og:type\" content=\"article\" \/>\n<meta property=\"og:title\" content=\"Madrid: Parque Nacional Sierra de Guadarrama | Del 16 al 19 de abril - Turismo Bot\u00e1nico\" \/>\n<meta property=\"og:description\" content=\"Esc\u00e1pate a la Sierra de Guadarrama y descubre el laberinto gran\u00edtico de La Pedriza y los senderos que inspiraron a grandes poetas. Te lo vas a perder?\" \/>\n<meta property=\"og:url\" content=\"https:\/\/turismobotanico.es\/en\/viaje-madrid-sierra-guadarrama-abril\/\" \/>\n<meta property=\"og:site_name\" content=\"Turismo Bot\u00e1nico\" \/>\n<meta property=\"article:modified_time\" content=\"2026-02-23T12:49:00+00:00\" \/>\n<meta property=\"og:image\" content=\"https:\/\/turismobotanico.es\/wp-content\/uploads\/2026\/02\/WhatsApp-Image-2026-02-23-at-13.17.06.jpeg\" \/>\n\t<meta property=\"og:image:width\" content=\"770\" \/>\n\t<meta property=\"og:image:height\" content=\"583\" \/>\n\t<meta property=\"og:image:type\" content=\"image\/jpeg\" \/>\n<meta name=\"twitter:card\" content=\"summary_large_image\" \/>\n<meta name=\"twitter:label1\" content=\"Est. reading time\" \/>\n\t<meta name=\"twitter:data1\" content=\"2 minutes\" \/>\n<script type=\"application\/ld+json\" class=\"yoast-schema-graph\">{\"@context\":\"https:\\\/\\\/schema.org\",\"@graph\":[{\"@type\":\"WebPage\",\"@id\":\"https:\\\/\\\/turismobotanico.es\\\/viaje-madrid-sierra-guadarrama-abril\\\/\",\"url\":\"https:\\\/\\\/turismobotanico.es\\\/viaje-madrid-sierra-guadarrama-abril\\\/\",\"name\":\"Madrid: Parque Nacional Sierra de Guadarrama | Del 16 al 19 de abril - Turismo Bot\u00e1nico\",\"isPartOf\":{\"@id\":\"https:\\\/\\\/turismobotanico.es\\\/#website\"},\"primaryImageOfPage\":{\"@id\":\"https:\\\/\\\/turismobotanico.es\\\/viaje-madrid-sierra-guadarrama-abril\\\/#primaryimage\"},\"image\":{\"@id\":\"https:\\\/\\\/turismobotanico.es\\\/viaje-madrid-sierra-guadarrama-abril\\\/#primaryimage\"},\"thumbnailUrl\":\"https:\\\/\\\/turismobotanico.es\\\/wp-content\\\/uploads\\\/2026\\\/02\\\/WhatsApp-Image-2026-02-23-at-13.17.06.jpeg\",\"datePublished\":\"2026-02-23T11:53:44+00:00\",\"dateModified\":\"2026-02-23T12:49:00+00:00\",\"description\":\"Esc\u00e1pate a la Sierra de Guadarrama y descubre el laberinto gran\u00edtico de La Pedriza y los senderos que inspiraron a grandes poetas. Te lo vas a perder?\",\"breadcrumb\":{\"@id\":\"https:\\\/\\\/turismobotanico.es\\\/viaje-madrid-sierra-guadarrama-abril\\\/#breadcrumb\"},\"inLanguage\":\"en-US\",\"potentialAction\":[{\"@type\":\"ReadAction\",\"target\":[\"https:\\\/\\\/turismobotanico.es\\\/viaje-madrid-sierra-guadarrama-abril\\\/\"]}]},{\"@type\":\"ImageObject\",\"inLanguage\":\"en-US\",\"@id\":\"https:\\\/\\\/turismobotanico.es\\\/viaje-madrid-sierra-guadarrama-abril\\\/#primaryimage\",\"url\":\"https:\\\/\\\/turismobotanico.es\\\/wp-content\\\/uploads\\\/2026\\\/02\\\/WhatsApp-Image-2026-02-23-at-13.17.06.jpeg\",\"contentUrl\":\"https:\\\/\\\/turismobotanico.es\\\/wp-content\\\/uploads\\\/2026\\\/02\\\/WhatsApp-Image-2026-02-23-at-13.17.06.jpeg\",\"width\":770,\"height\":583},{\"@type\":\"BreadcrumbList\",\"@id\":\"https:\\\/\\\/turismobotanico.es\\\/viaje-madrid-sierra-guadarrama-abril\\\/#breadcrumb\",\"itemListElement\":[{\"@type\":\"ListItem\",\"position\":1,\"name\":\"Portada\",\"item\":\"https:\\\/\\\/turismobotanico.es\\\/\"},{\"@type\":\"ListItem\",\"position\":2,\"name\":\"Tienda\",\"item\":\"https:\\\/\\\/turismobotanico.es\\\/tienda\\\/\"},{\"@type\":\"ListItem\",\"position\":3,\"name\":\"Madrid: Parque Nacional Sierra de Guadarrama | Del 16 al 19 de abril\"}]},{\"@type\":\"WebSite\",\"@id\":\"https:\\\/\\\/turismobotanico.es\\\/#website\",\"url\":\"https:\\\/\\\/turismobotanico.es\\\/\",\"name\":\"Turismo Bot\u00e1nico\",\"description\":\"Turismo de naturaleza\",\"potentialAction\":[{\"@type\":\"SearchAction\",\"target\":{\"@type\":\"EntryPoint\",\"urlTemplate\":\"https:\\\/\\\/turismobotanico.es\\\/?s={search_term_string}\"},\"query-input\":{\"@type\":\"PropertyValueSpecification\",\"valueRequired\":true,\"valueName\":\"search_term_string\"}}],\"inLanguage\":\"en-US\"}]}<\/script>\n<!-- \/ Yoast SEO plugin. -->","yoast_head_json":{"title":"Madrid: Parque Nacional Sierra de Guadarrama | Del 16 al 19 de abril - Turismo Bot\u00e1nico","description":"Esc\u00e1pate a la Sierra de Guadarrama y descubre el laberinto gran\u00edtico de La Pedriza y los senderos que inspiraron a grandes poetas. Te lo vas a perder?","robots":{"index":"index","follow":"follow","max-snippet":"max-snippet:-1","max-image-preview":"max-image-preview:large","max-video-preview":"max-video-preview:-1"},"canonical":"https:\/\/turismobotanico.es\/en\/viaje-madrid-sierra-guadarrama-abril\/","og_locale":"en_US","og_type":"article","og_title":"Madrid: Parque Nacional Sierra de Guadarrama | Del 16 al 19 de abril - Turismo Bot\u00e1nico","og_description":"Esc\u00e1pate a la Sierra de Guadarrama y descubre el laberinto gran\u00edtico de La Pedriza y los senderos que inspiraron a grandes poetas. Te lo vas a perder?","og_url":"https:\/\/turismobotanico.es\/en\/viaje-madrid-sierra-guadarrama-abril\/","og_site_name":"Turismo Bot\u00e1nico","article_modified_time":"2026-02-23T12:49:00+00:00","og_image":[{"width":770,"height":583,"url":"https:\/\/turismobotanico.es\/wp-content\/uploads\/2026\/02\/WhatsApp-Image-2026-02-23-at-13.17.06.jpeg","type":"image\/jpeg"}],"twitter_card":"summary_large_image","twitter_misc":{"Est. reading time":"2 minutes"},"schema":{"@context":"https:\/\/schema.org","@graph":[{"@type":"WebPage","@id":"https:\/\/turismobotanico.es\/viaje-madrid-sierra-guadarrama-abril\/","url":"https:\/\/turismobotanico.es\/viaje-madrid-sierra-guadarrama-abril\/","name":"Madrid: Parque Nacional Sierra de Guadarrama | Del 16 al 19 de abril - Turismo Bot\u00e1nico","isPartOf":{"@id":"https:\/\/turismobotanico.es\/#website"},"primaryImageOfPage":{"@id":"https:\/\/turismobotanico.es\/viaje-madrid-sierra-guadarrama-abril\/#primaryimage"},"image":{"@id":"https:\/\/turismobotanico.es\/viaje-madrid-sierra-guadarrama-abril\/#primaryimage"},"thumbnailUrl":"https:\/\/turismobotanico.es\/wp-content\/uploads\/2026\/02\/WhatsApp-Image-2026-02-23-at-13.17.06.jpeg","datePublished":"2026-02-23T11:53:44+00:00","dateModified":"2026-02-23T12:49:00+00:00","description":"Esc\u00e1pate a la Sierra de Guadarrama y descubre el laberinto gran\u00edtico de La Pedriza y los senderos que inspiraron a grandes poetas. Te lo vas a perder?","breadcrumb":{"@id":"https:\/\/turismobotanico.es\/viaje-madrid-sierra-guadarrama-abril\/#breadcrumb"},"inLanguage":"en-US","potentialAction":[{"@type":"ReadAction","target":["https:\/\/turismobotanico.es\/viaje-madrid-sierra-guadarrama-abril\/"]}]},{"@type":"ImageObject","inLanguage":"en-US","@id":"https:\/\/turismobotanico.es\/viaje-madrid-sierra-guadarrama-abril\/#primaryimage","url":"https:\/\/turismobotanico.es\/wp-content\/uploads\/2026\/02\/WhatsApp-Image-2026-02-23-at-13.17.06.jpeg","contentUrl":"https:\/\/turismobotanico.es\/wp-content\/uploads\/2026\/02\/WhatsApp-Image-2026-02-23-at-13.17.06.jpeg","width":770,"height":583},{"@type":"BreadcrumbList","@id":"https:\/\/turismobotanico.es\/viaje-madrid-sierra-guadarrama-abril\/#breadcrumb","itemListElement":[{"@type":"ListItem","position":1,"name":"Portada","item":"https:\/\/turismobotanico.es\/"},{"@type":"ListItem","position":2,"name":"Tienda","item":"https:\/\/turismobotanico.es\/tienda\/"},{"@type":"ListItem","position":3,"name":"Madrid: Parque Nacional Sierra de Guadarrama | Del 16 al 19 de abril"}]},{"@type":"WebSite","@id":"https:\/\/turismobotanico.es\/#website","url":"https:\/\/turismobotanico.es\/","name":"Turismo Bot\u00e1nico","description":"Turismo de naturaleza","potentialAction":[{"@type":"SearchAction","target":{"@type":"EntryPoint","urlTemplate":"https:\/\/turismobotanico.es\/?s={search_term_string}"},"query-input":{"@type":"PropertyValueSpecification","valueRequired":true,"valueName":"search_term_string"}}],"inLanguage":"en-US"}]}},"_links":{"self":[{"href":"https:\/\/turismobotanico.es\/en\/wp-json\/wp\/v2\/product\/20294","targetHints":{"allow":["GET"]}}],"collection":[{"href":"https:\/\/turismobotanico.es\/en\/wp-json\/wp\/v2\/product"}],"about":[{"href":"https:\/\/turismobotanico.es\/en\/wp-json\/wp\/v2\/types\/product"}],"replies":[{"embeddable":true,"href":"https:\/\/turismobotanico.es\/en\/wp-json\/wp\/v2\/comments?post=20294"}],"version-history":[{"count":3,"href":"https:\/\/turismobotanico.es\/en\/wp-json\/wp\/v2\/product\/20294\/revisions"}],"predecessor-version":[{"id":20304,"href":"https:\/\/turismobotanico.es\/en\/wp-json\/wp\/v2\/product\/20294\/revisions\/20304"}],"wp:featuredmedia":[{"embeddable":true,"href":"https:\/\/turismobotanico.es\/en\/wp-json\/wp\/v2\/media\/20298"}],"wp:attachment":[{"href":"https:\/\/turismobotanico.es\/en\/wp-json\/wp\/v2\/media?parent=20294"}],"wp:term":[{"taxonomy":"product_brand","embeddable":true,"href":"https:\/\/turismobotanico.es\/en\/wp-json\/wp\/v2\/product_brand?post=20294"},{"taxonomy":"product_cat","embeddable":true,"href":"https:\/\/turismobotanico.es\/en\/wp-json\/wp\/v2\/product_cat?post=20294"},{"taxonomy":"product_tag","embeddable":true,"href":"https:\/\/turismobotanico.es\/en\/wp-json\/wp\/v2\/product_tag?post=20294"}],"curies":[{"name":"wp","href":"https:\/\/api.w.org\/{rel}","templated":true}]}}