{"id":20370,"date":"2026-03-04T11:02:38","date_gmt":"2026-03-04T11:02:38","guid":{"rendered":"https:\/\/turismobotanico.es\/?post_type=product&#038;p=20370"},"modified":"2026-03-27T17:59:14","modified_gmt":"2026-03-27T17:59:14","slug":"albacete-ruta-en-bicicleta-familiar","status":"publish","type":"product","link":"https:\/\/turismobotanico.es\/en\/albacete-ruta-en-bicicleta-familiar\/","title":{"rendered":"ALBACETE: Familia sobre ruedas &#8211; V\u00eda Verde de la Sierra de Alcaraz | 19 de abril"},"content":{"rendered":"<p><strong>Ruta ciclotur\u00edstica familiar por la V\u00eda Verde de la Sierra de Alcaraz<br \/>\n<\/strong>(con translado de bicicletas al punto de inicio y regreso)<\/p>\n<p><span style=\"color: #800000;\">19 de abril de 2026<br \/>\n<\/span><span style=\"color: #800000;\">Encuentro en Los Chospes, 9.30 h<\/span><\/p>\n<p>22 km | Dificultad baja<br \/>\nDesnivel: -170 m<\/p>\n<p>El precio es de 25\u20ac para adultos y 20\u20ac para ni\u00f1os, consider\u00e1ndose como tales si la talla de su bicicleta es de ni\u00f1o.<br \/>\nIncluye gu\u00eda\/s de naturaleza y seguros<\/p>\n<p>NECESARIA RESERVA, PLAZAS LIMITADAS.<br \/>\nPuedes reservar por Whatsapp en el 627190409 o en el correo albacete@turismobotanico.es<\/p>\n<p><a href=\"https:\/\/turismobotanico.es\/en\/politica-de-cancelaciones\/\" target=\"_blank\" rel=\"noopener\">CONSULTA AQU\u00cd NUESTRA POL\u00cdTICA COMPLETA DE CANCELACIONES<\/a><\/p>","protected":false},"excerpt":{"rendered":"<p>Ruta ciclotur\u00edstica familiar por la V\u00eda Verde de la Sierra de Alcaraz (con translado de bicicletas al punto de inicio y regreso) 19 de abril de 2026 Encuentro en Los [&hellip;]<\/p>\n","protected":false},"featured_media":20570,"comment_status":"closed","ping_status":"closed","template":"","meta":[],"product_brand":[],"product_cat":[54,60,59],"product_tag":[],"class_list":{"0":"post-20370","1":"product","2":"type-product","3":"status-publish","4":"has-post-thumbnail","6":"product_cat-albacete","7":"product_cat-excursiones-y-actividades-de-un-dia","8":"product_cat-tipos-de-actividades","10":"first","11":"instock","12":"virtual","13":"purchasable","14":"product-type-simple"},"yoast_head":"<!-- This site is optimized with the Yoast SEO plugin v27.4 - https:\/\/yoast.com\/product\/yoast-seo-wordpress\/ -->\n<title>ALBACETE: Familia sobre ruedas - V\u00eda Verde de la Sierra de Alcaraz | 19 de abril - Turismo Bot\u00e1nico<\/title>\n<meta name=\"robots\" content=\"index, follow, max-snippet:-1, max-image-preview:large, max-video-preview:-1\" \/>\n<link rel=\"canonical\" href=\"https:\/\/turismobotanico.es\/en\/albacete-ruta-en-bicicleta-familiar\/\" \/>\n<meta property=\"og:locale\" content=\"en_US\" \/>\n<meta property=\"og:type\" content=\"article\" \/>\n<meta property=\"og:title\" content=\"ALBACETE: Familia sobre ruedas - V\u00eda Verde de la Sierra de Alcaraz | 19 de abril - Turismo Bot\u00e1nico\" \/>\n<meta property=\"og:description\" content=\"Ruta ciclotur\u00edstica familiar por la V\u00eda Verde de la Sierra de Alcaraz (con translado de bicicletas al punto de inicio y regreso) 19 de abril de 2026 Encuentro en Los [&hellip;]\" \/>\n<meta property=\"og:url\" content=\"https:\/\/turismobotanico.es\/en\/albacete-ruta-en-bicicleta-familiar\/\" \/>\n<meta property=\"og:site_name\" content=\"Turismo Bot\u00e1nico\" \/>\n<meta property=\"article:modified_time\" content=\"2026-03-27T17:59:14+00:00\" \/>\n<meta property=\"og:image\" content=\"https:\/\/turismobotanico.es\/wp-content\/uploads\/2026\/03\/Via-Verde-19-abril-1024x1024.png\" \/>\n\t<meta property=\"og:image:width\" content=\"1024\" \/>\n\t<meta property=\"og:image:height\" content=\"1024\" \/>\n\t<meta property=\"og:image:type\" content=\"image\/png\" \/>\n<meta name=\"twitter:card\" content=\"summary_large_image\" \/>\n<meta name=\"twitter:label1\" content=\"Est. reading time\" \/>\n\t<meta name=\"twitter:data1\" content=\"1 minute\" \/>\n<script type=\"application\/ld+json\" class=\"yoast-schema-graph\">{\"@context\":\"https:\\\/\\\/schema.org\",\"@graph\":[{\"@type\":\"WebPage\",\"@id\":\"https:\\\/\\\/turismobotanico.es\\\/albacete-ruta-en-bicicleta-familiar\\\/\",\"url\":\"https:\\\/\\\/turismobotanico.es\\\/albacete-ruta-en-bicicleta-familiar\\\/\",\"name\":\"ALBACETE: Familia sobre ruedas - V\u00eda Verde de la Sierra de Alcaraz | 19 de abril - Turismo Bot\u00e1nico\",\"isPartOf\":{\"@id\":\"https:\\\/\\\/turismobotanico.es\\\/#website\"},\"primaryImageOfPage\":{\"@id\":\"https:\\\/\\\/turismobotanico.es\\\/albacete-ruta-en-bicicleta-familiar\\\/#primaryimage\"},\"image\":{\"@id\":\"https:\\\/\\\/turismobotanico.es\\\/albacete-ruta-en-bicicleta-familiar\\\/#primaryimage\"},\"thumbnailUrl\":\"https:\\\/\\\/turismobotanico.es\\\/wp-content\\\/uploads\\\/2026\\\/03\\\/Via-Verde-19-abril.png\",\"datePublished\":\"2026-03-04T11:02:38+00:00\",\"dateModified\":\"2026-03-27T17:59:14+00:00\",\"breadcrumb\":{\"@id\":\"https:\\\/\\\/turismobotanico.es\\\/albacete-ruta-en-bicicleta-familiar\\\/#breadcrumb\"},\"inLanguage\":\"en-US\",\"potentialAction\":[{\"@type\":\"ReadAction\",\"target\":[\"https:\\\/\\\/turismobotanico.es\\\/albacete-ruta-en-bicicleta-familiar\\\/\"]}]},{\"@type\":\"ImageObject\",\"inLanguage\":\"en-US\",\"@id\":\"https:\\\/\\\/turismobotanico.es\\\/albacete-ruta-en-bicicleta-familiar\\\/#primaryimage\",\"url\":\"https:\\\/\\\/turismobotanico.es\\\/wp-content\\\/uploads\\\/2026\\\/03\\\/Via-Verde-19-abril.png\",\"contentUrl\":\"https:\\\/\\\/turismobotanico.es\\\/wp-content\\\/uploads\\\/2026\\\/03\\\/Via-Verde-19-abril.png\",\"width\":2480,\"height\":2292},{\"@type\":\"BreadcrumbList\",\"@id\":\"https:\\\/\\\/turismobotanico.es\\\/albacete-ruta-en-bicicleta-familiar\\\/#breadcrumb\",\"itemListElement\":[{\"@type\":\"ListItem\",\"position\":1,\"name\":\"Portada\",\"item\":\"https:\\\/\\\/turismobotanico.es\\\/\"},{\"@type\":\"ListItem\",\"position\":2,\"name\":\"Tienda\",\"item\":\"https:\\\/\\\/turismobotanico.es\\\/tienda\\\/\"},{\"@type\":\"ListItem\",\"position\":3,\"name\":\"ALBACETE: Familia sobre ruedas &#8211; V\u00eda Verde de la Sierra de Alcaraz | 19 de abril\"}]},{\"@type\":\"WebSite\",\"@id\":\"https:\\\/\\\/turismobotanico.es\\\/#website\",\"url\":\"https:\\\/\\\/turismobotanico.es\\\/\",\"name\":\"Turismo Bot\u00e1nico\",\"description\":\"Turismo de naturaleza\",\"potentialAction\":[{\"@type\":\"SearchAction\",\"target\":{\"@type\":\"EntryPoint\",\"urlTemplate\":\"https:\\\/\\\/turismobotanico.es\\\/?s={search_term_string}\"},\"query-input\":{\"@type\":\"PropertyValueSpecification\",\"valueRequired\":true,\"valueName\":\"search_term_string\"}}],\"inLanguage\":\"en-US\"}]}<\/script>\n<!-- \/ Yoast SEO plugin. -->","yoast_head_json":{"title":"ALBACETE: Familia sobre ruedas - V\u00eda Verde de la Sierra de Alcaraz | 19 de abril - Turismo Bot\u00e1nico","robots":{"index":"index","follow":"follow","max-snippet":"max-snippet:-1","max-image-preview":"max-image-preview:large","max-video-preview":"max-video-preview:-1"},"canonical":"https:\/\/turismobotanico.es\/en\/albacete-ruta-en-bicicleta-familiar\/","og_locale":"en_US","og_type":"article","og_title":"ALBACETE: Familia sobre ruedas - V\u00eda Verde de la Sierra de Alcaraz | 19 de abril - Turismo Bot\u00e1nico","og_description":"Ruta ciclotur\u00edstica familiar por la V\u00eda Verde de la Sierra de Alcaraz (con translado de bicicletas al punto de inicio y regreso) 19 de abril de 2026 Encuentro en Los [&hellip;]","og_url":"https:\/\/turismobotanico.es\/en\/albacete-ruta-en-bicicleta-familiar\/","og_site_name":"Turismo Bot\u00e1nico","article_modified_time":"2026-03-27T17:59:14+00:00","og_image":[{"width":1024,"height":1024,"url":"https:\/\/turismobotanico.es\/wp-content\/uploads\/2026\/03\/Via-Verde-19-abril-1024x1024.png","type":"image\/png"}],"twitter_card":"summary_large_image","twitter_misc":{"Est. reading time":"1 minute"},"schema":{"@context":"https:\/\/schema.org","@graph":[{"@type":"WebPage","@id":"https:\/\/turismobotanico.es\/albacete-ruta-en-bicicleta-familiar\/","url":"https:\/\/turismobotanico.es\/albacete-ruta-en-bicicleta-familiar\/","name":"ALBACETE: Familia sobre ruedas - V\u00eda Verde de la Sierra de Alcaraz | 19 de abril - Turismo Bot\u00e1nico","isPartOf":{"@id":"https:\/\/turismobotanico.es\/#website"},"primaryImageOfPage":{"@id":"https:\/\/turismobotanico.es\/albacete-ruta-en-bicicleta-familiar\/#primaryimage"},"image":{"@id":"https:\/\/turismobotanico.es\/albacete-ruta-en-bicicleta-familiar\/#primaryimage"},"thumbnailUrl":"https:\/\/turismobotanico.es\/wp-content\/uploads\/2026\/03\/Via-Verde-19-abril.png","datePublished":"2026-03-04T11:02:38+00:00","dateModified":"2026-03-27T17:59:14+00:00","breadcrumb":{"@id":"https:\/\/turismobotanico.es\/albacete-ruta-en-bicicleta-familiar\/#breadcrumb"},"inLanguage":"en-US","potentialAction":[{"@type":"ReadAction","target":["https:\/\/turismobotanico.es\/albacete-ruta-en-bicicleta-familiar\/"]}]},{"@type":"ImageObject","inLanguage":"en-US","@id":"https:\/\/turismobotanico.es\/albacete-ruta-en-bicicleta-familiar\/#primaryimage","url":"https:\/\/turismobotanico.es\/wp-content\/uploads\/2026\/03\/Via-Verde-19-abril.png","contentUrl":"https:\/\/turismobotanico.es\/wp-content\/uploads\/2026\/03\/Via-Verde-19-abril.png","width":2480,"height":2292},{"@type":"BreadcrumbList","@id":"https:\/\/turismobotanico.es\/albacete-ruta-en-bicicleta-familiar\/#breadcrumb","itemListElement":[{"@type":"ListItem","position":1,"name":"Portada","item":"https:\/\/turismobotanico.es\/"},{"@type":"ListItem","position":2,"name":"Tienda","item":"https:\/\/turismobotanico.es\/tienda\/"},{"@type":"ListItem","position":3,"name":"ALBACETE: Familia sobre ruedas &#8211; V\u00eda Verde de la Sierra de Alcaraz | 19 de abril"}]},{"@type":"WebSite","@id":"https:\/\/turismobotanico.es\/#website","url":"https:\/\/turismobotanico.es\/","name":"Turismo Bot\u00e1nico","description":"Turismo de naturaleza","potentialAction":[{"@type":"SearchAction","target":{"@type":"EntryPoint","urlTemplate":"https:\/\/turismobotanico.es\/?s={search_term_string}"},"query-input":{"@type":"PropertyValueSpecification","valueRequired":true,"valueName":"search_term_string"}}],"inLanguage":"en-US"}]}},"_links":{"self":[{"href":"https:\/\/turismobotanico.es\/en\/wp-json\/wp\/v2\/product\/20370","targetHints":{"allow":["GET"]}}],"collection":[{"href":"https:\/\/turismobotanico.es\/en\/wp-json\/wp\/v2\/product"}],"about":[{"href":"https:\/\/turismobotanico.es\/en\/wp-json\/wp\/v2\/types\/product"}],"replies":[{"embeddable":true,"href":"https:\/\/turismobotanico.es\/en\/wp-json\/wp\/v2\/comments?post=20370"}],"version-history":[{"count":2,"href":"https:\/\/turismobotanico.es\/en\/wp-json\/wp\/v2\/product\/20370\/revisions"}],"predecessor-version":[{"id":20571,"href":"https:\/\/turismobotanico.es\/en\/wp-json\/wp\/v2\/product\/20370\/revisions\/20571"}],"wp:featuredmedia":[{"embeddable":true,"href":"https:\/\/turismobotanico.es\/en\/wp-json\/wp\/v2\/media\/20570"}],"wp:attachment":[{"href":"https:\/\/turismobotanico.es\/en\/wp-json\/wp\/v2\/media?parent=20370"}],"wp:term":[{"taxonomy":"product_brand","embeddable":true,"href":"https:\/\/turismobotanico.es\/en\/wp-json\/wp\/v2\/product_brand?post=20370"},{"taxonomy":"product_cat","embeddable":true,"href":"https:\/\/turismobotanico.es\/en\/wp-json\/wp\/v2\/product_cat?post=20370"},{"taxonomy":"product_tag","embeddable":true,"href":"https:\/\/turismobotanico.es\/en\/wp-json\/wp\/v2\/product_tag?post=20370"}],"curies":[{"name":"wp","href":"https:\/\/api.w.org\/{rel}","templated":true}]}}