{"id":20482,"date":"2026-03-12T12:21:04","date_gmt":"2026-03-12T12:21:04","guid":{"rendered":"https:\/\/turismobotanico.es\/?post_type=product&#038;p=20482"},"modified":"2026-04-30T08:36:25","modified_gmt":"2026-04-30T08:36:25","slug":"ecuador-el-sueno-de-darwin-del-19-de-octubre-al-6-de-noviembre-de-2026-pago-2","status":"publish","type":"product","link":"https:\/\/turismobotanico.es\/en\/ecuador-el-sueno-de-darwin-del-19-de-octubre-al-6-de-noviembre-de-2026-pago-2\/","title":{"rendered":"Ecuador: El sue\u00f1o de Darwin | Del 19 de octubre al 6 de noviembre de 2026 | Pago 2"},"content":{"rendered":"<p><a href=\"https:\/\/turismobotanico.es\/wp-content\/uploads\/2025\/11\/Jordania_2026.pdf\">VER EL PROGRAMA COMPLETO (RECOMENDADO).<\/a><\/p>\n<p><strong>EN LA MITAD DEL PLANETA<\/strong><\/p>\n<p><span style=\"font-weight: 400;\">Cuando Darwin lleg\u00f3 a Ecuador, encontr\u00f3 un aula de biodiversidad al aire libre. Un lugar donde pudo estudiar la naturaleza en estado puro. Donde descubri\u00f3 la columna vertebral de sudam\u00e9rica. Una de las concentraciones de volcanes activos m\u00e1s importantes del planeta. Y entonces, lleg\u00f3 a Galap\u00e1gos. All\u00ed choc\u00f3 con el mejor laboratorio natural. Tortugas gigantes, fauna ins\u00f3lita y numerosos pinzones para confeccionar una de las teor\u00edas m\u00e1s importantes de la historia de la humanidad. La evoluci\u00f3n ante nosotros.\u00a0<\/span><\/p>\n<p><span style=\"font-weight: 400;\">Un viaje montado para no perderse ninguno de los imprescindibles de este pa\u00eds latino, pero sobre todo, para descubrir lugares que solamente nosotros te podr\u00edamos llevar. Con una importante carga cultural y natural, nos proponemos mostraros el sue\u00f1o que Darwin tuvo en su momento. \u00bfTe vienes?<\/span><\/p>\n<p>PRECIO POR PERSONA CON TRANSPORTE, BILLETES DE AVI\u00d3N, SEGURO DE ACCIDENTES, DE VIAJE, DE CANCELACI\u00d3N Y DE RESPONSABILIDAD CIVIL, VISITAS GUIADAS, ENTRADAS A LAS ATRACCIONES TUR\u00cdSTICAS, PENSI\u00d3N COMPLETA, EXCEPTO LOS ALMUERZOS DE LOS D\u00cdAS 28 Y 30 DE OCTUBRE\u00a0 Y CENAS DE LOS D\u00cdAS 27, 28 Y 29 DE OCTUBRE: 4790\u20ac<\/p>\n<p>El alojamiento es\u00a0en habitaci\u00f3n doble.\u00a0Si vas solo, tendr\u00e1s que pagar el suplemento de\u00a0<strong>habitaci\u00f3n individual: 650\u20ac<\/strong>. A\u00f1\u00e1delo al carrito, desde la parte de abajo de la p\u00e1gina, en el siguiente paso de la reserva.<\/p>\n<p><a href=\"https:\/\/www.bujaldon-sl.com\/productos\/certificado\/prime-2-0-copia\">PUEDE CONSULTAR LAS CONDICIONES DE ESTE SEGURO DE CANCELACI\u00d3N CLICANDO AQU\u00cd<\/a><\/p>\n<p><a href=\"https:\/\/turismobotanico.es\/en\/politica-de-cancelaciones\/\">PUEDES CONSULTAR AQU\u00cd NUESTRA POL\u00cdTICA DE CANCELACIONES<\/a><\/p>","protected":false},"excerpt":{"rendered":"<p><a href=\"https:\/\/turismobotanico.es\/wp-content\/uploads\/2025\/11\/Jordania_2026.pdf\">VER EL PROGRAMA COMPLETO (RECOMENDADO).<\/a><\/p>\n<p><strong>EN LA MITAD DEL PLANETA<\/strong><\/p>\n<p><span style=\"font-weight: 400;\">Cuando Darwin lleg\u00f3 a Ecuador, encontr\u00f3 un aula de biodiversidad al aire libre. Un lugar donde pudo estudiar la naturaleza en estado puro. Donde descubri\u00f3 la columna vertebral de sudam\u00e9rica. Una de las concentraciones de volcanes activos m\u00e1s importantes del planeta. Y entonces, lleg\u00f3 a Galap\u00e1gos. All\u00ed choc\u00f3 con el mejor laboratorio natural. Tortugas gigantes, fauna ins\u00f3lita y numerosos pinzones para confeccionar una de las teor\u00edas m\u00e1s importantes de la historia de la humanidad. La evoluci\u00f3n ante nosotros.\u00a0<\/span><\/p>\n<p><span style=\"font-weight: 400;\">Un viaje montado para no perderse ninguno de los imprescindibles de este pa\u00eds latino, pero sobre todo, para descubrir lugares que solamente nosotros te podr\u00edamos llevar. Con una importante carga cultural y natural, nos proponemos mostraros el sue\u00f1o que Darwin tuvo en su momento. \u00bfTe vienes?<\/span><\/p>\n<p>PRECIO POR PERSONA CON TRANSPORTE, BILLETES DE AVI\u00d3N, SEGURO DE ACCIDENTES, DE VIAJE, DE CANCELACI\u00d3N Y DE RESPONSABILIDAD CIVIL, VISITAS GUIADAS, ENTRADAS A LAS ATRACCIONES TUR\u00cdSTICAS, PENSI\u00d3N COMPLETA, EXCEPTO LOS ALMUERZOS DE LOS D\u00cdAS 28 Y 30 DE OCTUBRE\u00a0 Y CENAS DE LOS D\u00cdAS 27, 28 Y 29 DE OCTUBRE: 4790\u20ac<\/p>\n<p>El alojamiento es\u00a0en habitaci\u00f3n doble.\u00a0Si vas solo, tendr\u00e1s que pagar el suplemento de\u00a0<strong>habitaci\u00f3n individual: 650\u20ac<\/strong>. A\u00f1\u00e1delo al carrito, desde la parte de abajo de la p\u00e1gina, en el siguiente paso de la reserva.<\/p>\n<p><a href=\"https:\/\/www.bujaldon-sl.com\/productos\/certificado\/prime-2-0-copia\">PUEDE CONSULTAR LAS CONDICIONES DE ESTE SEGURO DE CANCELACI\u00d3N CLICANDO AQU\u00cd<\/a><\/p>\n<p><a href=\"https:\/\/turismobotanico.es\/en\/politica-de-cancelaciones\/\">PUEDES CONSULTAR AQU\u00cd NUESTRA POL\u00cdTICA DE CANCELACIONES<\/a><\/p>","protected":false},"featured_media":20469,"comment_status":"closed","ping_status":"closed","template":"","meta":[],"product_brand":[],"product_cat":[115],"product_tag":[],"class_list":{"0":"post-20482","1":"product","2":"type-product","3":"status-publish","4":"has-post-thumbnail","6":"product_cat-sin-categoria","8":"first","9":"instock","10":"virtual","11":"purchasable","12":"product-type-simple"},"yoast_head":"<!-- This site is optimized with the Yoast SEO plugin v27.5 - https:\/\/yoast.com\/product\/yoast-seo-wordpress\/ -->\n<title>Ecuador: El sue\u00f1o de Darwin | Del 19 de octubre al 6 de noviembre de 2026 | Pago 2 - Turismo Bot\u00e1nico<\/title>\n<meta name=\"description\" content=\"Descubriremos el sue\u00f1o que Darwin tuvo en su momento; lugares con gran carga cultural y natural, que solamente nosotros te podr\u00edamos llevar \u00bfTe vienes?\" \/>\n<meta name=\"robots\" content=\"index, follow, max-snippet:-1, max-image-preview:large, max-video-preview:-1\" \/>\n<link rel=\"canonical\" href=\"https:\/\/turismobotanico.es\/en\/ecuador-el-sueno-de-darwin-del-19-de-octubre-al-6-de-noviembre-de-2026-pago-2\/\" \/>\n<meta property=\"og:locale\" content=\"en_US\" \/>\n<meta property=\"og:type\" content=\"article\" \/>\n<meta property=\"og:title\" content=\"Ecuador: El sue\u00f1o de Darwin | Del 19 de octubre al 6 de noviembre de 2026 | Pago 2 - Turismo Bot\u00e1nico\" \/>\n<meta property=\"og:description\" content=\"Descubriremos el sue\u00f1o que Darwin tuvo en su momento; lugares con gran carga cultural y natural, que solamente nosotros te podr\u00edamos llevar \u00bfTe vienes?\" \/>\n<meta property=\"og:url\" content=\"https:\/\/turismobotanico.es\/en\/ecuador-el-sueno-de-darwin-del-19-de-octubre-al-6-de-noviembre-de-2026-pago-2\/\" \/>\n<meta property=\"og:site_name\" content=\"Turismo Bot\u00e1nico\" \/>\n<meta property=\"article:modified_time\" content=\"2026-04-30T08:36:25+00:00\" \/>\n<meta property=\"og:image\" content=\"https:\/\/turismobotanico.es\/wp-content\/uploads\/2026\/03\/WhatsApp-Image-2026-03-12-at-13.05.23.jpeg\" \/>\n\t<meta property=\"og:image:width\" content=\"841\" \/>\n\t<meta property=\"og:image:height\" content=\"529\" \/>\n\t<meta property=\"og:image:type\" content=\"image\/jpeg\" \/>\n<meta name=\"twitter:card\" content=\"summary_large_image\" \/>\n<meta name=\"twitter:label1\" content=\"Est. reading time\" \/>\n\t<meta name=\"twitter:data1\" content=\"2 minutes\" \/>\n<script type=\"application\/ld+json\" class=\"yoast-schema-graph\">{\"@context\":\"https:\\\/\\\/schema.org\",\"@graph\":[{\"@type\":\"WebPage\",\"@id\":\"https:\\\/\\\/turismobotanico.es\\\/ecuador-el-sueno-de-darwin-del-19-de-octubre-al-6-de-noviembre-de-2026-pago-2\\\/\",\"url\":\"https:\\\/\\\/turismobotanico.es\\\/ecuador-el-sueno-de-darwin-del-19-de-octubre-al-6-de-noviembre-de-2026-pago-2\\\/\",\"name\":\"Ecuador: El sue\u00f1o de Darwin | Del 19 de octubre al 6 de noviembre de 2026 | Pago 2 - Turismo Bot\u00e1nico\",\"isPartOf\":{\"@id\":\"https:\\\/\\\/turismobotanico.es\\\/#website\"},\"primaryImageOfPage\":{\"@id\":\"https:\\\/\\\/turismobotanico.es\\\/ecuador-el-sueno-de-darwin-del-19-de-octubre-al-6-de-noviembre-de-2026-pago-2\\\/#primaryimage\"},\"image\":{\"@id\":\"https:\\\/\\\/turismobotanico.es\\\/ecuador-el-sueno-de-darwin-del-19-de-octubre-al-6-de-noviembre-de-2026-pago-2\\\/#primaryimage\"},\"thumbnailUrl\":\"https:\\\/\\\/turismobotanico.es\\\/wp-content\\\/uploads\\\/2026\\\/03\\\/WhatsApp-Image-2026-03-12-at-13.05.23.jpeg\",\"datePublished\":\"2026-03-12T12:21:04+00:00\",\"dateModified\":\"2026-04-30T08:36:25+00:00\",\"description\":\"Descubriremos el sue\u00f1o que Darwin tuvo en su momento; lugares con gran carga cultural y natural, que solamente nosotros te podr\u00edamos llevar \u00bfTe vienes?\",\"breadcrumb\":{\"@id\":\"https:\\\/\\\/turismobotanico.es\\\/ecuador-el-sueno-de-darwin-del-19-de-octubre-al-6-de-noviembre-de-2026-pago-2\\\/#breadcrumb\"},\"inLanguage\":\"en-US\",\"potentialAction\":[{\"@type\":\"ReadAction\",\"target\":[\"https:\\\/\\\/turismobotanico.es\\\/ecuador-el-sueno-de-darwin-del-19-de-octubre-al-6-de-noviembre-de-2026-pago-2\\\/\"]}]},{\"@type\":\"ImageObject\",\"inLanguage\":\"en-US\",\"@id\":\"https:\\\/\\\/turismobotanico.es\\\/ecuador-el-sueno-de-darwin-del-19-de-octubre-al-6-de-noviembre-de-2026-pago-2\\\/#primaryimage\",\"url\":\"https:\\\/\\\/turismobotanico.es\\\/wp-content\\\/uploads\\\/2026\\\/03\\\/WhatsApp-Image-2026-03-12-at-13.05.23.jpeg\",\"contentUrl\":\"https:\\\/\\\/turismobotanico.es\\\/wp-content\\\/uploads\\\/2026\\\/03\\\/WhatsApp-Image-2026-03-12-at-13.05.23.jpeg\",\"width\":841,\"height\":529},{\"@type\":\"BreadcrumbList\",\"@id\":\"https:\\\/\\\/turismobotanico.es\\\/ecuador-el-sueno-de-darwin-del-19-de-octubre-al-6-de-noviembre-de-2026-pago-2\\\/#breadcrumb\",\"itemListElement\":[{\"@type\":\"ListItem\",\"position\":1,\"name\":\"Portada\",\"item\":\"https:\\\/\\\/turismobotanico.es\\\/\"},{\"@type\":\"ListItem\",\"position\":2,\"name\":\"Tienda\",\"item\":\"https:\\\/\\\/turismobotanico.es\\\/tienda\\\/\"},{\"@type\":\"ListItem\",\"position\":3,\"name\":\"Ecuador: El sue\u00f1o de Darwin | Del 19 de octubre al 6 de noviembre de 2026 | Pago 2\"}]},{\"@type\":\"WebSite\",\"@id\":\"https:\\\/\\\/turismobotanico.es\\\/#website\",\"url\":\"https:\\\/\\\/turismobotanico.es\\\/\",\"name\":\"Turismo Bot\u00e1nico\",\"description\":\"Turismo de naturaleza\",\"potentialAction\":[{\"@type\":\"SearchAction\",\"target\":{\"@type\":\"EntryPoint\",\"urlTemplate\":\"https:\\\/\\\/turismobotanico.es\\\/?s={search_term_string}\"},\"query-input\":{\"@type\":\"PropertyValueSpecification\",\"valueRequired\":true,\"valueName\":\"search_term_string\"}}],\"inLanguage\":\"en-US\"}]}<\/script>\n<!-- \/ Yoast SEO plugin. -->","yoast_head_json":{"title":"Ecuador: El sue\u00f1o de Darwin | Del 19 de octubre al 6 de noviembre de 2026 | Pago 2 - Turismo Bot\u00e1nico","description":"Descubriremos el sue\u00f1o que Darwin tuvo en su momento; lugares con gran carga cultural y natural, que solamente nosotros te podr\u00edamos llevar \u00bfTe vienes?","robots":{"index":"index","follow":"follow","max-snippet":"max-snippet:-1","max-image-preview":"max-image-preview:large","max-video-preview":"max-video-preview:-1"},"canonical":"https:\/\/turismobotanico.es\/en\/ecuador-el-sueno-de-darwin-del-19-de-octubre-al-6-de-noviembre-de-2026-pago-2\/","og_locale":"en_US","og_type":"article","og_title":"Ecuador: El sue\u00f1o de Darwin | Del 19 de octubre al 6 de noviembre de 2026 | Pago 2 - Turismo Bot\u00e1nico","og_description":"Descubriremos el sue\u00f1o que Darwin tuvo en su momento; lugares con gran carga cultural y natural, que solamente nosotros te podr\u00edamos llevar \u00bfTe vienes?","og_url":"https:\/\/turismobotanico.es\/en\/ecuador-el-sueno-de-darwin-del-19-de-octubre-al-6-de-noviembre-de-2026-pago-2\/","og_site_name":"Turismo Bot\u00e1nico","article_modified_time":"2026-04-30T08:36:25+00:00","og_image":[{"width":841,"height":529,"url":"https:\/\/turismobotanico.es\/wp-content\/uploads\/2026\/03\/WhatsApp-Image-2026-03-12-at-13.05.23.jpeg","type":"image\/jpeg"}],"twitter_card":"summary_large_image","twitter_misc":{"Est. reading time":"2 minutes"},"schema":{"@context":"https:\/\/schema.org","@graph":[{"@type":"WebPage","@id":"https:\/\/turismobotanico.es\/ecuador-el-sueno-de-darwin-del-19-de-octubre-al-6-de-noviembre-de-2026-pago-2\/","url":"https:\/\/turismobotanico.es\/ecuador-el-sueno-de-darwin-del-19-de-octubre-al-6-de-noviembre-de-2026-pago-2\/","name":"Ecuador: El sue\u00f1o de Darwin | Del 19 de octubre al 6 de noviembre de 2026 | Pago 2 - Turismo Bot\u00e1nico","isPartOf":{"@id":"https:\/\/turismobotanico.es\/#website"},"primaryImageOfPage":{"@id":"https:\/\/turismobotanico.es\/ecuador-el-sueno-de-darwin-del-19-de-octubre-al-6-de-noviembre-de-2026-pago-2\/#primaryimage"},"image":{"@id":"https:\/\/turismobotanico.es\/ecuador-el-sueno-de-darwin-del-19-de-octubre-al-6-de-noviembre-de-2026-pago-2\/#primaryimage"},"thumbnailUrl":"https:\/\/turismobotanico.es\/wp-content\/uploads\/2026\/03\/WhatsApp-Image-2026-03-12-at-13.05.23.jpeg","datePublished":"2026-03-12T12:21:04+00:00","dateModified":"2026-04-30T08:36:25+00:00","description":"Descubriremos el sue\u00f1o que Darwin tuvo en su momento; lugares con gran carga cultural y natural, que solamente nosotros te podr\u00edamos llevar \u00bfTe vienes?","breadcrumb":{"@id":"https:\/\/turismobotanico.es\/ecuador-el-sueno-de-darwin-del-19-de-octubre-al-6-de-noviembre-de-2026-pago-2\/#breadcrumb"},"inLanguage":"en-US","potentialAction":[{"@type":"ReadAction","target":["https:\/\/turismobotanico.es\/ecuador-el-sueno-de-darwin-del-19-de-octubre-al-6-de-noviembre-de-2026-pago-2\/"]}]},{"@type":"ImageObject","inLanguage":"en-US","@id":"https:\/\/turismobotanico.es\/ecuador-el-sueno-de-darwin-del-19-de-octubre-al-6-de-noviembre-de-2026-pago-2\/#primaryimage","url":"https:\/\/turismobotanico.es\/wp-content\/uploads\/2026\/03\/WhatsApp-Image-2026-03-12-at-13.05.23.jpeg","contentUrl":"https:\/\/turismobotanico.es\/wp-content\/uploads\/2026\/03\/WhatsApp-Image-2026-03-12-at-13.05.23.jpeg","width":841,"height":529},{"@type":"BreadcrumbList","@id":"https:\/\/turismobotanico.es\/ecuador-el-sueno-de-darwin-del-19-de-octubre-al-6-de-noviembre-de-2026-pago-2\/#breadcrumb","itemListElement":[{"@type":"ListItem","position":1,"name":"Portada","item":"https:\/\/turismobotanico.es\/"},{"@type":"ListItem","position":2,"name":"Tienda","item":"https:\/\/turismobotanico.es\/tienda\/"},{"@type":"ListItem","position":3,"name":"Ecuador: El sue\u00f1o de Darwin | Del 19 de octubre al 6 de noviembre de 2026 | Pago 2"}]},{"@type":"WebSite","@id":"https:\/\/turismobotanico.es\/#website","url":"https:\/\/turismobotanico.es\/","name":"Turismo Bot\u00e1nico","description":"Turismo de naturaleza","potentialAction":[{"@type":"SearchAction","target":{"@type":"EntryPoint","urlTemplate":"https:\/\/turismobotanico.es\/?s={search_term_string}"},"query-input":{"@type":"PropertyValueSpecification","valueRequired":true,"valueName":"search_term_string"}}],"inLanguage":"en-US"}]}},"_links":{"self":[{"href":"https:\/\/turismobotanico.es\/en\/wp-json\/wp\/v2\/product\/20482","targetHints":{"allow":["GET"]}}],"collection":[{"href":"https:\/\/turismobotanico.es\/en\/wp-json\/wp\/v2\/product"}],"about":[{"href":"https:\/\/turismobotanico.es\/en\/wp-json\/wp\/v2\/types\/product"}],"replies":[{"embeddable":true,"href":"https:\/\/turismobotanico.es\/en\/wp-json\/wp\/v2\/comments?post=20482"}],"version-history":[{"count":2,"href":"https:\/\/turismobotanico.es\/en\/wp-json\/wp\/v2\/product\/20482\/revisions"}],"predecessor-version":[{"id":20492,"href":"https:\/\/turismobotanico.es\/en\/wp-json\/wp\/v2\/product\/20482\/revisions\/20492"}],"wp:featuredmedia":[{"embeddable":true,"href":"https:\/\/turismobotanico.es\/en\/wp-json\/wp\/v2\/media\/20469"}],"wp:attachment":[{"href":"https:\/\/turismobotanico.es\/en\/wp-json\/wp\/v2\/media?parent=20482"}],"wp:term":[{"taxonomy":"product_brand","embeddable":true,"href":"https:\/\/turismobotanico.es\/en\/wp-json\/wp\/v2\/product_brand?post=20482"},{"taxonomy":"product_cat","embeddable":true,"href":"https:\/\/turismobotanico.es\/en\/wp-json\/wp\/v2\/product_cat?post=20482"},{"taxonomy":"product_tag","embeddable":true,"href":"https:\/\/turismobotanico.es\/en\/wp-json\/wp\/v2\/product_tag?post=20482"}],"curies":[{"name":"wp","href":"https:\/\/api.w.org\/{rel}","templated":true}]}}