{"id":20607,"date":"2026-04-14T10:18:03","date_gmt":"2026-04-14T10:18:03","guid":{"rendered":"https:\/\/turismobotanico.es\/?post_type=product&#038;p=20607"},"modified":"2026-04-14T10:57:35","modified_gmt":"2026-04-14T10:57:35","slug":"eclipse-en-babia-del-08-al-14-de-agosto","status":"publish","type":"product","link":"https:\/\/turismobotanico.es\/en\/eclipse-en-babia-del-08-al-14-de-agosto\/","title":{"rendered":"Eclipsados en Babia: Reserva de la Biosfera | Del 08 al 14 de agosto de 2026"},"content":{"rendered":"<p><a href=\"https:\/\/turismobotanico.es\/wp-content\/uploads\/2026\/03\/Eclipsados-en-Babia.pdf\">VER EL PROGRAMA COMPLETO (RECOMENDADO).<\/a><\/p>\n<p><strong>D\u00d3NDE MEJOR QUE EN BABIA<\/strong><\/p>\n<p>Por desgracia, parece que nos ha tocado vivir demasiadas cosas \u201chist\u00f3ricas\u201d en los \u00faltimos a\u00f1os. O quiz\u00e1s no tanto, y solo es que nos miramos demasiado al ombligo. Sin embargo, en las pr\u00f3ximas vueltas al sol, si que viviremos algo verdaderamente excepcional en t\u00e9rminos c\u00f3smicos. Tres eclipses de sol en tres a\u00f1os consecutivos atravesar\u00e1n Espa\u00f1a, algo comparable a que nos tocara la loter\u00eda tres veces seguidas.<br \/>\nPor unos minutos, el Sol se olvidar\u00e1 de la Tierra. Digamos que se tomar\u00e1 unas breves vacaciones desde nuestro punto de vista y qu\u00e9 mejor que nos coja tambi\u00e9n, de alguna forma, ensimismados y disfrutones. Hay un lugar que es el ep\u00edtome de ello en nuestro pa\u00eds, aunque muchos hayamos pasado mucho tiempo sin saber ubicarlo muy bien en el mapa: Babia. El rinc\u00f3n al que los Reyes leoneses se retiraban del mundanal ruido, que sigue siendo ese valle paradis\u00edaco para una escapada. Fue uno de los primeros pasos para el Camino de Santiago, pero incluso los peregrinos se olvidaron de esta ruta.<\/p>\n<p>Pero no es solo Babia, otros tres valles comparten su esp\u00edritu: Oma\u00f1a, Laciana y Luna, tocando con Muniellos y Somiedo, por la linde asturiana. Como los m\u00edticos vaqueiros de alzada, que sub\u00edan y bajaban desde el Cant\u00e1brico a las monta\u00f1as cada a\u00f1o, recorreremos estos espacios cuajados de pastos de monta\u00f1a, cumbres, bosques antiguos, lagunas glaciares, l\u00edmpidos r\u00edos trucheros y tradiciones ancestrales que bien pueden provenir de los celtas que habitaron los castros diseminados por el territorio.<\/p>\n<p>Precisamente, desde uno de ellos, el de La Zamora, contemplaremos el espect\u00e1culo del eclipse del 12 de agosto. Seguramente, tan sobrecogidos como aquellos astures y c\u00e1ntabros que adoraban a las fuerzas de la naturaleza, y qu\u00e9 mejor que hacerlo estando en Babia.<\/p>\n<p>PRECIO POR PERSONA INCLUYENDO: TRASLADOS EN TREN DESDE MURCIA, ALBACETE Y ALICANTE Y DESPLAZAMIENTO EN DESTINO, ALOJAMIENTO CON DESAYUNO (6 NOCHES), COMIDAS ENLISTADAS EN EL PROGRAMA, VISITA A LA CATEDRAL DE LE\u00d3N, VISITA AL TALLER ARTESANO DE LA GUARIDA DEL CUNQUEIRO, VISITA GUIADA A LA LECHER\u00cdA \u00abLA POPULAR\u00bb, VISITA AL ECOMUSEO DE SOMIEDO, GAFAS DE PROTECCI\u00d3N PARA LA VISUALIZACI\u00d3N DEL ECLIPSE, VISITA GUIADA A ASTORGA Y AL PALACIO EPISCOPAL DE GAUD\u00cd, GU\u00cdAS ACOMPA\u00d1ANTES EXPERTOS EN NATURALEZA Y CULTURA, SEGUROS DE ACCIDENTES, DE VIAJE, DE CANCELACI\u00d3N Y DE RESPONSABILIDAD CIVIL: 1030\u20ac*<\/p>\n<p>El alojamiento es en habitaci\u00f3n doble. Si vas solo, tendr\u00e1s que pagar el suplemento de habitaci\u00f3n individual: 125\u20ac. A\u00f1\u00e1delo al carrito, desde la parte de abajo de la p\u00e1gina, en el siguiente paso de la reserva.<\/p>\n<p><a href=\"https:\/\/www.bujaldon-sl.com\/productos\/certificado\/prime-2-0-copia\">PUEDE CONSULTAR LAS CONDICIONES DE ESTE SEGURO DE CANCELACI\u00d3N CLICANDO AQU\u00cd<\/a><\/p>\n<p><a href=\"https:\/\/turismobotanico.es\/en\/politica-de-cancelaciones\/\">PUEDES CONSULTAR AQU\u00cd NUESTRA POL\u00cdTICA DE CANCELACIONES<\/a><\/p>","protected":false},"excerpt":{"rendered":"<p><a href=\"https:\/\/turismobotanico.es\/wp-content\/uploads\/2026\/03\/Eclipsados-en-Babia.pdf\">VER EL PROGRAMA COMPLETO (RECOMENDADO).<\/a><\/p>\n<p><strong>D\u00d3NDE MEJOR QUE EN BABIA<\/strong><\/p>\n<p>Por desgracia, parece que nos ha tocado vivir demasiadas cosas \u201chist\u00f3ricas\u201den los \u00faltimos a\u00f1os. O quiz\u00e1s no tanto, y solo es que nos miramos demasiado al ombligo. Sin embargo, en las pr\u00f3ximas vueltas al sol, si que viviremos algo verdaderamente excepcional en t\u00e9rminos c\u00f3smicos. Tres eclipses de sol en tres a\u00f1os consecutivos atravesar\u00e1n Espa\u00f1a, algo comparable a que nos tocara la loter\u00eda tres veces seguidas.<br \/>\nPor unos minutos, el Sol se olvidar\u00e1 de la Tierra. Digamos que se tomar\u00e1 unas breves vacaciones desde nuestro punto de vista y qu\u00e9 mejor que nos coja tambi\u00e9n, de alguna forma, ensimismados y disfrutones. Hay un lugar que es el ep\u00edtome de ello en nuestro pa\u00eds, aunque muchos hayamos pasado mucho tiempo sin saber ubicarlo muy bien en el mapa: Babia. El rinc\u00f3n al que los Reyes leoneses se retiraban del mundanal ruido, que sigue siendo ese valle paradis\u00edaco para una escapada. Fue uno de los primeros pasos para el Camino de Santiago, pero incluso los peregrinos se olvidaron de esta ruta. Pero no es solo Babia, otros tres valles comparten su esp\u00edritu: Oma\u00f1a, Laciana y Luna, tocando con Muniellos y Somiedo, por la linde asturiana. Como los m\u00edticos vaqueiros de alzada, que sub\u00edan y bajaban desde el Cant\u00e1brico a las monta\u00f1as cada a\u00f1o, recorreremos estos espacios cuajados de pastos de monta\u00f1a, cumbres, bosques antiguos, lagunas glaciares, l\u00edmpidos r\u00edos trucheros y tradiciones<br \/>\nancestrales que bien pueden provenir de los celtas que habitaron los castros diseminados por el territorio. Precisamente, desde uno de ellos, el de La Zamora, contemplaremos el espect\u00e1culo del eclipse del 12 de agosto. Seguramente, tan sobrecogidos como aquellos astures y c\u00e1ntabros que adoraban a las fuerzas de la naturaleza, y qu\u00e9 mejor que hacerlo estando en Babia.<\/p>\n<p>PRECIO POR PERSONA INCLUYENDO: TRASLADOS EN TREN DESDE MURCIA, ALBACETE Y ALICANTE Y DESPLAZAMIENTO EN DESTINO, ALOJAMIENTO CON DESAYUNO (6 NOCHES), COMIDAS ENLISTADAS EN EL PROGRAMA, VISITA A LA CATEDRAL DE LE\u00d3N, VISITA AL TALLER ARTESANO DE LA GUARIDA DEL CUNQUEIRO, VISITA GUIADA A LA LECHER\u00cdA \u00abLA POPULAR\u00bb, VISITA AL ECOMUSEO DE SOMIEDO, GAFAS DE PROTECCI\u00d3N PARA LA VISUALIZACI\u00d3N DEL ECLIPSE, VISITA GUIADA A ASTORGA Y AL PALACIO EPISCOPAL DE GAUD\u00cd, GU\u00cdAS ACOMPA\u00d1ANTES EXPERTOS EN NATURALEZA Y CULTURA, SEGUROS DE ACCIDENTES, DE VIAJE, DE CANCELACI\u00d3N Y DE RESPONSABILIDAD CIVIL: 1030\u20ac*<\/p>\n<p>El alojamiento es en habitaci\u00f3n doble. Si vas solo, tendr\u00e1s que pagar el suplemento de habitaci\u00f3n individual: 125\u20ac. A\u00f1\u00e1delo al carrito, desde la parte de abajo de la p\u00e1gina, en el siguiente paso de la reserva.<\/p>\n<p><a href=\"https:\/\/www.bujaldon-sl.com\/productos\/certificado\/prime-2-0-copia\">PUEDE CONSULTAR LAS CONDICIONES DE ESTE SEGURO DE CANCELACI\u00d3N CLICANDO AQU\u00cd<\/a><\/p>\n<p><a href=\"https:\/\/turismobotanico.es\/en\/politica-de-cancelaciones\/\">PUEDES CONSULTAR AQU\u00cd NUESTRA POL\u00cdTICA DE CANCELACIONES<\/a><\/p>","protected":false},"featured_media":20609,"comment_status":"closed","ping_status":"closed","template":"","meta":[],"product_brand":[],"product_cat":[126,61,105,132],"product_tag":[],"class_list":{"0":"post-20607","1":"product","2":"type-product","3":"status-publish","4":"has-post-thumbnail","6":"product_cat-castilla","7":"product_cat-escapadas-y-viajes-de-naturaleza-en-espana","8":"product_cat-espana","9":"product_cat-viajes-de-naturaleza","11":"first","12":"instock","13":"virtual","14":"purchasable","15":"product-type-simple"},"yoast_head":"<!-- This site is optimized with the Yoast SEO plugin v27.3 - https:\/\/yoast.com\/product\/yoast-seo-wordpress\/ -->\n<title>Eclipsados en Babia: Reserva de la Biosfera | Del 08 al 14 de agosto de 2026 - Turismo Bot\u00e1nico<\/title>\n<meta name=\"description\" content=\"En agosto, viviremos algo verdaderamente excepcional en t\u00e9rminos c\u00f3smicos. Juntos contemplaremos el espect\u00e1culo del eclipse en Babia, te lo vas a perder?\" \/>\n<meta name=\"robots\" content=\"index, follow, max-snippet:-1, max-image-preview:large, max-video-preview:-1\" \/>\n<link rel=\"canonical\" href=\"https:\/\/turismobotanico.es\/en\/eclipse-en-babia-del-08-al-14-de-agosto\/\" \/>\n<meta property=\"og:locale\" content=\"en_US\" \/>\n<meta property=\"og:type\" content=\"article\" \/>\n<meta property=\"og:title\" content=\"Eclipsados en Babia: Reserva de la Biosfera | Del 08 al 14 de agosto de 2026 - Turismo Bot\u00e1nico\" \/>\n<meta property=\"og:description\" content=\"En agosto, viviremos algo verdaderamente excepcional en t\u00e9rminos c\u00f3smicos. Juntos contemplaremos el espect\u00e1culo del eclipse en Babia, te lo vas a perder?\" \/>\n<meta property=\"og:url\" content=\"https:\/\/turismobotanico.es\/en\/eclipse-en-babia-del-08-al-14-de-agosto\/\" \/>\n<meta property=\"og:site_name\" content=\"Turismo Bot\u00e1nico\" \/>\n<meta property=\"article:modified_time\" content=\"2026-04-14T10:57:35+00:00\" \/>\n<meta property=\"og:image\" content=\"https:\/\/turismobotanico.es\/wp-content\/uploads\/2026\/04\/PORTADA.jpeg\" \/>\n\t<meta property=\"og:image:width\" content=\"429\" \/>\n\t<meta property=\"og:image:height\" content=\"465\" \/>\n\t<meta property=\"og:image:type\" content=\"image\/jpeg\" \/>\n<meta name=\"twitter:card\" content=\"summary_large_image\" \/>\n<meta name=\"twitter:label1\" content=\"Est. reading time\" \/>\n\t<meta name=\"twitter:data1\" content=\"3 minutes\" \/>\n<script type=\"application\/ld+json\" class=\"yoast-schema-graph\">{\"@context\":\"https:\\\/\\\/schema.org\",\"@graph\":[{\"@type\":\"WebPage\",\"@id\":\"https:\\\/\\\/turismobotanico.es\\\/eclipse-en-babia-del-08-al-14-de-agosto\\\/\",\"url\":\"https:\\\/\\\/turismobotanico.es\\\/eclipse-en-babia-del-08-al-14-de-agosto\\\/\",\"name\":\"Eclipsados en Babia: Reserva de la Biosfera | Del 08 al 14 de agosto de 2026 - Turismo Bot\u00e1nico\",\"isPartOf\":{\"@id\":\"https:\\\/\\\/turismobotanico.es\\\/#website\"},\"primaryImageOfPage\":{\"@id\":\"https:\\\/\\\/turismobotanico.es\\\/eclipse-en-babia-del-08-al-14-de-agosto\\\/#primaryimage\"},\"image\":{\"@id\":\"https:\\\/\\\/turismobotanico.es\\\/eclipse-en-babia-del-08-al-14-de-agosto\\\/#primaryimage\"},\"thumbnailUrl\":\"https:\\\/\\\/turismobotanico.es\\\/wp-content\\\/uploads\\\/2026\\\/04\\\/PORTADA.jpeg\",\"datePublished\":\"2026-04-14T10:18:03+00:00\",\"dateModified\":\"2026-04-14T10:57:35+00:00\",\"description\":\"En agosto, viviremos algo verdaderamente excepcional en t\u00e9rminos c\u00f3smicos. Juntos contemplaremos el espect\u00e1culo del eclipse en Babia, te lo vas a perder?\",\"breadcrumb\":{\"@id\":\"https:\\\/\\\/turismobotanico.es\\\/eclipse-en-babia-del-08-al-14-de-agosto\\\/#breadcrumb\"},\"inLanguage\":\"en-US\",\"potentialAction\":[{\"@type\":\"ReadAction\",\"target\":[\"https:\\\/\\\/turismobotanico.es\\\/eclipse-en-babia-del-08-al-14-de-agosto\\\/\"]}]},{\"@type\":\"ImageObject\",\"inLanguage\":\"en-US\",\"@id\":\"https:\\\/\\\/turismobotanico.es\\\/eclipse-en-babia-del-08-al-14-de-agosto\\\/#primaryimage\",\"url\":\"https:\\\/\\\/turismobotanico.es\\\/wp-content\\\/uploads\\\/2026\\\/04\\\/PORTADA.jpeg\",\"contentUrl\":\"https:\\\/\\\/turismobotanico.es\\\/wp-content\\\/uploads\\\/2026\\\/04\\\/PORTADA.jpeg\",\"width\":429,\"height\":465},{\"@type\":\"BreadcrumbList\",\"@id\":\"https:\\\/\\\/turismobotanico.es\\\/eclipse-en-babia-del-08-al-14-de-agosto\\\/#breadcrumb\",\"itemListElement\":[{\"@type\":\"ListItem\",\"position\":1,\"name\":\"Portada\",\"item\":\"https:\\\/\\\/turismobotanico.es\\\/\"},{\"@type\":\"ListItem\",\"position\":2,\"name\":\"Tienda\",\"item\":\"https:\\\/\\\/turismobotanico.es\\\/tienda\\\/\"},{\"@type\":\"ListItem\",\"position\":3,\"name\":\"Eclipsados en Babia: Reserva de la Biosfera | Del 08 al 14 de agosto de 2026\"}]},{\"@type\":\"WebSite\",\"@id\":\"https:\\\/\\\/turismobotanico.es\\\/#website\",\"url\":\"https:\\\/\\\/turismobotanico.es\\\/\",\"name\":\"Turismo Bot\u00e1nico\",\"description\":\"Turismo de naturaleza\",\"potentialAction\":[{\"@type\":\"SearchAction\",\"target\":{\"@type\":\"EntryPoint\",\"urlTemplate\":\"https:\\\/\\\/turismobotanico.es\\\/?s={search_term_string}\"},\"query-input\":{\"@type\":\"PropertyValueSpecification\",\"valueRequired\":true,\"valueName\":\"search_term_string\"}}],\"inLanguage\":\"en-US\"}]}<\/script>\n<!-- \/ Yoast SEO plugin. -->","yoast_head_json":{"title":"Eclipsados en Babia: Reserva de la Biosfera | Del 08 al 14 de agosto de 2026 - Turismo Bot\u00e1nico","description":"En agosto, viviremos algo verdaderamente excepcional en t\u00e9rminos c\u00f3smicos. Juntos contemplaremos el espect\u00e1culo del eclipse en Babia, te lo vas a perder?","robots":{"index":"index","follow":"follow","max-snippet":"max-snippet:-1","max-image-preview":"max-image-preview:large","max-video-preview":"max-video-preview:-1"},"canonical":"https:\/\/turismobotanico.es\/en\/eclipse-en-babia-del-08-al-14-de-agosto\/","og_locale":"en_US","og_type":"article","og_title":"Eclipsados en Babia: Reserva de la Biosfera | Del 08 al 14 de agosto de 2026 - Turismo Bot\u00e1nico","og_description":"En agosto, viviremos algo verdaderamente excepcional en t\u00e9rminos c\u00f3smicos. Juntos contemplaremos el espect\u00e1culo del eclipse en Babia, te lo vas a perder?","og_url":"https:\/\/turismobotanico.es\/en\/eclipse-en-babia-del-08-al-14-de-agosto\/","og_site_name":"Turismo Bot\u00e1nico","article_modified_time":"2026-04-14T10:57:35+00:00","og_image":[{"width":429,"height":465,"url":"https:\/\/turismobotanico.es\/wp-content\/uploads\/2026\/04\/PORTADA.jpeg","type":"image\/jpeg"}],"twitter_card":"summary_large_image","twitter_misc":{"Est. reading time":"3 minutes"},"schema":{"@context":"https:\/\/schema.org","@graph":[{"@type":"WebPage","@id":"https:\/\/turismobotanico.es\/eclipse-en-babia-del-08-al-14-de-agosto\/","url":"https:\/\/turismobotanico.es\/eclipse-en-babia-del-08-al-14-de-agosto\/","name":"Eclipsados en Babia: Reserva de la Biosfera | Del 08 al 14 de agosto de 2026 - Turismo Bot\u00e1nico","isPartOf":{"@id":"https:\/\/turismobotanico.es\/#website"},"primaryImageOfPage":{"@id":"https:\/\/turismobotanico.es\/eclipse-en-babia-del-08-al-14-de-agosto\/#primaryimage"},"image":{"@id":"https:\/\/turismobotanico.es\/eclipse-en-babia-del-08-al-14-de-agosto\/#primaryimage"},"thumbnailUrl":"https:\/\/turismobotanico.es\/wp-content\/uploads\/2026\/04\/PORTADA.jpeg","datePublished":"2026-04-14T10:18:03+00:00","dateModified":"2026-04-14T10:57:35+00:00","description":"En agosto, viviremos algo verdaderamente excepcional en t\u00e9rminos c\u00f3smicos. Juntos contemplaremos el espect\u00e1culo del eclipse en Babia, te lo vas a perder?","breadcrumb":{"@id":"https:\/\/turismobotanico.es\/eclipse-en-babia-del-08-al-14-de-agosto\/#breadcrumb"},"inLanguage":"en-US","potentialAction":[{"@type":"ReadAction","target":["https:\/\/turismobotanico.es\/eclipse-en-babia-del-08-al-14-de-agosto\/"]}]},{"@type":"ImageObject","inLanguage":"en-US","@id":"https:\/\/turismobotanico.es\/eclipse-en-babia-del-08-al-14-de-agosto\/#primaryimage","url":"https:\/\/turismobotanico.es\/wp-content\/uploads\/2026\/04\/PORTADA.jpeg","contentUrl":"https:\/\/turismobotanico.es\/wp-content\/uploads\/2026\/04\/PORTADA.jpeg","width":429,"height":465},{"@type":"BreadcrumbList","@id":"https:\/\/turismobotanico.es\/eclipse-en-babia-del-08-al-14-de-agosto\/#breadcrumb","itemListElement":[{"@type":"ListItem","position":1,"name":"Portada","item":"https:\/\/turismobotanico.es\/"},{"@type":"ListItem","position":2,"name":"Tienda","item":"https:\/\/turismobotanico.es\/tienda\/"},{"@type":"ListItem","position":3,"name":"Eclipsados en Babia: Reserva de la Biosfera | Del 08 al 14 de agosto de 2026"}]},{"@type":"WebSite","@id":"https:\/\/turismobotanico.es\/#website","url":"https:\/\/turismobotanico.es\/","name":"Turismo Bot\u00e1nico","description":"Turismo de naturaleza","potentialAction":[{"@type":"SearchAction","target":{"@type":"EntryPoint","urlTemplate":"https:\/\/turismobotanico.es\/?s={search_term_string}"},"query-input":{"@type":"PropertyValueSpecification","valueRequired":true,"valueName":"search_term_string"}}],"inLanguage":"en-US"}]}},"_links":{"self":[{"href":"https:\/\/turismobotanico.es\/en\/wp-json\/wp\/v2\/product\/20607","targetHints":{"allow":["GET"]}}],"collection":[{"href":"https:\/\/turismobotanico.es\/en\/wp-json\/wp\/v2\/product"}],"about":[{"href":"https:\/\/turismobotanico.es\/en\/wp-json\/wp\/v2\/types\/product"}],"replies":[{"embeddable":true,"href":"https:\/\/turismobotanico.es\/en\/wp-json\/wp\/v2\/comments?post=20607"}],"version-history":[{"count":3,"href":"https:\/\/turismobotanico.es\/en\/wp-json\/wp\/v2\/product\/20607\/revisions"}],"predecessor-version":[{"id":20613,"href":"https:\/\/turismobotanico.es\/en\/wp-json\/wp\/v2\/product\/20607\/revisions\/20613"}],"wp:featuredmedia":[{"embeddable":true,"href":"https:\/\/turismobotanico.es\/en\/wp-json\/wp\/v2\/media\/20609"}],"wp:attachment":[{"href":"https:\/\/turismobotanico.es\/en\/wp-json\/wp\/v2\/media?parent=20607"}],"wp:term":[{"taxonomy":"product_brand","embeddable":true,"href":"https:\/\/turismobotanico.es\/en\/wp-json\/wp\/v2\/product_brand?post=20607"},{"taxonomy":"product_cat","embeddable":true,"href":"https:\/\/turismobotanico.es\/en\/wp-json\/wp\/v2\/product_cat?post=20607"},{"taxonomy":"product_tag","embeddable":true,"href":"https:\/\/turismobotanico.es\/en\/wp-json\/wp\/v2\/product_tag?post=20607"}],"curies":[{"name":"wp","href":"https:\/\/api.w.org\/{rel}","templated":true}]}}