{"id":20622,"date":"2026-04-15T11:06:45","date_gmt":"2026-04-15T11:06:45","guid":{"rendered":"https:\/\/turismobotanico.es\/?post_type=product&#038;p=20622"},"modified":"2026-04-15T11:18:46","modified_gmt":"2026-04-15T11:18:46","slug":"parque-natural-sierra-mariola-19-de-abril","status":"publish","type":"product","link":"https:\/\/turismobotanico.es\/en\/parque-natural-sierra-mariola-19-de-abril\/","title":{"rendered":"ALICANTE: Parque Natural Sierra Mariola &#8211; 19 de abril"},"content":{"rendered":"<p><strong>Parque Natural Sierra Mariola | 19 de abril<\/strong><\/p>\n<p><strong>9 km | Dificultad baja | Desnivel: 320 m<\/strong><\/p>\n<p>Vamos a recorrer la \u00abSerra de Marola\u00bb a trav\u00e9s de una ruta que te sumergir\u00e1 en el coraz\u00f3n bot\u00e1nico del Mediterraneo.<\/p>\n<p>Caminaremos a pies del Montcabrer descubriendo en el paisaje fuentes, cuevas, patrimonio etnogr\u00e1fico, restos arqueol\u00f3gicos y mucho m\u00e1s.\u00a0\u00bfQuieres celebrar la vida? \u00a1Ven a sentirla!<\/p>\n<p><span style=\"color: #800000;\">Punto de encuentro: Camping Mariola<\/span><\/p>\n<p><span style=\"color: #800000;\">10:00h a 14:00 h<\/span><\/p>\n<p><strong>Precio: 12\u20ac\u00a0<\/strong><\/p>\n<p>Incluye gu\u00eda\/s de naturaleza y seguros<\/p>\n<p>&nbsp;<\/p>\n<p>NECESARIA RESERVA, PLAZAS LIMITADAS.<br \/>\nPuedes reservar por WhatsApp en el 615674846 o en el correo contacto@turismobotanico.es<\/p>\n<p><a href=\"https:\/\/turismobotanico.es\/en\/politica-de-cancelaciones\/\" target=\"_blank\" rel=\"noopener\">CONSULTA AQU\u00cd NUESTRA POL\u00cdTICA COMPLETA DE CANCELACIONES<\/a><\/p>","protected":false},"excerpt":{"rendered":"<p><strong>Parque Natural Sierra Mariola | 19 de abril<\/strong><\/p>\n<p><strong>9 km | Dificultad baja | Desnivel: 320 m<\/strong><\/p>\n<p>Vamos a recorrer la \u00abSerra de Marola\u00bb a trav\u00e9s de una ruta que te sumergir\u00e1 en el coraz\u00f3n bot\u00e1nico del Mediterraneo.<\/p>\n<p>Caminaremos a pies del Montcabrer descubriendo en el paisaje fuentes, cuevas, patrimonio etnogr\u00e1fico, restos arqueol\u00f3gicos y mucho m\u00e1s.\u00a0\u00bfQuieres celebrar la vida? \u00a1Ven a sentirla!<\/p>\n<p><span style=\"color: #800000;\">Punto de encuentro: Camping Mariola<\/span><\/p>\n<p><span style=\"color: #800000;\">10:00h a 14:00 h<\/span><\/p>\n<p><strong>Precio: 12\u20ac\u00a0<\/strong><\/p>\n<p>Incluye gu\u00eda\/s de naturaleza y seguros<\/p>\n<p>&nbsp;<\/p>\n<p>NECESARIA RESERVA, PLAZAS LIMITADAS.<br \/>\nPuedes reservar por WhatsApp en el 615674846 o en el correo contacto@turismobotanico.es<\/p>\n<p><a href=\"https:\/\/turismobotanico.es\/en\/politica-de-cancelaciones\/\" target=\"_blank\" rel=\"noopener\">CONSULTA AQU\u00cd NUESTRA POL\u00cdTICA COMPLETA DE CANCELACIONES<\/a><\/p>","protected":false},"featured_media":20623,"comment_status":"closed","ping_status":"closed","template":"","meta":[],"product_brand":[],"product_cat":[55,60],"product_tag":[],"class_list":{"0":"post-20622","1":"product","2":"type-product","3":"status-publish","4":"has-post-thumbnail","6":"product_cat-alicante","7":"product_cat-excursiones-y-actividades-de-un-dia","9":"first","10":"instock","11":"virtual","12":"purchasable","13":"product-type-simple"},"yoast_head":"<!-- This site is optimized with the Yoast SEO plugin v27.4 - https:\/\/yoast.com\/product\/yoast-seo-wordpress\/ -->\n<title>ALICANTE: Parque Natural Sierra Mariola - 19 de abril - Turismo Bot\u00e1nico<\/title>\n<meta name=\"robots\" content=\"index, follow, max-snippet:-1, max-image-preview:large, max-video-preview:-1\" \/>\n<link rel=\"canonical\" href=\"https:\/\/turismobotanico.es\/en\/parque-natural-sierra-mariola-19-de-abril\/\" \/>\n<meta property=\"og:locale\" content=\"en_US\" \/>\n<meta property=\"og:type\" content=\"article\" \/>\n<meta property=\"og:title\" content=\"ALICANTE: Parque Natural Sierra Mariola - 19 de abril - Turismo Bot\u00e1nico\" \/>\n<meta property=\"og:description\" content=\"Parque Natural Sierra Mariola | 19 de abril  9 km | Dificultad baja | Desnivel: 320 m  Vamos a recorrer la &quot;Serra de Marola&quot; a trav\u00e9s de una ruta que te sumergir\u00e1 en el coraz\u00f3n bot\u00e1nico del Mediterraneo.  Caminaremos a pies del Montcabrer descubriendo en el paisaje fuentes, cuevas, patrimonio etnogr\u00e1fico, restos arqueol\u00f3gicos y mucho m\u00e1s.\u00a0\u00bfQuieres celebrar la vida? \u00a1Ven a sentirla!  Punto de encuentro: Camping Mariola  10:00h a 14:00 h  Precio: 12\u20ac\u00a0  Incluye gu\u00eda\/s de naturaleza y seguros  &nbsp;  NECESARIA RESERVA, PLAZAS LIMITADAS. Puedes reservar por WhatsApp en el 615674846 o en el correo contacto@turismobotanico.es  CONSULTA AQU\u00cd NUESTRA POL\u00cdTICA COMPLETA DE CANCELACIONES\" \/>\n<meta property=\"og:url\" content=\"https:\/\/turismobotanico.es\/en\/parque-natural-sierra-mariola-19-de-abril\/\" \/>\n<meta property=\"og:site_name\" content=\"Turismo Bot\u00e1nico\" \/>\n<meta property=\"article:modified_time\" content=\"2026-04-15T11:18:46+00:00\" \/>\n<meta property=\"og:image\" content=\"https:\/\/turismobotanico.es\/wp-content\/uploads\/2026\/04\/CARTEL-ACTIVIDAD-MABEL.jpeg\" \/>\n\t<meta property=\"og:image:width\" content=\"1080\" \/>\n\t<meta property=\"og:image:height\" content=\"1080\" \/>\n\t<meta property=\"og:image:type\" content=\"image\/jpeg\" \/>\n<meta name=\"twitter:card\" content=\"summary_large_image\" \/>\n<meta name=\"twitter:label1\" content=\"Est. reading time\" \/>\n\t<meta name=\"twitter:data1\" content=\"1 minute\" \/>\n<script type=\"application\/ld+json\" class=\"yoast-schema-graph\">{\"@context\":\"https:\\\/\\\/schema.org\",\"@graph\":[{\"@type\":\"WebPage\",\"@id\":\"https:\\\/\\\/turismobotanico.es\\\/parque-natural-sierra-mariola-19-de-abril\\\/\",\"url\":\"https:\\\/\\\/turismobotanico.es\\\/parque-natural-sierra-mariola-19-de-abril\\\/\",\"name\":\"ALICANTE: Parque Natural Sierra Mariola - 19 de abril - Turismo Bot\u00e1nico\",\"isPartOf\":{\"@id\":\"https:\\\/\\\/turismobotanico.es\\\/#website\"},\"primaryImageOfPage\":{\"@id\":\"https:\\\/\\\/turismobotanico.es\\\/parque-natural-sierra-mariola-19-de-abril\\\/#primaryimage\"},\"image\":{\"@id\":\"https:\\\/\\\/turismobotanico.es\\\/parque-natural-sierra-mariola-19-de-abril\\\/#primaryimage\"},\"thumbnailUrl\":\"https:\\\/\\\/turismobotanico.es\\\/wp-content\\\/uploads\\\/2026\\\/04\\\/CARTEL-ACTIVIDAD-MABEL.jpeg\",\"datePublished\":\"2026-04-15T11:06:45+00:00\",\"dateModified\":\"2026-04-15T11:18:46+00:00\",\"breadcrumb\":{\"@id\":\"https:\\\/\\\/turismobotanico.es\\\/parque-natural-sierra-mariola-19-de-abril\\\/#breadcrumb\"},\"inLanguage\":\"en-US\",\"potentialAction\":[{\"@type\":\"ReadAction\",\"target\":[\"https:\\\/\\\/turismobotanico.es\\\/parque-natural-sierra-mariola-19-de-abril\\\/\"]}]},{\"@type\":\"ImageObject\",\"inLanguage\":\"en-US\",\"@id\":\"https:\\\/\\\/turismobotanico.es\\\/parque-natural-sierra-mariola-19-de-abril\\\/#primaryimage\",\"url\":\"https:\\\/\\\/turismobotanico.es\\\/wp-content\\\/uploads\\\/2026\\\/04\\\/CARTEL-ACTIVIDAD-MABEL.jpeg\",\"contentUrl\":\"https:\\\/\\\/turismobotanico.es\\\/wp-content\\\/uploads\\\/2026\\\/04\\\/CARTEL-ACTIVIDAD-MABEL.jpeg\",\"width\":1080,\"height\":1080},{\"@type\":\"BreadcrumbList\",\"@id\":\"https:\\\/\\\/turismobotanico.es\\\/parque-natural-sierra-mariola-19-de-abril\\\/#breadcrumb\",\"itemListElement\":[{\"@type\":\"ListItem\",\"position\":1,\"name\":\"Portada\",\"item\":\"https:\\\/\\\/turismobotanico.es\\\/\"},{\"@type\":\"ListItem\",\"position\":2,\"name\":\"Tienda\",\"item\":\"https:\\\/\\\/turismobotanico.es\\\/tienda\\\/\"},{\"@type\":\"ListItem\",\"position\":3,\"name\":\"ALICANTE: Parque Natural Sierra Mariola &#8211; 19 de abril\"}]},{\"@type\":\"WebSite\",\"@id\":\"https:\\\/\\\/turismobotanico.es\\\/#website\",\"url\":\"https:\\\/\\\/turismobotanico.es\\\/\",\"name\":\"Turismo Bot\u00e1nico\",\"description\":\"Turismo de naturaleza\",\"potentialAction\":[{\"@type\":\"SearchAction\",\"target\":{\"@type\":\"EntryPoint\",\"urlTemplate\":\"https:\\\/\\\/turismobotanico.es\\\/?s={search_term_string}\"},\"query-input\":{\"@type\":\"PropertyValueSpecification\",\"valueRequired\":true,\"valueName\":\"search_term_string\"}}],\"inLanguage\":\"en-US\"}]}<\/script>\n<!-- \/ Yoast SEO plugin. -->","yoast_head_json":{"title":"ALICANTE: Parque Natural Sierra Mariola - 19 de abril - Turismo Bot\u00e1nico","robots":{"index":"index","follow":"follow","max-snippet":"max-snippet:-1","max-image-preview":"max-image-preview:large","max-video-preview":"max-video-preview:-1"},"canonical":"https:\/\/turismobotanico.es\/en\/parque-natural-sierra-mariola-19-de-abril\/","og_locale":"en_US","og_type":"article","og_title":"ALICANTE: Parque Natural Sierra Mariola - 19 de abril - Turismo Bot\u00e1nico","og_description":"Parque Natural Sierra Mariola | 19 de abril  9 km | Dificultad baja | Desnivel: 320 m  Vamos a recorrer la \"Serra de Marola\" a trav\u00e9s de una ruta que te sumergir\u00e1 en el coraz\u00f3n bot\u00e1nico del Mediterraneo.  Caminaremos a pies del Montcabrer descubriendo en el paisaje fuentes, cuevas, patrimonio etnogr\u00e1fico, restos arqueol\u00f3gicos y mucho m\u00e1s.\u00a0\u00bfQuieres celebrar la vida? \u00a1Ven a sentirla!  Punto de encuentro: Camping Mariola  10:00h a 14:00 h  Precio: 12\u20ac\u00a0  Incluye gu\u00eda\/s de naturaleza y seguros  &nbsp;  NECESARIA RESERVA, PLAZAS LIMITADAS. Puedes reservar por WhatsApp en el 615674846 o en el correo contacto@turismobotanico.es  CONSULTA AQU\u00cd NUESTRA POL\u00cdTICA COMPLETA DE CANCELACIONES","og_url":"https:\/\/turismobotanico.es\/en\/parque-natural-sierra-mariola-19-de-abril\/","og_site_name":"Turismo Bot\u00e1nico","article_modified_time":"2026-04-15T11:18:46+00:00","og_image":[{"width":1080,"height":1080,"url":"https:\/\/turismobotanico.es\/wp-content\/uploads\/2026\/04\/CARTEL-ACTIVIDAD-MABEL.jpeg","type":"image\/jpeg"}],"twitter_card":"summary_large_image","twitter_misc":{"Est. reading time":"1 minute"},"schema":{"@context":"https:\/\/schema.org","@graph":[{"@type":"WebPage","@id":"https:\/\/turismobotanico.es\/parque-natural-sierra-mariola-19-de-abril\/","url":"https:\/\/turismobotanico.es\/parque-natural-sierra-mariola-19-de-abril\/","name":"ALICANTE: Parque Natural Sierra Mariola - 19 de abril - Turismo Bot\u00e1nico","isPartOf":{"@id":"https:\/\/turismobotanico.es\/#website"},"primaryImageOfPage":{"@id":"https:\/\/turismobotanico.es\/parque-natural-sierra-mariola-19-de-abril\/#primaryimage"},"image":{"@id":"https:\/\/turismobotanico.es\/parque-natural-sierra-mariola-19-de-abril\/#primaryimage"},"thumbnailUrl":"https:\/\/turismobotanico.es\/wp-content\/uploads\/2026\/04\/CARTEL-ACTIVIDAD-MABEL.jpeg","datePublished":"2026-04-15T11:06:45+00:00","dateModified":"2026-04-15T11:18:46+00:00","breadcrumb":{"@id":"https:\/\/turismobotanico.es\/parque-natural-sierra-mariola-19-de-abril\/#breadcrumb"},"inLanguage":"en-US","potentialAction":[{"@type":"ReadAction","target":["https:\/\/turismobotanico.es\/parque-natural-sierra-mariola-19-de-abril\/"]}]},{"@type":"ImageObject","inLanguage":"en-US","@id":"https:\/\/turismobotanico.es\/parque-natural-sierra-mariola-19-de-abril\/#primaryimage","url":"https:\/\/turismobotanico.es\/wp-content\/uploads\/2026\/04\/CARTEL-ACTIVIDAD-MABEL.jpeg","contentUrl":"https:\/\/turismobotanico.es\/wp-content\/uploads\/2026\/04\/CARTEL-ACTIVIDAD-MABEL.jpeg","width":1080,"height":1080},{"@type":"BreadcrumbList","@id":"https:\/\/turismobotanico.es\/parque-natural-sierra-mariola-19-de-abril\/#breadcrumb","itemListElement":[{"@type":"ListItem","position":1,"name":"Portada","item":"https:\/\/turismobotanico.es\/"},{"@type":"ListItem","position":2,"name":"Tienda","item":"https:\/\/turismobotanico.es\/tienda\/"},{"@type":"ListItem","position":3,"name":"ALICANTE: Parque Natural Sierra Mariola &#8211; 19 de abril"}]},{"@type":"WebSite","@id":"https:\/\/turismobotanico.es\/#website","url":"https:\/\/turismobotanico.es\/","name":"Turismo Bot\u00e1nico","description":"Turismo de naturaleza","potentialAction":[{"@type":"SearchAction","target":{"@type":"EntryPoint","urlTemplate":"https:\/\/turismobotanico.es\/?s={search_term_string}"},"query-input":{"@type":"PropertyValueSpecification","valueRequired":true,"valueName":"search_term_string"}}],"inLanguage":"en-US"}]}},"_links":{"self":[{"href":"https:\/\/turismobotanico.es\/en\/wp-json\/wp\/v2\/product\/20622","targetHints":{"allow":["GET"]}}],"collection":[{"href":"https:\/\/turismobotanico.es\/en\/wp-json\/wp\/v2\/product"}],"about":[{"href":"https:\/\/turismobotanico.es\/en\/wp-json\/wp\/v2\/types\/product"}],"replies":[{"embeddable":true,"href":"https:\/\/turismobotanico.es\/en\/wp-json\/wp\/v2\/comments?post=20622"}],"version-history":[{"count":2,"href":"https:\/\/turismobotanico.es\/en\/wp-json\/wp\/v2\/product\/20622\/revisions"}],"predecessor-version":[{"id":20625,"href":"https:\/\/turismobotanico.es\/en\/wp-json\/wp\/v2\/product\/20622\/revisions\/20625"}],"wp:featuredmedia":[{"embeddable":true,"href":"https:\/\/turismobotanico.es\/en\/wp-json\/wp\/v2\/media\/20623"}],"wp:attachment":[{"href":"https:\/\/turismobotanico.es\/en\/wp-json\/wp\/v2\/media?parent=20622"}],"wp:term":[{"taxonomy":"product_brand","embeddable":true,"href":"https:\/\/turismobotanico.es\/en\/wp-json\/wp\/v2\/product_brand?post=20622"},{"taxonomy":"product_cat","embeddable":true,"href":"https:\/\/turismobotanico.es\/en\/wp-json\/wp\/v2\/product_cat?post=20622"},{"taxonomy":"product_tag","embeddable":true,"href":"https:\/\/turismobotanico.es\/en\/wp-json\/wp\/v2\/product_tag?post=20622"}],"curies":[{"name":"wp","href":"https:\/\/api.w.org\/{rel}","templated":true}]}}