{"id":20689,"date":"2026-04-29T08:19:54","date_gmt":"2026-04-29T08:19:54","guid":{"rendered":"https:\/\/turismobotanico.es\/?post_type=product&#038;p=20689"},"modified":"2026-04-29T08:29:03","modified_gmt":"2026-04-29T08:29:03","slug":"murcia-orquideas-del-mundo-17-de-mayo","status":"publish","type":"product","link":"https:\/\/turismobotanico.es\/en\/murcia-orquideas-del-mundo-17-de-mayo\/","title":{"rendered":"MURCIA: Orqu\u00eddeas del Mundo &#8211; 17 de mayo"},"content":{"rendered":"<h2 data-path-to-node=\"2\"><span style=\"font-size: 12pt;\"><b data-path-to-node=\"2\" data-index-in-node=\"0\">Orqu\u00eddeas del Mundo <\/b><\/span><span style=\"font-size: 12pt;\"><b data-path-to-node=\"3\" data-index-in-node=\"0\">y la gran diversidad de los calares<\/b><\/span><\/h2>\n<p><span style=\"color: #800000;\"><em>10 km| Dificultad baja-media | Desnivel 200 m<\/em><\/span><\/p>\n<p><span style=\"color: #800000;\"><em>17 de mayo| 07:30hs<\/em><\/span><\/p>\n<p><span style=\"color: #800000;\"><em>Desde la Biblioteca Regional de Murcia<\/em><\/span><\/p>\n<p data-path-to-node=\"4\">Nos convertiremos en buscadores de orqu\u00eddeas y os contaremos todos los secretos de este grupo vegetal en el entorno \u00fanico del r\u00edo Mundo.<\/p>\n<p><span style=\"color: #800000;\">Coste: 32\u20ac<\/span><\/p>\n<p>Incluye: Bus desde Murcia, gu\u00edas cualificados y seguros.<\/p>\n<p>NECESARIA RESERVA, PLAZAS LIMITADAS A 30.<br \/>\nPuedes reservar por WhatsApp en el 615674846 o en el correo contacto@turismobotanico.es<\/p>\n<p><a href=\"https:\/\/turismobotanico.es\/en\/politica-de-cancelaciones\/\" target=\"_blank\" rel=\"noopener\">CONSULTA AQU\u00cd NUESTRA POL\u00cdTICA COMPLETA DE CANCELACIONES<\/a><\/p>","protected":false},"excerpt":{"rendered":"<h2 data-path-to-node=\"2\"><span style=\"font-size: 12pt;\"><b data-path-to-node=\"2\" data-index-in-node=\"0\">Orqu\u00eddeas del Mundo <\/b><\/span><span style=\"font-size: 12pt;\"><b data-path-to-node=\"3\" data-index-in-node=\"0\">y la gran diversidad de los calares<\/b><\/span><\/h2>\n<p><span style=\"color: #800000;\"><em>10 km| Dificultad baja-media | Desnivel 200 m<\/em><\/span><\/p>\n<p><span style=\"color: #800000;\"><em>17 de mayo| 07:30hs<\/em><\/span><\/p>\n<p><span style=\"color: #800000;\"><em>Desde la Biblioteca Regional de Murcia<\/em><\/span><\/p>\n<p data-path-to-node=\"4\">Nos convertiremos en buscadores de orqu\u00eddeas y os contaremos todos los secretos de este grupo vegetal en el entorno \u00fanico del r\u00edo Mundo.<\/p>\n<p><span style=\"color: #800000;\">Coste: 32\u20ac<\/span><\/p>\n<p>Incluye: Bus desde Murcia, gu\u00edas cualificados y seguros.<\/p>\n<p>NECESARIA RESERVA, PLAZAS LIMITADAS A 30.<br \/>\nPuedes reservar por WhatsApp en el 615674846 o en el correo contacto@turismobotanico.es<\/p>\n<p><a href=\"https:\/\/turismobotanico.es\/en\/politica-de-cancelaciones\/\" target=\"_blank\" rel=\"noopener\">CONSULTA AQU\u00cd NUESTRA POL\u00cdTICA COMPLETA DE CANCELACIONES<\/a><\/p>","protected":false},"featured_media":20690,"comment_status":"closed","ping_status":"closed","template":"","meta":[],"product_brand":[],"product_cat":[60,53,131],"product_tag":[],"class_list":{"0":"post-20689","1":"product","2":"type-product","3":"status-publish","4":"has-post-thumbnail","6":"product_cat-excursiones-y-actividades-de-un-dia","7":"product_cat-murcia","8":"product_cat-senderismo","10":"first","11":"instock","12":"virtual","13":"purchasable","14":"product-type-simple"},"yoast_head":"<!-- This site is optimized with the Yoast SEO plugin v27.5 - https:\/\/yoast.com\/product\/yoast-seo-wordpress\/ -->\n<title>MURCIA: Orqu\u00eddeas del Mundo - 17 de mayo - Turismo Bot\u00e1nico<\/title>\n<meta name=\"description\" content=\"Nos convertiremos en buscadores de orqu\u00eddeas y os contaremos todos los secretos de este grupo vegetal en el entorno \u00fanico del r\u00edo Mundo.\" \/>\n<meta name=\"robots\" content=\"index, follow, max-snippet:-1, max-image-preview:large, max-video-preview:-1\" \/>\n<link rel=\"canonical\" href=\"https:\/\/turismobotanico.es\/en\/murcia-orquideas-del-mundo-17-de-mayo\/\" \/>\n<meta property=\"og:locale\" content=\"en_US\" \/>\n<meta property=\"og:type\" content=\"article\" \/>\n<meta property=\"og:title\" content=\"MURCIA: Orqu\u00eddeas del Mundo - 17 de mayo - Turismo Bot\u00e1nico\" \/>\n<meta property=\"og:description\" content=\"Nos convertiremos en buscadores de orqu\u00eddeas y os contaremos todos los secretos de este grupo vegetal en el entorno \u00fanico del r\u00edo Mundo.\" \/>\n<meta property=\"og:url\" content=\"https:\/\/turismobotanico.es\/en\/murcia-orquideas-del-mundo-17-de-mayo\/\" \/>\n<meta property=\"og:site_name\" content=\"Turismo Bot\u00e1nico\" \/>\n<meta property=\"article:modified_time\" content=\"2026-04-29T08:29:03+00:00\" \/>\n<meta property=\"og:image\" content=\"https:\/\/turismobotanico.es\/wp-content\/uploads\/2026\/04\/WhatsApp-Image-2026-04-27-at-20.20.08.jpeg\" \/>\n\t<meta property=\"og:image:width\" content=\"1600\" \/>\n\t<meta property=\"og:image:height\" content=\"1478\" \/>\n\t<meta property=\"og:image:type\" content=\"image\/jpeg\" \/>\n<meta name=\"twitter:card\" content=\"summary_large_image\" \/>\n<meta name=\"twitter:label1\" content=\"Est. reading time\" \/>\n\t<meta name=\"twitter:data1\" content=\"1 minute\" \/>\n<script type=\"application\/ld+json\" class=\"yoast-schema-graph\">{\"@context\":\"https:\\\/\\\/schema.org\",\"@graph\":[{\"@type\":\"WebPage\",\"@id\":\"https:\\\/\\\/turismobotanico.es\\\/murcia-orquideas-del-mundo-17-de-mayo\\\/\",\"url\":\"https:\\\/\\\/turismobotanico.es\\\/murcia-orquideas-del-mundo-17-de-mayo\\\/\",\"name\":\"MURCIA: Orqu\u00eddeas del Mundo - 17 de mayo - Turismo Bot\u00e1nico\",\"isPartOf\":{\"@id\":\"https:\\\/\\\/turismobotanico.es\\\/#website\"},\"primaryImageOfPage\":{\"@id\":\"https:\\\/\\\/turismobotanico.es\\\/murcia-orquideas-del-mundo-17-de-mayo\\\/#primaryimage\"},\"image\":{\"@id\":\"https:\\\/\\\/turismobotanico.es\\\/murcia-orquideas-del-mundo-17-de-mayo\\\/#primaryimage\"},\"thumbnailUrl\":\"https:\\\/\\\/turismobotanico.es\\\/wp-content\\\/uploads\\\/2026\\\/04\\\/WhatsApp-Image-2026-04-27-at-20.20.08.jpeg\",\"datePublished\":\"2026-04-29T08:19:54+00:00\",\"dateModified\":\"2026-04-29T08:29:03+00:00\",\"description\":\"Nos convertiremos en buscadores de orqu\u00eddeas y os contaremos todos los secretos de este grupo vegetal en el entorno \u00fanico del r\u00edo Mundo.\",\"breadcrumb\":{\"@id\":\"https:\\\/\\\/turismobotanico.es\\\/murcia-orquideas-del-mundo-17-de-mayo\\\/#breadcrumb\"},\"inLanguage\":\"en-US\",\"potentialAction\":[{\"@type\":\"ReadAction\",\"target\":[\"https:\\\/\\\/turismobotanico.es\\\/murcia-orquideas-del-mundo-17-de-mayo\\\/\"]}]},{\"@type\":\"ImageObject\",\"inLanguage\":\"en-US\",\"@id\":\"https:\\\/\\\/turismobotanico.es\\\/murcia-orquideas-del-mundo-17-de-mayo\\\/#primaryimage\",\"url\":\"https:\\\/\\\/turismobotanico.es\\\/wp-content\\\/uploads\\\/2026\\\/04\\\/WhatsApp-Image-2026-04-27-at-20.20.08.jpeg\",\"contentUrl\":\"https:\\\/\\\/turismobotanico.es\\\/wp-content\\\/uploads\\\/2026\\\/04\\\/WhatsApp-Image-2026-04-27-at-20.20.08.jpeg\",\"width\":1600,\"height\":1478},{\"@type\":\"BreadcrumbList\",\"@id\":\"https:\\\/\\\/turismobotanico.es\\\/murcia-orquideas-del-mundo-17-de-mayo\\\/#breadcrumb\",\"itemListElement\":[{\"@type\":\"ListItem\",\"position\":1,\"name\":\"Portada\",\"item\":\"https:\\\/\\\/turismobotanico.es\\\/\"},{\"@type\":\"ListItem\",\"position\":2,\"name\":\"Tienda\",\"item\":\"https:\\\/\\\/turismobotanico.es\\\/tienda\\\/\"},{\"@type\":\"ListItem\",\"position\":3,\"name\":\"MURCIA: Orqu\u00eddeas del Mundo &#8211; 17 de mayo\"}]},{\"@type\":\"WebSite\",\"@id\":\"https:\\\/\\\/turismobotanico.es\\\/#website\",\"url\":\"https:\\\/\\\/turismobotanico.es\\\/\",\"name\":\"Turismo Bot\u00e1nico\",\"description\":\"Turismo de naturaleza\",\"potentialAction\":[{\"@type\":\"SearchAction\",\"target\":{\"@type\":\"EntryPoint\",\"urlTemplate\":\"https:\\\/\\\/turismobotanico.es\\\/?s={search_term_string}\"},\"query-input\":{\"@type\":\"PropertyValueSpecification\",\"valueRequired\":true,\"valueName\":\"search_term_string\"}}],\"inLanguage\":\"en-US\"}]}<\/script>\n<!-- \/ Yoast SEO plugin. -->","yoast_head_json":{"title":"MURCIA: Orqu\u00eddeas del Mundo - 17 de mayo - Turismo Bot\u00e1nico","description":"Nos convertiremos en buscadores de orqu\u00eddeas y os contaremos todos los secretos de este grupo vegetal en el entorno \u00fanico del r\u00edo Mundo.","robots":{"index":"index","follow":"follow","max-snippet":"max-snippet:-1","max-image-preview":"max-image-preview:large","max-video-preview":"max-video-preview:-1"},"canonical":"https:\/\/turismobotanico.es\/en\/murcia-orquideas-del-mundo-17-de-mayo\/","og_locale":"en_US","og_type":"article","og_title":"MURCIA: Orqu\u00eddeas del Mundo - 17 de mayo - Turismo Bot\u00e1nico","og_description":"Nos convertiremos en buscadores de orqu\u00eddeas y os contaremos todos los secretos de este grupo vegetal en el entorno \u00fanico del r\u00edo Mundo.","og_url":"https:\/\/turismobotanico.es\/en\/murcia-orquideas-del-mundo-17-de-mayo\/","og_site_name":"Turismo Bot\u00e1nico","article_modified_time":"2026-04-29T08:29:03+00:00","og_image":[{"width":1600,"height":1478,"url":"https:\/\/turismobotanico.es\/wp-content\/uploads\/2026\/04\/WhatsApp-Image-2026-04-27-at-20.20.08.jpeg","type":"image\/jpeg"}],"twitter_card":"summary_large_image","twitter_misc":{"Est. reading time":"1 minute"},"schema":{"@context":"https:\/\/schema.org","@graph":[{"@type":"WebPage","@id":"https:\/\/turismobotanico.es\/murcia-orquideas-del-mundo-17-de-mayo\/","url":"https:\/\/turismobotanico.es\/murcia-orquideas-del-mundo-17-de-mayo\/","name":"MURCIA: Orqu\u00eddeas del Mundo - 17 de mayo - Turismo Bot\u00e1nico","isPartOf":{"@id":"https:\/\/turismobotanico.es\/#website"},"primaryImageOfPage":{"@id":"https:\/\/turismobotanico.es\/murcia-orquideas-del-mundo-17-de-mayo\/#primaryimage"},"image":{"@id":"https:\/\/turismobotanico.es\/murcia-orquideas-del-mundo-17-de-mayo\/#primaryimage"},"thumbnailUrl":"https:\/\/turismobotanico.es\/wp-content\/uploads\/2026\/04\/WhatsApp-Image-2026-04-27-at-20.20.08.jpeg","datePublished":"2026-04-29T08:19:54+00:00","dateModified":"2026-04-29T08:29:03+00:00","description":"Nos convertiremos en buscadores de orqu\u00eddeas y os contaremos todos los secretos de este grupo vegetal en el entorno \u00fanico del r\u00edo Mundo.","breadcrumb":{"@id":"https:\/\/turismobotanico.es\/murcia-orquideas-del-mundo-17-de-mayo\/#breadcrumb"},"inLanguage":"en-US","potentialAction":[{"@type":"ReadAction","target":["https:\/\/turismobotanico.es\/murcia-orquideas-del-mundo-17-de-mayo\/"]}]},{"@type":"ImageObject","inLanguage":"en-US","@id":"https:\/\/turismobotanico.es\/murcia-orquideas-del-mundo-17-de-mayo\/#primaryimage","url":"https:\/\/turismobotanico.es\/wp-content\/uploads\/2026\/04\/WhatsApp-Image-2026-04-27-at-20.20.08.jpeg","contentUrl":"https:\/\/turismobotanico.es\/wp-content\/uploads\/2026\/04\/WhatsApp-Image-2026-04-27-at-20.20.08.jpeg","width":1600,"height":1478},{"@type":"BreadcrumbList","@id":"https:\/\/turismobotanico.es\/murcia-orquideas-del-mundo-17-de-mayo\/#breadcrumb","itemListElement":[{"@type":"ListItem","position":1,"name":"Portada","item":"https:\/\/turismobotanico.es\/"},{"@type":"ListItem","position":2,"name":"Tienda","item":"https:\/\/turismobotanico.es\/tienda\/"},{"@type":"ListItem","position":3,"name":"MURCIA: Orqu\u00eddeas del Mundo &#8211; 17 de mayo"}]},{"@type":"WebSite","@id":"https:\/\/turismobotanico.es\/#website","url":"https:\/\/turismobotanico.es\/","name":"Turismo Bot\u00e1nico","description":"Turismo de naturaleza","potentialAction":[{"@type":"SearchAction","target":{"@type":"EntryPoint","urlTemplate":"https:\/\/turismobotanico.es\/?s={search_term_string}"},"query-input":{"@type":"PropertyValueSpecification","valueRequired":true,"valueName":"search_term_string"}}],"inLanguage":"en-US"}]}},"_links":{"self":[{"href":"https:\/\/turismobotanico.es\/en\/wp-json\/wp\/v2\/product\/20689","targetHints":{"allow":["GET"]}}],"collection":[{"href":"https:\/\/turismobotanico.es\/en\/wp-json\/wp\/v2\/product"}],"about":[{"href":"https:\/\/turismobotanico.es\/en\/wp-json\/wp\/v2\/types\/product"}],"replies":[{"embeddable":true,"href":"https:\/\/turismobotanico.es\/en\/wp-json\/wp\/v2\/comments?post=20689"}],"version-history":[{"count":1,"href":"https:\/\/turismobotanico.es\/en\/wp-json\/wp\/v2\/product\/20689\/revisions"}],"predecessor-version":[{"id":20691,"href":"https:\/\/turismobotanico.es\/en\/wp-json\/wp\/v2\/product\/20689\/revisions\/20691"}],"wp:featuredmedia":[{"embeddable":true,"href":"https:\/\/turismobotanico.es\/en\/wp-json\/wp\/v2\/media\/20690"}],"wp:attachment":[{"href":"https:\/\/turismobotanico.es\/en\/wp-json\/wp\/v2\/media?parent=20689"}],"wp:term":[{"taxonomy":"product_brand","embeddable":true,"href":"https:\/\/turismobotanico.es\/en\/wp-json\/wp\/v2\/product_brand?post=20689"},{"taxonomy":"product_cat","embeddable":true,"href":"https:\/\/turismobotanico.es\/en\/wp-json\/wp\/v2\/product_cat?post=20689"},{"taxonomy":"product_tag","embeddable":true,"href":"https:\/\/turismobotanico.es\/en\/wp-json\/wp\/v2\/product_tag?post=20689"}],"curies":[{"name":"wp","href":"https:\/\/api.w.org\/{rel}","templated":true}]}}