{"id":20711,"date":"2026-05-05T09:47:44","date_gmt":"2026-05-05T09:47:44","guid":{"rendered":"https:\/\/turismobotanico.es\/?post_type=product&#038;p=20711"},"modified":"2026-05-05T10:18:11","modified_gmt":"2026-05-05T10:18:11","slug":"musica-en-los-rincones-del-31-de-julio-al-2-de-agosto","status":"publish","type":"product","link":"https:\/\/turismobotanico.es\/en\/musica-en-los-rincones-del-31-de-julio-al-2-de-agosto\/","title":{"rendered":"M\u00fasica en los Rincones | Del 31 de Julio al 2 de Agosto"},"content":{"rendered":"<p><a href=\"https:\/\/turismobotanico.es\/wp-content\/uploads\/2026\/05\/Musica-en-los-Rincones-2026.pdf\">VER EL PROGRAMA COMPLETO (RECOMENDADO).<\/a><\/p>\n<p>Desde hace milenios, los humanos hemos seguido el curso de los r\u00edos. En el Mediterr\u00e1neo, casi todos los r\u00edos son la promesa de una monta\u00f1a, un lugar donde, cuando aprieta el calor y el agua no viene del cielo, todav\u00eda hay verdor. Y hacia all\u00ed han caminado siempre nuestros ancestros, siguiendo a las manadas de animales silvestres en sus migraciones naturales, siendo un migrador mas. Mucho tiempo despu\u00e9s, construimos nuestros caminos al lado de los r\u00edos, incluso puertos y carreteras.<\/p>\n<p>Por eso, caminar los r\u00edos\u00a0es una experiencia especial, no solo remedio contra la can\u00edcula o zambullida por diversi\u00f3n, sino inmersi\u00f3n completa en nuestra propia alma animal. Andar por el agua es milagro, porque nos devuelve a un tiempo en el que no somos siquiera due\u00f1os de la cadencia de nuestro paso. La respiraci\u00f3n, la mirada\u2026 todo nuestro cuerpo hace lo que manda el l\u00edquido.<\/p>\n<p>En esta escapada veraniega vamos a conocer tres arterias fundamentales de la Sierra del Segura, tres de sus principales afluentes que, antes de ser represados y escoltados por nuestras pistas, todav\u00eda nos ofrecen el reflejo de lo que fueron aquellos r\u00edos salvajes que indican el camino al coraz\u00f3n de la monta\u00f1a. En el Taibilla, nos divertiremos jugando a no mojarnos por sus pasarelas pegadas a la roca y sus puentecillos, aunque puede que muchos opt\u00e9is por hacerlo; por el Tus nos sentiremos peque\u00f1os y arropados al tiempo, en pozas color esmeralda; y en el Mundo nos acorralar\u00e1 una aut\u00e9ntica selva que la naturaleza ha reclamado de nuevo como suya.<\/p>\n<p>Y para no perder conciencia de lo humano, nos esperan las calles llenas de Historia de Yeste, Molinicos y Nerpio.<\/p>\n<p>PRECIO POR PERSONA INCLUYENDO 2 NOCHES DE ALOJAMIENTO CON MEDIA PENSI\u00d3N, TRANSPORTE EN BUS O FURGONETA DESDE ORIGEN, DESPLAZAMIENTO EN DESTINO, RUTAS ACU\u00c1TICAS GUIADAS CON GU\u00cdA ESPECIALIZADO, GUIA\/S ACOMPA\u00d1ANTE Y DE NATURALEZA DESDE LA SALIDA, SEGURO DE ACCIDENTES, DE VIAJE, DE CANCELACI\u00d3N Y DE RESPONSABILIDAD CIVIL: 370\u20ac<\/p>\n<p>El alojamiento es\u00a0en habitaci\u00f3n doble.\u00a0Si vas solo, tendr\u00e1s que pagar el suplemento de\u00a0<strong>habitaci\u00f3n individual: 30\u20ac<\/strong>. A\u00f1\u00e1delo al carrito, desde la parte de abajo de la p\u00e1gina, en el siguiente paso de la reserva.<\/p>\n<p><a href=\"https:\/\/www.bujaldon-sl.com\/productos\/certificado\/prime-2-0-copia\">PUEDE CONSULTAR LAS CONDICIONES DE ESTE SEGURO DE CANCELACI\u00d3N CLICANDO AQU\u00cd<\/a><\/p>\n<p><a href=\"https:\/\/turismobotanico.es\/en\/politica-de-cancelaciones\/\">PUEDES CONSULTAR AQU\u00cd NUESTRA POL\u00cdTICA DE CANCELACIONES<\/a><\/p>","protected":false},"excerpt":{"rendered":"<p><a href=\"https:\/\/turismobotanico.es\/wp-content\/uploads\/2026\/05\/Musica-en-los-Rincones-2026.pdf\">VER EL PROGRAMA COMPLETO (RECOMENDADO).<\/a><\/p>\n<p>Desde hace milenios, los humanos hemos seguido el curso de los r\u00edos. En el Mediterr\u00e1neo, casi todos los r\u00edos son la promesa de una monta\u00f1a, un lugar donde, cuando aprieta el calor y el agua no viene del cielo, todav\u00eda hay verdor. Y hacia all\u00ed han caminado siempre nuestros ancestros, siguiendo a las manadas de animales silvestres en sus migraciones naturales, siendo un migrador mas. Mucho tiempo despu\u00e9s, construimos nuestros caminos al lado de los r\u00edos, incluso puertos y carreteras.<\/p>\n<p>Por eso, caminar los r\u00edos\u00a0es una experiencia especial, no solo remedio contra la can\u00edcula o zambullida por diversi\u00f3n, sino inmersi\u00f3n completa en nuestra propia alma animal. Andar por el agua es milagro, porque nos devuelve a un tiempo en el que no somos siquiera due\u00f1os de la cadencia de nuestro paso. La respiraci\u00f3n, la mirada\u2026 todo nuestro cuerpo hace lo que manda el l\u00edquido.<\/p>\n<p>En esta escapada veraniega vamos a conocer tres arterias fundamentales de la Sierra del Segura, tres de sus principales afluentes que, antes de ser represados y escoltados por nuestras pistas, todav\u00eda nos ofrecen el reflejo de lo que fueron aquellos r\u00edos salvajes que indican el camino al coraz\u00f3n de la monta\u00f1a. En el Taibilla, nos divertiremos jugando a no mojarnos por sus pasarelas pegadas a la roca y sus puentecillos, aunque puede que muchos opt\u00e9is por hacerlo; por el Tus nos sentiremos peque\u00f1os y arropados al tiempo, en pozas color esmeralda; y en el Mundo nos acorralar\u00e1 una aut\u00e9ntica selva que la naturaleza ha reclamado de nuevo como suya.<\/p>\n<p>Y para no perder conciencia de lo humano, nos esperan las calles llenas de Historia de Yeste, Molinicos y Nerpio.<\/p>\n<p>PRECIO POR PERSONA INCLUYENDO 2 NOCHES DE ALOJAMIENTO CON MEDIA PENSI\u00d3N, TRANSPORTE EN BUS O FURGONETA DESDE ORIGEN, DESPLAZAMIENTO EN DESTINO, RUTAS ACU\u00c1TICAS GUIADAS CON GU\u00cdA ESPECIALIZADO, GUIA\/S ACOMPA\u00d1ANTE Y DE NATURALEZA DESDE LA SALIDA, SEGURO DE ACCIDENTES, DE VIAJE, DE CANCELACI\u00d3N Y DE RESPONSABILIDAD CIVIL: 370\u20ac<\/p>\n<p>El alojamiento es\u00a0en habitaci\u00f3n doble.\u00a0Si vas solo, tendr\u00e1s que pagar el suplemento de\u00a0<strong>habitaci\u00f3n individual: 30\u20ac<\/strong>. A\u00f1\u00e1delo al carrito, desde la parte de abajo de la p\u00e1gina, en el siguiente paso de la reserva.<\/p>\n<p><a href=\"https:\/\/www.bujaldon-sl.com\/productos\/certificado\/prime-2-0-copia\">PUEDE CONSULTAR LAS CONDICIONES DE ESTE SEGURO DE CANCELACI\u00d3N CLICANDO AQU\u00cd<\/a><\/p>\n<p><a href=\"https:\/\/turismobotanico.es\/en\/politica-de-cancelaciones\/\">PUEDES CONSULTAR AQU\u00cd NUESTRA POL\u00cdTICA DE CANCELACIONES<\/a><\/p>","protected":false},"featured_media":20718,"comment_status":"closed","ping_status":"closed","template":"","meta":[],"product_brand":[],"product_cat":[54,55,127,45,61,105,53,132],"product_tag":[],"class_list":{"0":"post-20711","1":"product","2":"type-product","3":"status-publish","4":"has-post-thumbnail","6":"product_cat-albacete","7":"product_cat-alicante","8":"product_cat-andalucia","9":"product_cat-destinos-por-region","10":"product_cat-escapadas-y-viajes-de-naturaleza-en-espana","11":"product_cat-espana","12":"product_cat-murcia","13":"product_cat-viajes-de-naturaleza","15":"first","16":"instock","17":"virtual","18":"purchasable","19":"product-type-simple"},"yoast_head":"<!-- This site is optimized with the Yoast SEO plugin v27.5 - https:\/\/yoast.com\/product\/yoast-seo-wordpress\/ -->\n<title>M\u00fasica en los Rincones | Del 31 de Julio al 2 de Agosto - Turismo Bot\u00e1nico<\/title>\n<meta name=\"description\" content=\"Descubre la magia del senderismo acu\u00e1tico en la Sierra del Segura: una ruta por los r\u00edos salvajes de Yeste, Molinicos y Nerpio.\" \/>\n<meta name=\"robots\" content=\"index, follow, max-snippet:-1, max-image-preview:large, max-video-preview:-1\" \/>\n<link rel=\"canonical\" href=\"https:\/\/turismobotanico.es\/en\/musica-en-los-rincones-del-31-de-julio-al-2-de-agosto\/\" \/>\n<meta property=\"og:locale\" content=\"en_US\" \/>\n<meta property=\"og:type\" content=\"article\" \/>\n<meta property=\"og:title\" content=\"M\u00fasica en los Rincones | Del 31 de Julio al 2 de Agosto - Turismo Bot\u00e1nico\" \/>\n<meta property=\"og:description\" content=\"Descubre la magia del senderismo acu\u00e1tico en la Sierra del Segura: una ruta por los r\u00edos salvajes de Yeste, Molinicos y Nerpio.\" \/>\n<meta property=\"og:url\" content=\"https:\/\/turismobotanico.es\/en\/musica-en-los-rincones-del-31-de-julio-al-2-de-agosto\/\" \/>\n<meta property=\"og:site_name\" content=\"Turismo Bot\u00e1nico\" \/>\n<meta property=\"article:modified_time\" content=\"2026-05-05T10:18:11+00:00\" \/>\n<meta property=\"og:image\" content=\"https:\/\/turismobotanico.es\/wp-content\/uploads\/2026\/05\/WhatsApp-Image-2026-05-05-at-12.15.38.jpeg\" \/>\n\t<meta property=\"og:image:width\" content=\"577\" \/>\n\t<meta property=\"og:image:height\" content=\"626\" \/>\n\t<meta property=\"og:image:type\" content=\"image\/jpeg\" \/>\n<meta name=\"twitter:card\" content=\"summary_large_image\" \/>\n<meta name=\"twitter:label1\" content=\"Est. reading time\" \/>\n\t<meta name=\"twitter:data1\" content=\"2 minutes\" \/>\n<script type=\"application\/ld+json\" class=\"yoast-schema-graph\">{\"@context\":\"https:\\\/\\\/schema.org\",\"@graph\":[{\"@type\":\"WebPage\",\"@id\":\"https:\\\/\\\/turismobotanico.es\\\/musica-en-los-rincones-del-31-de-julio-al-2-de-agosto\\\/\",\"url\":\"https:\\\/\\\/turismobotanico.es\\\/musica-en-los-rincones-del-31-de-julio-al-2-de-agosto\\\/\",\"name\":\"M\u00fasica en los Rincones | Del 31 de Julio al 2 de Agosto - Turismo Bot\u00e1nico\",\"isPartOf\":{\"@id\":\"https:\\\/\\\/turismobotanico.es\\\/#website\"},\"primaryImageOfPage\":{\"@id\":\"https:\\\/\\\/turismobotanico.es\\\/musica-en-los-rincones-del-31-de-julio-al-2-de-agosto\\\/#primaryimage\"},\"image\":{\"@id\":\"https:\\\/\\\/turismobotanico.es\\\/musica-en-los-rincones-del-31-de-julio-al-2-de-agosto\\\/#primaryimage\"},\"thumbnailUrl\":\"https:\\\/\\\/turismobotanico.es\\\/wp-content\\\/uploads\\\/2026\\\/05\\\/WhatsApp-Image-2026-05-05-at-12.15.38.jpeg\",\"datePublished\":\"2026-05-05T09:47:44+00:00\",\"dateModified\":\"2026-05-05T10:18:11+00:00\",\"description\":\"Descubre la magia del senderismo acu\u00e1tico en la Sierra del Segura: una ruta por los r\u00edos salvajes de Yeste, Molinicos y Nerpio.\",\"breadcrumb\":{\"@id\":\"https:\\\/\\\/turismobotanico.es\\\/musica-en-los-rincones-del-31-de-julio-al-2-de-agosto\\\/#breadcrumb\"},\"inLanguage\":\"en-US\",\"potentialAction\":[{\"@type\":\"ReadAction\",\"target\":[\"https:\\\/\\\/turismobotanico.es\\\/musica-en-los-rincones-del-31-de-julio-al-2-de-agosto\\\/\"]}]},{\"@type\":\"ImageObject\",\"inLanguage\":\"en-US\",\"@id\":\"https:\\\/\\\/turismobotanico.es\\\/musica-en-los-rincones-del-31-de-julio-al-2-de-agosto\\\/#primaryimage\",\"url\":\"https:\\\/\\\/turismobotanico.es\\\/wp-content\\\/uploads\\\/2026\\\/05\\\/WhatsApp-Image-2026-05-05-at-12.15.38.jpeg\",\"contentUrl\":\"https:\\\/\\\/turismobotanico.es\\\/wp-content\\\/uploads\\\/2026\\\/05\\\/WhatsApp-Image-2026-05-05-at-12.15.38.jpeg\",\"width\":577,\"height\":626},{\"@type\":\"BreadcrumbList\",\"@id\":\"https:\\\/\\\/turismobotanico.es\\\/musica-en-los-rincones-del-31-de-julio-al-2-de-agosto\\\/#breadcrumb\",\"itemListElement\":[{\"@type\":\"ListItem\",\"position\":1,\"name\":\"Portada\",\"item\":\"https:\\\/\\\/turismobotanico.es\\\/\"},{\"@type\":\"ListItem\",\"position\":2,\"name\":\"Tienda\",\"item\":\"https:\\\/\\\/turismobotanico.es\\\/tienda\\\/\"},{\"@type\":\"ListItem\",\"position\":3,\"name\":\"M\u00fasica en los Rincones | Del 31 de Julio al 2 de Agosto\"}]},{\"@type\":\"WebSite\",\"@id\":\"https:\\\/\\\/turismobotanico.es\\\/#website\",\"url\":\"https:\\\/\\\/turismobotanico.es\\\/\",\"name\":\"Turismo Bot\u00e1nico\",\"description\":\"Turismo de naturaleza\",\"potentialAction\":[{\"@type\":\"SearchAction\",\"target\":{\"@type\":\"EntryPoint\",\"urlTemplate\":\"https:\\\/\\\/turismobotanico.es\\\/?s={search_term_string}\"},\"query-input\":{\"@type\":\"PropertyValueSpecification\",\"valueRequired\":true,\"valueName\":\"search_term_string\"}}],\"inLanguage\":\"en-US\"}]}<\/script>\n<!-- \/ Yoast SEO plugin. -->","yoast_head_json":{"title":"M\u00fasica en los Rincones | Del 31 de Julio al 2 de Agosto - Turismo Bot\u00e1nico","description":"Descubre la magia del senderismo acu\u00e1tico en la Sierra del Segura: una ruta por los r\u00edos salvajes de Yeste, Molinicos y Nerpio.","robots":{"index":"index","follow":"follow","max-snippet":"max-snippet:-1","max-image-preview":"max-image-preview:large","max-video-preview":"max-video-preview:-1"},"canonical":"https:\/\/turismobotanico.es\/en\/musica-en-los-rincones-del-31-de-julio-al-2-de-agosto\/","og_locale":"en_US","og_type":"article","og_title":"M\u00fasica en los Rincones | Del 31 de Julio al 2 de Agosto - Turismo Bot\u00e1nico","og_description":"Descubre la magia del senderismo acu\u00e1tico en la Sierra del Segura: una ruta por los r\u00edos salvajes de Yeste, Molinicos y Nerpio.","og_url":"https:\/\/turismobotanico.es\/en\/musica-en-los-rincones-del-31-de-julio-al-2-de-agosto\/","og_site_name":"Turismo Bot\u00e1nico","article_modified_time":"2026-05-05T10:18:11+00:00","og_image":[{"width":577,"height":626,"url":"https:\/\/turismobotanico.es\/wp-content\/uploads\/2026\/05\/WhatsApp-Image-2026-05-05-at-12.15.38.jpeg","type":"image\/jpeg"}],"twitter_card":"summary_large_image","twitter_misc":{"Est. reading time":"2 minutes"},"schema":{"@context":"https:\/\/schema.org","@graph":[{"@type":"WebPage","@id":"https:\/\/turismobotanico.es\/musica-en-los-rincones-del-31-de-julio-al-2-de-agosto\/","url":"https:\/\/turismobotanico.es\/musica-en-los-rincones-del-31-de-julio-al-2-de-agosto\/","name":"M\u00fasica en los Rincones | Del 31 de Julio al 2 de Agosto - Turismo Bot\u00e1nico","isPartOf":{"@id":"https:\/\/turismobotanico.es\/#website"},"primaryImageOfPage":{"@id":"https:\/\/turismobotanico.es\/musica-en-los-rincones-del-31-de-julio-al-2-de-agosto\/#primaryimage"},"image":{"@id":"https:\/\/turismobotanico.es\/musica-en-los-rincones-del-31-de-julio-al-2-de-agosto\/#primaryimage"},"thumbnailUrl":"https:\/\/turismobotanico.es\/wp-content\/uploads\/2026\/05\/WhatsApp-Image-2026-05-05-at-12.15.38.jpeg","datePublished":"2026-05-05T09:47:44+00:00","dateModified":"2026-05-05T10:18:11+00:00","description":"Descubre la magia del senderismo acu\u00e1tico en la Sierra del Segura: una ruta por los r\u00edos salvajes de Yeste, Molinicos y Nerpio.","breadcrumb":{"@id":"https:\/\/turismobotanico.es\/musica-en-los-rincones-del-31-de-julio-al-2-de-agosto\/#breadcrumb"},"inLanguage":"en-US","potentialAction":[{"@type":"ReadAction","target":["https:\/\/turismobotanico.es\/musica-en-los-rincones-del-31-de-julio-al-2-de-agosto\/"]}]},{"@type":"ImageObject","inLanguage":"en-US","@id":"https:\/\/turismobotanico.es\/musica-en-los-rincones-del-31-de-julio-al-2-de-agosto\/#primaryimage","url":"https:\/\/turismobotanico.es\/wp-content\/uploads\/2026\/05\/WhatsApp-Image-2026-05-05-at-12.15.38.jpeg","contentUrl":"https:\/\/turismobotanico.es\/wp-content\/uploads\/2026\/05\/WhatsApp-Image-2026-05-05-at-12.15.38.jpeg","width":577,"height":626},{"@type":"BreadcrumbList","@id":"https:\/\/turismobotanico.es\/musica-en-los-rincones-del-31-de-julio-al-2-de-agosto\/#breadcrumb","itemListElement":[{"@type":"ListItem","position":1,"name":"Portada","item":"https:\/\/turismobotanico.es\/"},{"@type":"ListItem","position":2,"name":"Tienda","item":"https:\/\/turismobotanico.es\/tienda\/"},{"@type":"ListItem","position":3,"name":"M\u00fasica en los Rincones | Del 31 de Julio al 2 de Agosto"}]},{"@type":"WebSite","@id":"https:\/\/turismobotanico.es\/#website","url":"https:\/\/turismobotanico.es\/","name":"Turismo Bot\u00e1nico","description":"Turismo de naturaleza","potentialAction":[{"@type":"SearchAction","target":{"@type":"EntryPoint","urlTemplate":"https:\/\/turismobotanico.es\/?s={search_term_string}"},"query-input":{"@type":"PropertyValueSpecification","valueRequired":true,"valueName":"search_term_string"}}],"inLanguage":"en-US"}]}},"_links":{"self":[{"href":"https:\/\/turismobotanico.es\/en\/wp-json\/wp\/v2\/product\/20711","targetHints":{"allow":["GET"]}}],"collection":[{"href":"https:\/\/turismobotanico.es\/en\/wp-json\/wp\/v2\/product"}],"about":[{"href":"https:\/\/turismobotanico.es\/en\/wp-json\/wp\/v2\/types\/product"}],"replies":[{"embeddable":true,"href":"https:\/\/turismobotanico.es\/en\/wp-json\/wp\/v2\/comments?post=20711"}],"version-history":[{"count":3,"href":"https:\/\/turismobotanico.es\/en\/wp-json\/wp\/v2\/product\/20711\/revisions"}],"predecessor-version":[{"id":20717,"href":"https:\/\/turismobotanico.es\/en\/wp-json\/wp\/v2\/product\/20711\/revisions\/20717"}],"wp:featuredmedia":[{"embeddable":true,"href":"https:\/\/turismobotanico.es\/en\/wp-json\/wp\/v2\/media\/20718"}],"wp:attachment":[{"href":"https:\/\/turismobotanico.es\/en\/wp-json\/wp\/v2\/media?parent=20711"}],"wp:term":[{"taxonomy":"product_brand","embeddable":true,"href":"https:\/\/turismobotanico.es\/en\/wp-json\/wp\/v2\/product_brand?post=20711"},{"taxonomy":"product_cat","embeddable":true,"href":"https:\/\/turismobotanico.es\/en\/wp-json\/wp\/v2\/product_cat?post=20711"},{"taxonomy":"product_tag","embeddable":true,"href":"https:\/\/turismobotanico.es\/en\/wp-json\/wp\/v2\/product_tag?post=20711"}],"curies":[{"name":"wp","href":"https:\/\/api.w.org\/{rel}","templated":true}]}}