{"id":20737,"date":"2026-05-12T08:15:06","date_gmt":"2026-05-12T08:15:06","guid":{"rendered":"https:\/\/turismobotanico.es\/?post_type=product&#038;p=20737"},"modified":"2026-05-12T08:15:10","modified_gmt":"2026-05-12T08:15:10","slug":"murcia-el-techo-de-la-region-09-de-junio","status":"publish","type":"product","link":"https:\/\/turismobotanico.es\/en\/murcia-el-techo-de-la-region-09-de-junio\/","title":{"rendered":"MURCIA: El techo de la Regi\u00f3n &#8211; 09 de junio"},"content":{"rendered":"<h2 data-path-to-node=\"2\"><span style=\"font-size: 12pt;\"><b data-path-to-node=\"2\" data-index-in-node=\"0\">El techo de la Regi\u00f3n: El Obispo y Revolcadores<\/b><\/span><\/h2>\n<p><span style=\"color: #800000;\"><em>12 km| Dificultad media-alta | Desnivel 500 m<\/em><\/span><\/p>\n<p><span style=\"color: #800000;\"><em>09 de junio| Inazares &#8211; 10:00hs <\/em><\/span><\/p>\n<p><span style=\"color: #800000;\"><em>Duraci\u00f3n aproximada: 6 horas<\/em><\/span><\/p>\n<p data-path-to-node=\"4\">En el d\u00eda de la Regi\u00f3n, subimos al pico m\u00e1s alto. La cima de revolcadores nos espera, y en ella, os contaremos todos los secretos de la naturaleza de este lugar.<\/p>\n<p>Bus desde Murcia, gu\u00edas cualificados y seguros.<\/p>\n<p><span style=\"color: #800000;\">Coste: 30\u20ac<\/span><\/p>\n<p>Si vas desde Inazares:<\/p>\n<p><span style=\"color: #800000;\">Coste: 18\u20ac<\/span><\/p>\n<p>NECESARIA RESERVA, PLAZAS LIMITADAS A 30.<\/p>\n<p>Puedes reservar por WhatsApp en el 615674846 o en el correo contacto@turismobotanico.es<\/p>\n<p><a href=\"https:\/\/turismobotanico.es\/en\/politica-de-cancelaciones\/\" target=\"_blank\" rel=\"noopener\">CONSULTA AQU\u00cd NUESTRA POL\u00cdTICA COMPLETA DE CANCELACIONES<\/a><\/p>","protected":false},"excerpt":{"rendered":"<h2 data-path-to-node=\"2\"><span style=\"font-size: 12pt;\"><b data-path-to-node=\"2\" data-index-in-node=\"0\">El techo de la Regi\u00f3n: El Obispo y Revolcadores<\/b><\/span><\/h2>\n<p><span style=\"color: #800000;\"><em>12 km| Dificultad media-alta | Desnivel 500 m<\/em><\/span><\/p>\n<p><span style=\"color: #800000;\"><em>09 de junio| Inazares &#8211; 10:00hs <\/em><\/span><\/p>\n<p><span style=\"color: #800000;\"><em>Duraci\u00f3n aproximada: 6 horas<\/em><\/span><\/p>\n<p data-path-to-node=\"4\">En el d\u00eda de la Regi\u00f3n, subimos al pico m\u00e1s alto. La cima de revolcadores nos espera, y en ella, os contaremos todos los secretos de la naturaleza de este lugar.<\/p>\n<p>Bus desde Murcia, gu\u00edas cualificados y seguros.<\/p>\n<p><span style=\"color: #800000;\">Coste: 30\u20ac<\/span><\/p>\n<p>Si vas desde Inazares:<\/p>\n<p><span style=\"color: #800000;\">Coste: 18\u20ac<\/span><\/p>\n<p>NECESARIA RESERVA, PLAZAS LIMITADAS A 30.<\/p>\n<p>Puedes reservar por WhatsApp en el 615674846 o en el correo contacto@turismobotanico.es<\/p>\n<p><a href=\"https:\/\/turismobotanico.es\/en\/politica-de-cancelaciones\/\" target=\"_blank\" rel=\"noopener\">CONSULTA AQU\u00cd NUESTRA POL\u00cdTICA COMPLETA DE CANCELACIONES<\/a><\/p>","protected":false},"featured_media":20738,"comment_status":"closed","ping_status":"closed","template":"","meta":[],"product_brand":[],"product_cat":[60,53,131],"product_tag":[],"class_list":{"0":"post-20737","1":"product","2":"type-product","3":"status-publish","4":"has-post-thumbnail","6":"product_cat-excursiones-y-actividades-de-un-dia","7":"product_cat-murcia","8":"product_cat-senderismo","10":"first","11":"instock","12":"virtual","13":"purchasable","14":"product-type-simple"},"yoast_head":"<!-- This site is optimized with the Yoast SEO plugin v27.5 - https:\/\/yoast.com\/product\/yoast-seo-wordpress\/ -->\n<title>MURCIA: El techo de la Regi\u00f3n - 09 de junio - Turismo Bot\u00e1nico<\/title>\n<meta name=\"description\" content=\"En el d\u00eda de la Regi\u00f3n, subimos al pico m\u00e1s alto, Revolcadores. Os contaremos todos los secretos de la naturaleza de este lugar. Te apuntas?\" \/>\n<meta name=\"robots\" content=\"index, follow, max-snippet:-1, max-image-preview:large, max-video-preview:-1\" \/>\n<link rel=\"canonical\" href=\"https:\/\/turismobotanico.es\/en\/murcia-el-techo-de-la-region-09-de-junio\/\" \/>\n<meta property=\"og:locale\" content=\"en_US\" \/>\n<meta property=\"og:type\" content=\"article\" \/>\n<meta property=\"og:title\" content=\"MURCIA: El techo de la Regi\u00f3n - 09 de junio - Turismo Bot\u00e1nico\" \/>\n<meta property=\"og:description\" content=\"En el d\u00eda de la Regi\u00f3n, subimos al pico m\u00e1s alto, Revolcadores. Os contaremos todos los secretos de la naturaleza de este lugar. Te apuntas?\" \/>\n<meta property=\"og:url\" content=\"https:\/\/turismobotanico.es\/en\/murcia-el-techo-de-la-region-09-de-junio\/\" \/>\n<meta property=\"og:site_name\" content=\"Turismo Bot\u00e1nico\" \/>\n<meta property=\"article:modified_time\" content=\"2026-05-12T08:15:10+00:00\" \/>\n<meta property=\"og:image\" content=\"https:\/\/turismobotanico.es\/wp-content\/uploads\/2026\/05\/Revolcadores_09062026.jpg\" \/>\n\t<meta property=\"og:image:width\" content=\"2480\" \/>\n\t<meta property=\"og:image:height\" content=\"2292\" \/>\n\t<meta property=\"og:image:type\" content=\"image\/jpeg\" \/>\n<meta name=\"twitter:card\" content=\"summary_large_image\" \/>\n<meta name=\"twitter:label1\" content=\"Est. reading time\" \/>\n\t<meta name=\"twitter:data1\" content=\"1 minute\" \/>\n<script type=\"application\/ld+json\" class=\"yoast-schema-graph\">{\"@context\":\"https:\\\/\\\/schema.org\",\"@graph\":[{\"@type\":\"WebPage\",\"@id\":\"https:\\\/\\\/turismobotanico.es\\\/murcia-el-techo-de-la-region-09-de-junio\\\/\",\"url\":\"https:\\\/\\\/turismobotanico.es\\\/murcia-el-techo-de-la-region-09-de-junio\\\/\",\"name\":\"MURCIA: El techo de la Regi\u00f3n - 09 de junio - Turismo Bot\u00e1nico\",\"isPartOf\":{\"@id\":\"https:\\\/\\\/turismobotanico.es\\\/#website\"},\"primaryImageOfPage\":{\"@id\":\"https:\\\/\\\/turismobotanico.es\\\/murcia-el-techo-de-la-region-09-de-junio\\\/#primaryimage\"},\"image\":{\"@id\":\"https:\\\/\\\/turismobotanico.es\\\/murcia-el-techo-de-la-region-09-de-junio\\\/#primaryimage\"},\"thumbnailUrl\":\"https:\\\/\\\/turismobotanico.es\\\/wp-content\\\/uploads\\\/2026\\\/05\\\/Revolcadores_09062026.jpg\",\"datePublished\":\"2026-05-12T08:15:06+00:00\",\"dateModified\":\"2026-05-12T08:15:10+00:00\",\"description\":\"En el d\u00eda de la Regi\u00f3n, subimos al pico m\u00e1s alto, Revolcadores. Os contaremos todos los secretos de la naturaleza de este lugar. Te apuntas?\",\"breadcrumb\":{\"@id\":\"https:\\\/\\\/turismobotanico.es\\\/murcia-el-techo-de-la-region-09-de-junio\\\/#breadcrumb\"},\"inLanguage\":\"en-US\",\"potentialAction\":[{\"@type\":\"ReadAction\",\"target\":[\"https:\\\/\\\/turismobotanico.es\\\/murcia-el-techo-de-la-region-09-de-junio\\\/\"]}]},{\"@type\":\"ImageObject\",\"inLanguage\":\"en-US\",\"@id\":\"https:\\\/\\\/turismobotanico.es\\\/murcia-el-techo-de-la-region-09-de-junio\\\/#primaryimage\",\"url\":\"https:\\\/\\\/turismobotanico.es\\\/wp-content\\\/uploads\\\/2026\\\/05\\\/Revolcadores_09062026.jpg\",\"contentUrl\":\"https:\\\/\\\/turismobotanico.es\\\/wp-content\\\/uploads\\\/2026\\\/05\\\/Revolcadores_09062026.jpg\",\"width\":2480,\"height\":2292},{\"@type\":\"BreadcrumbList\",\"@id\":\"https:\\\/\\\/turismobotanico.es\\\/murcia-el-techo-de-la-region-09-de-junio\\\/#breadcrumb\",\"itemListElement\":[{\"@type\":\"ListItem\",\"position\":1,\"name\":\"Portada\",\"item\":\"https:\\\/\\\/turismobotanico.es\\\/\"},{\"@type\":\"ListItem\",\"position\":2,\"name\":\"Tienda\",\"item\":\"https:\\\/\\\/turismobotanico.es\\\/tienda\\\/\"},{\"@type\":\"ListItem\",\"position\":3,\"name\":\"MURCIA: El techo de la Regi\u00f3n &#8211; 09 de junio\"}]},{\"@type\":\"WebSite\",\"@id\":\"https:\\\/\\\/turismobotanico.es\\\/#website\",\"url\":\"https:\\\/\\\/turismobotanico.es\\\/\",\"name\":\"Turismo Bot\u00e1nico\",\"description\":\"Turismo de naturaleza\",\"potentialAction\":[{\"@type\":\"SearchAction\",\"target\":{\"@type\":\"EntryPoint\",\"urlTemplate\":\"https:\\\/\\\/turismobotanico.es\\\/?s={search_term_string}\"},\"query-input\":{\"@type\":\"PropertyValueSpecification\",\"valueRequired\":true,\"valueName\":\"search_term_string\"}}],\"inLanguage\":\"en-US\"}]}<\/script>\n<!-- \/ Yoast SEO plugin. -->","yoast_head_json":{"title":"MURCIA: El techo de la Regi\u00f3n - 09 de junio - Turismo Bot\u00e1nico","description":"En el d\u00eda de la Regi\u00f3n, subimos al pico m\u00e1s alto, Revolcadores. Os contaremos todos los secretos de la naturaleza de este lugar. Te apuntas?","robots":{"index":"index","follow":"follow","max-snippet":"max-snippet:-1","max-image-preview":"max-image-preview:large","max-video-preview":"max-video-preview:-1"},"canonical":"https:\/\/turismobotanico.es\/en\/murcia-el-techo-de-la-region-09-de-junio\/","og_locale":"en_US","og_type":"article","og_title":"MURCIA: El techo de la Regi\u00f3n - 09 de junio - Turismo Bot\u00e1nico","og_description":"En el d\u00eda de la Regi\u00f3n, subimos al pico m\u00e1s alto, Revolcadores. Os contaremos todos los secretos de la naturaleza de este lugar. Te apuntas?","og_url":"https:\/\/turismobotanico.es\/en\/murcia-el-techo-de-la-region-09-de-junio\/","og_site_name":"Turismo Bot\u00e1nico","article_modified_time":"2026-05-12T08:15:10+00:00","og_image":[{"width":2480,"height":2292,"url":"https:\/\/turismobotanico.es\/wp-content\/uploads\/2026\/05\/Revolcadores_09062026.jpg","type":"image\/jpeg"}],"twitter_card":"summary_large_image","twitter_misc":{"Est. reading time":"1 minute"},"schema":{"@context":"https:\/\/schema.org","@graph":[{"@type":"WebPage","@id":"https:\/\/turismobotanico.es\/murcia-el-techo-de-la-region-09-de-junio\/","url":"https:\/\/turismobotanico.es\/murcia-el-techo-de-la-region-09-de-junio\/","name":"MURCIA: El techo de la Regi\u00f3n - 09 de junio - Turismo Bot\u00e1nico","isPartOf":{"@id":"https:\/\/turismobotanico.es\/#website"},"primaryImageOfPage":{"@id":"https:\/\/turismobotanico.es\/murcia-el-techo-de-la-region-09-de-junio\/#primaryimage"},"image":{"@id":"https:\/\/turismobotanico.es\/murcia-el-techo-de-la-region-09-de-junio\/#primaryimage"},"thumbnailUrl":"https:\/\/turismobotanico.es\/wp-content\/uploads\/2026\/05\/Revolcadores_09062026.jpg","datePublished":"2026-05-12T08:15:06+00:00","dateModified":"2026-05-12T08:15:10+00:00","description":"En el d\u00eda de la Regi\u00f3n, subimos al pico m\u00e1s alto, Revolcadores. Os contaremos todos los secretos de la naturaleza de este lugar. Te apuntas?","breadcrumb":{"@id":"https:\/\/turismobotanico.es\/murcia-el-techo-de-la-region-09-de-junio\/#breadcrumb"},"inLanguage":"en-US","potentialAction":[{"@type":"ReadAction","target":["https:\/\/turismobotanico.es\/murcia-el-techo-de-la-region-09-de-junio\/"]}]},{"@type":"ImageObject","inLanguage":"en-US","@id":"https:\/\/turismobotanico.es\/murcia-el-techo-de-la-region-09-de-junio\/#primaryimage","url":"https:\/\/turismobotanico.es\/wp-content\/uploads\/2026\/05\/Revolcadores_09062026.jpg","contentUrl":"https:\/\/turismobotanico.es\/wp-content\/uploads\/2026\/05\/Revolcadores_09062026.jpg","width":2480,"height":2292},{"@type":"BreadcrumbList","@id":"https:\/\/turismobotanico.es\/murcia-el-techo-de-la-region-09-de-junio\/#breadcrumb","itemListElement":[{"@type":"ListItem","position":1,"name":"Portada","item":"https:\/\/turismobotanico.es\/"},{"@type":"ListItem","position":2,"name":"Tienda","item":"https:\/\/turismobotanico.es\/tienda\/"},{"@type":"ListItem","position":3,"name":"MURCIA: El techo de la Regi\u00f3n &#8211; 09 de junio"}]},{"@type":"WebSite","@id":"https:\/\/turismobotanico.es\/#website","url":"https:\/\/turismobotanico.es\/","name":"Turismo Bot\u00e1nico","description":"Turismo de naturaleza","potentialAction":[{"@type":"SearchAction","target":{"@type":"EntryPoint","urlTemplate":"https:\/\/turismobotanico.es\/?s={search_term_string}"},"query-input":{"@type":"PropertyValueSpecification","valueRequired":true,"valueName":"search_term_string"}}],"inLanguage":"en-US"}]}},"_links":{"self":[{"href":"https:\/\/turismobotanico.es\/en\/wp-json\/wp\/v2\/product\/20737","targetHints":{"allow":["GET"]}}],"collection":[{"href":"https:\/\/turismobotanico.es\/en\/wp-json\/wp\/v2\/product"}],"about":[{"href":"https:\/\/turismobotanico.es\/en\/wp-json\/wp\/v2\/types\/product"}],"replies":[{"embeddable":true,"href":"https:\/\/turismobotanico.es\/en\/wp-json\/wp\/v2\/comments?post=20737"}],"version-history":[{"count":2,"href":"https:\/\/turismobotanico.es\/en\/wp-json\/wp\/v2\/product\/20737\/revisions"}],"predecessor-version":[{"id":20740,"href":"https:\/\/turismobotanico.es\/en\/wp-json\/wp\/v2\/product\/20737\/revisions\/20740"}],"wp:featuredmedia":[{"embeddable":true,"href":"https:\/\/turismobotanico.es\/en\/wp-json\/wp\/v2\/media\/20738"}],"wp:attachment":[{"href":"https:\/\/turismobotanico.es\/en\/wp-json\/wp\/v2\/media?parent=20737"}],"wp:term":[{"taxonomy":"product_brand","embeddable":true,"href":"https:\/\/turismobotanico.es\/en\/wp-json\/wp\/v2\/product_brand?post=20737"},{"taxonomy":"product_cat","embeddable":true,"href":"https:\/\/turismobotanico.es\/en\/wp-json\/wp\/v2\/product_cat?post=20737"},{"taxonomy":"product_tag","embeddable":true,"href":"https:\/\/turismobotanico.es\/en\/wp-json\/wp\/v2\/product_tag?post=20737"}],"curies":[{"name":"wp","href":"https:\/\/api.w.org\/{rel}","templated":true}]}}