{"id":20750,"date":"2026-05-14T09:47:59","date_gmt":"2026-05-14T09:47:59","guid":{"rendered":"https:\/\/turismobotanico.es\/?post_type=product&#038;p=20750"},"modified":"2026-05-14T11:38:38","modified_gmt":"2026-05-14T11:38:38","slug":"albacete-perdidos-y-encontrados-taller-de-orientacion-en-familia-24-de-mayo","status":"publish","type":"product","link":"https:\/\/turismobotanico.es\/en\/albacete-perdidos-y-encontrados-taller-de-orientacion-en-familia-24-de-mayo\/","title":{"rendered":"ALBACETE: Perdidos y encontrados- Taller de orientaci\u00f3n en familia | 24 de mayo"},"content":{"rendered":"<p><strong>Un recorrido por la Hoz del J\u00facar para aprender a usar br\u00fajula, mapas y algunos trucos de la naturaleza<\/strong><\/p>\n<p><strong><span style=\"color: #800000;\">24 de mayo de 2026<\/span><\/strong><\/p>\n<p><span style=\"color: #993300;\">Paseo interpretativo |3,0 km<\/span><\/p>\n<p><span style=\"color: #993300;\">Imprescindible reserva<\/span><\/p>\n<p><span style=\"color: #993300;\">Inicio a las 10.00 h<\/span><\/p>\n<p><span style=\"color: #993300;\">Motilleja<\/span><\/p>\n<p>Duraci\u00f3n: 3,5 h<\/p>\n<p>El precio incluye seguros, gu\u00eda\/s de naturaleza y materiales.<\/p>\n<p>Desplazamiento hasta el punto de encuentro por cuenta propia.<\/p>\n<p><a href=\"https:\/\/turismobotanico.es\/en\/albacete-perdidos-y-encontrados-taller-de-orientacion-en-familia-24-de-mayo-familia-de-3\/\">Para familias de 3: AQU\u00cd<\/a><\/p>\n<p><a href=\"https:\/\/turismobotanico.es\/en\/albacete-perdidos-y-encontrados-taller-de-orientacion-en-familia-24-de-mayo-familia-de-4\/\">Para familias de 4: AQU\u00cd<\/a><\/p>\n<p>NECESARIA RESERVA, PLAZAS LIMITADAS.<\/p>\n<p>Puedes reservar por Whatsapp en el 627190409 o en el correo albacete@turismobotanico.es<\/p>\n<p><a href=\"https:\/\/turismobotanico.es\/en\/politica-de-cancelaciones\/\" target=\"_blank\" rel=\"noopener\">PUEDES CONSULTAR AQU\u00cd NUESTRA POL\u00cdTICA COMPLETA DE CANCELACIONES<\/a><\/p>","protected":false},"excerpt":{"rendered":"<p>Un recorrido por la Hoz del J\u00facar para aprender a usar br\u00fajula, mapas y algunos trucos de la naturaleza 24 de mayo de 2026 Paseo interpretativo |3,0 km Imprescindible reserva [&hellip;]<\/p>\n","protected":false},"featured_media":20751,"comment_status":"closed","ping_status":"closed","template":"","meta":[],"product_brand":[],"product_cat":[54,61,60,131],"product_tag":[],"class_list":{"0":"post-20750","1":"product","2":"type-product","3":"status-publish","4":"has-post-thumbnail","6":"product_cat-albacete","7":"product_cat-escapadas-y-viajes-de-naturaleza-en-espana","8":"product_cat-excursiones-y-actividades-de-un-dia","9":"product_cat-senderismo","11":"first","12":"instock","13":"virtual","14":"purchasable","15":"product-type-simple"},"yoast_head":"<!-- This site is optimized with the Yoast SEO plugin v27.6 - https:\/\/yoast.com\/product\/yoast-seo-wordpress\/ -->\n<title>ALBACETE: Perdidos y encontrados- Taller de orientaci\u00f3n en familia | 24 de mayo - Turismo Bot\u00e1nico<\/title>\n<meta name=\"robots\" content=\"index, follow, max-snippet:-1, max-image-preview:large, max-video-preview:-1\" \/>\n<link rel=\"canonical\" href=\"https:\/\/turismobotanico.es\/en\/albacete-perdidos-y-encontrados-taller-de-orientacion-en-familia-24-de-mayo\/\" \/>\n<meta property=\"og:locale\" content=\"en_US\" \/>\n<meta property=\"og:type\" content=\"article\" \/>\n<meta property=\"og:title\" content=\"ALBACETE: Perdidos y encontrados- Taller de orientaci\u00f3n en familia | 24 de mayo - Turismo Bot\u00e1nico\" \/>\n<meta property=\"og:description\" content=\"Un recorrido por la Hoz del J\u00facar para aprender a usar br\u00fajula, mapas y algunos trucos de la naturaleza 24 de mayo de 2026 Paseo interpretativo |3,0 km Imprescindible reserva [&hellip;]\" \/>\n<meta property=\"og:url\" content=\"https:\/\/turismobotanico.es\/en\/albacete-perdidos-y-encontrados-taller-de-orientacion-en-familia-24-de-mayo\/\" \/>\n<meta property=\"og:site_name\" content=\"Turismo Bot\u00e1nico\" \/>\n<meta property=\"article:modified_time\" content=\"2026-05-14T11:38:38+00:00\" \/>\n<meta property=\"og:image\" content=\"https:\/\/turismobotanico.es\/wp-content\/uploads\/2026\/05\/PERDIDOS-Y-ENCONTRADOS-.jpeg\" \/>\n\t<meta property=\"og:image:width\" content=\"1600\" \/>\n\t<meta property=\"og:image:height\" content=\"1478\" \/>\n\t<meta property=\"og:image:type\" content=\"image\/jpeg\" \/>\n<meta name=\"twitter:card\" content=\"summary_large_image\" \/>\n<meta name=\"twitter:label1\" content=\"Est. reading time\" \/>\n\t<meta name=\"twitter:data1\" content=\"1 minute\" \/>\n<script type=\"application\/ld+json\" class=\"yoast-schema-graph\">{\"@context\":\"https:\\\/\\\/schema.org\",\"@graph\":[{\"@type\":\"WebPage\",\"@id\":\"https:\\\/\\\/turismobotanico.es\\\/albacete-perdidos-y-encontrados-taller-de-orientacion-en-familia-24-de-mayo\\\/\",\"url\":\"https:\\\/\\\/turismobotanico.es\\\/albacete-perdidos-y-encontrados-taller-de-orientacion-en-familia-24-de-mayo\\\/\",\"name\":\"ALBACETE: Perdidos y encontrados- Taller de orientaci\u00f3n en familia | 24 de mayo - Turismo Bot\u00e1nico\",\"isPartOf\":{\"@id\":\"https:\\\/\\\/turismobotanico.es\\\/#website\"},\"primaryImageOfPage\":{\"@id\":\"https:\\\/\\\/turismobotanico.es\\\/albacete-perdidos-y-encontrados-taller-de-orientacion-en-familia-24-de-mayo\\\/#primaryimage\"},\"image\":{\"@id\":\"https:\\\/\\\/turismobotanico.es\\\/albacete-perdidos-y-encontrados-taller-de-orientacion-en-familia-24-de-mayo\\\/#primaryimage\"},\"thumbnailUrl\":\"https:\\\/\\\/turismobotanico.es\\\/wp-content\\\/uploads\\\/2026\\\/05\\\/PERDIDOS-Y-ENCONTRADOS-.jpeg\",\"datePublished\":\"2026-05-14T09:47:59+00:00\",\"dateModified\":\"2026-05-14T11:38:38+00:00\",\"breadcrumb\":{\"@id\":\"https:\\\/\\\/turismobotanico.es\\\/albacete-perdidos-y-encontrados-taller-de-orientacion-en-familia-24-de-mayo\\\/#breadcrumb\"},\"inLanguage\":\"en-US\",\"potentialAction\":[{\"@type\":\"ReadAction\",\"target\":[\"https:\\\/\\\/turismobotanico.es\\\/albacete-perdidos-y-encontrados-taller-de-orientacion-en-familia-24-de-mayo\\\/\"]}]},{\"@type\":\"ImageObject\",\"inLanguage\":\"en-US\",\"@id\":\"https:\\\/\\\/turismobotanico.es\\\/albacete-perdidos-y-encontrados-taller-de-orientacion-en-familia-24-de-mayo\\\/#primaryimage\",\"url\":\"https:\\\/\\\/turismobotanico.es\\\/wp-content\\\/uploads\\\/2026\\\/05\\\/PERDIDOS-Y-ENCONTRADOS-.jpeg\",\"contentUrl\":\"https:\\\/\\\/turismobotanico.es\\\/wp-content\\\/uploads\\\/2026\\\/05\\\/PERDIDOS-Y-ENCONTRADOS-.jpeg\",\"width\":1600,\"height\":1478},{\"@type\":\"BreadcrumbList\",\"@id\":\"https:\\\/\\\/turismobotanico.es\\\/albacete-perdidos-y-encontrados-taller-de-orientacion-en-familia-24-de-mayo\\\/#breadcrumb\",\"itemListElement\":[{\"@type\":\"ListItem\",\"position\":1,\"name\":\"Portada\",\"item\":\"https:\\\/\\\/turismobotanico.es\\\/\"},{\"@type\":\"ListItem\",\"position\":2,\"name\":\"Tienda\",\"item\":\"https:\\\/\\\/turismobotanico.es\\\/tienda\\\/\"},{\"@type\":\"ListItem\",\"position\":3,\"name\":\"ALBACETE: Perdidos y encontrados- Taller de orientaci\u00f3n en familia | 24 de mayo\"}]},{\"@type\":\"WebSite\",\"@id\":\"https:\\\/\\\/turismobotanico.es\\\/#website\",\"url\":\"https:\\\/\\\/turismobotanico.es\\\/\",\"name\":\"Turismo Bot\u00e1nico\",\"description\":\"Turismo de naturaleza\",\"potentialAction\":[{\"@type\":\"SearchAction\",\"target\":{\"@type\":\"EntryPoint\",\"urlTemplate\":\"https:\\\/\\\/turismobotanico.es\\\/?s={search_term_string}\"},\"query-input\":{\"@type\":\"PropertyValueSpecification\",\"valueRequired\":true,\"valueName\":\"search_term_string\"}}],\"inLanguage\":\"en-US\"}]}<\/script>\n<!-- \/ Yoast SEO plugin. -->","yoast_head_json":{"title":"ALBACETE: Perdidos y encontrados- Taller de orientaci\u00f3n en familia | 24 de mayo - Turismo Bot\u00e1nico","robots":{"index":"index","follow":"follow","max-snippet":"max-snippet:-1","max-image-preview":"max-image-preview:large","max-video-preview":"max-video-preview:-1"},"canonical":"https:\/\/turismobotanico.es\/en\/albacete-perdidos-y-encontrados-taller-de-orientacion-en-familia-24-de-mayo\/","og_locale":"en_US","og_type":"article","og_title":"ALBACETE: Perdidos y encontrados- Taller de orientaci\u00f3n en familia | 24 de mayo - Turismo Bot\u00e1nico","og_description":"Un recorrido por la Hoz del J\u00facar para aprender a usar br\u00fajula, mapas y algunos trucos de la naturaleza 24 de mayo de 2026 Paseo interpretativo |3,0 km Imprescindible reserva [&hellip;]","og_url":"https:\/\/turismobotanico.es\/en\/albacete-perdidos-y-encontrados-taller-de-orientacion-en-familia-24-de-mayo\/","og_site_name":"Turismo Bot\u00e1nico","article_modified_time":"2026-05-14T11:38:38+00:00","og_image":[{"width":1600,"height":1478,"url":"https:\/\/turismobotanico.es\/wp-content\/uploads\/2026\/05\/PERDIDOS-Y-ENCONTRADOS-.jpeg","type":"image\/jpeg"}],"twitter_card":"summary_large_image","twitter_misc":{"Est. reading time":"1 minute"},"schema":{"@context":"https:\/\/schema.org","@graph":[{"@type":"WebPage","@id":"https:\/\/turismobotanico.es\/albacete-perdidos-y-encontrados-taller-de-orientacion-en-familia-24-de-mayo\/","url":"https:\/\/turismobotanico.es\/albacete-perdidos-y-encontrados-taller-de-orientacion-en-familia-24-de-mayo\/","name":"ALBACETE: Perdidos y encontrados- Taller de orientaci\u00f3n en familia | 24 de mayo - Turismo Bot\u00e1nico","isPartOf":{"@id":"https:\/\/turismobotanico.es\/#website"},"primaryImageOfPage":{"@id":"https:\/\/turismobotanico.es\/albacete-perdidos-y-encontrados-taller-de-orientacion-en-familia-24-de-mayo\/#primaryimage"},"image":{"@id":"https:\/\/turismobotanico.es\/albacete-perdidos-y-encontrados-taller-de-orientacion-en-familia-24-de-mayo\/#primaryimage"},"thumbnailUrl":"https:\/\/turismobotanico.es\/wp-content\/uploads\/2026\/05\/PERDIDOS-Y-ENCONTRADOS-.jpeg","datePublished":"2026-05-14T09:47:59+00:00","dateModified":"2026-05-14T11:38:38+00:00","breadcrumb":{"@id":"https:\/\/turismobotanico.es\/albacete-perdidos-y-encontrados-taller-de-orientacion-en-familia-24-de-mayo\/#breadcrumb"},"inLanguage":"en-US","potentialAction":[{"@type":"ReadAction","target":["https:\/\/turismobotanico.es\/albacete-perdidos-y-encontrados-taller-de-orientacion-en-familia-24-de-mayo\/"]}]},{"@type":"ImageObject","inLanguage":"en-US","@id":"https:\/\/turismobotanico.es\/albacete-perdidos-y-encontrados-taller-de-orientacion-en-familia-24-de-mayo\/#primaryimage","url":"https:\/\/turismobotanico.es\/wp-content\/uploads\/2026\/05\/PERDIDOS-Y-ENCONTRADOS-.jpeg","contentUrl":"https:\/\/turismobotanico.es\/wp-content\/uploads\/2026\/05\/PERDIDOS-Y-ENCONTRADOS-.jpeg","width":1600,"height":1478},{"@type":"BreadcrumbList","@id":"https:\/\/turismobotanico.es\/albacete-perdidos-y-encontrados-taller-de-orientacion-en-familia-24-de-mayo\/#breadcrumb","itemListElement":[{"@type":"ListItem","position":1,"name":"Portada","item":"https:\/\/turismobotanico.es\/"},{"@type":"ListItem","position":2,"name":"Tienda","item":"https:\/\/turismobotanico.es\/tienda\/"},{"@type":"ListItem","position":3,"name":"ALBACETE: Perdidos y encontrados- Taller de orientaci\u00f3n en familia | 24 de mayo"}]},{"@type":"WebSite","@id":"https:\/\/turismobotanico.es\/#website","url":"https:\/\/turismobotanico.es\/","name":"Turismo Bot\u00e1nico","description":"Turismo de naturaleza","potentialAction":[{"@type":"SearchAction","target":{"@type":"EntryPoint","urlTemplate":"https:\/\/turismobotanico.es\/?s={search_term_string}"},"query-input":{"@type":"PropertyValueSpecification","valueRequired":true,"valueName":"search_term_string"}}],"inLanguage":"en-US"}]}},"_links":{"self":[{"href":"https:\/\/turismobotanico.es\/en\/wp-json\/wp\/v2\/product\/20750","targetHints":{"allow":["GET"]}}],"collection":[{"href":"https:\/\/turismobotanico.es\/en\/wp-json\/wp\/v2\/product"}],"about":[{"href":"https:\/\/turismobotanico.es\/en\/wp-json\/wp\/v2\/types\/product"}],"replies":[{"embeddable":true,"href":"https:\/\/turismobotanico.es\/en\/wp-json\/wp\/v2\/comments?post=20750"}],"version-history":[{"count":4,"href":"https:\/\/turismobotanico.es\/en\/wp-json\/wp\/v2\/product\/20750\/revisions"}],"predecessor-version":[{"id":20765,"href":"https:\/\/turismobotanico.es\/en\/wp-json\/wp\/v2\/product\/20750\/revisions\/20765"}],"wp:featuredmedia":[{"embeddable":true,"href":"https:\/\/turismobotanico.es\/en\/wp-json\/wp\/v2\/media\/20751"}],"wp:attachment":[{"href":"https:\/\/turismobotanico.es\/en\/wp-json\/wp\/v2\/media?parent=20750"}],"wp:term":[{"taxonomy":"product_brand","embeddable":true,"href":"https:\/\/turismobotanico.es\/en\/wp-json\/wp\/v2\/product_brand?post=20750"},{"taxonomy":"product_cat","embeddable":true,"href":"https:\/\/turismobotanico.es\/en\/wp-json\/wp\/v2\/product_cat?post=20750"},{"taxonomy":"product_tag","embeddable":true,"href":"https:\/\/turismobotanico.es\/en\/wp-json\/wp\/v2\/product_tag?post=20750"}],"curies":[{"name":"wp","href":"https:\/\/api.w.org\/{rel}","templated":true}]}}